{"id":30830,"date":"2025-09-17T21:00:34","date_gmt":"2025-09-17T19:00:34","guid":{"rendered":"https:\/\/erboristeria-artemisia.ch\/product\/sencha-sakura-100g\/"},"modified":"2025-09-25T16:25:52","modified_gmt":"2025-09-25T14:25:52","slug":"sencha-sakura-100g","status":"publish","type":"product","link":"https:\/\/erboristeria-artemisia.ch\/de\/produkt\/sencha-sakura-100g\/","title":{"rendered":"Sencha Sakura 100g"},"content":{"rendered":"<h2 data-start=\"76\" data-end=\"110\">\ud83c\udf38\ud83c\udf43 <strong data-start=\"84\" data-end=\"108\">Sencha Sakura &#8211; 100g<\/strong><\/h2>\n<p data-start=\"111\" data-end=\"194\"><strong data-start=\"111\" data-end=\"194\">Die Frische des japanischen gr\u00fcnen Tees trifft auf die Poesie der Kirschbl\u00fcten.<\/strong><\/p>\n<p data-start=\"196\" data-end=\"474\">Ein hochwertiger Sencha-Gr\u00fcntee, angereichert mit dem zarten Duft von <strong data-start=\"272\" data-end=\"303\">Kirschbl\u00fcten (Sakura)<\/strong>, dem Symbol f\u00fcr verg\u00e4ngliche Sch\u00f6nheit und Wiedergeburt in Japan. Diese Mischung erinnert an Fr\u00fchlingsd\u00fcfte und bietet ein raffiniertes, leichtes und blumiges sensorisches Erlebnis. <\/p>\n<hr data-start=\"476\" data-end=\"479\">\n<h3 data-start=\"481\" data-end=\"515\">\ud83c\udf75 <strong data-start=\"488\" data-end=\"512\">Verkostungsnotizen<\/strong>:<\/h3>\n<ul data-start=\"516\" data-end=\"760\">\n<li data-start=\"516\" data-end=\"579\">\n<p data-start=\"518\" data-end=\"579\"><strong data-start=\"518\" data-end=\"529\">Aussehen<\/strong>: hellgr\u00fcner Lik\u00f6r mit blassrosa Reflexen<\/p>\n<\/li>\n<li data-start=\"580\" data-end=\"644\">\n<p data-start=\"582\" data-end=\"644\"><strong data-start=\"582\" data-end=\"591\">Aroma<\/strong>: Zart, blumig, mit frischen Noten von Sakura<\/p>\n<\/li>\n<li data-start=\"645\" data-end=\"721\">\n<p data-start=\"647\" data-end=\"721\"><strong data-start=\"647\" data-end=\"656\">Geschmack<\/strong>: Weich, leicht s\u00fc\u00df, mit einer anhaltenden blumigen Note<\/p>\n<\/li>\n<li data-start=\"722\" data-end=\"760\">\n<p data-start=\"724\" data-end=\"760\"><strong data-start=\"724\" data-end=\"738\">Nachgeschmack<\/strong>: Sauber und harmonisch<\/p>\n<\/li>\n<\/ul>\n<hr data-start=\"762\" data-end=\"765\">\n<h3 data-start=\"767\" data-end=\"792\">\ud83c\udf31 <strong data-start=\"774\" data-end=\"789\">Zutaten<\/strong>:<\/h3>\n<ul data-start=\"793\" data-end=\"906\">\n<li data-start=\"793\" data-end=\"830\">\n<p data-start=\"795\" data-end=\"830\">Gr\u00fcner Tee Sencha (Japan oder China)<\/p>\n<\/li>\n<li data-start=\"831\" data-end=\"863\">\n<p data-start=\"833\" data-end=\"863\">Getrocknete Bl\u00fctenbl\u00e4tter von Kirschen<\/p>\n<\/li>\n<li data-start=\"864\" data-end=\"906\">\n<p data-start=\"866\" data-end=\"906\"><em data-start=\"866\" data-end=\"906\">100% nat\u00fcrlich, keine k\u00fcnstlichen Aromen<\/em><\/p>\n<\/li>\n<\/ul>\n<hr data-start=\"908\" data-end=\"911\">\n<h3 data-start=\"913\" data-end=\"951\">\ud83e\uded6 <strong data-start=\"920\" data-end=\"948\">Empfohlene Zubereitung<\/strong>:<\/h3>\n<ul data-start=\"952\" data-end=\"1052\">\n<li data-start=\"952\" data-end=\"982\">\n<p data-start=\"954\" data-end=\"982\"><strong data-start=\"954\" data-end=\"966\">Menge<\/strong>: 2g pro Tasse<\/p>\n<\/li>\n<li data-start=\"983\" data-end=\"1022\">\n<p data-start=\"985\" data-end=\"1022\"><strong data-start=\"985\" data-end=\"1011\">Wassertemperatur<\/strong>: 75-80\u00b0C<\/p>\n<\/li>\n<li data-start=\"1023\" data-end=\"1052\">\n<p data-start=\"1025\" data-end=\"1052\"><strong data-start=\"1025\" data-end=\"1038\">Infusion<\/strong>: 2-3 Minuten<\/p>\n<\/li>\n<\/ul>\n","protected":false},"excerpt":{"rendered":"<p>\ud83c\udf38\ud83c\udf43 Sencha Sakura &#8211; 100g Die Frische des japanischen gr\u00fcnen Tees trifft auf die Poesie der Kirschbl\u00fcten. Ein hochwertiger Sencha-Gr\u00fcntee, angereichert mit dem zarten Duft von Kirschbl\u00fcten (Sakura), dem Symbol f\u00fcr verg\u00e4ngliche Sch\u00f6nheit und Wiedergeburt in Japan. Diese Mischung erinnert an Fr\u00fchlingsd\u00fcfte und bietet ein raffiniertes, leichtes und blumiges sensorisches Erlebnis. \ud83c\udf75 Verkostungsnotizen: Aussehen: hellgr\u00fcner [&hellip;]<\/p>\n","protected":false},"featured_media":30492,"template":"","meta":{"_et_pb_use_builder":"","_et_pb_old_content":"","_et_gb_content_width":""},"product_brand":[],"product_cat":[90],"product_tag":[],"class_list":{"0":"post-30830","1":"product","2":"type-product","3":"status-publish","4":"has-post-thumbnail","6":"product_cat-japanischer-tee","8":"first","9":"instock","10":"shipping-taxable","11":"purchasable","12":"product-type-simple"},"yoast_head":"<!-- This site is optimized with the Yoast SEO plugin v27.4 - https:\/\/yoast.com\/product\/yoast-seo-wordpress\/ -->\n<title>Sencha Sakura 100g - Erboristeria Artemisia<\/title>\n<meta name=\"robots\" content=\"index, follow, max-snippet:-1, max-image-preview:large, max-video-preview:-1\" \/>\n<link rel=\"canonical\" href=\"https:\/\/erboristeria-artemisia.ch\/de\/produkt\/sencha-sakura-100g\/\" \/>\n<meta property=\"og:locale\" content=\"de_DE\" \/>\n<meta property=\"og:type\" content=\"article\" \/>\n<meta property=\"og:title\" content=\"Sencha Sakura 100g - Erboristeria Artemisia\" \/>\n<meta property=\"og:description\" content=\"\ud83c\udf38\ud83c\udf43 Sencha Sakura &#8211; 100g Die Frische des japanischen gr\u00fcnen Tees trifft auf die Poesie der Kirschbl\u00fcten. Ein hochwertiger Sencha-Gr\u00fcntee, angereichert mit dem zarten Duft von Kirschbl\u00fcten (Sakura), dem Symbol f\u00fcr verg\u00e4ngliche Sch\u00f6nheit und Wiedergeburt in Japan. Diese Mischung erinnert an Fr\u00fchlingsd\u00fcfte und bietet ein raffiniertes, leichtes und blumiges sensorisches Erlebnis. \ud83c\udf75 Verkostungsnotizen: Aussehen: hellgr\u00fcner [&hellip;]\" \/>\n<meta property=\"og:url\" content=\"https:\/\/erboristeria-artemisia.ch\/de\/produkt\/sencha-sakura-100g\/\" \/>\n<meta property=\"og:site_name\" content=\"Erboristeria Artemisia\" \/>\n<meta property=\"article:modified_time\" content=\"2025-09-25T14:25:52+00:00\" \/>\n<meta property=\"og:image\" content=\"https:\/\/erboristeria-artemisia.ch\/wp-content\/uploads\/2025\/09\/Sencha-Sakura.jpg\" \/>\n\t<meta property=\"og:image:width\" content=\"2000\" \/>\n\t<meta property=\"og:image:height\" content=\"2000\" \/>\n\t<meta property=\"og:image:type\" content=\"image\/jpeg\" \/>\n<meta name=\"twitter:card\" content=\"summary_large_image\" \/>\n<meta name=\"twitter:label1\" content=\"Gesch\u00e4tzte Lesezeit\" \/>\n\t<meta name=\"twitter:data1\" content=\"1\u00a0Minute\" \/>\n<script type=\"application\/ld+json\" class=\"yoast-schema-graph\">{\"@context\":\"https:\\\/\\\/schema.org\",\"@graph\":[{\"@type\":\"WebPage\",\"@id\":\"https:\\\/\\\/erboristeria-artemisia.ch\\\/de\\\/produkt\\\/sencha-sakura-100g\\\/\",\"url\":\"https:\\\/\\\/erboristeria-artemisia.ch\\\/de\\\/produkt\\\/sencha-sakura-100g\\\/\",\"name\":\"Sencha Sakura 100g - Erboristeria Artemisia\",\"isPartOf\":{\"@id\":\"https:\\\/\\\/erboristeria-artemisia.ch\\\/de\\\/#website\"},\"primaryImageOfPage\":{\"@id\":\"https:\\\/\\\/erboristeria-artemisia.ch\\\/de\\\/produkt\\\/sencha-sakura-100g\\\/#primaryimage\"},\"image\":{\"@id\":\"https:\\\/\\\/erboristeria-artemisia.ch\\\/de\\\/produkt\\\/sencha-sakura-100g\\\/#primaryimage\"},\"thumbnailUrl\":\"https:\\\/\\\/erboristeria-artemisia.ch\\\/wp-content\\\/uploads\\\/2025\\\/09\\\/Sencha-Sakura.jpg\",\"datePublished\":\"2025-09-17T19:00:34+00:00\",\"dateModified\":\"2025-09-25T14:25:52+00:00\",\"breadcrumb\":{\"@id\":\"https:\\\/\\\/erboristeria-artemisia.ch\\\/de\\\/produkt\\\/sencha-sakura-100g\\\/#breadcrumb\"},\"inLanguage\":\"de\",\"potentialAction\":[{\"@type\":\"ReadAction\",\"target\":[\"https:\\\/\\\/erboristeria-artemisia.ch\\\/de\\\/produkt\\\/sencha-sakura-100g\\\/\"]}]},{\"@type\":\"ImageObject\",\"inLanguage\":\"de\",\"@id\":\"https:\\\/\\\/erboristeria-artemisia.ch\\\/de\\\/produkt\\\/sencha-sakura-100g\\\/#primaryimage\",\"url\":\"https:\\\/\\\/erboristeria-artemisia.ch\\\/wp-content\\\/uploads\\\/2025\\\/09\\\/Sencha-Sakura.jpg\",\"contentUrl\":\"https:\\\/\\\/erboristeria-artemisia.ch\\\/wp-content\\\/uploads\\\/2025\\\/09\\\/Sencha-Sakura.jpg\",\"width\":2000,\"height\":2000},{\"@type\":\"BreadcrumbList\",\"@id\":\"https:\\\/\\\/erboristeria-artemisia.ch\\\/de\\\/produkt\\\/sencha-sakura-100g\\\/#breadcrumb\",\"itemListElement\":[{\"@type\":\"ListItem\",\"position\":1,\"name\":\"Home\",\"item\":\"https:\\\/\\\/erboristeria-artemisia.ch\\\/de\\\/startseite\\\/\"},{\"@type\":\"ListItem\",\"position\":2,\"name\":\"Shop4\",\"item\":\"https:\\\/\\\/erboristeria-artemisia.ch\\\/shop4\\\/\"},{\"@type\":\"ListItem\",\"position\":3,\"name\":\"Sencha Sakura 100g\"}]},{\"@type\":\"WebSite\",\"@id\":\"https:\\\/\\\/erboristeria-artemisia.ch\\\/de\\\/#website\",\"url\":\"https:\\\/\\\/erboristeria-artemisia.ch\\\/de\\\/\",\"name\":\"Erboristeria Artemisia\",\"description\":\"Ogni sorso \u00e8 un momento per te\",\"potentialAction\":[{\"@type\":\"SearchAction\",\"target\":{\"@type\":\"EntryPoint\",\"urlTemplate\":\"https:\\\/\\\/erboristeria-artemisia.ch\\\/de\\\/?s={search_term_string}\"},\"query-input\":{\"@type\":\"PropertyValueSpecification\",\"valueRequired\":true,\"valueName\":\"search_term_string\"}}],\"inLanguage\":\"de\"}]}<\/script>\n<!-- \/ Yoast SEO plugin. -->","yoast_head_json":{"title":"Sencha Sakura 100g - Erboristeria Artemisia","robots":{"index":"index","follow":"follow","max-snippet":"max-snippet:-1","max-image-preview":"max-image-preview:large","max-video-preview":"max-video-preview:-1"},"canonical":"https:\/\/erboristeria-artemisia.ch\/de\/produkt\/sencha-sakura-100g\/","og_locale":"de_DE","og_type":"article","og_title":"Sencha Sakura 100g - Erboristeria Artemisia","og_description":"\ud83c\udf38\ud83c\udf43 Sencha Sakura &#8211; 100g Die Frische des japanischen gr\u00fcnen Tees trifft auf die Poesie der Kirschbl\u00fcten. Ein hochwertiger Sencha-Gr\u00fcntee, angereichert mit dem zarten Duft von Kirschbl\u00fcten (Sakura), dem Symbol f\u00fcr verg\u00e4ngliche Sch\u00f6nheit und Wiedergeburt in Japan. Diese Mischung erinnert an Fr\u00fchlingsd\u00fcfte und bietet ein raffiniertes, leichtes und blumiges sensorisches Erlebnis. \ud83c\udf75 Verkostungsnotizen: Aussehen: hellgr\u00fcner [&hellip;]","og_url":"https:\/\/erboristeria-artemisia.ch\/de\/produkt\/sencha-sakura-100g\/","og_site_name":"Erboristeria Artemisia","article_modified_time":"2025-09-25T14:25:52+00:00","og_image":[{"width":2000,"height":2000,"url":"https:\/\/erboristeria-artemisia.ch\/wp-content\/uploads\/2025\/09\/Sencha-Sakura.jpg","type":"image\/jpeg"}],"twitter_card":"summary_large_image","twitter_misc":{"Gesch\u00e4tzte Lesezeit":"1\u00a0Minute"},"schema":{"@context":"https:\/\/schema.org","@graph":[{"@type":"WebPage","@id":"https:\/\/erboristeria-artemisia.ch\/de\/produkt\/sencha-sakura-100g\/","url":"https:\/\/erboristeria-artemisia.ch\/de\/produkt\/sencha-sakura-100g\/","name":"Sencha Sakura 100g - Erboristeria Artemisia","isPartOf":{"@id":"https:\/\/erboristeria-artemisia.ch\/de\/#website"},"primaryImageOfPage":{"@id":"https:\/\/erboristeria-artemisia.ch\/de\/produkt\/sencha-sakura-100g\/#primaryimage"},"image":{"@id":"https:\/\/erboristeria-artemisia.ch\/de\/produkt\/sencha-sakura-100g\/#primaryimage"},"thumbnailUrl":"https:\/\/erboristeria-artemisia.ch\/wp-content\/uploads\/2025\/09\/Sencha-Sakura.jpg","datePublished":"2025-09-17T19:00:34+00:00","dateModified":"2025-09-25T14:25:52+00:00","breadcrumb":{"@id":"https:\/\/erboristeria-artemisia.ch\/de\/produkt\/sencha-sakura-100g\/#breadcrumb"},"inLanguage":"de","potentialAction":[{"@type":"ReadAction","target":["https:\/\/erboristeria-artemisia.ch\/de\/produkt\/sencha-sakura-100g\/"]}]},{"@type":"ImageObject","inLanguage":"de","@id":"https:\/\/erboristeria-artemisia.ch\/de\/produkt\/sencha-sakura-100g\/#primaryimage","url":"https:\/\/erboristeria-artemisia.ch\/wp-content\/uploads\/2025\/09\/Sencha-Sakura.jpg","contentUrl":"https:\/\/erboristeria-artemisia.ch\/wp-content\/uploads\/2025\/09\/Sencha-Sakura.jpg","width":2000,"height":2000},{"@type":"BreadcrumbList","@id":"https:\/\/erboristeria-artemisia.ch\/de\/produkt\/sencha-sakura-100g\/#breadcrumb","itemListElement":[{"@type":"ListItem","position":1,"name":"Home","item":"https:\/\/erboristeria-artemisia.ch\/de\/startseite\/"},{"@type":"ListItem","position":2,"name":"Shop4","item":"https:\/\/erboristeria-artemisia.ch\/shop4\/"},{"@type":"ListItem","position":3,"name":"Sencha Sakura 100g"}]},{"@type":"WebSite","@id":"https:\/\/erboristeria-artemisia.ch\/de\/#website","url":"https:\/\/erboristeria-artemisia.ch\/de\/","name":"Erboristeria Artemisia","description":"Ogni sorso \u00e8 un momento per te","potentialAction":[{"@type":"SearchAction","target":{"@type":"EntryPoint","urlTemplate":"https:\/\/erboristeria-artemisia.ch\/de\/?s={search_term_string}"},"query-input":{"@type":"PropertyValueSpecification","valueRequired":true,"valueName":"search_term_string"}}],"inLanguage":"de"}]}},"_links":{"self":[{"href":"https:\/\/erboristeria-artemisia.ch\/de\/wp-json\/wp\/v2\/product\/30830","targetHints":{"allow":["GET"]}}],"collection":[{"href":"https:\/\/erboristeria-artemisia.ch\/de\/wp-json\/wp\/v2\/product"}],"about":[{"href":"https:\/\/erboristeria-artemisia.ch\/de\/wp-json\/wp\/v2\/types\/product"}],"wp:featuredmedia":[{"embeddable":true,"href":"https:\/\/erboristeria-artemisia.ch\/de\/wp-json\/wp\/v2\/media\/30492"}],"wp:attachment":[{"href":"https:\/\/erboristeria-artemisia.ch\/de\/wp-json\/wp\/v2\/media?parent=30830"}],"wp:term":[{"taxonomy":"product_brand","embeddable":true,"href":"https:\/\/erboristeria-artemisia.ch\/de\/wp-json\/wp\/v2\/product_brand?post=30830"},{"taxonomy":"product_cat","embeddable":true,"href":"https:\/\/erboristeria-artemisia.ch\/de\/wp-json\/wp\/v2\/product_cat?post=30830"},{"taxonomy":"product_tag","embeddable":true,"href":"https:\/\/erboristeria-artemisia.ch\/de\/wp-json\/wp\/v2\/product_tag?post=30830"}],"curies":[{"name":"wp","href":"https:\/\/api.w.org\/{rel}","templated":true}]}}