{"id":30831,"date":"2025-09-17T20:41:34","date_gmt":"2025-09-17T18:41:34","guid":{"rendered":"https:\/\/erboristeria-artemisia.ch\/product\/pai-mu-tan-natuerlich-40g\/"},"modified":"2025-09-25T16:25:52","modified_gmt":"2025-09-25T14:25:52","slug":"pai-mu-tan-natuerlich-40g","status":"publish","type":"product","link":"https:\/\/erboristeria-artemisia.ch\/de\/produkt\/pai-mu-tan-natuerlich-40g\/","title":{"rendered":"Pai mu Tan Nat\u00fcrlich 40g"},"content":{"rendered":"<h2 data-start=\"90\" data-end=\"127\">\ud83c\udf3f <strong data-start=\"96\" data-end=\"125\">Pai Mu Tan Nat\u00fcrlich &#8211; 40g<\/strong><\/h2>\n<p data-start=\"128\" data-end=\"177\"><strong data-start=\"128\" data-end=\"177\">Authentischer wei\u00dfer Tee &#8211; Bezaubernde Einfachheit.<\/strong><\/p>\n<p data-start=\"179\" data-end=\"438\"><strong data-start=\"179\" data-end=\"193\">Pai Mu Tan<\/strong> (auch bekannt als Wei\u00dfe <strong data-start=\"217\" data-end=\"232\">Pfingstrose<\/strong>) ist einer der bekanntesten und beliebtesten Wei\u00dfen Tees. Er zeichnet sich durch seine <strong data-start=\"289\" data-end=\"304\">Nat\u00fcrlichkeit<\/strong>, seinen <strong data-start=\"313\" data-end=\"332\">harmonischen Geschmack<\/strong> und seine <strong data-start=\"338\" data-end=\"367\">leichte Erkennbarkeit<\/strong> aus, selbst f\u00fcr diejenigen, die sich zum ersten Mal der Welt des feinen Tees n\u00e4hern.<\/p>\n<p data-start=\"440\" data-end=\"679\">Hergestellt aus <strong data-start=\"455\" data-end=\"498\">jungen Knospen und frisch entfalteten Bl\u00e4ttern<\/strong>, die von Hand gepfl\u00fcckt und schonend in der Sonne getrocknet werden, entfaltet dieser Tee ein <strong data-start=\"582\" data-end=\"627\">blumiges, pflanzliches und leicht fruchtiges<\/strong> Bouquet, das die Reinheit der Pflanze ohne Filter vermittelt.<\/p>\n<hr data-start=\"681\" data-end=\"684\">\n<h3 data-start=\"686\" data-end=\"718\">\ud83c\udf75 <strong data-start=\"693\" data-end=\"717\">Verkostungsnotizen<\/strong>:<\/h3>\n<ul data-start=\"719\" data-end=\"975\">\n<li data-start=\"719\" data-end=\"768\">\n<p data-start=\"721\" data-end=\"768\"><strong data-start=\"721\" data-end=\"732\">Erscheinungsbild<\/strong>: Klarer, strohgelber Aufguss<\/p>\n<\/li>\n<li data-start=\"769\" data-end=\"826\">\n<p data-start=\"771\" data-end=\"826\"><strong data-start=\"771\" data-end=\"780\">Aroma<\/strong>: S\u00fc\u00df, blumig, mit leichten krautigen Akzenten<\/p>\n<\/li>\n<li data-start=\"827\" data-end=\"921\">\n<p data-start=\"829\" data-end=\"921\"><strong data-start=\"829\" data-end=\"838\">Geschmack<\/strong>: Weich, ausgewogen, mit Nuancen von wei\u00dfen Blumen und einer leichten nussigen Note<\/p>\n<\/li>\n<li data-start=\"922\" data-end=\"975\">\n<p data-start=\"924\" data-end=\"975\"><strong data-start=\"924\" data-end=\"938\">Nachgeschmack<\/strong>: Frisch, leicht honigartig, sauber<\/p>\n<\/li>\n<\/ul>\n<hr data-start=\"977\" data-end=\"980\">\n<h3 data-start=\"982\" data-end=\"1030\">\ud83c\udf31 <strong data-start=\"989\" data-end=\"1029\">Warum Pai Mu Tan Natural w\u00e4hlen<\/strong>:<\/h3>\n<ul data-start=\"1031\" data-end=\"1234\">\n<li data-start=\"1031\" data-end=\"1096\">\n<p data-start=\"1033\" data-end=\"1096\"><strong data-start=\"1036\" data-end=\"1056\">Unaromatisierter<\/strong>, 100% reiner, handgefertigter Tee<\/p>\n<\/li>\n<li data-start=\"1097\" data-end=\"1172\">\n<p data-start=\"1099\" data-end=\"1172\">Reich an <strong data-start=\"1108\" data-end=\"1125\">Antioxidantien<\/strong>, ideal f\u00fcr alle, die Wellness und Leichtigkeit suchen<\/p>\n<\/li>\n<li data-start=\"1173\" data-end=\"1234\">\n<p data-start=\"1175\" data-end=\"1234\">Perfekt hei\u00df oder kalt, auch f\u00fcr mehrere Aufg\u00fcsse<\/p>\n<\/li>\n<\/ul>\n<hr data-start=\"1236\" data-end=\"1239\">\n<h3 data-start=\"1241\" data-end=\"1277\">\ud83e\uded6 <strong data-start=\"1248\" data-end=\"1276\">Empfohlene Zubereitung<\/strong>:<\/h3>\n<ul data-start=\"1278\" data-end=\"1452\">\n<li data-start=\"1278\" data-end=\"1308\">\n<p data-start=\"1280\" data-end=\"1308\"><strong data-start=\"1280\" data-end=\"1292\">Menge<\/strong>: 2g pro Tasse<\/p>\n<\/li>\n<li data-start=\"1309\" data-end=\"1348\">\n<p data-start=\"1311\" data-end=\"1348\"><strong data-start=\"1311\" data-end=\"1337\">Wassertemperatur<\/strong>: 75-80\u00b0C<\/p>\n<\/li>\n<li data-start=\"1349\" data-end=\"1378\">\n<p data-start=\"1351\" data-end=\"1378\"><strong data-start=\"1351\" data-end=\"1364\">Infusion<\/strong>: 2-4 Minuten<\/p>\n<\/li>\n<li data-start=\"1379\" data-end=\"1452\">\n<p data-start=\"1381\" data-end=\"1452\"><strong data-start=\"1381\" data-end=\"1395\">Reinfusion<\/strong>: bis zu 3 Mal, wobei sich die Aromen langsam entwickeln<\/p>\n<\/li>\n<\/ul>\n","protected":false},"excerpt":{"rendered":"<p>\ud83c\udf3f Pai Mu Tan Nat\u00fcrlich &#8211; 40g Authentischer wei\u00dfer Tee &#8211; Bezaubernde Einfachheit. Pai Mu Tan (auch bekannt als Wei\u00dfe Pfingstrose) ist einer der bekanntesten und beliebtesten Wei\u00dfen Tees. Er zeichnet sich durch seine Nat\u00fcrlichkeit, seinen harmonischen Geschmack und seine leichte Erkennbarkeit aus, selbst f\u00fcr diejenigen, die sich zum ersten Mal der Welt des feinen [&hellip;]<\/p>\n","protected":false},"featured_media":30480,"template":"","meta":{"_et_pb_use_builder":"","_et_pb_old_content":"","_et_gb_content_width":""},"product_brand":[],"product_cat":[91],"product_tag":[],"class_list":{"0":"post-30831","1":"product","2":"type-product","3":"status-publish","4":"has-post-thumbnail","6":"product_cat-weiser-tee","8":"first","9":"instock","10":"shipping-taxable","11":"purchasable","12":"product-type-simple"},"yoast_head":"<!-- This site is optimized with the Yoast SEO plugin v27.4 - https:\/\/yoast.com\/product\/yoast-seo-wordpress\/ -->\n<title>Pai mu Tan Nat\u00fcrlich 40g - Erboristeria Artemisia<\/title>\n<meta name=\"robots\" content=\"index, follow, max-snippet:-1, max-image-preview:large, max-video-preview:-1\" \/>\n<link rel=\"canonical\" href=\"https:\/\/erboristeria-artemisia.ch\/de\/produkt\/pai-mu-tan-natuerlich-40g\/\" \/>\n<meta property=\"og:locale\" content=\"de_DE\" \/>\n<meta property=\"og:type\" content=\"article\" \/>\n<meta property=\"og:title\" content=\"Pai mu Tan Nat\u00fcrlich 40g - Erboristeria Artemisia\" \/>\n<meta property=\"og:description\" content=\"\ud83c\udf3f Pai Mu Tan Nat\u00fcrlich &#8211; 40g Authentischer wei\u00dfer Tee &#8211; Bezaubernde Einfachheit. Pai Mu Tan (auch bekannt als Wei\u00dfe Pfingstrose) ist einer der bekanntesten und beliebtesten Wei\u00dfen Tees. Er zeichnet sich durch seine Nat\u00fcrlichkeit, seinen harmonischen Geschmack und seine leichte Erkennbarkeit aus, selbst f\u00fcr diejenigen, die sich zum ersten Mal der Welt des feinen [&hellip;]\" \/>\n<meta property=\"og:url\" content=\"https:\/\/erboristeria-artemisia.ch\/de\/produkt\/pai-mu-tan-natuerlich-40g\/\" \/>\n<meta property=\"og:site_name\" content=\"Erboristeria Artemisia\" \/>\n<meta property=\"article:modified_time\" content=\"2025-09-25T14:25:52+00:00\" \/>\n<meta property=\"og:image\" content=\"https:\/\/erboristeria-artemisia.ch\/wp-content\/uploads\/2025\/09\/Pai-mu-Tan.jpg\" \/>\n\t<meta property=\"og:image:width\" content=\"2000\" \/>\n\t<meta property=\"og:image:height\" content=\"2000\" \/>\n\t<meta property=\"og:image:type\" content=\"image\/jpeg\" \/>\n<meta name=\"twitter:card\" content=\"summary_large_image\" \/>\n<meta name=\"twitter:label1\" content=\"Gesch\u00e4tzte Lesezeit\" \/>\n\t<meta name=\"twitter:data1\" content=\"1\u00a0Minute\" \/>\n<script type=\"application\/ld+json\" class=\"yoast-schema-graph\">{\"@context\":\"https:\\\/\\\/schema.org\",\"@graph\":[{\"@type\":\"WebPage\",\"@id\":\"https:\\\/\\\/erboristeria-artemisia.ch\\\/de\\\/produkt\\\/pai-mu-tan-natuerlich-40g\\\/\",\"url\":\"https:\\\/\\\/erboristeria-artemisia.ch\\\/de\\\/produkt\\\/pai-mu-tan-natuerlich-40g\\\/\",\"name\":\"Pai mu Tan Nat\u00fcrlich 40g - Erboristeria Artemisia\",\"isPartOf\":{\"@id\":\"https:\\\/\\\/erboristeria-artemisia.ch\\\/de\\\/#website\"},\"primaryImageOfPage\":{\"@id\":\"https:\\\/\\\/erboristeria-artemisia.ch\\\/de\\\/produkt\\\/pai-mu-tan-natuerlich-40g\\\/#primaryimage\"},\"image\":{\"@id\":\"https:\\\/\\\/erboristeria-artemisia.ch\\\/de\\\/produkt\\\/pai-mu-tan-natuerlich-40g\\\/#primaryimage\"},\"thumbnailUrl\":\"https:\\\/\\\/erboristeria-artemisia.ch\\\/wp-content\\\/uploads\\\/2025\\\/09\\\/Pai-mu-Tan.jpg\",\"datePublished\":\"2025-09-17T18:41:34+00:00\",\"dateModified\":\"2025-09-25T14:25:52+00:00\",\"breadcrumb\":{\"@id\":\"https:\\\/\\\/erboristeria-artemisia.ch\\\/de\\\/produkt\\\/pai-mu-tan-natuerlich-40g\\\/#breadcrumb\"},\"inLanguage\":\"de\",\"potentialAction\":[{\"@type\":\"ReadAction\",\"target\":[\"https:\\\/\\\/erboristeria-artemisia.ch\\\/de\\\/produkt\\\/pai-mu-tan-natuerlich-40g\\\/\"]}]},{\"@type\":\"ImageObject\",\"inLanguage\":\"de\",\"@id\":\"https:\\\/\\\/erboristeria-artemisia.ch\\\/de\\\/produkt\\\/pai-mu-tan-natuerlich-40g\\\/#primaryimage\",\"url\":\"https:\\\/\\\/erboristeria-artemisia.ch\\\/wp-content\\\/uploads\\\/2025\\\/09\\\/Pai-mu-Tan.jpg\",\"contentUrl\":\"https:\\\/\\\/erboristeria-artemisia.ch\\\/wp-content\\\/uploads\\\/2025\\\/09\\\/Pai-mu-Tan.jpg\",\"width\":2000,\"height\":2000},{\"@type\":\"BreadcrumbList\",\"@id\":\"https:\\\/\\\/erboristeria-artemisia.ch\\\/de\\\/produkt\\\/pai-mu-tan-natuerlich-40g\\\/#breadcrumb\",\"itemListElement\":[{\"@type\":\"ListItem\",\"position\":1,\"name\":\"Home\",\"item\":\"https:\\\/\\\/erboristeria-artemisia.ch\\\/de\\\/startseite\\\/\"},{\"@type\":\"ListItem\",\"position\":2,\"name\":\"Shop4\",\"item\":\"https:\\\/\\\/erboristeria-artemisia.ch\\\/shop4\\\/\"},{\"@type\":\"ListItem\",\"position\":3,\"name\":\"Pai mu Tan Nat\u00fcrlich 40g\"}]},{\"@type\":\"WebSite\",\"@id\":\"https:\\\/\\\/erboristeria-artemisia.ch\\\/de\\\/#website\",\"url\":\"https:\\\/\\\/erboristeria-artemisia.ch\\\/de\\\/\",\"name\":\"Erboristeria Artemisia\",\"description\":\"Ogni sorso \u00e8 un momento per te\",\"potentialAction\":[{\"@type\":\"SearchAction\",\"target\":{\"@type\":\"EntryPoint\",\"urlTemplate\":\"https:\\\/\\\/erboristeria-artemisia.ch\\\/de\\\/?s={search_term_string}\"},\"query-input\":{\"@type\":\"PropertyValueSpecification\",\"valueRequired\":true,\"valueName\":\"search_term_string\"}}],\"inLanguage\":\"de\"}]}<\/script>\n<!-- \/ Yoast SEO plugin. -->","yoast_head_json":{"title":"Pai mu Tan Nat\u00fcrlich 40g - Erboristeria Artemisia","robots":{"index":"index","follow":"follow","max-snippet":"max-snippet:-1","max-image-preview":"max-image-preview:large","max-video-preview":"max-video-preview:-1"},"canonical":"https:\/\/erboristeria-artemisia.ch\/de\/produkt\/pai-mu-tan-natuerlich-40g\/","og_locale":"de_DE","og_type":"article","og_title":"Pai mu Tan Nat\u00fcrlich 40g - Erboristeria Artemisia","og_description":"\ud83c\udf3f Pai Mu Tan Nat\u00fcrlich &#8211; 40g Authentischer wei\u00dfer Tee &#8211; Bezaubernde Einfachheit. Pai Mu Tan (auch bekannt als Wei\u00dfe Pfingstrose) ist einer der bekanntesten und beliebtesten Wei\u00dfen Tees. Er zeichnet sich durch seine Nat\u00fcrlichkeit, seinen harmonischen Geschmack und seine leichte Erkennbarkeit aus, selbst f\u00fcr diejenigen, die sich zum ersten Mal der Welt des feinen [&hellip;]","og_url":"https:\/\/erboristeria-artemisia.ch\/de\/produkt\/pai-mu-tan-natuerlich-40g\/","og_site_name":"Erboristeria Artemisia","article_modified_time":"2025-09-25T14:25:52+00:00","og_image":[{"width":2000,"height":2000,"url":"https:\/\/erboristeria-artemisia.ch\/wp-content\/uploads\/2025\/09\/Pai-mu-Tan.jpg","type":"image\/jpeg"}],"twitter_card":"summary_large_image","twitter_misc":{"Gesch\u00e4tzte Lesezeit":"1\u00a0Minute"},"schema":{"@context":"https:\/\/schema.org","@graph":[{"@type":"WebPage","@id":"https:\/\/erboristeria-artemisia.ch\/de\/produkt\/pai-mu-tan-natuerlich-40g\/","url":"https:\/\/erboristeria-artemisia.ch\/de\/produkt\/pai-mu-tan-natuerlich-40g\/","name":"Pai mu Tan Nat\u00fcrlich 40g - Erboristeria Artemisia","isPartOf":{"@id":"https:\/\/erboristeria-artemisia.ch\/de\/#website"},"primaryImageOfPage":{"@id":"https:\/\/erboristeria-artemisia.ch\/de\/produkt\/pai-mu-tan-natuerlich-40g\/#primaryimage"},"image":{"@id":"https:\/\/erboristeria-artemisia.ch\/de\/produkt\/pai-mu-tan-natuerlich-40g\/#primaryimage"},"thumbnailUrl":"https:\/\/erboristeria-artemisia.ch\/wp-content\/uploads\/2025\/09\/Pai-mu-Tan.jpg","datePublished":"2025-09-17T18:41:34+00:00","dateModified":"2025-09-25T14:25:52+00:00","breadcrumb":{"@id":"https:\/\/erboristeria-artemisia.ch\/de\/produkt\/pai-mu-tan-natuerlich-40g\/#breadcrumb"},"inLanguage":"de","potentialAction":[{"@type":"ReadAction","target":["https:\/\/erboristeria-artemisia.ch\/de\/produkt\/pai-mu-tan-natuerlich-40g\/"]}]},{"@type":"ImageObject","inLanguage":"de","@id":"https:\/\/erboristeria-artemisia.ch\/de\/produkt\/pai-mu-tan-natuerlich-40g\/#primaryimage","url":"https:\/\/erboristeria-artemisia.ch\/wp-content\/uploads\/2025\/09\/Pai-mu-Tan.jpg","contentUrl":"https:\/\/erboristeria-artemisia.ch\/wp-content\/uploads\/2025\/09\/Pai-mu-Tan.jpg","width":2000,"height":2000},{"@type":"BreadcrumbList","@id":"https:\/\/erboristeria-artemisia.ch\/de\/produkt\/pai-mu-tan-natuerlich-40g\/#breadcrumb","itemListElement":[{"@type":"ListItem","position":1,"name":"Home","item":"https:\/\/erboristeria-artemisia.ch\/de\/startseite\/"},{"@type":"ListItem","position":2,"name":"Shop4","item":"https:\/\/erboristeria-artemisia.ch\/shop4\/"},{"@type":"ListItem","position":3,"name":"Pai mu Tan Nat\u00fcrlich 40g"}]},{"@type":"WebSite","@id":"https:\/\/erboristeria-artemisia.ch\/de\/#website","url":"https:\/\/erboristeria-artemisia.ch\/de\/","name":"Erboristeria Artemisia","description":"Ogni sorso \u00e8 un momento per te","potentialAction":[{"@type":"SearchAction","target":{"@type":"EntryPoint","urlTemplate":"https:\/\/erboristeria-artemisia.ch\/de\/?s={search_term_string}"},"query-input":{"@type":"PropertyValueSpecification","valueRequired":true,"valueName":"search_term_string"}}],"inLanguage":"de"}]}},"_links":{"self":[{"href":"https:\/\/erboristeria-artemisia.ch\/de\/wp-json\/wp\/v2\/product\/30831","targetHints":{"allow":["GET"]}}],"collection":[{"href":"https:\/\/erboristeria-artemisia.ch\/de\/wp-json\/wp\/v2\/product"}],"about":[{"href":"https:\/\/erboristeria-artemisia.ch\/de\/wp-json\/wp\/v2\/types\/product"}],"wp:featuredmedia":[{"embeddable":true,"href":"https:\/\/erboristeria-artemisia.ch\/de\/wp-json\/wp\/v2\/media\/30480"}],"wp:attachment":[{"href":"https:\/\/erboristeria-artemisia.ch\/de\/wp-json\/wp\/v2\/media?parent=30831"}],"wp:term":[{"taxonomy":"product_brand","embeddable":true,"href":"https:\/\/erboristeria-artemisia.ch\/de\/wp-json\/wp\/v2\/product_brand?post=30831"},{"taxonomy":"product_cat","embeddable":true,"href":"https:\/\/erboristeria-artemisia.ch\/de\/wp-json\/wp\/v2\/product_cat?post=30831"},{"taxonomy":"product_tag","embeddable":true,"href":"https:\/\/erboristeria-artemisia.ch\/de\/wp-json\/wp\/v2\/product_tag?post=30831"}],"curies":[{"name":"wp","href":"https:\/\/api.w.org\/{rel}","templated":true}]}}