{"id":30832,"date":"2025-09-17T21:02:51","date_gmt":"2025-09-17T19:02:51","guid":{"rendered":"https:\/\/erboristeria-artemisia.ch\/product\/jasmin-dragon-phoenix-perle-natuerlich-50g\/"},"modified":"2025-09-25T16:25:52","modified_gmt":"2025-09-25T14:25:52","slug":"jasmin-dragon-phoenix-perle-natuerlich-50g","status":"publish","type":"product","link":"https:\/\/erboristeria-artemisia.ch\/de\/produkt\/jasmin-dragon-phoenix-perle-natuerlich-50g\/","title":{"rendered":"Jasmin Dragon Phoenix Perle (Nat\u00fcrlich) 50g"},"content":{"rendered":"<h2 data-start=\"80\" data-end=\"138\">\ud83c\udf38\ud83d\udc09 <strong data-start=\"88\" data-end=\"136\">Jasmin Dragon Phoenix Pearl (Nat\u00fcrlich) &#8211; 50g<\/strong><\/h2>\n<p data-start=\"139\" data-end=\"214\"><strong data-start=\"139\" data-end=\"214\">Ein Juwel unter den aromatisierten Gr\u00fcntees, reich an Tradition und Duft.<\/strong><\/p>\n<p data-start=\"216\" data-end=\"464\">Dieser feine Tee besteht aus kleinen, handgerollten <strong data-start=\"257\" data-end=\"278\">Gr\u00fcntee-Perlen<\/strong>, die zart mit frischen <strong data-start=\"343\" data-end=\"356\">Jasminbl\u00fcten<\/strong> duften. Die Legende vom Drachen und dem Ph\u00f6nix spiegelt sich in der perfekten Harmonie von Frische und blumiger S\u00fc\u00dfe wider. <\/p>\n<hr data-start=\"466\" data-end=\"469\">\n<h3 data-start=\"471\" data-end=\"505\">\ud83c\udf75 <strong data-start=\"478\" data-end=\"502\">Verkostungsnotizen<\/strong>:<\/h3>\n<ul data-start=\"506\" data-end=\"782\">\n<li data-start=\"506\" data-end=\"575\">\n<p data-start=\"508\" data-end=\"575\"><strong data-start=\"508\" data-end=\"519\">Aussehen<\/strong>: kompakte Perlen, die sich beim Ziehen langsam \u00f6ffnen<\/p>\n<\/li>\n<li data-start=\"576\" data-end=\"655\">\n<p data-start=\"578\" data-end=\"655\"><strong data-start=\"578\" data-end=\"587\">Aroma<\/strong>: Intensiv, nat\u00fcrlich, mit frischen, umh\u00fcllenden Noten von Jasmin<\/p>\n<\/li>\n<li data-start=\"656\" data-end=\"735\">\n<p data-start=\"658\" data-end=\"735\"><strong data-start=\"658\" data-end=\"667\">Geschmack<\/strong>: Weich, frisch, mit einem zarten, anhaltenden blumigen Nachgeschmack<\/p>\n<\/li>\n<li data-start=\"736\" data-end=\"782\">\n<p data-start=\"738\" data-end=\"782\"><strong data-start=\"738\" data-end=\"752\">Nachgeschmack<\/strong>: Sauber und leicht s\u00fc\u00df<\/p>\n<\/li>\n<\/ul>\n<hr data-start=\"784\" data-end=\"787\">\n<h3 data-start=\"789\" data-end=\"814\">\ud83c\udf3f <strong data-start=\"796\" data-end=\"811\">Zutaten<\/strong>:<\/h3>\n<ul data-start=\"815\" data-end=\"918\">\n<li data-start=\"815\" data-end=\"844\">\n<p data-start=\"817\" data-end=\"844\">Gr\u00fcner Tee Perlen (China)<\/p>\n<\/li>\n<li data-start=\"845\" data-end=\"875\">\n<p data-start=\"847\" data-end=\"875\">Frische Jasminbl\u00fcten<\/p>\n<\/li>\n<li data-start=\"876\" data-end=\"918\">\n<p data-start=\"878\" data-end=\"918\"><em data-start=\"878\" data-end=\"918\">100% nat\u00fcrlich, keine k\u00fcnstlichen Aromen<\/em><\/p>\n<\/li>\n<\/ul>\n<hr data-start=\"920\" data-end=\"923\">\n<h3 data-start=\"925\" data-end=\"963\">\ud83e\uded6 <strong data-start=\"932\" data-end=\"960\">Empfohlene Zubereitung<\/strong>:<\/h3>\n<ul data-start=\"964\" data-end=\"1130\">\n<li data-start=\"964\" data-end=\"994\">\n<p data-start=\"966\" data-end=\"994\"><strong data-start=\"966\" data-end=\"978\">Menge<\/strong>: 2g pro Tasse<\/p>\n<\/li>\n<li data-start=\"995\" data-end=\"1034\">\n<p data-start=\"997\" data-end=\"1034\"><strong data-start=\"997\" data-end=\"1023\">Wassertemperatur<\/strong>: 75-80\u00b0C<\/p>\n<\/li>\n<li data-start=\"1035\" data-end=\"1064\">\n<p data-start=\"1037\" data-end=\"1064\"><strong data-start=\"1037\" data-end=\"1050\">Infusion<\/strong>: 3-4 Minuten<\/p>\n<\/li>\n<li data-start=\"1065\" data-end=\"1130\">\n<p data-start=\"1067\" data-end=\"1130\">Ideal f\u00fcr mehrere Aufg\u00fcsse, die immer wieder neue Nuancen offenbaren<\/p>\n<\/li>\n<\/ul>\n<hr data-start=\"1132\" data-end=\"1135\">\n","protected":false},"excerpt":{"rendered":"<p>\ud83c\udf38\ud83d\udc09 Jasmin Dragon Phoenix Pearl (Nat\u00fcrlich) &#8211; 50g Ein Juwel unter den aromatisierten Gr\u00fcntees, reich an Tradition und Duft. Dieser feine Tee besteht aus kleinen, handgerollten Gr\u00fcntee-Perlen, die zart mit frischen Jasminbl\u00fcten duften. Die Legende vom Drachen und dem Ph\u00f6nix spiegelt sich in der perfekten Harmonie von Frische und blumiger S\u00fc\u00dfe wider. \ud83c\udf75 Verkostungsnotizen: Aussehen: [&hellip;]<\/p>\n","protected":false},"featured_media":30495,"template":"","meta":{"_et_pb_use_builder":"","_et_pb_old_content":"","_et_gb_content_width":""},"product_brand":[],"product_cat":[92],"product_tag":[],"class_list":{"0":"post-30832","1":"product","2":"type-product","3":"status-publish","4":"has-post-thumbnail","6":"product_cat-chinesische-tees","8":"first","9":"instock","10":"shipping-taxable","11":"purchasable","12":"product-type-simple"},"yoast_head":"<!-- This site is optimized with the Yoast SEO plugin v27.4 - https:\/\/yoast.com\/product\/yoast-seo-wordpress\/ -->\n<title>Jasmin Dragon Phoenix Perle (Nat\u00fcrlich) 50g - Erboristeria Artemisia<\/title>\n<meta name=\"robots\" content=\"index, follow, max-snippet:-1, max-image-preview:large, max-video-preview:-1\" \/>\n<link rel=\"canonical\" href=\"https:\/\/erboristeria-artemisia.ch\/de\/produkt\/jasmin-dragon-phoenix-perle-natuerlich-50g\/\" \/>\n<meta property=\"og:locale\" content=\"de_DE\" \/>\n<meta property=\"og:type\" content=\"article\" \/>\n<meta property=\"og:title\" content=\"Jasmin Dragon Phoenix Perle (Nat\u00fcrlich) 50g - Erboristeria Artemisia\" \/>\n<meta property=\"og:description\" content=\"\ud83c\udf38\ud83d\udc09 Jasmin Dragon Phoenix Pearl (Nat\u00fcrlich) &#8211; 50g Ein Juwel unter den aromatisierten Gr\u00fcntees, reich an Tradition und Duft. Dieser feine Tee besteht aus kleinen, handgerollten Gr\u00fcntee-Perlen, die zart mit frischen Jasminbl\u00fcten duften. Die Legende vom Drachen und dem Ph\u00f6nix spiegelt sich in der perfekten Harmonie von Frische und blumiger S\u00fc\u00dfe wider. \ud83c\udf75 Verkostungsnotizen: Aussehen: [&hellip;]\" \/>\n<meta property=\"og:url\" content=\"https:\/\/erboristeria-artemisia.ch\/de\/produkt\/jasmin-dragon-phoenix-perle-natuerlich-50g\/\" \/>\n<meta property=\"og:site_name\" content=\"Erboristeria Artemisia\" \/>\n<meta property=\"article:modified_time\" content=\"2025-09-25T14:25:52+00:00\" \/>\n<meta property=\"og:image\" content=\"https:\/\/erboristeria-artemisia.ch\/wp-content\/uploads\/2025\/09\/Jasmin-Dragon-Phoenix-Pearl.jpg\" \/>\n\t<meta property=\"og:image:width\" content=\"2000\" \/>\n\t<meta property=\"og:image:height\" content=\"2000\" \/>\n\t<meta property=\"og:image:type\" content=\"image\/jpeg\" \/>\n<meta name=\"twitter:card\" content=\"summary_large_image\" \/>\n<meta name=\"twitter:label1\" content=\"Gesch\u00e4tzte Lesezeit\" \/>\n\t<meta name=\"twitter:data1\" content=\"1\u00a0Minute\" \/>\n<script type=\"application\/ld+json\" class=\"yoast-schema-graph\">{\"@context\":\"https:\\\/\\\/schema.org\",\"@graph\":[{\"@type\":\"WebPage\",\"@id\":\"https:\\\/\\\/erboristeria-artemisia.ch\\\/de\\\/produkt\\\/jasmin-dragon-phoenix-perle-natuerlich-50g\\\/\",\"url\":\"https:\\\/\\\/erboristeria-artemisia.ch\\\/de\\\/produkt\\\/jasmin-dragon-phoenix-perle-natuerlich-50g\\\/\",\"name\":\"Jasmin Dragon Phoenix Perle (Nat\u00fcrlich) 50g - Erboristeria Artemisia\",\"isPartOf\":{\"@id\":\"https:\\\/\\\/erboristeria-artemisia.ch\\\/de\\\/#website\"},\"primaryImageOfPage\":{\"@id\":\"https:\\\/\\\/erboristeria-artemisia.ch\\\/de\\\/produkt\\\/jasmin-dragon-phoenix-perle-natuerlich-50g\\\/#primaryimage\"},\"image\":{\"@id\":\"https:\\\/\\\/erboristeria-artemisia.ch\\\/de\\\/produkt\\\/jasmin-dragon-phoenix-perle-natuerlich-50g\\\/#primaryimage\"},\"thumbnailUrl\":\"https:\\\/\\\/erboristeria-artemisia.ch\\\/wp-content\\\/uploads\\\/2025\\\/09\\\/Jasmin-Dragon-Phoenix-Pearl.jpg\",\"datePublished\":\"2025-09-17T19:02:51+00:00\",\"dateModified\":\"2025-09-25T14:25:52+00:00\",\"breadcrumb\":{\"@id\":\"https:\\\/\\\/erboristeria-artemisia.ch\\\/de\\\/produkt\\\/jasmin-dragon-phoenix-perle-natuerlich-50g\\\/#breadcrumb\"},\"inLanguage\":\"de\",\"potentialAction\":[{\"@type\":\"ReadAction\",\"target\":[\"https:\\\/\\\/erboristeria-artemisia.ch\\\/de\\\/produkt\\\/jasmin-dragon-phoenix-perle-natuerlich-50g\\\/\"]}]},{\"@type\":\"ImageObject\",\"inLanguage\":\"de\",\"@id\":\"https:\\\/\\\/erboristeria-artemisia.ch\\\/de\\\/produkt\\\/jasmin-dragon-phoenix-perle-natuerlich-50g\\\/#primaryimage\",\"url\":\"https:\\\/\\\/erboristeria-artemisia.ch\\\/wp-content\\\/uploads\\\/2025\\\/09\\\/Jasmin-Dragon-Phoenix-Pearl.jpg\",\"contentUrl\":\"https:\\\/\\\/erboristeria-artemisia.ch\\\/wp-content\\\/uploads\\\/2025\\\/09\\\/Jasmin-Dragon-Phoenix-Pearl.jpg\",\"width\":2000,\"height\":2000},{\"@type\":\"BreadcrumbList\",\"@id\":\"https:\\\/\\\/erboristeria-artemisia.ch\\\/de\\\/produkt\\\/jasmin-dragon-phoenix-perle-natuerlich-50g\\\/#breadcrumb\",\"itemListElement\":[{\"@type\":\"ListItem\",\"position\":1,\"name\":\"Home\",\"item\":\"https:\\\/\\\/erboristeria-artemisia.ch\\\/de\\\/startseite\\\/\"},{\"@type\":\"ListItem\",\"position\":2,\"name\":\"Shop4\",\"item\":\"https:\\\/\\\/erboristeria-artemisia.ch\\\/shop4\\\/\"},{\"@type\":\"ListItem\",\"position\":3,\"name\":\"Jasmin Dragon Phoenix Perle (Nat\u00fcrlich) 50g\"}]},{\"@type\":\"WebSite\",\"@id\":\"https:\\\/\\\/erboristeria-artemisia.ch\\\/de\\\/#website\",\"url\":\"https:\\\/\\\/erboristeria-artemisia.ch\\\/de\\\/\",\"name\":\"Erboristeria Artemisia\",\"description\":\"Ogni sorso \u00e8 un momento per te\",\"potentialAction\":[{\"@type\":\"SearchAction\",\"target\":{\"@type\":\"EntryPoint\",\"urlTemplate\":\"https:\\\/\\\/erboristeria-artemisia.ch\\\/de\\\/?s={search_term_string}\"},\"query-input\":{\"@type\":\"PropertyValueSpecification\",\"valueRequired\":true,\"valueName\":\"search_term_string\"}}],\"inLanguage\":\"de\"}]}<\/script>\n<!-- \/ Yoast SEO plugin. -->","yoast_head_json":{"title":"Jasmin Dragon Phoenix Perle (Nat\u00fcrlich) 50g - Erboristeria Artemisia","robots":{"index":"index","follow":"follow","max-snippet":"max-snippet:-1","max-image-preview":"max-image-preview:large","max-video-preview":"max-video-preview:-1"},"canonical":"https:\/\/erboristeria-artemisia.ch\/de\/produkt\/jasmin-dragon-phoenix-perle-natuerlich-50g\/","og_locale":"de_DE","og_type":"article","og_title":"Jasmin Dragon Phoenix Perle (Nat\u00fcrlich) 50g - Erboristeria Artemisia","og_description":"\ud83c\udf38\ud83d\udc09 Jasmin Dragon Phoenix Pearl (Nat\u00fcrlich) &#8211; 50g Ein Juwel unter den aromatisierten Gr\u00fcntees, reich an Tradition und Duft. Dieser feine Tee besteht aus kleinen, handgerollten Gr\u00fcntee-Perlen, die zart mit frischen Jasminbl\u00fcten duften. Die Legende vom Drachen und dem Ph\u00f6nix spiegelt sich in der perfekten Harmonie von Frische und blumiger S\u00fc\u00dfe wider. \ud83c\udf75 Verkostungsnotizen: Aussehen: [&hellip;]","og_url":"https:\/\/erboristeria-artemisia.ch\/de\/produkt\/jasmin-dragon-phoenix-perle-natuerlich-50g\/","og_site_name":"Erboristeria Artemisia","article_modified_time":"2025-09-25T14:25:52+00:00","og_image":[{"width":2000,"height":2000,"url":"https:\/\/erboristeria-artemisia.ch\/wp-content\/uploads\/2025\/09\/Jasmin-Dragon-Phoenix-Pearl.jpg","type":"image\/jpeg"}],"twitter_card":"summary_large_image","twitter_misc":{"Gesch\u00e4tzte Lesezeit":"1\u00a0Minute"},"schema":{"@context":"https:\/\/schema.org","@graph":[{"@type":"WebPage","@id":"https:\/\/erboristeria-artemisia.ch\/de\/produkt\/jasmin-dragon-phoenix-perle-natuerlich-50g\/","url":"https:\/\/erboristeria-artemisia.ch\/de\/produkt\/jasmin-dragon-phoenix-perle-natuerlich-50g\/","name":"Jasmin Dragon Phoenix Perle (Nat\u00fcrlich) 50g - Erboristeria Artemisia","isPartOf":{"@id":"https:\/\/erboristeria-artemisia.ch\/de\/#website"},"primaryImageOfPage":{"@id":"https:\/\/erboristeria-artemisia.ch\/de\/produkt\/jasmin-dragon-phoenix-perle-natuerlich-50g\/#primaryimage"},"image":{"@id":"https:\/\/erboristeria-artemisia.ch\/de\/produkt\/jasmin-dragon-phoenix-perle-natuerlich-50g\/#primaryimage"},"thumbnailUrl":"https:\/\/erboristeria-artemisia.ch\/wp-content\/uploads\/2025\/09\/Jasmin-Dragon-Phoenix-Pearl.jpg","datePublished":"2025-09-17T19:02:51+00:00","dateModified":"2025-09-25T14:25:52+00:00","breadcrumb":{"@id":"https:\/\/erboristeria-artemisia.ch\/de\/produkt\/jasmin-dragon-phoenix-perle-natuerlich-50g\/#breadcrumb"},"inLanguage":"de","potentialAction":[{"@type":"ReadAction","target":["https:\/\/erboristeria-artemisia.ch\/de\/produkt\/jasmin-dragon-phoenix-perle-natuerlich-50g\/"]}]},{"@type":"ImageObject","inLanguage":"de","@id":"https:\/\/erboristeria-artemisia.ch\/de\/produkt\/jasmin-dragon-phoenix-perle-natuerlich-50g\/#primaryimage","url":"https:\/\/erboristeria-artemisia.ch\/wp-content\/uploads\/2025\/09\/Jasmin-Dragon-Phoenix-Pearl.jpg","contentUrl":"https:\/\/erboristeria-artemisia.ch\/wp-content\/uploads\/2025\/09\/Jasmin-Dragon-Phoenix-Pearl.jpg","width":2000,"height":2000},{"@type":"BreadcrumbList","@id":"https:\/\/erboristeria-artemisia.ch\/de\/produkt\/jasmin-dragon-phoenix-perle-natuerlich-50g\/#breadcrumb","itemListElement":[{"@type":"ListItem","position":1,"name":"Home","item":"https:\/\/erboristeria-artemisia.ch\/de\/startseite\/"},{"@type":"ListItem","position":2,"name":"Shop4","item":"https:\/\/erboristeria-artemisia.ch\/shop4\/"},{"@type":"ListItem","position":3,"name":"Jasmin Dragon Phoenix Perle (Nat\u00fcrlich) 50g"}]},{"@type":"WebSite","@id":"https:\/\/erboristeria-artemisia.ch\/de\/#website","url":"https:\/\/erboristeria-artemisia.ch\/de\/","name":"Erboristeria Artemisia","description":"Ogni sorso \u00e8 un momento per te","potentialAction":[{"@type":"SearchAction","target":{"@type":"EntryPoint","urlTemplate":"https:\/\/erboristeria-artemisia.ch\/de\/?s={search_term_string}"},"query-input":{"@type":"PropertyValueSpecification","valueRequired":true,"valueName":"search_term_string"}}],"inLanguage":"de"}]}},"_links":{"self":[{"href":"https:\/\/erboristeria-artemisia.ch\/de\/wp-json\/wp\/v2\/product\/30832","targetHints":{"allow":["GET"]}}],"collection":[{"href":"https:\/\/erboristeria-artemisia.ch\/de\/wp-json\/wp\/v2\/product"}],"about":[{"href":"https:\/\/erboristeria-artemisia.ch\/de\/wp-json\/wp\/v2\/types\/product"}],"wp:featuredmedia":[{"embeddable":true,"href":"https:\/\/erboristeria-artemisia.ch\/de\/wp-json\/wp\/v2\/media\/30495"}],"wp:attachment":[{"href":"https:\/\/erboristeria-artemisia.ch\/de\/wp-json\/wp\/v2\/media?parent=30832"}],"wp:term":[{"taxonomy":"product_brand","embeddable":true,"href":"https:\/\/erboristeria-artemisia.ch\/de\/wp-json\/wp\/v2\/product_brand?post=30832"},{"taxonomy":"product_cat","embeddable":true,"href":"https:\/\/erboristeria-artemisia.ch\/de\/wp-json\/wp\/v2\/product_cat?post=30832"},{"taxonomy":"product_tag","embeddable":true,"href":"https:\/\/erboristeria-artemisia.ch\/de\/wp-json\/wp\/v2\/product_tag?post=30832"}],"curies":[{"name":"wp","href":"https:\/\/api.w.org\/{rel}","templated":true}]}}