{"id":30833,"date":"2025-09-17T21:05:30","date_gmt":"2025-09-17T19:05:30","guid":{"rendered":"https:\/\/erboristeria-artemisia.ch\/product\/superior-jasmin-gruener-tee-natuerlich-100g\/"},"modified":"2025-09-25T16:25:52","modified_gmt":"2025-09-25T14:25:52","slug":"superior-jasmin-gruener-tee-natuerlich-100g","status":"publish","type":"product","link":"https:\/\/erboristeria-artemisia.ch\/de\/produkt\/superior-jasmin-gruener-tee-natuerlich-100g\/","title":{"rendered":"Superior Jasmin Gr\u00fcner Tee (Nat\u00fcrlich) 100g"},"content":{"rendered":"<h2 data-start=\"98\" data-end=\"156\">\ud83c\udf3f\ud83c\udf38 <strong data-start=\"106\" data-end=\"154\">Superior Jasmin Gr\u00fcner Tee (Nat\u00fcrlich) &#8211; 100g<\/strong><\/h2>\n<p data-start=\"157\" data-end=\"230\"><strong data-start=\"157\" data-end=\"230\">Die Eleganz der Tradition, der unverwechselbare Duft des Jasmins.<\/strong><\/p>\n<p data-start=\"232\" data-end=\"436\">Dieser hochwertige gr\u00fcne Tee wird fachm\u00e4nnisch mit <strong data-start=\"297\" data-end=\"327\">frischen Jasminbl\u00fcten<\/strong> aromatisiert. Dabei werden traditionelle Methoden angewandt, die ein intensives, nat\u00fcrliches Aroma ohne k\u00fcnstliche Aromastoffe garantieren.<\/p>\n<p data-start=\"438\" data-end=\"596\">Ein sanfter und delikater Aufguss, der die Frische des gr\u00fcnen Tees mit der blumigen S\u00fc\u00dfe des Jasmins kombiniert, ideal f\u00fcr alle, die raffinierte und authentische Aromen lieben.<\/p>\n<hr data-start=\"598\" data-end=\"601\">\n<h3 data-start=\"603\" data-end=\"637\">\ud83c\udf75 <strong data-start=\"610\" data-end=\"634\">Verkostungsnotizen<\/strong>:<\/h3>\n<ul data-start=\"638\" data-end=\"869\">\n<li data-start=\"638\" data-end=\"686\">\n<p data-start=\"640\" data-end=\"686\"><strong data-start=\"640\" data-end=\"651\">Aussehen<\/strong>: heller, leuchtend gr\u00fcner Lik\u00f6r<\/p>\n<\/li>\n<li data-start=\"687\" data-end=\"766\">\n<p data-start=\"689\" data-end=\"766\"><strong data-start=\"689\" data-end=\"698\">Aroma<\/strong>: Intensiv, frisch, mit einem umh\u00fcllenden Duft von nat\u00fcrlichem Jasmin<\/p>\n<\/li>\n<li data-start=\"767\" data-end=\"828\">\n<p data-start=\"769\" data-end=\"828\"><strong data-start=\"769\" data-end=\"778\">Geschmack<\/strong>: Zart, harmonisch, mit s\u00fc\u00dfen und blumigen Noten<\/p>\n<\/li>\n<li data-start=\"829\" data-end=\"869\">\n<p data-start=\"831\" data-end=\"869\"><strong data-start=\"831\" data-end=\"845\">Nachgeschmack<\/strong>: Sauber und anhaltend<\/p>\n<\/li>\n<\/ul>\n<hr data-start=\"871\" data-end=\"874\">\n<h3 data-start=\"876\" data-end=\"901\">\ud83c\udf31 <strong data-start=\"883\" data-end=\"898\">Zutaten<\/strong>:<\/h3>\n<ul data-start=\"902\" data-end=\"1004\">\n<li data-start=\"902\" data-end=\"930\">\n<p data-start=\"904\" data-end=\"930\">Hochwertiger gr\u00fcner Tee<\/p>\n<\/li>\n<li data-start=\"931\" data-end=\"961\">\n<p data-start=\"933\" data-end=\"961\">Frische Jasminbl\u00fcten<\/p>\n<\/li>\n<li data-start=\"962\" data-end=\"1004\">\n<p data-start=\"964\" data-end=\"1004\"><em data-start=\"964\" data-end=\"1004\">100% nat\u00fcrlich, keine k\u00fcnstlichen Aromen<\/em><\/p>\n<\/li>\n<\/ul>\n<hr data-start=\"1006\" data-end=\"1009\">\n<h3 data-start=\"1011\" data-end=\"1049\">\ud83e\uded6 <strong data-start=\"1018\" data-end=\"1046\">Empfohlene Zubereitung<\/strong>:<\/h3>\n<ul data-start=\"1050\" data-end=\"1150\">\n<li data-start=\"1050\" data-end=\"1080\">\n<p data-start=\"1052\" data-end=\"1080\"><strong data-start=\"1052\" data-end=\"1064\">Menge<\/strong>: 2g pro Tasse<\/p>\n<\/li>\n<li data-start=\"1081\" data-end=\"1120\">\n<p data-start=\"1083\" data-end=\"1120\"><strong data-start=\"1083\" data-end=\"1109\">Wassertemperatur<\/strong>: 75-80\u00b0C<\/p>\n<\/li>\n<li data-start=\"1121\" data-end=\"1150\">\n<p data-start=\"1123\" data-end=\"1150\"><strong data-start=\"1123\" data-end=\"1136\">Infusion<\/strong>: 2-3 Minuten<\/p>\n<\/li>\n<\/ul>\n","protected":false},"excerpt":{"rendered":"<p>\ud83c\udf3f\ud83c\udf38 Superior Jasmin Gr\u00fcner Tee (Nat\u00fcrlich) &#8211; 100g Die Eleganz der Tradition, der unverwechselbare Duft des Jasmins. Dieser hochwertige gr\u00fcne Tee wird fachm\u00e4nnisch mit frischen Jasminbl\u00fcten aromatisiert. Dabei werden traditionelle Methoden angewandt, die ein intensives, nat\u00fcrliches Aroma ohne k\u00fcnstliche Aromastoffe garantieren. Ein sanfter und delikater Aufguss, der die Frische des gr\u00fcnen Tees mit der blumigen [&hellip;]<\/p>\n","protected":false},"featured_media":30498,"template":"","meta":{"_et_pb_use_builder":"","_et_pb_old_content":"","_et_gb_content_width":""},"product_brand":[],"product_cat":[92],"product_tag":[],"class_list":{"0":"post-30833","1":"product","2":"type-product","3":"status-publish","4":"has-post-thumbnail","6":"product_cat-chinesische-tees","8":"first","9":"instock","10":"shipping-taxable","11":"purchasable","12":"product-type-simple"},"yoast_head":"<!-- This site is optimized with the Yoast SEO plugin v27.4 - https:\/\/yoast.com\/product\/yoast-seo-wordpress\/ -->\n<title>Superior Jasmin Gr\u00fcner Tee (Nat\u00fcrlich) 100g - Erboristeria Artemisia<\/title>\n<meta name=\"robots\" content=\"index, follow, max-snippet:-1, max-image-preview:large, max-video-preview:-1\" \/>\n<link rel=\"canonical\" href=\"https:\/\/erboristeria-artemisia.ch\/de\/produkt\/superior-jasmin-gruener-tee-natuerlich-100g\/\" \/>\n<meta property=\"og:locale\" content=\"de_DE\" \/>\n<meta property=\"og:type\" content=\"article\" \/>\n<meta property=\"og:title\" content=\"Superior Jasmin Gr\u00fcner Tee (Nat\u00fcrlich) 100g - Erboristeria Artemisia\" \/>\n<meta property=\"og:description\" content=\"\ud83c\udf3f\ud83c\udf38 Superior Jasmin Gr\u00fcner Tee (Nat\u00fcrlich) &#8211; 100g Die Eleganz der Tradition, der unverwechselbare Duft des Jasmins. Dieser hochwertige gr\u00fcne Tee wird fachm\u00e4nnisch mit frischen Jasminbl\u00fcten aromatisiert. Dabei werden traditionelle Methoden angewandt, die ein intensives, nat\u00fcrliches Aroma ohne k\u00fcnstliche Aromastoffe garantieren. Ein sanfter und delikater Aufguss, der die Frische des gr\u00fcnen Tees mit der blumigen [&hellip;]\" \/>\n<meta property=\"og:url\" content=\"https:\/\/erboristeria-artemisia.ch\/de\/produkt\/superior-jasmin-gruener-tee-natuerlich-100g\/\" \/>\n<meta property=\"og:site_name\" content=\"Erboristeria Artemisia\" \/>\n<meta property=\"article:modified_time\" content=\"2025-09-25T14:25:52+00:00\" \/>\n<meta property=\"og:image\" content=\"https:\/\/erboristeria-artemisia.ch\/wp-content\/uploads\/2025\/09\/Te-verde-Jasmin-Superiore.jpg\" \/>\n\t<meta property=\"og:image:width\" content=\"2000\" \/>\n\t<meta property=\"og:image:height\" content=\"2000\" \/>\n\t<meta property=\"og:image:type\" content=\"image\/jpeg\" \/>\n<meta name=\"twitter:card\" content=\"summary_large_image\" \/>\n<meta name=\"twitter:label1\" content=\"Gesch\u00e4tzte Lesezeit\" \/>\n\t<meta name=\"twitter:data1\" content=\"1\u00a0Minute\" \/>\n<script type=\"application\/ld+json\" class=\"yoast-schema-graph\">{\"@context\":\"https:\\\/\\\/schema.org\",\"@graph\":[{\"@type\":\"WebPage\",\"@id\":\"https:\\\/\\\/erboristeria-artemisia.ch\\\/de\\\/produkt\\\/superior-jasmin-gruener-tee-natuerlich-100g\\\/\",\"url\":\"https:\\\/\\\/erboristeria-artemisia.ch\\\/de\\\/produkt\\\/superior-jasmin-gruener-tee-natuerlich-100g\\\/\",\"name\":\"Superior Jasmin Gr\u00fcner Tee (Nat\u00fcrlich) 100g - Erboristeria Artemisia\",\"isPartOf\":{\"@id\":\"https:\\\/\\\/erboristeria-artemisia.ch\\\/de\\\/#website\"},\"primaryImageOfPage\":{\"@id\":\"https:\\\/\\\/erboristeria-artemisia.ch\\\/de\\\/produkt\\\/superior-jasmin-gruener-tee-natuerlich-100g\\\/#primaryimage\"},\"image\":{\"@id\":\"https:\\\/\\\/erboristeria-artemisia.ch\\\/de\\\/produkt\\\/superior-jasmin-gruener-tee-natuerlich-100g\\\/#primaryimage\"},\"thumbnailUrl\":\"https:\\\/\\\/erboristeria-artemisia.ch\\\/wp-content\\\/uploads\\\/2025\\\/09\\\/Te-verde-Jasmin-Superiore.jpg\",\"datePublished\":\"2025-09-17T19:05:30+00:00\",\"dateModified\":\"2025-09-25T14:25:52+00:00\",\"breadcrumb\":{\"@id\":\"https:\\\/\\\/erboristeria-artemisia.ch\\\/de\\\/produkt\\\/superior-jasmin-gruener-tee-natuerlich-100g\\\/#breadcrumb\"},\"inLanguage\":\"de\",\"potentialAction\":[{\"@type\":\"ReadAction\",\"target\":[\"https:\\\/\\\/erboristeria-artemisia.ch\\\/de\\\/produkt\\\/superior-jasmin-gruener-tee-natuerlich-100g\\\/\"]}]},{\"@type\":\"ImageObject\",\"inLanguage\":\"de\",\"@id\":\"https:\\\/\\\/erboristeria-artemisia.ch\\\/de\\\/produkt\\\/superior-jasmin-gruener-tee-natuerlich-100g\\\/#primaryimage\",\"url\":\"https:\\\/\\\/erboristeria-artemisia.ch\\\/wp-content\\\/uploads\\\/2025\\\/09\\\/Te-verde-Jasmin-Superiore.jpg\",\"contentUrl\":\"https:\\\/\\\/erboristeria-artemisia.ch\\\/wp-content\\\/uploads\\\/2025\\\/09\\\/Te-verde-Jasmin-Superiore.jpg\",\"width\":2000,\"height\":2000},{\"@type\":\"BreadcrumbList\",\"@id\":\"https:\\\/\\\/erboristeria-artemisia.ch\\\/de\\\/produkt\\\/superior-jasmin-gruener-tee-natuerlich-100g\\\/#breadcrumb\",\"itemListElement\":[{\"@type\":\"ListItem\",\"position\":1,\"name\":\"Home\",\"item\":\"https:\\\/\\\/erboristeria-artemisia.ch\\\/de\\\/startseite\\\/\"},{\"@type\":\"ListItem\",\"position\":2,\"name\":\"Shop4\",\"item\":\"https:\\\/\\\/erboristeria-artemisia.ch\\\/shop4\\\/\"},{\"@type\":\"ListItem\",\"position\":3,\"name\":\"Superior Jasmin Gr\u00fcner Tee (Nat\u00fcrlich) 100g\"}]},{\"@type\":\"WebSite\",\"@id\":\"https:\\\/\\\/erboristeria-artemisia.ch\\\/de\\\/#website\",\"url\":\"https:\\\/\\\/erboristeria-artemisia.ch\\\/de\\\/\",\"name\":\"Erboristeria Artemisia\",\"description\":\"Ogni sorso \u00e8 un momento per te\",\"potentialAction\":[{\"@type\":\"SearchAction\",\"target\":{\"@type\":\"EntryPoint\",\"urlTemplate\":\"https:\\\/\\\/erboristeria-artemisia.ch\\\/de\\\/?s={search_term_string}\"},\"query-input\":{\"@type\":\"PropertyValueSpecification\",\"valueRequired\":true,\"valueName\":\"search_term_string\"}}],\"inLanguage\":\"de\"}]}<\/script>\n<!-- \/ Yoast SEO plugin. -->","yoast_head_json":{"title":"Superior Jasmin Gr\u00fcner Tee (Nat\u00fcrlich) 100g - Erboristeria Artemisia","robots":{"index":"index","follow":"follow","max-snippet":"max-snippet:-1","max-image-preview":"max-image-preview:large","max-video-preview":"max-video-preview:-1"},"canonical":"https:\/\/erboristeria-artemisia.ch\/de\/produkt\/superior-jasmin-gruener-tee-natuerlich-100g\/","og_locale":"de_DE","og_type":"article","og_title":"Superior Jasmin Gr\u00fcner Tee (Nat\u00fcrlich) 100g - Erboristeria Artemisia","og_description":"\ud83c\udf3f\ud83c\udf38 Superior Jasmin Gr\u00fcner Tee (Nat\u00fcrlich) &#8211; 100g Die Eleganz der Tradition, der unverwechselbare Duft des Jasmins. Dieser hochwertige gr\u00fcne Tee wird fachm\u00e4nnisch mit frischen Jasminbl\u00fcten aromatisiert. Dabei werden traditionelle Methoden angewandt, die ein intensives, nat\u00fcrliches Aroma ohne k\u00fcnstliche Aromastoffe garantieren. Ein sanfter und delikater Aufguss, der die Frische des gr\u00fcnen Tees mit der blumigen [&hellip;]","og_url":"https:\/\/erboristeria-artemisia.ch\/de\/produkt\/superior-jasmin-gruener-tee-natuerlich-100g\/","og_site_name":"Erboristeria Artemisia","article_modified_time":"2025-09-25T14:25:52+00:00","og_image":[{"width":2000,"height":2000,"url":"https:\/\/erboristeria-artemisia.ch\/wp-content\/uploads\/2025\/09\/Te-verde-Jasmin-Superiore.jpg","type":"image\/jpeg"}],"twitter_card":"summary_large_image","twitter_misc":{"Gesch\u00e4tzte Lesezeit":"1\u00a0Minute"},"schema":{"@context":"https:\/\/schema.org","@graph":[{"@type":"WebPage","@id":"https:\/\/erboristeria-artemisia.ch\/de\/produkt\/superior-jasmin-gruener-tee-natuerlich-100g\/","url":"https:\/\/erboristeria-artemisia.ch\/de\/produkt\/superior-jasmin-gruener-tee-natuerlich-100g\/","name":"Superior Jasmin Gr\u00fcner Tee (Nat\u00fcrlich) 100g - Erboristeria Artemisia","isPartOf":{"@id":"https:\/\/erboristeria-artemisia.ch\/de\/#website"},"primaryImageOfPage":{"@id":"https:\/\/erboristeria-artemisia.ch\/de\/produkt\/superior-jasmin-gruener-tee-natuerlich-100g\/#primaryimage"},"image":{"@id":"https:\/\/erboristeria-artemisia.ch\/de\/produkt\/superior-jasmin-gruener-tee-natuerlich-100g\/#primaryimage"},"thumbnailUrl":"https:\/\/erboristeria-artemisia.ch\/wp-content\/uploads\/2025\/09\/Te-verde-Jasmin-Superiore.jpg","datePublished":"2025-09-17T19:05:30+00:00","dateModified":"2025-09-25T14:25:52+00:00","breadcrumb":{"@id":"https:\/\/erboristeria-artemisia.ch\/de\/produkt\/superior-jasmin-gruener-tee-natuerlich-100g\/#breadcrumb"},"inLanguage":"de","potentialAction":[{"@type":"ReadAction","target":["https:\/\/erboristeria-artemisia.ch\/de\/produkt\/superior-jasmin-gruener-tee-natuerlich-100g\/"]}]},{"@type":"ImageObject","inLanguage":"de","@id":"https:\/\/erboristeria-artemisia.ch\/de\/produkt\/superior-jasmin-gruener-tee-natuerlich-100g\/#primaryimage","url":"https:\/\/erboristeria-artemisia.ch\/wp-content\/uploads\/2025\/09\/Te-verde-Jasmin-Superiore.jpg","contentUrl":"https:\/\/erboristeria-artemisia.ch\/wp-content\/uploads\/2025\/09\/Te-verde-Jasmin-Superiore.jpg","width":2000,"height":2000},{"@type":"BreadcrumbList","@id":"https:\/\/erboristeria-artemisia.ch\/de\/produkt\/superior-jasmin-gruener-tee-natuerlich-100g\/#breadcrumb","itemListElement":[{"@type":"ListItem","position":1,"name":"Home","item":"https:\/\/erboristeria-artemisia.ch\/de\/startseite\/"},{"@type":"ListItem","position":2,"name":"Shop4","item":"https:\/\/erboristeria-artemisia.ch\/shop4\/"},{"@type":"ListItem","position":3,"name":"Superior Jasmin Gr\u00fcner Tee (Nat\u00fcrlich) 100g"}]},{"@type":"WebSite","@id":"https:\/\/erboristeria-artemisia.ch\/de\/#website","url":"https:\/\/erboristeria-artemisia.ch\/de\/","name":"Erboristeria Artemisia","description":"Ogni sorso \u00e8 un momento per te","potentialAction":[{"@type":"SearchAction","target":{"@type":"EntryPoint","urlTemplate":"https:\/\/erboristeria-artemisia.ch\/de\/?s={search_term_string}"},"query-input":{"@type":"PropertyValueSpecification","valueRequired":true,"valueName":"search_term_string"}}],"inLanguage":"de"}]}},"_links":{"self":[{"href":"https:\/\/erboristeria-artemisia.ch\/de\/wp-json\/wp\/v2\/product\/30833","targetHints":{"allow":["GET"]}}],"collection":[{"href":"https:\/\/erboristeria-artemisia.ch\/de\/wp-json\/wp\/v2\/product"}],"about":[{"href":"https:\/\/erboristeria-artemisia.ch\/de\/wp-json\/wp\/v2\/types\/product"}],"wp:featuredmedia":[{"embeddable":true,"href":"https:\/\/erboristeria-artemisia.ch\/de\/wp-json\/wp\/v2\/media\/30498"}],"wp:attachment":[{"href":"https:\/\/erboristeria-artemisia.ch\/de\/wp-json\/wp\/v2\/media?parent=30833"}],"wp:term":[{"taxonomy":"product_brand","embeddable":true,"href":"https:\/\/erboristeria-artemisia.ch\/de\/wp-json\/wp\/v2\/product_brand?post=30833"},{"taxonomy":"product_cat","embeddable":true,"href":"https:\/\/erboristeria-artemisia.ch\/de\/wp-json\/wp\/v2\/product_cat?post=30833"},{"taxonomy":"product_tag","embeddable":true,"href":"https:\/\/erboristeria-artemisia.ch\/de\/wp-json\/wp\/v2\/product_tag?post=30833"}],"curies":[{"name":"wp","href":"https:\/\/api.w.org\/{rel}","templated":true}]}}