{"id":30834,"date":"2025-09-17T20:46:39","date_gmt":"2025-09-17T18:46:39","guid":{"rendered":"https:\/\/erboristeria-artemisia.ch\/product\/medina-gruener-tee-mit-minze-80g\/"},"modified":"2025-09-25T16:25:53","modified_gmt":"2025-09-25T14:25:53","slug":"medina-gruener-tee-mit-minze-80g","status":"publish","type":"product","link":"https:\/\/erboristeria-artemisia.ch\/de\/produkt\/medina-gruener-tee-mit-minze-80g\/","title":{"rendered":"Medina Gr\u00fcner Tee mit Minze 80g"},"content":{"rendered":"<h2 data-start=\"77\" data-end=\"123\">\ud83c\udf3f <strong data-start=\"83\" data-end=\"121\">Medina &#8211; Gr\u00fcner Tee Minze &#8211; 80g<\/strong><\/h2>\n<p data-start=\"124\" data-end=\"182\"><strong data-start=\"124\" data-end=\"182\">Frisch. W\u00fcrzig. Inspiriert von der marokkanischen Tradition.  <\/strong><\/p>\n<p data-start=\"184\" data-end=\"479\">Inspiriert von den D\u00fcften und Farben der antiken Medinas Nordafrikas, kombiniert dieser Tee den starken Charakter von <strong data-start=\"295\" data-end=\"317\">Gunpowder Green Tea<\/strong> mit der lebendigen Frische der <strong data-start=\"351\" data-end=\"365\">Zwergminze<\/strong>.<br data-start=\"366\" data-end=\"369\">Eine zeitlose, klassische Mischung, die f\u00fcr ihren <strong data-start=\"428\" data-end=\"442\">durstl\u00f6schenden<\/strong>, <strong data-start=\"444\" data-end=\"460\">erfrischenden<\/strong> und <strong data-start=\"463\" data-end=\"478\">verj\u00fcngenden<\/strong> Geschmack geliebt wird.<\/p>\n<p data-start=\"481\" data-end=\"645\"><strong data-start=\"481\" data-end=\"491\">Medina<\/strong> ist mehr als Tee: Es ist eine Einladung zur Entspannung, zur Geselligkeit, zum Ritual des Minztees, der in den Souks, H\u00e4usern und sonnigen Terrassen Marokkos serviert wird.<\/p>\n<hr data-start=\"647\" data-end=\"650\">\n<h3 data-start=\"652\" data-end=\"684\">\ud83c\udf43 <strong data-start=\"659\" data-end=\"683\">Verkostungsnotizen<\/strong>:<\/h3>\n<ul data-start=\"685\" data-end=\"958\">\n<li data-start=\"685\" data-end=\"731\">\n<p data-start=\"687\" data-end=\"731\"><strong data-start=\"687\" data-end=\"698\">Erscheinungsbild<\/strong>: Leuchtend gelb-gr\u00fcner Aufguss<\/p>\n<\/li>\n<li data-start=\"732\" data-end=\"786\">\n<p data-start=\"734\" data-end=\"786\"><strong data-start=\"734\" data-end=\"743\">Aroma<\/strong>: Intensiv, mit balsamischen und pflanzlichen Noten<\/p>\n<\/li>\n<li data-start=\"787\" data-end=\"891\">\n<p data-start=\"789\" data-end=\"891\"><strong data-start=\"789\" data-end=\"798\">Geschmack<\/strong>: Frisch und durchdringend, mit der nat\u00fcrlichen S\u00fc\u00dfe von Minze und dem krautigen K\u00f6rper von gr\u00fcnem Tee<\/p>\n<\/li>\n<li data-start=\"892\" data-end=\"958\">\n<p data-start=\"894\" data-end=\"958\"><strong data-start=\"894\" data-end=\"908\">Empfindung<\/strong>: anregend und erfrischend, auch perfekt kalt<\/p>\n<\/li>\n<\/ul>\n<hr data-start=\"960\" data-end=\"963\">\n<h3 data-start=\"965\" data-end=\"990\">\ud83c\udf31 <strong data-start=\"972\" data-end=\"987\">Zutaten<\/strong>:<\/h3>\n<ul data-start=\"991\" data-end=\"1117\">\n<li data-start=\"991\" data-end=\"1010\">\n<p data-start=\"993\" data-end=\"1010\">Gr\u00fcner Tee (China)<\/p>\n<\/li>\n<li data-start=\"1011\" data-end=\"1061\">\n<p data-start=\"1013\" data-end=\"1061\">Nat\u00fcrliche Bl\u00e4tter der Zwergminze (Mentha spicata)<\/p>\n<\/li>\n<li data-start=\"1062\" data-end=\"1117\">\n<p data-start=\"1064\" data-end=\"1117\"><em data-start=\"1064\" data-end=\"1117\">Keine k\u00fcnstlichen Aromen &#8211; Nur nat\u00fcrliche Zutaten<\/em><\/p>\n<\/li>\n<\/ul>\n<hr data-start=\"1119\" data-end=\"1122\">\n<h3 data-start=\"1124\" data-end=\"1160\">\ud83e\uded6 <strong data-start=\"1131\" data-end=\"1159\">Empfohlene Zubereitung<\/strong>:<\/h3>\n<ul data-start=\"1161\" data-end=\"1367\">\n<li data-start=\"1161\" data-end=\"1210\">\n<p data-start=\"1163\" data-end=\"1210\"><strong data-start=\"1163\" data-end=\"1175\">Menge<\/strong>: 2g pro Tasse (oder 10g pro Teekanne)<\/p>\n<\/li>\n<li data-start=\"1211\" data-end=\"1247\">\n<p data-start=\"1213\" data-end=\"1247\"><strong data-start=\"1213\" data-end=\"1239\">Wassertemperatur<\/strong>: 85\u00b0C<\/p>\n<\/li>\n<\/ul>\n","protected":false},"excerpt":{"rendered":"<p>\ud83c\udf3f Medina &#8211; Gr\u00fcner Tee Minze &#8211; 80g Frisch. W\u00fcrzig. Inspiriert von der marokkanischen Tradition. Inspiriert von den D\u00fcften und Farben der antiken Medinas Nordafrikas, kombiniert dieser Tee den starken Charakter von Gunpowder Green Tea mit der lebendigen Frische der Zwergminze.Eine zeitlose, klassische Mischung, die f\u00fcr ihren durstl\u00f6schenden, erfrischenden und verj\u00fcngenden Geschmack geliebt wird. Medina [&hellip;]<\/p>\n","protected":false},"featured_media":30483,"template":"","meta":{"_et_pb_use_builder":"","_et_pb_old_content":"","_et_gb_content_width":""},"product_brand":[],"product_cat":[94],"product_tag":[],"class_list":{"0":"post-30834","1":"product","2":"type-product","3":"status-publish","4":"has-post-thumbnail","6":"product_cat-mehr","8":"first","9":"instock","10":"shipping-taxable","11":"purchasable","12":"product-type-simple"},"yoast_head":"<!-- This site is optimized with the Yoast SEO plugin v27.4 - https:\/\/yoast.com\/product\/yoast-seo-wordpress\/ -->\n<title>Medina Gr\u00fcner Tee mit Minze 80g - Erboristeria Artemisia<\/title>\n<meta name=\"robots\" content=\"index, follow, max-snippet:-1, max-image-preview:large, max-video-preview:-1\" \/>\n<link rel=\"canonical\" href=\"https:\/\/erboristeria-artemisia.ch\/de\/produkt\/medina-gruener-tee-mit-minze-80g\/\" \/>\n<meta property=\"og:locale\" content=\"de_DE\" \/>\n<meta property=\"og:type\" content=\"article\" \/>\n<meta property=\"og:title\" content=\"Medina Gr\u00fcner Tee mit Minze 80g - Erboristeria Artemisia\" \/>\n<meta property=\"og:description\" content=\"\ud83c\udf3f Medina &#8211; Gr\u00fcner Tee Minze &#8211; 80g Frisch. W\u00fcrzig. Inspiriert von der marokkanischen Tradition. Inspiriert von den D\u00fcften und Farben der antiken Medinas Nordafrikas, kombiniert dieser Tee den starken Charakter von Gunpowder Green Tea mit der lebendigen Frische der Zwergminze.Eine zeitlose, klassische Mischung, die f\u00fcr ihren durstl\u00f6schenden, erfrischenden und verj\u00fcngenden Geschmack geliebt wird. Medina [&hellip;]\" \/>\n<meta property=\"og:url\" content=\"https:\/\/erboristeria-artemisia.ch\/de\/produkt\/medina-gruener-tee-mit-minze-80g\/\" \/>\n<meta property=\"og:site_name\" content=\"Erboristeria Artemisia\" \/>\n<meta property=\"article:modified_time\" content=\"2025-09-25T14:25:53+00:00\" \/>\n<meta property=\"og:image\" content=\"https:\/\/erboristeria-artemisia.ch\/wp-content\/uploads\/2025\/09\/Medina-the-vert.jpg\" \/>\n\t<meta property=\"og:image:width\" content=\"2000\" \/>\n\t<meta property=\"og:image:height\" content=\"2000\" \/>\n\t<meta property=\"og:image:type\" content=\"image\/jpeg\" \/>\n<meta name=\"twitter:card\" content=\"summary_large_image\" \/>\n<meta name=\"twitter:label1\" content=\"Gesch\u00e4tzte Lesezeit\" \/>\n\t<meta name=\"twitter:data1\" content=\"1\u00a0Minute\" \/>\n<script type=\"application\/ld+json\" class=\"yoast-schema-graph\">{\"@context\":\"https:\\\/\\\/schema.org\",\"@graph\":[{\"@type\":\"WebPage\",\"@id\":\"https:\\\/\\\/erboristeria-artemisia.ch\\\/de\\\/produkt\\\/medina-gruener-tee-mit-minze-80g\\\/\",\"url\":\"https:\\\/\\\/erboristeria-artemisia.ch\\\/de\\\/produkt\\\/medina-gruener-tee-mit-minze-80g\\\/\",\"name\":\"Medina Gr\u00fcner Tee mit Minze 80g - Erboristeria Artemisia\",\"isPartOf\":{\"@id\":\"https:\\\/\\\/erboristeria-artemisia.ch\\\/de\\\/#website\"},\"primaryImageOfPage\":{\"@id\":\"https:\\\/\\\/erboristeria-artemisia.ch\\\/de\\\/produkt\\\/medina-gruener-tee-mit-minze-80g\\\/#primaryimage\"},\"image\":{\"@id\":\"https:\\\/\\\/erboristeria-artemisia.ch\\\/de\\\/produkt\\\/medina-gruener-tee-mit-minze-80g\\\/#primaryimage\"},\"thumbnailUrl\":\"https:\\\/\\\/erboristeria-artemisia.ch\\\/wp-content\\\/uploads\\\/2025\\\/09\\\/Medina-the-vert.jpg\",\"datePublished\":\"2025-09-17T18:46:39+00:00\",\"dateModified\":\"2025-09-25T14:25:53+00:00\",\"breadcrumb\":{\"@id\":\"https:\\\/\\\/erboristeria-artemisia.ch\\\/de\\\/produkt\\\/medina-gruener-tee-mit-minze-80g\\\/#breadcrumb\"},\"inLanguage\":\"de\",\"potentialAction\":[{\"@type\":\"ReadAction\",\"target\":[\"https:\\\/\\\/erboristeria-artemisia.ch\\\/de\\\/produkt\\\/medina-gruener-tee-mit-minze-80g\\\/\"]}]},{\"@type\":\"ImageObject\",\"inLanguage\":\"de\",\"@id\":\"https:\\\/\\\/erboristeria-artemisia.ch\\\/de\\\/produkt\\\/medina-gruener-tee-mit-minze-80g\\\/#primaryimage\",\"url\":\"https:\\\/\\\/erboristeria-artemisia.ch\\\/wp-content\\\/uploads\\\/2025\\\/09\\\/Medina-the-vert.jpg\",\"contentUrl\":\"https:\\\/\\\/erboristeria-artemisia.ch\\\/wp-content\\\/uploads\\\/2025\\\/09\\\/Medina-the-vert.jpg\",\"width\":2000,\"height\":2000},{\"@type\":\"BreadcrumbList\",\"@id\":\"https:\\\/\\\/erboristeria-artemisia.ch\\\/de\\\/produkt\\\/medina-gruener-tee-mit-minze-80g\\\/#breadcrumb\",\"itemListElement\":[{\"@type\":\"ListItem\",\"position\":1,\"name\":\"Home\",\"item\":\"https:\\\/\\\/erboristeria-artemisia.ch\\\/de\\\/startseite\\\/\"},{\"@type\":\"ListItem\",\"position\":2,\"name\":\"Shop4\",\"item\":\"https:\\\/\\\/erboristeria-artemisia.ch\\\/shop4\\\/\"},{\"@type\":\"ListItem\",\"position\":3,\"name\":\"Medina Gr\u00fcner Tee mit Minze 80g\"}]},{\"@type\":\"WebSite\",\"@id\":\"https:\\\/\\\/erboristeria-artemisia.ch\\\/de\\\/#website\",\"url\":\"https:\\\/\\\/erboristeria-artemisia.ch\\\/de\\\/\",\"name\":\"Erboristeria Artemisia\",\"description\":\"Ogni sorso \u00e8 un momento per te\",\"potentialAction\":[{\"@type\":\"SearchAction\",\"target\":{\"@type\":\"EntryPoint\",\"urlTemplate\":\"https:\\\/\\\/erboristeria-artemisia.ch\\\/de\\\/?s={search_term_string}\"},\"query-input\":{\"@type\":\"PropertyValueSpecification\",\"valueRequired\":true,\"valueName\":\"search_term_string\"}}],\"inLanguage\":\"de\"}]}<\/script>\n<!-- \/ Yoast SEO plugin. -->","yoast_head_json":{"title":"Medina Gr\u00fcner Tee mit Minze 80g - Erboristeria Artemisia","robots":{"index":"index","follow":"follow","max-snippet":"max-snippet:-1","max-image-preview":"max-image-preview:large","max-video-preview":"max-video-preview:-1"},"canonical":"https:\/\/erboristeria-artemisia.ch\/de\/produkt\/medina-gruener-tee-mit-minze-80g\/","og_locale":"de_DE","og_type":"article","og_title":"Medina Gr\u00fcner Tee mit Minze 80g - Erboristeria Artemisia","og_description":"\ud83c\udf3f Medina &#8211; Gr\u00fcner Tee Minze &#8211; 80g Frisch. W\u00fcrzig. Inspiriert von der marokkanischen Tradition. Inspiriert von den D\u00fcften und Farben der antiken Medinas Nordafrikas, kombiniert dieser Tee den starken Charakter von Gunpowder Green Tea mit der lebendigen Frische der Zwergminze.Eine zeitlose, klassische Mischung, die f\u00fcr ihren durstl\u00f6schenden, erfrischenden und verj\u00fcngenden Geschmack geliebt wird. Medina [&hellip;]","og_url":"https:\/\/erboristeria-artemisia.ch\/de\/produkt\/medina-gruener-tee-mit-minze-80g\/","og_site_name":"Erboristeria Artemisia","article_modified_time":"2025-09-25T14:25:53+00:00","og_image":[{"width":2000,"height":2000,"url":"https:\/\/erboristeria-artemisia.ch\/wp-content\/uploads\/2025\/09\/Medina-the-vert.jpg","type":"image\/jpeg"}],"twitter_card":"summary_large_image","twitter_misc":{"Gesch\u00e4tzte Lesezeit":"1\u00a0Minute"},"schema":{"@context":"https:\/\/schema.org","@graph":[{"@type":"WebPage","@id":"https:\/\/erboristeria-artemisia.ch\/de\/produkt\/medina-gruener-tee-mit-minze-80g\/","url":"https:\/\/erboristeria-artemisia.ch\/de\/produkt\/medina-gruener-tee-mit-minze-80g\/","name":"Medina Gr\u00fcner Tee mit Minze 80g - Erboristeria Artemisia","isPartOf":{"@id":"https:\/\/erboristeria-artemisia.ch\/de\/#website"},"primaryImageOfPage":{"@id":"https:\/\/erboristeria-artemisia.ch\/de\/produkt\/medina-gruener-tee-mit-minze-80g\/#primaryimage"},"image":{"@id":"https:\/\/erboristeria-artemisia.ch\/de\/produkt\/medina-gruener-tee-mit-minze-80g\/#primaryimage"},"thumbnailUrl":"https:\/\/erboristeria-artemisia.ch\/wp-content\/uploads\/2025\/09\/Medina-the-vert.jpg","datePublished":"2025-09-17T18:46:39+00:00","dateModified":"2025-09-25T14:25:53+00:00","breadcrumb":{"@id":"https:\/\/erboristeria-artemisia.ch\/de\/produkt\/medina-gruener-tee-mit-minze-80g\/#breadcrumb"},"inLanguage":"de","potentialAction":[{"@type":"ReadAction","target":["https:\/\/erboristeria-artemisia.ch\/de\/produkt\/medina-gruener-tee-mit-minze-80g\/"]}]},{"@type":"ImageObject","inLanguage":"de","@id":"https:\/\/erboristeria-artemisia.ch\/de\/produkt\/medina-gruener-tee-mit-minze-80g\/#primaryimage","url":"https:\/\/erboristeria-artemisia.ch\/wp-content\/uploads\/2025\/09\/Medina-the-vert.jpg","contentUrl":"https:\/\/erboristeria-artemisia.ch\/wp-content\/uploads\/2025\/09\/Medina-the-vert.jpg","width":2000,"height":2000},{"@type":"BreadcrumbList","@id":"https:\/\/erboristeria-artemisia.ch\/de\/produkt\/medina-gruener-tee-mit-minze-80g\/#breadcrumb","itemListElement":[{"@type":"ListItem","position":1,"name":"Home","item":"https:\/\/erboristeria-artemisia.ch\/de\/startseite\/"},{"@type":"ListItem","position":2,"name":"Shop4","item":"https:\/\/erboristeria-artemisia.ch\/shop4\/"},{"@type":"ListItem","position":3,"name":"Medina Gr\u00fcner Tee mit Minze 80g"}]},{"@type":"WebSite","@id":"https:\/\/erboristeria-artemisia.ch\/de\/#website","url":"https:\/\/erboristeria-artemisia.ch\/de\/","name":"Erboristeria Artemisia","description":"Ogni sorso \u00e8 un momento per te","potentialAction":[{"@type":"SearchAction","target":{"@type":"EntryPoint","urlTemplate":"https:\/\/erboristeria-artemisia.ch\/de\/?s={search_term_string}"},"query-input":{"@type":"PropertyValueSpecification","valueRequired":true,"valueName":"search_term_string"}}],"inLanguage":"de"}]}},"_links":{"self":[{"href":"https:\/\/erboristeria-artemisia.ch\/de\/wp-json\/wp\/v2\/product\/30834","targetHints":{"allow":["GET"]}}],"collection":[{"href":"https:\/\/erboristeria-artemisia.ch\/de\/wp-json\/wp\/v2\/product"}],"about":[{"href":"https:\/\/erboristeria-artemisia.ch\/de\/wp-json\/wp\/v2\/types\/product"}],"wp:featuredmedia":[{"embeddable":true,"href":"https:\/\/erboristeria-artemisia.ch\/de\/wp-json\/wp\/v2\/media\/30483"}],"wp:attachment":[{"href":"https:\/\/erboristeria-artemisia.ch\/de\/wp-json\/wp\/v2\/media?parent=30834"}],"wp:term":[{"taxonomy":"product_brand","embeddable":true,"href":"https:\/\/erboristeria-artemisia.ch\/de\/wp-json\/wp\/v2\/product_brand?post=30834"},{"taxonomy":"product_cat","embeddable":true,"href":"https:\/\/erboristeria-artemisia.ch\/de\/wp-json\/wp\/v2\/product_cat?post=30834"},{"taxonomy":"product_tag","embeddable":true,"href":"https:\/\/erboristeria-artemisia.ch\/de\/wp-json\/wp\/v2\/product_tag?post=30834"}],"curies":[{"name":"wp","href":"https:\/\/api.w.org\/{rel}","templated":true}]}}