{"id":30835,"date":"2025-09-17T21:22:20","date_gmt":"2025-09-17T19:22:20","guid":{"rendered":"https:\/\/erboristeria-artemisia.ch\/product\/buddhist-tee-60g\/"},"modified":"2025-09-25T16:25:55","modified_gmt":"2025-09-25T14:25:55","slug":"buddhist-tee-60g","status":"publish","type":"product","link":"https:\/\/erboristeria-artemisia.ch\/de\/produkt\/buddhist-tee-60g\/","title":{"rendered":"Buddhist-Tee 60g"},"content":{"rendered":"<h2 data-start=\"99\" data-end=\"134\">\ud83e\uddd8\u200d\u2642\ufe0f\ud83c\udf43 <strong data-start=\"110\" data-end=\"132\">Buddhistischer Tee &#8211; 60g<\/strong><\/h2>\n<p data-start=\"135\" data-end=\"212\"><strong data-start=\"135\" data-end=\"212\">Gr\u00fcner Tee inspiriert von der Zen-Tradition &#8211; Gleichgewicht, Reinheit, Meditation.<\/strong><\/p>\n<p data-start=\"214\" data-end=\"569\"><strong data-start=\"217\" data-end=\"233\">Buddhist Tea<\/strong> ist ein nat\u00fcrlicher gr\u00fcner Tee, der seine Wurzeln in der Kultur \u00f6stlicher Kl\u00f6ster hat, wo Tee ein integraler Bestandteil der meditativen Praxis ist. Dieser in hohen Lagen angebaute und handgefertigte Tee bietet einen reinen Aufguss mit einem sanften und spirituellen Geschmack, der Momente der Stille, der Reflexion und des Bewusstseins begleiten soll. <\/p>\n<hr data-start=\"571\" data-end=\"574\">\n<h3 data-start=\"576\" data-end=\"610\">\ud83c\udf75 <strong data-start=\"583\" data-end=\"607\">Verkostungsnotizen<\/strong>:<\/h3>\n<ul data-start=\"611\" data-end=\"877\">\n<li data-start=\"611\" data-end=\"675\">\n<p data-start=\"613\" data-end=\"675\"><strong data-start=\"613\" data-end=\"624\">Aussehen<\/strong>: Klarer, leuchtend gelb-gr\u00fcner Lik\u00f6r<\/p>\n<\/li>\n<li data-start=\"676\" data-end=\"735\">\n<p data-start=\"678\" data-end=\"735\"><strong data-start=\"678\" data-end=\"687\">Aroma<\/strong>: Pflanzlich und frisch, mit leichten mineralischen Noten<\/p>\n<\/li>\n<li data-start=\"736\" data-end=\"799\">\n<p data-start=\"738\" data-end=\"799\"><strong data-start=\"738\" data-end=\"747\">Geschmack<\/strong>: Zart, leicht s\u00fc\u00df, rund und harmonisch<\/p>\n<\/li>\n<li data-start=\"800\" data-end=\"877\">\n<p data-start=\"802\" data-end=\"877\"><strong data-start=\"802\" data-end=\"816\">Nachgeschmack<\/strong>: Sauber, anhaltend, mit einem Gef\u00fchl der inneren Ruhe<\/p>\n<\/li>\n<\/ul>\n<hr data-start=\"879\" data-end=\"882\">\n<h3 data-start=\"884\" data-end=\"909\">\ud83c\udf31 <strong data-start=\"891\" data-end=\"906\">Zutaten<\/strong>:<\/h3>\n<ul data-start=\"910\" data-end=\"998\">\n<li data-start=\"910\" data-end=\"947\">\n<p data-start=\"912\" data-end=\"947\">Hochwertiger nat\u00fcrlicher gr\u00fcner Tee<\/p>\n<\/li>\n<li data-start=\"948\" data-end=\"998\">\n<p data-start=\"950\" data-end=\"998\"><em data-start=\"950\" data-end=\"998\">100% rein &#8211; Keine k\u00fcnstlichen Aromen oder Zusatzstoffe<\/em><\/p>\n<\/li>\n<\/ul>\n<hr data-start=\"1000\" data-end=\"1003\">\n<h3 data-start=\"1005\" data-end=\"1043\">\ud83e\uded6 <strong data-start=\"1012\" data-end=\"1040\">Empfohlene Zubereitung<\/strong>:<\/h3>\n<ul data-start=\"1044\" data-end=\"1205\">\n<li data-start=\"1044\" data-end=\"1074\">\n<p data-start=\"1046\" data-end=\"1074\"><strong data-start=\"1046\" data-end=\"1058\">Menge<\/strong>: 2g pro Tasse<\/p>\n<\/li>\n<li data-start=\"1075\" data-end=\"1114\">\n<p data-start=\"1077\" data-end=\"1114\"><strong data-start=\"1077\" data-end=\"1103\">Wassertemperatur<\/strong>: 75-80\u00b0C<\/p>\n<\/li>\n<li data-start=\"1115\" data-end=\"1144\">\n<p data-start=\"1117\" data-end=\"1144\"><strong data-start=\"1117\" data-end=\"1130\">Infusion<\/strong>: 2-3 Minuten<\/p>\n<\/li>\n<li data-start=\"1145\" data-end=\"1205\">\n<p data-start=\"1147\" data-end=\"1205\">Perfekt, um in Stille, mit Aufmerksamkeit und Pr\u00e4senz genossen zu werden<\/p>\n<\/li>\n<\/ul>\n","protected":false},"excerpt":{"rendered":"<p>\ud83e\uddd8\u200d\u2642\ufe0f\ud83c\udf43 Buddhistischer Tee &#8211; 60g Gr\u00fcner Tee inspiriert von der Zen-Tradition &#8211; Gleichgewicht, Reinheit, Meditation. Buddhist Tea ist ein nat\u00fcrlicher gr\u00fcner Tee, der seine Wurzeln in der Kultur \u00f6stlicher Kl\u00f6ster hat, wo Tee ein integraler Bestandteil der meditativen Praxis ist. Dieser in hohen Lagen angebaute und handgefertigte Tee bietet einen reinen Aufguss mit einem sanften [&hellip;]<\/p>\n","protected":false},"featured_media":30516,"template":"","meta":{"_et_pb_use_builder":"","_et_pb_old_content":"","_et_gb_content_width":""},"product_brand":[],"product_cat":[92],"product_tag":[],"class_list":{"0":"post-30835","1":"product","2":"type-product","3":"status-publish","4":"has-post-thumbnail","6":"product_cat-chinesische-tees","8":"first","9":"instock","10":"shipping-taxable","11":"purchasable","12":"product-type-simple"},"yoast_head":"<!-- This site is optimized with the Yoast SEO plugin v27.4 - https:\/\/yoast.com\/product\/yoast-seo-wordpress\/ -->\n<title>Buddhist-Tee 60g - Erboristeria Artemisia<\/title>\n<meta name=\"robots\" content=\"index, follow, max-snippet:-1, max-image-preview:large, max-video-preview:-1\" \/>\n<link rel=\"canonical\" href=\"https:\/\/erboristeria-artemisia.ch\/de\/produkt\/buddhist-tee-60g\/\" \/>\n<meta property=\"og:locale\" content=\"de_DE\" \/>\n<meta property=\"og:type\" content=\"article\" \/>\n<meta property=\"og:title\" content=\"Buddhist-Tee 60g - Erboristeria Artemisia\" \/>\n<meta property=\"og:description\" content=\"\ud83e\uddd8\u200d\u2642\ufe0f\ud83c\udf43 Buddhistischer Tee &#8211; 60g Gr\u00fcner Tee inspiriert von der Zen-Tradition &#8211; Gleichgewicht, Reinheit, Meditation. Buddhist Tea ist ein nat\u00fcrlicher gr\u00fcner Tee, der seine Wurzeln in der Kultur \u00f6stlicher Kl\u00f6ster hat, wo Tee ein integraler Bestandteil der meditativen Praxis ist. Dieser in hohen Lagen angebaute und handgefertigte Tee bietet einen reinen Aufguss mit einem sanften [&hellip;]\" \/>\n<meta property=\"og:url\" content=\"https:\/\/erboristeria-artemisia.ch\/de\/produkt\/buddhist-tee-60g\/\" \/>\n<meta property=\"og:site_name\" content=\"Erboristeria Artemisia\" \/>\n<meta property=\"article:modified_time\" content=\"2025-09-25T14:25:55+00:00\" \/>\n<meta property=\"og:image\" content=\"https:\/\/erboristeria-artemisia.ch\/wp-content\/uploads\/2025\/09\/Buddhist-tea.jpg\" \/>\n\t<meta property=\"og:image:width\" content=\"2000\" \/>\n\t<meta property=\"og:image:height\" content=\"2000\" \/>\n\t<meta property=\"og:image:type\" content=\"image\/jpeg\" \/>\n<meta name=\"twitter:card\" content=\"summary_large_image\" \/>\n<meta name=\"twitter:label1\" content=\"Gesch\u00e4tzte Lesezeit\" \/>\n\t<meta name=\"twitter:data1\" content=\"1\u00a0Minute\" \/>\n<script type=\"application\/ld+json\" class=\"yoast-schema-graph\">{\"@context\":\"https:\\\/\\\/schema.org\",\"@graph\":[{\"@type\":\"WebPage\",\"@id\":\"https:\\\/\\\/erboristeria-artemisia.ch\\\/de\\\/produkt\\\/buddhist-tee-60g\\\/\",\"url\":\"https:\\\/\\\/erboristeria-artemisia.ch\\\/de\\\/produkt\\\/buddhist-tee-60g\\\/\",\"name\":\"Buddhist-Tee 60g - Erboristeria Artemisia\",\"isPartOf\":{\"@id\":\"https:\\\/\\\/erboristeria-artemisia.ch\\\/de\\\/#website\"},\"primaryImageOfPage\":{\"@id\":\"https:\\\/\\\/erboristeria-artemisia.ch\\\/de\\\/produkt\\\/buddhist-tee-60g\\\/#primaryimage\"},\"image\":{\"@id\":\"https:\\\/\\\/erboristeria-artemisia.ch\\\/de\\\/produkt\\\/buddhist-tee-60g\\\/#primaryimage\"},\"thumbnailUrl\":\"https:\\\/\\\/erboristeria-artemisia.ch\\\/wp-content\\\/uploads\\\/2025\\\/09\\\/Buddhist-tea.jpg\",\"datePublished\":\"2025-09-17T19:22:20+00:00\",\"dateModified\":\"2025-09-25T14:25:55+00:00\",\"breadcrumb\":{\"@id\":\"https:\\\/\\\/erboristeria-artemisia.ch\\\/de\\\/produkt\\\/buddhist-tee-60g\\\/#breadcrumb\"},\"inLanguage\":\"de\",\"potentialAction\":[{\"@type\":\"ReadAction\",\"target\":[\"https:\\\/\\\/erboristeria-artemisia.ch\\\/de\\\/produkt\\\/buddhist-tee-60g\\\/\"]}]},{\"@type\":\"ImageObject\",\"inLanguage\":\"de\",\"@id\":\"https:\\\/\\\/erboristeria-artemisia.ch\\\/de\\\/produkt\\\/buddhist-tee-60g\\\/#primaryimage\",\"url\":\"https:\\\/\\\/erboristeria-artemisia.ch\\\/wp-content\\\/uploads\\\/2025\\\/09\\\/Buddhist-tea.jpg\",\"contentUrl\":\"https:\\\/\\\/erboristeria-artemisia.ch\\\/wp-content\\\/uploads\\\/2025\\\/09\\\/Buddhist-tea.jpg\",\"width\":2000,\"height\":2000},{\"@type\":\"BreadcrumbList\",\"@id\":\"https:\\\/\\\/erboristeria-artemisia.ch\\\/de\\\/produkt\\\/buddhist-tee-60g\\\/#breadcrumb\",\"itemListElement\":[{\"@type\":\"ListItem\",\"position\":1,\"name\":\"Home\",\"item\":\"https:\\\/\\\/erboristeria-artemisia.ch\\\/de\\\/startseite\\\/\"},{\"@type\":\"ListItem\",\"position\":2,\"name\":\"Shop4\",\"item\":\"https:\\\/\\\/erboristeria-artemisia.ch\\\/shop4\\\/\"},{\"@type\":\"ListItem\",\"position\":3,\"name\":\"Buddhist-Tee 60g\"}]},{\"@type\":\"WebSite\",\"@id\":\"https:\\\/\\\/erboristeria-artemisia.ch\\\/de\\\/#website\",\"url\":\"https:\\\/\\\/erboristeria-artemisia.ch\\\/de\\\/\",\"name\":\"Erboristeria Artemisia\",\"description\":\"Ogni sorso \u00e8 un momento per te\",\"potentialAction\":[{\"@type\":\"SearchAction\",\"target\":{\"@type\":\"EntryPoint\",\"urlTemplate\":\"https:\\\/\\\/erboristeria-artemisia.ch\\\/de\\\/?s={search_term_string}\"},\"query-input\":{\"@type\":\"PropertyValueSpecification\",\"valueRequired\":true,\"valueName\":\"search_term_string\"}}],\"inLanguage\":\"de\"}]}<\/script>\n<!-- \/ Yoast SEO plugin. -->","yoast_head_json":{"title":"Buddhist-Tee 60g - Erboristeria Artemisia","robots":{"index":"index","follow":"follow","max-snippet":"max-snippet:-1","max-image-preview":"max-image-preview:large","max-video-preview":"max-video-preview:-1"},"canonical":"https:\/\/erboristeria-artemisia.ch\/de\/produkt\/buddhist-tee-60g\/","og_locale":"de_DE","og_type":"article","og_title":"Buddhist-Tee 60g - Erboristeria Artemisia","og_description":"\ud83e\uddd8\u200d\u2642\ufe0f\ud83c\udf43 Buddhistischer Tee &#8211; 60g Gr\u00fcner Tee inspiriert von der Zen-Tradition &#8211; Gleichgewicht, Reinheit, Meditation. Buddhist Tea ist ein nat\u00fcrlicher gr\u00fcner Tee, der seine Wurzeln in der Kultur \u00f6stlicher Kl\u00f6ster hat, wo Tee ein integraler Bestandteil der meditativen Praxis ist. Dieser in hohen Lagen angebaute und handgefertigte Tee bietet einen reinen Aufguss mit einem sanften [&hellip;]","og_url":"https:\/\/erboristeria-artemisia.ch\/de\/produkt\/buddhist-tee-60g\/","og_site_name":"Erboristeria Artemisia","article_modified_time":"2025-09-25T14:25:55+00:00","og_image":[{"width":2000,"height":2000,"url":"https:\/\/erboristeria-artemisia.ch\/wp-content\/uploads\/2025\/09\/Buddhist-tea.jpg","type":"image\/jpeg"}],"twitter_card":"summary_large_image","twitter_misc":{"Gesch\u00e4tzte Lesezeit":"1\u00a0Minute"},"schema":{"@context":"https:\/\/schema.org","@graph":[{"@type":"WebPage","@id":"https:\/\/erboristeria-artemisia.ch\/de\/produkt\/buddhist-tee-60g\/","url":"https:\/\/erboristeria-artemisia.ch\/de\/produkt\/buddhist-tee-60g\/","name":"Buddhist-Tee 60g - Erboristeria Artemisia","isPartOf":{"@id":"https:\/\/erboristeria-artemisia.ch\/de\/#website"},"primaryImageOfPage":{"@id":"https:\/\/erboristeria-artemisia.ch\/de\/produkt\/buddhist-tee-60g\/#primaryimage"},"image":{"@id":"https:\/\/erboristeria-artemisia.ch\/de\/produkt\/buddhist-tee-60g\/#primaryimage"},"thumbnailUrl":"https:\/\/erboristeria-artemisia.ch\/wp-content\/uploads\/2025\/09\/Buddhist-tea.jpg","datePublished":"2025-09-17T19:22:20+00:00","dateModified":"2025-09-25T14:25:55+00:00","breadcrumb":{"@id":"https:\/\/erboristeria-artemisia.ch\/de\/produkt\/buddhist-tee-60g\/#breadcrumb"},"inLanguage":"de","potentialAction":[{"@type":"ReadAction","target":["https:\/\/erboristeria-artemisia.ch\/de\/produkt\/buddhist-tee-60g\/"]}]},{"@type":"ImageObject","inLanguage":"de","@id":"https:\/\/erboristeria-artemisia.ch\/de\/produkt\/buddhist-tee-60g\/#primaryimage","url":"https:\/\/erboristeria-artemisia.ch\/wp-content\/uploads\/2025\/09\/Buddhist-tea.jpg","contentUrl":"https:\/\/erboristeria-artemisia.ch\/wp-content\/uploads\/2025\/09\/Buddhist-tea.jpg","width":2000,"height":2000},{"@type":"BreadcrumbList","@id":"https:\/\/erboristeria-artemisia.ch\/de\/produkt\/buddhist-tee-60g\/#breadcrumb","itemListElement":[{"@type":"ListItem","position":1,"name":"Home","item":"https:\/\/erboristeria-artemisia.ch\/de\/startseite\/"},{"@type":"ListItem","position":2,"name":"Shop4","item":"https:\/\/erboristeria-artemisia.ch\/shop4\/"},{"@type":"ListItem","position":3,"name":"Buddhist-Tee 60g"}]},{"@type":"WebSite","@id":"https:\/\/erboristeria-artemisia.ch\/de\/#website","url":"https:\/\/erboristeria-artemisia.ch\/de\/","name":"Erboristeria Artemisia","description":"Ogni sorso \u00e8 un momento per te","potentialAction":[{"@type":"SearchAction","target":{"@type":"EntryPoint","urlTemplate":"https:\/\/erboristeria-artemisia.ch\/de\/?s={search_term_string}"},"query-input":{"@type":"PropertyValueSpecification","valueRequired":true,"valueName":"search_term_string"}}],"inLanguage":"de"}]}},"_links":{"self":[{"href":"https:\/\/erboristeria-artemisia.ch\/de\/wp-json\/wp\/v2\/product\/30835","targetHints":{"allow":["GET"]}}],"collection":[{"href":"https:\/\/erboristeria-artemisia.ch\/de\/wp-json\/wp\/v2\/product"}],"about":[{"href":"https:\/\/erboristeria-artemisia.ch\/de\/wp-json\/wp\/v2\/types\/product"}],"wp:featuredmedia":[{"embeddable":true,"href":"https:\/\/erboristeria-artemisia.ch\/de\/wp-json\/wp\/v2\/media\/30516"}],"wp:attachment":[{"href":"https:\/\/erboristeria-artemisia.ch\/de\/wp-json\/wp\/v2\/media?parent=30835"}],"wp:term":[{"taxonomy":"product_brand","embeddable":true,"href":"https:\/\/erboristeria-artemisia.ch\/de\/wp-json\/wp\/v2\/product_brand?post=30835"},{"taxonomy":"product_cat","embeddable":true,"href":"https:\/\/erboristeria-artemisia.ch\/de\/wp-json\/wp\/v2\/product_cat?post=30835"},{"taxonomy":"product_tag","embeddable":true,"href":"https:\/\/erboristeria-artemisia.ch\/de\/wp-json\/wp\/v2\/product_tag?post=30835"}],"curies":[{"name":"wp","href":"https:\/\/api.w.org\/{rel}","templated":true}]}}