{"id":30836,"date":"2025-09-17T21:07:36","date_gmt":"2025-09-17T19:07:36","guid":{"rendered":"https:\/\/erboristeria-artemisia.ch\/product\/jasmin-tee-100g\/"},"modified":"2025-09-25T16:25:55","modified_gmt":"2025-09-25T14:25:55","slug":"jasmin-tee-100g","status":"publish","type":"product","link":"https:\/\/erboristeria-artemisia.ch\/de\/produkt\/jasmin-tee-100g\/","title":{"rendered":"Jasmin-Tee 100g"},"content":{"rendered":"<h2 data-start=\"95\" data-end=\"124\">\ud83c\udf38 <strong data-start=\"101\" data-end=\"122\">Jasmin-Tee &#8211; 100g<\/strong><\/h2>\n<p data-start=\"125\" data-end=\"194\"><strong data-start=\"125\" data-end=\"194\">Der berauschende Duft des Jasmins in einem eleganten und delikaten Tee.<\/strong><\/p>\n<p data-start=\"196\" data-end=\"368\">Dieser aromatische Tee kombiniert die Frische ausgew\u00e4hlter Bl\u00e4tter mit dem s\u00fc\u00dfen nat\u00fcrlichen Duft von Jasminbl\u00fcten f\u00fcr ein raffiniertes und entspannendes Geschmackserlebnis.<\/p>\n<hr data-start=\"370\" data-end=\"373\">\n<h3 data-start=\"375\" data-end=\"409\">\ud83c\udf75 <strong data-start=\"382\" data-end=\"406\">Verkostungsnotizen<\/strong>:<\/h3>\n<ul data-start=\"410\" data-end=\"616\">\n<li data-start=\"410\" data-end=\"452\">\n<p data-start=\"412\" data-end=\"452\"><strong data-start=\"412\" data-end=\"423\">Erscheinungsbild<\/strong>: Klarer, heller Lik\u00f6r<\/p>\n<\/li>\n<li data-start=\"453\" data-end=\"494\">\n<p data-start=\"455\" data-end=\"494\"><strong data-start=\"455\" data-end=\"464\">Aroma<\/strong>: Intensiv, blumig und frisch<\/p>\n<\/li>\n<li data-start=\"495\" data-end=\"575\">\n<p data-start=\"497\" data-end=\"575\"><strong data-start=\"497\" data-end=\"506\">Geschmack<\/strong>: Weich, leicht s\u00fc\u00df mit einem lang anhaltenden blumigen Nachgeschmack<\/p>\n<\/li>\n<li data-start=\"576\" data-end=\"616\">\n<p data-start=\"578\" data-end=\"616\"><strong data-start=\"578\" data-end=\"592\">Empfindung<\/strong>: Zart und harmonisch<\/p>\n<\/li>\n<\/ul>\n<hr data-start=\"618\" data-end=\"621\">\n<h3 data-start=\"623\" data-end=\"648\">\ud83c\udf3f <strong data-start=\"630\" data-end=\"645\">Zutaten<\/strong>:<\/h3>\n<ul data-start=\"649\" data-end=\"756\">\n<li data-start=\"649\" data-end=\"696\">\n<p data-start=\"651\" data-end=\"696\">Gr\u00fcner oder wei\u00dfer Tee (je nach Mischung)<\/p>\n<\/li>\n<li data-start=\"697\" data-end=\"728\">\n<p data-start=\"699\" data-end=\"728\">Nat\u00fcrliche Jasminbl\u00fcten<\/p>\n<\/li>\n<li data-start=\"729\" data-end=\"756\">\n<p data-start=\"731\" data-end=\"756\"><em data-start=\"731\" data-end=\"756\">Keine k\u00fcnstlichen Aromen<\/em><\/p>\n<\/li>\n<\/ul>\n<hr data-start=\"758\" data-end=\"761\">\n<h3 data-start=\"763\" data-end=\"801\">\ud83e\uded6 <strong data-start=\"770\" data-end=\"798\">Empfohlene Zubereitung<\/strong>:<\/h3>\n<ul data-start=\"802\" data-end=\"902\">\n<li data-start=\"802\" data-end=\"832\">\n<p data-start=\"804\" data-end=\"832\"><strong data-start=\"804\" data-end=\"816\">Menge<\/strong>: 2g pro Tasse<\/p>\n<\/li>\n<li data-start=\"833\" data-end=\"872\">\n<p data-start=\"835\" data-end=\"872\"><strong data-start=\"835\" data-end=\"861\">Wassertemperatur<\/strong>: 75-85\u00b0C<\/p>\n<\/li>\n<li data-start=\"873\" data-end=\"902\">\n<p data-start=\"875\" data-end=\"902\"><strong data-start=\"875\" data-end=\"888\">Infusion<\/strong>: 2-4 Minuten<\/p>\n<\/li>\n<\/ul>\n<hr data-start=\"904\" data-end=\"907\">\n","protected":false},"excerpt":{"rendered":"<p>\ud83c\udf38 Jasmin-Tee &#8211; 100g Der berauschende Duft des Jasmins in einem eleganten und delikaten Tee. Dieser aromatische Tee kombiniert die Frische ausgew\u00e4hlter Bl\u00e4tter mit dem s\u00fc\u00dfen nat\u00fcrlichen Duft von Jasminbl\u00fcten f\u00fcr ein raffiniertes und entspannendes Geschmackserlebnis. \ud83c\udf75 Verkostungsnotizen: Erscheinungsbild: Klarer, heller Lik\u00f6r Aroma: Intensiv, blumig und frisch Geschmack: Weich, leicht s\u00fc\u00df mit einem lang anhaltenden [&hellip;]<\/p>\n","protected":false},"featured_media":30501,"template":"","meta":{"_et_pb_use_builder":"","_et_pb_old_content":"","_et_gb_content_width":""},"product_brand":[],"product_cat":[92],"product_tag":[],"class_list":{"0":"post-30836","1":"product","2":"type-product","3":"status-publish","4":"has-post-thumbnail","6":"product_cat-chinesische-tees","8":"first","9":"instock","10":"shipping-taxable","11":"purchasable","12":"product-type-simple"},"yoast_head":"<!-- This site is optimized with the Yoast SEO plugin v27.4 - https:\/\/yoast.com\/product\/yoast-seo-wordpress\/ -->\n<title>Jasmin-Tee 100g - Erboristeria Artemisia<\/title>\n<meta name=\"robots\" content=\"index, follow, max-snippet:-1, max-image-preview:large, max-video-preview:-1\" \/>\n<link rel=\"canonical\" href=\"https:\/\/erboristeria-artemisia.ch\/de\/produkt\/jasmin-tee-100g\/\" \/>\n<meta property=\"og:locale\" content=\"de_DE\" \/>\n<meta property=\"og:type\" content=\"article\" \/>\n<meta property=\"og:title\" content=\"Jasmin-Tee 100g - Erboristeria Artemisia\" \/>\n<meta property=\"og:description\" content=\"\ud83c\udf38 Jasmin-Tee &#8211; 100g Der berauschende Duft des Jasmins in einem eleganten und delikaten Tee. Dieser aromatische Tee kombiniert die Frische ausgew\u00e4hlter Bl\u00e4tter mit dem s\u00fc\u00dfen nat\u00fcrlichen Duft von Jasminbl\u00fcten f\u00fcr ein raffiniertes und entspannendes Geschmackserlebnis. \ud83c\udf75 Verkostungsnotizen: Erscheinungsbild: Klarer, heller Lik\u00f6r Aroma: Intensiv, blumig und frisch Geschmack: Weich, leicht s\u00fc\u00df mit einem lang anhaltenden [&hellip;]\" \/>\n<meta property=\"og:url\" content=\"https:\/\/erboristeria-artemisia.ch\/de\/produkt\/jasmin-tee-100g\/\" \/>\n<meta property=\"og:site_name\" content=\"Erboristeria Artemisia\" \/>\n<meta property=\"article:modified_time\" content=\"2025-09-25T14:25:55+00:00\" \/>\n<meta property=\"og:image\" content=\"https:\/\/erboristeria-artemisia.ch\/wp-content\/uploads\/2025\/09\/Jasmin-Tea.jpg\" \/>\n\t<meta property=\"og:image:width\" content=\"2000\" \/>\n\t<meta property=\"og:image:height\" content=\"2000\" \/>\n\t<meta property=\"og:image:type\" content=\"image\/jpeg\" \/>\n<meta name=\"twitter:card\" content=\"summary_large_image\" \/>\n<script type=\"application\/ld+json\" class=\"yoast-schema-graph\">{\"@context\":\"https:\\\/\\\/schema.org\",\"@graph\":[{\"@type\":\"WebPage\",\"@id\":\"https:\\\/\\\/erboristeria-artemisia.ch\\\/de\\\/produkt\\\/jasmin-tee-100g\\\/\",\"url\":\"https:\\\/\\\/erboristeria-artemisia.ch\\\/de\\\/produkt\\\/jasmin-tee-100g\\\/\",\"name\":\"Jasmin-Tee 100g - Erboristeria Artemisia\",\"isPartOf\":{\"@id\":\"https:\\\/\\\/erboristeria-artemisia.ch\\\/de\\\/#website\"},\"primaryImageOfPage\":{\"@id\":\"https:\\\/\\\/erboristeria-artemisia.ch\\\/de\\\/produkt\\\/jasmin-tee-100g\\\/#primaryimage\"},\"image\":{\"@id\":\"https:\\\/\\\/erboristeria-artemisia.ch\\\/de\\\/produkt\\\/jasmin-tee-100g\\\/#primaryimage\"},\"thumbnailUrl\":\"https:\\\/\\\/erboristeria-artemisia.ch\\\/wp-content\\\/uploads\\\/2025\\\/09\\\/Jasmin-Tea.jpg\",\"datePublished\":\"2025-09-17T19:07:36+00:00\",\"dateModified\":\"2025-09-25T14:25:55+00:00\",\"breadcrumb\":{\"@id\":\"https:\\\/\\\/erboristeria-artemisia.ch\\\/de\\\/produkt\\\/jasmin-tee-100g\\\/#breadcrumb\"},\"inLanguage\":\"de\",\"potentialAction\":[{\"@type\":\"ReadAction\",\"target\":[\"https:\\\/\\\/erboristeria-artemisia.ch\\\/de\\\/produkt\\\/jasmin-tee-100g\\\/\"]}]},{\"@type\":\"ImageObject\",\"inLanguage\":\"de\",\"@id\":\"https:\\\/\\\/erboristeria-artemisia.ch\\\/de\\\/produkt\\\/jasmin-tee-100g\\\/#primaryimage\",\"url\":\"https:\\\/\\\/erboristeria-artemisia.ch\\\/wp-content\\\/uploads\\\/2025\\\/09\\\/Jasmin-Tea.jpg\",\"contentUrl\":\"https:\\\/\\\/erboristeria-artemisia.ch\\\/wp-content\\\/uploads\\\/2025\\\/09\\\/Jasmin-Tea.jpg\",\"width\":2000,\"height\":2000},{\"@type\":\"BreadcrumbList\",\"@id\":\"https:\\\/\\\/erboristeria-artemisia.ch\\\/de\\\/produkt\\\/jasmin-tee-100g\\\/#breadcrumb\",\"itemListElement\":[{\"@type\":\"ListItem\",\"position\":1,\"name\":\"Home\",\"item\":\"https:\\\/\\\/erboristeria-artemisia.ch\\\/de\\\/startseite\\\/\"},{\"@type\":\"ListItem\",\"position\":2,\"name\":\"Shop4\",\"item\":\"https:\\\/\\\/erboristeria-artemisia.ch\\\/shop4\\\/\"},{\"@type\":\"ListItem\",\"position\":3,\"name\":\"Jasmin-Tee 100g\"}]},{\"@type\":\"WebSite\",\"@id\":\"https:\\\/\\\/erboristeria-artemisia.ch\\\/de\\\/#website\",\"url\":\"https:\\\/\\\/erboristeria-artemisia.ch\\\/de\\\/\",\"name\":\"Erboristeria Artemisia\",\"description\":\"Ogni sorso \u00e8 un momento per te\",\"potentialAction\":[{\"@type\":\"SearchAction\",\"target\":{\"@type\":\"EntryPoint\",\"urlTemplate\":\"https:\\\/\\\/erboristeria-artemisia.ch\\\/de\\\/?s={search_term_string}\"},\"query-input\":{\"@type\":\"PropertyValueSpecification\",\"valueRequired\":true,\"valueName\":\"search_term_string\"}}],\"inLanguage\":\"de\"}]}<\/script>\n<!-- \/ Yoast SEO plugin. -->","yoast_head_json":{"title":"Jasmin-Tee 100g - Erboristeria Artemisia","robots":{"index":"index","follow":"follow","max-snippet":"max-snippet:-1","max-image-preview":"max-image-preview:large","max-video-preview":"max-video-preview:-1"},"canonical":"https:\/\/erboristeria-artemisia.ch\/de\/produkt\/jasmin-tee-100g\/","og_locale":"de_DE","og_type":"article","og_title":"Jasmin-Tee 100g - Erboristeria Artemisia","og_description":"\ud83c\udf38 Jasmin-Tee &#8211; 100g Der berauschende Duft des Jasmins in einem eleganten und delikaten Tee. Dieser aromatische Tee kombiniert die Frische ausgew\u00e4hlter Bl\u00e4tter mit dem s\u00fc\u00dfen nat\u00fcrlichen Duft von Jasminbl\u00fcten f\u00fcr ein raffiniertes und entspannendes Geschmackserlebnis. \ud83c\udf75 Verkostungsnotizen: Erscheinungsbild: Klarer, heller Lik\u00f6r Aroma: Intensiv, blumig und frisch Geschmack: Weich, leicht s\u00fc\u00df mit einem lang anhaltenden [&hellip;]","og_url":"https:\/\/erboristeria-artemisia.ch\/de\/produkt\/jasmin-tee-100g\/","og_site_name":"Erboristeria Artemisia","article_modified_time":"2025-09-25T14:25:55+00:00","og_image":[{"width":2000,"height":2000,"url":"https:\/\/erboristeria-artemisia.ch\/wp-content\/uploads\/2025\/09\/Jasmin-Tea.jpg","type":"image\/jpeg"}],"twitter_card":"summary_large_image","schema":{"@context":"https:\/\/schema.org","@graph":[{"@type":"WebPage","@id":"https:\/\/erboristeria-artemisia.ch\/de\/produkt\/jasmin-tee-100g\/","url":"https:\/\/erboristeria-artemisia.ch\/de\/produkt\/jasmin-tee-100g\/","name":"Jasmin-Tee 100g - Erboristeria Artemisia","isPartOf":{"@id":"https:\/\/erboristeria-artemisia.ch\/de\/#website"},"primaryImageOfPage":{"@id":"https:\/\/erboristeria-artemisia.ch\/de\/produkt\/jasmin-tee-100g\/#primaryimage"},"image":{"@id":"https:\/\/erboristeria-artemisia.ch\/de\/produkt\/jasmin-tee-100g\/#primaryimage"},"thumbnailUrl":"https:\/\/erboristeria-artemisia.ch\/wp-content\/uploads\/2025\/09\/Jasmin-Tea.jpg","datePublished":"2025-09-17T19:07:36+00:00","dateModified":"2025-09-25T14:25:55+00:00","breadcrumb":{"@id":"https:\/\/erboristeria-artemisia.ch\/de\/produkt\/jasmin-tee-100g\/#breadcrumb"},"inLanguage":"de","potentialAction":[{"@type":"ReadAction","target":["https:\/\/erboristeria-artemisia.ch\/de\/produkt\/jasmin-tee-100g\/"]}]},{"@type":"ImageObject","inLanguage":"de","@id":"https:\/\/erboristeria-artemisia.ch\/de\/produkt\/jasmin-tee-100g\/#primaryimage","url":"https:\/\/erboristeria-artemisia.ch\/wp-content\/uploads\/2025\/09\/Jasmin-Tea.jpg","contentUrl":"https:\/\/erboristeria-artemisia.ch\/wp-content\/uploads\/2025\/09\/Jasmin-Tea.jpg","width":2000,"height":2000},{"@type":"BreadcrumbList","@id":"https:\/\/erboristeria-artemisia.ch\/de\/produkt\/jasmin-tee-100g\/#breadcrumb","itemListElement":[{"@type":"ListItem","position":1,"name":"Home","item":"https:\/\/erboristeria-artemisia.ch\/de\/startseite\/"},{"@type":"ListItem","position":2,"name":"Shop4","item":"https:\/\/erboristeria-artemisia.ch\/shop4\/"},{"@type":"ListItem","position":3,"name":"Jasmin-Tee 100g"}]},{"@type":"WebSite","@id":"https:\/\/erboristeria-artemisia.ch\/de\/#website","url":"https:\/\/erboristeria-artemisia.ch\/de\/","name":"Erboristeria Artemisia","description":"Ogni sorso \u00e8 un momento per te","potentialAction":[{"@type":"SearchAction","target":{"@type":"EntryPoint","urlTemplate":"https:\/\/erboristeria-artemisia.ch\/de\/?s={search_term_string}"},"query-input":{"@type":"PropertyValueSpecification","valueRequired":true,"valueName":"search_term_string"}}],"inLanguage":"de"}]}},"_links":{"self":[{"href":"https:\/\/erboristeria-artemisia.ch\/de\/wp-json\/wp\/v2\/product\/30836","targetHints":{"allow":["GET"]}}],"collection":[{"href":"https:\/\/erboristeria-artemisia.ch\/de\/wp-json\/wp\/v2\/product"}],"about":[{"href":"https:\/\/erboristeria-artemisia.ch\/de\/wp-json\/wp\/v2\/types\/product"}],"wp:featuredmedia":[{"embeddable":true,"href":"https:\/\/erboristeria-artemisia.ch\/de\/wp-json\/wp\/v2\/media\/30501"}],"wp:attachment":[{"href":"https:\/\/erboristeria-artemisia.ch\/de\/wp-json\/wp\/v2\/media?parent=30836"}],"wp:term":[{"taxonomy":"product_brand","embeddable":true,"href":"https:\/\/erboristeria-artemisia.ch\/de\/wp-json\/wp\/v2\/product_brand?post=30836"},{"taxonomy":"product_cat","embeddable":true,"href":"https:\/\/erboristeria-artemisia.ch\/de\/wp-json\/wp\/v2\/product_cat?post=30836"},{"taxonomy":"product_tag","embeddable":true,"href":"https:\/\/erboristeria-artemisia.ch\/de\/wp-json\/wp\/v2\/product_tag?post=30836"}],"curies":[{"name":"wp","href":"https:\/\/api.w.org\/{rel}","templated":true}]}}