{"id":30837,"date":"2025-09-17T21:09:18","date_gmt":"2025-09-17T19:09:18","guid":{"rendered":"https:\/\/erboristeria-artemisia.ch\/product\/lotos-gruener-tee-80g\/"},"modified":"2025-09-25T16:25:56","modified_gmt":"2025-09-25T14:25:56","slug":"lotos-gruener-tee-80g","status":"publish","type":"product","link":"https:\/\/erboristeria-artemisia.ch\/de\/produkt\/lotos-gruener-tee-80g\/","title":{"rendered":"Lotos Gr\u00fcner Tee 80g"},"content":{"rendered":"<h2 data-start=\"83\" data-end=\"117\">\ud83c\udf3f\ud83c\udf38 <strong data-start=\"91\" data-end=\"115\">Lotos Gr\u00fcner Tee &#8211; 80g<\/strong><\/h2>\n<p data-start=\"118\" data-end=\"182\"><strong data-start=\"118\" data-end=\"182\">Die Harmonie von gr\u00fcnem Tee kombiniert mit der Reinheit von Lotusblumen.<\/strong><\/p>\n<p data-start=\"184\" data-end=\"455\">Diese raffinierte Mischung kombiniert den frischen, leichten Geschmack von gr\u00fcnem Tee mit dem zarten Duft von <strong data-start=\"293\" data-end=\"310\">Lotusbl\u00fctenbl\u00e4ttern<\/strong>, einem Symbol f\u00fcr Reinheit und Gelassenheit. Ein Tee, der ein einzigartiges, frisches und entspannendes sensorisches Erlebnis bietet, perfekt f\u00fcr Momente der Ruhe und des Wohlbefindens. <\/p>\n<hr data-start=\"457\" data-end=\"460\">\n<h3 data-start=\"462\" data-end=\"496\">\ud83c\udf75 <strong data-start=\"469\" data-end=\"493\">Verkostungsnotizen<\/strong>:<\/h3>\n<ul data-start=\"497\" data-end=\"701\">\n<li data-start=\"497\" data-end=\"545\">\n<p data-start=\"499\" data-end=\"545\"><strong data-start=\"499\" data-end=\"510\">Aussehen<\/strong>: heller, leuchtend gr\u00fcner Lik\u00f6r<\/p>\n<\/li>\n<li data-start=\"546\" data-end=\"607\">\n<p data-start=\"548\" data-end=\"607\"><strong data-start=\"548\" data-end=\"557\">Aroma<\/strong>: Zart, frisch, mit blumigen Noten von Lotos<\/p>\n<\/li>\n<li data-start=\"608\" data-end=\"660\">\n<p data-start=\"610\" data-end=\"660\"><strong data-start=\"610\" data-end=\"619\">Geschmack<\/strong>: Weich, harmonisch, leicht s\u00fc\u00df<\/p>\n<\/li>\n<li data-start=\"661\" data-end=\"701\">\n<p data-start=\"663\" data-end=\"701\"><strong data-start=\"663\" data-end=\"677\">Nachgeschmack<\/strong>: Sauber und anhaltend<\/p>\n<\/li>\n<\/ul>\n<hr data-start=\"703\" data-end=\"706\">\n<h3 data-start=\"708\" data-end=\"733\">\ud83c\udf31 <strong data-start=\"715\" data-end=\"730\">Zutaten<\/strong>:<\/h3>\n<ul data-start=\"734\" data-end=\"843\">\n<li data-start=\"734\" data-end=\"762\">\n<p data-start=\"736\" data-end=\"762\">Hochwertiger gr\u00fcner Tee<\/p>\n<\/li>\n<li data-start=\"763\" data-end=\"800\">\n<p data-start=\"765\" data-end=\"800\">Getrocknete Lotosbl\u00fctenbl\u00e4tter<\/p>\n<\/li>\n<li data-start=\"801\" data-end=\"843\">\n<p data-start=\"803\" data-end=\"843\"><em data-start=\"803\" data-end=\"843\">100% nat\u00fcrlich, keine k\u00fcnstlichen Aromen<\/em><\/p>\n<\/li>\n<\/ul>\n<hr data-start=\"845\" data-end=\"848\">\n<h3 data-start=\"850\" data-end=\"888\">\ud83e\uded6 <strong data-start=\"857\" data-end=\"885\">Empfohlene Zubereitung<\/strong>:<\/h3>\n<ul data-start=\"889\" data-end=\"989\">\n<li data-start=\"889\" data-end=\"919\">\n<p data-start=\"891\" data-end=\"919\"><strong data-start=\"891\" data-end=\"903\">Menge<\/strong>: 2g pro Tasse<\/p>\n<\/li>\n<li data-start=\"920\" data-end=\"959\">\n<p data-start=\"922\" data-end=\"959\"><strong data-start=\"922\" data-end=\"948\">Wassertemperatur<\/strong>: 75-80\u00b0C<\/p>\n<\/li>\n<li data-start=\"960\" data-end=\"989\">\n<p data-start=\"962\" data-end=\"989\"><strong data-start=\"962\" data-end=\"975\">Infusion<\/strong>: 2-3 Minuten<\/p>\n<\/li>\n<\/ul>\n<hr data-start=\"991\" data-end=\"994\">\n","protected":false},"excerpt":{"rendered":"<p>\ud83c\udf3f\ud83c\udf38 Lotos Gr\u00fcner Tee &#8211; 80g Die Harmonie von gr\u00fcnem Tee kombiniert mit der Reinheit von Lotusblumen. Diese raffinierte Mischung kombiniert den frischen, leichten Geschmack von gr\u00fcnem Tee mit dem zarten Duft von Lotusbl\u00fctenbl\u00e4ttern, einem Symbol f\u00fcr Reinheit und Gelassenheit. Ein Tee, der ein einzigartiges, frisches und entspannendes sensorisches Erlebnis bietet, perfekt f\u00fcr Momente der [&hellip;]<\/p>\n","protected":false},"featured_media":30504,"template":"","meta":{"_et_pb_use_builder":"","_et_pb_old_content":"","_et_gb_content_width":""},"product_brand":[],"product_cat":[92],"product_tag":[],"class_list":{"0":"post-30837","1":"product","2":"type-product","3":"status-publish","4":"has-post-thumbnail","6":"product_cat-chinesische-tees","8":"first","9":"instock","10":"shipping-taxable","11":"purchasable","12":"product-type-simple"},"yoast_head":"<!-- This site is optimized with the Yoast SEO plugin v27.4 - https:\/\/yoast.com\/product\/yoast-seo-wordpress\/ -->\n<title>Lotos Gr\u00fcner Tee 80g - Erboristeria Artemisia<\/title>\n<meta name=\"robots\" content=\"index, follow, max-snippet:-1, max-image-preview:large, max-video-preview:-1\" \/>\n<link rel=\"canonical\" href=\"https:\/\/erboristeria-artemisia.ch\/de\/produkt\/lotos-gruener-tee-80g\/\" \/>\n<meta property=\"og:locale\" content=\"de_DE\" \/>\n<meta property=\"og:type\" content=\"article\" \/>\n<meta property=\"og:title\" content=\"Lotos Gr\u00fcner Tee 80g - Erboristeria Artemisia\" \/>\n<meta property=\"og:description\" content=\"\ud83c\udf3f\ud83c\udf38 Lotos Gr\u00fcner Tee &#8211; 80g Die Harmonie von gr\u00fcnem Tee kombiniert mit der Reinheit von Lotusblumen. Diese raffinierte Mischung kombiniert den frischen, leichten Geschmack von gr\u00fcnem Tee mit dem zarten Duft von Lotusbl\u00fctenbl\u00e4ttern, einem Symbol f\u00fcr Reinheit und Gelassenheit. Ein Tee, der ein einzigartiges, frisches und entspannendes sensorisches Erlebnis bietet, perfekt f\u00fcr Momente der [&hellip;]\" \/>\n<meta property=\"og:url\" content=\"https:\/\/erboristeria-artemisia.ch\/de\/produkt\/lotos-gruener-tee-80g\/\" \/>\n<meta property=\"og:site_name\" content=\"Erboristeria Artemisia\" \/>\n<meta property=\"article:modified_time\" content=\"2025-09-25T14:25:56+00:00\" \/>\n<meta property=\"og:image\" content=\"https:\/\/erboristeria-artemisia.ch\/wp-content\/uploads\/2025\/09\/Te-verde-Lotos.jpg\" \/>\n\t<meta property=\"og:image:width\" content=\"2000\" \/>\n\t<meta property=\"og:image:height\" content=\"2000\" \/>\n\t<meta property=\"og:image:type\" content=\"image\/jpeg\" \/>\n<meta name=\"twitter:card\" content=\"summary_large_image\" \/>\n<meta name=\"twitter:label1\" content=\"Gesch\u00e4tzte Lesezeit\" \/>\n\t<meta name=\"twitter:data1\" content=\"1\u00a0Minute\" \/>\n<script type=\"application\/ld+json\" class=\"yoast-schema-graph\">{\"@context\":\"https:\\\/\\\/schema.org\",\"@graph\":[{\"@type\":\"WebPage\",\"@id\":\"https:\\\/\\\/erboristeria-artemisia.ch\\\/de\\\/produkt\\\/lotos-gruener-tee-80g\\\/\",\"url\":\"https:\\\/\\\/erboristeria-artemisia.ch\\\/de\\\/produkt\\\/lotos-gruener-tee-80g\\\/\",\"name\":\"Lotos Gr\u00fcner Tee 80g - Erboristeria Artemisia\",\"isPartOf\":{\"@id\":\"https:\\\/\\\/erboristeria-artemisia.ch\\\/de\\\/#website\"},\"primaryImageOfPage\":{\"@id\":\"https:\\\/\\\/erboristeria-artemisia.ch\\\/de\\\/produkt\\\/lotos-gruener-tee-80g\\\/#primaryimage\"},\"image\":{\"@id\":\"https:\\\/\\\/erboristeria-artemisia.ch\\\/de\\\/produkt\\\/lotos-gruener-tee-80g\\\/#primaryimage\"},\"thumbnailUrl\":\"https:\\\/\\\/erboristeria-artemisia.ch\\\/wp-content\\\/uploads\\\/2025\\\/09\\\/Te-verde-Lotos.jpg\",\"datePublished\":\"2025-09-17T19:09:18+00:00\",\"dateModified\":\"2025-09-25T14:25:56+00:00\",\"breadcrumb\":{\"@id\":\"https:\\\/\\\/erboristeria-artemisia.ch\\\/de\\\/produkt\\\/lotos-gruener-tee-80g\\\/#breadcrumb\"},\"inLanguage\":\"de\",\"potentialAction\":[{\"@type\":\"ReadAction\",\"target\":[\"https:\\\/\\\/erboristeria-artemisia.ch\\\/de\\\/produkt\\\/lotos-gruener-tee-80g\\\/\"]}]},{\"@type\":\"ImageObject\",\"inLanguage\":\"de\",\"@id\":\"https:\\\/\\\/erboristeria-artemisia.ch\\\/de\\\/produkt\\\/lotos-gruener-tee-80g\\\/#primaryimage\",\"url\":\"https:\\\/\\\/erboristeria-artemisia.ch\\\/wp-content\\\/uploads\\\/2025\\\/09\\\/Te-verde-Lotos.jpg\",\"contentUrl\":\"https:\\\/\\\/erboristeria-artemisia.ch\\\/wp-content\\\/uploads\\\/2025\\\/09\\\/Te-verde-Lotos.jpg\",\"width\":2000,\"height\":2000},{\"@type\":\"BreadcrumbList\",\"@id\":\"https:\\\/\\\/erboristeria-artemisia.ch\\\/de\\\/produkt\\\/lotos-gruener-tee-80g\\\/#breadcrumb\",\"itemListElement\":[{\"@type\":\"ListItem\",\"position\":1,\"name\":\"Home\",\"item\":\"https:\\\/\\\/erboristeria-artemisia.ch\\\/de\\\/startseite\\\/\"},{\"@type\":\"ListItem\",\"position\":2,\"name\":\"Shop4\",\"item\":\"https:\\\/\\\/erboristeria-artemisia.ch\\\/shop4\\\/\"},{\"@type\":\"ListItem\",\"position\":3,\"name\":\"Lotos Gr\u00fcner Tee 80g\"}]},{\"@type\":\"WebSite\",\"@id\":\"https:\\\/\\\/erboristeria-artemisia.ch\\\/de\\\/#website\",\"url\":\"https:\\\/\\\/erboristeria-artemisia.ch\\\/de\\\/\",\"name\":\"Erboristeria Artemisia\",\"description\":\"Ogni sorso \u00e8 un momento per te\",\"potentialAction\":[{\"@type\":\"SearchAction\",\"target\":{\"@type\":\"EntryPoint\",\"urlTemplate\":\"https:\\\/\\\/erboristeria-artemisia.ch\\\/de\\\/?s={search_term_string}\"},\"query-input\":{\"@type\":\"PropertyValueSpecification\",\"valueRequired\":true,\"valueName\":\"search_term_string\"}}],\"inLanguage\":\"de\"}]}<\/script>\n<!-- \/ Yoast SEO plugin. -->","yoast_head_json":{"title":"Lotos Gr\u00fcner Tee 80g - Erboristeria Artemisia","robots":{"index":"index","follow":"follow","max-snippet":"max-snippet:-1","max-image-preview":"max-image-preview:large","max-video-preview":"max-video-preview:-1"},"canonical":"https:\/\/erboristeria-artemisia.ch\/de\/produkt\/lotos-gruener-tee-80g\/","og_locale":"de_DE","og_type":"article","og_title":"Lotos Gr\u00fcner Tee 80g - Erboristeria Artemisia","og_description":"\ud83c\udf3f\ud83c\udf38 Lotos Gr\u00fcner Tee &#8211; 80g Die Harmonie von gr\u00fcnem Tee kombiniert mit der Reinheit von Lotusblumen. Diese raffinierte Mischung kombiniert den frischen, leichten Geschmack von gr\u00fcnem Tee mit dem zarten Duft von Lotusbl\u00fctenbl\u00e4ttern, einem Symbol f\u00fcr Reinheit und Gelassenheit. Ein Tee, der ein einzigartiges, frisches und entspannendes sensorisches Erlebnis bietet, perfekt f\u00fcr Momente der [&hellip;]","og_url":"https:\/\/erboristeria-artemisia.ch\/de\/produkt\/lotos-gruener-tee-80g\/","og_site_name":"Erboristeria Artemisia","article_modified_time":"2025-09-25T14:25:56+00:00","og_image":[{"width":2000,"height":2000,"url":"https:\/\/erboristeria-artemisia.ch\/wp-content\/uploads\/2025\/09\/Te-verde-Lotos.jpg","type":"image\/jpeg"}],"twitter_card":"summary_large_image","twitter_misc":{"Gesch\u00e4tzte Lesezeit":"1\u00a0Minute"},"schema":{"@context":"https:\/\/schema.org","@graph":[{"@type":"WebPage","@id":"https:\/\/erboristeria-artemisia.ch\/de\/produkt\/lotos-gruener-tee-80g\/","url":"https:\/\/erboristeria-artemisia.ch\/de\/produkt\/lotos-gruener-tee-80g\/","name":"Lotos Gr\u00fcner Tee 80g - Erboristeria Artemisia","isPartOf":{"@id":"https:\/\/erboristeria-artemisia.ch\/de\/#website"},"primaryImageOfPage":{"@id":"https:\/\/erboristeria-artemisia.ch\/de\/produkt\/lotos-gruener-tee-80g\/#primaryimage"},"image":{"@id":"https:\/\/erboristeria-artemisia.ch\/de\/produkt\/lotos-gruener-tee-80g\/#primaryimage"},"thumbnailUrl":"https:\/\/erboristeria-artemisia.ch\/wp-content\/uploads\/2025\/09\/Te-verde-Lotos.jpg","datePublished":"2025-09-17T19:09:18+00:00","dateModified":"2025-09-25T14:25:56+00:00","breadcrumb":{"@id":"https:\/\/erboristeria-artemisia.ch\/de\/produkt\/lotos-gruener-tee-80g\/#breadcrumb"},"inLanguage":"de","potentialAction":[{"@type":"ReadAction","target":["https:\/\/erboristeria-artemisia.ch\/de\/produkt\/lotos-gruener-tee-80g\/"]}]},{"@type":"ImageObject","inLanguage":"de","@id":"https:\/\/erboristeria-artemisia.ch\/de\/produkt\/lotos-gruener-tee-80g\/#primaryimage","url":"https:\/\/erboristeria-artemisia.ch\/wp-content\/uploads\/2025\/09\/Te-verde-Lotos.jpg","contentUrl":"https:\/\/erboristeria-artemisia.ch\/wp-content\/uploads\/2025\/09\/Te-verde-Lotos.jpg","width":2000,"height":2000},{"@type":"BreadcrumbList","@id":"https:\/\/erboristeria-artemisia.ch\/de\/produkt\/lotos-gruener-tee-80g\/#breadcrumb","itemListElement":[{"@type":"ListItem","position":1,"name":"Home","item":"https:\/\/erboristeria-artemisia.ch\/de\/startseite\/"},{"@type":"ListItem","position":2,"name":"Shop4","item":"https:\/\/erboristeria-artemisia.ch\/shop4\/"},{"@type":"ListItem","position":3,"name":"Lotos Gr\u00fcner Tee 80g"}]},{"@type":"WebSite","@id":"https:\/\/erboristeria-artemisia.ch\/de\/#website","url":"https:\/\/erboristeria-artemisia.ch\/de\/","name":"Erboristeria Artemisia","description":"Ogni sorso \u00e8 un momento per te","potentialAction":[{"@type":"SearchAction","target":{"@type":"EntryPoint","urlTemplate":"https:\/\/erboristeria-artemisia.ch\/de\/?s={search_term_string}"},"query-input":{"@type":"PropertyValueSpecification","valueRequired":true,"valueName":"search_term_string"}}],"inLanguage":"de"}]}},"_links":{"self":[{"href":"https:\/\/erboristeria-artemisia.ch\/de\/wp-json\/wp\/v2\/product\/30837","targetHints":{"allow":["GET"]}}],"collection":[{"href":"https:\/\/erboristeria-artemisia.ch\/de\/wp-json\/wp\/v2\/product"}],"about":[{"href":"https:\/\/erboristeria-artemisia.ch\/de\/wp-json\/wp\/v2\/types\/product"}],"wp:featuredmedia":[{"embeddable":true,"href":"https:\/\/erboristeria-artemisia.ch\/de\/wp-json\/wp\/v2\/media\/30504"}],"wp:attachment":[{"href":"https:\/\/erboristeria-artemisia.ch\/de\/wp-json\/wp\/v2\/media?parent=30837"}],"wp:term":[{"taxonomy":"product_brand","embeddable":true,"href":"https:\/\/erboristeria-artemisia.ch\/de\/wp-json\/wp\/v2\/product_brand?post=30837"},{"taxonomy":"product_cat","embeddable":true,"href":"https:\/\/erboristeria-artemisia.ch\/de\/wp-json\/wp\/v2\/product_cat?post=30837"},{"taxonomy":"product_tag","embeddable":true,"href":"https:\/\/erboristeria-artemisia.ch\/de\/wp-json\/wp\/v2\/product_tag?post=30837"}],"curies":[{"name":"wp","href":"https:\/\/api.w.org\/{rel}","templated":true}]}}