{"id":30838,"date":"2025-09-17T21:24:36","date_gmt":"2025-09-17T19:24:36","guid":{"rendered":"https:\/\/erboristeria-artemisia.ch\/product\/lung-ching-natuerlich-100g\/"},"modified":"2025-09-25T16:25:56","modified_gmt":"2025-09-25T14:25:56","slug":"lung-ching-natuerlich-100g","status":"publish","type":"product","link":"https:\/\/erboristeria-artemisia.ch\/de\/produkt\/lung-ching-natuerlich-100g\/","title":{"rendered":"Lung Ching (Nat\u00fcrlich) 100g"},"content":{"rendered":"<h2 data-start=\"103\" data-end=\"145\">\ud83d\udc09\ud83c\udf43 <strong data-start=\"111\" data-end=\"143\">Lung Ching (Nat\u00fcrlich) &#8211; 100g<\/strong><\/h2>\n<p data-start=\"146\" data-end=\"221\"><strong data-start=\"146\" data-end=\"221\">Chinas legend\u00e4rer gr\u00fcner Tee &#8211; raffiniert, ausgewogen, authentisch.<\/strong><\/p>\n<p data-start=\"223\" data-end=\"506\"><strong data-start=\"265\" data-end=\"279\">Lung Ching<\/strong>, auch als <strong data-start=\"245\" data-end=\"260\">Drachenbrunnen<\/strong> bekannt, ist einer der bekanntesten und beliebtesten Gr\u00fcntees Chinas. Er wird in den H\u00fcgeln von Zhejiang angebaut und in Handarbeit durch sanftes R\u00f6sten in der Pfanne hergestellt, wodurch sein Duft und seine nat\u00fcrliche S\u00fc\u00dfe zur Geltung kommen. <\/p>\n<p data-start=\"508\" data-end=\"697\">Das Ergebnis ist ein eleganter, weicher Aufguss mit <strong data-start=\"557\" data-end=\"616\">Noten von Kastanien, frischen Blumen und frisch geschnittenem Gras<\/strong>. Ein nat\u00fcrlicher Tee ohne zugesetzte Aromen, perfekt f\u00fcr alle, die Qualit\u00e4t und Reinheit suchen. <\/p>\n<hr data-start=\"699\" data-end=\"702\">\n<h3 data-start=\"704\" data-end=\"738\">\ud83c\udf75 <strong data-start=\"711\" data-end=\"735\">Verkostungsnotizen<\/strong>:<\/h3>\n<ul data-start=\"739\" data-end=\"952\">\n<li data-start=\"739\" data-end=\"793\">\n<p data-start=\"741\" data-end=\"793\"><strong data-start=\"741\" data-end=\"752\">Aussehen<\/strong>: klarer gelb-gr\u00fcner Lik\u00f6r<\/p>\n<\/li>\n<li data-start=\"794\" data-end=\"848\">\n<p data-start=\"796\" data-end=\"848\"><strong data-start=\"796\" data-end=\"805\">Aroma<\/strong>: S\u00fc\u00df und pflanzlich, mit R\u00f6stnuancen<\/p>\n<\/li>\n<li data-start=\"849\" data-end=\"904\">\n<p data-start=\"851\" data-end=\"904\"><strong data-start=\"851\" data-end=\"860\">Geschmack<\/strong>: Weich, frisch und leicht mandelartig<\/p>\n<\/li>\n<li data-start=\"905\" data-end=\"952\">\n<p data-start=\"907\" data-end=\"952\"><strong data-start=\"907\" data-end=\"921\">Nachgeschmack<\/strong>: Zart, lang und harmonisch<\/p>\n<\/li>\n<\/ul>\n<hr data-start=\"954\" data-end=\"957\">\n<h3 data-start=\"959\" data-end=\"984\">\ud83c\udf31 <strong data-start=\"966\" data-end=\"981\">Zutaten<\/strong>:<\/h3>\n<ul data-start=\"985\" data-end=\"1075\">\n<li data-start=\"985\" data-end=\"1036\">\n<p data-start=\"987\" data-end=\"1036\">Lung Ching (Drachenbrunnen) Gr\u00fcner Tee 100% nat\u00fcrlich<\/p>\n<\/li>\n<li data-start=\"1037\" data-end=\"1075\">\n<p data-start=\"1039\" data-end=\"1075\"><em data-start=\"1039\" data-end=\"1075\">Keine k\u00fcnstlichen Aromen oder Zusatzstoffe<\/em><\/p>\n<\/li>\n<\/ul>\n<hr data-start=\"1077\" data-end=\"1080\">\n<h3 data-start=\"1082\" data-end=\"1120\">\ud83e\uded6 <strong data-start=\"1089\" data-end=\"1117\">Empfohlene Zubereitung<\/strong>:<\/h3>\n<ul data-start=\"1121\" data-end=\"1254\">\n<li data-start=\"1121\" data-end=\"1151\">\n<p data-start=\"1123\" data-end=\"1151\"><strong data-start=\"1123\" data-end=\"1135\">Menge<\/strong>: 2g pro Tasse<\/p>\n<\/li>\n<li data-start=\"1152\" data-end=\"1191\">\n<p data-start=\"1154\" data-end=\"1191\"><strong data-start=\"1154\" data-end=\"1180\">Wassertemperatur<\/strong>: 75-80\u00b0C<\/p>\n<\/li>\n<li data-start=\"1192\" data-end=\"1221\">\n<p data-start=\"1194\" data-end=\"1221\"><strong data-start=\"1194\" data-end=\"1207\">Infusion<\/strong>: 2-3 Minuten<\/p>\n<\/li>\n<li data-start=\"1222\" data-end=\"1254\">\n<p data-start=\"1224\" data-end=\"1254\">Auch f\u00fcr Mehrfachinfusionen geeignet<\/p>\n<\/li>\n<\/ul>\n","protected":false},"excerpt":{"rendered":"<p>\ud83d\udc09\ud83c\udf43 Lung Ching (Nat\u00fcrlich) &#8211; 100g Chinas legend\u00e4rer gr\u00fcner Tee &#8211; raffiniert, ausgewogen, authentisch. Lung Ching, auch als Drachenbrunnen bekannt, ist einer der bekanntesten und beliebtesten Gr\u00fcntees Chinas. Er wird in den H\u00fcgeln von Zhejiang angebaut und in Handarbeit durch sanftes R\u00f6sten in der Pfanne hergestellt, wodurch sein Duft und seine nat\u00fcrliche S\u00fc\u00dfe zur Geltung [&hellip;]<\/p>\n","protected":false},"featured_media":30519,"template":"","meta":{"_et_pb_use_builder":"","_et_pb_old_content":"","_et_gb_content_width":""},"product_brand":[],"product_cat":[92],"product_tag":[],"class_list":{"0":"post-30838","1":"product","2":"type-product","3":"status-publish","4":"has-post-thumbnail","6":"product_cat-chinesische-tees","8":"first","9":"instock","10":"shipping-taxable","11":"purchasable","12":"product-type-simple"},"yoast_head":"<!-- This site is optimized with the Yoast SEO plugin v27.4 - https:\/\/yoast.com\/product\/yoast-seo-wordpress\/ -->\n<title>Lung Ching (Nat\u00fcrlich) 100g - Erboristeria Artemisia<\/title>\n<meta name=\"robots\" content=\"index, follow, max-snippet:-1, max-image-preview:large, max-video-preview:-1\" \/>\n<link rel=\"canonical\" href=\"https:\/\/erboristeria-artemisia.ch\/de\/produkt\/lung-ching-natuerlich-100g\/\" \/>\n<meta property=\"og:locale\" content=\"de_DE\" \/>\n<meta property=\"og:type\" content=\"article\" \/>\n<meta property=\"og:title\" content=\"Lung Ching (Nat\u00fcrlich) 100g - Erboristeria Artemisia\" \/>\n<meta property=\"og:description\" content=\"\ud83d\udc09\ud83c\udf43 Lung Ching (Nat\u00fcrlich) &#8211; 100g Chinas legend\u00e4rer gr\u00fcner Tee &#8211; raffiniert, ausgewogen, authentisch. Lung Ching, auch als Drachenbrunnen bekannt, ist einer der bekanntesten und beliebtesten Gr\u00fcntees Chinas. Er wird in den H\u00fcgeln von Zhejiang angebaut und in Handarbeit durch sanftes R\u00f6sten in der Pfanne hergestellt, wodurch sein Duft und seine nat\u00fcrliche S\u00fc\u00dfe zur Geltung [&hellip;]\" \/>\n<meta property=\"og:url\" content=\"https:\/\/erboristeria-artemisia.ch\/de\/produkt\/lung-ching-natuerlich-100g\/\" \/>\n<meta property=\"og:site_name\" content=\"Erboristeria Artemisia\" \/>\n<meta property=\"article:modified_time\" content=\"2025-09-25T14:25:56+00:00\" \/>\n<meta property=\"og:image\" content=\"https:\/\/erboristeria-artemisia.ch\/wp-content\/uploads\/2025\/09\/Lung-Ching-.jpg\" \/>\n\t<meta property=\"og:image:width\" content=\"2000\" \/>\n\t<meta property=\"og:image:height\" content=\"2000\" \/>\n\t<meta property=\"og:image:type\" content=\"image\/jpeg\" \/>\n<meta name=\"twitter:card\" content=\"summary_large_image\" \/>\n<meta name=\"twitter:label1\" content=\"Gesch\u00e4tzte Lesezeit\" \/>\n\t<meta name=\"twitter:data1\" content=\"1\u00a0Minute\" \/>\n<script type=\"application\/ld+json\" class=\"yoast-schema-graph\">{\"@context\":\"https:\\\/\\\/schema.org\",\"@graph\":[{\"@type\":\"WebPage\",\"@id\":\"https:\\\/\\\/erboristeria-artemisia.ch\\\/de\\\/produkt\\\/lung-ching-natuerlich-100g\\\/\",\"url\":\"https:\\\/\\\/erboristeria-artemisia.ch\\\/de\\\/produkt\\\/lung-ching-natuerlich-100g\\\/\",\"name\":\"Lung Ching (Nat\u00fcrlich) 100g - Erboristeria Artemisia\",\"isPartOf\":{\"@id\":\"https:\\\/\\\/erboristeria-artemisia.ch\\\/de\\\/#website\"},\"primaryImageOfPage\":{\"@id\":\"https:\\\/\\\/erboristeria-artemisia.ch\\\/de\\\/produkt\\\/lung-ching-natuerlich-100g\\\/#primaryimage\"},\"image\":{\"@id\":\"https:\\\/\\\/erboristeria-artemisia.ch\\\/de\\\/produkt\\\/lung-ching-natuerlich-100g\\\/#primaryimage\"},\"thumbnailUrl\":\"https:\\\/\\\/erboristeria-artemisia.ch\\\/wp-content\\\/uploads\\\/2025\\\/09\\\/Lung-Ching-.jpg\",\"datePublished\":\"2025-09-17T19:24:36+00:00\",\"dateModified\":\"2025-09-25T14:25:56+00:00\",\"breadcrumb\":{\"@id\":\"https:\\\/\\\/erboristeria-artemisia.ch\\\/de\\\/produkt\\\/lung-ching-natuerlich-100g\\\/#breadcrumb\"},\"inLanguage\":\"de\",\"potentialAction\":[{\"@type\":\"ReadAction\",\"target\":[\"https:\\\/\\\/erboristeria-artemisia.ch\\\/de\\\/produkt\\\/lung-ching-natuerlich-100g\\\/\"]}]},{\"@type\":\"ImageObject\",\"inLanguage\":\"de\",\"@id\":\"https:\\\/\\\/erboristeria-artemisia.ch\\\/de\\\/produkt\\\/lung-ching-natuerlich-100g\\\/#primaryimage\",\"url\":\"https:\\\/\\\/erboristeria-artemisia.ch\\\/wp-content\\\/uploads\\\/2025\\\/09\\\/Lung-Ching-.jpg\",\"contentUrl\":\"https:\\\/\\\/erboristeria-artemisia.ch\\\/wp-content\\\/uploads\\\/2025\\\/09\\\/Lung-Ching-.jpg\",\"width\":2000,\"height\":2000},{\"@type\":\"BreadcrumbList\",\"@id\":\"https:\\\/\\\/erboristeria-artemisia.ch\\\/de\\\/produkt\\\/lung-ching-natuerlich-100g\\\/#breadcrumb\",\"itemListElement\":[{\"@type\":\"ListItem\",\"position\":1,\"name\":\"Home\",\"item\":\"https:\\\/\\\/erboristeria-artemisia.ch\\\/de\\\/startseite\\\/\"},{\"@type\":\"ListItem\",\"position\":2,\"name\":\"Shop4\",\"item\":\"https:\\\/\\\/erboristeria-artemisia.ch\\\/shop4\\\/\"},{\"@type\":\"ListItem\",\"position\":3,\"name\":\"Lung Ching (Nat\u00fcrlich) 100g\"}]},{\"@type\":\"WebSite\",\"@id\":\"https:\\\/\\\/erboristeria-artemisia.ch\\\/de\\\/#website\",\"url\":\"https:\\\/\\\/erboristeria-artemisia.ch\\\/de\\\/\",\"name\":\"Erboristeria Artemisia\",\"description\":\"Ogni sorso \u00e8 un momento per te\",\"potentialAction\":[{\"@type\":\"SearchAction\",\"target\":{\"@type\":\"EntryPoint\",\"urlTemplate\":\"https:\\\/\\\/erboristeria-artemisia.ch\\\/de\\\/?s={search_term_string}\"},\"query-input\":{\"@type\":\"PropertyValueSpecification\",\"valueRequired\":true,\"valueName\":\"search_term_string\"}}],\"inLanguage\":\"de\"}]}<\/script>\n<!-- \/ Yoast SEO plugin. -->","yoast_head_json":{"title":"Lung Ching (Nat\u00fcrlich) 100g - Erboristeria Artemisia","robots":{"index":"index","follow":"follow","max-snippet":"max-snippet:-1","max-image-preview":"max-image-preview:large","max-video-preview":"max-video-preview:-1"},"canonical":"https:\/\/erboristeria-artemisia.ch\/de\/produkt\/lung-ching-natuerlich-100g\/","og_locale":"de_DE","og_type":"article","og_title":"Lung Ching (Nat\u00fcrlich) 100g - Erboristeria Artemisia","og_description":"\ud83d\udc09\ud83c\udf43 Lung Ching (Nat\u00fcrlich) &#8211; 100g Chinas legend\u00e4rer gr\u00fcner Tee &#8211; raffiniert, ausgewogen, authentisch. Lung Ching, auch als Drachenbrunnen bekannt, ist einer der bekanntesten und beliebtesten Gr\u00fcntees Chinas. Er wird in den H\u00fcgeln von Zhejiang angebaut und in Handarbeit durch sanftes R\u00f6sten in der Pfanne hergestellt, wodurch sein Duft und seine nat\u00fcrliche S\u00fc\u00dfe zur Geltung [&hellip;]","og_url":"https:\/\/erboristeria-artemisia.ch\/de\/produkt\/lung-ching-natuerlich-100g\/","og_site_name":"Erboristeria Artemisia","article_modified_time":"2025-09-25T14:25:56+00:00","og_image":[{"width":2000,"height":2000,"url":"https:\/\/erboristeria-artemisia.ch\/wp-content\/uploads\/2025\/09\/Lung-Ching-.jpg","type":"image\/jpeg"}],"twitter_card":"summary_large_image","twitter_misc":{"Gesch\u00e4tzte Lesezeit":"1\u00a0Minute"},"schema":{"@context":"https:\/\/schema.org","@graph":[{"@type":"WebPage","@id":"https:\/\/erboristeria-artemisia.ch\/de\/produkt\/lung-ching-natuerlich-100g\/","url":"https:\/\/erboristeria-artemisia.ch\/de\/produkt\/lung-ching-natuerlich-100g\/","name":"Lung Ching (Nat\u00fcrlich) 100g - Erboristeria Artemisia","isPartOf":{"@id":"https:\/\/erboristeria-artemisia.ch\/de\/#website"},"primaryImageOfPage":{"@id":"https:\/\/erboristeria-artemisia.ch\/de\/produkt\/lung-ching-natuerlich-100g\/#primaryimage"},"image":{"@id":"https:\/\/erboristeria-artemisia.ch\/de\/produkt\/lung-ching-natuerlich-100g\/#primaryimage"},"thumbnailUrl":"https:\/\/erboristeria-artemisia.ch\/wp-content\/uploads\/2025\/09\/Lung-Ching-.jpg","datePublished":"2025-09-17T19:24:36+00:00","dateModified":"2025-09-25T14:25:56+00:00","breadcrumb":{"@id":"https:\/\/erboristeria-artemisia.ch\/de\/produkt\/lung-ching-natuerlich-100g\/#breadcrumb"},"inLanguage":"de","potentialAction":[{"@type":"ReadAction","target":["https:\/\/erboristeria-artemisia.ch\/de\/produkt\/lung-ching-natuerlich-100g\/"]}]},{"@type":"ImageObject","inLanguage":"de","@id":"https:\/\/erboristeria-artemisia.ch\/de\/produkt\/lung-ching-natuerlich-100g\/#primaryimage","url":"https:\/\/erboristeria-artemisia.ch\/wp-content\/uploads\/2025\/09\/Lung-Ching-.jpg","contentUrl":"https:\/\/erboristeria-artemisia.ch\/wp-content\/uploads\/2025\/09\/Lung-Ching-.jpg","width":2000,"height":2000},{"@type":"BreadcrumbList","@id":"https:\/\/erboristeria-artemisia.ch\/de\/produkt\/lung-ching-natuerlich-100g\/#breadcrumb","itemListElement":[{"@type":"ListItem","position":1,"name":"Home","item":"https:\/\/erboristeria-artemisia.ch\/de\/startseite\/"},{"@type":"ListItem","position":2,"name":"Shop4","item":"https:\/\/erboristeria-artemisia.ch\/shop4\/"},{"@type":"ListItem","position":3,"name":"Lung Ching (Nat\u00fcrlich) 100g"}]},{"@type":"WebSite","@id":"https:\/\/erboristeria-artemisia.ch\/de\/#website","url":"https:\/\/erboristeria-artemisia.ch\/de\/","name":"Erboristeria Artemisia","description":"Ogni sorso \u00e8 un momento per te","potentialAction":[{"@type":"SearchAction","target":{"@type":"EntryPoint","urlTemplate":"https:\/\/erboristeria-artemisia.ch\/de\/?s={search_term_string}"},"query-input":{"@type":"PropertyValueSpecification","valueRequired":true,"valueName":"search_term_string"}}],"inLanguage":"de"}]}},"_links":{"self":[{"href":"https:\/\/erboristeria-artemisia.ch\/de\/wp-json\/wp\/v2\/product\/30838","targetHints":{"allow":["GET"]}}],"collection":[{"href":"https:\/\/erboristeria-artemisia.ch\/de\/wp-json\/wp\/v2\/product"}],"about":[{"href":"https:\/\/erboristeria-artemisia.ch\/de\/wp-json\/wp\/v2\/types\/product"}],"wp:featuredmedia":[{"embeddable":true,"href":"https:\/\/erboristeria-artemisia.ch\/de\/wp-json\/wp\/v2\/media\/30519"}],"wp:attachment":[{"href":"https:\/\/erboristeria-artemisia.ch\/de\/wp-json\/wp\/v2\/media?parent=30838"}],"wp:term":[{"taxonomy":"product_brand","embeddable":true,"href":"https:\/\/erboristeria-artemisia.ch\/de\/wp-json\/wp\/v2\/product_brand?post=30838"},{"taxonomy":"product_cat","embeddable":true,"href":"https:\/\/erboristeria-artemisia.ch\/de\/wp-json\/wp\/v2\/product_cat?post=30838"},{"taxonomy":"product_tag","embeddable":true,"href":"https:\/\/erboristeria-artemisia.ch\/de\/wp-json\/wp\/v2\/product_tag?post=30838"}],"curies":[{"name":"wp","href":"https:\/\/api.w.org\/{rel}","templated":true}]}}