{"id":30839,"date":"2025-09-17T21:13:18","date_gmt":"2025-09-17T19:13:18","guid":{"rendered":"https:\/\/erboristeria-artemisia.ch\/product\/gurance-nepal-smaragdgruen-sftgfopi-100g\/"},"modified":"2025-09-25T16:25:56","modified_gmt":"2025-09-25T14:25:56","slug":"gurance-nepal-smaragdgruen-sftgfopi-100g","status":"publish","type":"product","link":"https:\/\/erboristeria-artemisia.ch\/de\/produkt\/gurance-nepal-smaragdgruen-sftgfopi-100g\/","title":{"rendered":"Gurance Nepal Smaragdgr\u00fcn SFTGFOPI 100g"},"content":{"rendered":"<h2 data-start=\"109\" data-end=\"165\">\ud83c\udf43\u2728 <strong data-start=\"116\" data-end=\"163\">Gurance Nepal Smaragdgr\u00fcn SFTGFOPI &#8211; 100g<\/strong><\/h2>\n<p data-start=\"166\" data-end=\"230\"><strong data-start=\"166\" data-end=\"230\">Ein au\u00dfergew\u00f6hnlicher gr\u00fcner Tee aus dem Himalaya, raffiniert und kostbar.<\/strong><\/p>\n<p data-start=\"232\" data-end=\"592\">Dieser feine gr\u00fcne Tee stammt aus dem unber\u00fchrten Hochland von Nepal, aus der Region Gurance, die f\u00fcr die hervorragende Qualit\u00e4t ihrer Ernten bekannt ist. Er ist als SFTGFOPI (Super Fine Tippy Golden Flowery Orange Pekoe Imperial) klassifiziert und repr\u00e4sentiert die ultimative Blattauswahl: zarte goldene Triebe und junge Bl\u00e4tter, die mit handwerklicher Sorgfalt gepfl\u00fcckt werden. <\/p>\n<p data-start=\"594\" data-end=\"773\"><strong data-start=\"597\" data-end=\"628\">Gurance Nepal Emerald<\/strong> Green zeichnet sich durch sein frisches, zartes und blumiges Aroma mit s\u00fc\u00dfen Noten und einem eleganten K\u00f6rper aus, ideal f\u00fcr Liebhaber von hochwertigem Gr\u00fcntee.<\/p>\n<hr data-start=\"775\" data-end=\"778\">\n<h3 data-start=\"780\" data-end=\"814\">\ud83c\udf75 <strong data-start=\"787\" data-end=\"811\">Verkostungsnotizen<\/strong>:<\/h3>\n<ul data-start=\"815\" data-end=\"1075\">\n<li data-start=\"815\" data-end=\"873\">\n<p data-start=\"817\" data-end=\"873\"><strong data-start=\"817\" data-end=\"828\">Erscheinungsbild<\/strong>: Klarer, hellgr\u00fcner Lik\u00f6r<\/p>\n<\/li>\n<li data-start=\"874\" data-end=\"946\">\n<p data-start=\"876\" data-end=\"946\"><strong data-start=\"876\" data-end=\"885\">Aroma<\/strong>: Frisch, blumig, mit krautigen und leicht s\u00fc\u00dfen Noten<\/p>\n<\/li>\n<li data-start=\"947\" data-end=\"1023\">\n<p data-start=\"949\" data-end=\"1023\"><strong data-start=\"949\" data-end=\"958\">Geschmack<\/strong>: Weich, harmonisch, mit einem lang anhaltenden, samtigen Nachgeschmack<\/p>\n<\/li>\n<li data-start=\"1024\" data-end=\"1075\">\n<p data-start=\"1026\" data-end=\"1075\"><strong data-start=\"1026\" data-end=\"1040\">Empfindung<\/strong>: Sauber, raffiniert und verj\u00fcngend<\/p>\n<\/li>\n<\/ul>\n<hr data-start=\"1077\" data-end=\"1080\">\n<h3 data-start=\"1082\" data-end=\"1107\">\ud83c\udf31 <strong data-start=\"1089\" data-end=\"1104\">Zutaten<\/strong>:<\/h3>\n<ul data-start=\"1108\" data-end=\"1193\">\n<li data-start=\"1108\" data-end=\"1155\">\n<p data-start=\"1110\" data-end=\"1155\">Hochwertiger gr\u00fcner Tee SFTGFOPI aus Nepal<\/p>\n<\/li>\n<li data-start=\"1156\" data-end=\"1193\">\n<p data-start=\"1158\" data-end=\"1193\"><em data-start=\"1158\" data-end=\"1193\">100% rein, ohne Aromen oder Zusatzstoffe<\/em><\/p>\n<\/li>\n<\/ul>\n<hr data-start=\"1195\" data-end=\"1198\">\n<h3 data-start=\"1200\" data-end=\"1238\">\ud83e\uded6 <strong data-start=\"1207\" data-end=\"1235\">Empfohlene Zubereitung<\/strong>:<\/h3>\n<ul data-start=\"1239\" data-end=\"1339\">\n<li data-start=\"1239\" data-end=\"1269\">\n<p data-start=\"1241\" data-end=\"1269\"><strong data-start=\"1241\" data-end=\"1253\">Menge<\/strong>: 2g pro Tasse<\/p>\n<\/li>\n<li data-start=\"1270\" data-end=\"1309\">\n<p data-start=\"1272\" data-end=\"1309\"><strong data-start=\"1272\" data-end=\"1298\">Wassertemperatur<\/strong>: 75-80\u00b0C<\/p>\n<\/li>\n<li data-start=\"1310\" data-end=\"1339\">\n<p data-start=\"1312\" data-end=\"1339\"><strong data-start=\"1312\" data-end=\"1325\">Infusion<\/strong>: 2-3 Minuten<\/p>\n<\/li>\n<\/ul>\n<hr data-start=\"1341\" data-end=\"1344\">\n","protected":false},"excerpt":{"rendered":"<p>\ud83c\udf43\u2728 Gurance Nepal Smaragdgr\u00fcn SFTGFOPI &#8211; 100g Ein au\u00dfergew\u00f6hnlicher gr\u00fcner Tee aus dem Himalaya, raffiniert und kostbar. Dieser feine gr\u00fcne Tee stammt aus dem unber\u00fchrten Hochland von Nepal, aus der Region Gurance, die f\u00fcr die hervorragende Qualit\u00e4t ihrer Ernten bekannt ist. Er ist als SFTGFOPI (Super Fine Tippy Golden Flowery Orange Pekoe Imperial) klassifiziert und [&hellip;]<\/p>\n","protected":false},"featured_media":30507,"template":"","meta":{"_et_pb_use_builder":"","_et_pb_old_content":"","_et_gb_content_width":""},"product_brand":[],"product_cat":[94],"product_tag":[],"class_list":{"0":"post-30839","1":"product","2":"type-product","3":"status-publish","4":"has-post-thumbnail","6":"product_cat-mehr","8":"first","9":"instock","10":"shipping-taxable","11":"purchasable","12":"product-type-simple"},"yoast_head":"<!-- This site is optimized with the Yoast SEO plugin v27.4 - https:\/\/yoast.com\/product\/yoast-seo-wordpress\/ -->\n<title>Gurance Nepal Smaragdgr\u00fcn SFTGFOPI 100g - Erboristeria Artemisia<\/title>\n<meta name=\"robots\" content=\"index, follow, max-snippet:-1, max-image-preview:large, max-video-preview:-1\" \/>\n<link rel=\"canonical\" href=\"https:\/\/erboristeria-artemisia.ch\/de\/produkt\/gurance-nepal-smaragdgruen-sftgfopi-100g\/\" \/>\n<meta property=\"og:locale\" content=\"de_DE\" \/>\n<meta property=\"og:type\" content=\"article\" \/>\n<meta property=\"og:title\" content=\"Gurance Nepal Smaragdgr\u00fcn SFTGFOPI 100g - Erboristeria Artemisia\" \/>\n<meta property=\"og:description\" content=\"\ud83c\udf43\u2728 Gurance Nepal Smaragdgr\u00fcn SFTGFOPI &#8211; 100g Ein au\u00dfergew\u00f6hnlicher gr\u00fcner Tee aus dem Himalaya, raffiniert und kostbar. Dieser feine gr\u00fcne Tee stammt aus dem unber\u00fchrten Hochland von Nepal, aus der Region Gurance, die f\u00fcr die hervorragende Qualit\u00e4t ihrer Ernten bekannt ist. Er ist als SFTGFOPI (Super Fine Tippy Golden Flowery Orange Pekoe Imperial) klassifiziert und [&hellip;]\" \/>\n<meta property=\"og:url\" content=\"https:\/\/erboristeria-artemisia.ch\/de\/produkt\/gurance-nepal-smaragdgruen-sftgfopi-100g\/\" \/>\n<meta property=\"og:site_name\" content=\"Erboristeria Artemisia\" \/>\n<meta property=\"article:modified_time\" content=\"2025-09-25T14:25:56+00:00\" \/>\n<meta property=\"og:image\" content=\"https:\/\/erboristeria-artemisia.ch\/wp-content\/uploads\/2025\/09\/Guranse-Nepal.jpg\" \/>\n\t<meta property=\"og:image:width\" content=\"2000\" \/>\n\t<meta property=\"og:image:height\" content=\"2000\" \/>\n\t<meta property=\"og:image:type\" content=\"image\/jpeg\" \/>\n<meta name=\"twitter:card\" content=\"summary_large_image\" \/>\n<meta name=\"twitter:label1\" content=\"Gesch\u00e4tzte Lesezeit\" \/>\n\t<meta name=\"twitter:data1\" content=\"1\u00a0Minute\" \/>\n<script type=\"application\/ld+json\" class=\"yoast-schema-graph\">{\"@context\":\"https:\\\/\\\/schema.org\",\"@graph\":[{\"@type\":\"WebPage\",\"@id\":\"https:\\\/\\\/erboristeria-artemisia.ch\\\/de\\\/produkt\\\/gurance-nepal-smaragdgruen-sftgfopi-100g\\\/\",\"url\":\"https:\\\/\\\/erboristeria-artemisia.ch\\\/de\\\/produkt\\\/gurance-nepal-smaragdgruen-sftgfopi-100g\\\/\",\"name\":\"Gurance Nepal Smaragdgr\u00fcn SFTGFOPI 100g - Erboristeria Artemisia\",\"isPartOf\":{\"@id\":\"https:\\\/\\\/erboristeria-artemisia.ch\\\/de\\\/#website\"},\"primaryImageOfPage\":{\"@id\":\"https:\\\/\\\/erboristeria-artemisia.ch\\\/de\\\/produkt\\\/gurance-nepal-smaragdgruen-sftgfopi-100g\\\/#primaryimage\"},\"image\":{\"@id\":\"https:\\\/\\\/erboristeria-artemisia.ch\\\/de\\\/produkt\\\/gurance-nepal-smaragdgruen-sftgfopi-100g\\\/#primaryimage\"},\"thumbnailUrl\":\"https:\\\/\\\/erboristeria-artemisia.ch\\\/wp-content\\\/uploads\\\/2025\\\/09\\\/Guranse-Nepal.jpg\",\"datePublished\":\"2025-09-17T19:13:18+00:00\",\"dateModified\":\"2025-09-25T14:25:56+00:00\",\"breadcrumb\":{\"@id\":\"https:\\\/\\\/erboristeria-artemisia.ch\\\/de\\\/produkt\\\/gurance-nepal-smaragdgruen-sftgfopi-100g\\\/#breadcrumb\"},\"inLanguage\":\"de\",\"potentialAction\":[{\"@type\":\"ReadAction\",\"target\":[\"https:\\\/\\\/erboristeria-artemisia.ch\\\/de\\\/produkt\\\/gurance-nepal-smaragdgruen-sftgfopi-100g\\\/\"]}]},{\"@type\":\"ImageObject\",\"inLanguage\":\"de\",\"@id\":\"https:\\\/\\\/erboristeria-artemisia.ch\\\/de\\\/produkt\\\/gurance-nepal-smaragdgruen-sftgfopi-100g\\\/#primaryimage\",\"url\":\"https:\\\/\\\/erboristeria-artemisia.ch\\\/wp-content\\\/uploads\\\/2025\\\/09\\\/Guranse-Nepal.jpg\",\"contentUrl\":\"https:\\\/\\\/erboristeria-artemisia.ch\\\/wp-content\\\/uploads\\\/2025\\\/09\\\/Guranse-Nepal.jpg\",\"width\":2000,\"height\":2000},{\"@type\":\"BreadcrumbList\",\"@id\":\"https:\\\/\\\/erboristeria-artemisia.ch\\\/de\\\/produkt\\\/gurance-nepal-smaragdgruen-sftgfopi-100g\\\/#breadcrumb\",\"itemListElement\":[{\"@type\":\"ListItem\",\"position\":1,\"name\":\"Home\",\"item\":\"https:\\\/\\\/erboristeria-artemisia.ch\\\/de\\\/startseite\\\/\"},{\"@type\":\"ListItem\",\"position\":2,\"name\":\"Shop4\",\"item\":\"https:\\\/\\\/erboristeria-artemisia.ch\\\/shop4\\\/\"},{\"@type\":\"ListItem\",\"position\":3,\"name\":\"Gurance Nepal Smaragdgr\u00fcn SFTGFOPI 100g\"}]},{\"@type\":\"WebSite\",\"@id\":\"https:\\\/\\\/erboristeria-artemisia.ch\\\/de\\\/#website\",\"url\":\"https:\\\/\\\/erboristeria-artemisia.ch\\\/de\\\/\",\"name\":\"Erboristeria Artemisia\",\"description\":\"Ogni sorso \u00e8 un momento per te\",\"potentialAction\":[{\"@type\":\"SearchAction\",\"target\":{\"@type\":\"EntryPoint\",\"urlTemplate\":\"https:\\\/\\\/erboristeria-artemisia.ch\\\/de\\\/?s={search_term_string}\"},\"query-input\":{\"@type\":\"PropertyValueSpecification\",\"valueRequired\":true,\"valueName\":\"search_term_string\"}}],\"inLanguage\":\"de\"}]}<\/script>\n<!-- \/ Yoast SEO plugin. -->","yoast_head_json":{"title":"Gurance Nepal Smaragdgr\u00fcn SFTGFOPI 100g - Erboristeria Artemisia","robots":{"index":"index","follow":"follow","max-snippet":"max-snippet:-1","max-image-preview":"max-image-preview:large","max-video-preview":"max-video-preview:-1"},"canonical":"https:\/\/erboristeria-artemisia.ch\/de\/produkt\/gurance-nepal-smaragdgruen-sftgfopi-100g\/","og_locale":"de_DE","og_type":"article","og_title":"Gurance Nepal Smaragdgr\u00fcn SFTGFOPI 100g - Erboristeria Artemisia","og_description":"\ud83c\udf43\u2728 Gurance Nepal Smaragdgr\u00fcn SFTGFOPI &#8211; 100g Ein au\u00dfergew\u00f6hnlicher gr\u00fcner Tee aus dem Himalaya, raffiniert und kostbar. Dieser feine gr\u00fcne Tee stammt aus dem unber\u00fchrten Hochland von Nepal, aus der Region Gurance, die f\u00fcr die hervorragende Qualit\u00e4t ihrer Ernten bekannt ist. Er ist als SFTGFOPI (Super Fine Tippy Golden Flowery Orange Pekoe Imperial) klassifiziert und [&hellip;]","og_url":"https:\/\/erboristeria-artemisia.ch\/de\/produkt\/gurance-nepal-smaragdgruen-sftgfopi-100g\/","og_site_name":"Erboristeria Artemisia","article_modified_time":"2025-09-25T14:25:56+00:00","og_image":[{"width":2000,"height":2000,"url":"https:\/\/erboristeria-artemisia.ch\/wp-content\/uploads\/2025\/09\/Guranse-Nepal.jpg","type":"image\/jpeg"}],"twitter_card":"summary_large_image","twitter_misc":{"Gesch\u00e4tzte Lesezeit":"1\u00a0Minute"},"schema":{"@context":"https:\/\/schema.org","@graph":[{"@type":"WebPage","@id":"https:\/\/erboristeria-artemisia.ch\/de\/produkt\/gurance-nepal-smaragdgruen-sftgfopi-100g\/","url":"https:\/\/erboristeria-artemisia.ch\/de\/produkt\/gurance-nepal-smaragdgruen-sftgfopi-100g\/","name":"Gurance Nepal Smaragdgr\u00fcn SFTGFOPI 100g - Erboristeria Artemisia","isPartOf":{"@id":"https:\/\/erboristeria-artemisia.ch\/de\/#website"},"primaryImageOfPage":{"@id":"https:\/\/erboristeria-artemisia.ch\/de\/produkt\/gurance-nepal-smaragdgruen-sftgfopi-100g\/#primaryimage"},"image":{"@id":"https:\/\/erboristeria-artemisia.ch\/de\/produkt\/gurance-nepal-smaragdgruen-sftgfopi-100g\/#primaryimage"},"thumbnailUrl":"https:\/\/erboristeria-artemisia.ch\/wp-content\/uploads\/2025\/09\/Guranse-Nepal.jpg","datePublished":"2025-09-17T19:13:18+00:00","dateModified":"2025-09-25T14:25:56+00:00","breadcrumb":{"@id":"https:\/\/erboristeria-artemisia.ch\/de\/produkt\/gurance-nepal-smaragdgruen-sftgfopi-100g\/#breadcrumb"},"inLanguage":"de","potentialAction":[{"@type":"ReadAction","target":["https:\/\/erboristeria-artemisia.ch\/de\/produkt\/gurance-nepal-smaragdgruen-sftgfopi-100g\/"]}]},{"@type":"ImageObject","inLanguage":"de","@id":"https:\/\/erboristeria-artemisia.ch\/de\/produkt\/gurance-nepal-smaragdgruen-sftgfopi-100g\/#primaryimage","url":"https:\/\/erboristeria-artemisia.ch\/wp-content\/uploads\/2025\/09\/Guranse-Nepal.jpg","contentUrl":"https:\/\/erboristeria-artemisia.ch\/wp-content\/uploads\/2025\/09\/Guranse-Nepal.jpg","width":2000,"height":2000},{"@type":"BreadcrumbList","@id":"https:\/\/erboristeria-artemisia.ch\/de\/produkt\/gurance-nepal-smaragdgruen-sftgfopi-100g\/#breadcrumb","itemListElement":[{"@type":"ListItem","position":1,"name":"Home","item":"https:\/\/erboristeria-artemisia.ch\/de\/startseite\/"},{"@type":"ListItem","position":2,"name":"Shop4","item":"https:\/\/erboristeria-artemisia.ch\/shop4\/"},{"@type":"ListItem","position":3,"name":"Gurance Nepal Smaragdgr\u00fcn SFTGFOPI 100g"}]},{"@type":"WebSite","@id":"https:\/\/erboristeria-artemisia.ch\/de\/#website","url":"https:\/\/erboristeria-artemisia.ch\/de\/","name":"Erboristeria Artemisia","description":"Ogni sorso \u00e8 un momento per te","potentialAction":[{"@type":"SearchAction","target":{"@type":"EntryPoint","urlTemplate":"https:\/\/erboristeria-artemisia.ch\/de\/?s={search_term_string}"},"query-input":{"@type":"PropertyValueSpecification","valueRequired":true,"valueName":"search_term_string"}}],"inLanguage":"de"}]}},"_links":{"self":[{"href":"https:\/\/erboristeria-artemisia.ch\/de\/wp-json\/wp\/v2\/product\/30839","targetHints":{"allow":["GET"]}}],"collection":[{"href":"https:\/\/erboristeria-artemisia.ch\/de\/wp-json\/wp\/v2\/product"}],"about":[{"href":"https:\/\/erboristeria-artemisia.ch\/de\/wp-json\/wp\/v2\/types\/product"}],"wp:featuredmedia":[{"embeddable":true,"href":"https:\/\/erboristeria-artemisia.ch\/de\/wp-json\/wp\/v2\/media\/30507"}],"wp:attachment":[{"href":"https:\/\/erboristeria-artemisia.ch\/de\/wp-json\/wp\/v2\/media?parent=30839"}],"wp:term":[{"taxonomy":"product_brand","embeddable":true,"href":"https:\/\/erboristeria-artemisia.ch\/de\/wp-json\/wp\/v2\/product_brand?post=30839"},{"taxonomy":"product_cat","embeddable":true,"href":"https:\/\/erboristeria-artemisia.ch\/de\/wp-json\/wp\/v2\/product_cat?post=30839"},{"taxonomy":"product_tag","embeddable":true,"href":"https:\/\/erboristeria-artemisia.ch\/de\/wp-json\/wp\/v2\/product_tag?post=30839"}],"curies":[{"name":"wp","href":"https:\/\/api.w.org\/{rel}","templated":true}]}}