{"id":30840,"date":"2025-09-17T21:27:07","date_gmt":"2025-09-17T19:27:07","guid":{"rendered":"https:\/\/erboristeria-artemisia.ch\/product\/superior-drachenbrunnen-natuerlich-80g\/"},"modified":"2025-09-25T16:25:56","modified_gmt":"2025-09-25T14:25:56","slug":"superior-drachenbrunnen-natuerlich-80g","status":"publish","type":"product","link":"https:\/\/erboristeria-artemisia.ch\/de\/produkt\/superior-drachenbrunnen-natuerlich-80g\/","title":{"rendered":"Superior Drachenbrunnen (Nat\u00fcrlich) 80g"},"content":{"rendered":"<h2 data-start=\"104\" data-end=\"155\">\ud83d\udc09\u2728 <strong data-start=\"111\" data-end=\"153\">Drachenbrunnen Superior (Nat\u00fcrlich) &#8211; 80g<\/strong><\/h2>\n<p data-start=\"156\" data-end=\"224\"><strong data-start=\"156\" data-end=\"224\">Der ber\u00fchmteste chinesische Gr\u00fcntee, in seiner feinsten Version.<\/strong><\/p>\n<p data-start=\"226\" data-end=\"569\">Dieser <strong data-start=\"278\" data-end=\"303\">hervorragende Dragon Well<\/strong>, auch bekannt als <strong data-start=\"242\" data-end=\"256\">Lung Ching<\/strong> (oder Longjing), stammt aus den H\u00fcgeln der Region Hangzhou und gilt als einer der besten Gr\u00fcntees Chinas. Er wird im Fr\u00fchjahr von Hand gepfl\u00fcckt und in einer leichten Pfannenr\u00f6stung verarbeitet. So entsteht ein eleganter, weicher Aufguss, der reich an Kr\u00e4uter- und R\u00f6stnuancen ist. <\/p>\n<p data-start=\"571\" data-end=\"696\">Die <strong data-start=\"582\" data-end=\"595\">hervorragende<\/strong> Qualit\u00e4t erkennt man an den flachen, intakten Bl\u00e4ttern, der leuchtenden Farbe und dem runden, anhaltenden Geschmack.<\/p>\n<hr data-start=\"698\" data-end=\"701\">\n<h3 data-start=\"703\" data-end=\"737\">\ud83c\udf75 <strong data-start=\"710\" data-end=\"734\">Verkostungsnotizen<\/strong>:<\/h3>\n<ul data-start=\"738\" data-end=\"990\">\n<li data-start=\"738\" data-end=\"795\">\n<p data-start=\"740\" data-end=\"795\"><strong data-start=\"740\" data-end=\"751\">Aussehen<\/strong>: Klarer, leuchtend gelb-gr\u00fcner Lik\u00f6r<\/p>\n<\/li>\n<li data-start=\"796\" data-end=\"865\">\n<p data-start=\"798\" data-end=\"865\"><strong data-start=\"798\" data-end=\"807\">Aroma<\/strong>: Frisch, pflanzlich, mit Noten von Kastanien und wei\u00dfen Blumen<\/p>\n<\/li>\n<li data-start=\"866\" data-end=\"943\">\n<p data-start=\"868\" data-end=\"943\"><strong data-start=\"868\" data-end=\"877\">Geschmack<\/strong>: Zart, weich, leicht s\u00fc\u00df, mit einem Hauch von Haselnuss<\/p>\n<\/li>\n<li data-start=\"944\" data-end=\"990\">\n<p data-start=\"946\" data-end=\"990\"><strong data-start=\"946\" data-end=\"960\">Nachgeschmack<\/strong>: Sauber, elegant, lang anhaltend<\/p>\n<\/li>\n<\/ul>\n<hr data-start=\"992\" data-end=\"995\">\n<h3 data-start=\"997\" data-end=\"1022\">\ud83c\udf31 <strong data-start=\"1004\" data-end=\"1019\">Zutaten<\/strong>:<\/h3>\n<ul data-start=\"1023\" data-end=\"1109\">\n<li data-start=\"1023\" data-end=\"1070\">\n<p data-start=\"1025\" data-end=\"1070\">100% nat\u00fcrlicher, hochwertiger Lung Ching Gr\u00fcntee<\/p>\n<\/li>\n<li data-start=\"1071\" data-end=\"1109\">\n<p data-start=\"1073\" data-end=\"1109\"><em data-start=\"1073\" data-end=\"1109\">Keine k\u00fcnstlichen Aromen oder Zusatzstoffe<\/em><\/p>\n<\/li>\n<\/ul>\n<hr data-start=\"1111\" data-end=\"1114\">\n<h3 data-start=\"1116\" data-end=\"1154\">\ud83e\uded6 <strong data-start=\"1123\" data-end=\"1151\">Empfohlene Zubereitung<\/strong>:<\/h3>\n<ul data-start=\"1155\" data-end=\"1289\">\n<li data-start=\"1155\" data-end=\"1185\">\n<p data-start=\"1157\" data-end=\"1185\"><strong data-start=\"1157\" data-end=\"1169\">Menge<\/strong>: 2g pro Tasse<\/p>\n<\/li>\n<li data-start=\"1186\" data-end=\"1225\">\n<p data-start=\"1188\" data-end=\"1225\"><strong data-start=\"1188\" data-end=\"1214\">Wassertemperatur<\/strong>: 75-80\u00b0C<\/p>\n<\/li>\n<li data-start=\"1226\" data-end=\"1255\">\n<p data-start=\"1228\" data-end=\"1255\"><strong data-start=\"1228\" data-end=\"1241\">Infusion<\/strong>: 2-3 Minuten<\/p>\n<\/li>\n<li data-start=\"1256\" data-end=\"1289\">\n<p data-start=\"1258\" data-end=\"1289\">Auch ausgezeichnet in verschiedenen Aufg\u00fcssen<\/p>\n<\/li>\n<\/ul>\n","protected":false},"excerpt":{"rendered":"<p>\ud83d\udc09\u2728 Drachenbrunnen Superior (Nat\u00fcrlich) &#8211; 80g Der ber\u00fchmteste chinesische Gr\u00fcntee, in seiner feinsten Version. Dieser hervorragende Dragon Well, auch bekannt als Lung Ching (oder Longjing), stammt aus den H\u00fcgeln der Region Hangzhou und gilt als einer der besten Gr\u00fcntees Chinas. Er wird im Fr\u00fchjahr von Hand gepfl\u00fcckt und in einer leichten Pfannenr\u00f6stung verarbeitet. So entsteht [&hellip;]<\/p>\n","protected":false},"featured_media":30522,"template":"","meta":{"_et_pb_use_builder":"","_et_pb_old_content":"","_et_gb_content_width":""},"product_brand":[],"product_cat":[92],"product_tag":[],"class_list":{"0":"post-30840","1":"product","2":"type-product","3":"status-publish","4":"has-post-thumbnail","6":"product_cat-chinesische-tees","8":"first","9":"instock","10":"shipping-taxable","11":"purchasable","12":"product-type-simple"},"yoast_head":"<!-- This site is optimized with the Yoast SEO plugin v27.4 - https:\/\/yoast.com\/product\/yoast-seo-wordpress\/ -->\n<title>Superior Drachenbrunnen (Nat\u00fcrlich) 80g - Erboristeria Artemisia<\/title>\n<meta name=\"robots\" content=\"index, follow, max-snippet:-1, max-image-preview:large, max-video-preview:-1\" \/>\n<link rel=\"canonical\" href=\"https:\/\/erboristeria-artemisia.ch\/de\/produkt\/superior-drachenbrunnen-natuerlich-80g\/\" \/>\n<meta property=\"og:locale\" content=\"de_DE\" \/>\n<meta property=\"og:type\" content=\"article\" \/>\n<meta property=\"og:title\" content=\"Superior Drachenbrunnen (Nat\u00fcrlich) 80g - Erboristeria Artemisia\" \/>\n<meta property=\"og:description\" content=\"\ud83d\udc09\u2728 Drachenbrunnen Superior (Nat\u00fcrlich) &#8211; 80g Der ber\u00fchmteste chinesische Gr\u00fcntee, in seiner feinsten Version. Dieser hervorragende Dragon Well, auch bekannt als Lung Ching (oder Longjing), stammt aus den H\u00fcgeln der Region Hangzhou und gilt als einer der besten Gr\u00fcntees Chinas. Er wird im Fr\u00fchjahr von Hand gepfl\u00fcckt und in einer leichten Pfannenr\u00f6stung verarbeitet. So entsteht [&hellip;]\" \/>\n<meta property=\"og:url\" content=\"https:\/\/erboristeria-artemisia.ch\/de\/produkt\/superior-drachenbrunnen-natuerlich-80g\/\" \/>\n<meta property=\"og:site_name\" content=\"Erboristeria Artemisia\" \/>\n<meta property=\"article:modified_time\" content=\"2025-09-25T14:25:56+00:00\" \/>\n<meta property=\"og:image\" content=\"https:\/\/erboristeria-artemisia.ch\/wp-content\/uploads\/2025\/09\/Dragon-Well-superiore.jpg\" \/>\n\t<meta property=\"og:image:width\" content=\"2000\" \/>\n\t<meta property=\"og:image:height\" content=\"2000\" \/>\n\t<meta property=\"og:image:type\" content=\"image\/jpeg\" \/>\n<meta name=\"twitter:card\" content=\"summary_large_image\" \/>\n<meta name=\"twitter:label1\" content=\"Gesch\u00e4tzte Lesezeit\" \/>\n\t<meta name=\"twitter:data1\" content=\"1\u00a0Minute\" \/>\n<script type=\"application\/ld+json\" class=\"yoast-schema-graph\">{\"@context\":\"https:\\\/\\\/schema.org\",\"@graph\":[{\"@type\":\"WebPage\",\"@id\":\"https:\\\/\\\/erboristeria-artemisia.ch\\\/de\\\/produkt\\\/superior-drachenbrunnen-natuerlich-80g\\\/\",\"url\":\"https:\\\/\\\/erboristeria-artemisia.ch\\\/de\\\/produkt\\\/superior-drachenbrunnen-natuerlich-80g\\\/\",\"name\":\"Superior Drachenbrunnen (Nat\u00fcrlich) 80g - Erboristeria Artemisia\",\"isPartOf\":{\"@id\":\"https:\\\/\\\/erboristeria-artemisia.ch\\\/de\\\/#website\"},\"primaryImageOfPage\":{\"@id\":\"https:\\\/\\\/erboristeria-artemisia.ch\\\/de\\\/produkt\\\/superior-drachenbrunnen-natuerlich-80g\\\/#primaryimage\"},\"image\":{\"@id\":\"https:\\\/\\\/erboristeria-artemisia.ch\\\/de\\\/produkt\\\/superior-drachenbrunnen-natuerlich-80g\\\/#primaryimage\"},\"thumbnailUrl\":\"https:\\\/\\\/erboristeria-artemisia.ch\\\/wp-content\\\/uploads\\\/2025\\\/09\\\/Dragon-Well-superiore.jpg\",\"datePublished\":\"2025-09-17T19:27:07+00:00\",\"dateModified\":\"2025-09-25T14:25:56+00:00\",\"breadcrumb\":{\"@id\":\"https:\\\/\\\/erboristeria-artemisia.ch\\\/de\\\/produkt\\\/superior-drachenbrunnen-natuerlich-80g\\\/#breadcrumb\"},\"inLanguage\":\"de\",\"potentialAction\":[{\"@type\":\"ReadAction\",\"target\":[\"https:\\\/\\\/erboristeria-artemisia.ch\\\/de\\\/produkt\\\/superior-drachenbrunnen-natuerlich-80g\\\/\"]}]},{\"@type\":\"ImageObject\",\"inLanguage\":\"de\",\"@id\":\"https:\\\/\\\/erboristeria-artemisia.ch\\\/de\\\/produkt\\\/superior-drachenbrunnen-natuerlich-80g\\\/#primaryimage\",\"url\":\"https:\\\/\\\/erboristeria-artemisia.ch\\\/wp-content\\\/uploads\\\/2025\\\/09\\\/Dragon-Well-superiore.jpg\",\"contentUrl\":\"https:\\\/\\\/erboristeria-artemisia.ch\\\/wp-content\\\/uploads\\\/2025\\\/09\\\/Dragon-Well-superiore.jpg\",\"width\":2000,\"height\":2000},{\"@type\":\"BreadcrumbList\",\"@id\":\"https:\\\/\\\/erboristeria-artemisia.ch\\\/de\\\/produkt\\\/superior-drachenbrunnen-natuerlich-80g\\\/#breadcrumb\",\"itemListElement\":[{\"@type\":\"ListItem\",\"position\":1,\"name\":\"Home\",\"item\":\"https:\\\/\\\/erboristeria-artemisia.ch\\\/de\\\/startseite\\\/\"},{\"@type\":\"ListItem\",\"position\":2,\"name\":\"Shop4\",\"item\":\"https:\\\/\\\/erboristeria-artemisia.ch\\\/shop4\\\/\"},{\"@type\":\"ListItem\",\"position\":3,\"name\":\"Superior Drachenbrunnen (Nat\u00fcrlich) 80g\"}]},{\"@type\":\"WebSite\",\"@id\":\"https:\\\/\\\/erboristeria-artemisia.ch\\\/de\\\/#website\",\"url\":\"https:\\\/\\\/erboristeria-artemisia.ch\\\/de\\\/\",\"name\":\"Erboristeria Artemisia\",\"description\":\"Ogni sorso \u00e8 un momento per te\",\"potentialAction\":[{\"@type\":\"SearchAction\",\"target\":{\"@type\":\"EntryPoint\",\"urlTemplate\":\"https:\\\/\\\/erboristeria-artemisia.ch\\\/de\\\/?s={search_term_string}\"},\"query-input\":{\"@type\":\"PropertyValueSpecification\",\"valueRequired\":true,\"valueName\":\"search_term_string\"}}],\"inLanguage\":\"de\"}]}<\/script>\n<!-- \/ Yoast SEO plugin. -->","yoast_head_json":{"title":"Superior Drachenbrunnen (Nat\u00fcrlich) 80g - Erboristeria Artemisia","robots":{"index":"index","follow":"follow","max-snippet":"max-snippet:-1","max-image-preview":"max-image-preview:large","max-video-preview":"max-video-preview:-1"},"canonical":"https:\/\/erboristeria-artemisia.ch\/de\/produkt\/superior-drachenbrunnen-natuerlich-80g\/","og_locale":"de_DE","og_type":"article","og_title":"Superior Drachenbrunnen (Nat\u00fcrlich) 80g - Erboristeria Artemisia","og_description":"\ud83d\udc09\u2728 Drachenbrunnen Superior (Nat\u00fcrlich) &#8211; 80g Der ber\u00fchmteste chinesische Gr\u00fcntee, in seiner feinsten Version. Dieser hervorragende Dragon Well, auch bekannt als Lung Ching (oder Longjing), stammt aus den H\u00fcgeln der Region Hangzhou und gilt als einer der besten Gr\u00fcntees Chinas. Er wird im Fr\u00fchjahr von Hand gepfl\u00fcckt und in einer leichten Pfannenr\u00f6stung verarbeitet. So entsteht [&hellip;]","og_url":"https:\/\/erboristeria-artemisia.ch\/de\/produkt\/superior-drachenbrunnen-natuerlich-80g\/","og_site_name":"Erboristeria Artemisia","article_modified_time":"2025-09-25T14:25:56+00:00","og_image":[{"width":2000,"height":2000,"url":"https:\/\/erboristeria-artemisia.ch\/wp-content\/uploads\/2025\/09\/Dragon-Well-superiore.jpg","type":"image\/jpeg"}],"twitter_card":"summary_large_image","twitter_misc":{"Gesch\u00e4tzte Lesezeit":"1\u00a0Minute"},"schema":{"@context":"https:\/\/schema.org","@graph":[{"@type":"WebPage","@id":"https:\/\/erboristeria-artemisia.ch\/de\/produkt\/superior-drachenbrunnen-natuerlich-80g\/","url":"https:\/\/erboristeria-artemisia.ch\/de\/produkt\/superior-drachenbrunnen-natuerlich-80g\/","name":"Superior Drachenbrunnen (Nat\u00fcrlich) 80g - Erboristeria Artemisia","isPartOf":{"@id":"https:\/\/erboristeria-artemisia.ch\/de\/#website"},"primaryImageOfPage":{"@id":"https:\/\/erboristeria-artemisia.ch\/de\/produkt\/superior-drachenbrunnen-natuerlich-80g\/#primaryimage"},"image":{"@id":"https:\/\/erboristeria-artemisia.ch\/de\/produkt\/superior-drachenbrunnen-natuerlich-80g\/#primaryimage"},"thumbnailUrl":"https:\/\/erboristeria-artemisia.ch\/wp-content\/uploads\/2025\/09\/Dragon-Well-superiore.jpg","datePublished":"2025-09-17T19:27:07+00:00","dateModified":"2025-09-25T14:25:56+00:00","breadcrumb":{"@id":"https:\/\/erboristeria-artemisia.ch\/de\/produkt\/superior-drachenbrunnen-natuerlich-80g\/#breadcrumb"},"inLanguage":"de","potentialAction":[{"@type":"ReadAction","target":["https:\/\/erboristeria-artemisia.ch\/de\/produkt\/superior-drachenbrunnen-natuerlich-80g\/"]}]},{"@type":"ImageObject","inLanguage":"de","@id":"https:\/\/erboristeria-artemisia.ch\/de\/produkt\/superior-drachenbrunnen-natuerlich-80g\/#primaryimage","url":"https:\/\/erboristeria-artemisia.ch\/wp-content\/uploads\/2025\/09\/Dragon-Well-superiore.jpg","contentUrl":"https:\/\/erboristeria-artemisia.ch\/wp-content\/uploads\/2025\/09\/Dragon-Well-superiore.jpg","width":2000,"height":2000},{"@type":"BreadcrumbList","@id":"https:\/\/erboristeria-artemisia.ch\/de\/produkt\/superior-drachenbrunnen-natuerlich-80g\/#breadcrumb","itemListElement":[{"@type":"ListItem","position":1,"name":"Home","item":"https:\/\/erboristeria-artemisia.ch\/de\/startseite\/"},{"@type":"ListItem","position":2,"name":"Shop4","item":"https:\/\/erboristeria-artemisia.ch\/shop4\/"},{"@type":"ListItem","position":3,"name":"Superior Drachenbrunnen (Nat\u00fcrlich) 80g"}]},{"@type":"WebSite","@id":"https:\/\/erboristeria-artemisia.ch\/de\/#website","url":"https:\/\/erboristeria-artemisia.ch\/de\/","name":"Erboristeria Artemisia","description":"Ogni sorso \u00e8 un momento per te","potentialAction":[{"@type":"SearchAction","target":{"@type":"EntryPoint","urlTemplate":"https:\/\/erboristeria-artemisia.ch\/de\/?s={search_term_string}"},"query-input":{"@type":"PropertyValueSpecification","valueRequired":true,"valueName":"search_term_string"}}],"inLanguage":"de"}]}},"_links":{"self":[{"href":"https:\/\/erboristeria-artemisia.ch\/de\/wp-json\/wp\/v2\/product\/30840","targetHints":{"allow":["GET"]}}],"collection":[{"href":"https:\/\/erboristeria-artemisia.ch\/de\/wp-json\/wp\/v2\/product"}],"about":[{"href":"https:\/\/erboristeria-artemisia.ch\/de\/wp-json\/wp\/v2\/types\/product"}],"wp:featuredmedia":[{"embeddable":true,"href":"https:\/\/erboristeria-artemisia.ch\/de\/wp-json\/wp\/v2\/media\/30522"}],"wp:attachment":[{"href":"https:\/\/erboristeria-artemisia.ch\/de\/wp-json\/wp\/v2\/media?parent=30840"}],"wp:term":[{"taxonomy":"product_brand","embeddable":true,"href":"https:\/\/erboristeria-artemisia.ch\/de\/wp-json\/wp\/v2\/product_brand?post=30840"},{"taxonomy":"product_cat","embeddable":true,"href":"https:\/\/erboristeria-artemisia.ch\/de\/wp-json\/wp\/v2\/product_cat?post=30840"},{"taxonomy":"product_tag","embeddable":true,"href":"https:\/\/erboristeria-artemisia.ch\/de\/wp-json\/wp\/v2\/product_tag?post=30840"}],"curies":[{"name":"wp","href":"https:\/\/api.w.org\/{rel}","templated":true}]}}