{"id":30841,"date":"2025-09-17T21:15:57","date_gmt":"2025-09-17T19:15:57","guid":{"rendered":"https:\/\/erboristeria-artemisia.ch\/product\/mistery-gruen-natuerlich-100g\/"},"modified":"2025-09-25T16:25:57","modified_gmt":"2025-09-25T14:25:57","slug":"mistery-gruen-natuerlich-100g","status":"publish","type":"product","link":"https:\/\/erboristeria-artemisia.ch\/de\/produkt\/mistery-gruen-natuerlich-100g\/","title":{"rendered":"Mistery Gr\u00fcn (Nat\u00fcrlich) 100g"},"content":{"rendered":"<h2 data-start=\"78\" data-end=\"123\">\ud83c\udf3f\ud83c\udf00 <strong data-start=\"86\" data-end=\"121\">Mistery Green (Nat\u00fcrlich) &#8211; 100g<\/strong><\/h2>\n<p data-start=\"124\" data-end=\"194\"><strong data-start=\"124\" data-end=\"194\">Ein geheimnisumwitterter Gr\u00fcntee mit einem einzigartigen und faszinierenden Charakter.<\/strong><\/p>\n<p data-start=\"196\" data-end=\"492\">Mistery Green ist eine exklusive Mischung aus nat\u00fcrlichem Gr\u00fcntee, der aufgrund seines unerwarteten Aromas und seines reichen Geschmacks ausgew\u00e4hlt wurde und der mit jedem Schluck \u00fcberrascht und fesselt. Ein sensorisches Erlebnis, das Frische, Zartheit und eine r\u00e4tselhafte Note vereint, perfekt f\u00fcr alle, die gerne neue Geschmacksrichtungen entdecken. <\/p>\n<hr data-start=\"494\" data-end=\"497\">\n<h3 data-start=\"499\" data-end=\"533\">\ud83c\udf75 <strong data-start=\"506\" data-end=\"530\">Verkostungsnotizen<\/strong>:<\/h3>\n<ul data-start=\"534\" data-end=\"756\">\n<li data-start=\"534\" data-end=\"581\">\n<p data-start=\"536\" data-end=\"581\"><strong data-start=\"536\" data-end=\"547\">Aussehen<\/strong>: klarer gr\u00fcner Lik\u00f6r<\/p>\n<\/li>\n<li data-start=\"582\" data-end=\"647\">\n<p data-start=\"584\" data-end=\"647\"><strong data-start=\"584\" data-end=\"593\">Aroma<\/strong>: Frisch, krautig, mit einzigartigen und faszinierenden Nuancen<\/p>\n<\/li>\n<li data-start=\"648\" data-end=\"716\">\n<p data-start=\"650\" data-end=\"716\"><strong data-start=\"650\" data-end=\"659\">Geschmack<\/strong>: Weich, ausgewogen, mit zarten und anhaltenden Noten<\/p>\n<\/li>\n<li data-start=\"717\" data-end=\"756\">\n<p data-start=\"719\" data-end=\"756\"><strong data-start=\"719\" data-end=\"733\">Nachgeschmack<\/strong>: Sauber und einh\u00fcllend<\/p>\n<\/li>\n<\/ul>\n<hr data-start=\"758\" data-end=\"761\">\n<h3 data-start=\"763\" data-end=\"788\">\ud83c\udf31 <strong data-start=\"770\" data-end=\"785\">Zutaten<\/strong>:<\/h3>\n<ul data-start=\"789\" data-end=\"861\">\n<li data-start=\"789\" data-end=\"822\">\n<p data-start=\"791\" data-end=\"822\">Ausgew\u00e4hlter nat\u00fcrlicher gr\u00fcner Tee<\/p>\n<\/li>\n<li data-start=\"823\" data-end=\"861\">\n<p data-start=\"825\" data-end=\"861\"><em data-start=\"825\" data-end=\"861\">Keine k\u00fcnstlichen Aromen oder Zusatzstoffe<\/em><\/p>\n<\/li>\n<\/ul>\n<hr data-start=\"863\" data-end=\"866\">\n<h3 data-start=\"868\" data-end=\"906\">\ud83e\uded6 <strong data-start=\"875\" data-end=\"903\">Empfohlene Zubereitung<\/strong>:<\/h3>\n<ul data-start=\"907\" data-end=\"1007\">\n<li data-start=\"907\" data-end=\"937\">\n<p data-start=\"909\" data-end=\"937\"><strong data-start=\"909\" data-end=\"921\">Menge<\/strong>: 2g pro Tasse<\/p>\n<\/li>\n<li data-start=\"938\" data-end=\"977\">\n<p data-start=\"940\" data-end=\"977\"><strong data-start=\"940\" data-end=\"966\">Wassertemperatur<\/strong>: 75-80\u00b0C<\/p>\n<\/li>\n<li data-start=\"978\" data-end=\"1007\">\n<p data-start=\"980\" data-end=\"1007\"><strong data-start=\"980\" data-end=\"993\">Infusion<\/strong>: 2-3 Minuten<\/p>\n<\/li>\n<\/ul>\n<hr data-start=\"1009\" data-end=\"1012\">\n","protected":false},"excerpt":{"rendered":"<p>\ud83c\udf3f\ud83c\udf00 Mistery Green (Nat\u00fcrlich) &#8211; 100g Ein geheimnisumwitterter Gr\u00fcntee mit einem einzigartigen und faszinierenden Charakter. Mistery Green ist eine exklusive Mischung aus nat\u00fcrlichem Gr\u00fcntee, der aufgrund seines unerwarteten Aromas und seines reichen Geschmacks ausgew\u00e4hlt wurde und der mit jedem Schluck \u00fcberrascht und fesselt. Ein sensorisches Erlebnis, das Frische, Zartheit und eine r\u00e4tselhafte Note vereint, perfekt [&hellip;]<\/p>\n","protected":false},"featured_media":30510,"template":"","meta":{"_et_pb_use_builder":"","_et_pb_old_content":"","_et_gb_content_width":""},"product_brand":[],"product_cat":[92],"product_tag":[],"class_list":{"0":"post-30841","1":"product","2":"type-product","3":"status-publish","4":"has-post-thumbnail","6":"product_cat-chinesische-tees","8":"first","9":"instock","10":"shipping-taxable","11":"purchasable","12":"product-type-simple"},"yoast_head":"<!-- This site is optimized with the Yoast SEO plugin v27.4 - https:\/\/yoast.com\/product\/yoast-seo-wordpress\/ -->\n<title>Mistery Gr\u00fcn (Nat\u00fcrlich) 100g - Erboristeria Artemisia<\/title>\n<meta name=\"robots\" content=\"index, follow, max-snippet:-1, max-image-preview:large, max-video-preview:-1\" \/>\n<link rel=\"canonical\" href=\"https:\/\/erboristeria-artemisia.ch\/de\/produkt\/mistery-gruen-natuerlich-100g\/\" \/>\n<meta property=\"og:locale\" content=\"de_DE\" \/>\n<meta property=\"og:type\" content=\"article\" \/>\n<meta property=\"og:title\" content=\"Mistery Gr\u00fcn (Nat\u00fcrlich) 100g - Erboristeria Artemisia\" \/>\n<meta property=\"og:description\" content=\"\ud83c\udf3f\ud83c\udf00 Mistery Green (Nat\u00fcrlich) &#8211; 100g Ein geheimnisumwitterter Gr\u00fcntee mit einem einzigartigen und faszinierenden Charakter. Mistery Green ist eine exklusive Mischung aus nat\u00fcrlichem Gr\u00fcntee, der aufgrund seines unerwarteten Aromas und seines reichen Geschmacks ausgew\u00e4hlt wurde und der mit jedem Schluck \u00fcberrascht und fesselt. Ein sensorisches Erlebnis, das Frische, Zartheit und eine r\u00e4tselhafte Note vereint, perfekt [&hellip;]\" \/>\n<meta property=\"og:url\" content=\"https:\/\/erboristeria-artemisia.ch\/de\/produkt\/mistery-gruen-natuerlich-100g\/\" \/>\n<meta property=\"og:site_name\" content=\"Erboristeria Artemisia\" \/>\n<meta property=\"article:modified_time\" content=\"2025-09-25T14:25:57+00:00\" \/>\n<meta property=\"og:image\" content=\"https:\/\/erboristeria-artemisia.ch\/wp-content\/uploads\/2025\/09\/Mistery-Green.jpg\" \/>\n\t<meta property=\"og:image:width\" content=\"2000\" \/>\n\t<meta property=\"og:image:height\" content=\"2000\" \/>\n\t<meta property=\"og:image:type\" content=\"image\/jpeg\" \/>\n<meta name=\"twitter:card\" content=\"summary_large_image\" \/>\n<meta name=\"twitter:label1\" content=\"Gesch\u00e4tzte Lesezeit\" \/>\n\t<meta name=\"twitter:data1\" content=\"1\u00a0Minute\" \/>\n<script type=\"application\/ld+json\" class=\"yoast-schema-graph\">{\"@context\":\"https:\\\/\\\/schema.org\",\"@graph\":[{\"@type\":\"WebPage\",\"@id\":\"https:\\\/\\\/erboristeria-artemisia.ch\\\/de\\\/produkt\\\/mistery-gruen-natuerlich-100g\\\/\",\"url\":\"https:\\\/\\\/erboristeria-artemisia.ch\\\/de\\\/produkt\\\/mistery-gruen-natuerlich-100g\\\/\",\"name\":\"Mistery Gr\u00fcn (Nat\u00fcrlich) 100g - Erboristeria Artemisia\",\"isPartOf\":{\"@id\":\"https:\\\/\\\/erboristeria-artemisia.ch\\\/de\\\/#website\"},\"primaryImageOfPage\":{\"@id\":\"https:\\\/\\\/erboristeria-artemisia.ch\\\/de\\\/produkt\\\/mistery-gruen-natuerlich-100g\\\/#primaryimage\"},\"image\":{\"@id\":\"https:\\\/\\\/erboristeria-artemisia.ch\\\/de\\\/produkt\\\/mistery-gruen-natuerlich-100g\\\/#primaryimage\"},\"thumbnailUrl\":\"https:\\\/\\\/erboristeria-artemisia.ch\\\/wp-content\\\/uploads\\\/2025\\\/09\\\/Mistery-Green.jpg\",\"datePublished\":\"2025-09-17T19:15:57+00:00\",\"dateModified\":\"2025-09-25T14:25:57+00:00\",\"breadcrumb\":{\"@id\":\"https:\\\/\\\/erboristeria-artemisia.ch\\\/de\\\/produkt\\\/mistery-gruen-natuerlich-100g\\\/#breadcrumb\"},\"inLanguage\":\"de\",\"potentialAction\":[{\"@type\":\"ReadAction\",\"target\":[\"https:\\\/\\\/erboristeria-artemisia.ch\\\/de\\\/produkt\\\/mistery-gruen-natuerlich-100g\\\/\"]}]},{\"@type\":\"ImageObject\",\"inLanguage\":\"de\",\"@id\":\"https:\\\/\\\/erboristeria-artemisia.ch\\\/de\\\/produkt\\\/mistery-gruen-natuerlich-100g\\\/#primaryimage\",\"url\":\"https:\\\/\\\/erboristeria-artemisia.ch\\\/wp-content\\\/uploads\\\/2025\\\/09\\\/Mistery-Green.jpg\",\"contentUrl\":\"https:\\\/\\\/erboristeria-artemisia.ch\\\/wp-content\\\/uploads\\\/2025\\\/09\\\/Mistery-Green.jpg\",\"width\":2000,\"height\":2000},{\"@type\":\"BreadcrumbList\",\"@id\":\"https:\\\/\\\/erboristeria-artemisia.ch\\\/de\\\/produkt\\\/mistery-gruen-natuerlich-100g\\\/#breadcrumb\",\"itemListElement\":[{\"@type\":\"ListItem\",\"position\":1,\"name\":\"Home\",\"item\":\"https:\\\/\\\/erboristeria-artemisia.ch\\\/de\\\/startseite\\\/\"},{\"@type\":\"ListItem\",\"position\":2,\"name\":\"Shop4\",\"item\":\"https:\\\/\\\/erboristeria-artemisia.ch\\\/shop4\\\/\"},{\"@type\":\"ListItem\",\"position\":3,\"name\":\"Mistery Gr\u00fcn (Nat\u00fcrlich) 100g\"}]},{\"@type\":\"WebSite\",\"@id\":\"https:\\\/\\\/erboristeria-artemisia.ch\\\/de\\\/#website\",\"url\":\"https:\\\/\\\/erboristeria-artemisia.ch\\\/de\\\/\",\"name\":\"Erboristeria Artemisia\",\"description\":\"Ogni sorso \u00e8 un momento per te\",\"potentialAction\":[{\"@type\":\"SearchAction\",\"target\":{\"@type\":\"EntryPoint\",\"urlTemplate\":\"https:\\\/\\\/erboristeria-artemisia.ch\\\/de\\\/?s={search_term_string}\"},\"query-input\":{\"@type\":\"PropertyValueSpecification\",\"valueRequired\":true,\"valueName\":\"search_term_string\"}}],\"inLanguage\":\"de\"}]}<\/script>\n<!-- \/ Yoast SEO plugin. -->","yoast_head_json":{"title":"Mistery Gr\u00fcn (Nat\u00fcrlich) 100g - Erboristeria Artemisia","robots":{"index":"index","follow":"follow","max-snippet":"max-snippet:-1","max-image-preview":"max-image-preview:large","max-video-preview":"max-video-preview:-1"},"canonical":"https:\/\/erboristeria-artemisia.ch\/de\/produkt\/mistery-gruen-natuerlich-100g\/","og_locale":"de_DE","og_type":"article","og_title":"Mistery Gr\u00fcn (Nat\u00fcrlich) 100g - Erboristeria Artemisia","og_description":"\ud83c\udf3f\ud83c\udf00 Mistery Green (Nat\u00fcrlich) &#8211; 100g Ein geheimnisumwitterter Gr\u00fcntee mit einem einzigartigen und faszinierenden Charakter. Mistery Green ist eine exklusive Mischung aus nat\u00fcrlichem Gr\u00fcntee, der aufgrund seines unerwarteten Aromas und seines reichen Geschmacks ausgew\u00e4hlt wurde und der mit jedem Schluck \u00fcberrascht und fesselt. Ein sensorisches Erlebnis, das Frische, Zartheit und eine r\u00e4tselhafte Note vereint, perfekt [&hellip;]","og_url":"https:\/\/erboristeria-artemisia.ch\/de\/produkt\/mistery-gruen-natuerlich-100g\/","og_site_name":"Erboristeria Artemisia","article_modified_time":"2025-09-25T14:25:57+00:00","og_image":[{"width":2000,"height":2000,"url":"https:\/\/erboristeria-artemisia.ch\/wp-content\/uploads\/2025\/09\/Mistery-Green.jpg","type":"image\/jpeg"}],"twitter_card":"summary_large_image","twitter_misc":{"Gesch\u00e4tzte Lesezeit":"1\u00a0Minute"},"schema":{"@context":"https:\/\/schema.org","@graph":[{"@type":"WebPage","@id":"https:\/\/erboristeria-artemisia.ch\/de\/produkt\/mistery-gruen-natuerlich-100g\/","url":"https:\/\/erboristeria-artemisia.ch\/de\/produkt\/mistery-gruen-natuerlich-100g\/","name":"Mistery Gr\u00fcn (Nat\u00fcrlich) 100g - Erboristeria Artemisia","isPartOf":{"@id":"https:\/\/erboristeria-artemisia.ch\/de\/#website"},"primaryImageOfPage":{"@id":"https:\/\/erboristeria-artemisia.ch\/de\/produkt\/mistery-gruen-natuerlich-100g\/#primaryimage"},"image":{"@id":"https:\/\/erboristeria-artemisia.ch\/de\/produkt\/mistery-gruen-natuerlich-100g\/#primaryimage"},"thumbnailUrl":"https:\/\/erboristeria-artemisia.ch\/wp-content\/uploads\/2025\/09\/Mistery-Green.jpg","datePublished":"2025-09-17T19:15:57+00:00","dateModified":"2025-09-25T14:25:57+00:00","breadcrumb":{"@id":"https:\/\/erboristeria-artemisia.ch\/de\/produkt\/mistery-gruen-natuerlich-100g\/#breadcrumb"},"inLanguage":"de","potentialAction":[{"@type":"ReadAction","target":["https:\/\/erboristeria-artemisia.ch\/de\/produkt\/mistery-gruen-natuerlich-100g\/"]}]},{"@type":"ImageObject","inLanguage":"de","@id":"https:\/\/erboristeria-artemisia.ch\/de\/produkt\/mistery-gruen-natuerlich-100g\/#primaryimage","url":"https:\/\/erboristeria-artemisia.ch\/wp-content\/uploads\/2025\/09\/Mistery-Green.jpg","contentUrl":"https:\/\/erboristeria-artemisia.ch\/wp-content\/uploads\/2025\/09\/Mistery-Green.jpg","width":2000,"height":2000},{"@type":"BreadcrumbList","@id":"https:\/\/erboristeria-artemisia.ch\/de\/produkt\/mistery-gruen-natuerlich-100g\/#breadcrumb","itemListElement":[{"@type":"ListItem","position":1,"name":"Home","item":"https:\/\/erboristeria-artemisia.ch\/de\/startseite\/"},{"@type":"ListItem","position":2,"name":"Shop4","item":"https:\/\/erboristeria-artemisia.ch\/shop4\/"},{"@type":"ListItem","position":3,"name":"Mistery Gr\u00fcn (Nat\u00fcrlich) 100g"}]},{"@type":"WebSite","@id":"https:\/\/erboristeria-artemisia.ch\/de\/#website","url":"https:\/\/erboristeria-artemisia.ch\/de\/","name":"Erboristeria Artemisia","description":"Ogni sorso \u00e8 un momento per te","potentialAction":[{"@type":"SearchAction","target":{"@type":"EntryPoint","urlTemplate":"https:\/\/erboristeria-artemisia.ch\/de\/?s={search_term_string}"},"query-input":{"@type":"PropertyValueSpecification","valueRequired":true,"valueName":"search_term_string"}}],"inLanguage":"de"}]}},"_links":{"self":[{"href":"https:\/\/erboristeria-artemisia.ch\/de\/wp-json\/wp\/v2\/product\/30841","targetHints":{"allow":["GET"]}}],"collection":[{"href":"https:\/\/erboristeria-artemisia.ch\/de\/wp-json\/wp\/v2\/product"}],"about":[{"href":"https:\/\/erboristeria-artemisia.ch\/de\/wp-json\/wp\/v2\/types\/product"}],"wp:featuredmedia":[{"embeddable":true,"href":"https:\/\/erboristeria-artemisia.ch\/de\/wp-json\/wp\/v2\/media\/30510"}],"wp:attachment":[{"href":"https:\/\/erboristeria-artemisia.ch\/de\/wp-json\/wp\/v2\/media?parent=30841"}],"wp:term":[{"taxonomy":"product_brand","embeddable":true,"href":"https:\/\/erboristeria-artemisia.ch\/de\/wp-json\/wp\/v2\/product_brand?post=30841"},{"taxonomy":"product_cat","embeddable":true,"href":"https:\/\/erboristeria-artemisia.ch\/de\/wp-json\/wp\/v2\/product_cat?post=30841"},{"taxonomy":"product_tag","embeddable":true,"href":"https:\/\/erboristeria-artemisia.ch\/de\/wp-json\/wp\/v2\/product_tag?post=30841"}],"curies":[{"name":"wp","href":"https:\/\/api.w.org\/{rel}","templated":true}]}}