{"id":30842,"date":"2025-09-17T21:30:20","date_gmt":"2025-09-17T19:30:20","guid":{"rendered":"https:\/\/erboristeria-artemisia.ch\/product\/weisser-affe-80g\/"},"modified":"2025-09-25T16:25:57","modified_gmt":"2025-09-25T14:25:57","slug":"weisser-affe-80g","status":"publish","type":"product","link":"https:\/\/erboristeria-artemisia.ch\/de\/produkt\/weisser-affe-80g\/","title":{"rendered":"Wei\u00dfer Affe 80g"},"content":{"rendered":"<h2 data-start=\"72\" data-end=\"104\">\ud83d\udc12\ud83c\udf43 <strong data-start=\"80\" data-end=\"102\">Wei\u00dfer Affe &#8211; 80g<\/strong><\/h2>\n<p data-start=\"105\" data-end=\"162\"><strong data-start=\"105\" data-end=\"162\">Seltener und feiner gr\u00fcner Tee mit samtiger Frische.<\/strong><\/p>\n<p data-start=\"164\" data-end=\"470\">Der <strong data-start=\"167\" data-end=\"183\">Wei\u00dfe Affe<\/strong> (Bai Mao Hou) ist ein chinesischer Gr\u00fcntee, der in den Bergen von Fujian angebaut und im zeitigen Fr\u00fchjahr geerntet wird, wenn die Knospen noch mit einem leichten wei\u00dfen Flaum bedeckt sind. Obwohl er als <strong data-start=\"388\" data-end=\"400\">gr\u00fcner Tee<\/strong> klassifiziert ist, erinnern sein Aussehen und seine Zartheit an die besten wei\u00dfen Tees. <\/p>\n<p data-start=\"472\" data-end=\"686\">Die Bl\u00e4tter werden mit gro\u00dfer Sorgfalt von Hand geerntet und verarbeitet. Sie bieten einen <strong data-start=\"553\" data-end=\"564\">weichen<\/strong>, <strong data-start=\"566\" data-end=\"576\">frischen<\/strong> und leicht <strong data-start=\"591\" data-end=\"603\">fruchtigen<\/strong> Aufguss, ideal f\u00fcr alle, die einen hochwertigen gr\u00fcnen Tee mit einem sanften, raffinierten Profil suchen.<\/p>\n<hr data-start=\"688\" data-end=\"691\">\n<h3 data-start=\"693\" data-end=\"727\">\ud83c\udf75 <strong data-start=\"700\" data-end=\"724\">Verkostungsnotizen<\/strong>:<\/h3>\n<ul data-start=\"728\" data-end=\"996\">\n<li data-start=\"728\" data-end=\"791\">\n<p data-start=\"730\" data-end=\"791\"><strong data-start=\"730\" data-end=\"741\">Aussehen<\/strong>: blassgelber Lik\u00f6r mit gr\u00fcnlichen Reflexen<\/p>\n<\/li>\n<li data-start=\"792\" data-end=\"856\">\n<p data-start=\"794\" data-end=\"856\"><strong data-start=\"794\" data-end=\"803\">Aroma<\/strong>: Pflanzlich, frisch, mit blumigen und maritimen Nuancen<\/p>\n<\/li>\n<li data-start=\"857\" data-end=\"950\">\n<p data-start=\"859\" data-end=\"950\"><strong data-start=\"859\" data-end=\"868\">Geschmack<\/strong>: Weich, samtig, leicht s\u00fc\u00df mit einem Hauch von wei\u00dfem Pfirsich und gr\u00fcnen N\u00fcssen<\/p>\n<\/li>\n<li data-start=\"951\" data-end=\"996\">\n<p data-start=\"953\" data-end=\"996\"><strong data-start=\"953\" data-end=\"967\">Nachgeschmack<\/strong>: Sauber, lang und harmonisch<\/p>\n<\/li>\n<\/ul>\n<hr data-start=\"998\" data-end=\"1001\">\n<h3 data-start=\"1003\" data-end=\"1028\">\ud83c\udf31 <strong data-start=\"1010\" data-end=\"1025\">Zutaten<\/strong>:<\/h3>\n<ul data-start=\"1029\" data-end=\"1119\">\n<li data-start=\"1029\" data-end=\"1082\">\n<p data-start=\"1031\" data-end=\"1082\">Wei\u00dfer Affe (Bai Mao Hou) Gr\u00fcner Tee 100% nat\u00fcrlich<\/p>\n<\/li>\n<li data-start=\"1083\" data-end=\"1119\">\n<p data-start=\"1085\" data-end=\"1119\"><em data-start=\"1085\" data-end=\"1119\">Keine zugesetzten Aromen oder Zusatzstoffe<\/em><\/p>\n<\/li>\n<\/ul>\n<hr data-start=\"1121\" data-end=\"1124\">\n<h3 data-start=\"1126\" data-end=\"1164\">\ud83e\uded6 <strong data-start=\"1133\" data-end=\"1161\">Empfohlene Zubereitung<\/strong>:<\/h3>\n<ul data-start=\"1165\" data-end=\"1300\">\n<li data-start=\"1165\" data-end=\"1195\">\n<p data-start=\"1167\" data-end=\"1195\"><strong data-start=\"1167\" data-end=\"1179\">Menge<\/strong>: 2g pro Tasse<\/p>\n<\/li>\n<li data-start=\"1196\" data-end=\"1235\">\n<p data-start=\"1198\" data-end=\"1235\"><strong data-start=\"1198\" data-end=\"1224\">Wassertemperatur<\/strong>: 75-80\u00b0C<\/p>\n<\/li>\n<li data-start=\"1236\" data-end=\"1265\">\n<p data-start=\"1238\" data-end=\"1265\"><strong data-start=\"1238\" data-end=\"1251\">Infusion<\/strong>: 2-3 Minuten<\/p>\n<\/li>\n<li data-start=\"1266\" data-end=\"1300\">\n<p data-start=\"1268\" data-end=\"1300\">Auch f\u00fcr Mehrfachinfusionen geeignet<\/p>\n<\/li>\n<\/ul>\n<hr data-start=\"1302\" data-end=\"1305\">\n","protected":false},"excerpt":{"rendered":"<p>\ud83d\udc12\ud83c\udf43 Wei\u00dfer Affe &#8211; 80g Seltener und feiner gr\u00fcner Tee mit samtiger Frische. Der Wei\u00dfe Affe (Bai Mao Hou) ist ein chinesischer Gr\u00fcntee, der in den Bergen von Fujian angebaut und im zeitigen Fr\u00fchjahr geerntet wird, wenn die Knospen noch mit einem leichten wei\u00dfen Flaum bedeckt sind. Obwohl er als gr\u00fcner Tee klassifiziert ist, erinnern [&hellip;]<\/p>\n","protected":false},"featured_media":30526,"template":"","meta":{"_et_pb_use_builder":"","_et_pb_old_content":"","_et_gb_content_width":""},"product_brand":[],"product_cat":[92],"product_tag":[],"class_list":{"0":"post-30842","1":"product","2":"type-product","3":"status-publish","4":"has-post-thumbnail","6":"product_cat-chinesische-tees","8":"first","9":"instock","10":"shipping-taxable","11":"purchasable","12":"product-type-simple"},"yoast_head":"<!-- This site is optimized with the Yoast SEO plugin v27.4 - https:\/\/yoast.com\/product\/yoast-seo-wordpress\/ -->\n<title>Wei\u00dfer Affe 80g - Erboristeria Artemisia<\/title>\n<meta name=\"robots\" content=\"index, follow, max-snippet:-1, max-image-preview:large, max-video-preview:-1\" \/>\n<link rel=\"canonical\" href=\"https:\/\/erboristeria-artemisia.ch\/de\/produkt\/weisser-affe-80g\/\" \/>\n<meta property=\"og:locale\" content=\"de_DE\" \/>\n<meta property=\"og:type\" content=\"article\" \/>\n<meta property=\"og:title\" content=\"Wei\u00dfer Affe 80g - Erboristeria Artemisia\" \/>\n<meta property=\"og:description\" content=\"\ud83d\udc12\ud83c\udf43 Wei\u00dfer Affe &#8211; 80g Seltener und feiner gr\u00fcner Tee mit samtiger Frische. Der Wei\u00dfe Affe (Bai Mao Hou) ist ein chinesischer Gr\u00fcntee, der in den Bergen von Fujian angebaut und im zeitigen Fr\u00fchjahr geerntet wird, wenn die Knospen noch mit einem leichten wei\u00dfen Flaum bedeckt sind. Obwohl er als gr\u00fcner Tee klassifiziert ist, erinnern [&hellip;]\" \/>\n<meta property=\"og:url\" content=\"https:\/\/erboristeria-artemisia.ch\/de\/produkt\/weisser-affe-80g\/\" \/>\n<meta property=\"og:site_name\" content=\"Erboristeria Artemisia\" \/>\n<meta property=\"article:modified_time\" content=\"2025-09-25T14:25:57+00:00\" \/>\n<meta property=\"og:image\" content=\"https:\/\/erboristeria-artemisia.ch\/wp-content\/uploads\/2025\/09\/White-Monkey.jpg\" \/>\n\t<meta property=\"og:image:width\" content=\"2000\" \/>\n\t<meta property=\"og:image:height\" content=\"2000\" \/>\n\t<meta property=\"og:image:type\" content=\"image\/jpeg\" \/>\n<meta name=\"twitter:card\" content=\"summary_large_image\" \/>\n<meta name=\"twitter:label1\" content=\"Gesch\u00e4tzte Lesezeit\" \/>\n\t<meta name=\"twitter:data1\" content=\"1\u00a0Minute\" \/>\n<script type=\"application\/ld+json\" class=\"yoast-schema-graph\">{\"@context\":\"https:\\\/\\\/schema.org\",\"@graph\":[{\"@type\":\"WebPage\",\"@id\":\"https:\\\/\\\/erboristeria-artemisia.ch\\\/de\\\/produkt\\\/weisser-affe-80g\\\/\",\"url\":\"https:\\\/\\\/erboristeria-artemisia.ch\\\/de\\\/produkt\\\/weisser-affe-80g\\\/\",\"name\":\"Wei\u00dfer Affe 80g - Erboristeria Artemisia\",\"isPartOf\":{\"@id\":\"https:\\\/\\\/erboristeria-artemisia.ch\\\/de\\\/#website\"},\"primaryImageOfPage\":{\"@id\":\"https:\\\/\\\/erboristeria-artemisia.ch\\\/de\\\/produkt\\\/weisser-affe-80g\\\/#primaryimage\"},\"image\":{\"@id\":\"https:\\\/\\\/erboristeria-artemisia.ch\\\/de\\\/produkt\\\/weisser-affe-80g\\\/#primaryimage\"},\"thumbnailUrl\":\"https:\\\/\\\/erboristeria-artemisia.ch\\\/wp-content\\\/uploads\\\/2025\\\/09\\\/White-Monkey.jpg\",\"datePublished\":\"2025-09-17T19:30:20+00:00\",\"dateModified\":\"2025-09-25T14:25:57+00:00\",\"breadcrumb\":{\"@id\":\"https:\\\/\\\/erboristeria-artemisia.ch\\\/de\\\/produkt\\\/weisser-affe-80g\\\/#breadcrumb\"},\"inLanguage\":\"de\",\"potentialAction\":[{\"@type\":\"ReadAction\",\"target\":[\"https:\\\/\\\/erboristeria-artemisia.ch\\\/de\\\/produkt\\\/weisser-affe-80g\\\/\"]}]},{\"@type\":\"ImageObject\",\"inLanguage\":\"de\",\"@id\":\"https:\\\/\\\/erboristeria-artemisia.ch\\\/de\\\/produkt\\\/weisser-affe-80g\\\/#primaryimage\",\"url\":\"https:\\\/\\\/erboristeria-artemisia.ch\\\/wp-content\\\/uploads\\\/2025\\\/09\\\/White-Monkey.jpg\",\"contentUrl\":\"https:\\\/\\\/erboristeria-artemisia.ch\\\/wp-content\\\/uploads\\\/2025\\\/09\\\/White-Monkey.jpg\",\"width\":2000,\"height\":2000},{\"@type\":\"BreadcrumbList\",\"@id\":\"https:\\\/\\\/erboristeria-artemisia.ch\\\/de\\\/produkt\\\/weisser-affe-80g\\\/#breadcrumb\",\"itemListElement\":[{\"@type\":\"ListItem\",\"position\":1,\"name\":\"Home\",\"item\":\"https:\\\/\\\/erboristeria-artemisia.ch\\\/de\\\/startseite\\\/\"},{\"@type\":\"ListItem\",\"position\":2,\"name\":\"Shop4\",\"item\":\"https:\\\/\\\/erboristeria-artemisia.ch\\\/shop4\\\/\"},{\"@type\":\"ListItem\",\"position\":3,\"name\":\"Wei\u00dfer Affe 80g\"}]},{\"@type\":\"WebSite\",\"@id\":\"https:\\\/\\\/erboristeria-artemisia.ch\\\/de\\\/#website\",\"url\":\"https:\\\/\\\/erboristeria-artemisia.ch\\\/de\\\/\",\"name\":\"Erboristeria Artemisia\",\"description\":\"Ogni sorso \u00e8 un momento per te\",\"potentialAction\":[{\"@type\":\"SearchAction\",\"target\":{\"@type\":\"EntryPoint\",\"urlTemplate\":\"https:\\\/\\\/erboristeria-artemisia.ch\\\/de\\\/?s={search_term_string}\"},\"query-input\":{\"@type\":\"PropertyValueSpecification\",\"valueRequired\":true,\"valueName\":\"search_term_string\"}}],\"inLanguage\":\"de\"}]}<\/script>\n<!-- \/ Yoast SEO plugin. -->","yoast_head_json":{"title":"Wei\u00dfer Affe 80g - Erboristeria Artemisia","robots":{"index":"index","follow":"follow","max-snippet":"max-snippet:-1","max-image-preview":"max-image-preview:large","max-video-preview":"max-video-preview:-1"},"canonical":"https:\/\/erboristeria-artemisia.ch\/de\/produkt\/weisser-affe-80g\/","og_locale":"de_DE","og_type":"article","og_title":"Wei\u00dfer Affe 80g - Erboristeria Artemisia","og_description":"\ud83d\udc12\ud83c\udf43 Wei\u00dfer Affe &#8211; 80g Seltener und feiner gr\u00fcner Tee mit samtiger Frische. Der Wei\u00dfe Affe (Bai Mao Hou) ist ein chinesischer Gr\u00fcntee, der in den Bergen von Fujian angebaut und im zeitigen Fr\u00fchjahr geerntet wird, wenn die Knospen noch mit einem leichten wei\u00dfen Flaum bedeckt sind. Obwohl er als gr\u00fcner Tee klassifiziert ist, erinnern [&hellip;]","og_url":"https:\/\/erboristeria-artemisia.ch\/de\/produkt\/weisser-affe-80g\/","og_site_name":"Erboristeria Artemisia","article_modified_time":"2025-09-25T14:25:57+00:00","og_image":[{"width":2000,"height":2000,"url":"https:\/\/erboristeria-artemisia.ch\/wp-content\/uploads\/2025\/09\/White-Monkey.jpg","type":"image\/jpeg"}],"twitter_card":"summary_large_image","twitter_misc":{"Gesch\u00e4tzte Lesezeit":"1\u00a0Minute"},"schema":{"@context":"https:\/\/schema.org","@graph":[{"@type":"WebPage","@id":"https:\/\/erboristeria-artemisia.ch\/de\/produkt\/weisser-affe-80g\/","url":"https:\/\/erboristeria-artemisia.ch\/de\/produkt\/weisser-affe-80g\/","name":"Wei\u00dfer Affe 80g - Erboristeria Artemisia","isPartOf":{"@id":"https:\/\/erboristeria-artemisia.ch\/de\/#website"},"primaryImageOfPage":{"@id":"https:\/\/erboristeria-artemisia.ch\/de\/produkt\/weisser-affe-80g\/#primaryimage"},"image":{"@id":"https:\/\/erboristeria-artemisia.ch\/de\/produkt\/weisser-affe-80g\/#primaryimage"},"thumbnailUrl":"https:\/\/erboristeria-artemisia.ch\/wp-content\/uploads\/2025\/09\/White-Monkey.jpg","datePublished":"2025-09-17T19:30:20+00:00","dateModified":"2025-09-25T14:25:57+00:00","breadcrumb":{"@id":"https:\/\/erboristeria-artemisia.ch\/de\/produkt\/weisser-affe-80g\/#breadcrumb"},"inLanguage":"de","potentialAction":[{"@type":"ReadAction","target":["https:\/\/erboristeria-artemisia.ch\/de\/produkt\/weisser-affe-80g\/"]}]},{"@type":"ImageObject","inLanguage":"de","@id":"https:\/\/erboristeria-artemisia.ch\/de\/produkt\/weisser-affe-80g\/#primaryimage","url":"https:\/\/erboristeria-artemisia.ch\/wp-content\/uploads\/2025\/09\/White-Monkey.jpg","contentUrl":"https:\/\/erboristeria-artemisia.ch\/wp-content\/uploads\/2025\/09\/White-Monkey.jpg","width":2000,"height":2000},{"@type":"BreadcrumbList","@id":"https:\/\/erboristeria-artemisia.ch\/de\/produkt\/weisser-affe-80g\/#breadcrumb","itemListElement":[{"@type":"ListItem","position":1,"name":"Home","item":"https:\/\/erboristeria-artemisia.ch\/de\/startseite\/"},{"@type":"ListItem","position":2,"name":"Shop4","item":"https:\/\/erboristeria-artemisia.ch\/shop4\/"},{"@type":"ListItem","position":3,"name":"Wei\u00dfer Affe 80g"}]},{"@type":"WebSite","@id":"https:\/\/erboristeria-artemisia.ch\/de\/#website","url":"https:\/\/erboristeria-artemisia.ch\/de\/","name":"Erboristeria Artemisia","description":"Ogni sorso \u00e8 un momento per te","potentialAction":[{"@type":"SearchAction","target":{"@type":"EntryPoint","urlTemplate":"https:\/\/erboristeria-artemisia.ch\/de\/?s={search_term_string}"},"query-input":{"@type":"PropertyValueSpecification","valueRequired":true,"valueName":"search_term_string"}}],"inLanguage":"de"}]}},"_links":{"self":[{"href":"https:\/\/erboristeria-artemisia.ch\/de\/wp-json\/wp\/v2\/product\/30842","targetHints":{"allow":["GET"]}}],"collection":[{"href":"https:\/\/erboristeria-artemisia.ch\/de\/wp-json\/wp\/v2\/product"}],"about":[{"href":"https:\/\/erboristeria-artemisia.ch\/de\/wp-json\/wp\/v2\/types\/product"}],"wp:featuredmedia":[{"embeddable":true,"href":"https:\/\/erboristeria-artemisia.ch\/de\/wp-json\/wp\/v2\/media\/30526"}],"wp:attachment":[{"href":"https:\/\/erboristeria-artemisia.ch\/de\/wp-json\/wp\/v2\/media?parent=30842"}],"wp:term":[{"taxonomy":"product_brand","embeddable":true,"href":"https:\/\/erboristeria-artemisia.ch\/de\/wp-json\/wp\/v2\/product_brand?post=30842"},{"taxonomy":"product_cat","embeddable":true,"href":"https:\/\/erboristeria-artemisia.ch\/de\/wp-json\/wp\/v2\/product_cat?post=30842"},{"taxonomy":"product_tag","embeddable":true,"href":"https:\/\/erboristeria-artemisia.ch\/de\/wp-json\/wp\/v2\/product_tag?post=30842"}],"curies":[{"name":"wp","href":"https:\/\/api.w.org\/{rel}","templated":true}]}}