{"id":30843,"date":"2025-09-17T21:18:15","date_gmt":"2025-09-17T19:18:15","guid":{"rendered":"https:\/\/erboristeria-artemisia.ch\/product\/nebeltee-natuerlich-100g\/"},"modified":"2025-09-25T16:25:57","modified_gmt":"2025-09-25T14:25:57","slug":"nebeltee-natuerlich-100g","status":"publish","type":"product","link":"https:\/\/erboristeria-artemisia.ch\/de\/produkt\/nebeltee-natuerlich-100g\/","title":{"rendered":"Nebeltee (Nat\u00fcrlich) 100g"},"content":{"rendered":"<h2 data-start=\"87\" data-end=\"135\">\ud83c\udf2b\ufe0f\ud83c\udf43 <strong data-start=\"96\" data-end=\"133\">Nebeltee (Nat\u00fcrlich) &#8211; 100g<\/strong><\/h2>\n<p data-start=\"136\" data-end=\"203\"><strong data-start=\"136\" data-end=\"203\">Ein von Nebelmagie umh\u00fcllter gr\u00fcner Tee, rein und aromatisch.<\/strong><\/p>\n<p data-start=\"205\" data-end=\"497\">Fog Tea stammt aus dem nebelverhangenen Hochland, wo die Teepflanzen langsam wachsen und dabei intensive Aromen und einen einzigartigen Charakter entwickeln. Diese nat\u00fcrliche Mischung bietet einen sanften Aufguss, reich an frischen und zarten Nuancen, perfekt f\u00fcr alle, die authentischen gr\u00fcnen Tee lieben. <\/p>\n<hr data-start=\"499\" data-end=\"502\">\n<h3 data-start=\"504\" data-end=\"538\">\ud83c\udf75 <strong data-start=\"511\" data-end=\"535\">Verkostungsnotizen<\/strong>:<\/h3>\n<ul data-start=\"539\" data-end=\"793\">\n<li data-start=\"539\" data-end=\"596\">\n<p data-start=\"541\" data-end=\"596\"><strong data-start=\"541\" data-end=\"552\">Aussehen<\/strong>: hellgr\u00fcner, leicht goldener Lik\u00f6r<\/p>\n<\/li>\n<li data-start=\"597\" data-end=\"672\">\n<p data-start=\"599\" data-end=\"672\"><strong data-start=\"599\" data-end=\"608\">Aroma<\/strong>: Frisch, delikat, mit krautigen und leicht mineralischen Noten<\/p>\n<\/li>\n<li data-start=\"673\" data-end=\"748\">\n<p data-start=\"675\" data-end=\"748\"><strong data-start=\"675\" data-end=\"684\">Geschmack<\/strong>: Weich, ausgewogen, mit einem sauberen, lang anhaltenden Nachgeschmack<\/p>\n<\/li>\n<li data-start=\"749\" data-end=\"793\">\n<p data-start=\"751\" data-end=\"793\"><strong data-start=\"751\" data-end=\"765\">Empfindung<\/strong>: Erfrischend und harmonisch<\/p>\n<\/li>\n<\/ul>\n<hr data-start=\"795\" data-end=\"798\">\n<h3 data-start=\"800\" data-end=\"825\">\ud83c\udf31 <strong data-start=\"807\" data-end=\"822\">Zutaten<\/strong>:<\/h3>\n<ul data-start=\"826\" data-end=\"898\">\n<li data-start=\"826\" data-end=\"859\">\n<p data-start=\"828\" data-end=\"859\">Ausgew\u00e4hlter nat\u00fcrlicher gr\u00fcner Tee<\/p>\n<\/li>\n<li data-start=\"860\" data-end=\"898\">\n<p data-start=\"862\" data-end=\"898\"><em data-start=\"862\" data-end=\"898\">Keine k\u00fcnstlichen Aromen oder Zusatzstoffe<\/em><\/p>\n<\/li>\n<\/ul>\n<hr data-start=\"900\" data-end=\"903\">\n<h3 data-start=\"905\" data-end=\"943\">\ud83e\uded6 <strong data-start=\"912\" data-end=\"940\">Empfohlene Zubereitung<\/strong>:<\/h3>\n<ul data-start=\"944\" data-end=\"1044\">\n<li data-start=\"944\" data-end=\"974\">\n<p data-start=\"946\" data-end=\"974\"><strong data-start=\"946\" data-end=\"958\">Menge<\/strong>: 2g pro Tasse<\/p>\n<\/li>\n<li data-start=\"975\" data-end=\"1014\">\n<p data-start=\"977\" data-end=\"1014\"><strong data-start=\"977\" data-end=\"1003\">Wassertemperatur<\/strong>: 75-80\u00b0C<\/p>\n<\/li>\n<li data-start=\"1015\" data-end=\"1044\">\n<p data-start=\"1017\" data-end=\"1044\"><strong data-start=\"1017\" data-end=\"1030\">Infusion<\/strong>: 2-3 Minuten<\/p>\n<\/li>\n<\/ul>\n<hr data-start=\"1046\" data-end=\"1049\">\n","protected":false},"excerpt":{"rendered":"<p>\ud83c\udf2b\ufe0f\ud83c\udf43 Nebeltee (Nat\u00fcrlich) &#8211; 100g Ein von Nebelmagie umh\u00fcllter gr\u00fcner Tee, rein und aromatisch. Fog Tea stammt aus dem nebelverhangenen Hochland, wo die Teepflanzen langsam wachsen und dabei intensive Aromen und einen einzigartigen Charakter entwickeln. Diese nat\u00fcrliche Mischung bietet einen sanften Aufguss, reich an frischen und zarten Nuancen, perfekt f\u00fcr alle, die authentischen gr\u00fcnen Tee [&hellip;]<\/p>\n","protected":false},"featured_media":30513,"template":"","meta":{"_et_pb_use_builder":"","_et_pb_old_content":"","_et_gb_content_width":""},"product_brand":[],"product_cat":[92],"product_tag":[],"class_list":{"0":"post-30843","1":"product","2":"type-product","3":"status-publish","4":"has-post-thumbnail","6":"product_cat-chinesische-tees","8":"first","9":"instock","10":"shipping-taxable","11":"purchasable","12":"product-type-simple"},"yoast_head":"<!-- This site is optimized with the Yoast SEO plugin v27.4 - https:\/\/yoast.com\/product\/yoast-seo-wordpress\/ -->\n<title>Nebeltee (Nat\u00fcrlich) 100g - Erboristeria Artemisia<\/title>\n<meta name=\"robots\" content=\"index, follow, max-snippet:-1, max-image-preview:large, max-video-preview:-1\" \/>\n<link rel=\"canonical\" href=\"https:\/\/erboristeria-artemisia.ch\/de\/produkt\/nebeltee-natuerlich-100g\/\" \/>\n<meta property=\"og:locale\" content=\"de_DE\" \/>\n<meta property=\"og:type\" content=\"article\" \/>\n<meta property=\"og:title\" content=\"Nebeltee (Nat\u00fcrlich) 100g - Erboristeria Artemisia\" \/>\n<meta property=\"og:description\" content=\"\ud83c\udf2b\ufe0f\ud83c\udf43 Nebeltee (Nat\u00fcrlich) &#8211; 100g Ein von Nebelmagie umh\u00fcllter gr\u00fcner Tee, rein und aromatisch. Fog Tea stammt aus dem nebelverhangenen Hochland, wo die Teepflanzen langsam wachsen und dabei intensive Aromen und einen einzigartigen Charakter entwickeln. Diese nat\u00fcrliche Mischung bietet einen sanften Aufguss, reich an frischen und zarten Nuancen, perfekt f\u00fcr alle, die authentischen gr\u00fcnen Tee [&hellip;]\" \/>\n<meta property=\"og:url\" content=\"https:\/\/erboristeria-artemisia.ch\/de\/produkt\/nebeltee-natuerlich-100g\/\" \/>\n<meta property=\"og:site_name\" content=\"Erboristeria Artemisia\" \/>\n<meta property=\"article:modified_time\" content=\"2025-09-25T14:25:57+00:00\" \/>\n<meta property=\"og:image\" content=\"https:\/\/erboristeria-artemisia.ch\/wp-content\/uploads\/2025\/09\/Te-della-Nebbia.jpg\" \/>\n\t<meta property=\"og:image:width\" content=\"2000\" \/>\n\t<meta property=\"og:image:height\" content=\"2000\" \/>\n\t<meta property=\"og:image:type\" content=\"image\/jpeg\" \/>\n<meta name=\"twitter:card\" content=\"summary_large_image\" \/>\n<meta name=\"twitter:label1\" content=\"Gesch\u00e4tzte Lesezeit\" \/>\n\t<meta name=\"twitter:data1\" content=\"1\u00a0Minute\" \/>\n<script type=\"application\/ld+json\" class=\"yoast-schema-graph\">{\"@context\":\"https:\\\/\\\/schema.org\",\"@graph\":[{\"@type\":\"WebPage\",\"@id\":\"https:\\\/\\\/erboristeria-artemisia.ch\\\/de\\\/produkt\\\/nebeltee-natuerlich-100g\\\/\",\"url\":\"https:\\\/\\\/erboristeria-artemisia.ch\\\/de\\\/produkt\\\/nebeltee-natuerlich-100g\\\/\",\"name\":\"Nebeltee (Nat\u00fcrlich) 100g - Erboristeria Artemisia\",\"isPartOf\":{\"@id\":\"https:\\\/\\\/erboristeria-artemisia.ch\\\/de\\\/#website\"},\"primaryImageOfPage\":{\"@id\":\"https:\\\/\\\/erboristeria-artemisia.ch\\\/de\\\/produkt\\\/nebeltee-natuerlich-100g\\\/#primaryimage\"},\"image\":{\"@id\":\"https:\\\/\\\/erboristeria-artemisia.ch\\\/de\\\/produkt\\\/nebeltee-natuerlich-100g\\\/#primaryimage\"},\"thumbnailUrl\":\"https:\\\/\\\/erboristeria-artemisia.ch\\\/wp-content\\\/uploads\\\/2025\\\/09\\\/Te-della-Nebbia.jpg\",\"datePublished\":\"2025-09-17T19:18:15+00:00\",\"dateModified\":\"2025-09-25T14:25:57+00:00\",\"breadcrumb\":{\"@id\":\"https:\\\/\\\/erboristeria-artemisia.ch\\\/de\\\/produkt\\\/nebeltee-natuerlich-100g\\\/#breadcrumb\"},\"inLanguage\":\"de\",\"potentialAction\":[{\"@type\":\"ReadAction\",\"target\":[\"https:\\\/\\\/erboristeria-artemisia.ch\\\/de\\\/produkt\\\/nebeltee-natuerlich-100g\\\/\"]}]},{\"@type\":\"ImageObject\",\"inLanguage\":\"de\",\"@id\":\"https:\\\/\\\/erboristeria-artemisia.ch\\\/de\\\/produkt\\\/nebeltee-natuerlich-100g\\\/#primaryimage\",\"url\":\"https:\\\/\\\/erboristeria-artemisia.ch\\\/wp-content\\\/uploads\\\/2025\\\/09\\\/Te-della-Nebbia.jpg\",\"contentUrl\":\"https:\\\/\\\/erboristeria-artemisia.ch\\\/wp-content\\\/uploads\\\/2025\\\/09\\\/Te-della-Nebbia.jpg\",\"width\":2000,\"height\":2000},{\"@type\":\"BreadcrumbList\",\"@id\":\"https:\\\/\\\/erboristeria-artemisia.ch\\\/de\\\/produkt\\\/nebeltee-natuerlich-100g\\\/#breadcrumb\",\"itemListElement\":[{\"@type\":\"ListItem\",\"position\":1,\"name\":\"Home\",\"item\":\"https:\\\/\\\/erboristeria-artemisia.ch\\\/de\\\/startseite\\\/\"},{\"@type\":\"ListItem\",\"position\":2,\"name\":\"Shop4\",\"item\":\"https:\\\/\\\/erboristeria-artemisia.ch\\\/shop4\\\/\"},{\"@type\":\"ListItem\",\"position\":3,\"name\":\"Nebeltee (Nat\u00fcrlich) 100g\"}]},{\"@type\":\"WebSite\",\"@id\":\"https:\\\/\\\/erboristeria-artemisia.ch\\\/de\\\/#website\",\"url\":\"https:\\\/\\\/erboristeria-artemisia.ch\\\/de\\\/\",\"name\":\"Erboristeria Artemisia\",\"description\":\"Ogni sorso \u00e8 un momento per te\",\"potentialAction\":[{\"@type\":\"SearchAction\",\"target\":{\"@type\":\"EntryPoint\",\"urlTemplate\":\"https:\\\/\\\/erboristeria-artemisia.ch\\\/de\\\/?s={search_term_string}\"},\"query-input\":{\"@type\":\"PropertyValueSpecification\",\"valueRequired\":true,\"valueName\":\"search_term_string\"}}],\"inLanguage\":\"de\"}]}<\/script>\n<!-- \/ Yoast SEO plugin. -->","yoast_head_json":{"title":"Nebeltee (Nat\u00fcrlich) 100g - Erboristeria Artemisia","robots":{"index":"index","follow":"follow","max-snippet":"max-snippet:-1","max-image-preview":"max-image-preview:large","max-video-preview":"max-video-preview:-1"},"canonical":"https:\/\/erboristeria-artemisia.ch\/de\/produkt\/nebeltee-natuerlich-100g\/","og_locale":"de_DE","og_type":"article","og_title":"Nebeltee (Nat\u00fcrlich) 100g - Erboristeria Artemisia","og_description":"\ud83c\udf2b\ufe0f\ud83c\udf43 Nebeltee (Nat\u00fcrlich) &#8211; 100g Ein von Nebelmagie umh\u00fcllter gr\u00fcner Tee, rein und aromatisch. Fog Tea stammt aus dem nebelverhangenen Hochland, wo die Teepflanzen langsam wachsen und dabei intensive Aromen und einen einzigartigen Charakter entwickeln. Diese nat\u00fcrliche Mischung bietet einen sanften Aufguss, reich an frischen und zarten Nuancen, perfekt f\u00fcr alle, die authentischen gr\u00fcnen Tee [&hellip;]","og_url":"https:\/\/erboristeria-artemisia.ch\/de\/produkt\/nebeltee-natuerlich-100g\/","og_site_name":"Erboristeria Artemisia","article_modified_time":"2025-09-25T14:25:57+00:00","og_image":[{"width":2000,"height":2000,"url":"https:\/\/erboristeria-artemisia.ch\/wp-content\/uploads\/2025\/09\/Te-della-Nebbia.jpg","type":"image\/jpeg"}],"twitter_card":"summary_large_image","twitter_misc":{"Gesch\u00e4tzte Lesezeit":"1\u00a0Minute"},"schema":{"@context":"https:\/\/schema.org","@graph":[{"@type":"WebPage","@id":"https:\/\/erboristeria-artemisia.ch\/de\/produkt\/nebeltee-natuerlich-100g\/","url":"https:\/\/erboristeria-artemisia.ch\/de\/produkt\/nebeltee-natuerlich-100g\/","name":"Nebeltee (Nat\u00fcrlich) 100g - Erboristeria Artemisia","isPartOf":{"@id":"https:\/\/erboristeria-artemisia.ch\/de\/#website"},"primaryImageOfPage":{"@id":"https:\/\/erboristeria-artemisia.ch\/de\/produkt\/nebeltee-natuerlich-100g\/#primaryimage"},"image":{"@id":"https:\/\/erboristeria-artemisia.ch\/de\/produkt\/nebeltee-natuerlich-100g\/#primaryimage"},"thumbnailUrl":"https:\/\/erboristeria-artemisia.ch\/wp-content\/uploads\/2025\/09\/Te-della-Nebbia.jpg","datePublished":"2025-09-17T19:18:15+00:00","dateModified":"2025-09-25T14:25:57+00:00","breadcrumb":{"@id":"https:\/\/erboristeria-artemisia.ch\/de\/produkt\/nebeltee-natuerlich-100g\/#breadcrumb"},"inLanguage":"de","potentialAction":[{"@type":"ReadAction","target":["https:\/\/erboristeria-artemisia.ch\/de\/produkt\/nebeltee-natuerlich-100g\/"]}]},{"@type":"ImageObject","inLanguage":"de","@id":"https:\/\/erboristeria-artemisia.ch\/de\/produkt\/nebeltee-natuerlich-100g\/#primaryimage","url":"https:\/\/erboristeria-artemisia.ch\/wp-content\/uploads\/2025\/09\/Te-della-Nebbia.jpg","contentUrl":"https:\/\/erboristeria-artemisia.ch\/wp-content\/uploads\/2025\/09\/Te-della-Nebbia.jpg","width":2000,"height":2000},{"@type":"BreadcrumbList","@id":"https:\/\/erboristeria-artemisia.ch\/de\/produkt\/nebeltee-natuerlich-100g\/#breadcrumb","itemListElement":[{"@type":"ListItem","position":1,"name":"Home","item":"https:\/\/erboristeria-artemisia.ch\/de\/startseite\/"},{"@type":"ListItem","position":2,"name":"Shop4","item":"https:\/\/erboristeria-artemisia.ch\/shop4\/"},{"@type":"ListItem","position":3,"name":"Nebeltee (Nat\u00fcrlich) 100g"}]},{"@type":"WebSite","@id":"https:\/\/erboristeria-artemisia.ch\/de\/#website","url":"https:\/\/erboristeria-artemisia.ch\/de\/","name":"Erboristeria Artemisia","description":"Ogni sorso \u00e8 un momento per te","potentialAction":[{"@type":"SearchAction","target":{"@type":"EntryPoint","urlTemplate":"https:\/\/erboristeria-artemisia.ch\/de\/?s={search_term_string}"},"query-input":{"@type":"PropertyValueSpecification","valueRequired":true,"valueName":"search_term_string"}}],"inLanguage":"de"}]}},"_links":{"self":[{"href":"https:\/\/erboristeria-artemisia.ch\/de\/wp-json\/wp\/v2\/product\/30843","targetHints":{"allow":["GET"]}}],"collection":[{"href":"https:\/\/erboristeria-artemisia.ch\/de\/wp-json\/wp\/v2\/product"}],"about":[{"href":"https:\/\/erboristeria-artemisia.ch\/de\/wp-json\/wp\/v2\/types\/product"}],"wp:featuredmedia":[{"embeddable":true,"href":"https:\/\/erboristeria-artemisia.ch\/de\/wp-json\/wp\/v2\/media\/30513"}],"wp:attachment":[{"href":"https:\/\/erboristeria-artemisia.ch\/de\/wp-json\/wp\/v2\/media?parent=30843"}],"wp:term":[{"taxonomy":"product_brand","embeddable":true,"href":"https:\/\/erboristeria-artemisia.ch\/de\/wp-json\/wp\/v2\/product_brand?post=30843"},{"taxonomy":"product_cat","embeddable":true,"href":"https:\/\/erboristeria-artemisia.ch\/de\/wp-json\/wp\/v2\/product_cat?post=30843"},{"taxonomy":"product_tag","embeddable":true,"href":"https:\/\/erboristeria-artemisia.ch\/de\/wp-json\/wp\/v2\/product_tag?post=30843"}],"curies":[{"name":"wp","href":"https:\/\/api.w.org\/{rel}","templated":true}]}}