{"id":30844,"date":"2025-09-17T21:34:56","date_gmt":"2025-09-17T19:34:56","guid":{"rendered":"https:\/\/erboristeria-artemisia.ch\/product\/yunnan-fop-100g\/"},"modified":"2025-09-25T16:25:58","modified_gmt":"2025-09-25T14:25:58","slug":"yunnan-fop-100g","status":"publish","type":"product","link":"https:\/\/erboristeria-artemisia.ch\/de\/produkt\/yunnan-fop-100g\/","title":{"rendered":"Yunnan Fop 100g"},"content":{"rendered":"<h2 data-start=\"108\" data-end=\"159\">\ud83c\udf3f\u26f0\ufe0f <strong data-start=\"116\" data-end=\"157\">Yunnan FOP Nat\u00fcrlich &#8211; 100g<\/strong><\/h2>\n<p data-start=\"160\" data-end=\"228\"><strong data-start=\"160\" data-end=\"228\">Aus den Bergen S\u00fcdchinas, ein seltener und raffinierter gr\u00fcner Tee.<\/strong><\/p>\n<p data-start=\"230\" data-end=\"609\">Dieser feine <strong data-start=\"246\" data-end=\"285\">FOP (Flowery Orange Pekoe) Gr\u00fcntee<\/strong> stammt aus der Bergregion von <strong data-start=\"324\" data-end=\"334\">Yunnan<\/strong>, einem der \u00e4ltesten und renommiertesten Anbaugebiete f\u00fcr Tee. Er wird von Hand aus jungen Trieben und Bl\u00e4ttern geerntet und bietet ein einzigartiges Geschmacksprofil: <strong data-start=\"485\" data-end=\"496\">krautig<\/strong>, <strong data-start=\"498\" data-end=\"510\">blumig<\/strong> und mit einer <strong data-start=\"521\" data-end=\"550\">leicht fruchtigen Note<\/strong>, die ihn von klassischen, eher &#8222;pflanzlichen&#8220; Gr\u00fcntees unterscheidet. <\/p>\n<p data-start=\"611\" data-end=\"736\">Ein idealer Tee f\u00fcr alle, die eine zarte und doch charaktervolle Tasse suchen, die Sie zu jeder Tageszeit genie\u00dfen k\u00f6nnen.<\/p>\n<hr data-start=\"738\" data-end=\"741\">\n<h3 data-start=\"743\" data-end=\"777\">\ud83c\udf75 <strong data-start=\"750\" data-end=\"774\">Verkostungsnotizen<\/strong>:<\/h3>\n<ul data-start=\"778\" data-end=\"1040\">\n<li data-start=\"778\" data-end=\"832\">\n<p data-start=\"780\" data-end=\"832\"><strong data-start=\"780\" data-end=\"791\">Aussehen<\/strong>: klarer gelb-gr\u00fcner Lik\u00f6r<\/p>\n<\/li>\n<li data-start=\"833\" data-end=\"907\">\n<p data-start=\"835\" data-end=\"907\"><strong data-start=\"835\" data-end=\"844\">Aroma<\/strong>: Frisch, leicht blumig mit einem Hauch von gelben Fr\u00fcchten<\/p>\n<\/li>\n<li data-start=\"908\" data-end=\"978\">\n<p data-start=\"910\" data-end=\"978\"><strong data-start=\"910\" data-end=\"919\">Geschmack<\/strong>: Weich, ausgewogen, mit einer leichten nat\u00fcrlichen S\u00fc\u00dfe<\/p>\n<\/li>\n<li data-start=\"979\" data-end=\"1040\">\n<p data-start=\"981\" data-end=\"1040\"><strong data-start=\"981\" data-end=\"995\">Nachgeschmack<\/strong>: Sauber, anhaltend, angenehm frisch<\/p>\n<\/li>\n<\/ul>\n<hr data-start=\"1042\" data-end=\"1045\">\n<h3 data-start=\"1047\" data-end=\"1072\">\ud83c\udf31 <strong data-start=\"1054\" data-end=\"1069\">Zutaten<\/strong>:<\/h3>\n<ul data-start=\"1073\" data-end=\"1161\">\n<li data-start=\"1073\" data-end=\"1121\">\n<p data-start=\"1075\" data-end=\"1121\">Yunnan F.O.P. Gr\u00fcner Tee (100% nat\u00fcrlich)<\/p>\n<\/li>\n<li data-start=\"1122\" data-end=\"1161\">\n<p data-start=\"1124\" data-end=\"1161\"><em data-start=\"1124\" data-end=\"1161\">Keine k\u00fcnstlichen Aromen oder Zusatzstoffe<\/em><\/p>\n<\/li>\n<\/ul>\n<hr data-start=\"1163\" data-end=\"1166\">\n<h3 data-start=\"1168\" data-end=\"1206\">\ud83e\uded6 <strong data-start=\"1175\" data-end=\"1203\">Empfohlene Zubereitung<\/strong>:<\/h3>\n<ul data-start=\"1207\" data-end=\"1307\">\n<li data-start=\"1207\" data-end=\"1237\">\n<p data-start=\"1209\" data-end=\"1237\"><strong data-start=\"1209\" data-end=\"1221\">Menge<\/strong>: 2g pro Tasse<\/p>\n<\/li>\n<li data-start=\"1238\" data-end=\"1277\">\n<p data-start=\"1240\" data-end=\"1277\"><strong data-start=\"1240\" data-end=\"1266\">Wassertemperatur<\/strong>: 75-80\u00b0C<\/p>\n<\/li>\n<li data-start=\"1278\" data-end=\"1307\">\n<p data-start=\"1280\" data-end=\"1307\"><strong data-start=\"1280\" data-end=\"1293\">Infusion<\/strong>: 2-3 Minuten<\/p>\n<\/li>\n<\/ul>\n<hr data-start=\"1309\" data-end=\"1312\">\n","protected":false},"excerpt":{"rendered":"<p>\ud83c\udf3f\u26f0\ufe0f Yunnan FOP Nat\u00fcrlich &#8211; 100g Aus den Bergen S\u00fcdchinas, ein seltener und raffinierter gr\u00fcner Tee. Dieser feine FOP (Flowery Orange Pekoe) Gr\u00fcntee stammt aus der Bergregion von Yunnan, einem der \u00e4ltesten und renommiertesten Anbaugebiete f\u00fcr Tee. Er wird von Hand aus jungen Trieben und Bl\u00e4ttern geerntet und bietet ein einzigartiges Geschmacksprofil: krautig, blumig und [&hellip;]<\/p>\n","protected":false},"featured_media":30529,"template":"","meta":{"_et_pb_use_builder":"","_et_pb_old_content":"","_et_gb_content_width":""},"product_brand":[],"product_cat":[92],"product_tag":[],"class_list":{"0":"post-30844","1":"product","2":"type-product","3":"status-publish","4":"has-post-thumbnail","6":"product_cat-chinesische-tees","8":"first","9":"instock","10":"shipping-taxable","11":"purchasable","12":"product-type-simple"},"yoast_head":"<!-- This site is optimized with the Yoast SEO plugin v27.4 - https:\/\/yoast.com\/product\/yoast-seo-wordpress\/ -->\n<title>Yunnan Fop 100g - Erboristeria Artemisia<\/title>\n<meta name=\"robots\" content=\"index, follow, max-snippet:-1, max-image-preview:large, max-video-preview:-1\" \/>\n<link rel=\"canonical\" href=\"https:\/\/erboristeria-artemisia.ch\/de\/produkt\/yunnan-fop-100g\/\" \/>\n<meta property=\"og:locale\" content=\"de_DE\" \/>\n<meta property=\"og:type\" content=\"article\" \/>\n<meta property=\"og:title\" content=\"Yunnan Fop 100g - Erboristeria Artemisia\" \/>\n<meta property=\"og:description\" content=\"\ud83c\udf3f\u26f0\ufe0f Yunnan FOP Nat\u00fcrlich &#8211; 100g Aus den Bergen S\u00fcdchinas, ein seltener und raffinierter gr\u00fcner Tee. Dieser feine FOP (Flowery Orange Pekoe) Gr\u00fcntee stammt aus der Bergregion von Yunnan, einem der \u00e4ltesten und renommiertesten Anbaugebiete f\u00fcr Tee. Er wird von Hand aus jungen Trieben und Bl\u00e4ttern geerntet und bietet ein einzigartiges Geschmacksprofil: krautig, blumig und [&hellip;]\" \/>\n<meta property=\"og:url\" content=\"https:\/\/erboristeria-artemisia.ch\/de\/produkt\/yunnan-fop-100g\/\" \/>\n<meta property=\"og:site_name\" content=\"Erboristeria Artemisia\" \/>\n<meta property=\"article:modified_time\" content=\"2025-09-25T14:25:58+00:00\" \/>\n<meta property=\"og:image\" content=\"https:\/\/erboristeria-artemisia.ch\/wp-content\/uploads\/2025\/09\/Yunnan-fop.jpg\" \/>\n\t<meta property=\"og:image:width\" content=\"2000\" \/>\n\t<meta property=\"og:image:height\" content=\"2000\" \/>\n\t<meta property=\"og:image:type\" content=\"image\/jpeg\" \/>\n<meta name=\"twitter:card\" content=\"summary_large_image\" \/>\n<meta name=\"twitter:label1\" content=\"Gesch\u00e4tzte Lesezeit\" \/>\n\t<meta name=\"twitter:data1\" content=\"1\u00a0Minute\" \/>\n<script type=\"application\/ld+json\" class=\"yoast-schema-graph\">{\"@context\":\"https:\\\/\\\/schema.org\",\"@graph\":[{\"@type\":\"WebPage\",\"@id\":\"https:\\\/\\\/erboristeria-artemisia.ch\\\/de\\\/produkt\\\/yunnan-fop-100g\\\/\",\"url\":\"https:\\\/\\\/erboristeria-artemisia.ch\\\/de\\\/produkt\\\/yunnan-fop-100g\\\/\",\"name\":\"Yunnan Fop 100g - Erboristeria Artemisia\",\"isPartOf\":{\"@id\":\"https:\\\/\\\/erboristeria-artemisia.ch\\\/de\\\/#website\"},\"primaryImageOfPage\":{\"@id\":\"https:\\\/\\\/erboristeria-artemisia.ch\\\/de\\\/produkt\\\/yunnan-fop-100g\\\/#primaryimage\"},\"image\":{\"@id\":\"https:\\\/\\\/erboristeria-artemisia.ch\\\/de\\\/produkt\\\/yunnan-fop-100g\\\/#primaryimage\"},\"thumbnailUrl\":\"https:\\\/\\\/erboristeria-artemisia.ch\\\/wp-content\\\/uploads\\\/2025\\\/09\\\/Yunnan-fop.jpg\",\"datePublished\":\"2025-09-17T19:34:56+00:00\",\"dateModified\":\"2025-09-25T14:25:58+00:00\",\"breadcrumb\":{\"@id\":\"https:\\\/\\\/erboristeria-artemisia.ch\\\/de\\\/produkt\\\/yunnan-fop-100g\\\/#breadcrumb\"},\"inLanguage\":\"de\",\"potentialAction\":[{\"@type\":\"ReadAction\",\"target\":[\"https:\\\/\\\/erboristeria-artemisia.ch\\\/de\\\/produkt\\\/yunnan-fop-100g\\\/\"]}]},{\"@type\":\"ImageObject\",\"inLanguage\":\"de\",\"@id\":\"https:\\\/\\\/erboristeria-artemisia.ch\\\/de\\\/produkt\\\/yunnan-fop-100g\\\/#primaryimage\",\"url\":\"https:\\\/\\\/erboristeria-artemisia.ch\\\/wp-content\\\/uploads\\\/2025\\\/09\\\/Yunnan-fop.jpg\",\"contentUrl\":\"https:\\\/\\\/erboristeria-artemisia.ch\\\/wp-content\\\/uploads\\\/2025\\\/09\\\/Yunnan-fop.jpg\",\"width\":2000,\"height\":2000},{\"@type\":\"BreadcrumbList\",\"@id\":\"https:\\\/\\\/erboristeria-artemisia.ch\\\/de\\\/produkt\\\/yunnan-fop-100g\\\/#breadcrumb\",\"itemListElement\":[{\"@type\":\"ListItem\",\"position\":1,\"name\":\"Home\",\"item\":\"https:\\\/\\\/erboristeria-artemisia.ch\\\/de\\\/startseite\\\/\"},{\"@type\":\"ListItem\",\"position\":2,\"name\":\"Shop4\",\"item\":\"https:\\\/\\\/erboristeria-artemisia.ch\\\/shop4\\\/\"},{\"@type\":\"ListItem\",\"position\":3,\"name\":\"Yunnan Fop 100g\"}]},{\"@type\":\"WebSite\",\"@id\":\"https:\\\/\\\/erboristeria-artemisia.ch\\\/de\\\/#website\",\"url\":\"https:\\\/\\\/erboristeria-artemisia.ch\\\/de\\\/\",\"name\":\"Erboristeria Artemisia\",\"description\":\"Ogni sorso \u00e8 un momento per te\",\"potentialAction\":[{\"@type\":\"SearchAction\",\"target\":{\"@type\":\"EntryPoint\",\"urlTemplate\":\"https:\\\/\\\/erboristeria-artemisia.ch\\\/de\\\/?s={search_term_string}\"},\"query-input\":{\"@type\":\"PropertyValueSpecification\",\"valueRequired\":true,\"valueName\":\"search_term_string\"}}],\"inLanguage\":\"de\"}]}<\/script>\n<!-- \/ Yoast SEO plugin. -->","yoast_head_json":{"title":"Yunnan Fop 100g - Erboristeria Artemisia","robots":{"index":"index","follow":"follow","max-snippet":"max-snippet:-1","max-image-preview":"max-image-preview:large","max-video-preview":"max-video-preview:-1"},"canonical":"https:\/\/erboristeria-artemisia.ch\/de\/produkt\/yunnan-fop-100g\/","og_locale":"de_DE","og_type":"article","og_title":"Yunnan Fop 100g - Erboristeria Artemisia","og_description":"\ud83c\udf3f\u26f0\ufe0f Yunnan FOP Nat\u00fcrlich &#8211; 100g Aus den Bergen S\u00fcdchinas, ein seltener und raffinierter gr\u00fcner Tee. Dieser feine FOP (Flowery Orange Pekoe) Gr\u00fcntee stammt aus der Bergregion von Yunnan, einem der \u00e4ltesten und renommiertesten Anbaugebiete f\u00fcr Tee. Er wird von Hand aus jungen Trieben und Bl\u00e4ttern geerntet und bietet ein einzigartiges Geschmacksprofil: krautig, blumig und [&hellip;]","og_url":"https:\/\/erboristeria-artemisia.ch\/de\/produkt\/yunnan-fop-100g\/","og_site_name":"Erboristeria Artemisia","article_modified_time":"2025-09-25T14:25:58+00:00","og_image":[{"width":2000,"height":2000,"url":"https:\/\/erboristeria-artemisia.ch\/wp-content\/uploads\/2025\/09\/Yunnan-fop.jpg","type":"image\/jpeg"}],"twitter_card":"summary_large_image","twitter_misc":{"Gesch\u00e4tzte Lesezeit":"1\u00a0Minute"},"schema":{"@context":"https:\/\/schema.org","@graph":[{"@type":"WebPage","@id":"https:\/\/erboristeria-artemisia.ch\/de\/produkt\/yunnan-fop-100g\/","url":"https:\/\/erboristeria-artemisia.ch\/de\/produkt\/yunnan-fop-100g\/","name":"Yunnan Fop 100g - Erboristeria Artemisia","isPartOf":{"@id":"https:\/\/erboristeria-artemisia.ch\/de\/#website"},"primaryImageOfPage":{"@id":"https:\/\/erboristeria-artemisia.ch\/de\/produkt\/yunnan-fop-100g\/#primaryimage"},"image":{"@id":"https:\/\/erboristeria-artemisia.ch\/de\/produkt\/yunnan-fop-100g\/#primaryimage"},"thumbnailUrl":"https:\/\/erboristeria-artemisia.ch\/wp-content\/uploads\/2025\/09\/Yunnan-fop.jpg","datePublished":"2025-09-17T19:34:56+00:00","dateModified":"2025-09-25T14:25:58+00:00","breadcrumb":{"@id":"https:\/\/erboristeria-artemisia.ch\/de\/produkt\/yunnan-fop-100g\/#breadcrumb"},"inLanguage":"de","potentialAction":[{"@type":"ReadAction","target":["https:\/\/erboristeria-artemisia.ch\/de\/produkt\/yunnan-fop-100g\/"]}]},{"@type":"ImageObject","inLanguage":"de","@id":"https:\/\/erboristeria-artemisia.ch\/de\/produkt\/yunnan-fop-100g\/#primaryimage","url":"https:\/\/erboristeria-artemisia.ch\/wp-content\/uploads\/2025\/09\/Yunnan-fop.jpg","contentUrl":"https:\/\/erboristeria-artemisia.ch\/wp-content\/uploads\/2025\/09\/Yunnan-fop.jpg","width":2000,"height":2000},{"@type":"BreadcrumbList","@id":"https:\/\/erboristeria-artemisia.ch\/de\/produkt\/yunnan-fop-100g\/#breadcrumb","itemListElement":[{"@type":"ListItem","position":1,"name":"Home","item":"https:\/\/erboristeria-artemisia.ch\/de\/startseite\/"},{"@type":"ListItem","position":2,"name":"Shop4","item":"https:\/\/erboristeria-artemisia.ch\/shop4\/"},{"@type":"ListItem","position":3,"name":"Yunnan Fop 100g"}]},{"@type":"WebSite","@id":"https:\/\/erboristeria-artemisia.ch\/de\/#website","url":"https:\/\/erboristeria-artemisia.ch\/de\/","name":"Erboristeria Artemisia","description":"Ogni sorso \u00e8 un momento per te","potentialAction":[{"@type":"SearchAction","target":{"@type":"EntryPoint","urlTemplate":"https:\/\/erboristeria-artemisia.ch\/de\/?s={search_term_string}"},"query-input":{"@type":"PropertyValueSpecification","valueRequired":true,"valueName":"search_term_string"}}],"inLanguage":"de"}]}},"_links":{"self":[{"href":"https:\/\/erboristeria-artemisia.ch\/de\/wp-json\/wp\/v2\/product\/30844","targetHints":{"allow":["GET"]}}],"collection":[{"href":"https:\/\/erboristeria-artemisia.ch\/de\/wp-json\/wp\/v2\/product"}],"about":[{"href":"https:\/\/erboristeria-artemisia.ch\/de\/wp-json\/wp\/v2\/types\/product"}],"wp:featuredmedia":[{"embeddable":true,"href":"https:\/\/erboristeria-artemisia.ch\/de\/wp-json\/wp\/v2\/media\/30529"}],"wp:attachment":[{"href":"https:\/\/erboristeria-artemisia.ch\/de\/wp-json\/wp\/v2\/media?parent=30844"}],"wp:term":[{"taxonomy":"product_brand","embeddable":true,"href":"https:\/\/erboristeria-artemisia.ch\/de\/wp-json\/wp\/v2\/product_brand?post=30844"},{"taxonomy":"product_cat","embeddable":true,"href":"https:\/\/erboristeria-artemisia.ch\/de\/wp-json\/wp\/v2\/product_cat?post=30844"},{"taxonomy":"product_tag","embeddable":true,"href":"https:\/\/erboristeria-artemisia.ch\/de\/wp-json\/wp\/v2\/product_tag?post=30844"}],"curies":[{"name":"wp","href":"https:\/\/api.w.org\/{rel}","templated":true}]}}