{"id":30845,"date":"2025-09-17T21:40:05","date_gmt":"2025-09-17T19:40:05","guid":{"rendered":"https:\/\/erboristeria-artemisia.ch\/product\/roter-pue-erh-tee\/"},"modified":"2025-09-25T16:26:00","modified_gmt":"2025-09-25T14:26:00","slug":"roter-pue-erh-tee","status":"publish","type":"product","link":"https:\/\/erboristeria-artemisia.ch\/de\/produkt\/roter-pue-erh-tee\/","title":{"rendered":"Roter P\u00fc-erh-tee"},"content":{"rendered":"<h2 data-start=\"197\" data-end=\"238\">\ud83c\udf42\ud83d\udd34 <strong data-start=\"205\" data-end=\"236\">Roter Pu-erh-Tee &#8211; Nat\u00fcrlich<\/strong><\/h2>\n<p data-start=\"239\" data-end=\"301\"><strong data-start=\"239\" data-end=\"301\">Ein tiefer, einh\u00fcllender und wohltuender fermentierter Tee.<\/strong><\/p>\n<p data-start=\"303\" data-end=\"597\"><strong data-start=\"306\" data-end=\"326\">Roter Pu-erh-Tee<\/strong> ist ein fermentierter Tee aus der Region <strong data-start=\"374\" data-end=\"391\">Yunnan in China<\/strong>, der f\u00fcr seine dunkle Farbe und seinen intensiven Geschmack bekannt ist. Dieser Tee, der aufgrund der Farbe des Aufgusses als &#8222;rot&#8220; bezeichnet wird, entwickelt <strong data-start=\"511\" data-end=\"522\">erdige<\/strong>, <strong data-start=\"524\" data-end=\"535\">holzige<\/strong> und <strong data-start=\"538\" data-end=\"549\">weiche<\/strong> Aromen mit leichten Noten von getrockneten Fr\u00fcchten und Gestr\u00fcpp. <\/p>\n<p data-start=\"599\" data-end=\"791\">Dank seines nat\u00fcrlichen Fermentationsprozesses wird er auch f\u00fcr seine <strong data-start=\"689\" data-end=\"702\">verdauungsf\u00f6rdernden<\/strong>, <strong data-start=\"704\" data-end=\"718\">reinigenden<\/strong> und <strong data-start=\"721\" data-end=\"736\">w\u00e4rmenden<\/strong> Eigenschaften gesch\u00e4tzt, die sich ideal f\u00fcr den Genuss nach dem Essen oder in den k\u00e4lteren Monaten eignen.<\/p>\n<hr data-start=\"793\" data-end=\"796\">\n<h3 data-start=\"798\" data-end=\"832\">\ud83c\udf75 <strong data-start=\"805\" data-end=\"829\">Verkostungsnotizen<\/strong>:<\/h3>\n<ul data-start=\"833\" data-end=\"1092\">\n<li data-start=\"833\" data-end=\"889\">\n<p data-start=\"835\" data-end=\"889\"><strong data-start=\"835\" data-end=\"846\">Aussehen<\/strong>: Rot-brauner, klarer und tiefer Lik\u00f6r<\/p>\n<\/li>\n<li data-start=\"890\" data-end=\"948\">\n<p data-start=\"892\" data-end=\"948\"><strong data-start=\"892\" data-end=\"901\">Aroma<\/strong>: Erdig, mit Noten von Moschus, Holz und Humus<\/p>\n<\/li>\n<li data-start=\"949\" data-end=\"1021\">\n<p data-start=\"951\" data-end=\"1021\"><strong data-start=\"951\" data-end=\"960\">Geschmack<\/strong>: Weich, vollmundig, mit warmen, leicht s\u00fc\u00dfen Nuancen<\/p>\n<\/li>\n<li data-start=\"1022\" data-end=\"1092\">\n<p data-start=\"1024\" data-end=\"1092\"><strong data-start=\"1024\" data-end=\"1038\">Nachgeschmack<\/strong>: Lang, umh\u00fcllend, mit einem Gef\u00fchl von Wohlbefinden<\/p>\n<\/li>\n<\/ul>\n<hr data-start=\"1094\" data-end=\"1097\">\n<h3 data-start=\"1099\" data-end=\"1124\">\ud83c\udf31 <strong data-start=\"1106\" data-end=\"1121\">Zutaten<\/strong>:<\/h3>\n<ul data-start=\"1125\" data-end=\"1204\">\n<li data-start=\"1125\" data-end=\"1165\">\n<p data-start=\"1127\" data-end=\"1165\">Fermentierter Pu-Erh-Tee (100% nat\u00fcrlich)<\/p>\n<\/li>\n<li data-start=\"1166\" data-end=\"1204\">\n<p data-start=\"1168\" data-end=\"1204\"><em data-start=\"1168\" data-end=\"1204\">Keine k\u00fcnstlichen Aromen oder Zusatzstoffe<\/em><\/p>\n<\/li>\n<\/ul>\n<hr data-start=\"1206\" data-end=\"1209\">\n<h3 data-start=\"1211\" data-end=\"1249\">\ud83e\uded6 <strong data-start=\"1218\" data-end=\"1246\">Empfohlene Zubereitung<\/strong>:<\/h3>\n<ul data-start=\"1250\" data-end=\"1385\">\n<li data-start=\"1250\" data-end=\"1282\">\n<p data-start=\"1252\" data-end=\"1282\"><strong data-start=\"1252\" data-end=\"1264\">Menge<\/strong>: 2-3g pro Tasse<\/p>\n<\/li>\n<li data-start=\"1283\" data-end=\"1322\">\n<p data-start=\"1285\" data-end=\"1322\"><strong data-start=\"1285\" data-end=\"1311\">Wassertemperatur<\/strong>: 90-95\u00b0C<\/p>\n<\/li>\n<li data-start=\"1323\" data-end=\"1385\">\n<p data-start=\"1325\" data-end=\"1385\"><strong data-start=\"1325\" data-end=\"1338\">Aufguss<\/strong>: 3-5 Minuten (kann mehrmals <strong data-start=\"1325\" data-end=\"1338\">aufgegossen<\/strong> werden)<\/p>\n<\/li>\n<\/ul>\n<hr data-start=\"1387\" data-end=\"1390\">\n","protected":false},"excerpt":{"rendered":"<p>\ud83c\udf42\ud83d\udd34 Roter Pu-erh-Tee &#8211; Nat\u00fcrlich Ein tiefer, einh\u00fcllender und wohltuender fermentierter Tee. Roter Pu-erh-Tee ist ein fermentierter Tee aus der Region Yunnan in China, der f\u00fcr seine dunkle Farbe und seinen intensiven Geschmack bekannt ist. Dieser Tee, der aufgrund der Farbe des Aufgusses als &#8222;rot&#8220; bezeichnet wird, entwickelt erdige, holzige und weiche Aromen mit leichten [&hellip;]<\/p>\n","protected":false},"featured_media":30532,"template":"","meta":{"_et_pb_use_builder":"","_et_pb_old_content":"","_et_gb_content_width":""},"product_brand":[],"product_cat":[92],"product_tag":[],"class_list":{"0":"post-30845","1":"product","2":"type-product","3":"status-publish","4":"has-post-thumbnail","6":"product_cat-chinesische-tees","8":"first","9":"instock","10":"shipping-taxable","11":"purchasable","12":"product-type-simple"},"yoast_head":"<!-- This site is optimized with the Yoast SEO plugin v27.4 - https:\/\/yoast.com\/product\/yoast-seo-wordpress\/ -->\n<title>Roter P\u00fc-erh-tee - Erboristeria Artemisia<\/title>\n<meta name=\"robots\" content=\"index, follow, max-snippet:-1, max-image-preview:large, max-video-preview:-1\" \/>\n<link rel=\"canonical\" href=\"https:\/\/erboristeria-artemisia.ch\/de\/produkt\/roter-pue-erh-tee\/\" \/>\n<meta property=\"og:locale\" content=\"de_DE\" \/>\n<meta property=\"og:type\" content=\"article\" \/>\n<meta property=\"og:title\" content=\"Roter P\u00fc-erh-tee - Erboristeria Artemisia\" \/>\n<meta property=\"og:description\" content=\"\ud83c\udf42\ud83d\udd34 Roter Pu-erh-Tee &#8211; Nat\u00fcrlich Ein tiefer, einh\u00fcllender und wohltuender fermentierter Tee. Roter Pu-erh-Tee ist ein fermentierter Tee aus der Region Yunnan in China, der f\u00fcr seine dunkle Farbe und seinen intensiven Geschmack bekannt ist. Dieser Tee, der aufgrund der Farbe des Aufgusses als &#8222;rot&#8220; bezeichnet wird, entwickelt erdige, holzige und weiche Aromen mit leichten [&hellip;]\" \/>\n<meta property=\"og:url\" content=\"https:\/\/erboristeria-artemisia.ch\/de\/produkt\/roter-pue-erh-tee\/\" \/>\n<meta property=\"og:site_name\" content=\"Erboristeria Artemisia\" \/>\n<meta property=\"article:modified_time\" content=\"2025-09-25T14:26:00+00:00\" \/>\n<meta property=\"og:image\" content=\"https:\/\/erboristeria-artemisia.ch\/wp-content\/uploads\/2025\/09\/Roter-pu-erh-tee.jpg\" \/>\n\t<meta property=\"og:image:width\" content=\"2000\" \/>\n\t<meta property=\"og:image:height\" content=\"2000\" \/>\n\t<meta property=\"og:image:type\" content=\"image\/jpeg\" \/>\n<meta name=\"twitter:card\" content=\"summary_large_image\" \/>\n<meta name=\"twitter:label1\" content=\"Gesch\u00e4tzte Lesezeit\" \/>\n\t<meta name=\"twitter:data1\" content=\"1\u00a0Minute\" \/>\n<script type=\"application\/ld+json\" class=\"yoast-schema-graph\">{\"@context\":\"https:\\\/\\\/schema.org\",\"@graph\":[{\"@type\":\"WebPage\",\"@id\":\"https:\\\/\\\/erboristeria-artemisia.ch\\\/de\\\/produkt\\\/roter-pue-erh-tee\\\/\",\"url\":\"https:\\\/\\\/erboristeria-artemisia.ch\\\/de\\\/produkt\\\/roter-pue-erh-tee\\\/\",\"name\":\"Roter P\u00fc-erh-tee - Erboristeria Artemisia\",\"isPartOf\":{\"@id\":\"https:\\\/\\\/erboristeria-artemisia.ch\\\/de\\\/#website\"},\"primaryImageOfPage\":{\"@id\":\"https:\\\/\\\/erboristeria-artemisia.ch\\\/de\\\/produkt\\\/roter-pue-erh-tee\\\/#primaryimage\"},\"image\":{\"@id\":\"https:\\\/\\\/erboristeria-artemisia.ch\\\/de\\\/produkt\\\/roter-pue-erh-tee\\\/#primaryimage\"},\"thumbnailUrl\":\"https:\\\/\\\/erboristeria-artemisia.ch\\\/wp-content\\\/uploads\\\/2025\\\/09\\\/Roter-pu-erh-tee.jpg\",\"datePublished\":\"2025-09-17T19:40:05+00:00\",\"dateModified\":\"2025-09-25T14:26:00+00:00\",\"breadcrumb\":{\"@id\":\"https:\\\/\\\/erboristeria-artemisia.ch\\\/de\\\/produkt\\\/roter-pue-erh-tee\\\/#breadcrumb\"},\"inLanguage\":\"de\",\"potentialAction\":[{\"@type\":\"ReadAction\",\"target\":[\"https:\\\/\\\/erboristeria-artemisia.ch\\\/de\\\/produkt\\\/roter-pue-erh-tee\\\/\"]}]},{\"@type\":\"ImageObject\",\"inLanguage\":\"de\",\"@id\":\"https:\\\/\\\/erboristeria-artemisia.ch\\\/de\\\/produkt\\\/roter-pue-erh-tee\\\/#primaryimage\",\"url\":\"https:\\\/\\\/erboristeria-artemisia.ch\\\/wp-content\\\/uploads\\\/2025\\\/09\\\/Roter-pu-erh-tee.jpg\",\"contentUrl\":\"https:\\\/\\\/erboristeria-artemisia.ch\\\/wp-content\\\/uploads\\\/2025\\\/09\\\/Roter-pu-erh-tee.jpg\",\"width\":2000,\"height\":2000},{\"@type\":\"BreadcrumbList\",\"@id\":\"https:\\\/\\\/erboristeria-artemisia.ch\\\/de\\\/produkt\\\/roter-pue-erh-tee\\\/#breadcrumb\",\"itemListElement\":[{\"@type\":\"ListItem\",\"position\":1,\"name\":\"Home\",\"item\":\"https:\\\/\\\/erboristeria-artemisia.ch\\\/de\\\/startseite\\\/\"},{\"@type\":\"ListItem\",\"position\":2,\"name\":\"Shop4\",\"item\":\"https:\\\/\\\/erboristeria-artemisia.ch\\\/shop4\\\/\"},{\"@type\":\"ListItem\",\"position\":3,\"name\":\"Roter P\u00fc-erh-tee\"}]},{\"@type\":\"WebSite\",\"@id\":\"https:\\\/\\\/erboristeria-artemisia.ch\\\/de\\\/#website\",\"url\":\"https:\\\/\\\/erboristeria-artemisia.ch\\\/de\\\/\",\"name\":\"Erboristeria Artemisia\",\"description\":\"Ogni sorso \u00e8 un momento per te\",\"potentialAction\":[{\"@type\":\"SearchAction\",\"target\":{\"@type\":\"EntryPoint\",\"urlTemplate\":\"https:\\\/\\\/erboristeria-artemisia.ch\\\/de\\\/?s={search_term_string}\"},\"query-input\":{\"@type\":\"PropertyValueSpecification\",\"valueRequired\":true,\"valueName\":\"search_term_string\"}}],\"inLanguage\":\"de\"}]}<\/script>\n<!-- \/ Yoast SEO plugin. -->","yoast_head_json":{"title":"Roter P\u00fc-erh-tee - Erboristeria Artemisia","robots":{"index":"index","follow":"follow","max-snippet":"max-snippet:-1","max-image-preview":"max-image-preview:large","max-video-preview":"max-video-preview:-1"},"canonical":"https:\/\/erboristeria-artemisia.ch\/de\/produkt\/roter-pue-erh-tee\/","og_locale":"de_DE","og_type":"article","og_title":"Roter P\u00fc-erh-tee - Erboristeria Artemisia","og_description":"\ud83c\udf42\ud83d\udd34 Roter Pu-erh-Tee &#8211; Nat\u00fcrlich Ein tiefer, einh\u00fcllender und wohltuender fermentierter Tee. Roter Pu-erh-Tee ist ein fermentierter Tee aus der Region Yunnan in China, der f\u00fcr seine dunkle Farbe und seinen intensiven Geschmack bekannt ist. Dieser Tee, der aufgrund der Farbe des Aufgusses als &#8222;rot&#8220; bezeichnet wird, entwickelt erdige, holzige und weiche Aromen mit leichten [&hellip;]","og_url":"https:\/\/erboristeria-artemisia.ch\/de\/produkt\/roter-pue-erh-tee\/","og_site_name":"Erboristeria Artemisia","article_modified_time":"2025-09-25T14:26:00+00:00","og_image":[{"width":2000,"height":2000,"url":"https:\/\/erboristeria-artemisia.ch\/wp-content\/uploads\/2025\/09\/Roter-pu-erh-tee.jpg","type":"image\/jpeg"}],"twitter_card":"summary_large_image","twitter_misc":{"Gesch\u00e4tzte Lesezeit":"1\u00a0Minute"},"schema":{"@context":"https:\/\/schema.org","@graph":[{"@type":"WebPage","@id":"https:\/\/erboristeria-artemisia.ch\/de\/produkt\/roter-pue-erh-tee\/","url":"https:\/\/erboristeria-artemisia.ch\/de\/produkt\/roter-pue-erh-tee\/","name":"Roter P\u00fc-erh-tee - Erboristeria Artemisia","isPartOf":{"@id":"https:\/\/erboristeria-artemisia.ch\/de\/#website"},"primaryImageOfPage":{"@id":"https:\/\/erboristeria-artemisia.ch\/de\/produkt\/roter-pue-erh-tee\/#primaryimage"},"image":{"@id":"https:\/\/erboristeria-artemisia.ch\/de\/produkt\/roter-pue-erh-tee\/#primaryimage"},"thumbnailUrl":"https:\/\/erboristeria-artemisia.ch\/wp-content\/uploads\/2025\/09\/Roter-pu-erh-tee.jpg","datePublished":"2025-09-17T19:40:05+00:00","dateModified":"2025-09-25T14:26:00+00:00","breadcrumb":{"@id":"https:\/\/erboristeria-artemisia.ch\/de\/produkt\/roter-pue-erh-tee\/#breadcrumb"},"inLanguage":"de","potentialAction":[{"@type":"ReadAction","target":["https:\/\/erboristeria-artemisia.ch\/de\/produkt\/roter-pue-erh-tee\/"]}]},{"@type":"ImageObject","inLanguage":"de","@id":"https:\/\/erboristeria-artemisia.ch\/de\/produkt\/roter-pue-erh-tee\/#primaryimage","url":"https:\/\/erboristeria-artemisia.ch\/wp-content\/uploads\/2025\/09\/Roter-pu-erh-tee.jpg","contentUrl":"https:\/\/erboristeria-artemisia.ch\/wp-content\/uploads\/2025\/09\/Roter-pu-erh-tee.jpg","width":2000,"height":2000},{"@type":"BreadcrumbList","@id":"https:\/\/erboristeria-artemisia.ch\/de\/produkt\/roter-pue-erh-tee\/#breadcrumb","itemListElement":[{"@type":"ListItem","position":1,"name":"Home","item":"https:\/\/erboristeria-artemisia.ch\/de\/startseite\/"},{"@type":"ListItem","position":2,"name":"Shop4","item":"https:\/\/erboristeria-artemisia.ch\/shop4\/"},{"@type":"ListItem","position":3,"name":"Roter P\u00fc-erh-tee"}]},{"@type":"WebSite","@id":"https:\/\/erboristeria-artemisia.ch\/de\/#website","url":"https:\/\/erboristeria-artemisia.ch\/de\/","name":"Erboristeria Artemisia","description":"Ogni sorso \u00e8 un momento per te","potentialAction":[{"@type":"SearchAction","target":{"@type":"EntryPoint","urlTemplate":"https:\/\/erboristeria-artemisia.ch\/de\/?s={search_term_string}"},"query-input":{"@type":"PropertyValueSpecification","valueRequired":true,"valueName":"search_term_string"}}],"inLanguage":"de"}]}},"_links":{"self":[{"href":"https:\/\/erboristeria-artemisia.ch\/de\/wp-json\/wp\/v2\/product\/30845","targetHints":{"allow":["GET"]}}],"collection":[{"href":"https:\/\/erboristeria-artemisia.ch\/de\/wp-json\/wp\/v2\/product"}],"about":[{"href":"https:\/\/erboristeria-artemisia.ch\/de\/wp-json\/wp\/v2\/types\/product"}],"wp:featuredmedia":[{"embeddable":true,"href":"https:\/\/erboristeria-artemisia.ch\/de\/wp-json\/wp\/v2\/media\/30532"}],"wp:attachment":[{"href":"https:\/\/erboristeria-artemisia.ch\/de\/wp-json\/wp\/v2\/media?parent=30845"}],"wp:term":[{"taxonomy":"product_brand","embeddable":true,"href":"https:\/\/erboristeria-artemisia.ch\/de\/wp-json\/wp\/v2\/product_brand?post=30845"},{"taxonomy":"product_cat","embeddable":true,"href":"https:\/\/erboristeria-artemisia.ch\/de\/wp-json\/wp\/v2\/product_cat?post=30845"},{"taxonomy":"product_tag","embeddable":true,"href":"https:\/\/erboristeria-artemisia.ch\/de\/wp-json\/wp\/v2\/product_tag?post=30845"}],"curies":[{"name":"wp","href":"https:\/\/api.w.org\/{rel}","templated":true}]}}