{"id":30846,"date":"2025-09-17T21:53:53","date_gmt":"2025-09-17T19:53:53","guid":{"rendered":"https:\/\/erboristeria-artemisia.ch\/product\/oolong-tung-ting-100g\/"},"modified":"2025-09-25T16:26:01","modified_gmt":"2025-09-25T14:26:01","slug":"oolong-tung-ting-100g","status":"publish","type":"product","link":"https:\/\/erboristeria-artemisia.ch\/de\/produkt\/oolong-tung-ting-100g\/","title":{"rendered":"Oolong Tung Ting 100g"},"content":{"rendered":"<h2 data-start=\"87\" data-end=\"124\">\ud83c\udf42\ud83c\udf43 <strong data-start=\"95\" data-end=\"122\">Oolong Tung Ting &#8211; 100g<\/strong><\/h2>\n<p data-start=\"125\" data-end=\"191\"><strong data-start=\"125\" data-end=\"191\">Der ber\u00fchmte taiwanesische Oolong, mit einem weichen und aromatischen Charakter.<\/strong><\/p>\n<p data-start=\"193\" data-end=\"467\"><strong data-start=\"195\" data-end=\"215\">Oolong Tung Ting<\/strong> ist ein hochwertiger halb-oxidierter Tee aus den Bergen Taiwans, der f\u00fcr sein delikates Aroma und seinen reichen, harmonischen Geschmack bekannt ist. Der Name bedeutet &#8218;Hof der Eicheln&#8216; und verweist auf die Tradition und Urspr\u00fcnglichkeit seines Ursprungs. <\/p>\n<p data-start=\"469\" data-end=\"666\">Die sorgf\u00e4ltig ausgew\u00e4hlten und von Hand verarbeiteten Bl\u00e4tter ergeben einen goldenen Aufguss mit blumigen, fruchtigen Noten und einer leichten R\u00f6st-Honig-Nuance, perfekt f\u00fcr einen Moment der Entspannung und des Genusses.<\/p>\n<hr data-start=\"668\" data-end=\"671\">\n<h3 data-start=\"673\" data-end=\"707\">\ud83c\udf75 <strong data-start=\"680\" data-end=\"704\">Verkostungsnotizen<\/strong>:<\/h3>\n<ul data-start=\"708\" data-end=\"962\">\n<li data-start=\"708\" data-end=\"758\">\n<p data-start=\"710\" data-end=\"758\"><strong data-start=\"710\" data-end=\"721\">Aussehen<\/strong>: Klarer, leuchtend goldener Lik\u00f6r<\/p>\n<\/li>\n<li data-start=\"759\" data-end=\"814\">\n<p data-start=\"761\" data-end=\"814\"><strong data-start=\"761\" data-end=\"770\">Aroma<\/strong>: Blumig mit einem Hauch von Orchidee und Honig<\/p>\n<\/li>\n<li data-start=\"815\" data-end=\"896\">\n<p data-start=\"817\" data-end=\"896\"><strong data-start=\"817\" data-end=\"826\">Geschmack<\/strong>: Weich, leicht s\u00fc\u00df, mit einem ausgewogenen und anhaltenden K\u00f6rper<\/p>\n<\/li>\n<li data-start=\"897\" data-end=\"962\">\n<p data-start=\"899\" data-end=\"962\"><strong data-start=\"899\" data-end=\"913\">Nachgeschmack<\/strong>: Sauber und aromatisch, mit einer nat\u00fcrlichen S\u00fc\u00dfe<\/p>\n<\/li>\n<\/ul>\n<hr data-start=\"964\" data-end=\"967\">\n<h3 data-start=\"969\" data-end=\"994\">\ud83c\udf31 <strong data-start=\"976\" data-end=\"991\">Zutaten<\/strong>:<\/h3>\n<ul data-start=\"995\" data-end=\"1059\">\n<li data-start=\"995\" data-end=\"1032\">\n<p data-start=\"997\" data-end=\"1032\">100% nat\u00fcrlicher Oolong Tung Ting Tee<\/p>\n<\/li>\n<li data-start=\"1033\" data-end=\"1059\">\n<p data-start=\"1035\" data-end=\"1059\"><em data-start=\"1035\" data-end=\"1059\">Keine Aromen oder Zusatzstoffe<\/em><\/p>\n<\/li>\n<\/ul>\n<hr data-start=\"1061\" data-end=\"1064\">\n<h3 data-start=\"1066\" data-end=\"1104\">\ud83e\uded6 <strong data-start=\"1073\" data-end=\"1101\">Empfohlene Zubereitung<\/strong>:<\/h3>\n<ul data-start=\"1105\" data-end=\"1285\">\n<li data-start=\"1105\" data-end=\"1135\">\n<p data-start=\"1107\" data-end=\"1135\"><strong data-start=\"1107\" data-end=\"1119\">Menge<\/strong>: 2g pro Tasse<\/p>\n<\/li>\n<li data-start=\"1136\" data-end=\"1175\">\n<p data-start=\"1138\" data-end=\"1175\"><strong data-start=\"1138\" data-end=\"1164\">Wassertemperatur<\/strong>: 85-90\u00b0C<\/p>\n<\/li>\n<li data-start=\"1176\" data-end=\"1205\">\n<p data-start=\"1178\" data-end=\"1205\"><strong data-start=\"1178\" data-end=\"1191\">Infusion<\/strong>: 3-4 Minuten<\/p>\n<\/li>\n<li data-start=\"1206\" data-end=\"1285\">\n<p data-start=\"1208\" data-end=\"1285\">Ideal auch f\u00fcr mehrere Aufg\u00fcsse, wobei sich die Nuancen mit jeder Tasse weiterentwickeln<\/p>\n<\/li>\n<\/ul>\n<hr data-start=\"1287\" data-end=\"1290\">\n","protected":false},"excerpt":{"rendered":"<p>\ud83c\udf42\ud83c\udf43 Oolong Tung Ting &#8211; 100g Der ber\u00fchmte taiwanesische Oolong, mit einem weichen und aromatischen Charakter. Oolong Tung Ting ist ein hochwertiger halb-oxidierter Tee aus den Bergen Taiwans, der f\u00fcr sein delikates Aroma und seinen reichen, harmonischen Geschmack bekannt ist. Der Name bedeutet &#8218;Hof der Eicheln&#8216; und verweist auf die Tradition und Urspr\u00fcnglichkeit seines Ursprungs. [&hellip;]<\/p>\n","protected":false},"featured_media":30547,"template":"","meta":{"_et_pb_use_builder":"","_et_pb_old_content":"","_et_gb_content_width":""},"product_brand":[],"product_cat":[92],"product_tag":[],"class_list":{"0":"post-30846","1":"product","2":"type-product","3":"status-publish","4":"has-post-thumbnail","6":"product_cat-chinesische-tees","8":"first","9":"instock","10":"shipping-taxable","11":"purchasable","12":"product-type-simple"},"yoast_head":"<!-- This site is optimized with the Yoast SEO plugin v27.4 - https:\/\/yoast.com\/product\/yoast-seo-wordpress\/ -->\n<title>Oolong Tung Ting 100g - Erboristeria Artemisia<\/title>\n<meta name=\"robots\" content=\"index, follow, max-snippet:-1, max-image-preview:large, max-video-preview:-1\" \/>\n<link rel=\"canonical\" href=\"https:\/\/erboristeria-artemisia.ch\/de\/produkt\/oolong-tung-ting-100g\/\" \/>\n<meta property=\"og:locale\" content=\"de_DE\" \/>\n<meta property=\"og:type\" content=\"article\" \/>\n<meta property=\"og:title\" content=\"Oolong Tung Ting 100g - Erboristeria Artemisia\" \/>\n<meta property=\"og:description\" content=\"\ud83c\udf42\ud83c\udf43 Oolong Tung Ting &#8211; 100g Der ber\u00fchmte taiwanesische Oolong, mit einem weichen und aromatischen Charakter. Oolong Tung Ting ist ein hochwertiger halb-oxidierter Tee aus den Bergen Taiwans, der f\u00fcr sein delikates Aroma und seinen reichen, harmonischen Geschmack bekannt ist. Der Name bedeutet &#8218;Hof der Eicheln&#8216; und verweist auf die Tradition und Urspr\u00fcnglichkeit seines Ursprungs. [&hellip;]\" \/>\n<meta property=\"og:url\" content=\"https:\/\/erboristeria-artemisia.ch\/de\/produkt\/oolong-tung-ting-100g\/\" \/>\n<meta property=\"og:site_name\" content=\"Erboristeria Artemisia\" \/>\n<meta property=\"article:modified_time\" content=\"2025-09-25T14:26:01+00:00\" \/>\n<meta property=\"og:image\" content=\"https:\/\/erboristeria-artemisia.ch\/wp-content\/uploads\/2025\/09\/Oolong-tung-ting.jpg\" \/>\n\t<meta property=\"og:image:width\" content=\"2000\" \/>\n\t<meta property=\"og:image:height\" content=\"2000\" \/>\n\t<meta property=\"og:image:type\" content=\"image\/jpeg\" \/>\n<meta name=\"twitter:card\" content=\"summary_large_image\" \/>\n<meta name=\"twitter:label1\" content=\"Gesch\u00e4tzte Lesezeit\" \/>\n\t<meta name=\"twitter:data1\" content=\"1\u00a0Minute\" \/>\n<script type=\"application\/ld+json\" class=\"yoast-schema-graph\">{\"@context\":\"https:\\\/\\\/schema.org\",\"@graph\":[{\"@type\":\"WebPage\",\"@id\":\"https:\\\/\\\/erboristeria-artemisia.ch\\\/de\\\/produkt\\\/oolong-tung-ting-100g\\\/\",\"url\":\"https:\\\/\\\/erboristeria-artemisia.ch\\\/de\\\/produkt\\\/oolong-tung-ting-100g\\\/\",\"name\":\"Oolong Tung Ting 100g - Erboristeria Artemisia\",\"isPartOf\":{\"@id\":\"https:\\\/\\\/erboristeria-artemisia.ch\\\/de\\\/#website\"},\"primaryImageOfPage\":{\"@id\":\"https:\\\/\\\/erboristeria-artemisia.ch\\\/de\\\/produkt\\\/oolong-tung-ting-100g\\\/#primaryimage\"},\"image\":{\"@id\":\"https:\\\/\\\/erboristeria-artemisia.ch\\\/de\\\/produkt\\\/oolong-tung-ting-100g\\\/#primaryimage\"},\"thumbnailUrl\":\"https:\\\/\\\/erboristeria-artemisia.ch\\\/wp-content\\\/uploads\\\/2025\\\/09\\\/Oolong-tung-ting.jpg\",\"datePublished\":\"2025-09-17T19:53:53+00:00\",\"dateModified\":\"2025-09-25T14:26:01+00:00\",\"breadcrumb\":{\"@id\":\"https:\\\/\\\/erboristeria-artemisia.ch\\\/de\\\/produkt\\\/oolong-tung-ting-100g\\\/#breadcrumb\"},\"inLanguage\":\"de\",\"potentialAction\":[{\"@type\":\"ReadAction\",\"target\":[\"https:\\\/\\\/erboristeria-artemisia.ch\\\/de\\\/produkt\\\/oolong-tung-ting-100g\\\/\"]}]},{\"@type\":\"ImageObject\",\"inLanguage\":\"de\",\"@id\":\"https:\\\/\\\/erboristeria-artemisia.ch\\\/de\\\/produkt\\\/oolong-tung-ting-100g\\\/#primaryimage\",\"url\":\"https:\\\/\\\/erboristeria-artemisia.ch\\\/wp-content\\\/uploads\\\/2025\\\/09\\\/Oolong-tung-ting.jpg\",\"contentUrl\":\"https:\\\/\\\/erboristeria-artemisia.ch\\\/wp-content\\\/uploads\\\/2025\\\/09\\\/Oolong-tung-ting.jpg\",\"width\":2000,\"height\":2000},{\"@type\":\"BreadcrumbList\",\"@id\":\"https:\\\/\\\/erboristeria-artemisia.ch\\\/de\\\/produkt\\\/oolong-tung-ting-100g\\\/#breadcrumb\",\"itemListElement\":[{\"@type\":\"ListItem\",\"position\":1,\"name\":\"Home\",\"item\":\"https:\\\/\\\/erboristeria-artemisia.ch\\\/de\\\/startseite\\\/\"},{\"@type\":\"ListItem\",\"position\":2,\"name\":\"Shop4\",\"item\":\"https:\\\/\\\/erboristeria-artemisia.ch\\\/shop4\\\/\"},{\"@type\":\"ListItem\",\"position\":3,\"name\":\"Oolong Tung Ting 100g\"}]},{\"@type\":\"WebSite\",\"@id\":\"https:\\\/\\\/erboristeria-artemisia.ch\\\/de\\\/#website\",\"url\":\"https:\\\/\\\/erboristeria-artemisia.ch\\\/de\\\/\",\"name\":\"Erboristeria Artemisia\",\"description\":\"Ogni sorso \u00e8 un momento per te\",\"potentialAction\":[{\"@type\":\"SearchAction\",\"target\":{\"@type\":\"EntryPoint\",\"urlTemplate\":\"https:\\\/\\\/erboristeria-artemisia.ch\\\/de\\\/?s={search_term_string}\"},\"query-input\":{\"@type\":\"PropertyValueSpecification\",\"valueRequired\":true,\"valueName\":\"search_term_string\"}}],\"inLanguage\":\"de\"}]}<\/script>\n<!-- \/ Yoast SEO plugin. -->","yoast_head_json":{"title":"Oolong Tung Ting 100g - Erboristeria Artemisia","robots":{"index":"index","follow":"follow","max-snippet":"max-snippet:-1","max-image-preview":"max-image-preview:large","max-video-preview":"max-video-preview:-1"},"canonical":"https:\/\/erboristeria-artemisia.ch\/de\/produkt\/oolong-tung-ting-100g\/","og_locale":"de_DE","og_type":"article","og_title":"Oolong Tung Ting 100g - Erboristeria Artemisia","og_description":"\ud83c\udf42\ud83c\udf43 Oolong Tung Ting &#8211; 100g Der ber\u00fchmte taiwanesische Oolong, mit einem weichen und aromatischen Charakter. Oolong Tung Ting ist ein hochwertiger halb-oxidierter Tee aus den Bergen Taiwans, der f\u00fcr sein delikates Aroma und seinen reichen, harmonischen Geschmack bekannt ist. Der Name bedeutet &#8218;Hof der Eicheln&#8216; und verweist auf die Tradition und Urspr\u00fcnglichkeit seines Ursprungs. [&hellip;]","og_url":"https:\/\/erboristeria-artemisia.ch\/de\/produkt\/oolong-tung-ting-100g\/","og_site_name":"Erboristeria Artemisia","article_modified_time":"2025-09-25T14:26:01+00:00","og_image":[{"width":2000,"height":2000,"url":"https:\/\/erboristeria-artemisia.ch\/wp-content\/uploads\/2025\/09\/Oolong-tung-ting.jpg","type":"image\/jpeg"}],"twitter_card":"summary_large_image","twitter_misc":{"Gesch\u00e4tzte Lesezeit":"1\u00a0Minute"},"schema":{"@context":"https:\/\/schema.org","@graph":[{"@type":"WebPage","@id":"https:\/\/erboristeria-artemisia.ch\/de\/produkt\/oolong-tung-ting-100g\/","url":"https:\/\/erboristeria-artemisia.ch\/de\/produkt\/oolong-tung-ting-100g\/","name":"Oolong Tung Ting 100g - Erboristeria Artemisia","isPartOf":{"@id":"https:\/\/erboristeria-artemisia.ch\/de\/#website"},"primaryImageOfPage":{"@id":"https:\/\/erboristeria-artemisia.ch\/de\/produkt\/oolong-tung-ting-100g\/#primaryimage"},"image":{"@id":"https:\/\/erboristeria-artemisia.ch\/de\/produkt\/oolong-tung-ting-100g\/#primaryimage"},"thumbnailUrl":"https:\/\/erboristeria-artemisia.ch\/wp-content\/uploads\/2025\/09\/Oolong-tung-ting.jpg","datePublished":"2025-09-17T19:53:53+00:00","dateModified":"2025-09-25T14:26:01+00:00","breadcrumb":{"@id":"https:\/\/erboristeria-artemisia.ch\/de\/produkt\/oolong-tung-ting-100g\/#breadcrumb"},"inLanguage":"de","potentialAction":[{"@type":"ReadAction","target":["https:\/\/erboristeria-artemisia.ch\/de\/produkt\/oolong-tung-ting-100g\/"]}]},{"@type":"ImageObject","inLanguage":"de","@id":"https:\/\/erboristeria-artemisia.ch\/de\/produkt\/oolong-tung-ting-100g\/#primaryimage","url":"https:\/\/erboristeria-artemisia.ch\/wp-content\/uploads\/2025\/09\/Oolong-tung-ting.jpg","contentUrl":"https:\/\/erboristeria-artemisia.ch\/wp-content\/uploads\/2025\/09\/Oolong-tung-ting.jpg","width":2000,"height":2000},{"@type":"BreadcrumbList","@id":"https:\/\/erboristeria-artemisia.ch\/de\/produkt\/oolong-tung-ting-100g\/#breadcrumb","itemListElement":[{"@type":"ListItem","position":1,"name":"Home","item":"https:\/\/erboristeria-artemisia.ch\/de\/startseite\/"},{"@type":"ListItem","position":2,"name":"Shop4","item":"https:\/\/erboristeria-artemisia.ch\/shop4\/"},{"@type":"ListItem","position":3,"name":"Oolong Tung Ting 100g"}]},{"@type":"WebSite","@id":"https:\/\/erboristeria-artemisia.ch\/de\/#website","url":"https:\/\/erboristeria-artemisia.ch\/de\/","name":"Erboristeria Artemisia","description":"Ogni sorso \u00e8 un momento per te","potentialAction":[{"@type":"SearchAction","target":{"@type":"EntryPoint","urlTemplate":"https:\/\/erboristeria-artemisia.ch\/de\/?s={search_term_string}"},"query-input":{"@type":"PropertyValueSpecification","valueRequired":true,"valueName":"search_term_string"}}],"inLanguage":"de"}]}},"_links":{"self":[{"href":"https:\/\/erboristeria-artemisia.ch\/de\/wp-json\/wp\/v2\/product\/30846","targetHints":{"allow":["GET"]}}],"collection":[{"href":"https:\/\/erboristeria-artemisia.ch\/de\/wp-json\/wp\/v2\/product"}],"about":[{"href":"https:\/\/erboristeria-artemisia.ch\/de\/wp-json\/wp\/v2\/types\/product"}],"wp:featuredmedia":[{"embeddable":true,"href":"https:\/\/erboristeria-artemisia.ch\/de\/wp-json\/wp\/v2\/media\/30547"}],"wp:attachment":[{"href":"https:\/\/erboristeria-artemisia.ch\/de\/wp-json\/wp\/v2\/media?parent=30846"}],"wp:term":[{"taxonomy":"product_brand","embeddable":true,"href":"https:\/\/erboristeria-artemisia.ch\/de\/wp-json\/wp\/v2\/product_brand?post=30846"},{"taxonomy":"product_cat","embeddable":true,"href":"https:\/\/erboristeria-artemisia.ch\/de\/wp-json\/wp\/v2\/product_cat?post=30846"},{"taxonomy":"product_tag","embeddable":true,"href":"https:\/\/erboristeria-artemisia.ch\/de\/wp-json\/wp\/v2\/product_tag?post=30846"}],"curies":[{"name":"wp","href":"https:\/\/api.w.org\/{rel}","templated":true}]}}