{"id":30847,"date":"2025-09-17T21:41:48","date_gmt":"2025-09-17T19:41:48","guid":{"rendered":"https:\/\/erboristeria-artemisia.ch\/product\/chun-mee-natuerlich-100g\/"},"modified":"2025-09-25T16:26:01","modified_gmt":"2025-09-25T14:26:01","slug":"chun-mee-natuerlich-100g","status":"publish","type":"product","link":"https:\/\/erboristeria-artemisia.ch\/de\/produkt\/chun-mee-natuerlich-100g\/","title":{"rendered":"Chun Mee (Nat\u00fcrlich) 100g"},"content":{"rendered":"<h2 data-start=\"99\" data-end=\"138\">\ud83c\udf43\u2728 <strong data-start=\"106\" data-end=\"136\">Chun Mee (Nat\u00fcrlich) &#8211; 100g<\/strong><\/h2>\n<p data-start=\"139\" data-end=\"205\"><strong data-start=\"139\" data-end=\"205\">Der klassische chinesische Gr\u00fcntee mit einem frischen und ausgewogenen Profil.<\/strong><\/p>\n<p data-start=\"207\" data-end=\"533\"><strong data-start=\"210\" data-end=\"222\">Chun Mee<\/strong>, was auf Chinesisch aufgrund der leicht gebogenen Form der Bl\u00e4tter &#8218;kostbare Augenbraue&#8216; bedeutet, ist einer der beliebtesten Gr\u00fcntees Chinas. Er wird haupts\u00e4chlich in den Regionen Anhui und Jiangxi angebaut und f\u00fcr seinen sauberen, frischen und leicht lebendigen Geschmack mit einer leicht sauren und fruchtigen Note gesch\u00e4tzt. <\/p>\n<p data-start=\"535\" data-end=\"657\">Ein t\u00e4glicher, <strong data-start=\"553\" data-end=\"570\">100% nat\u00fcrlicher<\/strong> Tee, perfekt um den Tag mit Energie zu beginnen oder f\u00fcr eine leichte, erfrischende Pause.<\/p>\n<hr data-start=\"659\" data-end=\"662\">\n<h3 data-start=\"664\" data-end=\"698\">\ud83c\udf75 <strong data-start=\"671\" data-end=\"695\">Verkostungsnotizen<\/strong>:<\/h3>\n<ul data-start=\"699\" data-end=\"958\">\n<li data-start=\"699\" data-end=\"755\">\n<p data-start=\"701\" data-end=\"755\"><strong data-start=\"701\" data-end=\"712\">Aussehen<\/strong>: Klarer, leuchtend gelb-gr\u00fcner Lik\u00f6r<\/p>\n<\/li>\n<li data-start=\"756\" data-end=\"817\">\n<p data-start=\"758\" data-end=\"817\"><strong data-start=\"758\" data-end=\"767\">Aroma<\/strong>: Pflanzlich, leicht, mit einem Hauch von gr\u00fcner Pflaume<\/p>\n<\/li>\n<li data-start=\"818\" data-end=\"892\">\n<p data-start=\"820\" data-end=\"892\"><strong data-start=\"820\" data-end=\"829\">Geschmack<\/strong>: Frisch, leicht lebendig, mit einem trockenen, sauberen Abgang<\/p>\n<\/li>\n<li data-start=\"893\" data-end=\"958\">\n<p data-start=\"895\" data-end=\"958\"><strong data-start=\"895\" data-end=\"909\">Nachgeschmack<\/strong>: Trocken und anhaltend, angenehm durstl\u00f6schend<\/p>\n<\/li>\n<\/ul>\n<hr data-start=\"960\" data-end=\"963\">\n<h3 data-start=\"965\" data-end=\"990\">\ud83c\udf31 <strong data-start=\"972\" data-end=\"987\">Zutaten<\/strong>:<\/h3>\n<ul data-start=\"991\" data-end=\"1068\">\n<li data-start=\"991\" data-end=\"1028\">\n<p data-start=\"993\" data-end=\"1028\">Chun Mee Gr\u00fcner Tee (100% nat\u00fcrlich)<\/p>\n<\/li>\n<li data-start=\"1029\" data-end=\"1068\">\n<p data-start=\"1031\" data-end=\"1068\"><em data-start=\"1031\" data-end=\"1068\">Keine k\u00fcnstlichen Aromen oder Zusatzstoffe<\/em><\/p>\n<\/li>\n<\/ul>\n<hr data-start=\"1070\" data-end=\"1073\">\n<h3 data-start=\"1075\" data-end=\"1113\">\ud83e\uded6 <strong data-start=\"1082\" data-end=\"1110\">Empfohlene Zubereitung<\/strong>:<\/h3>\n<ul data-start=\"1114\" data-end=\"1214\">\n<li data-start=\"1114\" data-end=\"1144\">\n<p data-start=\"1116\" data-end=\"1144\"><strong data-start=\"1116\" data-end=\"1128\">Menge<\/strong>: 2g pro Tasse<\/p>\n<\/li>\n<li data-start=\"1145\" data-end=\"1184\">\n<p data-start=\"1147\" data-end=\"1184\"><strong data-start=\"1147\" data-end=\"1173\">Wassertemperatur<\/strong>: 75-80\u00b0C<\/p>\n<\/li>\n<li data-start=\"1185\" data-end=\"1214\">\n<p data-start=\"1187\" data-end=\"1214\"><strong data-start=\"1187\" data-end=\"1200\">Infusion<\/strong>: 2-3 Minuten<\/p>\n<\/li>\n<\/ul>\n<hr data-start=\"1216\" data-end=\"1219\">\n","protected":false},"excerpt":{"rendered":"<p>\ud83c\udf43\u2728 Chun Mee (Nat\u00fcrlich) &#8211; 100g Der klassische chinesische Gr\u00fcntee mit einem frischen und ausgewogenen Profil. Chun Mee, was auf Chinesisch aufgrund der leicht gebogenen Form der Bl\u00e4tter &#8218;kostbare Augenbraue&#8216; bedeutet, ist einer der beliebtesten Gr\u00fcntees Chinas. Er wird haupts\u00e4chlich in den Regionen Anhui und Jiangxi angebaut und f\u00fcr seinen sauberen, frischen und leicht lebendigen [&hellip;]<\/p>\n","protected":false},"featured_media":30535,"template":"","meta":{"_et_pb_use_builder":"","_et_pb_old_content":"","_et_gb_content_width":""},"product_brand":[],"product_cat":[92],"product_tag":[],"class_list":{"0":"post-30847","1":"product","2":"type-product","3":"status-publish","4":"has-post-thumbnail","6":"product_cat-chinesische-tees","8":"first","9":"instock","10":"shipping-taxable","11":"purchasable","12":"product-type-simple"},"yoast_head":"<!-- This site is optimized with the Yoast SEO plugin v27.4 - https:\/\/yoast.com\/product\/yoast-seo-wordpress\/ -->\n<title>Chun Mee (Nat\u00fcrlich) 100g - Erboristeria Artemisia<\/title>\n<meta name=\"robots\" content=\"index, follow, max-snippet:-1, max-image-preview:large, max-video-preview:-1\" \/>\n<link rel=\"canonical\" href=\"https:\/\/erboristeria-artemisia.ch\/de\/produkt\/chun-mee-natuerlich-100g\/\" \/>\n<meta property=\"og:locale\" content=\"de_DE\" \/>\n<meta property=\"og:type\" content=\"article\" \/>\n<meta property=\"og:title\" content=\"Chun Mee (Nat\u00fcrlich) 100g - Erboristeria Artemisia\" \/>\n<meta property=\"og:description\" content=\"\ud83c\udf43\u2728 Chun Mee (Nat\u00fcrlich) &#8211; 100g Der klassische chinesische Gr\u00fcntee mit einem frischen und ausgewogenen Profil. Chun Mee, was auf Chinesisch aufgrund der leicht gebogenen Form der Bl\u00e4tter &#8218;kostbare Augenbraue&#8216; bedeutet, ist einer der beliebtesten Gr\u00fcntees Chinas. Er wird haupts\u00e4chlich in den Regionen Anhui und Jiangxi angebaut und f\u00fcr seinen sauberen, frischen und leicht lebendigen [&hellip;]\" \/>\n<meta property=\"og:url\" content=\"https:\/\/erboristeria-artemisia.ch\/de\/produkt\/chun-mee-natuerlich-100g\/\" \/>\n<meta property=\"og:site_name\" content=\"Erboristeria Artemisia\" \/>\n<meta property=\"article:modified_time\" content=\"2025-09-25T14:26:01+00:00\" \/>\n<meta property=\"og:image\" content=\"https:\/\/erboristeria-artemisia.ch\/wp-content\/uploads\/2025\/09\/Chun-Mee.jpg\" \/>\n\t<meta property=\"og:image:width\" content=\"2000\" \/>\n\t<meta property=\"og:image:height\" content=\"2000\" \/>\n\t<meta property=\"og:image:type\" content=\"image\/jpeg\" \/>\n<meta name=\"twitter:card\" content=\"summary_large_image\" \/>\n<meta name=\"twitter:label1\" content=\"Gesch\u00e4tzte Lesezeit\" \/>\n\t<meta name=\"twitter:data1\" content=\"1\u00a0Minute\" \/>\n<script type=\"application\/ld+json\" class=\"yoast-schema-graph\">{\"@context\":\"https:\\\/\\\/schema.org\",\"@graph\":[{\"@type\":\"WebPage\",\"@id\":\"https:\\\/\\\/erboristeria-artemisia.ch\\\/de\\\/produkt\\\/chun-mee-natuerlich-100g\\\/\",\"url\":\"https:\\\/\\\/erboristeria-artemisia.ch\\\/de\\\/produkt\\\/chun-mee-natuerlich-100g\\\/\",\"name\":\"Chun Mee (Nat\u00fcrlich) 100g - Erboristeria Artemisia\",\"isPartOf\":{\"@id\":\"https:\\\/\\\/erboristeria-artemisia.ch\\\/de\\\/#website\"},\"primaryImageOfPage\":{\"@id\":\"https:\\\/\\\/erboristeria-artemisia.ch\\\/de\\\/produkt\\\/chun-mee-natuerlich-100g\\\/#primaryimage\"},\"image\":{\"@id\":\"https:\\\/\\\/erboristeria-artemisia.ch\\\/de\\\/produkt\\\/chun-mee-natuerlich-100g\\\/#primaryimage\"},\"thumbnailUrl\":\"https:\\\/\\\/erboristeria-artemisia.ch\\\/wp-content\\\/uploads\\\/2025\\\/09\\\/Chun-Mee.jpg\",\"datePublished\":\"2025-09-17T19:41:48+00:00\",\"dateModified\":\"2025-09-25T14:26:01+00:00\",\"breadcrumb\":{\"@id\":\"https:\\\/\\\/erboristeria-artemisia.ch\\\/de\\\/produkt\\\/chun-mee-natuerlich-100g\\\/#breadcrumb\"},\"inLanguage\":\"de\",\"potentialAction\":[{\"@type\":\"ReadAction\",\"target\":[\"https:\\\/\\\/erboristeria-artemisia.ch\\\/de\\\/produkt\\\/chun-mee-natuerlich-100g\\\/\"]}]},{\"@type\":\"ImageObject\",\"inLanguage\":\"de\",\"@id\":\"https:\\\/\\\/erboristeria-artemisia.ch\\\/de\\\/produkt\\\/chun-mee-natuerlich-100g\\\/#primaryimage\",\"url\":\"https:\\\/\\\/erboristeria-artemisia.ch\\\/wp-content\\\/uploads\\\/2025\\\/09\\\/Chun-Mee.jpg\",\"contentUrl\":\"https:\\\/\\\/erboristeria-artemisia.ch\\\/wp-content\\\/uploads\\\/2025\\\/09\\\/Chun-Mee.jpg\",\"width\":2000,\"height\":2000},{\"@type\":\"BreadcrumbList\",\"@id\":\"https:\\\/\\\/erboristeria-artemisia.ch\\\/de\\\/produkt\\\/chun-mee-natuerlich-100g\\\/#breadcrumb\",\"itemListElement\":[{\"@type\":\"ListItem\",\"position\":1,\"name\":\"Home\",\"item\":\"https:\\\/\\\/erboristeria-artemisia.ch\\\/de\\\/startseite\\\/\"},{\"@type\":\"ListItem\",\"position\":2,\"name\":\"Shop4\",\"item\":\"https:\\\/\\\/erboristeria-artemisia.ch\\\/shop4\\\/\"},{\"@type\":\"ListItem\",\"position\":3,\"name\":\"Chun Mee (Nat\u00fcrlich) 100g\"}]},{\"@type\":\"WebSite\",\"@id\":\"https:\\\/\\\/erboristeria-artemisia.ch\\\/de\\\/#website\",\"url\":\"https:\\\/\\\/erboristeria-artemisia.ch\\\/de\\\/\",\"name\":\"Erboristeria Artemisia\",\"description\":\"Ogni sorso \u00e8 un momento per te\",\"potentialAction\":[{\"@type\":\"SearchAction\",\"target\":{\"@type\":\"EntryPoint\",\"urlTemplate\":\"https:\\\/\\\/erboristeria-artemisia.ch\\\/de\\\/?s={search_term_string}\"},\"query-input\":{\"@type\":\"PropertyValueSpecification\",\"valueRequired\":true,\"valueName\":\"search_term_string\"}}],\"inLanguage\":\"de\"}]}<\/script>\n<!-- \/ Yoast SEO plugin. -->","yoast_head_json":{"title":"Chun Mee (Nat\u00fcrlich) 100g - Erboristeria Artemisia","robots":{"index":"index","follow":"follow","max-snippet":"max-snippet:-1","max-image-preview":"max-image-preview:large","max-video-preview":"max-video-preview:-1"},"canonical":"https:\/\/erboristeria-artemisia.ch\/de\/produkt\/chun-mee-natuerlich-100g\/","og_locale":"de_DE","og_type":"article","og_title":"Chun Mee (Nat\u00fcrlich) 100g - Erboristeria Artemisia","og_description":"\ud83c\udf43\u2728 Chun Mee (Nat\u00fcrlich) &#8211; 100g Der klassische chinesische Gr\u00fcntee mit einem frischen und ausgewogenen Profil. Chun Mee, was auf Chinesisch aufgrund der leicht gebogenen Form der Bl\u00e4tter &#8218;kostbare Augenbraue&#8216; bedeutet, ist einer der beliebtesten Gr\u00fcntees Chinas. Er wird haupts\u00e4chlich in den Regionen Anhui und Jiangxi angebaut und f\u00fcr seinen sauberen, frischen und leicht lebendigen [&hellip;]","og_url":"https:\/\/erboristeria-artemisia.ch\/de\/produkt\/chun-mee-natuerlich-100g\/","og_site_name":"Erboristeria Artemisia","article_modified_time":"2025-09-25T14:26:01+00:00","og_image":[{"width":2000,"height":2000,"url":"https:\/\/erboristeria-artemisia.ch\/wp-content\/uploads\/2025\/09\/Chun-Mee.jpg","type":"image\/jpeg"}],"twitter_card":"summary_large_image","twitter_misc":{"Gesch\u00e4tzte Lesezeit":"1\u00a0Minute"},"schema":{"@context":"https:\/\/schema.org","@graph":[{"@type":"WebPage","@id":"https:\/\/erboristeria-artemisia.ch\/de\/produkt\/chun-mee-natuerlich-100g\/","url":"https:\/\/erboristeria-artemisia.ch\/de\/produkt\/chun-mee-natuerlich-100g\/","name":"Chun Mee (Nat\u00fcrlich) 100g - Erboristeria Artemisia","isPartOf":{"@id":"https:\/\/erboristeria-artemisia.ch\/de\/#website"},"primaryImageOfPage":{"@id":"https:\/\/erboristeria-artemisia.ch\/de\/produkt\/chun-mee-natuerlich-100g\/#primaryimage"},"image":{"@id":"https:\/\/erboristeria-artemisia.ch\/de\/produkt\/chun-mee-natuerlich-100g\/#primaryimage"},"thumbnailUrl":"https:\/\/erboristeria-artemisia.ch\/wp-content\/uploads\/2025\/09\/Chun-Mee.jpg","datePublished":"2025-09-17T19:41:48+00:00","dateModified":"2025-09-25T14:26:01+00:00","breadcrumb":{"@id":"https:\/\/erboristeria-artemisia.ch\/de\/produkt\/chun-mee-natuerlich-100g\/#breadcrumb"},"inLanguage":"de","potentialAction":[{"@type":"ReadAction","target":["https:\/\/erboristeria-artemisia.ch\/de\/produkt\/chun-mee-natuerlich-100g\/"]}]},{"@type":"ImageObject","inLanguage":"de","@id":"https:\/\/erboristeria-artemisia.ch\/de\/produkt\/chun-mee-natuerlich-100g\/#primaryimage","url":"https:\/\/erboristeria-artemisia.ch\/wp-content\/uploads\/2025\/09\/Chun-Mee.jpg","contentUrl":"https:\/\/erboristeria-artemisia.ch\/wp-content\/uploads\/2025\/09\/Chun-Mee.jpg","width":2000,"height":2000},{"@type":"BreadcrumbList","@id":"https:\/\/erboristeria-artemisia.ch\/de\/produkt\/chun-mee-natuerlich-100g\/#breadcrumb","itemListElement":[{"@type":"ListItem","position":1,"name":"Home","item":"https:\/\/erboristeria-artemisia.ch\/de\/startseite\/"},{"@type":"ListItem","position":2,"name":"Shop4","item":"https:\/\/erboristeria-artemisia.ch\/shop4\/"},{"@type":"ListItem","position":3,"name":"Chun Mee (Nat\u00fcrlich) 100g"}]},{"@type":"WebSite","@id":"https:\/\/erboristeria-artemisia.ch\/de\/#website","url":"https:\/\/erboristeria-artemisia.ch\/de\/","name":"Erboristeria Artemisia","description":"Ogni sorso \u00e8 un momento per te","potentialAction":[{"@type":"SearchAction","target":{"@type":"EntryPoint","urlTemplate":"https:\/\/erboristeria-artemisia.ch\/de\/?s={search_term_string}"},"query-input":{"@type":"PropertyValueSpecification","valueRequired":true,"valueName":"search_term_string"}}],"inLanguage":"de"}]}},"_links":{"self":[{"href":"https:\/\/erboristeria-artemisia.ch\/de\/wp-json\/wp\/v2\/product\/30847","targetHints":{"allow":["GET"]}}],"collection":[{"href":"https:\/\/erboristeria-artemisia.ch\/de\/wp-json\/wp\/v2\/product"}],"about":[{"href":"https:\/\/erboristeria-artemisia.ch\/de\/wp-json\/wp\/v2\/types\/product"}],"wp:featuredmedia":[{"embeddable":true,"href":"https:\/\/erboristeria-artemisia.ch\/de\/wp-json\/wp\/v2\/media\/30535"}],"wp:attachment":[{"href":"https:\/\/erboristeria-artemisia.ch\/de\/wp-json\/wp\/v2\/media?parent=30847"}],"wp:term":[{"taxonomy":"product_brand","embeddable":true,"href":"https:\/\/erboristeria-artemisia.ch\/de\/wp-json\/wp\/v2\/product_brand?post=30847"},{"taxonomy":"product_cat","embeddable":true,"href":"https:\/\/erboristeria-artemisia.ch\/de\/wp-json\/wp\/v2\/product_cat?post=30847"},{"taxonomy":"product_tag","embeddable":true,"href":"https:\/\/erboristeria-artemisia.ch\/de\/wp-json\/wp\/v2\/product_tag?post=30847"}],"curies":[{"name":"wp","href":"https:\/\/api.w.org\/{rel}","templated":true}]}}