{"id":30848,"date":"2025-09-17T21:57:17","date_gmt":"2025-09-17T19:57:17","guid":{"rendered":"https:\/\/erboristeria-artemisia.ch\/product\/rubin-oolong-natuerlich-80g\/"},"modified":"2025-09-25T16:26:01","modified_gmt":"2025-09-25T14:26:01","slug":"rubin-oolong-natuerlich-80g","status":"publish","type":"product","link":"https:\/\/erboristeria-artemisia.ch\/de\/produkt\/rubin-oolong-natuerlich-80g\/","title":{"rendered":"Rubin Oolong (Nat\u00fcrlich) 80g"},"content":{"rendered":"<h2 data-start=\"94\" data-end=\"136\">\ud83c\udf3a\ud83c\udf42 <strong data-start=\"102\" data-end=\"134\">Rubin Oolong (Nat\u00fcrlich) &#8211; 80g<\/strong><\/h2>\n<p data-start=\"137\" data-end=\"207\"><strong data-start=\"137\" data-end=\"207\">Ein einzigartiger Oolong-Tee mit roten Farbt\u00f6nen und einem umh\u00fcllenden Geschmack.<\/strong><\/p>\n<p data-start=\"209\" data-end=\"585\"><strong data-start=\"212\" data-end=\"227\">Ruby Oolong<\/strong> ist eine feine Oolong-Teesorte, die sich durch ihre charakteristische tiefrote Blattfarbe und ihr s\u00fc\u00dfes, fruchtiges Aroma auszeichnet. Dieser halb-oxidierte Tee stammt von ausgew\u00e4hlten Sorten und bietet ein bernsteinfarbenes Gebr\u00e4u mit einem eleganten und komplexen Geschmacksprofil mit Noten von roten Fr\u00fcchten, Honig und leichten blumigen Ankl\u00e4ngen. <\/p>\n<p data-start=\"587\" data-end=\"698\">Perfekt f\u00fcr diejenigen, die einen anderen Oolong entdecken m\u00f6chten, der mit seiner Reichhaltigkeit und Feinheit \u00fcberrascht.<\/p>\n<hr data-start=\"700\" data-end=\"703\">\n<h3 data-start=\"705\" data-end=\"739\">\ud83c\udf75 <strong data-start=\"712\" data-end=\"736\">Verkostungsnotizen<\/strong>:<\/h3>\n<ul data-start=\"740\" data-end=\"991\">\n<li data-start=\"740\" data-end=\"792\">\n<p data-start=\"742\" data-end=\"792\"><strong data-start=\"742\" data-end=\"753\">Erscheinungsbild<\/strong>: Bernsteinfarbener Lik\u00f6r mit rubinroten Reflexen<\/p>\n<\/li>\n<li data-start=\"793\" data-end=\"860\">\n<p data-start=\"795\" data-end=\"860\"><strong data-start=\"795\" data-end=\"804\">Aroma<\/strong>: S\u00fc\u00df, fruchtig, mit Noten von roten Beeren und Honig<\/p>\n<\/li>\n<li data-start=\"861\" data-end=\"936\">\n<p data-start=\"863\" data-end=\"936\"><strong data-start=\"863\" data-end=\"872\">Geschmack<\/strong>: Weich, leicht s\u00fc\u00df, mit einem runden, samtigen K\u00f6rper<\/p>\n<\/li>\n<li data-start=\"937\" data-end=\"991\">\n<p data-start=\"939\" data-end=\"991\"><strong data-start=\"939\" data-end=\"953\">Nachgeschmack<\/strong>: Anhaltend, angenehm und aromatisch<\/p>\n<\/li>\n<\/ul>\n<hr data-start=\"993\" data-end=\"996\">\n<h3 data-start=\"998\" data-end=\"1023\">\ud83c\udf31 <strong data-start=\"1005\" data-end=\"1020\">Zutaten<\/strong>:<\/h3>\n<ul data-start=\"1024\" data-end=\"1095\">\n<li data-start=\"1024\" data-end=\"1056\">\n<p data-start=\"1026\" data-end=\"1056\">100% nat\u00fcrlicher Ruby Oolong Tee<\/p>\n<\/li>\n<li data-start=\"1057\" data-end=\"1095\">\n<p data-start=\"1059\" data-end=\"1095\"><em data-start=\"1059\" data-end=\"1095\">Keine k\u00fcnstlichen Aromen oder Zusatzstoffe<\/em><\/p>\n<\/li>\n<\/ul>\n<hr data-start=\"1097\" data-end=\"1100\">\n<h3 data-start=\"1102\" data-end=\"1140\">\ud83e\uded6 <strong data-start=\"1109\" data-end=\"1137\">Empfohlene Zubereitung<\/strong>:<\/h3>\n<ul data-start=\"1141\" data-end=\"1316\">\n<li data-start=\"1141\" data-end=\"1171\">\n<p data-start=\"1143\" data-end=\"1171\"><strong data-start=\"1143\" data-end=\"1155\">Menge<\/strong>: 2g pro Tasse<\/p>\n<\/li>\n<li data-start=\"1172\" data-end=\"1211\">\n<p data-start=\"1174\" data-end=\"1211\"><strong data-start=\"1174\" data-end=\"1200\">Wassertemperatur<\/strong>: 85-90\u00b0C<\/p>\n<\/li>\n<li data-start=\"1212\" data-end=\"1241\">\n<p data-start=\"1214\" data-end=\"1241\"><strong data-start=\"1214\" data-end=\"1227\">Infusion<\/strong>: 3-4 Minuten<\/p>\n<\/li>\n<li data-start=\"1242\" data-end=\"1316\">\n<p data-start=\"1244\" data-end=\"1316\">Ideal f\u00fcr mehrere Aufg\u00fcsse, die mit jedem Schluck andere Nuancen offenbaren<\/p>\n<\/li>\n<\/ul>\n<hr data-start=\"1318\" data-end=\"1321\">\n","protected":false},"excerpt":{"rendered":"<p>\ud83c\udf3a\ud83c\udf42 Rubin Oolong (Nat\u00fcrlich) &#8211; 80g Ein einzigartiger Oolong-Tee mit roten Farbt\u00f6nen und einem umh\u00fcllenden Geschmack. Ruby Oolong ist eine feine Oolong-Teesorte, die sich durch ihre charakteristische tiefrote Blattfarbe und ihr s\u00fc\u00dfes, fruchtiges Aroma auszeichnet. Dieser halb-oxidierte Tee stammt von ausgew\u00e4hlten Sorten und bietet ein bernsteinfarbenes Gebr\u00e4u mit einem eleganten und komplexen Geschmacksprofil mit Noten [&hellip;]<\/p>\n","protected":false},"featured_media":30550,"template":"","meta":{"_et_pb_use_builder":"","_et_pb_old_content":"","_et_gb_content_width":""},"product_brand":[],"product_cat":[92],"product_tag":[],"class_list":{"0":"post-30848","1":"product","2":"type-product","3":"status-publish","4":"has-post-thumbnail","6":"product_cat-chinesische-tees","8":"first","9":"instock","10":"shipping-taxable","11":"purchasable","12":"product-type-simple"},"yoast_head":"<!-- This site is optimized with the Yoast SEO plugin v27.4 - https:\/\/yoast.com\/product\/yoast-seo-wordpress\/ -->\n<title>Rubin Oolong (Nat\u00fcrlich) 80g - Erboristeria Artemisia<\/title>\n<meta name=\"robots\" content=\"index, follow, max-snippet:-1, max-image-preview:large, max-video-preview:-1\" \/>\n<link rel=\"canonical\" href=\"https:\/\/erboristeria-artemisia.ch\/de\/produkt\/rubin-oolong-natuerlich-80g\/\" \/>\n<meta property=\"og:locale\" content=\"de_DE\" \/>\n<meta property=\"og:type\" content=\"article\" \/>\n<meta property=\"og:title\" content=\"Rubin Oolong (Nat\u00fcrlich) 80g - Erboristeria Artemisia\" \/>\n<meta property=\"og:description\" content=\"\ud83c\udf3a\ud83c\udf42 Rubin Oolong (Nat\u00fcrlich) &#8211; 80g Ein einzigartiger Oolong-Tee mit roten Farbt\u00f6nen und einem umh\u00fcllenden Geschmack. Ruby Oolong ist eine feine Oolong-Teesorte, die sich durch ihre charakteristische tiefrote Blattfarbe und ihr s\u00fc\u00dfes, fruchtiges Aroma auszeichnet. Dieser halb-oxidierte Tee stammt von ausgew\u00e4hlten Sorten und bietet ein bernsteinfarbenes Gebr\u00e4u mit einem eleganten und komplexen Geschmacksprofil mit Noten [&hellip;]\" \/>\n<meta property=\"og:url\" content=\"https:\/\/erboristeria-artemisia.ch\/de\/produkt\/rubin-oolong-natuerlich-80g\/\" \/>\n<meta property=\"og:site_name\" content=\"Erboristeria Artemisia\" \/>\n<meta property=\"article:modified_time\" content=\"2025-09-25T14:26:01+00:00\" \/>\n<meta property=\"og:image\" content=\"https:\/\/erboristeria-artemisia.ch\/wp-content\/uploads\/2025\/09\/Ruby-Oolong-.jpg\" \/>\n\t<meta property=\"og:image:width\" content=\"2000\" \/>\n\t<meta property=\"og:image:height\" content=\"2000\" \/>\n\t<meta property=\"og:image:type\" content=\"image\/jpeg\" \/>\n<meta name=\"twitter:card\" content=\"summary_large_image\" \/>\n<meta name=\"twitter:label1\" content=\"Gesch\u00e4tzte Lesezeit\" \/>\n\t<meta name=\"twitter:data1\" content=\"1\u00a0Minute\" \/>\n<script type=\"application\/ld+json\" class=\"yoast-schema-graph\">{\"@context\":\"https:\\\/\\\/schema.org\",\"@graph\":[{\"@type\":\"WebPage\",\"@id\":\"https:\\\/\\\/erboristeria-artemisia.ch\\\/de\\\/produkt\\\/rubin-oolong-natuerlich-80g\\\/\",\"url\":\"https:\\\/\\\/erboristeria-artemisia.ch\\\/de\\\/produkt\\\/rubin-oolong-natuerlich-80g\\\/\",\"name\":\"Rubin Oolong (Nat\u00fcrlich) 80g - Erboristeria Artemisia\",\"isPartOf\":{\"@id\":\"https:\\\/\\\/erboristeria-artemisia.ch\\\/de\\\/#website\"},\"primaryImageOfPage\":{\"@id\":\"https:\\\/\\\/erboristeria-artemisia.ch\\\/de\\\/produkt\\\/rubin-oolong-natuerlich-80g\\\/#primaryimage\"},\"image\":{\"@id\":\"https:\\\/\\\/erboristeria-artemisia.ch\\\/de\\\/produkt\\\/rubin-oolong-natuerlich-80g\\\/#primaryimage\"},\"thumbnailUrl\":\"https:\\\/\\\/erboristeria-artemisia.ch\\\/wp-content\\\/uploads\\\/2025\\\/09\\\/Ruby-Oolong-.jpg\",\"datePublished\":\"2025-09-17T19:57:17+00:00\",\"dateModified\":\"2025-09-25T14:26:01+00:00\",\"breadcrumb\":{\"@id\":\"https:\\\/\\\/erboristeria-artemisia.ch\\\/de\\\/produkt\\\/rubin-oolong-natuerlich-80g\\\/#breadcrumb\"},\"inLanguage\":\"de\",\"potentialAction\":[{\"@type\":\"ReadAction\",\"target\":[\"https:\\\/\\\/erboristeria-artemisia.ch\\\/de\\\/produkt\\\/rubin-oolong-natuerlich-80g\\\/\"]}]},{\"@type\":\"ImageObject\",\"inLanguage\":\"de\",\"@id\":\"https:\\\/\\\/erboristeria-artemisia.ch\\\/de\\\/produkt\\\/rubin-oolong-natuerlich-80g\\\/#primaryimage\",\"url\":\"https:\\\/\\\/erboristeria-artemisia.ch\\\/wp-content\\\/uploads\\\/2025\\\/09\\\/Ruby-Oolong-.jpg\",\"contentUrl\":\"https:\\\/\\\/erboristeria-artemisia.ch\\\/wp-content\\\/uploads\\\/2025\\\/09\\\/Ruby-Oolong-.jpg\",\"width\":2000,\"height\":2000},{\"@type\":\"BreadcrumbList\",\"@id\":\"https:\\\/\\\/erboristeria-artemisia.ch\\\/de\\\/produkt\\\/rubin-oolong-natuerlich-80g\\\/#breadcrumb\",\"itemListElement\":[{\"@type\":\"ListItem\",\"position\":1,\"name\":\"Home\",\"item\":\"https:\\\/\\\/erboristeria-artemisia.ch\\\/de\\\/startseite\\\/\"},{\"@type\":\"ListItem\",\"position\":2,\"name\":\"Shop4\",\"item\":\"https:\\\/\\\/erboristeria-artemisia.ch\\\/shop4\\\/\"},{\"@type\":\"ListItem\",\"position\":3,\"name\":\"Rubin Oolong (Nat\u00fcrlich) 80g\"}]},{\"@type\":\"WebSite\",\"@id\":\"https:\\\/\\\/erboristeria-artemisia.ch\\\/de\\\/#website\",\"url\":\"https:\\\/\\\/erboristeria-artemisia.ch\\\/de\\\/\",\"name\":\"Erboristeria Artemisia\",\"description\":\"Ogni sorso \u00e8 un momento per te\",\"potentialAction\":[{\"@type\":\"SearchAction\",\"target\":{\"@type\":\"EntryPoint\",\"urlTemplate\":\"https:\\\/\\\/erboristeria-artemisia.ch\\\/de\\\/?s={search_term_string}\"},\"query-input\":{\"@type\":\"PropertyValueSpecification\",\"valueRequired\":true,\"valueName\":\"search_term_string\"}}],\"inLanguage\":\"de\"}]}<\/script>\n<!-- \/ Yoast SEO plugin. -->","yoast_head_json":{"title":"Rubin Oolong (Nat\u00fcrlich) 80g - Erboristeria Artemisia","robots":{"index":"index","follow":"follow","max-snippet":"max-snippet:-1","max-image-preview":"max-image-preview:large","max-video-preview":"max-video-preview:-1"},"canonical":"https:\/\/erboristeria-artemisia.ch\/de\/produkt\/rubin-oolong-natuerlich-80g\/","og_locale":"de_DE","og_type":"article","og_title":"Rubin Oolong (Nat\u00fcrlich) 80g - Erboristeria Artemisia","og_description":"\ud83c\udf3a\ud83c\udf42 Rubin Oolong (Nat\u00fcrlich) &#8211; 80g Ein einzigartiger Oolong-Tee mit roten Farbt\u00f6nen und einem umh\u00fcllenden Geschmack. Ruby Oolong ist eine feine Oolong-Teesorte, die sich durch ihre charakteristische tiefrote Blattfarbe und ihr s\u00fc\u00dfes, fruchtiges Aroma auszeichnet. Dieser halb-oxidierte Tee stammt von ausgew\u00e4hlten Sorten und bietet ein bernsteinfarbenes Gebr\u00e4u mit einem eleganten und komplexen Geschmacksprofil mit Noten [&hellip;]","og_url":"https:\/\/erboristeria-artemisia.ch\/de\/produkt\/rubin-oolong-natuerlich-80g\/","og_site_name":"Erboristeria Artemisia","article_modified_time":"2025-09-25T14:26:01+00:00","og_image":[{"width":2000,"height":2000,"url":"https:\/\/erboristeria-artemisia.ch\/wp-content\/uploads\/2025\/09\/Ruby-Oolong-.jpg","type":"image\/jpeg"}],"twitter_card":"summary_large_image","twitter_misc":{"Gesch\u00e4tzte Lesezeit":"1\u00a0Minute"},"schema":{"@context":"https:\/\/schema.org","@graph":[{"@type":"WebPage","@id":"https:\/\/erboristeria-artemisia.ch\/de\/produkt\/rubin-oolong-natuerlich-80g\/","url":"https:\/\/erboristeria-artemisia.ch\/de\/produkt\/rubin-oolong-natuerlich-80g\/","name":"Rubin Oolong (Nat\u00fcrlich) 80g - Erboristeria Artemisia","isPartOf":{"@id":"https:\/\/erboristeria-artemisia.ch\/de\/#website"},"primaryImageOfPage":{"@id":"https:\/\/erboristeria-artemisia.ch\/de\/produkt\/rubin-oolong-natuerlich-80g\/#primaryimage"},"image":{"@id":"https:\/\/erboristeria-artemisia.ch\/de\/produkt\/rubin-oolong-natuerlich-80g\/#primaryimage"},"thumbnailUrl":"https:\/\/erboristeria-artemisia.ch\/wp-content\/uploads\/2025\/09\/Ruby-Oolong-.jpg","datePublished":"2025-09-17T19:57:17+00:00","dateModified":"2025-09-25T14:26:01+00:00","breadcrumb":{"@id":"https:\/\/erboristeria-artemisia.ch\/de\/produkt\/rubin-oolong-natuerlich-80g\/#breadcrumb"},"inLanguage":"de","potentialAction":[{"@type":"ReadAction","target":["https:\/\/erboristeria-artemisia.ch\/de\/produkt\/rubin-oolong-natuerlich-80g\/"]}]},{"@type":"ImageObject","inLanguage":"de","@id":"https:\/\/erboristeria-artemisia.ch\/de\/produkt\/rubin-oolong-natuerlich-80g\/#primaryimage","url":"https:\/\/erboristeria-artemisia.ch\/wp-content\/uploads\/2025\/09\/Ruby-Oolong-.jpg","contentUrl":"https:\/\/erboristeria-artemisia.ch\/wp-content\/uploads\/2025\/09\/Ruby-Oolong-.jpg","width":2000,"height":2000},{"@type":"BreadcrumbList","@id":"https:\/\/erboristeria-artemisia.ch\/de\/produkt\/rubin-oolong-natuerlich-80g\/#breadcrumb","itemListElement":[{"@type":"ListItem","position":1,"name":"Home","item":"https:\/\/erboristeria-artemisia.ch\/de\/startseite\/"},{"@type":"ListItem","position":2,"name":"Shop4","item":"https:\/\/erboristeria-artemisia.ch\/shop4\/"},{"@type":"ListItem","position":3,"name":"Rubin Oolong (Nat\u00fcrlich) 80g"}]},{"@type":"WebSite","@id":"https:\/\/erboristeria-artemisia.ch\/de\/#website","url":"https:\/\/erboristeria-artemisia.ch\/de\/","name":"Erboristeria Artemisia","description":"Ogni sorso \u00e8 un momento per te","potentialAction":[{"@type":"SearchAction","target":{"@type":"EntryPoint","urlTemplate":"https:\/\/erboristeria-artemisia.ch\/de\/?s={search_term_string}"},"query-input":{"@type":"PropertyValueSpecification","valueRequired":true,"valueName":"search_term_string"}}],"inLanguage":"de"}]}},"_links":{"self":[{"href":"https:\/\/erboristeria-artemisia.ch\/de\/wp-json\/wp\/v2\/product\/30848","targetHints":{"allow":["GET"]}}],"collection":[{"href":"https:\/\/erboristeria-artemisia.ch\/de\/wp-json\/wp\/v2\/product"}],"about":[{"href":"https:\/\/erboristeria-artemisia.ch\/de\/wp-json\/wp\/v2\/types\/product"}],"wp:featuredmedia":[{"embeddable":true,"href":"https:\/\/erboristeria-artemisia.ch\/de\/wp-json\/wp\/v2\/media\/30550"}],"wp:attachment":[{"href":"https:\/\/erboristeria-artemisia.ch\/de\/wp-json\/wp\/v2\/media?parent=30848"}],"wp:term":[{"taxonomy":"product_brand","embeddable":true,"href":"https:\/\/erboristeria-artemisia.ch\/de\/wp-json\/wp\/v2\/product_brand?post=30848"},{"taxonomy":"product_cat","embeddable":true,"href":"https:\/\/erboristeria-artemisia.ch\/de\/wp-json\/wp\/v2\/product_cat?post=30848"},{"taxonomy":"product_tag","embeddable":true,"href":"https:\/\/erboristeria-artemisia.ch\/de\/wp-json\/wp\/v2\/product_tag?post=30848"}],"curies":[{"name":"wp","href":"https:\/\/api.w.org\/{rel}","templated":true}]}}