{"id":30850,"date":"2025-09-17T21:59:11","date_gmt":"2025-09-17T19:59:11","guid":{"rendered":"https:\/\/erboristeria-artemisia.ch\/product\/milch-oolong-80g\/"},"modified":"2025-09-25T16:26:02","modified_gmt":"2025-09-25T14:26:02","slug":"milch-oolong-80g","status":"publish","type":"product","link":"https:\/\/erboristeria-artemisia.ch\/de\/produkt\/milch-oolong-80g\/","title":{"rendered":"Milch &#8211; Oolong 80g"},"content":{"rendered":"<h2 data-start=\"94\" data-end=\"125\">\ud83e\udd5b\ud83c\udf42 <strong data-start=\"102\" data-end=\"123\">Milch Oolong &#8211; 80g<\/strong><\/h2>\n<p data-start=\"126\" data-end=\"199\"><strong data-start=\"126\" data-end=\"199\">Ein einzigartiger Oolong-Tee mit einem zarten Milcharoma und samtigem Geschmack.<\/strong><\/p>\n<p data-start=\"201\" data-end=\"580\"><strong data-start=\"204\" data-end=\"219\">Milk Oolong<\/strong> ist ein halb-oxidierter Tee taiwanesischer oder chinesischer Herkunft, der f\u00fcr sein nat\u00fcrlich cremiges Aroma, das an frische Milch erinnert, und seine sanfte S\u00fc\u00dfe, die den Gaumen umh\u00fcllt, ber\u00fchmt ist. Dieser Tee zeichnet sich durch eine ausgewogene Mischung aus blumigen Noten und einem unverwechselbaren milchigen Farbton aus, der durch eine spezielle Z\u00fcchtung und handwerkliche Verarbeitungsmethoden erreicht wird. <\/p>\n<p data-start=\"582\" data-end=\"719\">Perfekt f\u00fcr alle, die ein delikates, umh\u00fcllendes und \u00fcberraschendes Geschmackserlebnis suchen, aber auch ideal, um ihn ohne Zus\u00e4tze zu genie\u00dfen.<\/p>\n<hr data-start=\"721\" data-end=\"724\">\n<h3 data-start=\"726\" data-end=\"760\">\ud83c\udf75 <strong data-start=\"733\" data-end=\"757\">Verkostungsnotizen<\/strong>:<\/h3>\n<ul data-start=\"761\" data-end=\"1012\">\n<li data-start=\"761\" data-end=\"819\">\n<p data-start=\"763\" data-end=\"819\"><strong data-start=\"763\" data-end=\"774\">Aussehen<\/strong>: Klarer, leuchtend goldener Lik\u00f6r<\/p>\n<\/li>\n<li data-start=\"820\" data-end=\"886\">\n<p data-start=\"822\" data-end=\"886\"><strong data-start=\"822\" data-end=\"831\">Aroma<\/strong>: S\u00fc\u00df, cremig, mit einem Hauch von frischer Milch und Blumen<\/p>\n<\/li>\n<li data-start=\"887\" data-end=\"957\">\n<p data-start=\"889\" data-end=\"957\"><strong data-start=\"889\" data-end=\"898\">Geschmack<\/strong>: Weich, samtig, mit einem s\u00fc\u00dfen, harmonischen Nachgeschmack<\/p>\n<\/li>\n<li data-start=\"958\" data-end=\"1012\">\n<p data-start=\"960\" data-end=\"1012\"><strong data-start=\"960\" data-end=\"974\">Nachgeschmack<\/strong>: Anhaltend, delikat und einh\u00fcllend<\/p>\n<\/li>\n<\/ul>\n<hr data-start=\"1014\" data-end=\"1017\">\n<h3 data-start=\"1019\" data-end=\"1044\">\ud83c\udf31 <strong data-start=\"1026\" data-end=\"1041\">Zutaten<\/strong>:<\/h3>\n<ul data-start=\"1045\" data-end=\"1104\">\n<li data-start=\"1045\" data-end=\"1077\">\n<p data-start=\"1047\" data-end=\"1077\">100% nat\u00fcrlicher Oolong-Milchtee<\/p>\n<\/li>\n<li data-start=\"1078\" data-end=\"1104\">\n<p data-start=\"1080\" data-end=\"1104\"><em data-start=\"1080\" data-end=\"1104\">Keine Aromen oder Zusatzstoffe<\/em><\/p>\n<\/li>\n<\/ul>\n<hr data-start=\"1106\" data-end=\"1109\">\n<h3 data-start=\"1111\" data-end=\"1149\">\ud83e\uded6 <strong data-start=\"1118\" data-end=\"1146\">Empfohlene Zubereitung<\/strong>:<\/h3>\n<ul data-start=\"1150\" data-end=\"1333\">\n<li data-start=\"1150\" data-end=\"1180\">\n<p data-start=\"1152\" data-end=\"1180\"><strong data-start=\"1152\" data-end=\"1164\">Menge<\/strong>: 2g pro Tasse<\/p>\n<\/li>\n<li data-start=\"1181\" data-end=\"1220\">\n<p data-start=\"1183\" data-end=\"1220\"><strong data-start=\"1183\" data-end=\"1209\">Wassertemperatur<\/strong>: 85-90\u00b0C<\/p>\n<\/li>\n<li data-start=\"1221\" data-end=\"1250\">\n<p data-start=\"1223\" data-end=\"1250\"><strong data-start=\"1223\" data-end=\"1236\">Infusion<\/strong>: 3-4 Minuten<\/p>\n<\/li>\n<li data-start=\"1251\" data-end=\"1333\">\n<p data-start=\"1253\" data-end=\"1333\">Hervorragend f\u00fcr mehrere Aufg\u00fcsse, die nach und nach ihre cremige S\u00fc\u00dfe entfalten<\/p>\n<\/li>\n<\/ul>\n<hr data-start=\"1335\" data-end=\"1338\">\n","protected":false},"excerpt":{"rendered":"<p>\ud83e\udd5b\ud83c\udf42 Milch Oolong &#8211; 80g Ein einzigartiger Oolong-Tee mit einem zarten Milcharoma und samtigem Geschmack. Milk Oolong ist ein halb-oxidierter Tee taiwanesischer oder chinesischer Herkunft, der f\u00fcr sein nat\u00fcrlich cremiges Aroma, das an frische Milch erinnert, und seine sanfte S\u00fc\u00dfe, die den Gaumen umh\u00fcllt, ber\u00fchmt ist. Dieser Tee zeichnet sich durch eine ausgewogene Mischung aus [&hellip;]<\/p>\n","protected":false},"featured_media":30553,"template":"","meta":{"_et_pb_use_builder":"","_et_pb_old_content":"","_et_gb_content_width":""},"product_brand":[],"product_cat":[92],"product_tag":[],"class_list":{"0":"post-30850","1":"product","2":"type-product","3":"status-publish","4":"has-post-thumbnail","6":"product_cat-chinesische-tees","8":"first","9":"instock","10":"shipping-taxable","11":"purchasable","12":"product-type-simple"},"yoast_head":"<!-- This site is optimized with the Yoast SEO plugin v27.4 - https:\/\/yoast.com\/product\/yoast-seo-wordpress\/ -->\n<title>Milch - Oolong 80g - Erboristeria Artemisia<\/title>\n<meta name=\"robots\" content=\"index, follow, max-snippet:-1, max-image-preview:large, max-video-preview:-1\" \/>\n<link rel=\"canonical\" href=\"https:\/\/erboristeria-artemisia.ch\/de\/produkt\/milch-oolong-80g\/\" \/>\n<meta property=\"og:locale\" content=\"de_DE\" \/>\n<meta property=\"og:type\" content=\"article\" \/>\n<meta property=\"og:title\" content=\"Milch - Oolong 80g - Erboristeria Artemisia\" \/>\n<meta property=\"og:description\" content=\"\ud83e\udd5b\ud83c\udf42 Milch Oolong &#8211; 80g Ein einzigartiger Oolong-Tee mit einem zarten Milcharoma und samtigem Geschmack. Milk Oolong ist ein halb-oxidierter Tee taiwanesischer oder chinesischer Herkunft, der f\u00fcr sein nat\u00fcrlich cremiges Aroma, das an frische Milch erinnert, und seine sanfte S\u00fc\u00dfe, die den Gaumen umh\u00fcllt, ber\u00fchmt ist. Dieser Tee zeichnet sich durch eine ausgewogene Mischung aus [&hellip;]\" \/>\n<meta property=\"og:url\" content=\"https:\/\/erboristeria-artemisia.ch\/de\/produkt\/milch-oolong-80g\/\" \/>\n<meta property=\"og:site_name\" content=\"Erboristeria Artemisia\" \/>\n<meta property=\"article:modified_time\" content=\"2025-09-25T14:26:02+00:00\" \/>\n<meta property=\"og:image\" content=\"https:\/\/erboristeria-artemisia.ch\/wp-content\/uploads\/2025\/09\/Milk-Oolong.jpg\" \/>\n\t<meta property=\"og:image:width\" content=\"2000\" \/>\n\t<meta property=\"og:image:height\" content=\"2000\" \/>\n\t<meta property=\"og:image:type\" content=\"image\/jpeg\" \/>\n<meta name=\"twitter:card\" content=\"summary_large_image\" \/>\n<meta name=\"twitter:label1\" content=\"Gesch\u00e4tzte Lesezeit\" \/>\n\t<meta name=\"twitter:data1\" content=\"1\u00a0Minute\" \/>\n<script type=\"application\/ld+json\" class=\"yoast-schema-graph\">{\"@context\":\"https:\\\/\\\/schema.org\",\"@graph\":[{\"@type\":\"WebPage\",\"@id\":\"https:\\\/\\\/erboristeria-artemisia.ch\\\/de\\\/produkt\\\/milch-oolong-80g\\\/\",\"url\":\"https:\\\/\\\/erboristeria-artemisia.ch\\\/de\\\/produkt\\\/milch-oolong-80g\\\/\",\"name\":\"Milch - Oolong 80g - Erboristeria Artemisia\",\"isPartOf\":{\"@id\":\"https:\\\/\\\/erboristeria-artemisia.ch\\\/de\\\/#website\"},\"primaryImageOfPage\":{\"@id\":\"https:\\\/\\\/erboristeria-artemisia.ch\\\/de\\\/produkt\\\/milch-oolong-80g\\\/#primaryimage\"},\"image\":{\"@id\":\"https:\\\/\\\/erboristeria-artemisia.ch\\\/de\\\/produkt\\\/milch-oolong-80g\\\/#primaryimage\"},\"thumbnailUrl\":\"https:\\\/\\\/erboristeria-artemisia.ch\\\/wp-content\\\/uploads\\\/2025\\\/09\\\/Milk-Oolong.jpg\",\"datePublished\":\"2025-09-17T19:59:11+00:00\",\"dateModified\":\"2025-09-25T14:26:02+00:00\",\"breadcrumb\":{\"@id\":\"https:\\\/\\\/erboristeria-artemisia.ch\\\/de\\\/produkt\\\/milch-oolong-80g\\\/#breadcrumb\"},\"inLanguage\":\"de\",\"potentialAction\":[{\"@type\":\"ReadAction\",\"target\":[\"https:\\\/\\\/erboristeria-artemisia.ch\\\/de\\\/produkt\\\/milch-oolong-80g\\\/\"]}]},{\"@type\":\"ImageObject\",\"inLanguage\":\"de\",\"@id\":\"https:\\\/\\\/erboristeria-artemisia.ch\\\/de\\\/produkt\\\/milch-oolong-80g\\\/#primaryimage\",\"url\":\"https:\\\/\\\/erboristeria-artemisia.ch\\\/wp-content\\\/uploads\\\/2025\\\/09\\\/Milk-Oolong.jpg\",\"contentUrl\":\"https:\\\/\\\/erboristeria-artemisia.ch\\\/wp-content\\\/uploads\\\/2025\\\/09\\\/Milk-Oolong.jpg\",\"width\":2000,\"height\":2000},{\"@type\":\"BreadcrumbList\",\"@id\":\"https:\\\/\\\/erboristeria-artemisia.ch\\\/de\\\/produkt\\\/milch-oolong-80g\\\/#breadcrumb\",\"itemListElement\":[{\"@type\":\"ListItem\",\"position\":1,\"name\":\"Home\",\"item\":\"https:\\\/\\\/erboristeria-artemisia.ch\\\/de\\\/startseite\\\/\"},{\"@type\":\"ListItem\",\"position\":2,\"name\":\"Shop4\",\"item\":\"https:\\\/\\\/erboristeria-artemisia.ch\\\/shop4\\\/\"},{\"@type\":\"ListItem\",\"position\":3,\"name\":\"Milch &#8211; Oolong 80g\"}]},{\"@type\":\"WebSite\",\"@id\":\"https:\\\/\\\/erboristeria-artemisia.ch\\\/de\\\/#website\",\"url\":\"https:\\\/\\\/erboristeria-artemisia.ch\\\/de\\\/\",\"name\":\"Erboristeria Artemisia\",\"description\":\"Ogni sorso \u00e8 un momento per te\",\"potentialAction\":[{\"@type\":\"SearchAction\",\"target\":{\"@type\":\"EntryPoint\",\"urlTemplate\":\"https:\\\/\\\/erboristeria-artemisia.ch\\\/de\\\/?s={search_term_string}\"},\"query-input\":{\"@type\":\"PropertyValueSpecification\",\"valueRequired\":true,\"valueName\":\"search_term_string\"}}],\"inLanguage\":\"de\"}]}<\/script>\n<!-- \/ Yoast SEO plugin. -->","yoast_head_json":{"title":"Milch - Oolong 80g - Erboristeria Artemisia","robots":{"index":"index","follow":"follow","max-snippet":"max-snippet:-1","max-image-preview":"max-image-preview:large","max-video-preview":"max-video-preview:-1"},"canonical":"https:\/\/erboristeria-artemisia.ch\/de\/produkt\/milch-oolong-80g\/","og_locale":"de_DE","og_type":"article","og_title":"Milch - Oolong 80g - Erboristeria Artemisia","og_description":"\ud83e\udd5b\ud83c\udf42 Milch Oolong &#8211; 80g Ein einzigartiger Oolong-Tee mit einem zarten Milcharoma und samtigem Geschmack. Milk Oolong ist ein halb-oxidierter Tee taiwanesischer oder chinesischer Herkunft, der f\u00fcr sein nat\u00fcrlich cremiges Aroma, das an frische Milch erinnert, und seine sanfte S\u00fc\u00dfe, die den Gaumen umh\u00fcllt, ber\u00fchmt ist. Dieser Tee zeichnet sich durch eine ausgewogene Mischung aus [&hellip;]","og_url":"https:\/\/erboristeria-artemisia.ch\/de\/produkt\/milch-oolong-80g\/","og_site_name":"Erboristeria Artemisia","article_modified_time":"2025-09-25T14:26:02+00:00","og_image":[{"width":2000,"height":2000,"url":"https:\/\/erboristeria-artemisia.ch\/wp-content\/uploads\/2025\/09\/Milk-Oolong.jpg","type":"image\/jpeg"}],"twitter_card":"summary_large_image","twitter_misc":{"Gesch\u00e4tzte Lesezeit":"1\u00a0Minute"},"schema":{"@context":"https:\/\/schema.org","@graph":[{"@type":"WebPage","@id":"https:\/\/erboristeria-artemisia.ch\/de\/produkt\/milch-oolong-80g\/","url":"https:\/\/erboristeria-artemisia.ch\/de\/produkt\/milch-oolong-80g\/","name":"Milch - Oolong 80g - Erboristeria Artemisia","isPartOf":{"@id":"https:\/\/erboristeria-artemisia.ch\/de\/#website"},"primaryImageOfPage":{"@id":"https:\/\/erboristeria-artemisia.ch\/de\/produkt\/milch-oolong-80g\/#primaryimage"},"image":{"@id":"https:\/\/erboristeria-artemisia.ch\/de\/produkt\/milch-oolong-80g\/#primaryimage"},"thumbnailUrl":"https:\/\/erboristeria-artemisia.ch\/wp-content\/uploads\/2025\/09\/Milk-Oolong.jpg","datePublished":"2025-09-17T19:59:11+00:00","dateModified":"2025-09-25T14:26:02+00:00","breadcrumb":{"@id":"https:\/\/erboristeria-artemisia.ch\/de\/produkt\/milch-oolong-80g\/#breadcrumb"},"inLanguage":"de","potentialAction":[{"@type":"ReadAction","target":["https:\/\/erboristeria-artemisia.ch\/de\/produkt\/milch-oolong-80g\/"]}]},{"@type":"ImageObject","inLanguage":"de","@id":"https:\/\/erboristeria-artemisia.ch\/de\/produkt\/milch-oolong-80g\/#primaryimage","url":"https:\/\/erboristeria-artemisia.ch\/wp-content\/uploads\/2025\/09\/Milk-Oolong.jpg","contentUrl":"https:\/\/erboristeria-artemisia.ch\/wp-content\/uploads\/2025\/09\/Milk-Oolong.jpg","width":2000,"height":2000},{"@type":"BreadcrumbList","@id":"https:\/\/erboristeria-artemisia.ch\/de\/produkt\/milch-oolong-80g\/#breadcrumb","itemListElement":[{"@type":"ListItem","position":1,"name":"Home","item":"https:\/\/erboristeria-artemisia.ch\/de\/startseite\/"},{"@type":"ListItem","position":2,"name":"Shop4","item":"https:\/\/erboristeria-artemisia.ch\/shop4\/"},{"@type":"ListItem","position":3,"name":"Milch &#8211; Oolong 80g"}]},{"@type":"WebSite","@id":"https:\/\/erboristeria-artemisia.ch\/de\/#website","url":"https:\/\/erboristeria-artemisia.ch\/de\/","name":"Erboristeria Artemisia","description":"Ogni sorso \u00e8 un momento per te","potentialAction":[{"@type":"SearchAction","target":{"@type":"EntryPoint","urlTemplate":"https:\/\/erboristeria-artemisia.ch\/de\/?s={search_term_string}"},"query-input":{"@type":"PropertyValueSpecification","valueRequired":true,"valueName":"search_term_string"}}],"inLanguage":"de"}]}},"_links":{"self":[{"href":"https:\/\/erboristeria-artemisia.ch\/de\/wp-json\/wp\/v2\/product\/30850","targetHints":{"allow":["GET"]}}],"collection":[{"href":"https:\/\/erboristeria-artemisia.ch\/de\/wp-json\/wp\/v2\/product"}],"about":[{"href":"https:\/\/erboristeria-artemisia.ch\/de\/wp-json\/wp\/v2\/types\/product"}],"wp:featuredmedia":[{"embeddable":true,"href":"https:\/\/erboristeria-artemisia.ch\/de\/wp-json\/wp\/v2\/media\/30553"}],"wp:attachment":[{"href":"https:\/\/erboristeria-artemisia.ch\/de\/wp-json\/wp\/v2\/media?parent=30850"}],"wp:term":[{"taxonomy":"product_brand","embeddable":true,"href":"https:\/\/erboristeria-artemisia.ch\/de\/wp-json\/wp\/v2\/product_brand?post=30850"},{"taxonomy":"product_cat","embeddable":true,"href":"https:\/\/erboristeria-artemisia.ch\/de\/wp-json\/wp\/v2\/product_cat?post=30850"},{"taxonomy":"product_tag","embeddable":true,"href":"https:\/\/erboristeria-artemisia.ch\/de\/wp-json\/wp\/v2\/product_tag?post=30850"}],"curies":[{"name":"wp","href":"https:\/\/api.w.org\/{rel}","templated":true}]}}