{"id":30851,"date":"2025-09-17T21:47:53","date_gmt":"2025-09-17T19:47:53","guid":{"rendered":"https:\/\/erboristeria-artemisia.ch\/product\/schiesspulver-natuerlich-100g\/"},"modified":"2025-09-25T16:26:02","modified_gmt":"2025-09-25T14:26:02","slug":"schiesspulver-natuerlich-100g","status":"publish","type":"product","link":"https:\/\/erboristeria-artemisia.ch\/de\/produkt\/schiesspulver-natuerlich-100g\/","title":{"rendered":"Schie\u00dfpulver (Nat\u00fcrlich) 100g"},"content":{"rendered":"<h2 data-start=\"102\" data-end=\"143\">\ud83d\udca5\ud83c\udf43 <strong data-start=\"110\" data-end=\"141\">Gunpowder (Natur) &#8211; 100g<\/strong><\/h2>\n<p data-start=\"144\" data-end=\"205\"><strong data-start=\"144\" data-end=\"205\">Der explosive gr\u00fcne Tee mit Charakter, Tradition und Reinheit.<\/strong><\/p>\n<p data-start=\"207\" data-end=\"569\"><strong data-start=\"210\" data-end=\"223\">Gunpowder<\/strong> ist einer der kultigsten chinesischen Gr\u00fcntees. Er ist leicht an der Form der Bl\u00e4tter zu erkennen, die zu kleinen <strong data-start=\"336\" data-end=\"354\">kugelf\u00f6rmigen Perlen<\/strong> gerollt sind, die an Schie\u00dfpulverk\u00f6rner erinnern &#8211; daher der Name. W\u00e4hrend des Aufgusses \u00f6ffnen sich diese Perlen langsam und geben ein <strong data-start=\"489\" data-end=\"500\">intensives<\/strong>, <strong data-start=\"502\" data-end=\"513\">krautiges<\/strong> und leicht <strong data-start=\"528\" data-end=\"542\">rauchiges<\/strong> Aroma frei, das typisch f\u00fcr diese Sorte ist. <\/p>\n<p data-start=\"571\" data-end=\"756\">Er ist ein idealer Tee f\u00fcr alle, die einen kr\u00e4ftigen Geschmack suchen. Er eignet sich perfekt f\u00fcr die Kombination mit Minze (wie in der marokkanischen Tradition) oder f\u00fcr den puren Genuss, um seine nat\u00fcrliche Kraft zu genie\u00dfen.<\/p>\n<hr data-start=\"758\" data-end=\"761\">\n<h3 data-start=\"763\" data-end=\"797\">\ud83c\udf75 <strong data-start=\"770\" data-end=\"794\">Verkostungsnotizen<\/strong>:<\/h3>\n<ul data-start=\"798\" data-end=\"1040\">\n<li data-start=\"798\" data-end=\"843\">\n<p data-start=\"800\" data-end=\"843\"><strong data-start=\"800\" data-end=\"811\">Aussehen<\/strong>: Intensiver gelb-gr\u00fcner Lik\u00f6r<\/p>\n<\/li>\n<li data-start=\"844\" data-end=\"910\">\n<p data-start=\"846\" data-end=\"910\"><strong data-start=\"846\" data-end=\"855\">Aroma<\/strong>: Pflanzlich, mit rauchigen und leicht ger\u00f6steten Noten<\/p>\n<\/li>\n<li data-start=\"911\" data-end=\"975\">\n<p data-start=\"913\" data-end=\"975\"><strong data-start=\"913\" data-end=\"922\">Geschmack<\/strong>: Vollmundig, durchsetzungsf\u00e4hig, mit einem leichten Hauch von Bitterkeit<\/p>\n<\/li>\n<li data-start=\"976\" data-end=\"1040\">\n<p data-start=\"978\" data-end=\"1040\"><strong data-start=\"978\" data-end=\"992\">Nachgeschmack<\/strong>: Anhaltend, frisch, leicht adstringierend<\/p>\n<\/li>\n<\/ul>\n<hr data-start=\"1042\" data-end=\"1045\">\n<h3 data-start=\"1047\" data-end=\"1072\">\ud83c\udf31 <strong data-start=\"1054\" data-end=\"1069\">Zutaten<\/strong>:<\/h3>\n<ul data-start=\"1073\" data-end=\"1147\">\n<li data-start=\"1073\" data-end=\"1109\">\n<p data-start=\"1075\" data-end=\"1109\">Gunpowder Gr\u00fcner Tee 100% nat\u00fcrlich<\/p>\n<\/li>\n<li data-start=\"1110\" data-end=\"1147\">\n<p data-start=\"1112\" data-end=\"1147\"><em data-start=\"1112\" data-end=\"1147\">Keine Aromen, Farbstoffe oder Zusatzstoffe<\/em><\/p>\n<\/li>\n<\/ul>\n<hr data-start=\"1149\" data-end=\"1152\">\n<h3 data-start=\"1154\" data-end=\"1192\">\ud83e\uded6 <strong data-start=\"1161\" data-end=\"1189\">Empfohlene Zubereitung<\/strong>:<\/h3>\n<ul data-start=\"1193\" data-end=\"1356\">\n<li data-start=\"1193\" data-end=\"1223\">\n<p data-start=\"1195\" data-end=\"1223\"><strong data-start=\"1195\" data-end=\"1207\">Menge<\/strong>: 2g pro Tasse<\/p>\n<\/li>\n<li data-start=\"1224\" data-end=\"1263\">\n<p data-start=\"1226\" data-end=\"1263\"><strong data-start=\"1226\" data-end=\"1252\">Wassertemperatur<\/strong>: 75-80\u00b0C<\/p>\n<\/li>\n<li data-start=\"1264\" data-end=\"1293\">\n<p data-start=\"1266\" data-end=\"1293\"><strong data-start=\"1266\" data-end=\"1279\">Infusion<\/strong>: 2-3 Minuten<\/p>\n<\/li>\n<li data-start=\"1294\" data-end=\"1356\">\n<p data-start=\"1296\" data-end=\"1356\">Auch hervorragend f\u00fcr die Zubereitung von Eistee oder Minztee geeignet<\/p>\n<\/li>\n<\/ul>\n<hr data-start=\"1358\" data-end=\"1361\">\n","protected":false},"excerpt":{"rendered":"<p>\ud83d\udca5\ud83c\udf43 Gunpowder (Natur) &#8211; 100g Der explosive gr\u00fcne Tee mit Charakter, Tradition und Reinheit. Gunpowder ist einer der kultigsten chinesischen Gr\u00fcntees. Er ist leicht an der Form der Bl\u00e4tter zu erkennen, die zu kleinen kugelf\u00f6rmigen Perlen gerollt sind, die an Schie\u00dfpulverk\u00f6rner erinnern &#8211; daher der Name. W\u00e4hrend des Aufgusses \u00f6ffnen sich diese Perlen langsam und [&hellip;]<\/p>\n","protected":false},"featured_media":30541,"template":"","meta":{"_et_pb_use_builder":"","_et_pb_old_content":"","_et_gb_content_width":""},"product_brand":[],"product_cat":[92],"product_tag":[],"class_list":{"0":"post-30851","1":"product","2":"type-product","3":"status-publish","4":"has-post-thumbnail","6":"product_cat-chinesische-tees","8":"first","9":"instock","10":"shipping-taxable","11":"purchasable","12":"product-type-simple"},"yoast_head":"<!-- This site is optimized with the Yoast SEO plugin v27.4 - https:\/\/yoast.com\/product\/yoast-seo-wordpress\/ -->\n<title>Schie\u00dfpulver (Nat\u00fcrlich) 100g - Erboristeria Artemisia<\/title>\n<meta name=\"robots\" content=\"index, follow, max-snippet:-1, max-image-preview:large, max-video-preview:-1\" \/>\n<link rel=\"canonical\" href=\"https:\/\/erboristeria-artemisia.ch\/de\/produkt\/schiesspulver-natuerlich-100g\/\" \/>\n<meta property=\"og:locale\" content=\"de_DE\" \/>\n<meta property=\"og:type\" content=\"article\" \/>\n<meta property=\"og:title\" content=\"Schie\u00dfpulver (Nat\u00fcrlich) 100g - Erboristeria Artemisia\" \/>\n<meta property=\"og:description\" content=\"\ud83d\udca5\ud83c\udf43 Gunpowder (Natur) &#8211; 100g Der explosive gr\u00fcne Tee mit Charakter, Tradition und Reinheit. Gunpowder ist einer der kultigsten chinesischen Gr\u00fcntees. Er ist leicht an der Form der Bl\u00e4tter zu erkennen, die zu kleinen kugelf\u00f6rmigen Perlen gerollt sind, die an Schie\u00dfpulverk\u00f6rner erinnern &#8211; daher der Name. W\u00e4hrend des Aufgusses \u00f6ffnen sich diese Perlen langsam und [&hellip;]\" \/>\n<meta property=\"og:url\" content=\"https:\/\/erboristeria-artemisia.ch\/de\/produkt\/schiesspulver-natuerlich-100g\/\" \/>\n<meta property=\"og:site_name\" content=\"Erboristeria Artemisia\" \/>\n<meta property=\"article:modified_time\" content=\"2025-09-25T14:26:02+00:00\" \/>\n<meta property=\"og:image\" content=\"https:\/\/erboristeria-artemisia.ch\/wp-content\/uploads\/2025\/09\/Gunpowder.jpg\" \/>\n\t<meta property=\"og:image:width\" content=\"2000\" \/>\n\t<meta property=\"og:image:height\" content=\"2000\" \/>\n\t<meta property=\"og:image:type\" content=\"image\/jpeg\" \/>\n<meta name=\"twitter:card\" content=\"summary_large_image\" \/>\n<meta name=\"twitter:label1\" content=\"Gesch\u00e4tzte Lesezeit\" \/>\n\t<meta name=\"twitter:data1\" content=\"1\u00a0Minute\" \/>\n<script type=\"application\/ld+json\" class=\"yoast-schema-graph\">{\"@context\":\"https:\\\/\\\/schema.org\",\"@graph\":[{\"@type\":\"WebPage\",\"@id\":\"https:\\\/\\\/erboristeria-artemisia.ch\\\/de\\\/produkt\\\/schiesspulver-natuerlich-100g\\\/\",\"url\":\"https:\\\/\\\/erboristeria-artemisia.ch\\\/de\\\/produkt\\\/schiesspulver-natuerlich-100g\\\/\",\"name\":\"Schie\u00dfpulver (Nat\u00fcrlich) 100g - Erboristeria Artemisia\",\"isPartOf\":{\"@id\":\"https:\\\/\\\/erboristeria-artemisia.ch\\\/de\\\/#website\"},\"primaryImageOfPage\":{\"@id\":\"https:\\\/\\\/erboristeria-artemisia.ch\\\/de\\\/produkt\\\/schiesspulver-natuerlich-100g\\\/#primaryimage\"},\"image\":{\"@id\":\"https:\\\/\\\/erboristeria-artemisia.ch\\\/de\\\/produkt\\\/schiesspulver-natuerlich-100g\\\/#primaryimage\"},\"thumbnailUrl\":\"https:\\\/\\\/erboristeria-artemisia.ch\\\/wp-content\\\/uploads\\\/2025\\\/09\\\/Gunpowder.jpg\",\"datePublished\":\"2025-09-17T19:47:53+00:00\",\"dateModified\":\"2025-09-25T14:26:02+00:00\",\"breadcrumb\":{\"@id\":\"https:\\\/\\\/erboristeria-artemisia.ch\\\/de\\\/produkt\\\/schiesspulver-natuerlich-100g\\\/#breadcrumb\"},\"inLanguage\":\"de\",\"potentialAction\":[{\"@type\":\"ReadAction\",\"target\":[\"https:\\\/\\\/erboristeria-artemisia.ch\\\/de\\\/produkt\\\/schiesspulver-natuerlich-100g\\\/\"]}]},{\"@type\":\"ImageObject\",\"inLanguage\":\"de\",\"@id\":\"https:\\\/\\\/erboristeria-artemisia.ch\\\/de\\\/produkt\\\/schiesspulver-natuerlich-100g\\\/#primaryimage\",\"url\":\"https:\\\/\\\/erboristeria-artemisia.ch\\\/wp-content\\\/uploads\\\/2025\\\/09\\\/Gunpowder.jpg\",\"contentUrl\":\"https:\\\/\\\/erboristeria-artemisia.ch\\\/wp-content\\\/uploads\\\/2025\\\/09\\\/Gunpowder.jpg\",\"width\":2000,\"height\":2000},{\"@type\":\"BreadcrumbList\",\"@id\":\"https:\\\/\\\/erboristeria-artemisia.ch\\\/de\\\/produkt\\\/schiesspulver-natuerlich-100g\\\/#breadcrumb\",\"itemListElement\":[{\"@type\":\"ListItem\",\"position\":1,\"name\":\"Home\",\"item\":\"https:\\\/\\\/erboristeria-artemisia.ch\\\/de\\\/startseite\\\/\"},{\"@type\":\"ListItem\",\"position\":2,\"name\":\"Shop4\",\"item\":\"https:\\\/\\\/erboristeria-artemisia.ch\\\/shop4\\\/\"},{\"@type\":\"ListItem\",\"position\":3,\"name\":\"Schie\u00dfpulver (Nat\u00fcrlich) 100g\"}]},{\"@type\":\"WebSite\",\"@id\":\"https:\\\/\\\/erboristeria-artemisia.ch\\\/de\\\/#website\",\"url\":\"https:\\\/\\\/erboristeria-artemisia.ch\\\/de\\\/\",\"name\":\"Erboristeria Artemisia\",\"description\":\"Ogni sorso \u00e8 un momento per te\",\"potentialAction\":[{\"@type\":\"SearchAction\",\"target\":{\"@type\":\"EntryPoint\",\"urlTemplate\":\"https:\\\/\\\/erboristeria-artemisia.ch\\\/de\\\/?s={search_term_string}\"},\"query-input\":{\"@type\":\"PropertyValueSpecification\",\"valueRequired\":true,\"valueName\":\"search_term_string\"}}],\"inLanguage\":\"de\"}]}<\/script>\n<!-- \/ Yoast SEO plugin. -->","yoast_head_json":{"title":"Schie\u00dfpulver (Nat\u00fcrlich) 100g - Erboristeria Artemisia","robots":{"index":"index","follow":"follow","max-snippet":"max-snippet:-1","max-image-preview":"max-image-preview:large","max-video-preview":"max-video-preview:-1"},"canonical":"https:\/\/erboristeria-artemisia.ch\/de\/produkt\/schiesspulver-natuerlich-100g\/","og_locale":"de_DE","og_type":"article","og_title":"Schie\u00dfpulver (Nat\u00fcrlich) 100g - Erboristeria Artemisia","og_description":"\ud83d\udca5\ud83c\udf43 Gunpowder (Natur) &#8211; 100g Der explosive gr\u00fcne Tee mit Charakter, Tradition und Reinheit. Gunpowder ist einer der kultigsten chinesischen Gr\u00fcntees. Er ist leicht an der Form der Bl\u00e4tter zu erkennen, die zu kleinen kugelf\u00f6rmigen Perlen gerollt sind, die an Schie\u00dfpulverk\u00f6rner erinnern &#8211; daher der Name. W\u00e4hrend des Aufgusses \u00f6ffnen sich diese Perlen langsam und [&hellip;]","og_url":"https:\/\/erboristeria-artemisia.ch\/de\/produkt\/schiesspulver-natuerlich-100g\/","og_site_name":"Erboristeria Artemisia","article_modified_time":"2025-09-25T14:26:02+00:00","og_image":[{"width":2000,"height":2000,"url":"https:\/\/erboristeria-artemisia.ch\/wp-content\/uploads\/2025\/09\/Gunpowder.jpg","type":"image\/jpeg"}],"twitter_card":"summary_large_image","twitter_misc":{"Gesch\u00e4tzte Lesezeit":"1\u00a0Minute"},"schema":{"@context":"https:\/\/schema.org","@graph":[{"@type":"WebPage","@id":"https:\/\/erboristeria-artemisia.ch\/de\/produkt\/schiesspulver-natuerlich-100g\/","url":"https:\/\/erboristeria-artemisia.ch\/de\/produkt\/schiesspulver-natuerlich-100g\/","name":"Schie\u00dfpulver (Nat\u00fcrlich) 100g - Erboristeria Artemisia","isPartOf":{"@id":"https:\/\/erboristeria-artemisia.ch\/de\/#website"},"primaryImageOfPage":{"@id":"https:\/\/erboristeria-artemisia.ch\/de\/produkt\/schiesspulver-natuerlich-100g\/#primaryimage"},"image":{"@id":"https:\/\/erboristeria-artemisia.ch\/de\/produkt\/schiesspulver-natuerlich-100g\/#primaryimage"},"thumbnailUrl":"https:\/\/erboristeria-artemisia.ch\/wp-content\/uploads\/2025\/09\/Gunpowder.jpg","datePublished":"2025-09-17T19:47:53+00:00","dateModified":"2025-09-25T14:26:02+00:00","breadcrumb":{"@id":"https:\/\/erboristeria-artemisia.ch\/de\/produkt\/schiesspulver-natuerlich-100g\/#breadcrumb"},"inLanguage":"de","potentialAction":[{"@type":"ReadAction","target":["https:\/\/erboristeria-artemisia.ch\/de\/produkt\/schiesspulver-natuerlich-100g\/"]}]},{"@type":"ImageObject","inLanguage":"de","@id":"https:\/\/erboristeria-artemisia.ch\/de\/produkt\/schiesspulver-natuerlich-100g\/#primaryimage","url":"https:\/\/erboristeria-artemisia.ch\/wp-content\/uploads\/2025\/09\/Gunpowder.jpg","contentUrl":"https:\/\/erboristeria-artemisia.ch\/wp-content\/uploads\/2025\/09\/Gunpowder.jpg","width":2000,"height":2000},{"@type":"BreadcrumbList","@id":"https:\/\/erboristeria-artemisia.ch\/de\/produkt\/schiesspulver-natuerlich-100g\/#breadcrumb","itemListElement":[{"@type":"ListItem","position":1,"name":"Home","item":"https:\/\/erboristeria-artemisia.ch\/de\/startseite\/"},{"@type":"ListItem","position":2,"name":"Shop4","item":"https:\/\/erboristeria-artemisia.ch\/shop4\/"},{"@type":"ListItem","position":3,"name":"Schie\u00dfpulver (Nat\u00fcrlich) 100g"}]},{"@type":"WebSite","@id":"https:\/\/erboristeria-artemisia.ch\/de\/#website","url":"https:\/\/erboristeria-artemisia.ch\/de\/","name":"Erboristeria Artemisia","description":"Ogni sorso \u00e8 un momento per te","potentialAction":[{"@type":"SearchAction","target":{"@type":"EntryPoint","urlTemplate":"https:\/\/erboristeria-artemisia.ch\/de\/?s={search_term_string}"},"query-input":{"@type":"PropertyValueSpecification","valueRequired":true,"valueName":"search_term_string"}}],"inLanguage":"de"}]}},"_links":{"self":[{"href":"https:\/\/erboristeria-artemisia.ch\/de\/wp-json\/wp\/v2\/product\/30851","targetHints":{"allow":["GET"]}}],"collection":[{"href":"https:\/\/erboristeria-artemisia.ch\/de\/wp-json\/wp\/v2\/product"}],"about":[{"href":"https:\/\/erboristeria-artemisia.ch\/de\/wp-json\/wp\/v2\/types\/product"}],"wp:featuredmedia":[{"embeddable":true,"href":"https:\/\/erboristeria-artemisia.ch\/de\/wp-json\/wp\/v2\/media\/30541"}],"wp:attachment":[{"href":"https:\/\/erboristeria-artemisia.ch\/de\/wp-json\/wp\/v2\/media?parent=30851"}],"wp:term":[{"taxonomy":"product_brand","embeddable":true,"href":"https:\/\/erboristeria-artemisia.ch\/de\/wp-json\/wp\/v2\/product_brand?post=30851"},{"taxonomy":"product_cat","embeddable":true,"href":"https:\/\/erboristeria-artemisia.ch\/de\/wp-json\/wp\/v2\/product_cat?post=30851"},{"taxonomy":"product_tag","embeddable":true,"href":"https:\/\/erboristeria-artemisia.ch\/de\/wp-json\/wp\/v2\/product_tag?post=30851"}],"curies":[{"name":"wp","href":"https:\/\/api.w.org\/{rel}","templated":true}]}}