{"id":30852,"date":"2025-09-17T22:01:23","date_gmt":"2025-09-17T20:01:23","guid":{"rendered":"https:\/\/erboristeria-artemisia.ch\/product\/pu-erh-natuerlich-100g\/"},"modified":"2025-09-25T16:26:02","modified_gmt":"2025-09-25T14:26:02","slug":"pu-erh-natuerlich-100g","status":"publish","type":"product","link":"https:\/\/erboristeria-artemisia.ch\/de\/produkt\/pu-erh-natuerlich-100g\/","title":{"rendered":"Pu Erh (Nat\u00fcrlich) 100g"},"content":{"rendered":"<h2 data-start=\"94\" data-end=\"132\">\ud83c\udf42\ud83c\udf3f <strong data-start=\"102\" data-end=\"130\">Pu Erh (Nat\u00fcrlich) &#8211; 100g<\/strong><\/h2>\n<p data-start=\"133\" data-end=\"209\"><strong data-start=\"133\" data-end=\"209\">Chinas tausendj\u00e4hriger fermentierter Tee, reich an Tradition und Charakter.<\/strong><\/p>\n<p data-start=\"211\" data-end=\"513\"><strong data-start=\"214\" data-end=\"224\">Pu Erh<\/strong> ist ein fermentierter Schwarztee aus der Region <strong data-start=\"281\" data-end=\"291\">Yunnan<\/strong>, der f\u00fcr seinen tiefen, erdigen und umh\u00fcllenden Geschmack bekannt ist. Durch den langen nat\u00fcrlichen Fermentationsprozess entwickelt er ein intensives Aroma und einen weichen, aber kr\u00e4ftigen Geschmack mit leichten Noten von Holz, feuchter Erde und getrockneten Fr\u00fcchten. <\/p>\n<p data-start=\"515\" data-end=\"682\">Pu Erh wird f\u00fcr seine verdauungsf\u00f6rdernden und reinigenden Eigenschaften gesch\u00e4tzt und ist ideal f\u00fcr den Genuss nach den Mahlzeiten oder zu Zeiten, in denen ein vollmundiger, nuancierter Tee gew\u00fcnscht wird.<\/p>\n<hr data-start=\"684\" data-end=\"687\">\n<h3 data-start=\"689\" data-end=\"723\">\ud83c\udf75 <strong data-start=\"696\" data-end=\"720\">Verkostungsnotizen<\/strong>:<\/h3>\n<ul data-start=\"724\" data-end=\"959\">\n<li data-start=\"724\" data-end=\"778\">\n<p data-start=\"726\" data-end=\"778\"><strong data-start=\"726\" data-end=\"737\">Aussehen<\/strong>: Klarer, intensiv rot-brauner Lik\u00f6r<\/p>\n<\/li>\n<li data-start=\"779\" data-end=\"831\">\n<p data-start=\"781\" data-end=\"831\"><strong data-start=\"781\" data-end=\"790\">Aroma<\/strong>: Erdig, mit Noten von Holz und Humus<\/p>\n<\/li>\n<li data-start=\"832\" data-end=\"900\">\n<p data-start=\"834\" data-end=\"900\"><strong data-start=\"834\" data-end=\"843\">Geschmack<\/strong>: Weich, voll, mit einem warmen, anhaltenden Nachgeschmack<\/p>\n<\/li>\n<li data-start=\"901\" data-end=\"959\">\n<p data-start=\"903\" data-end=\"959\"><strong data-start=\"903\" data-end=\"917\">Nachgeschmack<\/strong>: Sauber, einh\u00fcllend und leicht s\u00fc\u00df<\/p>\n<\/li>\n<\/ul>\n<hr data-start=\"961\" data-end=\"964\">\n<h3 data-start=\"966\" data-end=\"991\">\ud83c\udf31 <strong data-start=\"973\" data-end=\"988\">Zutaten<\/strong>:<\/h3>\n<ul data-start=\"992\" data-end=\"1046\">\n<li data-start=\"992\" data-end=\"1019\">\n<p data-start=\"994\" data-end=\"1019\">100% nat\u00fcrlicher Pu Erh Tee<\/p>\n<\/li>\n<li data-start=\"1020\" data-end=\"1046\">\n<p data-start=\"1022\" data-end=\"1046\"><em data-start=\"1022\" data-end=\"1046\">Keine Aromen oder Zusatzstoffe<\/em><\/p>\n<\/li>\n<\/ul>\n<hr data-start=\"1048\" data-end=\"1051\">\n<h3 data-start=\"1053\" data-end=\"1091\">\ud83e\uded6 <strong data-start=\"1060\" data-end=\"1088\">Empfohlene Zubereitung<\/strong>:<\/h3>\n<ul data-start=\"1092\" data-end=\"1258\">\n<li data-start=\"1092\" data-end=\"1124\">\n<p data-start=\"1094\" data-end=\"1124\"><strong data-start=\"1094\" data-end=\"1106\">Menge<\/strong>: 2-3g pro Tasse<\/p>\n<\/li>\n<li data-start=\"1125\" data-end=\"1161\">\n<p data-start=\"1127\" data-end=\"1161\"><strong data-start=\"1127\" data-end=\"1153\">Wassertemperatur<\/strong>: 95\u00b0C<\/p>\n<\/li>\n<li data-start=\"1162\" data-end=\"1191\">\n<p data-start=\"1164\" data-end=\"1191\"><strong data-start=\"1164\" data-end=\"1177\">Infusion<\/strong>: 3-5 Minuten<\/p>\n<\/li>\n<li data-start=\"1192\" data-end=\"1258\">\n<p data-start=\"1194\" data-end=\"1258\">Hervorragend f\u00fcr mehrere Aufg\u00fcsse geeignet, um die verschiedenen Nuancen zu verst\u00e4rken<\/p>\n<\/li>\n<\/ul>\n<hr data-start=\"1260\" data-end=\"1263\">\n","protected":false},"excerpt":{"rendered":"<p>\ud83c\udf42\ud83c\udf3f Pu Erh (Nat\u00fcrlich) &#8211; 100g Chinas tausendj\u00e4hriger fermentierter Tee, reich an Tradition und Charakter. Pu Erh ist ein fermentierter Schwarztee aus der Region Yunnan, der f\u00fcr seinen tiefen, erdigen und umh\u00fcllenden Geschmack bekannt ist. Durch den langen nat\u00fcrlichen Fermentationsprozess entwickelt er ein intensives Aroma und einen weichen, aber kr\u00e4ftigen Geschmack mit leichten Noten von [&hellip;]<\/p>\n","protected":false},"featured_media":30556,"template":"","meta":{"_et_pb_use_builder":"","_et_pb_old_content":"","_et_gb_content_width":""},"product_brand":[],"product_cat":[92],"product_tag":[],"class_list":{"0":"post-30852","1":"product","2":"type-product","3":"status-publish","4":"has-post-thumbnail","6":"product_cat-chinesische-tees","8":"first","9":"instock","10":"shipping-taxable","11":"purchasable","12":"product-type-simple"},"yoast_head":"<!-- This site is optimized with the Yoast SEO plugin v27.4 - https:\/\/yoast.com\/product\/yoast-seo-wordpress\/ -->\n<title>Pu Erh (Nat\u00fcrlich) 100g - Erboristeria Artemisia<\/title>\n<meta name=\"robots\" content=\"index, follow, max-snippet:-1, max-image-preview:large, max-video-preview:-1\" \/>\n<link rel=\"canonical\" href=\"https:\/\/erboristeria-artemisia.ch\/de\/produkt\/pu-erh-natuerlich-100g\/\" \/>\n<meta property=\"og:locale\" content=\"de_DE\" \/>\n<meta property=\"og:type\" content=\"article\" \/>\n<meta property=\"og:title\" content=\"Pu Erh (Nat\u00fcrlich) 100g - Erboristeria Artemisia\" \/>\n<meta property=\"og:description\" content=\"\ud83c\udf42\ud83c\udf3f Pu Erh (Nat\u00fcrlich) &#8211; 100g Chinas tausendj\u00e4hriger fermentierter Tee, reich an Tradition und Charakter. Pu Erh ist ein fermentierter Schwarztee aus der Region Yunnan, der f\u00fcr seinen tiefen, erdigen und umh\u00fcllenden Geschmack bekannt ist. Durch den langen nat\u00fcrlichen Fermentationsprozess entwickelt er ein intensives Aroma und einen weichen, aber kr\u00e4ftigen Geschmack mit leichten Noten von [&hellip;]\" \/>\n<meta property=\"og:url\" content=\"https:\/\/erboristeria-artemisia.ch\/de\/produkt\/pu-erh-natuerlich-100g\/\" \/>\n<meta property=\"og:site_name\" content=\"Erboristeria Artemisia\" \/>\n<meta property=\"article:modified_time\" content=\"2025-09-25T14:26:02+00:00\" \/>\n<meta property=\"og:image\" content=\"https:\/\/erboristeria-artemisia.ch\/wp-content\/uploads\/2025\/09\/Pu-Ert.jpg\" \/>\n\t<meta property=\"og:image:width\" content=\"2000\" \/>\n\t<meta property=\"og:image:height\" content=\"2000\" \/>\n\t<meta property=\"og:image:type\" content=\"image\/jpeg\" \/>\n<meta name=\"twitter:card\" content=\"summary_large_image\" \/>\n<meta name=\"twitter:label1\" content=\"Gesch\u00e4tzte Lesezeit\" \/>\n\t<meta name=\"twitter:data1\" content=\"1\u00a0Minute\" \/>\n<script type=\"application\/ld+json\" class=\"yoast-schema-graph\">{\"@context\":\"https:\\\/\\\/schema.org\",\"@graph\":[{\"@type\":\"WebPage\",\"@id\":\"https:\\\/\\\/erboristeria-artemisia.ch\\\/de\\\/produkt\\\/pu-erh-natuerlich-100g\\\/\",\"url\":\"https:\\\/\\\/erboristeria-artemisia.ch\\\/de\\\/produkt\\\/pu-erh-natuerlich-100g\\\/\",\"name\":\"Pu Erh (Nat\u00fcrlich) 100g - Erboristeria Artemisia\",\"isPartOf\":{\"@id\":\"https:\\\/\\\/erboristeria-artemisia.ch\\\/de\\\/#website\"},\"primaryImageOfPage\":{\"@id\":\"https:\\\/\\\/erboristeria-artemisia.ch\\\/de\\\/produkt\\\/pu-erh-natuerlich-100g\\\/#primaryimage\"},\"image\":{\"@id\":\"https:\\\/\\\/erboristeria-artemisia.ch\\\/de\\\/produkt\\\/pu-erh-natuerlich-100g\\\/#primaryimage\"},\"thumbnailUrl\":\"https:\\\/\\\/erboristeria-artemisia.ch\\\/wp-content\\\/uploads\\\/2025\\\/09\\\/Pu-Ert.jpg\",\"datePublished\":\"2025-09-17T20:01:23+00:00\",\"dateModified\":\"2025-09-25T14:26:02+00:00\",\"breadcrumb\":{\"@id\":\"https:\\\/\\\/erboristeria-artemisia.ch\\\/de\\\/produkt\\\/pu-erh-natuerlich-100g\\\/#breadcrumb\"},\"inLanguage\":\"de\",\"potentialAction\":[{\"@type\":\"ReadAction\",\"target\":[\"https:\\\/\\\/erboristeria-artemisia.ch\\\/de\\\/produkt\\\/pu-erh-natuerlich-100g\\\/\"]}]},{\"@type\":\"ImageObject\",\"inLanguage\":\"de\",\"@id\":\"https:\\\/\\\/erboristeria-artemisia.ch\\\/de\\\/produkt\\\/pu-erh-natuerlich-100g\\\/#primaryimage\",\"url\":\"https:\\\/\\\/erboristeria-artemisia.ch\\\/wp-content\\\/uploads\\\/2025\\\/09\\\/Pu-Ert.jpg\",\"contentUrl\":\"https:\\\/\\\/erboristeria-artemisia.ch\\\/wp-content\\\/uploads\\\/2025\\\/09\\\/Pu-Ert.jpg\",\"width\":2000,\"height\":2000},{\"@type\":\"BreadcrumbList\",\"@id\":\"https:\\\/\\\/erboristeria-artemisia.ch\\\/de\\\/produkt\\\/pu-erh-natuerlich-100g\\\/#breadcrumb\",\"itemListElement\":[{\"@type\":\"ListItem\",\"position\":1,\"name\":\"Home\",\"item\":\"https:\\\/\\\/erboristeria-artemisia.ch\\\/de\\\/startseite\\\/\"},{\"@type\":\"ListItem\",\"position\":2,\"name\":\"Shop4\",\"item\":\"https:\\\/\\\/erboristeria-artemisia.ch\\\/shop4\\\/\"},{\"@type\":\"ListItem\",\"position\":3,\"name\":\"Pu Erh (Nat\u00fcrlich) 100g\"}]},{\"@type\":\"WebSite\",\"@id\":\"https:\\\/\\\/erboristeria-artemisia.ch\\\/de\\\/#website\",\"url\":\"https:\\\/\\\/erboristeria-artemisia.ch\\\/de\\\/\",\"name\":\"Erboristeria Artemisia\",\"description\":\"Ogni sorso \u00e8 un momento per te\",\"potentialAction\":[{\"@type\":\"SearchAction\",\"target\":{\"@type\":\"EntryPoint\",\"urlTemplate\":\"https:\\\/\\\/erboristeria-artemisia.ch\\\/de\\\/?s={search_term_string}\"},\"query-input\":{\"@type\":\"PropertyValueSpecification\",\"valueRequired\":true,\"valueName\":\"search_term_string\"}}],\"inLanguage\":\"de\"}]}<\/script>\n<!-- \/ Yoast SEO plugin. -->","yoast_head_json":{"title":"Pu Erh (Nat\u00fcrlich) 100g - Erboristeria Artemisia","robots":{"index":"index","follow":"follow","max-snippet":"max-snippet:-1","max-image-preview":"max-image-preview:large","max-video-preview":"max-video-preview:-1"},"canonical":"https:\/\/erboristeria-artemisia.ch\/de\/produkt\/pu-erh-natuerlich-100g\/","og_locale":"de_DE","og_type":"article","og_title":"Pu Erh (Nat\u00fcrlich) 100g - Erboristeria Artemisia","og_description":"\ud83c\udf42\ud83c\udf3f Pu Erh (Nat\u00fcrlich) &#8211; 100g Chinas tausendj\u00e4hriger fermentierter Tee, reich an Tradition und Charakter. Pu Erh ist ein fermentierter Schwarztee aus der Region Yunnan, der f\u00fcr seinen tiefen, erdigen und umh\u00fcllenden Geschmack bekannt ist. Durch den langen nat\u00fcrlichen Fermentationsprozess entwickelt er ein intensives Aroma und einen weichen, aber kr\u00e4ftigen Geschmack mit leichten Noten von [&hellip;]","og_url":"https:\/\/erboristeria-artemisia.ch\/de\/produkt\/pu-erh-natuerlich-100g\/","og_site_name":"Erboristeria Artemisia","article_modified_time":"2025-09-25T14:26:02+00:00","og_image":[{"width":2000,"height":2000,"url":"https:\/\/erboristeria-artemisia.ch\/wp-content\/uploads\/2025\/09\/Pu-Ert.jpg","type":"image\/jpeg"}],"twitter_card":"summary_large_image","twitter_misc":{"Gesch\u00e4tzte Lesezeit":"1\u00a0Minute"},"schema":{"@context":"https:\/\/schema.org","@graph":[{"@type":"WebPage","@id":"https:\/\/erboristeria-artemisia.ch\/de\/produkt\/pu-erh-natuerlich-100g\/","url":"https:\/\/erboristeria-artemisia.ch\/de\/produkt\/pu-erh-natuerlich-100g\/","name":"Pu Erh (Nat\u00fcrlich) 100g - Erboristeria Artemisia","isPartOf":{"@id":"https:\/\/erboristeria-artemisia.ch\/de\/#website"},"primaryImageOfPage":{"@id":"https:\/\/erboristeria-artemisia.ch\/de\/produkt\/pu-erh-natuerlich-100g\/#primaryimage"},"image":{"@id":"https:\/\/erboristeria-artemisia.ch\/de\/produkt\/pu-erh-natuerlich-100g\/#primaryimage"},"thumbnailUrl":"https:\/\/erboristeria-artemisia.ch\/wp-content\/uploads\/2025\/09\/Pu-Ert.jpg","datePublished":"2025-09-17T20:01:23+00:00","dateModified":"2025-09-25T14:26:02+00:00","breadcrumb":{"@id":"https:\/\/erboristeria-artemisia.ch\/de\/produkt\/pu-erh-natuerlich-100g\/#breadcrumb"},"inLanguage":"de","potentialAction":[{"@type":"ReadAction","target":["https:\/\/erboristeria-artemisia.ch\/de\/produkt\/pu-erh-natuerlich-100g\/"]}]},{"@type":"ImageObject","inLanguage":"de","@id":"https:\/\/erboristeria-artemisia.ch\/de\/produkt\/pu-erh-natuerlich-100g\/#primaryimage","url":"https:\/\/erboristeria-artemisia.ch\/wp-content\/uploads\/2025\/09\/Pu-Ert.jpg","contentUrl":"https:\/\/erboristeria-artemisia.ch\/wp-content\/uploads\/2025\/09\/Pu-Ert.jpg","width":2000,"height":2000},{"@type":"BreadcrumbList","@id":"https:\/\/erboristeria-artemisia.ch\/de\/produkt\/pu-erh-natuerlich-100g\/#breadcrumb","itemListElement":[{"@type":"ListItem","position":1,"name":"Home","item":"https:\/\/erboristeria-artemisia.ch\/de\/startseite\/"},{"@type":"ListItem","position":2,"name":"Shop4","item":"https:\/\/erboristeria-artemisia.ch\/shop4\/"},{"@type":"ListItem","position":3,"name":"Pu Erh (Nat\u00fcrlich) 100g"}]},{"@type":"WebSite","@id":"https:\/\/erboristeria-artemisia.ch\/de\/#website","url":"https:\/\/erboristeria-artemisia.ch\/de\/","name":"Erboristeria Artemisia","description":"Ogni sorso \u00e8 un momento per te","potentialAction":[{"@type":"SearchAction","target":{"@type":"EntryPoint","urlTemplate":"https:\/\/erboristeria-artemisia.ch\/de\/?s={search_term_string}"},"query-input":{"@type":"PropertyValueSpecification","valueRequired":true,"valueName":"search_term_string"}}],"inLanguage":"de"}]}},"_links":{"self":[{"href":"https:\/\/erboristeria-artemisia.ch\/de\/wp-json\/wp\/v2\/product\/30852","targetHints":{"allow":["GET"]}}],"collection":[{"href":"https:\/\/erboristeria-artemisia.ch\/de\/wp-json\/wp\/v2\/product"}],"about":[{"href":"https:\/\/erboristeria-artemisia.ch\/de\/wp-json\/wp\/v2\/types\/product"}],"wp:featuredmedia":[{"embeddable":true,"href":"https:\/\/erboristeria-artemisia.ch\/de\/wp-json\/wp\/v2\/media\/30556"}],"wp:attachment":[{"href":"https:\/\/erboristeria-artemisia.ch\/de\/wp-json\/wp\/v2\/media?parent=30852"}],"wp:term":[{"taxonomy":"product_brand","embeddable":true,"href":"https:\/\/erboristeria-artemisia.ch\/de\/wp-json\/wp\/v2\/product_brand?post=30852"},{"taxonomy":"product_cat","embeddable":true,"href":"https:\/\/erboristeria-artemisia.ch\/de\/wp-json\/wp\/v2\/product_cat?post=30852"},{"taxonomy":"product_tag","embeddable":true,"href":"https:\/\/erboristeria-artemisia.ch\/de\/wp-json\/wp\/v2\/product_tag?post=30852"}],"curies":[{"name":"wp","href":"https:\/\/api.w.org\/{rel}","templated":true}]}}