{"id":30854,"date":"2025-09-23T20:43:46","date_gmt":"2025-09-23T18:43:46","guid":{"rendered":"https:\/\/erboristeria-artemisia.ch\/product\/100-natuerliches-zitronengras\/"},"modified":"2025-09-25T16:26:03","modified_gmt":"2025-09-25T14:26:03","slug":"100-natuerliches-zitronengras","status":"publish","type":"product","link":"https:\/\/erboristeria-artemisia.ch\/de\/produkt\/100-natuerliches-zitronengras\/","title":{"rendered":"100% nat\u00fcrliches Zitronengras"},"content":{"rendered":"<h3 data-start=\"211\" data-end=\"256\">\ud83d\udd6f\ufe0f Zitronengras Weihrauch 100% Nat\u00fcrlich<\/h3>\n<p data-start=\"257\" data-end=\"288\">Frisch, zitrusartig und reinigend.<\/p>\n<p data-start=\"290\" data-end=\"571\">Dieses R\u00e4ucherst\u00e4bchen aus nat\u00fcrlichen, chemiefreien Zutaten verstr\u00f6mt einen lebendigen, erfrischenden Duft, der ideal ist, um die Umgebung zu reinigen, negative Energien zu vertreiben und die Konzentration zu f\u00f6rdern.<br data-start=\"510\" data-end=\"513\">Auch als nat\u00fcrlicher M\u00fcckenschutz geeignet.<\/p>\n<p data-start=\"290\" data-end=\"571\">10 St\u00f6cke 20cm lang<\/p>\n<p data-start=\"290\" data-end=\"571\">Verbrennungszeit ca. 30 Min.<\/p>\n<p data-start=\"573\" data-end=\"678\">\u2705 Handgefertigt<br data-start=\"587\" data-end=\"590\">\u2705 Frei von Giftstoffen und synthetischen Parf\u00fcmen<br data-start=\"626\" data-end=\"629\">\u2705 Ideal f\u00fcr Meditation, Yoga oder t\u00e4gliche Entspannung<\/p>\n<p data-start=\"573\" data-end=\"678\">\n","protected":false},"excerpt":{"rendered":"<p>\ud83d\udd6f\ufe0f Zitronengras Weihrauch 100% Nat\u00fcrlich Frisch, zitrusartig und reinigend. Dieses R\u00e4ucherst\u00e4bchen aus nat\u00fcrlichen, chemiefreien Zutaten verstr\u00f6mt einen lebendigen, erfrischenden Duft, der ideal ist, um die Umgebung zu reinigen, negative Energien zu vertreiben und die Konzentration zu f\u00f6rdern.Auch als nat\u00fcrlicher M\u00fcckenschutz geeignet. 10 St\u00f6cke 20cm lang Verbrennungszeit ca. 30 Min. \u2705 Handgefertigt\u2705 Frei von Giftstoffen und [&hellip;]<\/p>\n","protected":false},"featured_media":30565,"template":"","meta":{"_et_pb_use_builder":"","_et_pb_old_content":"","_et_gb_content_width":""},"product_brand":[],"product_cat":[86],"product_tag":[],"class_list":{"0":"post-30854","1":"product","2":"type-product","3":"status-publish","4":"has-post-thumbnail","6":"product_cat-essstabchen","8":"first","9":"instock","10":"shipping-taxable","11":"purchasable","12":"product-type-simple"},"yoast_head":"<!-- This site is optimized with the Yoast SEO plugin v27.4 - https:\/\/yoast.com\/product\/yoast-seo-wordpress\/ -->\n<title>100% nat\u00fcrliches Zitronengras - Erboristeria Artemisia<\/title>\n<meta name=\"robots\" content=\"index, follow, max-snippet:-1, max-image-preview:large, max-video-preview:-1\" \/>\n<link rel=\"canonical\" href=\"https:\/\/erboristeria-artemisia.ch\/de\/produkt\/100-natuerliches-zitronengras\/\" \/>\n<meta property=\"og:locale\" content=\"de_DE\" \/>\n<meta property=\"og:type\" content=\"article\" \/>\n<meta property=\"og:title\" content=\"100% nat\u00fcrliches Zitronengras - Erboristeria Artemisia\" \/>\n<meta property=\"og:description\" content=\"\ud83d\udd6f\ufe0f Zitronengras Weihrauch 100% Nat\u00fcrlich Frisch, zitrusartig und reinigend. Dieses R\u00e4ucherst\u00e4bchen aus nat\u00fcrlichen, chemiefreien Zutaten verstr\u00f6mt einen lebendigen, erfrischenden Duft, der ideal ist, um die Umgebung zu reinigen, negative Energien zu vertreiben und die Konzentration zu f\u00f6rdern.Auch als nat\u00fcrlicher M\u00fcckenschutz geeignet. 10 St\u00f6cke 20cm lang Verbrennungszeit ca. 30 Min. \u2705 Handgefertigt\u2705 Frei von Giftstoffen und [&hellip;]\" \/>\n<meta property=\"og:url\" content=\"https:\/\/erboristeria-artemisia.ch\/de\/produkt\/100-natuerliches-zitronengras\/\" \/>\n<meta property=\"og:site_name\" content=\"Erboristeria Artemisia\" \/>\n<meta property=\"article:modified_time\" content=\"2025-09-25T14:26:03+00:00\" \/>\n<meta property=\"og:image\" content=\"https:\/\/erboristeria-artemisia.ch\/wp-content\/uploads\/2025\/09\/Lemongrass.jpg\" \/>\n\t<meta property=\"og:image:width\" content=\"2000\" \/>\n\t<meta property=\"og:image:height\" content=\"2000\" \/>\n\t<meta property=\"og:image:type\" content=\"image\/jpeg\" \/>\n<meta name=\"twitter:card\" content=\"summary_large_image\" \/>\n<script type=\"application\/ld+json\" class=\"yoast-schema-graph\">{\"@context\":\"https:\\\/\\\/schema.org\",\"@graph\":[{\"@type\":\"WebPage\",\"@id\":\"https:\\\/\\\/erboristeria-artemisia.ch\\\/de\\\/produkt\\\/100-natuerliches-zitronengras\\\/\",\"url\":\"https:\\\/\\\/erboristeria-artemisia.ch\\\/de\\\/produkt\\\/100-natuerliches-zitronengras\\\/\",\"name\":\"100% nat\u00fcrliches Zitronengras - Erboristeria Artemisia\",\"isPartOf\":{\"@id\":\"https:\\\/\\\/erboristeria-artemisia.ch\\\/de\\\/#website\"},\"primaryImageOfPage\":{\"@id\":\"https:\\\/\\\/erboristeria-artemisia.ch\\\/de\\\/produkt\\\/100-natuerliches-zitronengras\\\/#primaryimage\"},\"image\":{\"@id\":\"https:\\\/\\\/erboristeria-artemisia.ch\\\/de\\\/produkt\\\/100-natuerliches-zitronengras\\\/#primaryimage\"},\"thumbnailUrl\":\"https:\\\/\\\/erboristeria-artemisia.ch\\\/wp-content\\\/uploads\\\/2025\\\/09\\\/Lemongrass.jpg\",\"datePublished\":\"2025-09-23T18:43:46+00:00\",\"dateModified\":\"2025-09-25T14:26:03+00:00\",\"breadcrumb\":{\"@id\":\"https:\\\/\\\/erboristeria-artemisia.ch\\\/de\\\/produkt\\\/100-natuerliches-zitronengras\\\/#breadcrumb\"},\"inLanguage\":\"de\",\"potentialAction\":[{\"@type\":\"ReadAction\",\"target\":[\"https:\\\/\\\/erboristeria-artemisia.ch\\\/de\\\/produkt\\\/100-natuerliches-zitronengras\\\/\"]}]},{\"@type\":\"ImageObject\",\"inLanguage\":\"de\",\"@id\":\"https:\\\/\\\/erboristeria-artemisia.ch\\\/de\\\/produkt\\\/100-natuerliches-zitronengras\\\/#primaryimage\",\"url\":\"https:\\\/\\\/erboristeria-artemisia.ch\\\/wp-content\\\/uploads\\\/2025\\\/09\\\/Lemongrass.jpg\",\"contentUrl\":\"https:\\\/\\\/erboristeria-artemisia.ch\\\/wp-content\\\/uploads\\\/2025\\\/09\\\/Lemongrass.jpg\",\"width\":2000,\"height\":2000},{\"@type\":\"BreadcrumbList\",\"@id\":\"https:\\\/\\\/erboristeria-artemisia.ch\\\/de\\\/produkt\\\/100-natuerliches-zitronengras\\\/#breadcrumb\",\"itemListElement\":[{\"@type\":\"ListItem\",\"position\":1,\"name\":\"Home\",\"item\":\"https:\\\/\\\/erboristeria-artemisia.ch\\\/de\\\/startseite\\\/\"},{\"@type\":\"ListItem\",\"position\":2,\"name\":\"Shop4\",\"item\":\"https:\\\/\\\/erboristeria-artemisia.ch\\\/shop4\\\/\"},{\"@type\":\"ListItem\",\"position\":3,\"name\":\"100% nat\u00fcrliches Zitronengras\"}]},{\"@type\":\"WebSite\",\"@id\":\"https:\\\/\\\/erboristeria-artemisia.ch\\\/de\\\/#website\",\"url\":\"https:\\\/\\\/erboristeria-artemisia.ch\\\/de\\\/\",\"name\":\"Erboristeria Artemisia\",\"description\":\"Ogni sorso \u00e8 un momento per te\",\"potentialAction\":[{\"@type\":\"SearchAction\",\"target\":{\"@type\":\"EntryPoint\",\"urlTemplate\":\"https:\\\/\\\/erboristeria-artemisia.ch\\\/de\\\/?s={search_term_string}\"},\"query-input\":{\"@type\":\"PropertyValueSpecification\",\"valueRequired\":true,\"valueName\":\"search_term_string\"}}],\"inLanguage\":\"de\"}]}<\/script>\n<!-- \/ Yoast SEO plugin. -->","yoast_head_json":{"title":"100% nat\u00fcrliches Zitronengras - Erboristeria Artemisia","robots":{"index":"index","follow":"follow","max-snippet":"max-snippet:-1","max-image-preview":"max-image-preview:large","max-video-preview":"max-video-preview:-1"},"canonical":"https:\/\/erboristeria-artemisia.ch\/de\/produkt\/100-natuerliches-zitronengras\/","og_locale":"de_DE","og_type":"article","og_title":"100% nat\u00fcrliches Zitronengras - Erboristeria Artemisia","og_description":"\ud83d\udd6f\ufe0f Zitronengras Weihrauch 100% Nat\u00fcrlich Frisch, zitrusartig und reinigend. Dieses R\u00e4ucherst\u00e4bchen aus nat\u00fcrlichen, chemiefreien Zutaten verstr\u00f6mt einen lebendigen, erfrischenden Duft, der ideal ist, um die Umgebung zu reinigen, negative Energien zu vertreiben und die Konzentration zu f\u00f6rdern.Auch als nat\u00fcrlicher M\u00fcckenschutz geeignet. 10 St\u00f6cke 20cm lang Verbrennungszeit ca. 30 Min. \u2705 Handgefertigt\u2705 Frei von Giftstoffen und [&hellip;]","og_url":"https:\/\/erboristeria-artemisia.ch\/de\/produkt\/100-natuerliches-zitronengras\/","og_site_name":"Erboristeria Artemisia","article_modified_time":"2025-09-25T14:26:03+00:00","og_image":[{"width":2000,"height":2000,"url":"https:\/\/erboristeria-artemisia.ch\/wp-content\/uploads\/2025\/09\/Lemongrass.jpg","type":"image\/jpeg"}],"twitter_card":"summary_large_image","schema":{"@context":"https:\/\/schema.org","@graph":[{"@type":"WebPage","@id":"https:\/\/erboristeria-artemisia.ch\/de\/produkt\/100-natuerliches-zitronengras\/","url":"https:\/\/erboristeria-artemisia.ch\/de\/produkt\/100-natuerliches-zitronengras\/","name":"100% nat\u00fcrliches Zitronengras - Erboristeria Artemisia","isPartOf":{"@id":"https:\/\/erboristeria-artemisia.ch\/de\/#website"},"primaryImageOfPage":{"@id":"https:\/\/erboristeria-artemisia.ch\/de\/produkt\/100-natuerliches-zitronengras\/#primaryimage"},"image":{"@id":"https:\/\/erboristeria-artemisia.ch\/de\/produkt\/100-natuerliches-zitronengras\/#primaryimage"},"thumbnailUrl":"https:\/\/erboristeria-artemisia.ch\/wp-content\/uploads\/2025\/09\/Lemongrass.jpg","datePublished":"2025-09-23T18:43:46+00:00","dateModified":"2025-09-25T14:26:03+00:00","breadcrumb":{"@id":"https:\/\/erboristeria-artemisia.ch\/de\/produkt\/100-natuerliches-zitronengras\/#breadcrumb"},"inLanguage":"de","potentialAction":[{"@type":"ReadAction","target":["https:\/\/erboristeria-artemisia.ch\/de\/produkt\/100-natuerliches-zitronengras\/"]}]},{"@type":"ImageObject","inLanguage":"de","@id":"https:\/\/erboristeria-artemisia.ch\/de\/produkt\/100-natuerliches-zitronengras\/#primaryimage","url":"https:\/\/erboristeria-artemisia.ch\/wp-content\/uploads\/2025\/09\/Lemongrass.jpg","contentUrl":"https:\/\/erboristeria-artemisia.ch\/wp-content\/uploads\/2025\/09\/Lemongrass.jpg","width":2000,"height":2000},{"@type":"BreadcrumbList","@id":"https:\/\/erboristeria-artemisia.ch\/de\/produkt\/100-natuerliches-zitronengras\/#breadcrumb","itemListElement":[{"@type":"ListItem","position":1,"name":"Home","item":"https:\/\/erboristeria-artemisia.ch\/de\/startseite\/"},{"@type":"ListItem","position":2,"name":"Shop4","item":"https:\/\/erboristeria-artemisia.ch\/shop4\/"},{"@type":"ListItem","position":3,"name":"100% nat\u00fcrliches Zitronengras"}]},{"@type":"WebSite","@id":"https:\/\/erboristeria-artemisia.ch\/de\/#website","url":"https:\/\/erboristeria-artemisia.ch\/de\/","name":"Erboristeria Artemisia","description":"Ogni sorso \u00e8 un momento per te","potentialAction":[{"@type":"SearchAction","target":{"@type":"EntryPoint","urlTemplate":"https:\/\/erboristeria-artemisia.ch\/de\/?s={search_term_string}"},"query-input":{"@type":"PropertyValueSpecification","valueRequired":true,"valueName":"search_term_string"}}],"inLanguage":"de"}]}},"_links":{"self":[{"href":"https:\/\/erboristeria-artemisia.ch\/de\/wp-json\/wp\/v2\/product\/30854","targetHints":{"allow":["GET"]}}],"collection":[{"href":"https:\/\/erboristeria-artemisia.ch\/de\/wp-json\/wp\/v2\/product"}],"about":[{"href":"https:\/\/erboristeria-artemisia.ch\/de\/wp-json\/wp\/v2\/types\/product"}],"wp:featuredmedia":[{"embeddable":true,"href":"https:\/\/erboristeria-artemisia.ch\/de\/wp-json\/wp\/v2\/media\/30565"}],"wp:attachment":[{"href":"https:\/\/erboristeria-artemisia.ch\/de\/wp-json\/wp\/v2\/media?parent=30854"}],"wp:term":[{"taxonomy":"product_brand","embeddable":true,"href":"https:\/\/erboristeria-artemisia.ch\/de\/wp-json\/wp\/v2\/product_brand?post=30854"},{"taxonomy":"product_cat","embeddable":true,"href":"https:\/\/erboristeria-artemisia.ch\/de\/wp-json\/wp\/v2\/product_cat?post=30854"},{"taxonomy":"product_tag","embeddable":true,"href":"https:\/\/erboristeria-artemisia.ch\/de\/wp-json\/wp\/v2\/product_tag?post=30854"}],"curies":[{"name":"wp","href":"https:\/\/api.w.org\/{rel}","templated":true}]}}