{"id":30855,"date":"2025-09-23T21:44:58","date_gmt":"2025-09-23T19:44:58","guid":{"rendered":"https:\/\/erboristeria-artemisia.ch\/product\/palo-santo\/"},"modified":"2025-09-25T16:26:05","modified_gmt":"2025-09-25T14:26:05","slug":"palo-santo","status":"publish","type":"product","link":"https:\/\/erboristeria-artemisia.ch\/de\/produkt\/palo-santo\/","title":{"rendered":"Palo Santo"},"content":{"rendered":"<h3 data-start=\"165\" data-end=\"226\">\ud83d\udd25 R\u00e4ucherst\u00e4bchen &#8211; <strong data-start=\"196\" data-end=\"224\">Palo Santo 100% Nat\u00fcrlich<\/strong><\/h3>\n<p data-start=\"227\" data-end=\"272\"><strong data-start=\"227\" data-end=\"272\">Entschlackung, Erdung, heilige Energie<\/strong><\/p>\n<p data-start=\"274\" data-end=\"572\"><strong data-start=\"277\" data-end=\"291\">Palo Santo<\/strong>, in s\u00fcdamerikanischen Traditionen als &#8218;heiliges Holz&#8216; bekannt, verstr\u00f6mt einen warmen, balsamischen und umh\u00fcllenden Duft. Es wird seit Jahrhunderten verwendet, um R\u00e4ume zu reinigen, die Schwingungen zu erh\u00f6hen und die Meditation zu f\u00f6rdern. Es ist das ideale R\u00e4ucherwerk f\u00fcr alle, die nach tiefer Verbundenheit und Zentriertheit suchen. <\/p>\n<p data-start=\"574\" data-end=\"727\">Unsere St\u00e4bchen werden in Handarbeit aus <strong data-start=\"630\" data-end=\"660\">reinem Palo Santo Pulver<\/strong> hergestellt, ohne Zusatz von synthetischen Duftstoffen, Klebstoffen oder Chemikalien.<\/p>\n<p data-start=\"729\" data-end=\"757\">\u2728 <strong data-start=\"731\" data-end=\"754\">Die wichtigsten Vorteile<\/strong>:<\/p>\n<ul data-start=\"758\" data-end=\"936\">\n<li data-start=\"758\" data-end=\"801\">\n<p data-start=\"760\" data-end=\"801\">Reinigt die Umgebung von negativen Energien<\/p>\n<\/li>\n<li data-start=\"802\" data-end=\"844\">\n<p data-start=\"804\" data-end=\"844\">F\u00f6rdert die Konzentration und Meditation<\/p>\n<\/li>\n<li data-start=\"845\" data-end=\"896\">\n<p data-start=\"847\" data-end=\"896\">Warmes, holziges Aroma mit s\u00fc\u00dfen, harzigen Noten<\/p>\n<\/li>\n<li data-start=\"897\" data-end=\"936\">\n<p data-start=\"899\" data-end=\"936\">Ideal f\u00fcr Rituale, Yoga, Achtsamkeit<\/p>\n<\/li>\n<\/ul>\n<p data-start=\"938\" data-end=\"1073\">\ud83d\udce6 <strong data-start=\"941\" data-end=\"954\">Inhalt<\/strong>: 10 St\u00e4bchen<br data-start=\"969\" data-end=\"972\">\ud83d\udccf <strong data-start=\"975\" data-end=\"988\">L\u00e4nge<\/strong>: 20 cm<br data-start=\"995\" data-end=\"998\">\ud83d\udd25 <strong data-start=\"1001\" data-end=\"1025\">Brenndauer<\/strong>: ca. 30 Minuten<br data-start=\"1042\" data-end=\"1045\">\ud83c\udf3f 100% nat\u00fcrliche Zutaten<\/p>\n<hr data-start=\"1075\" data-end=\"1078\">\n<p data-start=\"1080\" data-end=\"1130\">\n","protected":false},"excerpt":{"rendered":"<p>\ud83d\udd25 R\u00e4ucherst\u00e4bchen &#8211; Palo Santo 100% Nat\u00fcrlich Entschlackung, Erdung, heilige Energie Palo Santo, in s\u00fcdamerikanischen Traditionen als &#8218;heiliges Holz&#8216; bekannt, verstr\u00f6mt einen warmen, balsamischen und umh\u00fcllenden Duft. Es wird seit Jahrhunderten verwendet, um R\u00e4ume zu reinigen, die Schwingungen zu erh\u00f6hen und die Meditation zu f\u00f6rdern. Es ist das ideale R\u00e4ucherwerk f\u00fcr alle, die nach tiefer [&hellip;]<\/p>\n","protected":false},"featured_media":30585,"template":"","meta":{"_et_pb_use_builder":"","_et_pb_old_content":"","_et_gb_content_width":""},"product_brand":[],"product_cat":[86],"product_tag":[],"class_list":{"0":"post-30855","1":"product","2":"type-product","3":"status-publish","4":"has-post-thumbnail","6":"product_cat-essstabchen","8":"first","9":"instock","10":"shipping-taxable","11":"purchasable","12":"product-type-simple"},"yoast_head":"<!-- This site is optimized with the Yoast SEO plugin v27.4 - https:\/\/yoast.com\/product\/yoast-seo-wordpress\/ -->\n<title>Palo Santo - Erboristeria Artemisia<\/title>\n<meta name=\"robots\" content=\"index, follow, max-snippet:-1, max-image-preview:large, max-video-preview:-1\" \/>\n<link rel=\"canonical\" href=\"https:\/\/erboristeria-artemisia.ch\/de\/produkt\/palo-santo\/\" \/>\n<meta property=\"og:locale\" content=\"de_DE\" \/>\n<meta property=\"og:type\" content=\"article\" \/>\n<meta property=\"og:title\" content=\"Palo Santo - Erboristeria Artemisia\" \/>\n<meta property=\"og:description\" content=\"\ud83d\udd25 R\u00e4ucherst\u00e4bchen &#8211; Palo Santo 100% Nat\u00fcrlich Entschlackung, Erdung, heilige Energie Palo Santo, in s\u00fcdamerikanischen Traditionen als &#8218;heiliges Holz&#8216; bekannt, verstr\u00f6mt einen warmen, balsamischen und umh\u00fcllenden Duft. Es wird seit Jahrhunderten verwendet, um R\u00e4ume zu reinigen, die Schwingungen zu erh\u00f6hen und die Meditation zu f\u00f6rdern. Es ist das ideale R\u00e4ucherwerk f\u00fcr alle, die nach tiefer [&hellip;]\" \/>\n<meta property=\"og:url\" content=\"https:\/\/erboristeria-artemisia.ch\/de\/produkt\/palo-santo\/\" \/>\n<meta property=\"og:site_name\" content=\"Erboristeria Artemisia\" \/>\n<meta property=\"article:modified_time\" content=\"2025-09-25T14:26:05+00:00\" \/>\n<meta property=\"og:image\" content=\"https:\/\/erboristeria-artemisia.ch\/wp-content\/uploads\/2025\/09\/Heiliges-Holz.jpg\" \/>\n\t<meta property=\"og:image:width\" content=\"2000\" \/>\n\t<meta property=\"og:image:height\" content=\"2000\" \/>\n\t<meta property=\"og:image:type\" content=\"image\/jpeg\" \/>\n<meta name=\"twitter:card\" content=\"summary_large_image\" \/>\n<meta name=\"twitter:label1\" content=\"Gesch\u00e4tzte Lesezeit\" \/>\n\t<meta name=\"twitter:data1\" content=\"1\u00a0Minute\" \/>\n<script type=\"application\/ld+json\" class=\"yoast-schema-graph\">{\"@context\":\"https:\\\/\\\/schema.org\",\"@graph\":[{\"@type\":\"WebPage\",\"@id\":\"https:\\\/\\\/erboristeria-artemisia.ch\\\/de\\\/produkt\\\/palo-santo\\\/\",\"url\":\"https:\\\/\\\/erboristeria-artemisia.ch\\\/de\\\/produkt\\\/palo-santo\\\/\",\"name\":\"Palo Santo - Erboristeria Artemisia\",\"isPartOf\":{\"@id\":\"https:\\\/\\\/erboristeria-artemisia.ch\\\/de\\\/#website\"},\"primaryImageOfPage\":{\"@id\":\"https:\\\/\\\/erboristeria-artemisia.ch\\\/de\\\/produkt\\\/palo-santo\\\/#primaryimage\"},\"image\":{\"@id\":\"https:\\\/\\\/erboristeria-artemisia.ch\\\/de\\\/produkt\\\/palo-santo\\\/#primaryimage\"},\"thumbnailUrl\":\"https:\\\/\\\/erboristeria-artemisia.ch\\\/wp-content\\\/uploads\\\/2025\\\/09\\\/Heiliges-Holz.jpg\",\"datePublished\":\"2025-09-23T19:44:58+00:00\",\"dateModified\":\"2025-09-25T14:26:05+00:00\",\"breadcrumb\":{\"@id\":\"https:\\\/\\\/erboristeria-artemisia.ch\\\/de\\\/produkt\\\/palo-santo\\\/#breadcrumb\"},\"inLanguage\":\"de\",\"potentialAction\":[{\"@type\":\"ReadAction\",\"target\":[\"https:\\\/\\\/erboristeria-artemisia.ch\\\/de\\\/produkt\\\/palo-santo\\\/\"]}]},{\"@type\":\"ImageObject\",\"inLanguage\":\"de\",\"@id\":\"https:\\\/\\\/erboristeria-artemisia.ch\\\/de\\\/produkt\\\/palo-santo\\\/#primaryimage\",\"url\":\"https:\\\/\\\/erboristeria-artemisia.ch\\\/wp-content\\\/uploads\\\/2025\\\/09\\\/Heiliges-Holz.jpg\",\"contentUrl\":\"https:\\\/\\\/erboristeria-artemisia.ch\\\/wp-content\\\/uploads\\\/2025\\\/09\\\/Heiliges-Holz.jpg\",\"width\":2000,\"height\":2000},{\"@type\":\"BreadcrumbList\",\"@id\":\"https:\\\/\\\/erboristeria-artemisia.ch\\\/de\\\/produkt\\\/palo-santo\\\/#breadcrumb\",\"itemListElement\":[{\"@type\":\"ListItem\",\"position\":1,\"name\":\"Home\",\"item\":\"https:\\\/\\\/erboristeria-artemisia.ch\\\/de\\\/startseite\\\/\"},{\"@type\":\"ListItem\",\"position\":2,\"name\":\"Shop4\",\"item\":\"https:\\\/\\\/erboristeria-artemisia.ch\\\/shop4\\\/\"},{\"@type\":\"ListItem\",\"position\":3,\"name\":\"Palo Santo\"}]},{\"@type\":\"WebSite\",\"@id\":\"https:\\\/\\\/erboristeria-artemisia.ch\\\/de\\\/#website\",\"url\":\"https:\\\/\\\/erboristeria-artemisia.ch\\\/de\\\/\",\"name\":\"Erboristeria Artemisia\",\"description\":\"Ogni sorso \u00e8 un momento per te\",\"potentialAction\":[{\"@type\":\"SearchAction\",\"target\":{\"@type\":\"EntryPoint\",\"urlTemplate\":\"https:\\\/\\\/erboristeria-artemisia.ch\\\/de\\\/?s={search_term_string}\"},\"query-input\":{\"@type\":\"PropertyValueSpecification\",\"valueRequired\":true,\"valueName\":\"search_term_string\"}}],\"inLanguage\":\"de\"}]}<\/script>\n<!-- \/ Yoast SEO plugin. -->","yoast_head_json":{"title":"Palo Santo - Erboristeria Artemisia","robots":{"index":"index","follow":"follow","max-snippet":"max-snippet:-1","max-image-preview":"max-image-preview:large","max-video-preview":"max-video-preview:-1"},"canonical":"https:\/\/erboristeria-artemisia.ch\/de\/produkt\/palo-santo\/","og_locale":"de_DE","og_type":"article","og_title":"Palo Santo - Erboristeria Artemisia","og_description":"\ud83d\udd25 R\u00e4ucherst\u00e4bchen &#8211; Palo Santo 100% Nat\u00fcrlich Entschlackung, Erdung, heilige Energie Palo Santo, in s\u00fcdamerikanischen Traditionen als &#8218;heiliges Holz&#8216; bekannt, verstr\u00f6mt einen warmen, balsamischen und umh\u00fcllenden Duft. Es wird seit Jahrhunderten verwendet, um R\u00e4ume zu reinigen, die Schwingungen zu erh\u00f6hen und die Meditation zu f\u00f6rdern. Es ist das ideale R\u00e4ucherwerk f\u00fcr alle, die nach tiefer [&hellip;]","og_url":"https:\/\/erboristeria-artemisia.ch\/de\/produkt\/palo-santo\/","og_site_name":"Erboristeria Artemisia","article_modified_time":"2025-09-25T14:26:05+00:00","og_image":[{"width":2000,"height":2000,"url":"https:\/\/erboristeria-artemisia.ch\/wp-content\/uploads\/2025\/09\/Heiliges-Holz.jpg","type":"image\/jpeg"}],"twitter_card":"summary_large_image","twitter_misc":{"Gesch\u00e4tzte Lesezeit":"1\u00a0Minute"},"schema":{"@context":"https:\/\/schema.org","@graph":[{"@type":"WebPage","@id":"https:\/\/erboristeria-artemisia.ch\/de\/produkt\/palo-santo\/","url":"https:\/\/erboristeria-artemisia.ch\/de\/produkt\/palo-santo\/","name":"Palo Santo - Erboristeria Artemisia","isPartOf":{"@id":"https:\/\/erboristeria-artemisia.ch\/de\/#website"},"primaryImageOfPage":{"@id":"https:\/\/erboristeria-artemisia.ch\/de\/produkt\/palo-santo\/#primaryimage"},"image":{"@id":"https:\/\/erboristeria-artemisia.ch\/de\/produkt\/palo-santo\/#primaryimage"},"thumbnailUrl":"https:\/\/erboristeria-artemisia.ch\/wp-content\/uploads\/2025\/09\/Heiliges-Holz.jpg","datePublished":"2025-09-23T19:44:58+00:00","dateModified":"2025-09-25T14:26:05+00:00","breadcrumb":{"@id":"https:\/\/erboristeria-artemisia.ch\/de\/produkt\/palo-santo\/#breadcrumb"},"inLanguage":"de","potentialAction":[{"@type":"ReadAction","target":["https:\/\/erboristeria-artemisia.ch\/de\/produkt\/palo-santo\/"]}]},{"@type":"ImageObject","inLanguage":"de","@id":"https:\/\/erboristeria-artemisia.ch\/de\/produkt\/palo-santo\/#primaryimage","url":"https:\/\/erboristeria-artemisia.ch\/wp-content\/uploads\/2025\/09\/Heiliges-Holz.jpg","contentUrl":"https:\/\/erboristeria-artemisia.ch\/wp-content\/uploads\/2025\/09\/Heiliges-Holz.jpg","width":2000,"height":2000},{"@type":"BreadcrumbList","@id":"https:\/\/erboristeria-artemisia.ch\/de\/produkt\/palo-santo\/#breadcrumb","itemListElement":[{"@type":"ListItem","position":1,"name":"Home","item":"https:\/\/erboristeria-artemisia.ch\/de\/startseite\/"},{"@type":"ListItem","position":2,"name":"Shop4","item":"https:\/\/erboristeria-artemisia.ch\/shop4\/"},{"@type":"ListItem","position":3,"name":"Palo Santo"}]},{"@type":"WebSite","@id":"https:\/\/erboristeria-artemisia.ch\/de\/#website","url":"https:\/\/erboristeria-artemisia.ch\/de\/","name":"Erboristeria Artemisia","description":"Ogni sorso \u00e8 un momento per te","potentialAction":[{"@type":"SearchAction","target":{"@type":"EntryPoint","urlTemplate":"https:\/\/erboristeria-artemisia.ch\/de\/?s={search_term_string}"},"query-input":{"@type":"PropertyValueSpecification","valueRequired":true,"valueName":"search_term_string"}}],"inLanguage":"de"}]}},"_links":{"self":[{"href":"https:\/\/erboristeria-artemisia.ch\/de\/wp-json\/wp\/v2\/product\/30855","targetHints":{"allow":["GET"]}}],"collection":[{"href":"https:\/\/erboristeria-artemisia.ch\/de\/wp-json\/wp\/v2\/product"}],"about":[{"href":"https:\/\/erboristeria-artemisia.ch\/de\/wp-json\/wp\/v2\/types\/product"}],"wp:featuredmedia":[{"embeddable":true,"href":"https:\/\/erboristeria-artemisia.ch\/de\/wp-json\/wp\/v2\/media\/30585"}],"wp:attachment":[{"href":"https:\/\/erboristeria-artemisia.ch\/de\/wp-json\/wp\/v2\/media?parent=30855"}],"wp:term":[{"taxonomy":"product_brand","embeddable":true,"href":"https:\/\/erboristeria-artemisia.ch\/de\/wp-json\/wp\/v2\/product_brand?post=30855"},{"taxonomy":"product_cat","embeddable":true,"href":"https:\/\/erboristeria-artemisia.ch\/de\/wp-json\/wp\/v2\/product_cat?post=30855"},{"taxonomy":"product_tag","embeddable":true,"href":"https:\/\/erboristeria-artemisia.ch\/de\/wp-json\/wp\/v2\/product_tag?post=30855"}],"curies":[{"name":"wp","href":"https:\/\/api.w.org\/{rel}","templated":true}]}}