{"id":30856,"date":"2025-09-23T20:57:44","date_gmt":"2025-09-23T18:57:44","guid":{"rendered":"https:\/\/erboristeria-artemisia.ch\/product\/sommerlinie\/"},"modified":"2025-09-25T16:26:05","modified_gmt":"2025-09-25T14:26:05","slug":"sommerlinie","status":"publish","type":"product","link":"https:\/\/erboristeria-artemisia.ch\/de\/produkt\/sommerlinie\/","title":{"rendered":"Sommerlinie"},"content":{"rendered":"<h3 data-start=\"192\" data-end=\"237\">\ud83c\udf1e R\u00e4ucherst\u00e4bchen &#8211; Summer Line<\/h3>\n<p data-start=\"238\" data-end=\"277\"><strong data-start=\"238\" data-end=\"277\">Parf\u00fcm: Zitronengras 100% nat\u00fcrlich<\/strong><\/p>\n<p data-start=\"279\" data-end=\"527\">Genie\u00dfen Sie den frischen, zitrusartigen Duft von Zitronengras, ideal f\u00fcr Sommertage. Unsere handgefertigten R\u00e4ucherst\u00e4bchen aus nat\u00fcrlichen Zutaten bringen Energie, Leichtigkeit und ein Gef\u00fchl von Sauberkeit in jeden Raum. <\/p>\n<p data-start=\"290\" data-end=\"571\">10 St\u00f6cke 20cm lang<\/p>\n<p data-start=\"290\" data-end=\"571\">Verbrennungszeit ca. 30 Min.<\/p>\n<p data-start=\"529\" data-end=\"545\">\u2728 <strong data-start=\"531\" data-end=\"543\">Vorteile<\/strong><\/p>\n<ul data-start=\"546\" data-end=\"747\">\n<li data-start=\"546\" data-end=\"585\">\n<p data-start=\"548\" data-end=\"585\">Erfrischendes und belebendes Aroma<\/p>\n<\/li>\n<li data-start=\"586\" data-end=\"630\">\n<p data-start=\"588\" data-end=\"630\">H\u00e4lt Insekten und Stechm\u00fccken fern<\/p>\n<\/li>\n<li data-start=\"631\" data-end=\"684\">\n<p data-start=\"633\" data-end=\"684\">Perfekt f\u00fcr Momente der Entspannung, Meditation oder Yoga<\/p>\n<\/li>\n<li data-start=\"685\" data-end=\"747\">\n<p data-start=\"687\" data-end=\"747\">Formel ohne Chemikalien, Holzkohle oder synthetische Duftstoffe<\/p>\n<\/li>\n<\/ul>\n<p data-start=\"749\" data-end=\"854\">\ud83c\udf3f <strong data-start=\"752\" data-end=\"768\">Sommer-Linie<\/strong>: f\u00fcr alle, die im Sommer Wohlbefinden, Frische und Nat\u00fcrlichkeit suchen.<\/p>\n","protected":false},"excerpt":{"rendered":"<p>\ud83c\udf1e R\u00e4ucherst\u00e4bchen &#8211; Summer Line Parf\u00fcm: Zitronengras 100% nat\u00fcrlich Genie\u00dfen Sie den frischen, zitrusartigen Duft von Zitronengras, ideal f\u00fcr Sommertage. Unsere handgefertigten R\u00e4ucherst\u00e4bchen aus nat\u00fcrlichen Zutaten bringen Energie, Leichtigkeit und ein Gef\u00fchl von Sauberkeit in jeden Raum. 10 St\u00f6cke 20cm lang Verbrennungszeit ca. 30 Min. \u2728 Vorteile Erfrischendes und belebendes Aroma H\u00e4lt Insekten und Stechm\u00fccken [&hellip;]<\/p>\n","protected":false},"featured_media":30568,"template":"","meta":{"_et_pb_use_builder":"","_et_pb_old_content":"","_et_gb_content_width":""},"product_brand":[],"product_cat":[86],"product_tag":[],"class_list":{"0":"post-30856","1":"product","2":"type-product","3":"status-publish","4":"has-post-thumbnail","6":"product_cat-essstabchen","8":"first","9":"instock","10":"shipping-taxable","11":"purchasable","12":"product-type-simple"},"yoast_head":"<!-- This site is optimized with the Yoast SEO plugin v27.4 - https:\/\/yoast.com\/product\/yoast-seo-wordpress\/ -->\n<title>Sommerlinie - Erboristeria Artemisia<\/title>\n<meta name=\"robots\" content=\"index, follow, max-snippet:-1, max-image-preview:large, max-video-preview:-1\" \/>\n<link rel=\"canonical\" href=\"https:\/\/erboristeria-artemisia.ch\/de\/produkt\/sommerlinie\/\" \/>\n<meta property=\"og:locale\" content=\"de_DE\" \/>\n<meta property=\"og:type\" content=\"article\" \/>\n<meta property=\"og:title\" content=\"Sommerlinie - Erboristeria Artemisia\" \/>\n<meta property=\"og:description\" content=\"\ud83c\udf1e R\u00e4ucherst\u00e4bchen &#8211; Summer Line Parf\u00fcm: Zitronengras 100% nat\u00fcrlich Genie\u00dfen Sie den frischen, zitrusartigen Duft von Zitronengras, ideal f\u00fcr Sommertage. Unsere handgefertigten R\u00e4ucherst\u00e4bchen aus nat\u00fcrlichen Zutaten bringen Energie, Leichtigkeit und ein Gef\u00fchl von Sauberkeit in jeden Raum. 10 St\u00f6cke 20cm lang Verbrennungszeit ca. 30 Min. \u2728 Vorteile Erfrischendes und belebendes Aroma H\u00e4lt Insekten und Stechm\u00fccken [&hellip;]\" \/>\n<meta property=\"og:url\" content=\"https:\/\/erboristeria-artemisia.ch\/de\/produkt\/sommerlinie\/\" \/>\n<meta property=\"og:site_name\" content=\"Erboristeria Artemisia\" \/>\n<meta property=\"article:modified_time\" content=\"2025-09-25T14:26:05+00:00\" \/>\n<meta property=\"og:image\" content=\"https:\/\/erboristeria-artemisia.ch\/wp-content\/uploads\/2025\/09\/Linea-estate.jpg\" \/>\n\t<meta property=\"og:image:width\" content=\"2000\" \/>\n\t<meta property=\"og:image:height\" content=\"2000\" \/>\n\t<meta property=\"og:image:type\" content=\"image\/jpeg\" \/>\n<meta name=\"twitter:card\" content=\"summary_large_image\" \/>\n<script type=\"application\/ld+json\" class=\"yoast-schema-graph\">{\"@context\":\"https:\\\/\\\/schema.org\",\"@graph\":[{\"@type\":\"WebPage\",\"@id\":\"https:\\\/\\\/erboristeria-artemisia.ch\\\/de\\\/produkt\\\/sommerlinie\\\/\",\"url\":\"https:\\\/\\\/erboristeria-artemisia.ch\\\/de\\\/produkt\\\/sommerlinie\\\/\",\"name\":\"Sommerlinie - Erboristeria Artemisia\",\"isPartOf\":{\"@id\":\"https:\\\/\\\/erboristeria-artemisia.ch\\\/de\\\/#website\"},\"primaryImageOfPage\":{\"@id\":\"https:\\\/\\\/erboristeria-artemisia.ch\\\/de\\\/produkt\\\/sommerlinie\\\/#primaryimage\"},\"image\":{\"@id\":\"https:\\\/\\\/erboristeria-artemisia.ch\\\/de\\\/produkt\\\/sommerlinie\\\/#primaryimage\"},\"thumbnailUrl\":\"https:\\\/\\\/erboristeria-artemisia.ch\\\/wp-content\\\/uploads\\\/2025\\\/09\\\/Linea-estate.jpg\",\"datePublished\":\"2025-09-23T18:57:44+00:00\",\"dateModified\":\"2025-09-25T14:26:05+00:00\",\"breadcrumb\":{\"@id\":\"https:\\\/\\\/erboristeria-artemisia.ch\\\/de\\\/produkt\\\/sommerlinie\\\/#breadcrumb\"},\"inLanguage\":\"de\",\"potentialAction\":[{\"@type\":\"ReadAction\",\"target\":[\"https:\\\/\\\/erboristeria-artemisia.ch\\\/de\\\/produkt\\\/sommerlinie\\\/\"]}]},{\"@type\":\"ImageObject\",\"inLanguage\":\"de\",\"@id\":\"https:\\\/\\\/erboristeria-artemisia.ch\\\/de\\\/produkt\\\/sommerlinie\\\/#primaryimage\",\"url\":\"https:\\\/\\\/erboristeria-artemisia.ch\\\/wp-content\\\/uploads\\\/2025\\\/09\\\/Linea-estate.jpg\",\"contentUrl\":\"https:\\\/\\\/erboristeria-artemisia.ch\\\/wp-content\\\/uploads\\\/2025\\\/09\\\/Linea-estate.jpg\",\"width\":2000,\"height\":2000},{\"@type\":\"BreadcrumbList\",\"@id\":\"https:\\\/\\\/erboristeria-artemisia.ch\\\/de\\\/produkt\\\/sommerlinie\\\/#breadcrumb\",\"itemListElement\":[{\"@type\":\"ListItem\",\"position\":1,\"name\":\"Home\",\"item\":\"https:\\\/\\\/erboristeria-artemisia.ch\\\/de\\\/startseite\\\/\"},{\"@type\":\"ListItem\",\"position\":2,\"name\":\"Shop4\",\"item\":\"https:\\\/\\\/erboristeria-artemisia.ch\\\/shop4\\\/\"},{\"@type\":\"ListItem\",\"position\":3,\"name\":\"Sommerlinie\"}]},{\"@type\":\"WebSite\",\"@id\":\"https:\\\/\\\/erboristeria-artemisia.ch\\\/de\\\/#website\",\"url\":\"https:\\\/\\\/erboristeria-artemisia.ch\\\/de\\\/\",\"name\":\"Erboristeria Artemisia\",\"description\":\"Ogni sorso \u00e8 un momento per te\",\"potentialAction\":[{\"@type\":\"SearchAction\",\"target\":{\"@type\":\"EntryPoint\",\"urlTemplate\":\"https:\\\/\\\/erboristeria-artemisia.ch\\\/de\\\/?s={search_term_string}\"},\"query-input\":{\"@type\":\"PropertyValueSpecification\",\"valueRequired\":true,\"valueName\":\"search_term_string\"}}],\"inLanguage\":\"de\"}]}<\/script>\n<!-- \/ Yoast SEO plugin. -->","yoast_head_json":{"title":"Sommerlinie - Erboristeria Artemisia","robots":{"index":"index","follow":"follow","max-snippet":"max-snippet:-1","max-image-preview":"max-image-preview:large","max-video-preview":"max-video-preview:-1"},"canonical":"https:\/\/erboristeria-artemisia.ch\/de\/produkt\/sommerlinie\/","og_locale":"de_DE","og_type":"article","og_title":"Sommerlinie - Erboristeria Artemisia","og_description":"\ud83c\udf1e R\u00e4ucherst\u00e4bchen &#8211; Summer Line Parf\u00fcm: Zitronengras 100% nat\u00fcrlich Genie\u00dfen Sie den frischen, zitrusartigen Duft von Zitronengras, ideal f\u00fcr Sommertage. Unsere handgefertigten R\u00e4ucherst\u00e4bchen aus nat\u00fcrlichen Zutaten bringen Energie, Leichtigkeit und ein Gef\u00fchl von Sauberkeit in jeden Raum. 10 St\u00f6cke 20cm lang Verbrennungszeit ca. 30 Min. \u2728 Vorteile Erfrischendes und belebendes Aroma H\u00e4lt Insekten und Stechm\u00fccken [&hellip;]","og_url":"https:\/\/erboristeria-artemisia.ch\/de\/produkt\/sommerlinie\/","og_site_name":"Erboristeria Artemisia","article_modified_time":"2025-09-25T14:26:05+00:00","og_image":[{"width":2000,"height":2000,"url":"https:\/\/erboristeria-artemisia.ch\/wp-content\/uploads\/2025\/09\/Linea-estate.jpg","type":"image\/jpeg"}],"twitter_card":"summary_large_image","schema":{"@context":"https:\/\/schema.org","@graph":[{"@type":"WebPage","@id":"https:\/\/erboristeria-artemisia.ch\/de\/produkt\/sommerlinie\/","url":"https:\/\/erboristeria-artemisia.ch\/de\/produkt\/sommerlinie\/","name":"Sommerlinie - Erboristeria Artemisia","isPartOf":{"@id":"https:\/\/erboristeria-artemisia.ch\/de\/#website"},"primaryImageOfPage":{"@id":"https:\/\/erboristeria-artemisia.ch\/de\/produkt\/sommerlinie\/#primaryimage"},"image":{"@id":"https:\/\/erboristeria-artemisia.ch\/de\/produkt\/sommerlinie\/#primaryimage"},"thumbnailUrl":"https:\/\/erboristeria-artemisia.ch\/wp-content\/uploads\/2025\/09\/Linea-estate.jpg","datePublished":"2025-09-23T18:57:44+00:00","dateModified":"2025-09-25T14:26:05+00:00","breadcrumb":{"@id":"https:\/\/erboristeria-artemisia.ch\/de\/produkt\/sommerlinie\/#breadcrumb"},"inLanguage":"de","potentialAction":[{"@type":"ReadAction","target":["https:\/\/erboristeria-artemisia.ch\/de\/produkt\/sommerlinie\/"]}]},{"@type":"ImageObject","inLanguage":"de","@id":"https:\/\/erboristeria-artemisia.ch\/de\/produkt\/sommerlinie\/#primaryimage","url":"https:\/\/erboristeria-artemisia.ch\/wp-content\/uploads\/2025\/09\/Linea-estate.jpg","contentUrl":"https:\/\/erboristeria-artemisia.ch\/wp-content\/uploads\/2025\/09\/Linea-estate.jpg","width":2000,"height":2000},{"@type":"BreadcrumbList","@id":"https:\/\/erboristeria-artemisia.ch\/de\/produkt\/sommerlinie\/#breadcrumb","itemListElement":[{"@type":"ListItem","position":1,"name":"Home","item":"https:\/\/erboristeria-artemisia.ch\/de\/startseite\/"},{"@type":"ListItem","position":2,"name":"Shop4","item":"https:\/\/erboristeria-artemisia.ch\/shop4\/"},{"@type":"ListItem","position":3,"name":"Sommerlinie"}]},{"@type":"WebSite","@id":"https:\/\/erboristeria-artemisia.ch\/de\/#website","url":"https:\/\/erboristeria-artemisia.ch\/de\/","name":"Erboristeria Artemisia","description":"Ogni sorso \u00e8 un momento per te","potentialAction":[{"@type":"SearchAction","target":{"@type":"EntryPoint","urlTemplate":"https:\/\/erboristeria-artemisia.ch\/de\/?s={search_term_string}"},"query-input":{"@type":"PropertyValueSpecification","valueRequired":true,"valueName":"search_term_string"}}],"inLanguage":"de"}]}},"_links":{"self":[{"href":"https:\/\/erboristeria-artemisia.ch\/de\/wp-json\/wp\/v2\/product\/30856","targetHints":{"allow":["GET"]}}],"collection":[{"href":"https:\/\/erboristeria-artemisia.ch\/de\/wp-json\/wp\/v2\/product"}],"about":[{"href":"https:\/\/erboristeria-artemisia.ch\/de\/wp-json\/wp\/v2\/types\/product"}],"wp:featuredmedia":[{"embeddable":true,"href":"https:\/\/erboristeria-artemisia.ch\/de\/wp-json\/wp\/v2\/media\/30568"}],"wp:attachment":[{"href":"https:\/\/erboristeria-artemisia.ch\/de\/wp-json\/wp\/v2\/media?parent=30856"}],"wp:term":[{"taxonomy":"product_brand","embeddable":true,"href":"https:\/\/erboristeria-artemisia.ch\/de\/wp-json\/wp\/v2\/product_brand?post=30856"},{"taxonomy":"product_cat","embeddable":true,"href":"https:\/\/erboristeria-artemisia.ch\/de\/wp-json\/wp\/v2\/product_cat?post=30856"},{"taxonomy":"product_tag","embeddable":true,"href":"https:\/\/erboristeria-artemisia.ch\/de\/wp-json\/wp\/v2\/product_tag?post=30856"}],"curies":[{"name":"wp","href":"https:\/\/api.w.org\/{rel}","templated":true}]}}