{"id":30857,"date":"2025-09-23T21:48:18","date_gmt":"2025-09-23T19:48:18","guid":{"rendered":"https:\/\/erboristeria-artemisia.ch\/product\/gute-nacht\/"},"modified":"2025-09-25T16:26:06","modified_gmt":"2025-09-25T14:26:06","slug":"gute-nacht","status":"publish","type":"product","link":"https:\/\/erboristeria-artemisia.ch\/de\/produkt\/gute-nacht\/","title":{"rendered":"Gute Nacht"},"content":{"rendered":"<h3 data-start=\"222\" data-end=\"270\">\ud83c\udf19 R\u00e4ucherst\u00e4bchen &#8211; <strong data-start=\"253\" data-end=\"268\">Gute Nacht<\/strong><\/h3>\n<p data-start=\"271\" data-end=\"308\"><strong data-start=\"271\" data-end=\"308\">Entspannt die Sinne, bereitet auf den Schlaf vor<\/strong><\/p>\n<p data-start=\"310\" data-end=\"618\">Der zarte und umh\u00fcllende Duft der <strong data-start=\"371\" data-end=\"386\">Buona Notte<\/strong> R\u00e4ucherst\u00e4bchen soll Sie sanft in einen tiefen und erholsamen Schlaf begleiten. Eine 100% nat\u00fcrliche Mischung aus <strong data-start=\"495\" data-end=\"506\">Lavendel<\/strong>, <strong data-start=\"508\" data-end=\"521\">Maial Walnuss<\/strong> und leichten Noten von <strong data-start=\"540\" data-end=\"558\">beruhigenden H\u00f6lzern<\/strong>, ideal um eine Atmosph\u00e4re der Ruhe vor dem Schlaf zu schaffen. <\/p>\n<p data-start=\"620\" data-end=\"705\">Handgefertigt mit reinen Zutaten, ohne Chemikalien oder synthetische Duftstoffe.<\/p>\n<p data-start=\"707\" data-end=\"723\">\u2728 <strong data-start=\"709\" data-end=\"721\">Vorteile<\/strong><\/p>\n<ul data-start=\"724\" data-end=\"934\">\n<li data-start=\"724\" data-end=\"778\">\n<p data-start=\"726\" data-end=\"778\">F\u00f6rdert die Entspannung und geistige Erholung<\/p>\n<\/li>\n<li data-start=\"779\" data-end=\"820\">\n<p data-start=\"781\" data-end=\"820\">Schafft eine heitere und einladende Umgebung<\/p>\n<\/li>\n<li data-start=\"821\" data-end=\"888\">\n<p data-start=\"823\" data-end=\"888\">Perfekt f\u00fcr abendliche, n\u00e4chtliche Meditation oder ruhige Lekt\u00fcre<\/p>\n<\/li>\n<li data-start=\"889\" data-end=\"934\">\n<p data-start=\"891\" data-end=\"934\">S\u00fc\u00dfes, blumiges und leicht krautiges Aroma<\/p>\n<\/li>\n<\/ul>\n<p data-start=\"936\" data-end=\"1076\">\ud83d\udce6 <strong data-start=\"939\" data-end=\"952\">Inhalt<\/strong>: 10 Sticks<br data-start=\"967\" data-end=\"970\">\ud83d\udccf <strong data-start=\"973\" data-end=\"986\">L\u00e4nge<\/strong>: 20 cm<br data-start=\"993\" data-end=\"996\">\ud83d\udd25 <strong data-start=\"999\" data-end=\"1009\">Dauer<\/strong>: ca. 30 Minuten pro Stick<br data-start=\"1041\" data-end=\"1044\">\ud83c\udf3f 100% nat\u00fcrlich &#8211; giftfrei<\/p>\n","protected":false},"excerpt":{"rendered":"<p>\ud83c\udf19 R\u00e4ucherst\u00e4bchen &#8211; Gute Nacht Entspannt die Sinne, bereitet auf den Schlaf vor Der zarte und umh\u00fcllende Duft der Buona Notte R\u00e4ucherst\u00e4bchen soll Sie sanft in einen tiefen und erholsamen Schlaf begleiten. Eine 100% nat\u00fcrliche Mischung aus Lavendel, Maial Walnuss und leichten Noten von beruhigenden H\u00f6lzern, ideal um eine Atmosph\u00e4re der Ruhe vor dem Schlaf [&hellip;]<\/p>\n","protected":false},"featured_media":30588,"template":"","meta":{"_et_pb_use_builder":"","_et_pb_old_content":"","_et_gb_content_width":""},"product_brand":[],"product_cat":[86],"product_tag":[],"class_list":{"0":"post-30857","1":"product","2":"type-product","3":"status-publish","4":"has-post-thumbnail","6":"product_cat-essstabchen","8":"first","9":"instock","10":"shipping-taxable","11":"purchasable","12":"product-type-simple"},"yoast_head":"<!-- This site is optimized with the Yoast SEO plugin v27.4 - https:\/\/yoast.com\/product\/yoast-seo-wordpress\/ -->\n<title>Gute Nacht - Erboristeria Artemisia<\/title>\n<meta name=\"robots\" content=\"index, follow, max-snippet:-1, max-image-preview:large, max-video-preview:-1\" \/>\n<link rel=\"canonical\" href=\"https:\/\/erboristeria-artemisia.ch\/de\/produkt\/gute-nacht\/\" \/>\n<meta property=\"og:locale\" content=\"de_DE\" \/>\n<meta property=\"og:type\" content=\"article\" \/>\n<meta property=\"og:title\" content=\"Gute Nacht - Erboristeria Artemisia\" \/>\n<meta property=\"og:description\" content=\"\ud83c\udf19 R\u00e4ucherst\u00e4bchen &#8211; Gute Nacht Entspannt die Sinne, bereitet auf den Schlaf vor Der zarte und umh\u00fcllende Duft der Buona Notte R\u00e4ucherst\u00e4bchen soll Sie sanft in einen tiefen und erholsamen Schlaf begleiten. Eine 100% nat\u00fcrliche Mischung aus Lavendel, Maial Walnuss und leichten Noten von beruhigenden H\u00f6lzern, ideal um eine Atmosph\u00e4re der Ruhe vor dem Schlaf [&hellip;]\" \/>\n<meta property=\"og:url\" content=\"https:\/\/erboristeria-artemisia.ch\/de\/produkt\/gute-nacht\/\" \/>\n<meta property=\"og:site_name\" content=\"Erboristeria Artemisia\" \/>\n<meta property=\"article:modified_time\" content=\"2025-09-25T14:26:06+00:00\" \/>\n<meta property=\"og:image\" content=\"https:\/\/erboristeria-artemisia.ch\/wp-content\/uploads\/2025\/09\/Good-Night.jpg\" \/>\n\t<meta property=\"og:image:width\" content=\"2000\" \/>\n\t<meta property=\"og:image:height\" content=\"2000\" \/>\n\t<meta property=\"og:image:type\" content=\"image\/jpeg\" \/>\n<meta name=\"twitter:card\" content=\"summary_large_image\" \/>\n<meta name=\"twitter:label1\" content=\"Gesch\u00e4tzte Lesezeit\" \/>\n\t<meta name=\"twitter:data1\" content=\"1\u00a0Minute\" \/>\n<script type=\"application\/ld+json\" class=\"yoast-schema-graph\">{\"@context\":\"https:\\\/\\\/schema.org\",\"@graph\":[{\"@type\":\"WebPage\",\"@id\":\"https:\\\/\\\/erboristeria-artemisia.ch\\\/de\\\/produkt\\\/gute-nacht\\\/\",\"url\":\"https:\\\/\\\/erboristeria-artemisia.ch\\\/de\\\/produkt\\\/gute-nacht\\\/\",\"name\":\"Gute Nacht - Erboristeria Artemisia\",\"isPartOf\":{\"@id\":\"https:\\\/\\\/erboristeria-artemisia.ch\\\/de\\\/#website\"},\"primaryImageOfPage\":{\"@id\":\"https:\\\/\\\/erboristeria-artemisia.ch\\\/de\\\/produkt\\\/gute-nacht\\\/#primaryimage\"},\"image\":{\"@id\":\"https:\\\/\\\/erboristeria-artemisia.ch\\\/de\\\/produkt\\\/gute-nacht\\\/#primaryimage\"},\"thumbnailUrl\":\"https:\\\/\\\/erboristeria-artemisia.ch\\\/wp-content\\\/uploads\\\/2025\\\/09\\\/Good-Night.jpg\",\"datePublished\":\"2025-09-23T19:48:18+00:00\",\"dateModified\":\"2025-09-25T14:26:06+00:00\",\"breadcrumb\":{\"@id\":\"https:\\\/\\\/erboristeria-artemisia.ch\\\/de\\\/produkt\\\/gute-nacht\\\/#breadcrumb\"},\"inLanguage\":\"de\",\"potentialAction\":[{\"@type\":\"ReadAction\",\"target\":[\"https:\\\/\\\/erboristeria-artemisia.ch\\\/de\\\/produkt\\\/gute-nacht\\\/\"]}]},{\"@type\":\"ImageObject\",\"inLanguage\":\"de\",\"@id\":\"https:\\\/\\\/erboristeria-artemisia.ch\\\/de\\\/produkt\\\/gute-nacht\\\/#primaryimage\",\"url\":\"https:\\\/\\\/erboristeria-artemisia.ch\\\/wp-content\\\/uploads\\\/2025\\\/09\\\/Good-Night.jpg\",\"contentUrl\":\"https:\\\/\\\/erboristeria-artemisia.ch\\\/wp-content\\\/uploads\\\/2025\\\/09\\\/Good-Night.jpg\",\"width\":2000,\"height\":2000},{\"@type\":\"BreadcrumbList\",\"@id\":\"https:\\\/\\\/erboristeria-artemisia.ch\\\/de\\\/produkt\\\/gute-nacht\\\/#breadcrumb\",\"itemListElement\":[{\"@type\":\"ListItem\",\"position\":1,\"name\":\"Home\",\"item\":\"https:\\\/\\\/erboristeria-artemisia.ch\\\/de\\\/startseite\\\/\"},{\"@type\":\"ListItem\",\"position\":2,\"name\":\"Shop4\",\"item\":\"https:\\\/\\\/erboristeria-artemisia.ch\\\/shop4\\\/\"},{\"@type\":\"ListItem\",\"position\":3,\"name\":\"Gute Nacht\"}]},{\"@type\":\"WebSite\",\"@id\":\"https:\\\/\\\/erboristeria-artemisia.ch\\\/de\\\/#website\",\"url\":\"https:\\\/\\\/erboristeria-artemisia.ch\\\/de\\\/\",\"name\":\"Erboristeria Artemisia\",\"description\":\"Ogni sorso \u00e8 un momento per te\",\"potentialAction\":[{\"@type\":\"SearchAction\",\"target\":{\"@type\":\"EntryPoint\",\"urlTemplate\":\"https:\\\/\\\/erboristeria-artemisia.ch\\\/de\\\/?s={search_term_string}\"},\"query-input\":{\"@type\":\"PropertyValueSpecification\",\"valueRequired\":true,\"valueName\":\"search_term_string\"}}],\"inLanguage\":\"de\"}]}<\/script>\n<!-- \/ Yoast SEO plugin. -->","yoast_head_json":{"title":"Gute Nacht - Erboristeria Artemisia","robots":{"index":"index","follow":"follow","max-snippet":"max-snippet:-1","max-image-preview":"max-image-preview:large","max-video-preview":"max-video-preview:-1"},"canonical":"https:\/\/erboristeria-artemisia.ch\/de\/produkt\/gute-nacht\/","og_locale":"de_DE","og_type":"article","og_title":"Gute Nacht - Erboristeria Artemisia","og_description":"\ud83c\udf19 R\u00e4ucherst\u00e4bchen &#8211; Gute Nacht Entspannt die Sinne, bereitet auf den Schlaf vor Der zarte und umh\u00fcllende Duft der Buona Notte R\u00e4ucherst\u00e4bchen soll Sie sanft in einen tiefen und erholsamen Schlaf begleiten. Eine 100% nat\u00fcrliche Mischung aus Lavendel, Maial Walnuss und leichten Noten von beruhigenden H\u00f6lzern, ideal um eine Atmosph\u00e4re der Ruhe vor dem Schlaf [&hellip;]","og_url":"https:\/\/erboristeria-artemisia.ch\/de\/produkt\/gute-nacht\/","og_site_name":"Erboristeria Artemisia","article_modified_time":"2025-09-25T14:26:06+00:00","og_image":[{"width":2000,"height":2000,"url":"https:\/\/erboristeria-artemisia.ch\/wp-content\/uploads\/2025\/09\/Good-Night.jpg","type":"image\/jpeg"}],"twitter_card":"summary_large_image","twitter_misc":{"Gesch\u00e4tzte Lesezeit":"1\u00a0Minute"},"schema":{"@context":"https:\/\/schema.org","@graph":[{"@type":"WebPage","@id":"https:\/\/erboristeria-artemisia.ch\/de\/produkt\/gute-nacht\/","url":"https:\/\/erboristeria-artemisia.ch\/de\/produkt\/gute-nacht\/","name":"Gute Nacht - Erboristeria Artemisia","isPartOf":{"@id":"https:\/\/erboristeria-artemisia.ch\/de\/#website"},"primaryImageOfPage":{"@id":"https:\/\/erboristeria-artemisia.ch\/de\/produkt\/gute-nacht\/#primaryimage"},"image":{"@id":"https:\/\/erboristeria-artemisia.ch\/de\/produkt\/gute-nacht\/#primaryimage"},"thumbnailUrl":"https:\/\/erboristeria-artemisia.ch\/wp-content\/uploads\/2025\/09\/Good-Night.jpg","datePublished":"2025-09-23T19:48:18+00:00","dateModified":"2025-09-25T14:26:06+00:00","breadcrumb":{"@id":"https:\/\/erboristeria-artemisia.ch\/de\/produkt\/gute-nacht\/#breadcrumb"},"inLanguage":"de","potentialAction":[{"@type":"ReadAction","target":["https:\/\/erboristeria-artemisia.ch\/de\/produkt\/gute-nacht\/"]}]},{"@type":"ImageObject","inLanguage":"de","@id":"https:\/\/erboristeria-artemisia.ch\/de\/produkt\/gute-nacht\/#primaryimage","url":"https:\/\/erboristeria-artemisia.ch\/wp-content\/uploads\/2025\/09\/Good-Night.jpg","contentUrl":"https:\/\/erboristeria-artemisia.ch\/wp-content\/uploads\/2025\/09\/Good-Night.jpg","width":2000,"height":2000},{"@type":"BreadcrumbList","@id":"https:\/\/erboristeria-artemisia.ch\/de\/produkt\/gute-nacht\/#breadcrumb","itemListElement":[{"@type":"ListItem","position":1,"name":"Home","item":"https:\/\/erboristeria-artemisia.ch\/de\/startseite\/"},{"@type":"ListItem","position":2,"name":"Shop4","item":"https:\/\/erboristeria-artemisia.ch\/shop4\/"},{"@type":"ListItem","position":3,"name":"Gute Nacht"}]},{"@type":"WebSite","@id":"https:\/\/erboristeria-artemisia.ch\/de\/#website","url":"https:\/\/erboristeria-artemisia.ch\/de\/","name":"Erboristeria Artemisia","description":"Ogni sorso \u00e8 un momento per te","potentialAction":[{"@type":"SearchAction","target":{"@type":"EntryPoint","urlTemplate":"https:\/\/erboristeria-artemisia.ch\/de\/?s={search_term_string}"},"query-input":{"@type":"PropertyValueSpecification","valueRequired":true,"valueName":"search_term_string"}}],"inLanguage":"de"}]}},"_links":{"self":[{"href":"https:\/\/erboristeria-artemisia.ch\/de\/wp-json\/wp\/v2\/product\/30857","targetHints":{"allow":["GET"]}}],"collection":[{"href":"https:\/\/erboristeria-artemisia.ch\/de\/wp-json\/wp\/v2\/product"}],"about":[{"href":"https:\/\/erboristeria-artemisia.ch\/de\/wp-json\/wp\/v2\/types\/product"}],"wp:featuredmedia":[{"embeddable":true,"href":"https:\/\/erboristeria-artemisia.ch\/de\/wp-json\/wp\/v2\/media\/30588"}],"wp:attachment":[{"href":"https:\/\/erboristeria-artemisia.ch\/de\/wp-json\/wp\/v2\/media?parent=30857"}],"wp:term":[{"taxonomy":"product_brand","embeddable":true,"href":"https:\/\/erboristeria-artemisia.ch\/de\/wp-json\/wp\/v2\/product_brand?post=30857"},{"taxonomy":"product_cat","embeddable":true,"href":"https:\/\/erboristeria-artemisia.ch\/de\/wp-json\/wp\/v2\/product_cat?post=30857"},{"taxonomy":"product_tag","embeddable":true,"href":"https:\/\/erboristeria-artemisia.ch\/de\/wp-json\/wp\/v2\/product_tag?post=30857"}],"curies":[{"name":"wp","href":"https:\/\/api.w.org\/{rel}","templated":true}]}}