{"id":30859,"date":"2025-09-23T21:09:38","date_gmt":"2025-09-23T19:09:38","guid":{"rendered":"https:\/\/erboristeria-artemisia.ch\/product\/100-natuerlicher-lavendel\/"},"modified":"2025-09-25T16:26:07","modified_gmt":"2025-09-25T14:26:07","slug":"100-natuerlicher-lavendel","status":"publish","type":"product","link":"https:\/\/erboristeria-artemisia.ch\/de\/produkt\/100-natuerlicher-lavendel\/","title":{"rendered":"100% nat\u00fcrlicher Lavendel"},"content":{"rendered":"<h3 data-start=\"169\" data-end=\"227\">\ud83d\udc9c R\u00e4ucherst\u00e4bchen &#8211; <strong data-start=\"200\" data-end=\"225\">Lavendel 100% Nat\u00fcrlich<\/strong><\/h3>\n<p data-start=\"228\" data-end=\"266\"><strong data-start=\"228\" data-end=\"266\">Tiefe Entspannung und innere Harmonie<\/strong><\/p>\n<p data-start=\"268\" data-end=\"581\">Lassen Sie sich von dem umh\u00fcllenden und beruhigenden Duft des <strong data-start=\"325\" data-end=\"336\">Lavendels<\/strong> einlullen, einem zeitlosen Klassiker f\u00fcr alle, die Ruhe, Ausgeglichenheit und Wohlbefinden suchen.<br data-start=\"408\" data-end=\"411\">Handgefertigt aus 100% nat\u00fcrlichen Zutaten verbreiten diese St\u00e4bchen einen reinen und entspannenden Duft, ohne chemische Zus\u00e4tze oder synthetische Duftstoffe.<\/p>\n<div>\n<p>10 St\u00f6cke 20cm lang<\/p>\n<\/div>\n<div>\n<p data-start=\"290\" data-end=\"571\">Verbrennungszeit ca. 30 Minuten<\/p>\n<\/div>\n<p data-start=\"583\" data-end=\"602\">\u2728 <strong data-start=\"585\" data-end=\"600\">Ideal f\u00fcr:<\/strong><\/p>\n<ul data-start=\"603\" data-end=\"799\">\n<li data-start=\"603\" data-end=\"656\">\n<p data-start=\"605\" data-end=\"656\">Entspannung f\u00fcr K\u00f6rper und Geist nach einem anstrengenden Tag<\/p>\n<\/li>\n<li data-start=\"657\" data-end=\"698\">\n<p data-start=\"659\" data-end=\"698\">Den Schlaf f\u00f6rdern und Stress abbauen<\/p>\n<\/li>\n<li data-start=\"699\" data-end=\"764\">\n<p data-start=\"701\" data-end=\"764\">Schaffen Sie eine friedliche Umgebung f\u00fcr Yoga, Meditation oder Lesen<\/p>\n<\/li>\n<li data-start=\"765\" data-end=\"799\">\n<p data-start=\"767\" data-end=\"799\">R\u00e4ume nat\u00fcrlich parf\u00fcmieren<\/p>\n<\/li>\n<\/ul>\n","protected":false},"excerpt":{"rendered":"<p>\ud83d\udc9c R\u00e4ucherst\u00e4bchen &#8211; Lavendel 100% Nat\u00fcrlich Tiefe Entspannung und innere Harmonie Lassen Sie sich von dem umh\u00fcllenden und beruhigenden Duft des Lavendels einlullen, einem zeitlosen Klassiker f\u00fcr alle, die Ruhe, Ausgeglichenheit und Wohlbefinden suchen.Handgefertigt aus 100% nat\u00fcrlichen Zutaten verbreiten diese St\u00e4bchen einen reinen und entspannenden Duft, ohne chemische Zus\u00e4tze oder synthetische Duftstoffe. 10 St\u00f6cke 20cm [&hellip;]<\/p>\n","protected":false},"featured_media":30574,"template":"","meta":{"_et_pb_use_builder":"","_et_pb_old_content":"","_et_gb_content_width":""},"product_brand":[],"product_cat":[86],"product_tag":[],"class_list":{"0":"post-30859","1":"product","2":"type-product","3":"status-publish","4":"has-post-thumbnail","6":"product_cat-essstabchen","8":"first","9":"instock","10":"shipping-taxable","11":"purchasable","12":"product-type-simple"},"yoast_head":"<!-- This site is optimized with the Yoast SEO plugin v27.4 - https:\/\/yoast.com\/product\/yoast-seo-wordpress\/ -->\n<title>100% nat\u00fcrlicher Lavendel - Erboristeria Artemisia<\/title>\n<meta name=\"robots\" content=\"index, follow, max-snippet:-1, max-image-preview:large, max-video-preview:-1\" \/>\n<link rel=\"canonical\" href=\"https:\/\/erboristeria-artemisia.ch\/de\/produkt\/100-natuerlicher-lavendel\/\" \/>\n<meta property=\"og:locale\" content=\"de_DE\" \/>\n<meta property=\"og:type\" content=\"article\" \/>\n<meta property=\"og:title\" content=\"100% nat\u00fcrlicher Lavendel - Erboristeria Artemisia\" \/>\n<meta property=\"og:description\" content=\"\ud83d\udc9c R\u00e4ucherst\u00e4bchen &#8211; Lavendel 100% Nat\u00fcrlich Tiefe Entspannung und innere Harmonie Lassen Sie sich von dem umh\u00fcllenden und beruhigenden Duft des Lavendels einlullen, einem zeitlosen Klassiker f\u00fcr alle, die Ruhe, Ausgeglichenheit und Wohlbefinden suchen.Handgefertigt aus 100% nat\u00fcrlichen Zutaten verbreiten diese St\u00e4bchen einen reinen und entspannenden Duft, ohne chemische Zus\u00e4tze oder synthetische Duftstoffe. 10 St\u00f6cke 20cm [&hellip;]\" \/>\n<meta property=\"og:url\" content=\"https:\/\/erboristeria-artemisia.ch\/de\/produkt\/100-natuerlicher-lavendel\/\" \/>\n<meta property=\"og:site_name\" content=\"Erboristeria Artemisia\" \/>\n<meta property=\"article:modified_time\" content=\"2025-09-25T14:26:07+00:00\" \/>\n<meta property=\"og:image\" content=\"https:\/\/erboristeria-artemisia.ch\/wp-content\/uploads\/2025\/09\/Lavender.jpg\" \/>\n\t<meta property=\"og:image:width\" content=\"2000\" \/>\n\t<meta property=\"og:image:height\" content=\"2000\" \/>\n\t<meta property=\"og:image:type\" content=\"image\/jpeg\" \/>\n<meta name=\"twitter:card\" content=\"summary_large_image\" \/>\n<meta name=\"twitter:label1\" content=\"Gesch\u00e4tzte Lesezeit\" \/>\n\t<meta name=\"twitter:data1\" content=\"1\u00a0Minute\" \/>\n<script type=\"application\/ld+json\" class=\"yoast-schema-graph\">{\"@context\":\"https:\\\/\\\/schema.org\",\"@graph\":[{\"@type\":\"WebPage\",\"@id\":\"https:\\\/\\\/erboristeria-artemisia.ch\\\/de\\\/produkt\\\/100-natuerlicher-lavendel\\\/\",\"url\":\"https:\\\/\\\/erboristeria-artemisia.ch\\\/de\\\/produkt\\\/100-natuerlicher-lavendel\\\/\",\"name\":\"100% nat\u00fcrlicher Lavendel - Erboristeria Artemisia\",\"isPartOf\":{\"@id\":\"https:\\\/\\\/erboristeria-artemisia.ch\\\/de\\\/#website\"},\"primaryImageOfPage\":{\"@id\":\"https:\\\/\\\/erboristeria-artemisia.ch\\\/de\\\/produkt\\\/100-natuerlicher-lavendel\\\/#primaryimage\"},\"image\":{\"@id\":\"https:\\\/\\\/erboristeria-artemisia.ch\\\/de\\\/produkt\\\/100-natuerlicher-lavendel\\\/#primaryimage\"},\"thumbnailUrl\":\"https:\\\/\\\/erboristeria-artemisia.ch\\\/wp-content\\\/uploads\\\/2025\\\/09\\\/Lavender.jpg\",\"datePublished\":\"2025-09-23T19:09:38+00:00\",\"dateModified\":\"2025-09-25T14:26:07+00:00\",\"breadcrumb\":{\"@id\":\"https:\\\/\\\/erboristeria-artemisia.ch\\\/de\\\/produkt\\\/100-natuerlicher-lavendel\\\/#breadcrumb\"},\"inLanguage\":\"de\",\"potentialAction\":[{\"@type\":\"ReadAction\",\"target\":[\"https:\\\/\\\/erboristeria-artemisia.ch\\\/de\\\/produkt\\\/100-natuerlicher-lavendel\\\/\"]}]},{\"@type\":\"ImageObject\",\"inLanguage\":\"de\",\"@id\":\"https:\\\/\\\/erboristeria-artemisia.ch\\\/de\\\/produkt\\\/100-natuerlicher-lavendel\\\/#primaryimage\",\"url\":\"https:\\\/\\\/erboristeria-artemisia.ch\\\/wp-content\\\/uploads\\\/2025\\\/09\\\/Lavender.jpg\",\"contentUrl\":\"https:\\\/\\\/erboristeria-artemisia.ch\\\/wp-content\\\/uploads\\\/2025\\\/09\\\/Lavender.jpg\",\"width\":2000,\"height\":2000},{\"@type\":\"BreadcrumbList\",\"@id\":\"https:\\\/\\\/erboristeria-artemisia.ch\\\/de\\\/produkt\\\/100-natuerlicher-lavendel\\\/#breadcrumb\",\"itemListElement\":[{\"@type\":\"ListItem\",\"position\":1,\"name\":\"Home\",\"item\":\"https:\\\/\\\/erboristeria-artemisia.ch\\\/de\\\/startseite\\\/\"},{\"@type\":\"ListItem\",\"position\":2,\"name\":\"Shop4\",\"item\":\"https:\\\/\\\/erboristeria-artemisia.ch\\\/shop4\\\/\"},{\"@type\":\"ListItem\",\"position\":3,\"name\":\"100% nat\u00fcrlicher Lavendel\"}]},{\"@type\":\"WebSite\",\"@id\":\"https:\\\/\\\/erboristeria-artemisia.ch\\\/de\\\/#website\",\"url\":\"https:\\\/\\\/erboristeria-artemisia.ch\\\/de\\\/\",\"name\":\"Erboristeria Artemisia\",\"description\":\"Ogni sorso \u00e8 un momento per te\",\"potentialAction\":[{\"@type\":\"SearchAction\",\"target\":{\"@type\":\"EntryPoint\",\"urlTemplate\":\"https:\\\/\\\/erboristeria-artemisia.ch\\\/de\\\/?s={search_term_string}\"},\"query-input\":{\"@type\":\"PropertyValueSpecification\",\"valueRequired\":true,\"valueName\":\"search_term_string\"}}],\"inLanguage\":\"de\"}]}<\/script>\n<!-- \/ Yoast SEO plugin. -->","yoast_head_json":{"title":"100% nat\u00fcrlicher Lavendel - Erboristeria Artemisia","robots":{"index":"index","follow":"follow","max-snippet":"max-snippet:-1","max-image-preview":"max-image-preview:large","max-video-preview":"max-video-preview:-1"},"canonical":"https:\/\/erboristeria-artemisia.ch\/de\/produkt\/100-natuerlicher-lavendel\/","og_locale":"de_DE","og_type":"article","og_title":"100% nat\u00fcrlicher Lavendel - Erboristeria Artemisia","og_description":"\ud83d\udc9c R\u00e4ucherst\u00e4bchen &#8211; Lavendel 100% Nat\u00fcrlich Tiefe Entspannung und innere Harmonie Lassen Sie sich von dem umh\u00fcllenden und beruhigenden Duft des Lavendels einlullen, einem zeitlosen Klassiker f\u00fcr alle, die Ruhe, Ausgeglichenheit und Wohlbefinden suchen.Handgefertigt aus 100% nat\u00fcrlichen Zutaten verbreiten diese St\u00e4bchen einen reinen und entspannenden Duft, ohne chemische Zus\u00e4tze oder synthetische Duftstoffe. 10 St\u00f6cke 20cm [&hellip;]","og_url":"https:\/\/erboristeria-artemisia.ch\/de\/produkt\/100-natuerlicher-lavendel\/","og_site_name":"Erboristeria Artemisia","article_modified_time":"2025-09-25T14:26:07+00:00","og_image":[{"width":2000,"height":2000,"url":"https:\/\/erboristeria-artemisia.ch\/wp-content\/uploads\/2025\/09\/Lavender.jpg","type":"image\/jpeg"}],"twitter_card":"summary_large_image","twitter_misc":{"Gesch\u00e4tzte Lesezeit":"1\u00a0Minute"},"schema":{"@context":"https:\/\/schema.org","@graph":[{"@type":"WebPage","@id":"https:\/\/erboristeria-artemisia.ch\/de\/produkt\/100-natuerlicher-lavendel\/","url":"https:\/\/erboristeria-artemisia.ch\/de\/produkt\/100-natuerlicher-lavendel\/","name":"100% nat\u00fcrlicher Lavendel - Erboristeria Artemisia","isPartOf":{"@id":"https:\/\/erboristeria-artemisia.ch\/de\/#website"},"primaryImageOfPage":{"@id":"https:\/\/erboristeria-artemisia.ch\/de\/produkt\/100-natuerlicher-lavendel\/#primaryimage"},"image":{"@id":"https:\/\/erboristeria-artemisia.ch\/de\/produkt\/100-natuerlicher-lavendel\/#primaryimage"},"thumbnailUrl":"https:\/\/erboristeria-artemisia.ch\/wp-content\/uploads\/2025\/09\/Lavender.jpg","datePublished":"2025-09-23T19:09:38+00:00","dateModified":"2025-09-25T14:26:07+00:00","breadcrumb":{"@id":"https:\/\/erboristeria-artemisia.ch\/de\/produkt\/100-natuerlicher-lavendel\/#breadcrumb"},"inLanguage":"de","potentialAction":[{"@type":"ReadAction","target":["https:\/\/erboristeria-artemisia.ch\/de\/produkt\/100-natuerlicher-lavendel\/"]}]},{"@type":"ImageObject","inLanguage":"de","@id":"https:\/\/erboristeria-artemisia.ch\/de\/produkt\/100-natuerlicher-lavendel\/#primaryimage","url":"https:\/\/erboristeria-artemisia.ch\/wp-content\/uploads\/2025\/09\/Lavender.jpg","contentUrl":"https:\/\/erboristeria-artemisia.ch\/wp-content\/uploads\/2025\/09\/Lavender.jpg","width":2000,"height":2000},{"@type":"BreadcrumbList","@id":"https:\/\/erboristeria-artemisia.ch\/de\/produkt\/100-natuerlicher-lavendel\/#breadcrumb","itemListElement":[{"@type":"ListItem","position":1,"name":"Home","item":"https:\/\/erboristeria-artemisia.ch\/de\/startseite\/"},{"@type":"ListItem","position":2,"name":"Shop4","item":"https:\/\/erboristeria-artemisia.ch\/shop4\/"},{"@type":"ListItem","position":3,"name":"100% nat\u00fcrlicher Lavendel"}]},{"@type":"WebSite","@id":"https:\/\/erboristeria-artemisia.ch\/de\/#website","url":"https:\/\/erboristeria-artemisia.ch\/de\/","name":"Erboristeria Artemisia","description":"Ogni sorso \u00e8 un momento per te","potentialAction":[{"@type":"SearchAction","target":{"@type":"EntryPoint","urlTemplate":"https:\/\/erboristeria-artemisia.ch\/de\/?s={search_term_string}"},"query-input":{"@type":"PropertyValueSpecification","valueRequired":true,"valueName":"search_term_string"}}],"inLanguage":"de"}]}},"_links":{"self":[{"href":"https:\/\/erboristeria-artemisia.ch\/de\/wp-json\/wp\/v2\/product\/30859","targetHints":{"allow":["GET"]}}],"collection":[{"href":"https:\/\/erboristeria-artemisia.ch\/de\/wp-json\/wp\/v2\/product"}],"about":[{"href":"https:\/\/erboristeria-artemisia.ch\/de\/wp-json\/wp\/v2\/types\/product"}],"wp:featuredmedia":[{"embeddable":true,"href":"https:\/\/erboristeria-artemisia.ch\/de\/wp-json\/wp\/v2\/media\/30574"}],"wp:attachment":[{"href":"https:\/\/erboristeria-artemisia.ch\/de\/wp-json\/wp\/v2\/media?parent=30859"}],"wp:term":[{"taxonomy":"product_brand","embeddable":true,"href":"https:\/\/erboristeria-artemisia.ch\/de\/wp-json\/wp\/v2\/product_brand?post=30859"},{"taxonomy":"product_cat","embeddable":true,"href":"https:\/\/erboristeria-artemisia.ch\/de\/wp-json\/wp\/v2\/product_cat?post=30859"},{"taxonomy":"product_tag","embeddable":true,"href":"https:\/\/erboristeria-artemisia.ch\/de\/wp-json\/wp\/v2\/product_tag?post=30859"}],"curies":[{"name":"wp","href":"https:\/\/api.w.org\/{rel}","templated":true}]}}