{"id":30860,"date":"2025-09-23T21:49:59","date_gmt":"2025-09-23T19:49:59","guid":{"rendered":"https:\/\/erboristeria-artemisia.ch\/product\/goloka-nagchmpa-agarbathi-15g\/"},"modified":"2025-09-25T16:26:07","modified_gmt":"2025-09-25T14:26:07","slug":"goloka-nagchmpa-agarbathi-15g","status":"publish","type":"product","link":"https:\/\/erboristeria-artemisia.ch\/de\/produkt\/goloka-nagchmpa-agarbathi-15g\/","title":{"rendered":"Goloka Nagchmpa Agarbathi 15g"},"content":{"rendered":"<h3 data-start=\"122\" data-end=\"163\">\ud83d\udd49\ufe0f Goloka Nagchampa Agarbathi &#8211; 15 g<\/h3>\n<h4 data-start=\"165\" data-end=\"181\">Beschreibung<\/h4>\n<p data-start=\"182\" data-end=\"393\">Ein klassischer und beliebter indischer Weihrauch, hergestellt vom <strong data-start=\"231\" data-end=\"252\">Goloka Seva Trust<\/strong> in Bangalore. Es wird aus einer handgefertigten Mischung aus seltenen Kr\u00e4utern, Blumen, Harzen, Honig und nat\u00fcrlichen \u00d6len hergestellt. <span class=\"\" data-state=\"closed\"><span class=\"ms-1 inline-flex max-w-full items-center relative top-[-0.094rem] animate-[show_150ms_ease-in]\" data-testid=\"webpage-citation-pill\"><a class=\"flex h-4.5 overflow-hidden rounded-xl px-2 text-[9px] font-medium transition-colors duration-150 ease-in-out text-token-text-secondary! bg-[#F4F4F4]! dark:bg-[#303030]!\" href=\"https:\/\/www.artesaniacarruselambra.es\/goloka\/428-incienso-nagchampa-agarbathi-goloka.html?utm_source=chatgpt.com\" target=\"_blank\" rel=\"noopener\"><span class=\"relative start-0 bottom-0 flex h-full w-full items-center\"><span class=\"flex h-4 w-full items-center justify-between absolute\"><span class=\"max-w-[15ch] grow truncate overflow-hidden text-center\">Ganesh Ayurveda<\/span><span class=\"-me-1 flex h-full items-center rounded-full px-1 text-[#8F8F8F]\">+3<\/span><\/span><span class=\"flex h-4 w-full items-center justify-between\"><span class=\"max-w-[15ch] grow truncate overflow-hidden text-center\">artesaniacarruselambra.es<\/span><span class=\"-me-1 flex h-full items-center rounded-full px-1 text-[#8F8F8F]\">+3<\/span><\/span><span class=\"flex h-4 w-full items-center justify-between absolute\"><span class=\"max-w-[15ch] grow truncate overflow-hidden text-center\">Karmandala Handels GmbH<\/span><span class=\"-me-1 flex h-full items-center rounded-full px-1 text-[#8F8F8F]\">+3<\/span><\/span><\/span><\/a><\/span><\/span> <\/p>\n<hr data-start=\"395\" data-end=\"398\">\n<h4 data-start=\"400\" data-end=\"431\">Hauptmerkmale<\/h4>\n<div class=\"_tableContainer_1rjym_1\">\n<div class=\"group _tableWrapper_1rjym_13 flex w-fit flex-col-reverse\" tabindex=\"-1\">\n<table class=\"w-fit min-w-(--thread-content-width)\" data-start=\"433\" data-end=\"1036\">\n<thead data-start=\"433\" data-end=\"462\">\n<tr data-start=\"433\" data-end=\"462\">\n<th data-start=\"433\" data-end=\"450\" data-col-size=\"sm\">Merkmal<\/th>\n<th data-start=\"450\" data-end=\"462\" data-col-size=\"lg\">Details<\/th>\n<\/tr>\n<\/thead>\n<tbody data-start=\"473\" data-end=\"1036\">\n<tr data-start=\"473\" data-end=\"557\">\n<td data-start=\"473\" data-end=\"484\" data-col-size=\"sm\"><strong data-start=\"475\" data-end=\"483\">Gewicht<\/strong><\/td>\n<td data-start=\"484\" data-end=\"557\" data-col-size=\"lg\">ca. 15 Gramm pro Packung. <span class=\"\" data-state=\"closed\"><span class=\"ms-1 inline-flex max-w-full items-center relative top-[-0.094rem] animate-[show_150ms_ease-in]\" data-testid=\"webpage-citation-pill\"><a class=\"flex h-4.5 overflow-hidden rounded-xl px-2 text-[9px] font-medium transition-colors duration-150 ease-in-out text-token-text-secondary! bg-[#F4F4F4]! dark:bg-[#303030]!\" href=\"https:\/\/karmandala.de\/shop\/goloka-raeucherstaebchen-nagchampa-agarbathi?utm_source=chatgpt.com\" target=\"_blank\" rel=\"noopener\"><span class=\"relative start-0 bottom-0 flex h-full w-full items-center\"><span class=\"flex h-4 w-full items-center justify-between\"><span class=\"max-w-[15ch] grow truncate overflow-hidden text-center\">Karmandala Handels GmbH<\/span><span class=\"-me-1 flex h-full items-center rounded-full px-1 text-[#8F8F8F]\">+2<\/span><\/span><span class=\"flex h-4 w-full items-center justify-between absolute\"><span class=\"max-w-[15ch] grow truncate overflow-hidden text-center\">kanchan-bastel-shop.de<\/span><span class=\"-me-1 flex h-full items-center rounded-full px-1 text-[#8F8F8F]\">+2<\/span><\/span><\/span><\/a><\/span><\/span><\/td>\n<\/tr>\n<tr data-start=\"558\" data-end=\"687\">\n<td data-start=\"558\" data-end=\"582\" data-col-size=\"sm\"><strong data-start=\"560\" data-end=\"581\">Anzahl der St\u00e4bchen<\/strong><\/td>\n<td data-col-size=\"lg\" data-start=\"582\" data-end=\"687\">zwischen 11 und 16 St\u00e4bchen pro Schachtel, je nach Gr\u00f6\u00dfe. <span class=\"\" data-state=\"closed\"><span class=\"ms-1 inline-flex max-w-full items-center relative top-[-0.094rem] animate-[show_150ms_ease-in]\" data-testid=\"webpage-citation-pill\"><a class=\"flex h-4.5 overflow-hidden rounded-xl px-2 text-[9px] font-medium transition-colors duration-150 ease-in-out text-token-text-secondary! bg-[#F4F4F4]! dark:bg-[#303030]!\" href=\"https:\/\/karmandala.de\/shop\/goloka-raeucherstaebchen-nagchampa-agarbathi?utm_source=chatgpt.com\" target=\"_blank\" rel=\"noopener\"><span class=\"relative start-0 bottom-0 flex h-full w-full items-center\"><span class=\"flex h-4 w-full items-center justify-between\"><span class=\"max-w-[15ch] grow truncate overflow-hidden text-center\">Karmandala Handels GmbH<\/span><span class=\"-me-1 flex h-full items-center rounded-full px-1 text-[#8F8F8F]\">+2<\/span><\/span><span class=\"flex h-4 w-full items-center justify-between absolute\"><span class=\"max-w-[15ch] grow truncate overflow-hidden text-center\">kanchan-bastel-shop.de<\/span><span class=\"-me-1 flex h-full items-center rounded-full px-1 text-[#8F8F8F]\">+2<\/span><\/span><\/span><\/a><\/span><\/span><\/td>\n<\/tr>\n<tr data-start=\"688\" data-end=\"839\">\n<td data-start=\"688\" data-end=\"715\" data-col-size=\"sm\"><strong data-start=\"690\" data-end=\"714\">L\u00e4nge\/Gr\u00f6\u00dfe<\/strong><\/td>\n<td data-start=\"715\" data-end=\"839\" data-col-size=\"lg\">lange St\u00e4bchen, Standard f\u00fcr Agarbatti, ca. 8-20 cm je nach Ausf\u00fchrung. <span class=\"\" data-state=\"closed\"><span class=\"ms-1 inline-flex max-w-full items-center relative top-[-0.094rem] animate-[show_150ms_ease-in]\" data-testid=\"webpage-citation-pill\"><a class=\"flex h-4.5 overflow-hidden rounded-xl px-2 text-[9px] font-medium transition-colors duration-150 ease-in-out text-token-text-secondary! bg-[#F4F4F4]! dark:bg-[#303030]!\" href=\"https:\/\/karmandala.de\/shop\/goloka-raeucherstaebchen-nagchampa-agarbathi?utm_source=chatgpt.com\" target=\"_blank\" rel=\"noopener\"><span class=\"relative start-0 bottom-0 flex h-full w-full items-center\"><span class=\"flex h-4 w-full items-center justify-between\"><span class=\"max-w-[15ch] grow truncate overflow-hidden text-center\">Karmandala Handels GmbH<\/span><span class=\"-me-1 flex h-full items-center rounded-full px-1 text-[#8F8F8F]\">+2<\/span><\/span><span class=\"flex h-4 w-full items-center justify-between absolute\"><span class=\"max-w-[15ch] grow truncate overflow-hidden text-center\">echoppedegaia-boutique-esoterique.fr<\/span><span class=\"-me-1 flex h-full items-center rounded-full px-1 text-[#8F8F8F]\">+2<\/span><\/span><\/span><\/a><\/span><\/span><\/td>\n<\/tr>\n<tr data-start=\"840\" data-end=\"1036\">\n<td data-start=\"840\" data-end=\"871\" data-col-size=\"sm\"><strong data-start=\"842\" data-end=\"870\">Brenndauer<\/strong><\/td>\n<td data-col-size=\"lg\" data-start=\"871\" data-end=\"1036\">Ungef\u00e4hr <strong data-start=\"889\" data-end=\"902\">30 Minuten<\/strong> pro Stick im kommerziellen Kontext; andere Quellen berichten auch von Brennzeiten von bis zu 45 Minuten. <span class=\"\" data-state=\"closed\"><span class=\"ms-1 inline-flex max-w-full items-center relative top-[-0.094rem] animate-[show_150ms_ease-in]\" data-testid=\"webpage-citation-pill\"><a class=\"flex h-4.5 overflow-hidden rounded-xl px-2 text-[9px] font-medium transition-colors duration-150 ease-in-out text-token-text-secondary! bg-[#F4F4F4]! dark:bg-[#303030]!\" href=\"https:\/\/thecrystalgarden.com\/product\/goloka-nagchampa-agarbathi-incense-sticks\/?utm_source=chatgpt.com\" target=\"_blank\" rel=\"noopener\"><span class=\"relative start-0 bottom-0 flex h-full w-full items-center\"><span class=\"flex h-4 w-full items-center justify-between\"><span class=\"max-w-[15ch] grow truncate overflow-hidden text-center\">thecrystalgarden.com<\/span><span class=\"-me-1 flex h-full items-center rounded-full px-1 text-[#8F8F8F]\">+2<\/span><\/span><span class=\"flex h-4 w-full items-center justify-between absolute\"><span class=\"max-w-[15ch] grow truncate overflow-hidden text-center\">Karmandala Handels GmbH<\/span><span class=\"-me-1 flex h-full items-center rounded-full px-1 text-[#8F8F8F]\">+2<\/span><\/span><\/span><\/a><\/span><\/span><\/td>\n<\/tr>\n<\/tbody>\n<\/table>\n<\/div>\n<\/div>\n<hr data-start=\"1038\" data-end=\"1041\">\n<h4 data-start=\"1043\" data-end=\"1064\">Aroma und Wirkung<\/h4>\n<ul data-start=\"1066\" data-end=\"1397\">\n<li data-start=\"1066\" data-end=\"1208\">\n<p data-start=\"1068\" data-end=\"1208\"><strong data-start=\"1076\" data-end=\"1092\">S\u00fc\u00dfer, warmer<\/strong> Duft mit Noten von <strong data-start=\"1105\" data-end=\"1127\">Holz (Sandelholz)<\/strong>, Harzen, Blumen wie Champaca \/ Plumeria. <span class=\"\" data-state=\"closed\"><span class=\"ms-1 inline-flex max-w-full items-center relative top-[-0.094rem] animate-[show_150ms_ease-in]\" data-testid=\"webpage-citation-pill\"><a class=\"flex h-4.5 overflow-hidden rounded-xl px-2 text-[9px] font-medium transition-colors duration-150 ease-in-out text-token-text-secondary! bg-[#F4F4F4]! dark:bg-[#303030]!\" href=\"https:\/\/www.reddit.com\/r\/Incense\/comments\/15fc0yw?utm_source=chatgpt.com\" target=\"_blank\" rel=\"noopener\"><span class=\"relative start-0 bottom-0 flex h-full w-full items-center\"><span class=\"flex h-4 w-full items-center justify-between absolute\"><span class=\"max-w-[15ch] grow truncate overflow-hidden text-center\">artesaniacarruselambra.es<\/span><span class=\"-me-1 flex h-full items-center rounded-full px-1 text-[#8F8F8F]\">+3<\/span><\/span><span class=\"flex h-4 w-full items-center justify-between\"><span class=\"max-w-[15ch] grow truncate overflow-hidden text-center\">Reddit<\/span><span class=\"-me-1 flex h-full items-center rounded-full px-1 text-[#8F8F8F]\">+3<\/span><\/span><span class=\"flex h-4 w-full items-center justify-between absolute\"><span class=\"max-w-[15ch] grow truncate overflow-hidden text-center\">nefertitis.at<\/span><span class=\"-me-1 flex h-full items-center rounded-full px-1 text-[#8F8F8F]\">+3<\/span><\/span><\/span><\/a><\/span><\/span><\/p>\n<\/li>\n<li data-start=\"1209\" data-end=\"1397\">\n<p data-start=\"1211\" data-end=\"1397\">Eine Atmosph\u00e4re, die sich f\u00fcr Entspannung, Meditation und Introspektion eignet. Ideal, um die Umgebung zu reinigen, den Geist zu beruhigen und einen spirituellen Raum zu schaffen. <span class=\"\" data-state=\"closed\"><span class=\"ms-1 inline-flex max-w-full items-center relative top-[-0.094rem] animate-[show_150ms_ease-in]\" data-testid=\"webpage-citation-pill\"><a class=\"flex h-4.5 overflow-hidden rounded-xl px-2 text-[9px] font-medium transition-colors duration-150 ease-in-out text-token-text-secondary! bg-[#F4F4F4]! dark:bg-[#303030]!\" href=\"https:\/\/karmandala.de\/shop\/goloka-raeucherstaebchen-nagchampa-agarbathi?utm_source=chatgpt.com\" target=\"_blank\" rel=\"noopener\"><span class=\"relative start-0 bottom-0 flex h-full w-full items-center\"><span class=\"flex h-4 w-full items-center justify-between absolute\"><span class=\"max-w-[15ch] grow truncate overflow-hidden text-center\">echoppedegaia-boutique-esoterique.fr<\/span><span class=\"-me-1 flex h-full items-center rounded-full px-1 text-[#8F8F8F]\">+3<\/span><\/span><span class=\"flex h-4 w-full items-center justify-between\"><span class=\"max-w-[15ch] grow truncate overflow-hidden text-center\">Karmandala Handels GmbH<\/span><span class=\"-me-1 flex h-full items-center rounded-full px-1 text-[#8F8F8F]\">+3<\/span><\/span><span class=\"flex h-4 w-full items-center justify-between absolute\"><span class=\"max-w-[15ch] grow truncate overflow-hidden text-center\">nefertitis.at<\/span><span class=\"-me-1 flex h-full items-center rounded-full px-1 text-[#8F8F8F]\">+3<\/span><\/span><\/span><\/a><\/span><\/span> <\/p>\n<\/li>\n<\/ul>\n<hr data-start=\"1399\" data-end=\"1402\">\n<h4 data-start=\"1404\" data-end=\"1440\">Hinweise zur Produktion &amp; Marke<\/h4>\n<ul data-start=\"1442\" data-end=\"1796\">\n<li data-start=\"1442\" data-end=\"1513\">\n<p data-start=\"1444\" data-end=\"1513\"><strong data-start=\"1453\" data-end=\"1463\">Handgefertigt<\/strong> in Indien. <span class=\"\" data-state=\"closed\"><span class=\"ms-1 inline-flex max-w-full items-center relative top-[-0.094rem] animate-[show_150ms_ease-in]\" data-testid=\"webpage-citation-pill\"><a class=\"flex h-4.5 overflow-hidden rounded-xl px-2 text-[9px] font-medium transition-colors duration-150 ease-in-out text-token-text-secondary! bg-[#F4F4F4]! dark:bg-[#303030]!\" href=\"https:\/\/www.artesaniacarruselambra.es\/goloka\/428-incienso-nagchampa-agarbathi-goloka.html?utm_source=chatgpt.com\" target=\"_blank\" rel=\"noopener\"><span class=\"relative start-0 bottom-0 flex h-full w-full items-center\"><span class=\"flex h-4 w-full items-center justify-between\"><span class=\"max-w-[15ch] grow truncate overflow-hidden text-center\">artesaniacarruselambra.es<\/span><span class=\"-me-1 flex h-full items-center rounded-full px-1 text-[#8F8F8F]\">+2<\/span><\/span><span class=\"flex h-4 w-full items-center justify-between absolute\"><span class=\"max-w-[15ch] grow truncate overflow-hidden text-center\">gro\u00dfhandel.incensewarehouse.com<\/span><span class=\"-me-1 flex h-full items-center rounded-full px-1 text-[#8F8F8F]\">+2<\/span><\/span><\/span><\/a><\/span><\/span><\/p>\n<\/li>\n<li data-start=\"1514\" data-end=\"1602\">\n<p data-start=\"1516\" data-end=\"1602\">Nat\u00fcrliche, giftfreie Inhaltsstoffe.<\/p>\n<\/li>\n<\/ul>\n","protected":false},"excerpt":{"rendered":"<p>\ud83d\udd49\ufe0f Goloka Nagchampa Agarbathi &#8211; 15 g Beschreibung Ein klassischer und beliebter indischer Weihrauch, hergestellt vom Goloka Seva Trust in Bangalore. Es wird aus einer handgefertigten Mischung aus seltenen Kr\u00e4utern, Blumen, Harzen, Honig und nat\u00fcrlichen \u00d6len hergestellt. Ganesh Ayurveda+3artesaniacarruselambra.es+3Karmandala Handels GmbH+3 Hauptmerkmale Merkmal Details Gewicht ca. 15 Gramm pro Packung. Karmandala Handels GmbH+2kanchan-bastel-shop.de+2 Anzahl der [&hellip;]<\/p>\n","protected":false},"featured_media":30592,"template":"","meta":{"_et_pb_use_builder":"","_et_pb_old_content":"","_et_gb_content_width":""},"product_brand":[],"product_cat":[88],"product_tag":[],"class_list":{"0":"post-30860","1":"product","2":"type-product","3":"status-publish","4":"has-post-thumbnail","6":"product_cat-inder","8":"first","9":"instock","10":"shipping-taxable","11":"purchasable","12":"product-type-simple"},"yoast_head":"<!-- This site is optimized with the Yoast SEO plugin v27.4 - https:\/\/yoast.com\/product\/yoast-seo-wordpress\/ -->\n<title>Goloka Nagchmpa Agarbathi 15g - Erboristeria Artemisia<\/title>\n<meta name=\"robots\" content=\"index, follow, max-snippet:-1, max-image-preview:large, max-video-preview:-1\" \/>\n<link rel=\"canonical\" href=\"https:\/\/erboristeria-artemisia.ch\/de\/produkt\/goloka-nagchmpa-agarbathi-15g\/\" \/>\n<meta property=\"og:locale\" content=\"de_DE\" \/>\n<meta property=\"og:type\" content=\"article\" \/>\n<meta property=\"og:title\" content=\"Goloka Nagchmpa Agarbathi 15g - Erboristeria Artemisia\" \/>\n<meta property=\"og:description\" content=\"\ud83d\udd49\ufe0f Goloka Nagchampa Agarbathi &#8211; 15 g Beschreibung Ein klassischer und beliebter indischer Weihrauch, hergestellt vom Goloka Seva Trust in Bangalore. Es wird aus einer handgefertigten Mischung aus seltenen Kr\u00e4utern, Blumen, Harzen, Honig und nat\u00fcrlichen \u00d6len hergestellt. Ganesh Ayurveda+3artesaniacarruselambra.es+3Karmandala Handels GmbH+3 Hauptmerkmale Merkmal Details Gewicht ca. 15 Gramm pro Packung. Karmandala Handels GmbH+2kanchan-bastel-shop.de+2 Anzahl der [&hellip;]\" \/>\n<meta property=\"og:url\" content=\"https:\/\/erboristeria-artemisia.ch\/de\/produkt\/goloka-nagchmpa-agarbathi-15g\/\" \/>\n<meta property=\"og:site_name\" content=\"Erboristeria Artemisia\" \/>\n<meta property=\"article:modified_time\" content=\"2025-09-25T14:26:07+00:00\" \/>\n<meta property=\"og:image\" content=\"https:\/\/erboristeria-artemisia.ch\/wp-content\/uploads\/2025\/09\/Goloka.jpg\" \/>\n\t<meta property=\"og:image:width\" content=\"2000\" \/>\n\t<meta property=\"og:image:height\" content=\"2000\" \/>\n\t<meta property=\"og:image:type\" content=\"image\/jpeg\" \/>\n<meta name=\"twitter:card\" content=\"summary_large_image\" \/>\n<meta name=\"twitter:label1\" content=\"Gesch\u00e4tzte Lesezeit\" \/>\n\t<meta name=\"twitter:data1\" content=\"1\u00a0Minute\" \/>\n<script type=\"application\/ld+json\" class=\"yoast-schema-graph\">{\"@context\":\"https:\\\/\\\/schema.org\",\"@graph\":[{\"@type\":\"WebPage\",\"@id\":\"https:\\\/\\\/erboristeria-artemisia.ch\\\/de\\\/produkt\\\/goloka-nagchmpa-agarbathi-15g\\\/\",\"url\":\"https:\\\/\\\/erboristeria-artemisia.ch\\\/de\\\/produkt\\\/goloka-nagchmpa-agarbathi-15g\\\/\",\"name\":\"Goloka Nagchmpa Agarbathi 15g - Erboristeria Artemisia\",\"isPartOf\":{\"@id\":\"https:\\\/\\\/erboristeria-artemisia.ch\\\/de\\\/#website\"},\"primaryImageOfPage\":{\"@id\":\"https:\\\/\\\/erboristeria-artemisia.ch\\\/de\\\/produkt\\\/goloka-nagchmpa-agarbathi-15g\\\/#primaryimage\"},\"image\":{\"@id\":\"https:\\\/\\\/erboristeria-artemisia.ch\\\/de\\\/produkt\\\/goloka-nagchmpa-agarbathi-15g\\\/#primaryimage\"},\"thumbnailUrl\":\"https:\\\/\\\/erboristeria-artemisia.ch\\\/wp-content\\\/uploads\\\/2025\\\/09\\\/Goloka.jpg\",\"datePublished\":\"2025-09-23T19:49:59+00:00\",\"dateModified\":\"2025-09-25T14:26:07+00:00\",\"breadcrumb\":{\"@id\":\"https:\\\/\\\/erboristeria-artemisia.ch\\\/de\\\/produkt\\\/goloka-nagchmpa-agarbathi-15g\\\/#breadcrumb\"},\"inLanguage\":\"de\",\"potentialAction\":[{\"@type\":\"ReadAction\",\"target\":[\"https:\\\/\\\/erboristeria-artemisia.ch\\\/de\\\/produkt\\\/goloka-nagchmpa-agarbathi-15g\\\/\"]}]},{\"@type\":\"ImageObject\",\"inLanguage\":\"de\",\"@id\":\"https:\\\/\\\/erboristeria-artemisia.ch\\\/de\\\/produkt\\\/goloka-nagchmpa-agarbathi-15g\\\/#primaryimage\",\"url\":\"https:\\\/\\\/erboristeria-artemisia.ch\\\/wp-content\\\/uploads\\\/2025\\\/09\\\/Goloka.jpg\",\"contentUrl\":\"https:\\\/\\\/erboristeria-artemisia.ch\\\/wp-content\\\/uploads\\\/2025\\\/09\\\/Goloka.jpg\",\"width\":2000,\"height\":2000},{\"@type\":\"BreadcrumbList\",\"@id\":\"https:\\\/\\\/erboristeria-artemisia.ch\\\/de\\\/produkt\\\/goloka-nagchmpa-agarbathi-15g\\\/#breadcrumb\",\"itemListElement\":[{\"@type\":\"ListItem\",\"position\":1,\"name\":\"Home\",\"item\":\"https:\\\/\\\/erboristeria-artemisia.ch\\\/de\\\/startseite\\\/\"},{\"@type\":\"ListItem\",\"position\":2,\"name\":\"Shop4\",\"item\":\"https:\\\/\\\/erboristeria-artemisia.ch\\\/shop4\\\/\"},{\"@type\":\"ListItem\",\"position\":3,\"name\":\"Goloka Nagchmpa Agarbathi 15g\"}]},{\"@type\":\"WebSite\",\"@id\":\"https:\\\/\\\/erboristeria-artemisia.ch\\\/de\\\/#website\",\"url\":\"https:\\\/\\\/erboristeria-artemisia.ch\\\/de\\\/\",\"name\":\"Erboristeria Artemisia\",\"description\":\"Ogni sorso \u00e8 un momento per te\",\"potentialAction\":[{\"@type\":\"SearchAction\",\"target\":{\"@type\":\"EntryPoint\",\"urlTemplate\":\"https:\\\/\\\/erboristeria-artemisia.ch\\\/de\\\/?s={search_term_string}\"},\"query-input\":{\"@type\":\"PropertyValueSpecification\",\"valueRequired\":true,\"valueName\":\"search_term_string\"}}],\"inLanguage\":\"de\"}]}<\/script>\n<!-- \/ Yoast SEO plugin. -->","yoast_head_json":{"title":"Goloka Nagchmpa Agarbathi 15g - Erboristeria Artemisia","robots":{"index":"index","follow":"follow","max-snippet":"max-snippet:-1","max-image-preview":"max-image-preview:large","max-video-preview":"max-video-preview:-1"},"canonical":"https:\/\/erboristeria-artemisia.ch\/de\/produkt\/goloka-nagchmpa-agarbathi-15g\/","og_locale":"de_DE","og_type":"article","og_title":"Goloka Nagchmpa Agarbathi 15g - Erboristeria Artemisia","og_description":"\ud83d\udd49\ufe0f Goloka Nagchampa Agarbathi &#8211; 15 g Beschreibung Ein klassischer und beliebter indischer Weihrauch, hergestellt vom Goloka Seva Trust in Bangalore. Es wird aus einer handgefertigten Mischung aus seltenen Kr\u00e4utern, Blumen, Harzen, Honig und nat\u00fcrlichen \u00d6len hergestellt. Ganesh Ayurveda+3artesaniacarruselambra.es+3Karmandala Handels GmbH+3 Hauptmerkmale Merkmal Details Gewicht ca. 15 Gramm pro Packung. Karmandala Handels GmbH+2kanchan-bastel-shop.de+2 Anzahl der [&hellip;]","og_url":"https:\/\/erboristeria-artemisia.ch\/de\/produkt\/goloka-nagchmpa-agarbathi-15g\/","og_site_name":"Erboristeria Artemisia","article_modified_time":"2025-09-25T14:26:07+00:00","og_image":[{"width":2000,"height":2000,"url":"https:\/\/erboristeria-artemisia.ch\/wp-content\/uploads\/2025\/09\/Goloka.jpg","type":"image\/jpeg"}],"twitter_card":"summary_large_image","twitter_misc":{"Gesch\u00e4tzte Lesezeit":"1\u00a0Minute"},"schema":{"@context":"https:\/\/schema.org","@graph":[{"@type":"WebPage","@id":"https:\/\/erboristeria-artemisia.ch\/de\/produkt\/goloka-nagchmpa-agarbathi-15g\/","url":"https:\/\/erboristeria-artemisia.ch\/de\/produkt\/goloka-nagchmpa-agarbathi-15g\/","name":"Goloka Nagchmpa Agarbathi 15g - Erboristeria Artemisia","isPartOf":{"@id":"https:\/\/erboristeria-artemisia.ch\/de\/#website"},"primaryImageOfPage":{"@id":"https:\/\/erboristeria-artemisia.ch\/de\/produkt\/goloka-nagchmpa-agarbathi-15g\/#primaryimage"},"image":{"@id":"https:\/\/erboristeria-artemisia.ch\/de\/produkt\/goloka-nagchmpa-agarbathi-15g\/#primaryimage"},"thumbnailUrl":"https:\/\/erboristeria-artemisia.ch\/wp-content\/uploads\/2025\/09\/Goloka.jpg","datePublished":"2025-09-23T19:49:59+00:00","dateModified":"2025-09-25T14:26:07+00:00","breadcrumb":{"@id":"https:\/\/erboristeria-artemisia.ch\/de\/produkt\/goloka-nagchmpa-agarbathi-15g\/#breadcrumb"},"inLanguage":"de","potentialAction":[{"@type":"ReadAction","target":["https:\/\/erboristeria-artemisia.ch\/de\/produkt\/goloka-nagchmpa-agarbathi-15g\/"]}]},{"@type":"ImageObject","inLanguage":"de","@id":"https:\/\/erboristeria-artemisia.ch\/de\/produkt\/goloka-nagchmpa-agarbathi-15g\/#primaryimage","url":"https:\/\/erboristeria-artemisia.ch\/wp-content\/uploads\/2025\/09\/Goloka.jpg","contentUrl":"https:\/\/erboristeria-artemisia.ch\/wp-content\/uploads\/2025\/09\/Goloka.jpg","width":2000,"height":2000},{"@type":"BreadcrumbList","@id":"https:\/\/erboristeria-artemisia.ch\/de\/produkt\/goloka-nagchmpa-agarbathi-15g\/#breadcrumb","itemListElement":[{"@type":"ListItem","position":1,"name":"Home","item":"https:\/\/erboristeria-artemisia.ch\/de\/startseite\/"},{"@type":"ListItem","position":2,"name":"Shop4","item":"https:\/\/erboristeria-artemisia.ch\/shop4\/"},{"@type":"ListItem","position":3,"name":"Goloka Nagchmpa Agarbathi 15g"}]},{"@type":"WebSite","@id":"https:\/\/erboristeria-artemisia.ch\/de\/#website","url":"https:\/\/erboristeria-artemisia.ch\/de\/","name":"Erboristeria Artemisia","description":"Ogni sorso \u00e8 un momento per te","potentialAction":[{"@type":"SearchAction","target":{"@type":"EntryPoint","urlTemplate":"https:\/\/erboristeria-artemisia.ch\/de\/?s={search_term_string}"},"query-input":{"@type":"PropertyValueSpecification","valueRequired":true,"valueName":"search_term_string"}}],"inLanguage":"de"}]}},"_links":{"self":[{"href":"https:\/\/erboristeria-artemisia.ch\/de\/wp-json\/wp\/v2\/product\/30860","targetHints":{"allow":["GET"]}}],"collection":[{"href":"https:\/\/erboristeria-artemisia.ch\/de\/wp-json\/wp\/v2\/product"}],"about":[{"href":"https:\/\/erboristeria-artemisia.ch\/de\/wp-json\/wp\/v2\/types\/product"}],"wp:featuredmedia":[{"embeddable":true,"href":"https:\/\/erboristeria-artemisia.ch\/de\/wp-json\/wp\/v2\/media\/30592"}],"wp:attachment":[{"href":"https:\/\/erboristeria-artemisia.ch\/de\/wp-json\/wp\/v2\/media?parent=30860"}],"wp:term":[{"taxonomy":"product_brand","embeddable":true,"href":"https:\/\/erboristeria-artemisia.ch\/de\/wp-json\/wp\/v2\/product_brand?post=30860"},{"taxonomy":"product_cat","embeddable":true,"href":"https:\/\/erboristeria-artemisia.ch\/de\/wp-json\/wp\/v2\/product_cat?post=30860"},{"taxonomy":"product_tag","embeddable":true,"href":"https:\/\/erboristeria-artemisia.ch\/de\/wp-json\/wp\/v2\/product_tag?post=30860"}],"curies":[{"name":"wp","href":"https:\/\/api.w.org\/{rel}","templated":true}]}}