{"id":30862,"date":"2025-09-23T22:01:52","date_gmt":"2025-09-23T20:01:52","guid":{"rendered":"https:\/\/erboristeria-artemisia.ch\/product\/geranie-ringelblume\/"},"modified":"2025-09-25T16:26:07","modified_gmt":"2025-09-25T14:26:07","slug":"geranie-ringelblume","status":"publish","type":"product","link":"https:\/\/erboristeria-artemisia.ch\/de\/produkt\/geranie-ringelblume\/","title":{"rendered":"Geranie Ringelblume"},"content":{"rendered":"<h3 data-start=\"214\" data-end=\"284\">\ud83c\udf3c R\u00e4ucherst\u00e4bchen &#8211; <strong data-start=\"245\" data-end=\"282\">Geranie &amp; Ringelblume 100% nat\u00fcrlich<\/strong><\/h3>\n<p data-start=\"285\" data-end=\"326\"><strong data-start=\"285\" data-end=\"326\">Weiblichkeit, Schutz und Zartheit<\/strong><\/p>\n<p data-start=\"328\" data-end=\"675\">Eine blumige Mischung, die den eleganten, harmonisierenden Duft der <strong data-start=\"399\" data-end=\"410\">Geranie<\/strong> mit den s\u00fc\u00dfen, sonnigen Noten der <strong data-start=\"444\" data-end=\"457\">Ringelblume<\/strong> kombiniert.<br data-start=\"458\" data-end=\"461\">Ideal, um eine gem\u00fctliche, sch\u00fctzende und lichterf\u00fcllte Atmosph\u00e4re zu schaffen. Die Geranium &amp; Marigold Sticks werden in Handarbeit aus nat\u00fcrlichen Zutaten hergestellt, ohne Chemikalien oder synthetische Duftstoffe. <\/p>\n<p data-start=\"677\" data-end=\"693\">\u2728 <strong data-start=\"679\" data-end=\"691\">Vorteile<\/strong><\/p>\n<ul data-start=\"694\" data-end=\"933\">\n<li data-start=\"694\" data-end=\"750\">\n<p data-start=\"696\" data-end=\"750\">Hilft, die Stimmung zu stabilisieren und Spannungen zu l\u00f6sen<\/p>\n<\/li>\n<li data-start=\"751\" data-end=\"807\">\n<p data-start=\"753\" data-end=\"807\">F\u00f6rdert ein Gef\u00fchl des Wohlbefindens und des emotionalen Schutzes<\/p>\n<\/li>\n<li data-start=\"808\" data-end=\"848\">\n<p data-start=\"810\" data-end=\"848\">Blumiges, weiches und umh\u00fcllendes Aroma<\/p>\n<\/li>\n<li data-start=\"849\" data-end=\"933\">\n<p data-start=\"851\" data-end=\"933\">Perfekt f\u00fcr abendliche Rituale, kreative Momente oder pers\u00f6nliche Pflegebereiche<\/p>\n<\/li>\n<\/ul>\n<p data-start=\"935\" data-end=\"1074\">\ud83d\udce6 <strong data-start=\"938\" data-end=\"951\">Inhalt<\/strong>: 10 Sticks<br data-start=\"966\" data-end=\"969\">\ud83d\udccf <strong data-start=\"972\" data-end=\"985\">L\u00e4nge<\/strong>: 20 cm<br data-start=\"992\" data-end=\"995\">\ud83d\udd25 <strong data-start=\"998\" data-end=\"1008\">Dauer<\/strong>: ca. 30 Minuten pro Stick<br data-start=\"1040\" data-end=\"1043\">\ud83c\udf3f 100% nat\u00fcrlich &#8211; handgemacht<\/p>\n<hr data-start=\"1076\" data-end=\"1079\">\n<p data-start=\"1081\" data-end=\"1123\">\n","protected":false},"excerpt":{"rendered":"<p>\ud83c\udf3c R\u00e4ucherst\u00e4bchen &#8211; Geranie &amp; Ringelblume 100% nat\u00fcrlich Weiblichkeit, Schutz und Zartheit Eine blumige Mischung, die den eleganten, harmonisierenden Duft der Geranie mit den s\u00fc\u00dfen, sonnigen Noten der Ringelblume kombiniert.Ideal, um eine gem\u00fctliche, sch\u00fctzende und lichterf\u00fcllte Atmosph\u00e4re zu schaffen. Die Geranium &amp; Marigold Sticks werden in Handarbeit aus nat\u00fcrlichen Zutaten hergestellt, ohne Chemikalien oder synthetische [&hellip;]<\/p>\n","protected":false},"featured_media":30595,"template":"","meta":{"_et_pb_use_builder":"","_et_pb_old_content":"","_et_gb_content_width":""},"product_brand":[],"product_cat":[86],"product_tag":[],"class_list":{"0":"post-30862","1":"product","2":"type-product","3":"status-publish","4":"has-post-thumbnail","6":"product_cat-essstabchen","8":"first","9":"instock","10":"shipping-taxable","11":"purchasable","12":"product-type-simple"},"yoast_head":"<!-- This site is optimized with the Yoast SEO plugin v27.4 - https:\/\/yoast.com\/product\/yoast-seo-wordpress\/ -->\n<title>Geranie Ringelblume - Erboristeria Artemisia<\/title>\n<meta name=\"robots\" content=\"index, follow, max-snippet:-1, max-image-preview:large, max-video-preview:-1\" \/>\n<link rel=\"canonical\" href=\"https:\/\/erboristeria-artemisia.ch\/de\/produkt\/geranie-ringelblume\/\" \/>\n<meta property=\"og:locale\" content=\"de_DE\" \/>\n<meta property=\"og:type\" content=\"article\" \/>\n<meta property=\"og:title\" content=\"Geranie Ringelblume - Erboristeria Artemisia\" \/>\n<meta property=\"og:description\" content=\"\ud83c\udf3c R\u00e4ucherst\u00e4bchen &#8211; Geranie &amp; Ringelblume 100% nat\u00fcrlich Weiblichkeit, Schutz und Zartheit Eine blumige Mischung, die den eleganten, harmonisierenden Duft der Geranie mit den s\u00fc\u00dfen, sonnigen Noten der Ringelblume kombiniert.Ideal, um eine gem\u00fctliche, sch\u00fctzende und lichterf\u00fcllte Atmosph\u00e4re zu schaffen. Die Geranium &amp; Marigold Sticks werden in Handarbeit aus nat\u00fcrlichen Zutaten hergestellt, ohne Chemikalien oder synthetische [&hellip;]\" \/>\n<meta property=\"og:url\" content=\"https:\/\/erboristeria-artemisia.ch\/de\/produkt\/geranie-ringelblume\/\" \/>\n<meta property=\"og:site_name\" content=\"Erboristeria Artemisia\" \/>\n<meta property=\"article:modified_time\" content=\"2025-09-25T14:26:07+00:00\" \/>\n<meta property=\"og:image\" content=\"https:\/\/erboristeria-artemisia.ch\/wp-content\/uploads\/2025\/09\/Geranium-Maarigold.jpg\" \/>\n\t<meta property=\"og:image:width\" content=\"2000\" \/>\n\t<meta property=\"og:image:height\" content=\"2000\" \/>\n\t<meta property=\"og:image:type\" content=\"image\/jpeg\" \/>\n<meta name=\"twitter:card\" content=\"summary_large_image\" \/>\n<meta name=\"twitter:label1\" content=\"Gesch\u00e4tzte Lesezeit\" \/>\n\t<meta name=\"twitter:data1\" content=\"1\u00a0Minute\" \/>\n<script type=\"application\/ld+json\" class=\"yoast-schema-graph\">{\"@context\":\"https:\\\/\\\/schema.org\",\"@graph\":[{\"@type\":\"WebPage\",\"@id\":\"https:\\\/\\\/erboristeria-artemisia.ch\\\/de\\\/produkt\\\/geranie-ringelblume\\\/\",\"url\":\"https:\\\/\\\/erboristeria-artemisia.ch\\\/de\\\/produkt\\\/geranie-ringelblume\\\/\",\"name\":\"Geranie Ringelblume - Erboristeria Artemisia\",\"isPartOf\":{\"@id\":\"https:\\\/\\\/erboristeria-artemisia.ch\\\/de\\\/#website\"},\"primaryImageOfPage\":{\"@id\":\"https:\\\/\\\/erboristeria-artemisia.ch\\\/de\\\/produkt\\\/geranie-ringelblume\\\/#primaryimage\"},\"image\":{\"@id\":\"https:\\\/\\\/erboristeria-artemisia.ch\\\/de\\\/produkt\\\/geranie-ringelblume\\\/#primaryimage\"},\"thumbnailUrl\":\"https:\\\/\\\/erboristeria-artemisia.ch\\\/wp-content\\\/uploads\\\/2025\\\/09\\\/Geranium-Maarigold.jpg\",\"datePublished\":\"2025-09-23T20:01:52+00:00\",\"dateModified\":\"2025-09-25T14:26:07+00:00\",\"breadcrumb\":{\"@id\":\"https:\\\/\\\/erboristeria-artemisia.ch\\\/de\\\/produkt\\\/geranie-ringelblume\\\/#breadcrumb\"},\"inLanguage\":\"de\",\"potentialAction\":[{\"@type\":\"ReadAction\",\"target\":[\"https:\\\/\\\/erboristeria-artemisia.ch\\\/de\\\/produkt\\\/geranie-ringelblume\\\/\"]}]},{\"@type\":\"ImageObject\",\"inLanguage\":\"de\",\"@id\":\"https:\\\/\\\/erboristeria-artemisia.ch\\\/de\\\/produkt\\\/geranie-ringelblume\\\/#primaryimage\",\"url\":\"https:\\\/\\\/erboristeria-artemisia.ch\\\/wp-content\\\/uploads\\\/2025\\\/09\\\/Geranium-Maarigold.jpg\",\"contentUrl\":\"https:\\\/\\\/erboristeria-artemisia.ch\\\/wp-content\\\/uploads\\\/2025\\\/09\\\/Geranium-Maarigold.jpg\",\"width\":2000,\"height\":2000},{\"@type\":\"BreadcrumbList\",\"@id\":\"https:\\\/\\\/erboristeria-artemisia.ch\\\/de\\\/produkt\\\/geranie-ringelblume\\\/#breadcrumb\",\"itemListElement\":[{\"@type\":\"ListItem\",\"position\":1,\"name\":\"Home\",\"item\":\"https:\\\/\\\/erboristeria-artemisia.ch\\\/de\\\/startseite\\\/\"},{\"@type\":\"ListItem\",\"position\":2,\"name\":\"Shop4\",\"item\":\"https:\\\/\\\/erboristeria-artemisia.ch\\\/shop4\\\/\"},{\"@type\":\"ListItem\",\"position\":3,\"name\":\"Geranie Ringelblume\"}]},{\"@type\":\"WebSite\",\"@id\":\"https:\\\/\\\/erboristeria-artemisia.ch\\\/de\\\/#website\",\"url\":\"https:\\\/\\\/erboristeria-artemisia.ch\\\/de\\\/\",\"name\":\"Erboristeria Artemisia\",\"description\":\"Ogni sorso \u00e8 un momento per te\",\"potentialAction\":[{\"@type\":\"SearchAction\",\"target\":{\"@type\":\"EntryPoint\",\"urlTemplate\":\"https:\\\/\\\/erboristeria-artemisia.ch\\\/de\\\/?s={search_term_string}\"},\"query-input\":{\"@type\":\"PropertyValueSpecification\",\"valueRequired\":true,\"valueName\":\"search_term_string\"}}],\"inLanguage\":\"de\"}]}<\/script>\n<!-- \/ Yoast SEO plugin. -->","yoast_head_json":{"title":"Geranie Ringelblume - Erboristeria Artemisia","robots":{"index":"index","follow":"follow","max-snippet":"max-snippet:-1","max-image-preview":"max-image-preview:large","max-video-preview":"max-video-preview:-1"},"canonical":"https:\/\/erboristeria-artemisia.ch\/de\/produkt\/geranie-ringelblume\/","og_locale":"de_DE","og_type":"article","og_title":"Geranie Ringelblume - Erboristeria Artemisia","og_description":"\ud83c\udf3c R\u00e4ucherst\u00e4bchen &#8211; Geranie &amp; Ringelblume 100% nat\u00fcrlich Weiblichkeit, Schutz und Zartheit Eine blumige Mischung, die den eleganten, harmonisierenden Duft der Geranie mit den s\u00fc\u00dfen, sonnigen Noten der Ringelblume kombiniert.Ideal, um eine gem\u00fctliche, sch\u00fctzende und lichterf\u00fcllte Atmosph\u00e4re zu schaffen. Die Geranium &amp; Marigold Sticks werden in Handarbeit aus nat\u00fcrlichen Zutaten hergestellt, ohne Chemikalien oder synthetische [&hellip;]","og_url":"https:\/\/erboristeria-artemisia.ch\/de\/produkt\/geranie-ringelblume\/","og_site_name":"Erboristeria Artemisia","article_modified_time":"2025-09-25T14:26:07+00:00","og_image":[{"width":2000,"height":2000,"url":"https:\/\/erboristeria-artemisia.ch\/wp-content\/uploads\/2025\/09\/Geranium-Maarigold.jpg","type":"image\/jpeg"}],"twitter_card":"summary_large_image","twitter_misc":{"Gesch\u00e4tzte Lesezeit":"1\u00a0Minute"},"schema":{"@context":"https:\/\/schema.org","@graph":[{"@type":"WebPage","@id":"https:\/\/erboristeria-artemisia.ch\/de\/produkt\/geranie-ringelblume\/","url":"https:\/\/erboristeria-artemisia.ch\/de\/produkt\/geranie-ringelblume\/","name":"Geranie Ringelblume - Erboristeria Artemisia","isPartOf":{"@id":"https:\/\/erboristeria-artemisia.ch\/de\/#website"},"primaryImageOfPage":{"@id":"https:\/\/erboristeria-artemisia.ch\/de\/produkt\/geranie-ringelblume\/#primaryimage"},"image":{"@id":"https:\/\/erboristeria-artemisia.ch\/de\/produkt\/geranie-ringelblume\/#primaryimage"},"thumbnailUrl":"https:\/\/erboristeria-artemisia.ch\/wp-content\/uploads\/2025\/09\/Geranium-Maarigold.jpg","datePublished":"2025-09-23T20:01:52+00:00","dateModified":"2025-09-25T14:26:07+00:00","breadcrumb":{"@id":"https:\/\/erboristeria-artemisia.ch\/de\/produkt\/geranie-ringelblume\/#breadcrumb"},"inLanguage":"de","potentialAction":[{"@type":"ReadAction","target":["https:\/\/erboristeria-artemisia.ch\/de\/produkt\/geranie-ringelblume\/"]}]},{"@type":"ImageObject","inLanguage":"de","@id":"https:\/\/erboristeria-artemisia.ch\/de\/produkt\/geranie-ringelblume\/#primaryimage","url":"https:\/\/erboristeria-artemisia.ch\/wp-content\/uploads\/2025\/09\/Geranium-Maarigold.jpg","contentUrl":"https:\/\/erboristeria-artemisia.ch\/wp-content\/uploads\/2025\/09\/Geranium-Maarigold.jpg","width":2000,"height":2000},{"@type":"BreadcrumbList","@id":"https:\/\/erboristeria-artemisia.ch\/de\/produkt\/geranie-ringelblume\/#breadcrumb","itemListElement":[{"@type":"ListItem","position":1,"name":"Home","item":"https:\/\/erboristeria-artemisia.ch\/de\/startseite\/"},{"@type":"ListItem","position":2,"name":"Shop4","item":"https:\/\/erboristeria-artemisia.ch\/shop4\/"},{"@type":"ListItem","position":3,"name":"Geranie Ringelblume"}]},{"@type":"WebSite","@id":"https:\/\/erboristeria-artemisia.ch\/de\/#website","url":"https:\/\/erboristeria-artemisia.ch\/de\/","name":"Erboristeria Artemisia","description":"Ogni sorso \u00e8 un momento per te","potentialAction":[{"@type":"SearchAction","target":{"@type":"EntryPoint","urlTemplate":"https:\/\/erboristeria-artemisia.ch\/de\/?s={search_term_string}"},"query-input":{"@type":"PropertyValueSpecification","valueRequired":true,"valueName":"search_term_string"}}],"inLanguage":"de"}]}},"_links":{"self":[{"href":"https:\/\/erboristeria-artemisia.ch\/de\/wp-json\/wp\/v2\/product\/30862","targetHints":{"allow":["GET"]}}],"collection":[{"href":"https:\/\/erboristeria-artemisia.ch\/de\/wp-json\/wp\/v2\/product"}],"about":[{"href":"https:\/\/erboristeria-artemisia.ch\/de\/wp-json\/wp\/v2\/types\/product"}],"wp:featuredmedia":[{"embeddable":true,"href":"https:\/\/erboristeria-artemisia.ch\/de\/wp-json\/wp\/v2\/media\/30595"}],"wp:attachment":[{"href":"https:\/\/erboristeria-artemisia.ch\/de\/wp-json\/wp\/v2\/media?parent=30862"}],"wp:term":[{"taxonomy":"product_brand","embeddable":true,"href":"https:\/\/erboristeria-artemisia.ch\/de\/wp-json\/wp\/v2\/product_brand?post=30862"},{"taxonomy":"product_cat","embeddable":true,"href":"https:\/\/erboristeria-artemisia.ch\/de\/wp-json\/wp\/v2\/product_cat?post=30862"},{"taxonomy":"product_tag","embeddable":true,"href":"https:\/\/erboristeria-artemisia.ch\/de\/wp-json\/wp\/v2\/product_tag?post=30862"}],"curies":[{"name":"wp","href":"https:\/\/api.w.org\/{rel}","templated":true}]}}