{"id":30863,"date":"2025-09-23T21:23:39","date_gmt":"2025-09-23T19:23:39","guid":{"rendered":"https:\/\/erboristeria-artemisia.ch\/product\/jasmin\/"},"modified":"2025-09-25T16:26:08","modified_gmt":"2025-09-25T14:26:08","slug":"jasmin","status":"publish","type":"product","link":"https:\/\/erboristeria-artemisia.ch\/de\/produkt\/jasmin\/","title":{"rendered":"Jasmin"},"content":{"rendered":"<h3 data-start=\"118\" data-end=\"175\">\ud83c\udf3c R\u00e4ucherst\u00e4bchen &#8211; <strong data-start=\"149\" data-end=\"173\">Jasmin 100% Nat\u00fcrlich<\/strong><\/h3>\n<p data-start=\"176\" data-end=\"222\"><strong data-start=\"176\" data-end=\"222\">Sinnlichkeit, Sanftheit und inneres Wohlbefinden<\/strong><\/p>\n<p data-start=\"224\" data-end=\"478\">Der intensive, blumige Duft von <strong data-start=\"258\" data-end=\"271\">Jasmin<\/strong> erweckt die Sinne und vermittelt ein Gef\u00fchl tiefen Wohlbefindens. Jasmin ist f\u00fcr seine entspannenden und energetisierenden Eigenschaften bekannt und eignet sich ideal, um eine einh\u00fcllende, romantische und spirituelle Atmosph\u00e4re zu schaffen. <\/p>\n<div>\n<p>10 St\u00f6cke 20cm lang<\/p>\n<\/div>\n<div>\n<p data-start=\"290\" data-end=\"571\">Verbrennungszeit ca. 30 Minuten<\/p>\n<\/div>\n<p data-start=\"480\" data-end=\"601\">Unsere St\u00e4bchen werden aus 100% nat\u00fcrlichen Inhaltsstoffen handgefertigt, frei von Chemikalien und synthetischen Duftstoffen.<\/p>\n<p data-start=\"603\" data-end=\"622\">\u2728 <strong data-start=\"605\" data-end=\"620\">Ideal f\u00fcr:<\/strong><\/p>\n<ul data-start=\"623\" data-end=\"787\">\n<li data-start=\"623\" data-end=\"662\">\n<p data-start=\"625\" data-end=\"662\">Hebt die Stimmung und regt die Sinne an<\/p>\n<\/li>\n<li data-start=\"663\" data-end=\"702\">\n<p data-start=\"665\" data-end=\"702\">F\u00f6rderung von Entspannung und Meditation<\/p>\n<\/li>\n<li data-start=\"703\" data-end=\"749\">\n<p data-start=\"705\" data-end=\"749\">Schaffen Sie eine gem\u00fctliche und sinnliche Atmosph\u00e4re<\/p>\n<\/li>\n<li data-start=\"750\" data-end=\"787\">\n<p data-start=\"752\" data-end=\"787\">R\u00e4ume nat\u00fcrlich parf\u00fcmieren<\/p>\n<\/li>\n<\/ul>\n","protected":false},"excerpt":{"rendered":"<p>\ud83c\udf3c R\u00e4ucherst\u00e4bchen &#8211; Jasmin 100% Nat\u00fcrlich Sinnlichkeit, Sanftheit und inneres Wohlbefinden Der intensive, blumige Duft von Jasmin erweckt die Sinne und vermittelt ein Gef\u00fchl tiefen Wohlbefindens. Jasmin ist f\u00fcr seine entspannenden und energetisierenden Eigenschaften bekannt und eignet sich ideal, um eine einh\u00fcllende, romantische und spirituelle Atmosph\u00e4re zu schaffen. 10 St\u00f6cke 20cm lang Verbrennungszeit ca. 30 [&hellip;]<\/p>\n","protected":false},"featured_media":30581,"template":"","meta":{"_et_pb_use_builder":"","_et_pb_old_content":"","_et_gb_content_width":""},"product_brand":[],"product_cat":[86],"product_tag":[],"class_list":{"0":"post-30863","1":"product","2":"type-product","3":"status-publish","4":"has-post-thumbnail","6":"product_cat-essstabchen","8":"first","9":"instock","10":"shipping-taxable","11":"purchasable","12":"product-type-simple"},"yoast_head":"<!-- This site is optimized with the Yoast SEO plugin v27.4 - https:\/\/yoast.com\/product\/yoast-seo-wordpress\/ -->\n<title>Jasmin - Erboristeria Artemisia<\/title>\n<meta name=\"robots\" content=\"index, follow, max-snippet:-1, max-image-preview:large, max-video-preview:-1\" \/>\n<link rel=\"canonical\" href=\"https:\/\/erboristeria-artemisia.ch\/de\/produkt\/jasmin\/\" \/>\n<meta property=\"og:locale\" content=\"de_DE\" \/>\n<meta property=\"og:type\" content=\"article\" \/>\n<meta property=\"og:title\" content=\"Jasmin - Erboristeria Artemisia\" \/>\n<meta property=\"og:description\" content=\"\ud83c\udf3c R\u00e4ucherst\u00e4bchen &#8211; Jasmin 100% Nat\u00fcrlich Sinnlichkeit, Sanftheit und inneres Wohlbefinden Der intensive, blumige Duft von Jasmin erweckt die Sinne und vermittelt ein Gef\u00fchl tiefen Wohlbefindens. Jasmin ist f\u00fcr seine entspannenden und energetisierenden Eigenschaften bekannt und eignet sich ideal, um eine einh\u00fcllende, romantische und spirituelle Atmosph\u00e4re zu schaffen. 10 St\u00f6cke 20cm lang Verbrennungszeit ca. 30 [&hellip;]\" \/>\n<meta property=\"og:url\" content=\"https:\/\/erboristeria-artemisia.ch\/de\/produkt\/jasmin\/\" \/>\n<meta property=\"og:site_name\" content=\"Erboristeria Artemisia\" \/>\n<meta property=\"article:modified_time\" content=\"2025-09-25T14:26:08+00:00\" \/>\n<meta property=\"og:image\" content=\"https:\/\/erboristeria-artemisia.ch\/wp-content\/uploads\/2025\/09\/Jasmin.jpg\" \/>\n\t<meta property=\"og:image:width\" content=\"2000\" \/>\n\t<meta property=\"og:image:height\" content=\"2000\" \/>\n\t<meta property=\"og:image:type\" content=\"image\/jpeg\" \/>\n<meta name=\"twitter:card\" content=\"summary_large_image\" \/>\n<meta name=\"twitter:label1\" content=\"Gesch\u00e4tzte Lesezeit\" \/>\n\t<meta name=\"twitter:data1\" content=\"1\u00a0Minute\" \/>\n<script type=\"application\/ld+json\" class=\"yoast-schema-graph\">{\"@context\":\"https:\\\/\\\/schema.org\",\"@graph\":[{\"@type\":\"WebPage\",\"@id\":\"https:\\\/\\\/erboristeria-artemisia.ch\\\/de\\\/produkt\\\/jasmin\\\/\",\"url\":\"https:\\\/\\\/erboristeria-artemisia.ch\\\/de\\\/produkt\\\/jasmin\\\/\",\"name\":\"Jasmin - Erboristeria Artemisia\",\"isPartOf\":{\"@id\":\"https:\\\/\\\/erboristeria-artemisia.ch\\\/de\\\/#website\"},\"primaryImageOfPage\":{\"@id\":\"https:\\\/\\\/erboristeria-artemisia.ch\\\/de\\\/produkt\\\/jasmin\\\/#primaryimage\"},\"image\":{\"@id\":\"https:\\\/\\\/erboristeria-artemisia.ch\\\/de\\\/produkt\\\/jasmin\\\/#primaryimage\"},\"thumbnailUrl\":\"https:\\\/\\\/erboristeria-artemisia.ch\\\/wp-content\\\/uploads\\\/2025\\\/09\\\/Jasmin.jpg\",\"datePublished\":\"2025-09-23T19:23:39+00:00\",\"dateModified\":\"2025-09-25T14:26:08+00:00\",\"breadcrumb\":{\"@id\":\"https:\\\/\\\/erboristeria-artemisia.ch\\\/de\\\/produkt\\\/jasmin\\\/#breadcrumb\"},\"inLanguage\":\"de\",\"potentialAction\":[{\"@type\":\"ReadAction\",\"target\":[\"https:\\\/\\\/erboristeria-artemisia.ch\\\/de\\\/produkt\\\/jasmin\\\/\"]}]},{\"@type\":\"ImageObject\",\"inLanguage\":\"de\",\"@id\":\"https:\\\/\\\/erboristeria-artemisia.ch\\\/de\\\/produkt\\\/jasmin\\\/#primaryimage\",\"url\":\"https:\\\/\\\/erboristeria-artemisia.ch\\\/wp-content\\\/uploads\\\/2025\\\/09\\\/Jasmin.jpg\",\"contentUrl\":\"https:\\\/\\\/erboristeria-artemisia.ch\\\/wp-content\\\/uploads\\\/2025\\\/09\\\/Jasmin.jpg\",\"width\":2000,\"height\":2000},{\"@type\":\"BreadcrumbList\",\"@id\":\"https:\\\/\\\/erboristeria-artemisia.ch\\\/de\\\/produkt\\\/jasmin\\\/#breadcrumb\",\"itemListElement\":[{\"@type\":\"ListItem\",\"position\":1,\"name\":\"Home\",\"item\":\"https:\\\/\\\/erboristeria-artemisia.ch\\\/de\\\/startseite\\\/\"},{\"@type\":\"ListItem\",\"position\":2,\"name\":\"Shop4\",\"item\":\"https:\\\/\\\/erboristeria-artemisia.ch\\\/shop4\\\/\"},{\"@type\":\"ListItem\",\"position\":3,\"name\":\"Jasmin\"}]},{\"@type\":\"WebSite\",\"@id\":\"https:\\\/\\\/erboristeria-artemisia.ch\\\/de\\\/#website\",\"url\":\"https:\\\/\\\/erboristeria-artemisia.ch\\\/de\\\/\",\"name\":\"Erboristeria Artemisia\",\"description\":\"Ogni sorso \u00e8 un momento per te\",\"potentialAction\":[{\"@type\":\"SearchAction\",\"target\":{\"@type\":\"EntryPoint\",\"urlTemplate\":\"https:\\\/\\\/erboristeria-artemisia.ch\\\/de\\\/?s={search_term_string}\"},\"query-input\":{\"@type\":\"PropertyValueSpecification\",\"valueRequired\":true,\"valueName\":\"search_term_string\"}}],\"inLanguage\":\"de\"}]}<\/script>\n<!-- \/ Yoast SEO plugin. -->","yoast_head_json":{"title":"Jasmin - Erboristeria Artemisia","robots":{"index":"index","follow":"follow","max-snippet":"max-snippet:-1","max-image-preview":"max-image-preview:large","max-video-preview":"max-video-preview:-1"},"canonical":"https:\/\/erboristeria-artemisia.ch\/de\/produkt\/jasmin\/","og_locale":"de_DE","og_type":"article","og_title":"Jasmin - Erboristeria Artemisia","og_description":"\ud83c\udf3c R\u00e4ucherst\u00e4bchen &#8211; Jasmin 100% Nat\u00fcrlich Sinnlichkeit, Sanftheit und inneres Wohlbefinden Der intensive, blumige Duft von Jasmin erweckt die Sinne und vermittelt ein Gef\u00fchl tiefen Wohlbefindens. Jasmin ist f\u00fcr seine entspannenden und energetisierenden Eigenschaften bekannt und eignet sich ideal, um eine einh\u00fcllende, romantische und spirituelle Atmosph\u00e4re zu schaffen. 10 St\u00f6cke 20cm lang Verbrennungszeit ca. 30 [&hellip;]","og_url":"https:\/\/erboristeria-artemisia.ch\/de\/produkt\/jasmin\/","og_site_name":"Erboristeria Artemisia","article_modified_time":"2025-09-25T14:26:08+00:00","og_image":[{"width":2000,"height":2000,"url":"https:\/\/erboristeria-artemisia.ch\/wp-content\/uploads\/2025\/09\/Jasmin.jpg","type":"image\/jpeg"}],"twitter_card":"summary_large_image","twitter_misc":{"Gesch\u00e4tzte Lesezeit":"1\u00a0Minute"},"schema":{"@context":"https:\/\/schema.org","@graph":[{"@type":"WebPage","@id":"https:\/\/erboristeria-artemisia.ch\/de\/produkt\/jasmin\/","url":"https:\/\/erboristeria-artemisia.ch\/de\/produkt\/jasmin\/","name":"Jasmin - Erboristeria Artemisia","isPartOf":{"@id":"https:\/\/erboristeria-artemisia.ch\/de\/#website"},"primaryImageOfPage":{"@id":"https:\/\/erboristeria-artemisia.ch\/de\/produkt\/jasmin\/#primaryimage"},"image":{"@id":"https:\/\/erboristeria-artemisia.ch\/de\/produkt\/jasmin\/#primaryimage"},"thumbnailUrl":"https:\/\/erboristeria-artemisia.ch\/wp-content\/uploads\/2025\/09\/Jasmin.jpg","datePublished":"2025-09-23T19:23:39+00:00","dateModified":"2025-09-25T14:26:08+00:00","breadcrumb":{"@id":"https:\/\/erboristeria-artemisia.ch\/de\/produkt\/jasmin\/#breadcrumb"},"inLanguage":"de","potentialAction":[{"@type":"ReadAction","target":["https:\/\/erboristeria-artemisia.ch\/de\/produkt\/jasmin\/"]}]},{"@type":"ImageObject","inLanguage":"de","@id":"https:\/\/erboristeria-artemisia.ch\/de\/produkt\/jasmin\/#primaryimage","url":"https:\/\/erboristeria-artemisia.ch\/wp-content\/uploads\/2025\/09\/Jasmin.jpg","contentUrl":"https:\/\/erboristeria-artemisia.ch\/wp-content\/uploads\/2025\/09\/Jasmin.jpg","width":2000,"height":2000},{"@type":"BreadcrumbList","@id":"https:\/\/erboristeria-artemisia.ch\/de\/produkt\/jasmin\/#breadcrumb","itemListElement":[{"@type":"ListItem","position":1,"name":"Home","item":"https:\/\/erboristeria-artemisia.ch\/de\/startseite\/"},{"@type":"ListItem","position":2,"name":"Shop4","item":"https:\/\/erboristeria-artemisia.ch\/shop4\/"},{"@type":"ListItem","position":3,"name":"Jasmin"}]},{"@type":"WebSite","@id":"https:\/\/erboristeria-artemisia.ch\/de\/#website","url":"https:\/\/erboristeria-artemisia.ch\/de\/","name":"Erboristeria Artemisia","description":"Ogni sorso \u00e8 un momento per te","potentialAction":[{"@type":"SearchAction","target":{"@type":"EntryPoint","urlTemplate":"https:\/\/erboristeria-artemisia.ch\/de\/?s={search_term_string}"},"query-input":{"@type":"PropertyValueSpecification","valueRequired":true,"valueName":"search_term_string"}}],"inLanguage":"de"}]}},"_links":{"self":[{"href":"https:\/\/erboristeria-artemisia.ch\/de\/wp-json\/wp\/v2\/product\/30863","targetHints":{"allow":["GET"]}}],"collection":[{"href":"https:\/\/erboristeria-artemisia.ch\/de\/wp-json\/wp\/v2\/product"}],"about":[{"href":"https:\/\/erboristeria-artemisia.ch\/de\/wp-json\/wp\/v2\/types\/product"}],"wp:featuredmedia":[{"embeddable":true,"href":"https:\/\/erboristeria-artemisia.ch\/de\/wp-json\/wp\/v2\/media\/30581"}],"wp:attachment":[{"href":"https:\/\/erboristeria-artemisia.ch\/de\/wp-json\/wp\/v2\/media?parent=30863"}],"wp:term":[{"taxonomy":"product_brand","embeddable":true,"href":"https:\/\/erboristeria-artemisia.ch\/de\/wp-json\/wp\/v2\/product_brand?post=30863"},{"taxonomy":"product_cat","embeddable":true,"href":"https:\/\/erboristeria-artemisia.ch\/de\/wp-json\/wp\/v2\/product_cat?post=30863"},{"taxonomy":"product_tag","embeddable":true,"href":"https:\/\/erboristeria-artemisia.ch\/de\/wp-json\/wp\/v2\/product_tag?post=30863"}],"curies":[{"name":"wp","href":"https:\/\/api.w.org\/{rel}","templated":true}]}}