{"id":30864,"date":"2025-09-23T22:05:50","date_gmt":"2025-09-23T20:05:50","guid":{"rendered":"https:\/\/erboristeria-artemisia.ch\/product\/reiner-100-natuerlicher-weihrauch\/"},"modified":"2025-09-25T16:26:08","modified_gmt":"2025-09-25T14:26:08","slug":"reiner-100-natuerlicher-weihrauch","status":"publish","type":"product","link":"https:\/\/erboristeria-artemisia.ch\/de\/produkt\/reiner-100-natuerlicher-weihrauch\/","title":{"rendered":"Reiner 100% nat\u00fcrlicher Weihrauch"},"content":{"rendered":"<h3 data-start=\"170\" data-end=\"229\"><strong data-start=\"174\" data-end=\"229\">100% reines nat\u00fcrliches R\u00e4ucherwerk &#8211; Handgefertigte St\u00e4bchen<\/strong><\/h3>\n<p data-start=\"231\" data-end=\"513\">Lassen Sie sich von dem authentischen Aroma der Natur einh\u00fcllen. Unser Weihrauch wird <strong data-start=\"316\" data-end=\"359\">ausschlie\u00dflich aus nat\u00fcrlichen Zutaten<\/strong> hergestellt, ohne synthetische Duftstoffe, Farbstoffe oder Chemikalien. Eine bewusste Wahl f\u00fcr alle, die Wohlbefinden, Spiritualit\u00e4t und Harmonie in jeder t\u00e4glichen Geste suchen.  <\/p>\n<p data-start=\"515\" data-end=\"1034\">\ud83c\udf3f <strong data-start=\"518\" data-end=\"534\">Zusammensetzung<\/strong>: 100% nat\u00fcrliche Inhaltsstoffe &#8211; feine Harze, Kr\u00e4uter, getrocknete Blumen, duftende H\u00f6lzer und reine \u00e4therische \u00d6le.<br data-start=\"653\" data-end=\"656\">\ud83d\udd25 <strong data-start=\"659\" data-end=\"680\">Saubere Verbrennung<\/strong>: Sanfter, nicht reizender Rauch, ideal f\u00fcr Meditation, Yoga, Entspannung oder Raumreinigung.<br data-start=\"780\" data-end=\"783\">\ud83c\udf0d <strong data-start=\"786\" data-end=\"803\">Nachhaltigkeit<\/strong>: Handgefertigt aus verantwortungsvoll geernteten Zutaten, ohne Ausbeutung oder negative Auswirkungen auf die Umwelt.<br data-start=\"930\" data-end=\"933\">\ud83d\udc9a <strong data-start=\"936\" data-end=\"961\" data-is-only-node=\"\">Unbedenklich<\/strong>: V\u00f6llig frei von k\u00fcnstlichen Duftstoffen, Farbstoffen oder Chemikalien.<\/p>\n<p data-start=\"1036\" data-end=\"1164\">\ud83d\udce6 <strong data-start=\"1039\" data-end=\"1052\">Inhalt<\/strong>: 10 St\u00e4bchen<br data-start=\"1067\" data-end=\"1070\">\ud83d\udccf <strong data-start=\"1073\" data-end=\"1086\">L\u00e4nge<\/strong>: je 20 cm<br data-start=\"1102\" data-end=\"1105\">\ud83d\udd25 <strong data-start=\"1108\" data-end=\"1132\">Brenndauer<\/strong>: ca. 30 Minuten pro St\u00e4bchen<\/p>\n<p data-start=\"1166\" data-end=\"1266\"><strong data-start=\"1166\" data-end=\"1266\">Ideal f\u00fcr alle, die sich ein nat\u00fcrliches, authentisches und tief regenerierendes Dufterlebnis w\u00fcnschen.<\/strong><\/p>\n","protected":false},"excerpt":{"rendered":"<p>100% reines nat\u00fcrliches R\u00e4ucherwerk &#8211; Handgefertigte St\u00e4bchen Lassen Sie sich von dem authentischen Aroma der Natur einh\u00fcllen. Unser Weihrauch wird ausschlie\u00dflich aus nat\u00fcrlichen Zutaten hergestellt, ohne synthetische Duftstoffe, Farbstoffe oder Chemikalien. Eine bewusste Wahl f\u00fcr alle, die Wohlbefinden, Spiritualit\u00e4t und Harmonie in jeder t\u00e4glichen Geste suchen. \ud83c\udf3f Zusammensetzung: 100% nat\u00fcrliche Inhaltsstoffe &#8211; feine Harze, Kr\u00e4uter, [&hellip;]<\/p>\n","protected":false},"featured_media":30598,"template":"","meta":{"_et_pb_use_builder":"","_et_pb_old_content":"","_et_gb_content_width":""},"product_brand":[],"product_cat":[86],"product_tag":[],"class_list":{"0":"post-30864","1":"product","2":"type-product","3":"status-publish","4":"has-post-thumbnail","6":"product_cat-essstabchen","8":"first","9":"instock","10":"shipping-taxable","11":"purchasable","12":"product-type-simple"},"yoast_head":"<!-- This site is optimized with the Yoast SEO plugin v27.4 - https:\/\/yoast.com\/product\/yoast-seo-wordpress\/ -->\n<title>Reiner 100% nat\u00fcrlicher Weihrauch - Erboristeria Artemisia<\/title>\n<meta name=\"robots\" content=\"index, follow, max-snippet:-1, max-image-preview:large, max-video-preview:-1\" \/>\n<link rel=\"canonical\" href=\"https:\/\/erboristeria-artemisia.ch\/de\/produkt\/reiner-100-natuerlicher-weihrauch\/\" \/>\n<meta property=\"og:locale\" content=\"de_DE\" \/>\n<meta property=\"og:type\" content=\"article\" \/>\n<meta property=\"og:title\" content=\"Reiner 100% nat\u00fcrlicher Weihrauch - Erboristeria Artemisia\" \/>\n<meta property=\"og:description\" content=\"100% reines nat\u00fcrliches R\u00e4ucherwerk &#8211; Handgefertigte St\u00e4bchen Lassen Sie sich von dem authentischen Aroma der Natur einh\u00fcllen. Unser Weihrauch wird ausschlie\u00dflich aus nat\u00fcrlichen Zutaten hergestellt, ohne synthetische Duftstoffe, Farbstoffe oder Chemikalien. Eine bewusste Wahl f\u00fcr alle, die Wohlbefinden, Spiritualit\u00e4t und Harmonie in jeder t\u00e4glichen Geste suchen. \ud83c\udf3f Zusammensetzung: 100% nat\u00fcrliche Inhaltsstoffe &#8211; feine Harze, Kr\u00e4uter, [&hellip;]\" \/>\n<meta property=\"og:url\" content=\"https:\/\/erboristeria-artemisia.ch\/de\/produkt\/reiner-100-natuerlicher-weihrauch\/\" \/>\n<meta property=\"og:site_name\" content=\"Erboristeria Artemisia\" \/>\n<meta property=\"article:modified_time\" content=\"2025-09-25T14:26:08+00:00\" \/>\n<meta property=\"og:image\" content=\"https:\/\/erboristeria-artemisia.ch\/wp-content\/uploads\/2025\/09\/Frankincense.jpg\" \/>\n\t<meta property=\"og:image:width\" content=\"2000\" \/>\n\t<meta property=\"og:image:height\" content=\"2000\" \/>\n\t<meta property=\"og:image:type\" content=\"image\/jpeg\" \/>\n<meta name=\"twitter:card\" content=\"summary_large_image\" \/>\n<meta name=\"twitter:label1\" content=\"Gesch\u00e4tzte Lesezeit\" \/>\n\t<meta name=\"twitter:data1\" content=\"1\u00a0Minute\" \/>\n<script type=\"application\/ld+json\" class=\"yoast-schema-graph\">{\"@context\":\"https:\\\/\\\/schema.org\",\"@graph\":[{\"@type\":\"WebPage\",\"@id\":\"https:\\\/\\\/erboristeria-artemisia.ch\\\/de\\\/produkt\\\/reiner-100-natuerlicher-weihrauch\\\/\",\"url\":\"https:\\\/\\\/erboristeria-artemisia.ch\\\/de\\\/produkt\\\/reiner-100-natuerlicher-weihrauch\\\/\",\"name\":\"Reiner 100% nat\u00fcrlicher Weihrauch - Erboristeria Artemisia\",\"isPartOf\":{\"@id\":\"https:\\\/\\\/erboristeria-artemisia.ch\\\/de\\\/#website\"},\"primaryImageOfPage\":{\"@id\":\"https:\\\/\\\/erboristeria-artemisia.ch\\\/de\\\/produkt\\\/reiner-100-natuerlicher-weihrauch\\\/#primaryimage\"},\"image\":{\"@id\":\"https:\\\/\\\/erboristeria-artemisia.ch\\\/de\\\/produkt\\\/reiner-100-natuerlicher-weihrauch\\\/#primaryimage\"},\"thumbnailUrl\":\"https:\\\/\\\/erboristeria-artemisia.ch\\\/wp-content\\\/uploads\\\/2025\\\/09\\\/Frankincense.jpg\",\"datePublished\":\"2025-09-23T20:05:50+00:00\",\"dateModified\":\"2025-09-25T14:26:08+00:00\",\"breadcrumb\":{\"@id\":\"https:\\\/\\\/erboristeria-artemisia.ch\\\/de\\\/produkt\\\/reiner-100-natuerlicher-weihrauch\\\/#breadcrumb\"},\"inLanguage\":\"de\",\"potentialAction\":[{\"@type\":\"ReadAction\",\"target\":[\"https:\\\/\\\/erboristeria-artemisia.ch\\\/de\\\/produkt\\\/reiner-100-natuerlicher-weihrauch\\\/\"]}]},{\"@type\":\"ImageObject\",\"inLanguage\":\"de\",\"@id\":\"https:\\\/\\\/erboristeria-artemisia.ch\\\/de\\\/produkt\\\/reiner-100-natuerlicher-weihrauch\\\/#primaryimage\",\"url\":\"https:\\\/\\\/erboristeria-artemisia.ch\\\/wp-content\\\/uploads\\\/2025\\\/09\\\/Frankincense.jpg\",\"contentUrl\":\"https:\\\/\\\/erboristeria-artemisia.ch\\\/wp-content\\\/uploads\\\/2025\\\/09\\\/Frankincense.jpg\",\"width\":2000,\"height\":2000},{\"@type\":\"BreadcrumbList\",\"@id\":\"https:\\\/\\\/erboristeria-artemisia.ch\\\/de\\\/produkt\\\/reiner-100-natuerlicher-weihrauch\\\/#breadcrumb\",\"itemListElement\":[{\"@type\":\"ListItem\",\"position\":1,\"name\":\"Home\",\"item\":\"https:\\\/\\\/erboristeria-artemisia.ch\\\/de\\\/startseite\\\/\"},{\"@type\":\"ListItem\",\"position\":2,\"name\":\"Shop4\",\"item\":\"https:\\\/\\\/erboristeria-artemisia.ch\\\/shop4\\\/\"},{\"@type\":\"ListItem\",\"position\":3,\"name\":\"Reiner 100% nat\u00fcrlicher Weihrauch\"}]},{\"@type\":\"WebSite\",\"@id\":\"https:\\\/\\\/erboristeria-artemisia.ch\\\/de\\\/#website\",\"url\":\"https:\\\/\\\/erboristeria-artemisia.ch\\\/de\\\/\",\"name\":\"Erboristeria Artemisia\",\"description\":\"Ogni sorso \u00e8 un momento per te\",\"potentialAction\":[{\"@type\":\"SearchAction\",\"target\":{\"@type\":\"EntryPoint\",\"urlTemplate\":\"https:\\\/\\\/erboristeria-artemisia.ch\\\/de\\\/?s={search_term_string}\"},\"query-input\":{\"@type\":\"PropertyValueSpecification\",\"valueRequired\":true,\"valueName\":\"search_term_string\"}}],\"inLanguage\":\"de\"}]}<\/script>\n<!-- \/ Yoast SEO plugin. -->","yoast_head_json":{"title":"Reiner 100% nat\u00fcrlicher Weihrauch - Erboristeria Artemisia","robots":{"index":"index","follow":"follow","max-snippet":"max-snippet:-1","max-image-preview":"max-image-preview:large","max-video-preview":"max-video-preview:-1"},"canonical":"https:\/\/erboristeria-artemisia.ch\/de\/produkt\/reiner-100-natuerlicher-weihrauch\/","og_locale":"de_DE","og_type":"article","og_title":"Reiner 100% nat\u00fcrlicher Weihrauch - Erboristeria Artemisia","og_description":"100% reines nat\u00fcrliches R\u00e4ucherwerk &#8211; Handgefertigte St\u00e4bchen Lassen Sie sich von dem authentischen Aroma der Natur einh\u00fcllen. Unser Weihrauch wird ausschlie\u00dflich aus nat\u00fcrlichen Zutaten hergestellt, ohne synthetische Duftstoffe, Farbstoffe oder Chemikalien. Eine bewusste Wahl f\u00fcr alle, die Wohlbefinden, Spiritualit\u00e4t und Harmonie in jeder t\u00e4glichen Geste suchen. \ud83c\udf3f Zusammensetzung: 100% nat\u00fcrliche Inhaltsstoffe &#8211; feine Harze, Kr\u00e4uter, [&hellip;]","og_url":"https:\/\/erboristeria-artemisia.ch\/de\/produkt\/reiner-100-natuerlicher-weihrauch\/","og_site_name":"Erboristeria Artemisia","article_modified_time":"2025-09-25T14:26:08+00:00","og_image":[{"width":2000,"height":2000,"url":"https:\/\/erboristeria-artemisia.ch\/wp-content\/uploads\/2025\/09\/Frankincense.jpg","type":"image\/jpeg"}],"twitter_card":"summary_large_image","twitter_misc":{"Gesch\u00e4tzte Lesezeit":"1\u00a0Minute"},"schema":{"@context":"https:\/\/schema.org","@graph":[{"@type":"WebPage","@id":"https:\/\/erboristeria-artemisia.ch\/de\/produkt\/reiner-100-natuerlicher-weihrauch\/","url":"https:\/\/erboristeria-artemisia.ch\/de\/produkt\/reiner-100-natuerlicher-weihrauch\/","name":"Reiner 100% nat\u00fcrlicher Weihrauch - Erboristeria Artemisia","isPartOf":{"@id":"https:\/\/erboristeria-artemisia.ch\/de\/#website"},"primaryImageOfPage":{"@id":"https:\/\/erboristeria-artemisia.ch\/de\/produkt\/reiner-100-natuerlicher-weihrauch\/#primaryimage"},"image":{"@id":"https:\/\/erboristeria-artemisia.ch\/de\/produkt\/reiner-100-natuerlicher-weihrauch\/#primaryimage"},"thumbnailUrl":"https:\/\/erboristeria-artemisia.ch\/wp-content\/uploads\/2025\/09\/Frankincense.jpg","datePublished":"2025-09-23T20:05:50+00:00","dateModified":"2025-09-25T14:26:08+00:00","breadcrumb":{"@id":"https:\/\/erboristeria-artemisia.ch\/de\/produkt\/reiner-100-natuerlicher-weihrauch\/#breadcrumb"},"inLanguage":"de","potentialAction":[{"@type":"ReadAction","target":["https:\/\/erboristeria-artemisia.ch\/de\/produkt\/reiner-100-natuerlicher-weihrauch\/"]}]},{"@type":"ImageObject","inLanguage":"de","@id":"https:\/\/erboristeria-artemisia.ch\/de\/produkt\/reiner-100-natuerlicher-weihrauch\/#primaryimage","url":"https:\/\/erboristeria-artemisia.ch\/wp-content\/uploads\/2025\/09\/Frankincense.jpg","contentUrl":"https:\/\/erboristeria-artemisia.ch\/wp-content\/uploads\/2025\/09\/Frankincense.jpg","width":2000,"height":2000},{"@type":"BreadcrumbList","@id":"https:\/\/erboristeria-artemisia.ch\/de\/produkt\/reiner-100-natuerlicher-weihrauch\/#breadcrumb","itemListElement":[{"@type":"ListItem","position":1,"name":"Home","item":"https:\/\/erboristeria-artemisia.ch\/de\/startseite\/"},{"@type":"ListItem","position":2,"name":"Shop4","item":"https:\/\/erboristeria-artemisia.ch\/shop4\/"},{"@type":"ListItem","position":3,"name":"Reiner 100% nat\u00fcrlicher Weihrauch"}]},{"@type":"WebSite","@id":"https:\/\/erboristeria-artemisia.ch\/de\/#website","url":"https:\/\/erboristeria-artemisia.ch\/de\/","name":"Erboristeria Artemisia","description":"Ogni sorso \u00e8 un momento per te","potentialAction":[{"@type":"SearchAction","target":{"@type":"EntryPoint","urlTemplate":"https:\/\/erboristeria-artemisia.ch\/de\/?s={search_term_string}"},"query-input":{"@type":"PropertyValueSpecification","valueRequired":true,"valueName":"search_term_string"}}],"inLanguage":"de"}]}},"_links":{"self":[{"href":"https:\/\/erboristeria-artemisia.ch\/de\/wp-json\/wp\/v2\/product\/30864","targetHints":{"allow":["GET"]}}],"collection":[{"href":"https:\/\/erboristeria-artemisia.ch\/de\/wp-json\/wp\/v2\/product"}],"about":[{"href":"https:\/\/erboristeria-artemisia.ch\/de\/wp-json\/wp\/v2\/types\/product"}],"wp:featuredmedia":[{"embeddable":true,"href":"https:\/\/erboristeria-artemisia.ch\/de\/wp-json\/wp\/v2\/media\/30598"}],"wp:attachment":[{"href":"https:\/\/erboristeria-artemisia.ch\/de\/wp-json\/wp\/v2\/media?parent=30864"}],"wp:term":[{"taxonomy":"product_brand","embeddable":true,"href":"https:\/\/erboristeria-artemisia.ch\/de\/wp-json\/wp\/v2\/product_brand?post=30864"},{"taxonomy":"product_cat","embeddable":true,"href":"https:\/\/erboristeria-artemisia.ch\/de\/wp-json\/wp\/v2\/product_cat?post=30864"},{"taxonomy":"product_tag","embeddable":true,"href":"https:\/\/erboristeria-artemisia.ch\/de\/wp-json\/wp\/v2\/product_tag?post=30864"}],"curies":[{"name":"wp","href":"https:\/\/api.w.org\/{rel}","templated":true}]}}