{"id":30865,"date":"2025-09-23T22:09:33","date_gmt":"2025-09-23T20:09:33","guid":{"rendered":"https:\/\/erboristeria-artemisia.ch\/product\/frangipani\/"},"modified":"2025-09-25T16:26:11","modified_gmt":"2025-09-25T14:26:11","slug":"frangipani","status":"publish","type":"product","link":"https:\/\/erboristeria-artemisia.ch\/de\/produkt\/frangipani\/","title":{"rendered":"Frangipani"},"content":{"rendered":"<h3 data-start=\"333\" data-end=\"390\"><strong data-start=\"337\" data-end=\"390\">Frangipani Weihrauch &#8211; 100% nat\u00fcrliche Inhaltsstoffe<\/strong><\/h3>\n<p data-start=\"392\" data-end=\"646\">Lassen Sie sich von dem warmen, blumigen Duft der <strong data-start=\"448\" data-end=\"462\">Frangipani<\/strong> umh\u00fcllen, einer Blume, die f\u00fcr Gelassenheit und spirituelle Sch\u00f6nheit steht. Ihr s\u00fc\u00dfer und exotischer Duft tr\u00e4gt zu einer entspannenden Atmosph\u00e4re bei, die perfekt f\u00fcr Momente der Ruhe, Meditation oder Selbstbeobachtung ist. <\/p>\n<p data-start=\"648\" data-end=\"970\">\ud83c\udf3f <strong data-start=\"651\" data-end=\"667\">Zusammensetzung<\/strong>: Hergestellt aus <strong data-start=\"684\" data-end=\"708\">nat\u00fcrlichen Inhaltsstoffen<\/strong> wie Harzen, H\u00f6lzern und Blumen, angereichert mit Frangipani-Aroma.<br data-start=\"772\" data-end=\"775\">\ud83d\udd25 <strong data-start=\"778\" data-end=\"787\">Aroma<\/strong>: Blumig, cremig und leicht fruchtig &#8211; ideal zum Entspannen und zur sanften Beduftung des Raumes.<br data-start=\"894\" data-end=\"897\">\ud83d\udeab <strong data-start=\"900\" data-end=\"969\">Ohne synthetische Duftstoffe, Farbstoffe oder scharfe Chemikalien<\/strong>.<\/p>\n<p data-start=\"972\" data-end=\"1100\">\ud83d\udce6 <strong data-start=\"975\" data-end=\"988\">Inhalt<\/strong>: 10 St\u00e4bchen<br data-start=\"1003\" data-end=\"1006\">\ud83d\udccf <strong data-start=\"1009\" data-end=\"1022\">L\u00e4nge<\/strong>: je 20 cm<br data-start=\"1038\" data-end=\"1041\">\ud83d\udd25 <strong data-start=\"1044\" data-end=\"1068\">Brenndauer<\/strong>: ca. 30 Minuten pro St\u00e4bchen<\/p>\n<p data-start=\"1102\" data-end=\"1223\"><strong data-start=\"1102\" data-end=\"1223\">Ein einfaches, nat\u00fcrliches und wohlriechendes R\u00e4ucherwerk f\u00fcr alle, die blumige D\u00fcfte lieben, ohne dabei Kompromisse bei der Gesundheit einzugehen.<\/strong><\/p>\n","protected":false},"excerpt":{"rendered":"<p>Frangipani Weihrauch &#8211; 100% nat\u00fcrliche Inhaltsstoffe Lassen Sie sich von dem warmen, blumigen Duft der Frangipani umh\u00fcllen, einer Blume, die f\u00fcr Gelassenheit und spirituelle Sch\u00f6nheit steht. Ihr s\u00fc\u00dfer und exotischer Duft tr\u00e4gt zu einer entspannenden Atmosph\u00e4re bei, die perfekt f\u00fcr Momente der Ruhe, Meditation oder Selbstbeobachtung ist. \ud83c\udf3f Zusammensetzung: Hergestellt aus nat\u00fcrlichen Inhaltsstoffen wie Harzen, [&hellip;]<\/p>\n","protected":false},"featured_media":30601,"template":"","meta":{"_et_pb_use_builder":"","_et_pb_old_content":"","_et_gb_content_width":""},"product_brand":[],"product_cat":[86],"product_tag":[],"class_list":{"0":"post-30865","1":"product","2":"type-product","3":"status-publish","4":"has-post-thumbnail","6":"product_cat-essstabchen","8":"first","9":"instock","10":"shipping-taxable","11":"purchasable","12":"product-type-simple"},"yoast_head":"<!-- This site is optimized with the Yoast SEO plugin v27.4 - https:\/\/yoast.com\/product\/yoast-seo-wordpress\/ -->\n<title>Frangipani - Erboristeria Artemisia<\/title>\n<meta name=\"robots\" content=\"index, follow, max-snippet:-1, max-image-preview:large, max-video-preview:-1\" \/>\n<link rel=\"canonical\" href=\"https:\/\/erboristeria-artemisia.ch\/de\/produkt\/frangipani\/\" \/>\n<meta property=\"og:locale\" content=\"de_DE\" \/>\n<meta property=\"og:type\" content=\"article\" \/>\n<meta property=\"og:title\" content=\"Frangipani - Erboristeria Artemisia\" \/>\n<meta property=\"og:description\" content=\"Frangipani Weihrauch &#8211; 100% nat\u00fcrliche Inhaltsstoffe Lassen Sie sich von dem warmen, blumigen Duft der Frangipani umh\u00fcllen, einer Blume, die f\u00fcr Gelassenheit und spirituelle Sch\u00f6nheit steht. Ihr s\u00fc\u00dfer und exotischer Duft tr\u00e4gt zu einer entspannenden Atmosph\u00e4re bei, die perfekt f\u00fcr Momente der Ruhe, Meditation oder Selbstbeobachtung ist. \ud83c\udf3f Zusammensetzung: Hergestellt aus nat\u00fcrlichen Inhaltsstoffen wie Harzen, [&hellip;]\" \/>\n<meta property=\"og:url\" content=\"https:\/\/erboristeria-artemisia.ch\/de\/produkt\/frangipani\/\" \/>\n<meta property=\"og:site_name\" content=\"Erboristeria Artemisia\" \/>\n<meta property=\"article:modified_time\" content=\"2025-09-25T14:26:11+00:00\" \/>\n<meta property=\"og:image\" content=\"https:\/\/erboristeria-artemisia.ch\/wp-content\/uploads\/2025\/09\/Frangipani.jpg\" \/>\n\t<meta property=\"og:image:width\" content=\"2000\" \/>\n\t<meta property=\"og:image:height\" content=\"2000\" \/>\n\t<meta property=\"og:image:type\" content=\"image\/jpeg\" \/>\n<meta name=\"twitter:card\" content=\"summary_large_image\" \/>\n<meta name=\"twitter:label1\" content=\"Gesch\u00e4tzte Lesezeit\" \/>\n\t<meta name=\"twitter:data1\" content=\"1\u00a0Minute\" \/>\n<script type=\"application\/ld+json\" class=\"yoast-schema-graph\">{\"@context\":\"https:\\\/\\\/schema.org\",\"@graph\":[{\"@type\":\"WebPage\",\"@id\":\"https:\\\/\\\/erboristeria-artemisia.ch\\\/de\\\/produkt\\\/frangipani\\\/\",\"url\":\"https:\\\/\\\/erboristeria-artemisia.ch\\\/de\\\/produkt\\\/frangipani\\\/\",\"name\":\"Frangipani - Erboristeria Artemisia\",\"isPartOf\":{\"@id\":\"https:\\\/\\\/erboristeria-artemisia.ch\\\/de\\\/#website\"},\"primaryImageOfPage\":{\"@id\":\"https:\\\/\\\/erboristeria-artemisia.ch\\\/de\\\/produkt\\\/frangipani\\\/#primaryimage\"},\"image\":{\"@id\":\"https:\\\/\\\/erboristeria-artemisia.ch\\\/de\\\/produkt\\\/frangipani\\\/#primaryimage\"},\"thumbnailUrl\":\"https:\\\/\\\/erboristeria-artemisia.ch\\\/wp-content\\\/uploads\\\/2025\\\/09\\\/Frangipani.jpg\",\"datePublished\":\"2025-09-23T20:09:33+00:00\",\"dateModified\":\"2025-09-25T14:26:11+00:00\",\"breadcrumb\":{\"@id\":\"https:\\\/\\\/erboristeria-artemisia.ch\\\/de\\\/produkt\\\/frangipani\\\/#breadcrumb\"},\"inLanguage\":\"de\",\"potentialAction\":[{\"@type\":\"ReadAction\",\"target\":[\"https:\\\/\\\/erboristeria-artemisia.ch\\\/de\\\/produkt\\\/frangipani\\\/\"]}]},{\"@type\":\"ImageObject\",\"inLanguage\":\"de\",\"@id\":\"https:\\\/\\\/erboristeria-artemisia.ch\\\/de\\\/produkt\\\/frangipani\\\/#primaryimage\",\"url\":\"https:\\\/\\\/erboristeria-artemisia.ch\\\/wp-content\\\/uploads\\\/2025\\\/09\\\/Frangipani.jpg\",\"contentUrl\":\"https:\\\/\\\/erboristeria-artemisia.ch\\\/wp-content\\\/uploads\\\/2025\\\/09\\\/Frangipani.jpg\",\"width\":2000,\"height\":2000},{\"@type\":\"BreadcrumbList\",\"@id\":\"https:\\\/\\\/erboristeria-artemisia.ch\\\/de\\\/produkt\\\/frangipani\\\/#breadcrumb\",\"itemListElement\":[{\"@type\":\"ListItem\",\"position\":1,\"name\":\"Home\",\"item\":\"https:\\\/\\\/erboristeria-artemisia.ch\\\/de\\\/startseite\\\/\"},{\"@type\":\"ListItem\",\"position\":2,\"name\":\"Shop4\",\"item\":\"https:\\\/\\\/erboristeria-artemisia.ch\\\/shop4\\\/\"},{\"@type\":\"ListItem\",\"position\":3,\"name\":\"Frangipani\"}]},{\"@type\":\"WebSite\",\"@id\":\"https:\\\/\\\/erboristeria-artemisia.ch\\\/de\\\/#website\",\"url\":\"https:\\\/\\\/erboristeria-artemisia.ch\\\/de\\\/\",\"name\":\"Erboristeria Artemisia\",\"description\":\"Ogni sorso \u00e8 un momento per te\",\"potentialAction\":[{\"@type\":\"SearchAction\",\"target\":{\"@type\":\"EntryPoint\",\"urlTemplate\":\"https:\\\/\\\/erboristeria-artemisia.ch\\\/de\\\/?s={search_term_string}\"},\"query-input\":{\"@type\":\"PropertyValueSpecification\",\"valueRequired\":true,\"valueName\":\"search_term_string\"}}],\"inLanguage\":\"de\"}]}<\/script>\n<!-- \/ Yoast SEO plugin. -->","yoast_head_json":{"title":"Frangipani - Erboristeria Artemisia","robots":{"index":"index","follow":"follow","max-snippet":"max-snippet:-1","max-image-preview":"max-image-preview:large","max-video-preview":"max-video-preview:-1"},"canonical":"https:\/\/erboristeria-artemisia.ch\/de\/produkt\/frangipani\/","og_locale":"de_DE","og_type":"article","og_title":"Frangipani - Erboristeria Artemisia","og_description":"Frangipani Weihrauch &#8211; 100% nat\u00fcrliche Inhaltsstoffe Lassen Sie sich von dem warmen, blumigen Duft der Frangipani umh\u00fcllen, einer Blume, die f\u00fcr Gelassenheit und spirituelle Sch\u00f6nheit steht. Ihr s\u00fc\u00dfer und exotischer Duft tr\u00e4gt zu einer entspannenden Atmosph\u00e4re bei, die perfekt f\u00fcr Momente der Ruhe, Meditation oder Selbstbeobachtung ist. \ud83c\udf3f Zusammensetzung: Hergestellt aus nat\u00fcrlichen Inhaltsstoffen wie Harzen, [&hellip;]","og_url":"https:\/\/erboristeria-artemisia.ch\/de\/produkt\/frangipani\/","og_site_name":"Erboristeria Artemisia","article_modified_time":"2025-09-25T14:26:11+00:00","og_image":[{"width":2000,"height":2000,"url":"https:\/\/erboristeria-artemisia.ch\/wp-content\/uploads\/2025\/09\/Frangipani.jpg","type":"image\/jpeg"}],"twitter_card":"summary_large_image","twitter_misc":{"Gesch\u00e4tzte Lesezeit":"1\u00a0Minute"},"schema":{"@context":"https:\/\/schema.org","@graph":[{"@type":"WebPage","@id":"https:\/\/erboristeria-artemisia.ch\/de\/produkt\/frangipani\/","url":"https:\/\/erboristeria-artemisia.ch\/de\/produkt\/frangipani\/","name":"Frangipani - Erboristeria Artemisia","isPartOf":{"@id":"https:\/\/erboristeria-artemisia.ch\/de\/#website"},"primaryImageOfPage":{"@id":"https:\/\/erboristeria-artemisia.ch\/de\/produkt\/frangipani\/#primaryimage"},"image":{"@id":"https:\/\/erboristeria-artemisia.ch\/de\/produkt\/frangipani\/#primaryimage"},"thumbnailUrl":"https:\/\/erboristeria-artemisia.ch\/wp-content\/uploads\/2025\/09\/Frangipani.jpg","datePublished":"2025-09-23T20:09:33+00:00","dateModified":"2025-09-25T14:26:11+00:00","breadcrumb":{"@id":"https:\/\/erboristeria-artemisia.ch\/de\/produkt\/frangipani\/#breadcrumb"},"inLanguage":"de","potentialAction":[{"@type":"ReadAction","target":["https:\/\/erboristeria-artemisia.ch\/de\/produkt\/frangipani\/"]}]},{"@type":"ImageObject","inLanguage":"de","@id":"https:\/\/erboristeria-artemisia.ch\/de\/produkt\/frangipani\/#primaryimage","url":"https:\/\/erboristeria-artemisia.ch\/wp-content\/uploads\/2025\/09\/Frangipani.jpg","contentUrl":"https:\/\/erboristeria-artemisia.ch\/wp-content\/uploads\/2025\/09\/Frangipani.jpg","width":2000,"height":2000},{"@type":"BreadcrumbList","@id":"https:\/\/erboristeria-artemisia.ch\/de\/produkt\/frangipani\/#breadcrumb","itemListElement":[{"@type":"ListItem","position":1,"name":"Home","item":"https:\/\/erboristeria-artemisia.ch\/de\/startseite\/"},{"@type":"ListItem","position":2,"name":"Shop4","item":"https:\/\/erboristeria-artemisia.ch\/shop4\/"},{"@type":"ListItem","position":3,"name":"Frangipani"}]},{"@type":"WebSite","@id":"https:\/\/erboristeria-artemisia.ch\/de\/#website","url":"https:\/\/erboristeria-artemisia.ch\/de\/","name":"Erboristeria Artemisia","description":"Ogni sorso \u00e8 un momento per te","potentialAction":[{"@type":"SearchAction","target":{"@type":"EntryPoint","urlTemplate":"https:\/\/erboristeria-artemisia.ch\/de\/?s={search_term_string}"},"query-input":{"@type":"PropertyValueSpecification","valueRequired":true,"valueName":"search_term_string"}}],"inLanguage":"de"}]}},"_links":{"self":[{"href":"https:\/\/erboristeria-artemisia.ch\/de\/wp-json\/wp\/v2\/product\/30865","targetHints":{"allow":["GET"]}}],"collection":[{"href":"https:\/\/erboristeria-artemisia.ch\/de\/wp-json\/wp\/v2\/product"}],"about":[{"href":"https:\/\/erboristeria-artemisia.ch\/de\/wp-json\/wp\/v2\/types\/product"}],"wp:featuredmedia":[{"embeddable":true,"href":"https:\/\/erboristeria-artemisia.ch\/de\/wp-json\/wp\/v2\/media\/30601"}],"wp:attachment":[{"href":"https:\/\/erboristeria-artemisia.ch\/de\/wp-json\/wp\/v2\/media?parent=30865"}],"wp:term":[{"taxonomy":"product_brand","embeddable":true,"href":"https:\/\/erboristeria-artemisia.ch\/de\/wp-json\/wp\/v2\/product_brand?post=30865"},{"taxonomy":"product_cat","embeddable":true,"href":"https:\/\/erboristeria-artemisia.ch\/de\/wp-json\/wp\/v2\/product_cat?post=30865"},{"taxonomy":"product_tag","embeddable":true,"href":"https:\/\/erboristeria-artemisia.ch\/de\/wp-json\/wp\/v2\/product_tag?post=30865"}],"curies":[{"name":"wp","href":"https:\/\/api.w.org\/{rel}","templated":true}]}}