{"id":30867,"date":"2025-09-23T22:12:25","date_gmt":"2025-09-23T20:12:25","guid":{"rendered":"https:\/\/erboristeria-artemisia.ch\/product\/zypresse-eukalyptus-100-natuerlich\/"},"modified":"2025-09-25T16:26:11","modified_gmt":"2025-09-25T14:26:11","slug":"zypresse-eukalyptus-100-natuerlich","status":"publish","type":"product","link":"https:\/\/erboristeria-artemisia.ch\/de\/produkt\/zypresse-eukalyptus-100-natuerlich\/","title":{"rendered":"Zypresse Eukalyptus 100% Nat\u00fcrlich"},"content":{"rendered":"<h3 data-start=\"187\" data-end=\"251\"><strong data-start=\"191\" data-end=\"251\">Zypresse &amp; Eukalyptus Weihrauch &#8211; 100% nat\u00fcrliche Inhaltsstoffe<\/strong><\/h3>\n<p data-start=\"253\" data-end=\"513\">Atmen Sie tief durch und lassen Sie sich von der intensiven Frische der <strong data-start=\"325\" data-end=\"337\">Zypresse<\/strong> in Kombination mit den balsamischen Noten des<strong data-start=\"370\" data-end=\"383\">Eukalyptus<\/strong> regenerieren. Diese aromatische Kombination ist ideal, um die Umwelt zu reinigen, die Konzentration zu f\u00f6rdern und das innere Gleichgewicht wiederzufinden. <\/p>\n<p data-start=\"515\" data-end=\"811\">\ud83c\udf3f <strong data-start=\"518\" data-end=\"534\">Zusammensetzung<\/strong>: Mischung aus Harzen, nat\u00fcrlichen H\u00f6lzern und aromatischen Zypressen- und Eukalyptusextrakten.<br data-start=\"617\" data-end=\"620\">\ud83d\udd25 <strong data-start=\"623\" data-end=\"632\">Duft<\/strong>: Frisch, balsamisch und holzig &#8211; perfekt, um die Umgebung zu erfrischen und die Atmung zu f\u00f6rdern.<br data-start=\"727\" data-end=\"730\">\ud83d\udeab <strong data-start=\"733\" data-end=\"810\">Frei von synthetischen Duftstoffen, k\u00fcnstlichen Farbstoffen oder sch\u00e4dlichen Chemikalien<\/strong>.<\/p>\n<p data-start=\"813\" data-end=\"941\">\ud83d\udce6 <strong data-start=\"816\" data-end=\"829\">Inhalt<\/strong>: 10 St\u00e4bchen<br data-start=\"844\" data-end=\"847\">\ud83d\udccf <strong data-start=\"850\" data-end=\"863\">L\u00e4nge<\/strong>: je 20 cm<br data-start=\"879\" data-end=\"882\">\ud83d\udd25 <strong data-start=\"885\" data-end=\"909\">Brenndauer<\/strong>: ca. 30 Minuten pro St\u00e4bchen<\/p>\n<p data-start=\"943\" data-end=\"1073\"><strong data-start=\"943\" data-end=\"1073\">Ideal f\u00fcr alle, die nat\u00fcrliche, vitalisierende D\u00fcfte lieben und nach einem frischen, reinigenden R\u00e4ucherwerk f\u00fcr jeden Moment des Tages suchen.<\/strong><\/p>\n","protected":false},"excerpt":{"rendered":"<p>Zypresse &amp; Eukalyptus Weihrauch &#8211; 100% nat\u00fcrliche Inhaltsstoffe Atmen Sie tief durch und lassen Sie sich von der intensiven Frische der Zypresse in Kombination mit den balsamischen Noten desEukalyptus regenerieren. Diese aromatische Kombination ist ideal, um die Umwelt zu reinigen, die Konzentration zu f\u00f6rdern und das innere Gleichgewicht wiederzufinden. \ud83c\udf3f Zusammensetzung: Mischung aus Harzen, nat\u00fcrlichen [&hellip;]<\/p>\n","protected":false},"featured_media":30604,"template":"","meta":{"_et_pb_use_builder":"","_et_pb_old_content":"","_et_gb_content_width":""},"product_brand":[],"product_cat":[86],"product_tag":[],"class_list":{"0":"post-30867","1":"product","2":"type-product","3":"status-publish","4":"has-post-thumbnail","6":"product_cat-essstabchen","8":"first","9":"instock","10":"shipping-taxable","11":"purchasable","12":"product-type-simple"},"yoast_head":"<!-- This site is optimized with the Yoast SEO plugin v27.4 - https:\/\/yoast.com\/product\/yoast-seo-wordpress\/ -->\n<title>Zypresse Eukalyptus 100% Nat\u00fcrlich - Erboristeria Artemisia<\/title>\n<meta name=\"robots\" content=\"index, follow, max-snippet:-1, max-image-preview:large, max-video-preview:-1\" \/>\n<link rel=\"canonical\" href=\"https:\/\/erboristeria-artemisia.ch\/de\/produkt\/zypresse-eukalyptus-100-natuerlich\/\" \/>\n<meta property=\"og:locale\" content=\"de_DE\" \/>\n<meta property=\"og:type\" content=\"article\" \/>\n<meta property=\"og:title\" content=\"Zypresse Eukalyptus 100% Nat\u00fcrlich - Erboristeria Artemisia\" \/>\n<meta property=\"og:description\" content=\"Zypresse &amp; Eukalyptus Weihrauch &#8211; 100% nat\u00fcrliche Inhaltsstoffe Atmen Sie tief durch und lassen Sie sich von der intensiven Frische der Zypresse in Kombination mit den balsamischen Noten desEukalyptus regenerieren. Diese aromatische Kombination ist ideal, um die Umwelt zu reinigen, die Konzentration zu f\u00f6rdern und das innere Gleichgewicht wiederzufinden. \ud83c\udf3f Zusammensetzung: Mischung aus Harzen, nat\u00fcrlichen [&hellip;]\" \/>\n<meta property=\"og:url\" content=\"https:\/\/erboristeria-artemisia.ch\/de\/produkt\/zypresse-eukalyptus-100-natuerlich\/\" \/>\n<meta property=\"og:site_name\" content=\"Erboristeria Artemisia\" \/>\n<meta property=\"article:modified_time\" content=\"2025-09-25T14:26:11+00:00\" \/>\n<meta property=\"og:image\" content=\"https:\/\/erboristeria-artemisia.ch\/wp-content\/uploads\/2025\/09\/Cypress-Eucalyptus.jpg\" \/>\n\t<meta property=\"og:image:width\" content=\"2000\" \/>\n\t<meta property=\"og:image:height\" content=\"2000\" \/>\n\t<meta property=\"og:image:type\" content=\"image\/jpeg\" \/>\n<meta name=\"twitter:card\" content=\"summary_large_image\" \/>\n<meta name=\"twitter:label1\" content=\"Gesch\u00e4tzte Lesezeit\" \/>\n\t<meta name=\"twitter:data1\" content=\"1\u00a0Minute\" \/>\n<script type=\"application\/ld+json\" class=\"yoast-schema-graph\">{\"@context\":\"https:\\\/\\\/schema.org\",\"@graph\":[{\"@type\":\"WebPage\",\"@id\":\"https:\\\/\\\/erboristeria-artemisia.ch\\\/de\\\/produkt\\\/zypresse-eukalyptus-100-natuerlich\\\/\",\"url\":\"https:\\\/\\\/erboristeria-artemisia.ch\\\/de\\\/produkt\\\/zypresse-eukalyptus-100-natuerlich\\\/\",\"name\":\"Zypresse Eukalyptus 100% Nat\u00fcrlich - Erboristeria Artemisia\",\"isPartOf\":{\"@id\":\"https:\\\/\\\/erboristeria-artemisia.ch\\\/de\\\/#website\"},\"primaryImageOfPage\":{\"@id\":\"https:\\\/\\\/erboristeria-artemisia.ch\\\/de\\\/produkt\\\/zypresse-eukalyptus-100-natuerlich\\\/#primaryimage\"},\"image\":{\"@id\":\"https:\\\/\\\/erboristeria-artemisia.ch\\\/de\\\/produkt\\\/zypresse-eukalyptus-100-natuerlich\\\/#primaryimage\"},\"thumbnailUrl\":\"https:\\\/\\\/erboristeria-artemisia.ch\\\/wp-content\\\/uploads\\\/2025\\\/09\\\/Cypress-Eucalyptus.jpg\",\"datePublished\":\"2025-09-23T20:12:25+00:00\",\"dateModified\":\"2025-09-25T14:26:11+00:00\",\"breadcrumb\":{\"@id\":\"https:\\\/\\\/erboristeria-artemisia.ch\\\/de\\\/produkt\\\/zypresse-eukalyptus-100-natuerlich\\\/#breadcrumb\"},\"inLanguage\":\"de\",\"potentialAction\":[{\"@type\":\"ReadAction\",\"target\":[\"https:\\\/\\\/erboristeria-artemisia.ch\\\/de\\\/produkt\\\/zypresse-eukalyptus-100-natuerlich\\\/\"]}]},{\"@type\":\"ImageObject\",\"inLanguage\":\"de\",\"@id\":\"https:\\\/\\\/erboristeria-artemisia.ch\\\/de\\\/produkt\\\/zypresse-eukalyptus-100-natuerlich\\\/#primaryimage\",\"url\":\"https:\\\/\\\/erboristeria-artemisia.ch\\\/wp-content\\\/uploads\\\/2025\\\/09\\\/Cypress-Eucalyptus.jpg\",\"contentUrl\":\"https:\\\/\\\/erboristeria-artemisia.ch\\\/wp-content\\\/uploads\\\/2025\\\/09\\\/Cypress-Eucalyptus.jpg\",\"width\":2000,\"height\":2000},{\"@type\":\"BreadcrumbList\",\"@id\":\"https:\\\/\\\/erboristeria-artemisia.ch\\\/de\\\/produkt\\\/zypresse-eukalyptus-100-natuerlich\\\/#breadcrumb\",\"itemListElement\":[{\"@type\":\"ListItem\",\"position\":1,\"name\":\"Home\",\"item\":\"https:\\\/\\\/erboristeria-artemisia.ch\\\/de\\\/startseite\\\/\"},{\"@type\":\"ListItem\",\"position\":2,\"name\":\"Shop4\",\"item\":\"https:\\\/\\\/erboristeria-artemisia.ch\\\/shop4\\\/\"},{\"@type\":\"ListItem\",\"position\":3,\"name\":\"Zypresse Eukalyptus 100% Nat\u00fcrlich\"}]},{\"@type\":\"WebSite\",\"@id\":\"https:\\\/\\\/erboristeria-artemisia.ch\\\/de\\\/#website\",\"url\":\"https:\\\/\\\/erboristeria-artemisia.ch\\\/de\\\/\",\"name\":\"Erboristeria Artemisia\",\"description\":\"Ogni sorso \u00e8 un momento per te\",\"potentialAction\":[{\"@type\":\"SearchAction\",\"target\":{\"@type\":\"EntryPoint\",\"urlTemplate\":\"https:\\\/\\\/erboristeria-artemisia.ch\\\/de\\\/?s={search_term_string}\"},\"query-input\":{\"@type\":\"PropertyValueSpecification\",\"valueRequired\":true,\"valueName\":\"search_term_string\"}}],\"inLanguage\":\"de\"}]}<\/script>\n<!-- \/ Yoast SEO plugin. -->","yoast_head_json":{"title":"Zypresse Eukalyptus 100% Nat\u00fcrlich - Erboristeria Artemisia","robots":{"index":"index","follow":"follow","max-snippet":"max-snippet:-1","max-image-preview":"max-image-preview:large","max-video-preview":"max-video-preview:-1"},"canonical":"https:\/\/erboristeria-artemisia.ch\/de\/produkt\/zypresse-eukalyptus-100-natuerlich\/","og_locale":"de_DE","og_type":"article","og_title":"Zypresse Eukalyptus 100% Nat\u00fcrlich - Erboristeria Artemisia","og_description":"Zypresse &amp; Eukalyptus Weihrauch &#8211; 100% nat\u00fcrliche Inhaltsstoffe Atmen Sie tief durch und lassen Sie sich von der intensiven Frische der Zypresse in Kombination mit den balsamischen Noten desEukalyptus regenerieren. Diese aromatische Kombination ist ideal, um die Umwelt zu reinigen, die Konzentration zu f\u00f6rdern und das innere Gleichgewicht wiederzufinden. \ud83c\udf3f Zusammensetzung: Mischung aus Harzen, nat\u00fcrlichen [&hellip;]","og_url":"https:\/\/erboristeria-artemisia.ch\/de\/produkt\/zypresse-eukalyptus-100-natuerlich\/","og_site_name":"Erboristeria Artemisia","article_modified_time":"2025-09-25T14:26:11+00:00","og_image":[{"width":2000,"height":2000,"url":"https:\/\/erboristeria-artemisia.ch\/wp-content\/uploads\/2025\/09\/Cypress-Eucalyptus.jpg","type":"image\/jpeg"}],"twitter_card":"summary_large_image","twitter_misc":{"Gesch\u00e4tzte Lesezeit":"1\u00a0Minute"},"schema":{"@context":"https:\/\/schema.org","@graph":[{"@type":"WebPage","@id":"https:\/\/erboristeria-artemisia.ch\/de\/produkt\/zypresse-eukalyptus-100-natuerlich\/","url":"https:\/\/erboristeria-artemisia.ch\/de\/produkt\/zypresse-eukalyptus-100-natuerlich\/","name":"Zypresse Eukalyptus 100% Nat\u00fcrlich - Erboristeria Artemisia","isPartOf":{"@id":"https:\/\/erboristeria-artemisia.ch\/de\/#website"},"primaryImageOfPage":{"@id":"https:\/\/erboristeria-artemisia.ch\/de\/produkt\/zypresse-eukalyptus-100-natuerlich\/#primaryimage"},"image":{"@id":"https:\/\/erboristeria-artemisia.ch\/de\/produkt\/zypresse-eukalyptus-100-natuerlich\/#primaryimage"},"thumbnailUrl":"https:\/\/erboristeria-artemisia.ch\/wp-content\/uploads\/2025\/09\/Cypress-Eucalyptus.jpg","datePublished":"2025-09-23T20:12:25+00:00","dateModified":"2025-09-25T14:26:11+00:00","breadcrumb":{"@id":"https:\/\/erboristeria-artemisia.ch\/de\/produkt\/zypresse-eukalyptus-100-natuerlich\/#breadcrumb"},"inLanguage":"de","potentialAction":[{"@type":"ReadAction","target":["https:\/\/erboristeria-artemisia.ch\/de\/produkt\/zypresse-eukalyptus-100-natuerlich\/"]}]},{"@type":"ImageObject","inLanguage":"de","@id":"https:\/\/erboristeria-artemisia.ch\/de\/produkt\/zypresse-eukalyptus-100-natuerlich\/#primaryimage","url":"https:\/\/erboristeria-artemisia.ch\/wp-content\/uploads\/2025\/09\/Cypress-Eucalyptus.jpg","contentUrl":"https:\/\/erboristeria-artemisia.ch\/wp-content\/uploads\/2025\/09\/Cypress-Eucalyptus.jpg","width":2000,"height":2000},{"@type":"BreadcrumbList","@id":"https:\/\/erboristeria-artemisia.ch\/de\/produkt\/zypresse-eukalyptus-100-natuerlich\/#breadcrumb","itemListElement":[{"@type":"ListItem","position":1,"name":"Home","item":"https:\/\/erboristeria-artemisia.ch\/de\/startseite\/"},{"@type":"ListItem","position":2,"name":"Shop4","item":"https:\/\/erboristeria-artemisia.ch\/shop4\/"},{"@type":"ListItem","position":3,"name":"Zypresse Eukalyptus 100% Nat\u00fcrlich"}]},{"@type":"WebSite","@id":"https:\/\/erboristeria-artemisia.ch\/de\/#website","url":"https:\/\/erboristeria-artemisia.ch\/de\/","name":"Erboristeria Artemisia","description":"Ogni sorso \u00e8 un momento per te","potentialAction":[{"@type":"SearchAction","target":{"@type":"EntryPoint","urlTemplate":"https:\/\/erboristeria-artemisia.ch\/de\/?s={search_term_string}"},"query-input":{"@type":"PropertyValueSpecification","valueRequired":true,"valueName":"search_term_string"}}],"inLanguage":"de"}]}},"_links":{"self":[{"href":"https:\/\/erboristeria-artemisia.ch\/de\/wp-json\/wp\/v2\/product\/30867","targetHints":{"allow":["GET"]}}],"collection":[{"href":"https:\/\/erboristeria-artemisia.ch\/de\/wp-json\/wp\/v2\/product"}],"about":[{"href":"https:\/\/erboristeria-artemisia.ch\/de\/wp-json\/wp\/v2\/types\/product"}],"wp:featuredmedia":[{"embeddable":true,"href":"https:\/\/erboristeria-artemisia.ch\/de\/wp-json\/wp\/v2\/media\/30604"}],"wp:attachment":[{"href":"https:\/\/erboristeria-artemisia.ch\/de\/wp-json\/wp\/v2\/media?parent=30867"}],"wp:term":[{"taxonomy":"product_brand","embeddable":true,"href":"https:\/\/erboristeria-artemisia.ch\/de\/wp-json\/wp\/v2\/product_brand?post=30867"},{"taxonomy":"product_cat","embeddable":true,"href":"https:\/\/erboristeria-artemisia.ch\/de\/wp-json\/wp\/v2\/product_cat?post=30867"},{"taxonomy":"product_tag","embeddable":true,"href":"https:\/\/erboristeria-artemisia.ch\/de\/wp-json\/wp\/v2\/product_tag?post=30867"}],"curies":[{"name":"wp","href":"https:\/\/api.w.org\/{rel}","templated":true}]}}