{"id":30871,"date":"2025-09-23T22:20:50","date_gmt":"2025-09-23T20:20:50","guid":{"rendered":"https:\/\/erboristeria-artemisia.ch\/product\/palo-santo-100-natuerlich\/"},"modified":"2025-09-25T16:26:12","modified_gmt":"2025-09-25T14:26:12","slug":"palo-santo-100-natuerlich","status":"publish","type":"product","link":"https:\/\/erboristeria-artemisia.ch\/de\/produkt\/palo-santo-100-natuerlich\/","title":{"rendered":"Palo Santo 100% Nat\u00fcrlich"},"content":{"rendered":"<h3 data-start=\"65\" data-end=\"127\"><strong data-start=\"69\" data-end=\"127\">Palo Santo R\u00e4ucherkegel &#8211; 100% nat\u00fcrliche Zutaten<\/strong><\/h3>\n<p data-start=\"129\" data-end=\"382\">Finden Sie inneren Frieden mit dem warmen und spirituellen Duft des <strong data-start=\"193\" data-end=\"207\">Palo Santo<\/strong>, einem heiligen Holz, das seit Jahrhunderten in Reinigungs- und Heilungsritualen verwendet wird. Dieses R\u00e4ucherst\u00e4bchen im <strong data-start=\"296\" data-end=\"304\">Kegelformat<\/strong> ist praktisch in der Anwendung und verstr\u00f6mt ein intensives und anhaltendes Aroma. <\/p>\n<p data-start=\"384\" data-end=\"740\">\ud83c\udf3f <strong data-start=\"387\" data-end=\"403\">Zusammensetzung<\/strong>: Hergestellt aus Palo Santo-Pulver und anderen nat\u00fcrlichen Zutaten, ohne Zusatz von Chemikalien oder k\u00fcnstlichen Duftstoffen.<br data-start=\"532\" data-end=\"535\">\ud83d\udd25 <strong data-start=\"538\" data-end=\"547\">Aroma<\/strong>: Holzig, harzig, leicht zitrusartig &#8211; ideal f\u00fcr die Meditation, die energetische Reinigung oder die Schaffung einer entspannenden Atmosph\u00e4re.<br data-start=\"677\" data-end=\"680\">\ud83d\udeab <strong data-start=\"683\" data-end=\"739\">Frei von synthetischen Duftstoffen, Farbstoffen oder sch\u00e4dlichen Zus\u00e4tzen<\/strong>.<\/p>\n<p data-start=\"742\" data-end=\"907\">\ud83d\udce6 <strong data-start=\"745\" data-end=\"758\">Inhalt<\/strong>: 8 Kegel<br data-start=\"766\" data-end=\"769\">\u2696\ufe0f <strong data-start=\"772\" data-end=\"787\">Gesamtgewicht<\/strong>: 20 g<br data-start=\"793\" data-end=\"796\">\ud83d\udd6f\ufe0f <strong data-start=\"800\" data-end=\"811\">Format<\/strong>: R\u00e4ucherkegel + Kegelhalter enthalten<br data-start=\"848\" data-end=\"851\">\ud83d\udd25 <strong data-start=\"854\" data-end=\"878\" data-is-only-node=\"\">Brenndauer<\/strong>: ca. 20-25 Minuten pro Kegel<\/p>\n<p data-start=\"909\" data-end=\"1112\"><strong data-start=\"909\" data-end=\"1112\">Ein nat\u00fcrliches und tiefgreifendes Dufterlebnis f\u00fcr alle, die den authentischen Duft von Palo Santo in praktischer und sofortiger Form lieben. Mit praktischem Doldenhalter f\u00fcr eine sichere und einfache Anwendung.<\/strong><\/p>\n","protected":false},"excerpt":{"rendered":"<p>Palo Santo R\u00e4ucherkegel &#8211; 100% nat\u00fcrliche Zutaten Finden Sie inneren Frieden mit dem warmen und spirituellen Duft des Palo Santo, einem heiligen Holz, das seit Jahrhunderten in Reinigungs- und Heilungsritualen verwendet wird. Dieses R\u00e4ucherst\u00e4bchen im Kegelformat ist praktisch in der Anwendung und verstr\u00f6mt ein intensives und anhaltendes Aroma. \ud83c\udf3f Zusammensetzung: Hergestellt aus Palo Santo-Pulver und [&hellip;]<\/p>\n","protected":false},"featured_media":30607,"template":"","meta":{"_et_pb_use_builder":"","_et_pb_old_content":"","_et_gb_content_width":""},"product_brand":[],"product_cat":[87],"product_tag":[],"class_list":{"0":"post-30871","1":"product","2":"type-product","3":"status-publish","4":"has-post-thumbnail","6":"product_cat-kegel","8":"first","9":"instock","10":"shipping-taxable","11":"purchasable","12":"product-type-simple"},"yoast_head":"<!-- This site is optimized with the Yoast SEO plugin v27.4 - https:\/\/yoast.com\/product\/yoast-seo-wordpress\/ -->\n<title>Palo Santo 100% Nat\u00fcrlich - Erboristeria Artemisia<\/title>\n<meta name=\"robots\" content=\"index, follow, max-snippet:-1, max-image-preview:large, max-video-preview:-1\" \/>\n<link rel=\"canonical\" href=\"https:\/\/erboristeria-artemisia.ch\/de\/produkt\/palo-santo-100-natuerlich\/\" \/>\n<meta property=\"og:locale\" content=\"de_DE\" \/>\n<meta property=\"og:type\" content=\"article\" \/>\n<meta property=\"og:title\" content=\"Palo Santo 100% Nat\u00fcrlich - Erboristeria Artemisia\" \/>\n<meta property=\"og:description\" content=\"Palo Santo R\u00e4ucherkegel &#8211; 100% nat\u00fcrliche Zutaten Finden Sie inneren Frieden mit dem warmen und spirituellen Duft des Palo Santo, einem heiligen Holz, das seit Jahrhunderten in Reinigungs- und Heilungsritualen verwendet wird. Dieses R\u00e4ucherst\u00e4bchen im Kegelformat ist praktisch in der Anwendung und verstr\u00f6mt ein intensives und anhaltendes Aroma. \ud83c\udf3f Zusammensetzung: Hergestellt aus Palo Santo-Pulver und [&hellip;]\" \/>\n<meta property=\"og:url\" content=\"https:\/\/erboristeria-artemisia.ch\/de\/produkt\/palo-santo-100-natuerlich\/\" \/>\n<meta property=\"og:site_name\" content=\"Erboristeria Artemisia\" \/>\n<meta property=\"article:modified_time\" content=\"2025-09-25T14:26:12+00:00\" \/>\n<meta property=\"og:image\" content=\"https:\/\/erboristeria-artemisia.ch\/wp-content\/uploads\/2025\/09\/Cono-Palo-santo.jpg\" \/>\n\t<meta property=\"og:image:width\" content=\"2000\" \/>\n\t<meta property=\"og:image:height\" content=\"2000\" \/>\n\t<meta property=\"og:image:type\" content=\"image\/jpeg\" \/>\n<meta name=\"twitter:card\" content=\"summary_large_image\" \/>\n<meta name=\"twitter:label1\" content=\"Gesch\u00e4tzte Lesezeit\" \/>\n\t<meta name=\"twitter:data1\" content=\"1\u00a0Minute\" \/>\n<script type=\"application\/ld+json\" class=\"yoast-schema-graph\">{\"@context\":\"https:\\\/\\\/schema.org\",\"@graph\":[{\"@type\":\"WebPage\",\"@id\":\"https:\\\/\\\/erboristeria-artemisia.ch\\\/de\\\/produkt\\\/palo-santo-100-natuerlich\\\/\",\"url\":\"https:\\\/\\\/erboristeria-artemisia.ch\\\/de\\\/produkt\\\/palo-santo-100-natuerlich\\\/\",\"name\":\"Palo Santo 100% Nat\u00fcrlich - Erboristeria Artemisia\",\"isPartOf\":{\"@id\":\"https:\\\/\\\/erboristeria-artemisia.ch\\\/de\\\/#website\"},\"primaryImageOfPage\":{\"@id\":\"https:\\\/\\\/erboristeria-artemisia.ch\\\/de\\\/produkt\\\/palo-santo-100-natuerlich\\\/#primaryimage\"},\"image\":{\"@id\":\"https:\\\/\\\/erboristeria-artemisia.ch\\\/de\\\/produkt\\\/palo-santo-100-natuerlich\\\/#primaryimage\"},\"thumbnailUrl\":\"https:\\\/\\\/erboristeria-artemisia.ch\\\/wp-content\\\/uploads\\\/2025\\\/09\\\/Cono-Palo-santo.jpg\",\"datePublished\":\"2025-09-23T20:20:50+00:00\",\"dateModified\":\"2025-09-25T14:26:12+00:00\",\"breadcrumb\":{\"@id\":\"https:\\\/\\\/erboristeria-artemisia.ch\\\/de\\\/produkt\\\/palo-santo-100-natuerlich\\\/#breadcrumb\"},\"inLanguage\":\"de\",\"potentialAction\":[{\"@type\":\"ReadAction\",\"target\":[\"https:\\\/\\\/erboristeria-artemisia.ch\\\/de\\\/produkt\\\/palo-santo-100-natuerlich\\\/\"]}]},{\"@type\":\"ImageObject\",\"inLanguage\":\"de\",\"@id\":\"https:\\\/\\\/erboristeria-artemisia.ch\\\/de\\\/produkt\\\/palo-santo-100-natuerlich\\\/#primaryimage\",\"url\":\"https:\\\/\\\/erboristeria-artemisia.ch\\\/wp-content\\\/uploads\\\/2025\\\/09\\\/Cono-Palo-santo.jpg\",\"contentUrl\":\"https:\\\/\\\/erboristeria-artemisia.ch\\\/wp-content\\\/uploads\\\/2025\\\/09\\\/Cono-Palo-santo.jpg\",\"width\":2000,\"height\":2000},{\"@type\":\"BreadcrumbList\",\"@id\":\"https:\\\/\\\/erboristeria-artemisia.ch\\\/de\\\/produkt\\\/palo-santo-100-natuerlich\\\/#breadcrumb\",\"itemListElement\":[{\"@type\":\"ListItem\",\"position\":1,\"name\":\"Home\",\"item\":\"https:\\\/\\\/erboristeria-artemisia.ch\\\/de\\\/startseite\\\/\"},{\"@type\":\"ListItem\",\"position\":2,\"name\":\"Shop4\",\"item\":\"https:\\\/\\\/erboristeria-artemisia.ch\\\/shop4\\\/\"},{\"@type\":\"ListItem\",\"position\":3,\"name\":\"Palo Santo 100% Nat\u00fcrlich\"}]},{\"@type\":\"WebSite\",\"@id\":\"https:\\\/\\\/erboristeria-artemisia.ch\\\/de\\\/#website\",\"url\":\"https:\\\/\\\/erboristeria-artemisia.ch\\\/de\\\/\",\"name\":\"Erboristeria Artemisia\",\"description\":\"Ogni sorso \u00e8 un momento per te\",\"potentialAction\":[{\"@type\":\"SearchAction\",\"target\":{\"@type\":\"EntryPoint\",\"urlTemplate\":\"https:\\\/\\\/erboristeria-artemisia.ch\\\/de\\\/?s={search_term_string}\"},\"query-input\":{\"@type\":\"PropertyValueSpecification\",\"valueRequired\":true,\"valueName\":\"search_term_string\"}}],\"inLanguage\":\"de\"}]}<\/script>\n<!-- \/ Yoast SEO plugin. -->","yoast_head_json":{"title":"Palo Santo 100% Nat\u00fcrlich - Erboristeria Artemisia","robots":{"index":"index","follow":"follow","max-snippet":"max-snippet:-1","max-image-preview":"max-image-preview:large","max-video-preview":"max-video-preview:-1"},"canonical":"https:\/\/erboristeria-artemisia.ch\/de\/produkt\/palo-santo-100-natuerlich\/","og_locale":"de_DE","og_type":"article","og_title":"Palo Santo 100% Nat\u00fcrlich - Erboristeria Artemisia","og_description":"Palo Santo R\u00e4ucherkegel &#8211; 100% nat\u00fcrliche Zutaten Finden Sie inneren Frieden mit dem warmen und spirituellen Duft des Palo Santo, einem heiligen Holz, das seit Jahrhunderten in Reinigungs- und Heilungsritualen verwendet wird. Dieses R\u00e4ucherst\u00e4bchen im Kegelformat ist praktisch in der Anwendung und verstr\u00f6mt ein intensives und anhaltendes Aroma. \ud83c\udf3f Zusammensetzung: Hergestellt aus Palo Santo-Pulver und [&hellip;]","og_url":"https:\/\/erboristeria-artemisia.ch\/de\/produkt\/palo-santo-100-natuerlich\/","og_site_name":"Erboristeria Artemisia","article_modified_time":"2025-09-25T14:26:12+00:00","og_image":[{"width":2000,"height":2000,"url":"https:\/\/erboristeria-artemisia.ch\/wp-content\/uploads\/2025\/09\/Cono-Palo-santo.jpg","type":"image\/jpeg"}],"twitter_card":"summary_large_image","twitter_misc":{"Gesch\u00e4tzte Lesezeit":"1\u00a0Minute"},"schema":{"@context":"https:\/\/schema.org","@graph":[{"@type":"WebPage","@id":"https:\/\/erboristeria-artemisia.ch\/de\/produkt\/palo-santo-100-natuerlich\/","url":"https:\/\/erboristeria-artemisia.ch\/de\/produkt\/palo-santo-100-natuerlich\/","name":"Palo Santo 100% Nat\u00fcrlich - Erboristeria Artemisia","isPartOf":{"@id":"https:\/\/erboristeria-artemisia.ch\/de\/#website"},"primaryImageOfPage":{"@id":"https:\/\/erboristeria-artemisia.ch\/de\/produkt\/palo-santo-100-natuerlich\/#primaryimage"},"image":{"@id":"https:\/\/erboristeria-artemisia.ch\/de\/produkt\/palo-santo-100-natuerlich\/#primaryimage"},"thumbnailUrl":"https:\/\/erboristeria-artemisia.ch\/wp-content\/uploads\/2025\/09\/Cono-Palo-santo.jpg","datePublished":"2025-09-23T20:20:50+00:00","dateModified":"2025-09-25T14:26:12+00:00","breadcrumb":{"@id":"https:\/\/erboristeria-artemisia.ch\/de\/produkt\/palo-santo-100-natuerlich\/#breadcrumb"},"inLanguage":"de","potentialAction":[{"@type":"ReadAction","target":["https:\/\/erboristeria-artemisia.ch\/de\/produkt\/palo-santo-100-natuerlich\/"]}]},{"@type":"ImageObject","inLanguage":"de","@id":"https:\/\/erboristeria-artemisia.ch\/de\/produkt\/palo-santo-100-natuerlich\/#primaryimage","url":"https:\/\/erboristeria-artemisia.ch\/wp-content\/uploads\/2025\/09\/Cono-Palo-santo.jpg","contentUrl":"https:\/\/erboristeria-artemisia.ch\/wp-content\/uploads\/2025\/09\/Cono-Palo-santo.jpg","width":2000,"height":2000},{"@type":"BreadcrumbList","@id":"https:\/\/erboristeria-artemisia.ch\/de\/produkt\/palo-santo-100-natuerlich\/#breadcrumb","itemListElement":[{"@type":"ListItem","position":1,"name":"Home","item":"https:\/\/erboristeria-artemisia.ch\/de\/startseite\/"},{"@type":"ListItem","position":2,"name":"Shop4","item":"https:\/\/erboristeria-artemisia.ch\/shop4\/"},{"@type":"ListItem","position":3,"name":"Palo Santo 100% Nat\u00fcrlich"}]},{"@type":"WebSite","@id":"https:\/\/erboristeria-artemisia.ch\/de\/#website","url":"https:\/\/erboristeria-artemisia.ch\/de\/","name":"Erboristeria Artemisia","description":"Ogni sorso \u00e8 un momento per te","potentialAction":[{"@type":"SearchAction","target":{"@type":"EntryPoint","urlTemplate":"https:\/\/erboristeria-artemisia.ch\/de\/?s={search_term_string}"},"query-input":{"@type":"PropertyValueSpecification","valueRequired":true,"valueName":"search_term_string"}}],"inLanguage":"de"}]}},"_links":{"self":[{"href":"https:\/\/erboristeria-artemisia.ch\/de\/wp-json\/wp\/v2\/product\/30871","targetHints":{"allow":["GET"]}}],"collection":[{"href":"https:\/\/erboristeria-artemisia.ch\/de\/wp-json\/wp\/v2\/product"}],"about":[{"href":"https:\/\/erboristeria-artemisia.ch\/de\/wp-json\/wp\/v2\/types\/product"}],"wp:featuredmedia":[{"embeddable":true,"href":"https:\/\/erboristeria-artemisia.ch\/de\/wp-json\/wp\/v2\/media\/30607"}],"wp:attachment":[{"href":"https:\/\/erboristeria-artemisia.ch\/de\/wp-json\/wp\/v2\/media?parent=30871"}],"wp:term":[{"taxonomy":"product_brand","embeddable":true,"href":"https:\/\/erboristeria-artemisia.ch\/de\/wp-json\/wp\/v2\/product_brand?post=30871"},{"taxonomy":"product_cat","embeddable":true,"href":"https:\/\/erboristeria-artemisia.ch\/de\/wp-json\/wp\/v2\/product_cat?post=30871"},{"taxonomy":"product_tag","embeddable":true,"href":"https:\/\/erboristeria-artemisia.ch\/de\/wp-json\/wp\/v2\/product_tag?post=30871"}],"curies":[{"name":"wp","href":"https:\/\/api.w.org\/{rel}","templated":true}]}}