{"id":30876,"date":"2025-09-23T22:23:50","date_gmt":"2025-09-23T20:23:50","guid":{"rendered":"https:\/\/erboristeria-artemisia.ch\/product\/100-natuerlicher-champak\/"},"modified":"2025-09-25T16:26:12","modified_gmt":"2025-09-25T14:26:12","slug":"100-natuerlicher-champak","status":"publish","type":"product","link":"https:\/\/erboristeria-artemisia.ch\/de\/produkt\/100-natuerlicher-champak\/","title":{"rendered":"100% nat\u00fcrlicher Champak"},"content":{"rendered":"<h3 data-start=\"68\" data-end=\"122\"><strong data-start=\"72\" data-end=\"122\">Champak Weihrauch &#8211; 100% nat\u00fcrliche Zutaten<\/strong><\/h3>\n<p data-start=\"124\" data-end=\"449\">Tauchen Sie ein in den warmen, umh\u00fcllenden Duft von <strong data-start=\"173\" data-end=\"184\">Champak<\/strong>, einer exotischen Blume, die f\u00fcr ihren s\u00fc\u00dfen, reichen und leicht w\u00fcrzigen Duft bekannt ist. Dieses nat\u00fcrliche R\u00e4ucherwerk ist perfekt, um eine entspannende und harmonische Atmosph\u00e4re zu schaffen, ideal f\u00fcr Momente der Meditation, der Entspannung oder einfach, um Ihr Zuhause mit Eleganz zu parf\u00fcmieren. <\/p>\n<p data-start=\"451\" data-end=\"744\">\ud83c\udf3f <strong data-start=\"454\" data-end=\"470\">Zusammensetzung<\/strong>: Hergestellt aus ausgew\u00e4hlten nat\u00fcrlichen Inhaltsstoffen, ohne synthetische Duftstoffe, Farbstoffe oder Chemikalien.<br data-start=\"576\" data-end=\"579\">\ud83d\udd25 <strong data-start=\"582\" data-end=\"591\">Aroma<\/strong>: S\u00fc\u00df, blumig und leicht w\u00fcrzig, ein authentischer Duft, der die Sinne sanft umh\u00fcllt.<br data-start=\"690\" data-end=\"693\">\ud83d\udeab <strong data-start=\"696\" data-end=\"705\">Ohne<\/strong> k\u00fcnstliche Duftstoffe oder sch\u00e4dliche Zus\u00e4tze.<\/p>\n<p data-start=\"746\" data-end=\"874\">\ud83d\udce6 <strong data-start=\"749\" data-end=\"762\">Inhalt<\/strong>: 10 St\u00e4bchen<br data-start=\"777\" data-end=\"780\">\ud83d\udccf <strong data-start=\"783\" data-end=\"796\">L\u00e4nge<\/strong>: je 20 cm<br data-start=\"812\" data-end=\"815\">\ud83d\udd25 <strong data-start=\"818\" data-end=\"842\">Brenndauer<\/strong>: ca. 30 Minuten pro St\u00e4bchen<\/p>\n<p data-start=\"876\" data-end=\"1010\"><strong data-start=\"876\" data-end=\"1010\">Ein nat\u00fcrliches R\u00e4ucherst\u00e4bchen f\u00fcr alle, die authentische und zarte D\u00fcfte lieben, die jeden Raum in eine Oase des Wohlbefindens verwandeln.<\/strong><\/p>\n","protected":false},"excerpt":{"rendered":"<p>Champak Weihrauch &#8211; 100% nat\u00fcrliche Zutaten Tauchen Sie ein in den warmen, umh\u00fcllenden Duft von Champak, einer exotischen Blume, die f\u00fcr ihren s\u00fc\u00dfen, reichen und leicht w\u00fcrzigen Duft bekannt ist. Dieses nat\u00fcrliche R\u00e4ucherwerk ist perfekt, um eine entspannende und harmonische Atmosph\u00e4re zu schaffen, ideal f\u00fcr Momente der Meditation, der Entspannung oder einfach, um Ihr Zuhause [&hellip;]<\/p>\n","protected":false},"featured_media":30612,"template":"","meta":{"_et_pb_use_builder":"","_et_pb_old_content":"","_et_gb_content_width":""},"product_brand":[],"product_cat":[86],"product_tag":[],"class_list":{"0":"post-30876","1":"product","2":"type-product","3":"status-publish","4":"has-post-thumbnail","6":"product_cat-essstabchen","8":"first","9":"instock","10":"shipping-taxable","11":"purchasable","12":"product-type-simple"},"yoast_head":"<!-- This site is optimized with the Yoast SEO plugin v27.4 - https:\/\/yoast.com\/product\/yoast-seo-wordpress\/ -->\n<title>100% nat\u00fcrlicher Champak - Erboristeria Artemisia<\/title>\n<meta name=\"robots\" content=\"index, follow, max-snippet:-1, max-image-preview:large, max-video-preview:-1\" \/>\n<link rel=\"canonical\" href=\"https:\/\/erboristeria-artemisia.ch\/de\/produkt\/100-natuerlicher-champak\/\" \/>\n<meta property=\"og:locale\" content=\"de_DE\" \/>\n<meta property=\"og:type\" content=\"article\" \/>\n<meta property=\"og:title\" content=\"100% nat\u00fcrlicher Champak - Erboristeria Artemisia\" \/>\n<meta property=\"og:description\" content=\"Champak Weihrauch &#8211; 100% nat\u00fcrliche Zutaten Tauchen Sie ein in den warmen, umh\u00fcllenden Duft von Champak, einer exotischen Blume, die f\u00fcr ihren s\u00fc\u00dfen, reichen und leicht w\u00fcrzigen Duft bekannt ist. Dieses nat\u00fcrliche R\u00e4ucherwerk ist perfekt, um eine entspannende und harmonische Atmosph\u00e4re zu schaffen, ideal f\u00fcr Momente der Meditation, der Entspannung oder einfach, um Ihr Zuhause [&hellip;]\" \/>\n<meta property=\"og:url\" content=\"https:\/\/erboristeria-artemisia.ch\/de\/produkt\/100-natuerlicher-champak\/\" \/>\n<meta property=\"og:site_name\" content=\"Erboristeria Artemisia\" \/>\n<meta property=\"article:modified_time\" content=\"2025-09-25T14:26:12+00:00\" \/>\n<meta property=\"og:image\" content=\"https:\/\/erboristeria-artemisia.ch\/wp-content\/uploads\/2025\/09\/Champak.jpg\" \/>\n\t<meta property=\"og:image:width\" content=\"2000\" \/>\n\t<meta property=\"og:image:height\" content=\"2000\" \/>\n\t<meta property=\"og:image:type\" content=\"image\/jpeg\" \/>\n<meta name=\"twitter:card\" content=\"summary_large_image\" \/>\n<meta name=\"twitter:label1\" content=\"Gesch\u00e4tzte Lesezeit\" \/>\n\t<meta name=\"twitter:data1\" content=\"1\u00a0Minute\" \/>\n<script type=\"application\/ld+json\" class=\"yoast-schema-graph\">{\"@context\":\"https:\\\/\\\/schema.org\",\"@graph\":[{\"@type\":\"WebPage\",\"@id\":\"https:\\\/\\\/erboristeria-artemisia.ch\\\/de\\\/produkt\\\/100-natuerlicher-champak\\\/\",\"url\":\"https:\\\/\\\/erboristeria-artemisia.ch\\\/de\\\/produkt\\\/100-natuerlicher-champak\\\/\",\"name\":\"100% nat\u00fcrlicher Champak - Erboristeria Artemisia\",\"isPartOf\":{\"@id\":\"https:\\\/\\\/erboristeria-artemisia.ch\\\/de\\\/#website\"},\"primaryImageOfPage\":{\"@id\":\"https:\\\/\\\/erboristeria-artemisia.ch\\\/de\\\/produkt\\\/100-natuerlicher-champak\\\/#primaryimage\"},\"image\":{\"@id\":\"https:\\\/\\\/erboristeria-artemisia.ch\\\/de\\\/produkt\\\/100-natuerlicher-champak\\\/#primaryimage\"},\"thumbnailUrl\":\"https:\\\/\\\/erboristeria-artemisia.ch\\\/wp-content\\\/uploads\\\/2025\\\/09\\\/Champak.jpg\",\"datePublished\":\"2025-09-23T20:23:50+00:00\",\"dateModified\":\"2025-09-25T14:26:12+00:00\",\"breadcrumb\":{\"@id\":\"https:\\\/\\\/erboristeria-artemisia.ch\\\/de\\\/produkt\\\/100-natuerlicher-champak\\\/#breadcrumb\"},\"inLanguage\":\"de\",\"potentialAction\":[{\"@type\":\"ReadAction\",\"target\":[\"https:\\\/\\\/erboristeria-artemisia.ch\\\/de\\\/produkt\\\/100-natuerlicher-champak\\\/\"]}]},{\"@type\":\"ImageObject\",\"inLanguage\":\"de\",\"@id\":\"https:\\\/\\\/erboristeria-artemisia.ch\\\/de\\\/produkt\\\/100-natuerlicher-champak\\\/#primaryimage\",\"url\":\"https:\\\/\\\/erboristeria-artemisia.ch\\\/wp-content\\\/uploads\\\/2025\\\/09\\\/Champak.jpg\",\"contentUrl\":\"https:\\\/\\\/erboristeria-artemisia.ch\\\/wp-content\\\/uploads\\\/2025\\\/09\\\/Champak.jpg\",\"width\":2000,\"height\":2000},{\"@type\":\"BreadcrumbList\",\"@id\":\"https:\\\/\\\/erboristeria-artemisia.ch\\\/de\\\/produkt\\\/100-natuerlicher-champak\\\/#breadcrumb\",\"itemListElement\":[{\"@type\":\"ListItem\",\"position\":1,\"name\":\"Home\",\"item\":\"https:\\\/\\\/erboristeria-artemisia.ch\\\/de\\\/startseite\\\/\"},{\"@type\":\"ListItem\",\"position\":2,\"name\":\"Shop4\",\"item\":\"https:\\\/\\\/erboristeria-artemisia.ch\\\/shop4\\\/\"},{\"@type\":\"ListItem\",\"position\":3,\"name\":\"100% nat\u00fcrlicher Champak\"}]},{\"@type\":\"WebSite\",\"@id\":\"https:\\\/\\\/erboristeria-artemisia.ch\\\/de\\\/#website\",\"url\":\"https:\\\/\\\/erboristeria-artemisia.ch\\\/de\\\/\",\"name\":\"Erboristeria Artemisia\",\"description\":\"Ogni sorso \u00e8 un momento per te\",\"potentialAction\":[{\"@type\":\"SearchAction\",\"target\":{\"@type\":\"EntryPoint\",\"urlTemplate\":\"https:\\\/\\\/erboristeria-artemisia.ch\\\/de\\\/?s={search_term_string}\"},\"query-input\":{\"@type\":\"PropertyValueSpecification\",\"valueRequired\":true,\"valueName\":\"search_term_string\"}}],\"inLanguage\":\"de\"}]}<\/script>\n<!-- \/ Yoast SEO plugin. -->","yoast_head_json":{"title":"100% nat\u00fcrlicher Champak - Erboristeria Artemisia","robots":{"index":"index","follow":"follow","max-snippet":"max-snippet:-1","max-image-preview":"max-image-preview:large","max-video-preview":"max-video-preview:-1"},"canonical":"https:\/\/erboristeria-artemisia.ch\/de\/produkt\/100-natuerlicher-champak\/","og_locale":"de_DE","og_type":"article","og_title":"100% nat\u00fcrlicher Champak - Erboristeria Artemisia","og_description":"Champak Weihrauch &#8211; 100% nat\u00fcrliche Zutaten Tauchen Sie ein in den warmen, umh\u00fcllenden Duft von Champak, einer exotischen Blume, die f\u00fcr ihren s\u00fc\u00dfen, reichen und leicht w\u00fcrzigen Duft bekannt ist. Dieses nat\u00fcrliche R\u00e4ucherwerk ist perfekt, um eine entspannende und harmonische Atmosph\u00e4re zu schaffen, ideal f\u00fcr Momente der Meditation, der Entspannung oder einfach, um Ihr Zuhause [&hellip;]","og_url":"https:\/\/erboristeria-artemisia.ch\/de\/produkt\/100-natuerlicher-champak\/","og_site_name":"Erboristeria Artemisia","article_modified_time":"2025-09-25T14:26:12+00:00","og_image":[{"width":2000,"height":2000,"url":"https:\/\/erboristeria-artemisia.ch\/wp-content\/uploads\/2025\/09\/Champak.jpg","type":"image\/jpeg"}],"twitter_card":"summary_large_image","twitter_misc":{"Gesch\u00e4tzte Lesezeit":"1\u00a0Minute"},"schema":{"@context":"https:\/\/schema.org","@graph":[{"@type":"WebPage","@id":"https:\/\/erboristeria-artemisia.ch\/de\/produkt\/100-natuerlicher-champak\/","url":"https:\/\/erboristeria-artemisia.ch\/de\/produkt\/100-natuerlicher-champak\/","name":"100% nat\u00fcrlicher Champak - Erboristeria Artemisia","isPartOf":{"@id":"https:\/\/erboristeria-artemisia.ch\/de\/#website"},"primaryImageOfPage":{"@id":"https:\/\/erboristeria-artemisia.ch\/de\/produkt\/100-natuerlicher-champak\/#primaryimage"},"image":{"@id":"https:\/\/erboristeria-artemisia.ch\/de\/produkt\/100-natuerlicher-champak\/#primaryimage"},"thumbnailUrl":"https:\/\/erboristeria-artemisia.ch\/wp-content\/uploads\/2025\/09\/Champak.jpg","datePublished":"2025-09-23T20:23:50+00:00","dateModified":"2025-09-25T14:26:12+00:00","breadcrumb":{"@id":"https:\/\/erboristeria-artemisia.ch\/de\/produkt\/100-natuerlicher-champak\/#breadcrumb"},"inLanguage":"de","potentialAction":[{"@type":"ReadAction","target":["https:\/\/erboristeria-artemisia.ch\/de\/produkt\/100-natuerlicher-champak\/"]}]},{"@type":"ImageObject","inLanguage":"de","@id":"https:\/\/erboristeria-artemisia.ch\/de\/produkt\/100-natuerlicher-champak\/#primaryimage","url":"https:\/\/erboristeria-artemisia.ch\/wp-content\/uploads\/2025\/09\/Champak.jpg","contentUrl":"https:\/\/erboristeria-artemisia.ch\/wp-content\/uploads\/2025\/09\/Champak.jpg","width":2000,"height":2000},{"@type":"BreadcrumbList","@id":"https:\/\/erboristeria-artemisia.ch\/de\/produkt\/100-natuerlicher-champak\/#breadcrumb","itemListElement":[{"@type":"ListItem","position":1,"name":"Home","item":"https:\/\/erboristeria-artemisia.ch\/de\/startseite\/"},{"@type":"ListItem","position":2,"name":"Shop4","item":"https:\/\/erboristeria-artemisia.ch\/shop4\/"},{"@type":"ListItem","position":3,"name":"100% nat\u00fcrlicher Champak"}]},{"@type":"WebSite","@id":"https:\/\/erboristeria-artemisia.ch\/de\/#website","url":"https:\/\/erboristeria-artemisia.ch\/de\/","name":"Erboristeria Artemisia","description":"Ogni sorso \u00e8 un momento per te","potentialAction":[{"@type":"SearchAction","target":{"@type":"EntryPoint","urlTemplate":"https:\/\/erboristeria-artemisia.ch\/de\/?s={search_term_string}"},"query-input":{"@type":"PropertyValueSpecification","valueRequired":true,"valueName":"search_term_string"}}],"inLanguage":"de"}]}},"_links":{"self":[{"href":"https:\/\/erboristeria-artemisia.ch\/de\/wp-json\/wp\/v2\/product\/30876","targetHints":{"allow":["GET"]}}],"collection":[{"href":"https:\/\/erboristeria-artemisia.ch\/de\/wp-json\/wp\/v2\/product"}],"about":[{"href":"https:\/\/erboristeria-artemisia.ch\/de\/wp-json\/wp\/v2\/types\/product"}],"wp:featuredmedia":[{"embeddable":true,"href":"https:\/\/erboristeria-artemisia.ch\/de\/wp-json\/wp\/v2\/media\/30612"}],"wp:attachment":[{"href":"https:\/\/erboristeria-artemisia.ch\/de\/wp-json\/wp\/v2\/media?parent=30876"}],"wp:term":[{"taxonomy":"product_brand","embeddable":true,"href":"https:\/\/erboristeria-artemisia.ch\/de\/wp-json\/wp\/v2\/product_brand?post=30876"},{"taxonomy":"product_cat","embeddable":true,"href":"https:\/\/erboristeria-artemisia.ch\/de\/wp-json\/wp\/v2\/product_cat?post=30876"},{"taxonomy":"product_tag","embeddable":true,"href":"https:\/\/erboristeria-artemisia.ch\/de\/wp-json\/wp\/v2\/product_tag?post=30876"}],"curies":[{"name":"wp","href":"https:\/\/api.w.org\/{rel}","templated":true}]}}