{"id":30879,"date":"2025-09-23T22:28:09","date_gmt":"2025-09-23T20:28:09","guid":{"rendered":"https:\/\/erboristeria-artemisia.ch\/product\/zimt-100-natuerlich\/"},"modified":"2025-09-25T16:26:13","modified_gmt":"2025-09-25T14:26:13","slug":"zimt-100-natuerlich","status":"publish","type":"product","link":"https:\/\/erboristeria-artemisia.ch\/de\/produkt\/zimt-100-natuerlich\/","title":{"rendered":"Zimt 100% Nat\u00fcrlich"},"content":{"rendered":"<h3 data-start=\"69\" data-end=\"126\"><strong data-start=\"73\" data-end=\"126\">Zimt Weihrauch &#8211; 100% nat\u00fcrliche Zutaten<\/strong><\/h3>\n<p data-start=\"128\" data-end=\"395\">Erw\u00e4rmen Sie die Atmosph\u00e4re mit dem intensiven, umh\u00fcllenden Aroma von <strong data-start=\"186\" data-end=\"198\">Zimt<\/strong>, einem Gew\u00fcrz, das f\u00fcr seine anregenden und beruhigenden Eigenschaften bekannt ist. Dieses nat\u00fcrliche R\u00e4ucherwerk ist ideal, um ein gem\u00fctliches Ambiente zu schaffen, die Konzentration zu f\u00f6rdern und positive Energie zu verbreiten. <\/p>\n<p data-start=\"397\" data-end=\"671\">\ud83c\udf3f <strong data-start=\"400\" data-end=\"416\">Zusammensetzung<\/strong>: Hergestellt aus ausgew\u00e4hlten nat\u00fcrlichen Inhaltsstoffen, ohne synthetische Parf\u00fcmstoffe, Farbstoffe oder Chemikalien.<br data-start=\"522\" data-end=\"525\">\ud83d\udd25 <strong data-start=\"528\" data-end=\"537\">Aroma<\/strong>: S\u00fc\u00df, w\u00fcrzig und warm, ein authentischer Duft, der die Sinne und die Stimmung weckt.<br data-start=\"617\" data-end=\"620\">\ud83d\udeab <strong data-start=\"623\" data-end=\"632\">Ohne<\/strong> k\u00fcnstliche Duftstoffe oder sch\u00e4dliche Zus\u00e4tze.<\/p>\n<p data-start=\"673\" data-end=\"801\">\ud83d\udce6 <strong data-start=\"676\" data-end=\"689\">Inhalt<\/strong>: 10 St\u00e4bchen<br data-start=\"704\" data-end=\"707\">\ud83d\udccf <strong data-start=\"710\" data-end=\"723\">L\u00e4nge<\/strong>: je 20 cm<br data-start=\"739\" data-end=\"742\">\ud83d\udd25 <strong data-start=\"745\" data-end=\"769\">Brenndauer<\/strong>: ca. 30 Minuten pro St\u00e4bchen<\/p>\n<p data-start=\"803\" data-end=\"926\"><strong data-start=\"803\" data-end=\"926\">Ein nat\u00fcrliches R\u00e4ucherwerk f\u00fcr alle, die umh\u00fcllende und anregende D\u00fcfte m\u00f6gen, perfekt f\u00fcr jede Tageszeit.<\/strong><\/p>\n","protected":false},"excerpt":{"rendered":"<p>Zimt Weihrauch &#8211; 100% nat\u00fcrliche Zutaten Erw\u00e4rmen Sie die Atmosph\u00e4re mit dem intensiven, umh\u00fcllenden Aroma von Zimt, einem Gew\u00fcrz, das f\u00fcr seine anregenden und beruhigenden Eigenschaften bekannt ist. Dieses nat\u00fcrliche R\u00e4ucherwerk ist ideal, um ein gem\u00fctliches Ambiente zu schaffen, die Konzentration zu f\u00f6rdern und positive Energie zu verbreiten. \ud83c\udf3f Zusammensetzung: Hergestellt aus ausgew\u00e4hlten nat\u00fcrlichen Inhaltsstoffen, [&hellip;]<\/p>\n","protected":false},"featured_media":30616,"template":"","meta":{"_et_pb_use_builder":"","_et_pb_old_content":"","_et_gb_content_width":""},"product_brand":[],"product_cat":[86],"product_tag":[],"class_list":{"0":"post-30879","1":"product","2":"type-product","3":"status-publish","4":"has-post-thumbnail","6":"product_cat-essstabchen","8":"first","9":"instock","10":"shipping-taxable","11":"purchasable","12":"product-type-simple"},"yoast_head":"<!-- This site is optimized with the Yoast SEO plugin v27.4 - https:\/\/yoast.com\/product\/yoast-seo-wordpress\/ -->\n<title>Zimt 100% Nat\u00fcrlich - Erboristeria Artemisia<\/title>\n<meta name=\"robots\" content=\"index, follow, max-snippet:-1, max-image-preview:large, max-video-preview:-1\" \/>\n<link rel=\"canonical\" href=\"https:\/\/erboristeria-artemisia.ch\/de\/produkt\/zimt-100-natuerlich\/\" \/>\n<meta property=\"og:locale\" content=\"de_DE\" \/>\n<meta property=\"og:type\" content=\"article\" \/>\n<meta property=\"og:title\" content=\"Zimt 100% Nat\u00fcrlich - Erboristeria Artemisia\" \/>\n<meta property=\"og:description\" content=\"Zimt Weihrauch &#8211; 100% nat\u00fcrliche Zutaten Erw\u00e4rmen Sie die Atmosph\u00e4re mit dem intensiven, umh\u00fcllenden Aroma von Zimt, einem Gew\u00fcrz, das f\u00fcr seine anregenden und beruhigenden Eigenschaften bekannt ist. Dieses nat\u00fcrliche R\u00e4ucherwerk ist ideal, um ein gem\u00fctliches Ambiente zu schaffen, die Konzentration zu f\u00f6rdern und positive Energie zu verbreiten. \ud83c\udf3f Zusammensetzung: Hergestellt aus ausgew\u00e4hlten nat\u00fcrlichen Inhaltsstoffen, [&hellip;]\" \/>\n<meta property=\"og:url\" content=\"https:\/\/erboristeria-artemisia.ch\/de\/produkt\/zimt-100-natuerlich\/\" \/>\n<meta property=\"og:site_name\" content=\"Erboristeria Artemisia\" \/>\n<meta property=\"article:modified_time\" content=\"2025-09-25T14:26:13+00:00\" \/>\n<meta property=\"og:image\" content=\"https:\/\/erboristeria-artemisia.ch\/wp-content\/uploads\/2025\/09\/Cinnamon.jpg\" \/>\n\t<meta property=\"og:image:width\" content=\"2000\" \/>\n\t<meta property=\"og:image:height\" content=\"2000\" \/>\n\t<meta property=\"og:image:type\" content=\"image\/jpeg\" \/>\n<meta name=\"twitter:card\" content=\"summary_large_image\" \/>\n<meta name=\"twitter:label1\" content=\"Gesch\u00e4tzte Lesezeit\" \/>\n\t<meta name=\"twitter:data1\" content=\"1\u00a0Minute\" \/>\n<script type=\"application\/ld+json\" class=\"yoast-schema-graph\">{\"@context\":\"https:\\\/\\\/schema.org\",\"@graph\":[{\"@type\":\"WebPage\",\"@id\":\"https:\\\/\\\/erboristeria-artemisia.ch\\\/de\\\/produkt\\\/zimt-100-natuerlich\\\/\",\"url\":\"https:\\\/\\\/erboristeria-artemisia.ch\\\/de\\\/produkt\\\/zimt-100-natuerlich\\\/\",\"name\":\"Zimt 100% Nat\u00fcrlich - Erboristeria Artemisia\",\"isPartOf\":{\"@id\":\"https:\\\/\\\/erboristeria-artemisia.ch\\\/de\\\/#website\"},\"primaryImageOfPage\":{\"@id\":\"https:\\\/\\\/erboristeria-artemisia.ch\\\/de\\\/produkt\\\/zimt-100-natuerlich\\\/#primaryimage\"},\"image\":{\"@id\":\"https:\\\/\\\/erboristeria-artemisia.ch\\\/de\\\/produkt\\\/zimt-100-natuerlich\\\/#primaryimage\"},\"thumbnailUrl\":\"https:\\\/\\\/erboristeria-artemisia.ch\\\/wp-content\\\/uploads\\\/2025\\\/09\\\/Cinnamon.jpg\",\"datePublished\":\"2025-09-23T20:28:09+00:00\",\"dateModified\":\"2025-09-25T14:26:13+00:00\",\"breadcrumb\":{\"@id\":\"https:\\\/\\\/erboristeria-artemisia.ch\\\/de\\\/produkt\\\/zimt-100-natuerlich\\\/#breadcrumb\"},\"inLanguage\":\"de\",\"potentialAction\":[{\"@type\":\"ReadAction\",\"target\":[\"https:\\\/\\\/erboristeria-artemisia.ch\\\/de\\\/produkt\\\/zimt-100-natuerlich\\\/\"]}]},{\"@type\":\"ImageObject\",\"inLanguage\":\"de\",\"@id\":\"https:\\\/\\\/erboristeria-artemisia.ch\\\/de\\\/produkt\\\/zimt-100-natuerlich\\\/#primaryimage\",\"url\":\"https:\\\/\\\/erboristeria-artemisia.ch\\\/wp-content\\\/uploads\\\/2025\\\/09\\\/Cinnamon.jpg\",\"contentUrl\":\"https:\\\/\\\/erboristeria-artemisia.ch\\\/wp-content\\\/uploads\\\/2025\\\/09\\\/Cinnamon.jpg\",\"width\":2000,\"height\":2000},{\"@type\":\"BreadcrumbList\",\"@id\":\"https:\\\/\\\/erboristeria-artemisia.ch\\\/de\\\/produkt\\\/zimt-100-natuerlich\\\/#breadcrumb\",\"itemListElement\":[{\"@type\":\"ListItem\",\"position\":1,\"name\":\"Home\",\"item\":\"https:\\\/\\\/erboristeria-artemisia.ch\\\/de\\\/startseite\\\/\"},{\"@type\":\"ListItem\",\"position\":2,\"name\":\"Shop4\",\"item\":\"https:\\\/\\\/erboristeria-artemisia.ch\\\/shop4\\\/\"},{\"@type\":\"ListItem\",\"position\":3,\"name\":\"Zimt 100% Nat\u00fcrlich\"}]},{\"@type\":\"WebSite\",\"@id\":\"https:\\\/\\\/erboristeria-artemisia.ch\\\/de\\\/#website\",\"url\":\"https:\\\/\\\/erboristeria-artemisia.ch\\\/de\\\/\",\"name\":\"Erboristeria Artemisia\",\"description\":\"Ogni sorso \u00e8 un momento per te\",\"potentialAction\":[{\"@type\":\"SearchAction\",\"target\":{\"@type\":\"EntryPoint\",\"urlTemplate\":\"https:\\\/\\\/erboristeria-artemisia.ch\\\/de\\\/?s={search_term_string}\"},\"query-input\":{\"@type\":\"PropertyValueSpecification\",\"valueRequired\":true,\"valueName\":\"search_term_string\"}}],\"inLanguage\":\"de\"}]}<\/script>\n<!-- \/ Yoast SEO plugin. -->","yoast_head_json":{"title":"Zimt 100% Nat\u00fcrlich - Erboristeria Artemisia","robots":{"index":"index","follow":"follow","max-snippet":"max-snippet:-1","max-image-preview":"max-image-preview:large","max-video-preview":"max-video-preview:-1"},"canonical":"https:\/\/erboristeria-artemisia.ch\/de\/produkt\/zimt-100-natuerlich\/","og_locale":"de_DE","og_type":"article","og_title":"Zimt 100% Nat\u00fcrlich - Erboristeria Artemisia","og_description":"Zimt Weihrauch &#8211; 100% nat\u00fcrliche Zutaten Erw\u00e4rmen Sie die Atmosph\u00e4re mit dem intensiven, umh\u00fcllenden Aroma von Zimt, einem Gew\u00fcrz, das f\u00fcr seine anregenden und beruhigenden Eigenschaften bekannt ist. Dieses nat\u00fcrliche R\u00e4ucherwerk ist ideal, um ein gem\u00fctliches Ambiente zu schaffen, die Konzentration zu f\u00f6rdern und positive Energie zu verbreiten. \ud83c\udf3f Zusammensetzung: Hergestellt aus ausgew\u00e4hlten nat\u00fcrlichen Inhaltsstoffen, [&hellip;]","og_url":"https:\/\/erboristeria-artemisia.ch\/de\/produkt\/zimt-100-natuerlich\/","og_site_name":"Erboristeria Artemisia","article_modified_time":"2025-09-25T14:26:13+00:00","og_image":[{"width":2000,"height":2000,"url":"https:\/\/erboristeria-artemisia.ch\/wp-content\/uploads\/2025\/09\/Cinnamon.jpg","type":"image\/jpeg"}],"twitter_card":"summary_large_image","twitter_misc":{"Gesch\u00e4tzte Lesezeit":"1\u00a0Minute"},"schema":{"@context":"https:\/\/schema.org","@graph":[{"@type":"WebPage","@id":"https:\/\/erboristeria-artemisia.ch\/de\/produkt\/zimt-100-natuerlich\/","url":"https:\/\/erboristeria-artemisia.ch\/de\/produkt\/zimt-100-natuerlich\/","name":"Zimt 100% Nat\u00fcrlich - Erboristeria Artemisia","isPartOf":{"@id":"https:\/\/erboristeria-artemisia.ch\/de\/#website"},"primaryImageOfPage":{"@id":"https:\/\/erboristeria-artemisia.ch\/de\/produkt\/zimt-100-natuerlich\/#primaryimage"},"image":{"@id":"https:\/\/erboristeria-artemisia.ch\/de\/produkt\/zimt-100-natuerlich\/#primaryimage"},"thumbnailUrl":"https:\/\/erboristeria-artemisia.ch\/wp-content\/uploads\/2025\/09\/Cinnamon.jpg","datePublished":"2025-09-23T20:28:09+00:00","dateModified":"2025-09-25T14:26:13+00:00","breadcrumb":{"@id":"https:\/\/erboristeria-artemisia.ch\/de\/produkt\/zimt-100-natuerlich\/#breadcrumb"},"inLanguage":"de","potentialAction":[{"@type":"ReadAction","target":["https:\/\/erboristeria-artemisia.ch\/de\/produkt\/zimt-100-natuerlich\/"]}]},{"@type":"ImageObject","inLanguage":"de","@id":"https:\/\/erboristeria-artemisia.ch\/de\/produkt\/zimt-100-natuerlich\/#primaryimage","url":"https:\/\/erboristeria-artemisia.ch\/wp-content\/uploads\/2025\/09\/Cinnamon.jpg","contentUrl":"https:\/\/erboristeria-artemisia.ch\/wp-content\/uploads\/2025\/09\/Cinnamon.jpg","width":2000,"height":2000},{"@type":"BreadcrumbList","@id":"https:\/\/erboristeria-artemisia.ch\/de\/produkt\/zimt-100-natuerlich\/#breadcrumb","itemListElement":[{"@type":"ListItem","position":1,"name":"Home","item":"https:\/\/erboristeria-artemisia.ch\/de\/startseite\/"},{"@type":"ListItem","position":2,"name":"Shop4","item":"https:\/\/erboristeria-artemisia.ch\/shop4\/"},{"@type":"ListItem","position":3,"name":"Zimt 100% Nat\u00fcrlich"}]},{"@type":"WebSite","@id":"https:\/\/erboristeria-artemisia.ch\/de\/#website","url":"https:\/\/erboristeria-artemisia.ch\/de\/","name":"Erboristeria Artemisia","description":"Ogni sorso \u00e8 un momento per te","potentialAction":[{"@type":"SearchAction","target":{"@type":"EntryPoint","urlTemplate":"https:\/\/erboristeria-artemisia.ch\/de\/?s={search_term_string}"},"query-input":{"@type":"PropertyValueSpecification","valueRequired":true,"valueName":"search_term_string"}}],"inLanguage":"de"}]}},"_links":{"self":[{"href":"https:\/\/erboristeria-artemisia.ch\/de\/wp-json\/wp\/v2\/product\/30879","targetHints":{"allow":["GET"]}}],"collection":[{"href":"https:\/\/erboristeria-artemisia.ch\/de\/wp-json\/wp\/v2\/product"}],"about":[{"href":"https:\/\/erboristeria-artemisia.ch\/de\/wp-json\/wp\/v2\/types\/product"}],"wp:featuredmedia":[{"embeddable":true,"href":"https:\/\/erboristeria-artemisia.ch\/de\/wp-json\/wp\/v2\/media\/30616"}],"wp:attachment":[{"href":"https:\/\/erboristeria-artemisia.ch\/de\/wp-json\/wp\/v2\/media?parent=30879"}],"wp:term":[{"taxonomy":"product_brand","embeddable":true,"href":"https:\/\/erboristeria-artemisia.ch\/de\/wp-json\/wp\/v2\/product_brand?post=30879"},{"taxonomy":"product_cat","embeddable":true,"href":"https:\/\/erboristeria-artemisia.ch\/de\/wp-json\/wp\/v2\/product_cat?post=30879"},{"taxonomy":"product_tag","embeddable":true,"href":"https:\/\/erboristeria-artemisia.ch\/de\/wp-json\/wp\/v2\/product_tag?post=30879"}],"curies":[{"name":"wp","href":"https:\/\/api.w.org\/{rel}","templated":true}]}}