{"id":30933,"date":"2025-09-25T20:36:56","date_gmt":"2025-09-25T18:36:56","guid":{"rendered":"https:\/\/erboristeria-artemisia.ch\/product\/beerenkoenigin-100g\/"},"modified":"2025-09-25T20:37:23","modified_gmt":"2025-09-25T18:37:23","slug":"beerenkoenigin-100g","status":"publish","type":"product","link":"https:\/\/erboristeria-artemisia.ch\/de\/produkt\/beerenkoenigin-100g\/","title":{"rendered":"Beerenk\u00f6nigin 100g"},"content":{"rendered":"<h3 data-start=\"70\" data-end=\"110\">\ud83d\udc51 <strong data-start=\"77\" data-end=\"108\">Beerenk\u00f6nigin &#8211; 100 g<\/strong><\/h3>\n<p data-start=\"111\" data-end=\"549\">Ein Triumph roter Fr\u00fcchte, der auf den ersten Blick und beim ersten Schluck besticht.<br data-start=\"186\" data-end=\"189\">Die Basis aus <strong data-start=\"200\" data-end=\"211\">Carcad\u00e8<\/strong> <strong data-start=\"214\" data-end=\"224\">und Sultaninen<\/strong> setzt eine nat\u00fcrliche S\u00fc\u00dfe frei, die den starken Charakter von <strong data-start=\"294\" data-end=\"315\">Holunder<\/strong>, <strong data-start=\"321\" data-end=\"332\">Himbeeren<\/strong> und <strong data-start=\"341\" data-end=\"352\" data-is-only-node=\"\">Erdbeeren<\/strong> unterstreicht, w\u00e4hrend die <strong data-start=\"364\" data-end=\"376\">Heidelbeere<\/strong> eine frische und lebendige Note verleiht.<br data-start=\"409\" data-end=\"412\"><strong data-start=\"424\" data-end=\"442\">Ein<\/strong> Hauch von <strong data-start=\"424\" data-end=\"442\">nat\u00fcrlichem Aroma<\/strong> vervollst\u00e4ndigt die Mischung und verleiht dem Aufguss eine intensive rubinrote Farbe und einen unwiderstehlich fruchtigen Geschmack.<\/p>\n<p data-start=\"551\" data-end=\"671\"><strong data-start=\"551\" data-end=\"565\">Ideal f\u00fcr<\/strong>: eine verj\u00fcngende Pause, hei\u00df serviert an kalten Tagen oder als kalter Aufguss, um Ihren Durst im Sommer zu stillen.<\/p>\n","protected":false},"excerpt":{"rendered":"<p>\ud83d\udc51 Beerenk\u00f6nigin &#8211; 100 g Ein Triumph roter Fr\u00fcchte, der auf den ersten Blick und beim ersten Schluck besticht.Die Basis aus Carcad\u00e8 und Sultaninen setzt eine nat\u00fcrliche S\u00fc\u00dfe frei, die den starken Charakter von Holunder, Himbeeren und Erdbeeren unterstreicht, w\u00e4hrend die Heidelbeere eine frische und lebendige Note verleiht.Ein Hauch von nat\u00fcrlichem Aroma vervollst\u00e4ndigt die Mischung [&hellip;]<\/p>\n","protected":false},"featured_media":30932,"template":"","meta":{"_et_pb_use_builder":"on","_et_pb_old_content":"","_et_gb_content_width":""},"product_brand":[],"product_cat":[85],"product_tag":[],"class_list":{"0":"post-30933","1":"product","2":"type-product","3":"status-publish","4":"has-post-thumbnail","6":"product_cat-obst","8":"first","9":"instock","10":"shipping-taxable","11":"purchasable","12":"product-type-variable"},"yoast_head":"<!-- This site is optimized with the Yoast SEO plugin v27.4 - https:\/\/yoast.com\/product\/yoast-seo-wordpress\/ -->\n<title>Beerenk\u00f6nigin 100g - Erboristeria Artemisia<\/title>\n<meta name=\"robots\" content=\"index, follow, max-snippet:-1, max-image-preview:large, max-video-preview:-1\" \/>\n<link rel=\"canonical\" href=\"https:\/\/erboristeria-artemisia.ch\/de\/produkt\/beerenkoenigin-100g\/\" \/>\n<meta property=\"og:locale\" content=\"de_DE\" \/>\n<meta property=\"og:type\" content=\"article\" \/>\n<meta property=\"og:title\" content=\"Beerenk\u00f6nigin 100g - Erboristeria Artemisia\" \/>\n<meta property=\"og:description\" content=\"\ud83d\udc51 Beerenk\u00f6nigin - 100 g Ein Triumph roter Fr\u00fcchte, der auf den ersten Blick und beim ersten Schluck besticht.Die Basis aus Carcad\u00e8 und Sultaninen setzt eine nat\u00fcrliche S\u00fc\u00dfe frei, die den starken Charakter von Holunder, Himbeeren und Erdbeeren unterstreicht, w\u00e4hrend die Heidelbeere eine frische und lebendige Note verleiht.Ein Hauch von nat\u00fcrlichem Aroma vervollst\u00e4ndigt die Mischung [&hellip;]\" \/>\n<meta property=\"og:url\" content=\"https:\/\/erboristeria-artemisia.ch\/de\/produkt\/beerenkoenigin-100g\/\" \/>\n<meta property=\"og:site_name\" content=\"Erboristeria Artemisia\" \/>\n<meta property=\"article:modified_time\" content=\"2025-09-25T18:37:23+00:00\" \/>\n<meta property=\"og:image\" content=\"https:\/\/erboristeria-artemisia.ch\/wp-content\/uploads\/2025\/09\/regina-delle-bacche-ottimizzata.jpg\" \/>\n\t<meta property=\"og:image:width\" content=\"1024\" \/>\n\t<meta property=\"og:image:height\" content=\"1024\" \/>\n\t<meta property=\"og:image:type\" content=\"image\/jpeg\" \/>\n<meta name=\"twitter:card\" content=\"summary_large_image\" \/>\n<script type=\"application\/ld+json\" class=\"yoast-schema-graph\">{\"@context\":\"https:\\\/\\\/schema.org\",\"@graph\":[{\"@type\":\"WebPage\",\"@id\":\"https:\\\/\\\/erboristeria-artemisia.ch\\\/de\\\/produkt\\\/beerenkoenigin-100g\\\/\",\"url\":\"https:\\\/\\\/erboristeria-artemisia.ch\\\/de\\\/produkt\\\/beerenkoenigin-100g\\\/\",\"name\":\"Beerenk\u00f6nigin 100g - Erboristeria Artemisia\",\"isPartOf\":{\"@id\":\"https:\\\/\\\/erboristeria-artemisia.ch\\\/de\\\/#website\"},\"primaryImageOfPage\":{\"@id\":\"https:\\\/\\\/erboristeria-artemisia.ch\\\/de\\\/produkt\\\/beerenkoenigin-100g\\\/#primaryimage\"},\"image\":{\"@id\":\"https:\\\/\\\/erboristeria-artemisia.ch\\\/de\\\/produkt\\\/beerenkoenigin-100g\\\/#primaryimage\"},\"thumbnailUrl\":\"https:\\\/\\\/erboristeria-artemisia.ch\\\/wp-content\\\/uploads\\\/2025\\\/09\\\/regina-delle-bacche-ottimizzata.jpg\",\"datePublished\":\"2025-09-25T18:36:56+00:00\",\"dateModified\":\"2025-09-25T18:37:23+00:00\",\"breadcrumb\":{\"@id\":\"https:\\\/\\\/erboristeria-artemisia.ch\\\/de\\\/produkt\\\/beerenkoenigin-100g\\\/#breadcrumb\"},\"inLanguage\":\"de\",\"potentialAction\":[{\"@type\":\"ReadAction\",\"target\":[\"https:\\\/\\\/erboristeria-artemisia.ch\\\/de\\\/produkt\\\/beerenkoenigin-100g\\\/\"]}]},{\"@type\":\"ImageObject\",\"inLanguage\":\"de\",\"@id\":\"https:\\\/\\\/erboristeria-artemisia.ch\\\/de\\\/produkt\\\/beerenkoenigin-100g\\\/#primaryimage\",\"url\":\"https:\\\/\\\/erboristeria-artemisia.ch\\\/wp-content\\\/uploads\\\/2025\\\/09\\\/regina-delle-bacche-ottimizzata.jpg\",\"contentUrl\":\"https:\\\/\\\/erboristeria-artemisia.ch\\\/wp-content\\\/uploads\\\/2025\\\/09\\\/regina-delle-bacche-ottimizzata.jpg\",\"width\":1024,\"height\":1024},{\"@type\":\"BreadcrumbList\",\"@id\":\"https:\\\/\\\/erboristeria-artemisia.ch\\\/de\\\/produkt\\\/beerenkoenigin-100g\\\/#breadcrumb\",\"itemListElement\":[{\"@type\":\"ListItem\",\"position\":1,\"name\":\"Home\",\"item\":\"https:\\\/\\\/erboristeria-artemisia.ch\\\/de\\\/startseite\\\/\"},{\"@type\":\"ListItem\",\"position\":2,\"name\":\"Shop4\",\"item\":\"https:\\\/\\\/erboristeria-artemisia.ch\\\/shop4\\\/\"},{\"@type\":\"ListItem\",\"position\":3,\"name\":\"Beerenk\u00f6nigin 100g\"}]},{\"@type\":\"WebSite\",\"@id\":\"https:\\\/\\\/erboristeria-artemisia.ch\\\/de\\\/#website\",\"url\":\"https:\\\/\\\/erboristeria-artemisia.ch\\\/de\\\/\",\"name\":\"Erboristeria Artemisia\",\"description\":\"Ogni sorso \u00e8 un momento per te\",\"potentialAction\":[{\"@type\":\"SearchAction\",\"target\":{\"@type\":\"EntryPoint\",\"urlTemplate\":\"https:\\\/\\\/erboristeria-artemisia.ch\\\/de\\\/?s={search_term_string}\"},\"query-input\":{\"@type\":\"PropertyValueSpecification\",\"valueRequired\":true,\"valueName\":\"search_term_string\"}}],\"inLanguage\":\"de\"}]}<\/script>\n<!-- \/ Yoast SEO plugin. -->","yoast_head_json":{"title":"Beerenk\u00f6nigin 100g - Erboristeria Artemisia","robots":{"index":"index","follow":"follow","max-snippet":"max-snippet:-1","max-image-preview":"max-image-preview:large","max-video-preview":"max-video-preview:-1"},"canonical":"https:\/\/erboristeria-artemisia.ch\/de\/produkt\/beerenkoenigin-100g\/","og_locale":"de_DE","og_type":"article","og_title":"Beerenk\u00f6nigin 100g - Erboristeria Artemisia","og_description":"\ud83d\udc51 Beerenk\u00f6nigin - 100 g Ein Triumph roter Fr\u00fcchte, der auf den ersten Blick und beim ersten Schluck besticht.Die Basis aus Carcad\u00e8 und Sultaninen setzt eine nat\u00fcrliche S\u00fc\u00dfe frei, die den starken Charakter von Holunder, Himbeeren und Erdbeeren unterstreicht, w\u00e4hrend die Heidelbeere eine frische und lebendige Note verleiht.Ein Hauch von nat\u00fcrlichem Aroma vervollst\u00e4ndigt die Mischung [&hellip;]","og_url":"https:\/\/erboristeria-artemisia.ch\/de\/produkt\/beerenkoenigin-100g\/","og_site_name":"Erboristeria Artemisia","article_modified_time":"2025-09-25T18:37:23+00:00","og_image":[{"width":1024,"height":1024,"url":"https:\/\/erboristeria-artemisia.ch\/wp-content\/uploads\/2025\/09\/regina-delle-bacche-ottimizzata.jpg","type":"image\/jpeg"}],"twitter_card":"summary_large_image","schema":{"@context":"https:\/\/schema.org","@graph":[{"@type":"WebPage","@id":"https:\/\/erboristeria-artemisia.ch\/de\/produkt\/beerenkoenigin-100g\/","url":"https:\/\/erboristeria-artemisia.ch\/de\/produkt\/beerenkoenigin-100g\/","name":"Beerenk\u00f6nigin 100g - Erboristeria Artemisia","isPartOf":{"@id":"https:\/\/erboristeria-artemisia.ch\/de\/#website"},"primaryImageOfPage":{"@id":"https:\/\/erboristeria-artemisia.ch\/de\/produkt\/beerenkoenigin-100g\/#primaryimage"},"image":{"@id":"https:\/\/erboristeria-artemisia.ch\/de\/produkt\/beerenkoenigin-100g\/#primaryimage"},"thumbnailUrl":"https:\/\/erboristeria-artemisia.ch\/wp-content\/uploads\/2025\/09\/regina-delle-bacche-ottimizzata.jpg","datePublished":"2025-09-25T18:36:56+00:00","dateModified":"2025-09-25T18:37:23+00:00","breadcrumb":{"@id":"https:\/\/erboristeria-artemisia.ch\/de\/produkt\/beerenkoenigin-100g\/#breadcrumb"},"inLanguage":"de","potentialAction":[{"@type":"ReadAction","target":["https:\/\/erboristeria-artemisia.ch\/de\/produkt\/beerenkoenigin-100g\/"]}]},{"@type":"ImageObject","inLanguage":"de","@id":"https:\/\/erboristeria-artemisia.ch\/de\/produkt\/beerenkoenigin-100g\/#primaryimage","url":"https:\/\/erboristeria-artemisia.ch\/wp-content\/uploads\/2025\/09\/regina-delle-bacche-ottimizzata.jpg","contentUrl":"https:\/\/erboristeria-artemisia.ch\/wp-content\/uploads\/2025\/09\/regina-delle-bacche-ottimizzata.jpg","width":1024,"height":1024},{"@type":"BreadcrumbList","@id":"https:\/\/erboristeria-artemisia.ch\/de\/produkt\/beerenkoenigin-100g\/#breadcrumb","itemListElement":[{"@type":"ListItem","position":1,"name":"Home","item":"https:\/\/erboristeria-artemisia.ch\/de\/startseite\/"},{"@type":"ListItem","position":2,"name":"Shop4","item":"https:\/\/erboristeria-artemisia.ch\/shop4\/"},{"@type":"ListItem","position":3,"name":"Beerenk\u00f6nigin 100g"}]},{"@type":"WebSite","@id":"https:\/\/erboristeria-artemisia.ch\/de\/#website","url":"https:\/\/erboristeria-artemisia.ch\/de\/","name":"Erboristeria Artemisia","description":"Ogni sorso \u00e8 un momento per te","potentialAction":[{"@type":"SearchAction","target":{"@type":"EntryPoint","urlTemplate":"https:\/\/erboristeria-artemisia.ch\/de\/?s={search_term_string}"},"query-input":{"@type":"PropertyValueSpecification","valueRequired":true,"valueName":"search_term_string"}}],"inLanguage":"de"}]}},"_links":{"self":[{"href":"https:\/\/erboristeria-artemisia.ch\/de\/wp-json\/wp\/v2\/product\/30933","targetHints":{"allow":["GET"]}}],"collection":[{"href":"https:\/\/erboristeria-artemisia.ch\/de\/wp-json\/wp\/v2\/product"}],"about":[{"href":"https:\/\/erboristeria-artemisia.ch\/de\/wp-json\/wp\/v2\/types\/product"}],"wp:featuredmedia":[{"embeddable":true,"href":"https:\/\/erboristeria-artemisia.ch\/de\/wp-json\/wp\/v2\/media\/30932"}],"wp:attachment":[{"href":"https:\/\/erboristeria-artemisia.ch\/de\/wp-json\/wp\/v2\/media?parent=30933"}],"wp:term":[{"taxonomy":"product_brand","embeddable":true,"href":"https:\/\/erboristeria-artemisia.ch\/de\/wp-json\/wp\/v2\/product_brand?post=30933"},{"taxonomy":"product_cat","embeddable":true,"href":"https:\/\/erboristeria-artemisia.ch\/de\/wp-json\/wp\/v2\/product_cat?post=30933"},{"taxonomy":"product_tag","embeddable":true,"href":"https:\/\/erboristeria-artemisia.ch\/de\/wp-json\/wp\/v2\/product_tag?post=30933"}],"curies":[{"name":"wp","href":"https:\/\/api.w.org\/{rel}","templated":true}]}}