{"id":30940,"date":"2025-09-25T20:44:45","date_gmt":"2025-09-25T18:44:45","guid":{"rendered":"https:\/\/erboristeria-artemisia.ch\/product\/tulsi-melisse-60g\/"},"modified":"2025-09-25T20:45:15","modified_gmt":"2025-09-25T18:45:15","slug":"tulsi-melisse-60g","status":"publish","type":"product","link":"https:\/\/erboristeria-artemisia.ch\/de\/produkt\/tulsi-melisse-60g\/","title":{"rendered":"Tulsi Melisse 60g"},"content":{"rendered":"<h3 data-start=\"53\" data-end=\"86\">\ud83c\udf3f <strong data-start=\"60\" data-end=\"84\">Tulsi Melisse &#8211; 60 g<\/strong><\/h3>\n<p data-start=\"87\" data-end=\"548\">Eine duftende Mischung, die die entspannenden Eigenschaften von <strong data-start=\"148\" data-end=\"157\">Tulsi<\/strong> &#8211; dem heiligen indischen Basilikum &#8211; mit der S\u00fc\u00dfe von <strong data-start=\"208\" data-end=\"216\">Apfel<\/strong> und <strong data-start=\"225\" data-end=\"237\">Zimt<\/strong> verbindet.<br data-start=\"238\" data-end=\"241\"><strong data-start=\"244\" data-end=\"255\">Eisenkraut<\/strong> und <strong data-start=\"261\" data-end=\"272\" data-is-only-node=\"\">Zitronenmelisse<\/strong> umh\u00fcllen Sie mit einem Hauch von Frische, w\u00e4hrend <strong data-start=\"321\" data-end=\"334\">Honigbusch<\/strong> und <strong data-start=\"337\" data-end=\"351\">Zitronengras<\/strong> f\u00fcr eine nat\u00fcrlich s\u00fc\u00dfe und zitrusartige Note sorgen.<br data-start=\"400\" data-end=\"403\"><strong data-start=\"415\" data-end=\"428\">Ringelblumenbl\u00fcten<\/strong> vervollst\u00e4ndigen ein goldenes Bouquet, das durch ein zartes <strong data-start=\"487\" data-end=\"496\">Aroma<\/strong> verst\u00e4rkt wird, das jeden Schluck zu einem Moment reiner Ausgeglichenheit macht.<\/p>\n<p data-start=\"550\" data-end=\"659\"><strong data-start=\"550\" data-end=\"564\">Ideal f\u00fcr<\/strong>: eine entspannende Pause am Abend oder als t\u00e4glicher Aufguss zur Wiederherstellung von Ruhe und positiver Energie.<\/p>\n","protected":false},"excerpt":{"rendered":"<p>\ud83c\udf3f Tulsi Melisse &#8211; 60 g Eine duftende Mischung, die die entspannenden Eigenschaften von Tulsi &#8211; dem heiligen indischen Basilikum &#8211; mit der S\u00fc\u00dfe von Apfel und Zimt verbindet.Eisenkraut und Zitronenmelisse umh\u00fcllen Sie mit einem Hauch von Frische, w\u00e4hrend Honigbusch und Zitronengras f\u00fcr eine nat\u00fcrlich s\u00fc\u00dfe und zitrusartige Note sorgen.Ringelblumenbl\u00fcten vervollst\u00e4ndigen ein goldenes Bouquet, das [&hellip;]<\/p>\n","protected":false},"featured_media":30938,"template":"","meta":{"_et_pb_use_builder":"","_et_pb_old_content":"","_et_gb_content_width":""},"product_brand":[],"product_cat":[98],"product_tag":[],"class_list":{"0":"post-30940","1":"product","2":"type-product","3":"status-publish","4":"has-post-thumbnail","6":"product_cat-auf-krautern-basierend","8":"first","9":"instock","10":"shipping-taxable","11":"purchasable","12":"product-type-simple"},"yoast_head":"<!-- This site is optimized with the Yoast SEO plugin v27.4 - https:\/\/yoast.com\/product\/yoast-seo-wordpress\/ -->\n<title>Tulsi Melisse 60g - Erboristeria Artemisia<\/title>\n<meta name=\"robots\" content=\"index, follow, max-snippet:-1, max-image-preview:large, max-video-preview:-1\" \/>\n<link rel=\"canonical\" href=\"https:\/\/erboristeria-artemisia.ch\/de\/produkt\/tulsi-melisse-60g\/\" \/>\n<meta property=\"og:locale\" content=\"de_DE\" \/>\n<meta property=\"og:type\" content=\"article\" \/>\n<meta property=\"og:title\" content=\"Tulsi Melisse 60g - Erboristeria Artemisia\" \/>\n<meta property=\"og:description\" content=\"\ud83c\udf3f Tulsi Melisse &#8211; 60 g Eine duftende Mischung, die die entspannenden Eigenschaften von Tulsi &#8211; dem heiligen indischen Basilikum &#8211; mit der S\u00fc\u00dfe von Apfel und Zimt verbindet.Eisenkraut und Zitronenmelisse umh\u00fcllen Sie mit einem Hauch von Frische, w\u00e4hrend Honigbusch und Zitronengras f\u00fcr eine nat\u00fcrlich s\u00fc\u00dfe und zitrusartige Note sorgen.Ringelblumenbl\u00fcten vervollst\u00e4ndigen ein goldenes Bouquet, das [&hellip;]\" \/>\n<meta property=\"og:url\" content=\"https:\/\/erboristeria-artemisia.ch\/de\/produkt\/tulsi-melisse-60g\/\" \/>\n<meta property=\"og:site_name\" content=\"Erboristeria Artemisia\" \/>\n<meta property=\"article:modified_time\" content=\"2025-09-25T18:45:15+00:00\" \/>\n<meta property=\"og:image\" content=\"https:\/\/erboristeria-artemisia.ch\/wp-content\/uploads\/2025\/09\/tulsi-melissa-ottimizzata.jpg\" \/>\n\t<meta property=\"og:image:width\" content=\"1200\" \/>\n\t<meta property=\"og:image:height\" content=\"1200\" \/>\n\t<meta property=\"og:image:type\" content=\"image\/jpeg\" \/>\n<meta name=\"twitter:card\" content=\"summary_large_image\" \/>\n<script type=\"application\/ld+json\" class=\"yoast-schema-graph\">{\"@context\":\"https:\\\/\\\/schema.org\",\"@graph\":[{\"@type\":\"WebPage\",\"@id\":\"https:\\\/\\\/erboristeria-artemisia.ch\\\/de\\\/produkt\\\/tulsi-melisse-60g\\\/\",\"url\":\"https:\\\/\\\/erboristeria-artemisia.ch\\\/de\\\/produkt\\\/tulsi-melisse-60g\\\/\",\"name\":\"Tulsi Melisse 60g - Erboristeria Artemisia\",\"isPartOf\":{\"@id\":\"https:\\\/\\\/erboristeria-artemisia.ch\\\/de\\\/#website\"},\"primaryImageOfPage\":{\"@id\":\"https:\\\/\\\/erboristeria-artemisia.ch\\\/de\\\/produkt\\\/tulsi-melisse-60g\\\/#primaryimage\"},\"image\":{\"@id\":\"https:\\\/\\\/erboristeria-artemisia.ch\\\/de\\\/produkt\\\/tulsi-melisse-60g\\\/#primaryimage\"},\"thumbnailUrl\":\"https:\\\/\\\/erboristeria-artemisia.ch\\\/wp-content\\\/uploads\\\/2025\\\/09\\\/tulsi-melissa-ottimizzata.jpg\",\"datePublished\":\"2025-09-25T18:44:45+00:00\",\"dateModified\":\"2025-09-25T18:45:15+00:00\",\"breadcrumb\":{\"@id\":\"https:\\\/\\\/erboristeria-artemisia.ch\\\/de\\\/produkt\\\/tulsi-melisse-60g\\\/#breadcrumb\"},\"inLanguage\":\"de\",\"potentialAction\":[{\"@type\":\"ReadAction\",\"target\":[\"https:\\\/\\\/erboristeria-artemisia.ch\\\/de\\\/produkt\\\/tulsi-melisse-60g\\\/\"]}]},{\"@type\":\"ImageObject\",\"inLanguage\":\"de\",\"@id\":\"https:\\\/\\\/erboristeria-artemisia.ch\\\/de\\\/produkt\\\/tulsi-melisse-60g\\\/#primaryimage\",\"url\":\"https:\\\/\\\/erboristeria-artemisia.ch\\\/wp-content\\\/uploads\\\/2025\\\/09\\\/tulsi-melissa-ottimizzata.jpg\",\"contentUrl\":\"https:\\\/\\\/erboristeria-artemisia.ch\\\/wp-content\\\/uploads\\\/2025\\\/09\\\/tulsi-melissa-ottimizzata.jpg\",\"width\":1200,\"height\":1200},{\"@type\":\"BreadcrumbList\",\"@id\":\"https:\\\/\\\/erboristeria-artemisia.ch\\\/de\\\/produkt\\\/tulsi-melisse-60g\\\/#breadcrumb\",\"itemListElement\":[{\"@type\":\"ListItem\",\"position\":1,\"name\":\"Home\",\"item\":\"https:\\\/\\\/erboristeria-artemisia.ch\\\/de\\\/startseite\\\/\"},{\"@type\":\"ListItem\",\"position\":2,\"name\":\"Shop4\",\"item\":\"https:\\\/\\\/erboristeria-artemisia.ch\\\/shop4\\\/\"},{\"@type\":\"ListItem\",\"position\":3,\"name\":\"Tulsi Melisse 60g\"}]},{\"@type\":\"WebSite\",\"@id\":\"https:\\\/\\\/erboristeria-artemisia.ch\\\/de\\\/#website\",\"url\":\"https:\\\/\\\/erboristeria-artemisia.ch\\\/de\\\/\",\"name\":\"Erboristeria Artemisia\",\"description\":\"Ogni sorso \u00e8 un momento per te\",\"potentialAction\":[{\"@type\":\"SearchAction\",\"target\":{\"@type\":\"EntryPoint\",\"urlTemplate\":\"https:\\\/\\\/erboristeria-artemisia.ch\\\/de\\\/?s={search_term_string}\"},\"query-input\":{\"@type\":\"PropertyValueSpecification\",\"valueRequired\":true,\"valueName\":\"search_term_string\"}}],\"inLanguage\":\"de\"}]}<\/script>\n<!-- \/ Yoast SEO plugin. -->","yoast_head_json":{"title":"Tulsi Melisse 60g - Erboristeria Artemisia","robots":{"index":"index","follow":"follow","max-snippet":"max-snippet:-1","max-image-preview":"max-image-preview:large","max-video-preview":"max-video-preview:-1"},"canonical":"https:\/\/erboristeria-artemisia.ch\/de\/produkt\/tulsi-melisse-60g\/","og_locale":"de_DE","og_type":"article","og_title":"Tulsi Melisse 60g - Erboristeria Artemisia","og_description":"\ud83c\udf3f Tulsi Melisse &#8211; 60 g Eine duftende Mischung, die die entspannenden Eigenschaften von Tulsi &#8211; dem heiligen indischen Basilikum &#8211; mit der S\u00fc\u00dfe von Apfel und Zimt verbindet.Eisenkraut und Zitronenmelisse umh\u00fcllen Sie mit einem Hauch von Frische, w\u00e4hrend Honigbusch und Zitronengras f\u00fcr eine nat\u00fcrlich s\u00fc\u00dfe und zitrusartige Note sorgen.Ringelblumenbl\u00fcten vervollst\u00e4ndigen ein goldenes Bouquet, das [&hellip;]","og_url":"https:\/\/erboristeria-artemisia.ch\/de\/produkt\/tulsi-melisse-60g\/","og_site_name":"Erboristeria Artemisia","article_modified_time":"2025-09-25T18:45:15+00:00","og_image":[{"width":1200,"height":1200,"url":"https:\/\/erboristeria-artemisia.ch\/wp-content\/uploads\/2025\/09\/tulsi-melissa-ottimizzata.jpg","type":"image\/jpeg"}],"twitter_card":"summary_large_image","schema":{"@context":"https:\/\/schema.org","@graph":[{"@type":"WebPage","@id":"https:\/\/erboristeria-artemisia.ch\/de\/produkt\/tulsi-melisse-60g\/","url":"https:\/\/erboristeria-artemisia.ch\/de\/produkt\/tulsi-melisse-60g\/","name":"Tulsi Melisse 60g - Erboristeria Artemisia","isPartOf":{"@id":"https:\/\/erboristeria-artemisia.ch\/de\/#website"},"primaryImageOfPage":{"@id":"https:\/\/erboristeria-artemisia.ch\/de\/produkt\/tulsi-melisse-60g\/#primaryimage"},"image":{"@id":"https:\/\/erboristeria-artemisia.ch\/de\/produkt\/tulsi-melisse-60g\/#primaryimage"},"thumbnailUrl":"https:\/\/erboristeria-artemisia.ch\/wp-content\/uploads\/2025\/09\/tulsi-melissa-ottimizzata.jpg","datePublished":"2025-09-25T18:44:45+00:00","dateModified":"2025-09-25T18:45:15+00:00","breadcrumb":{"@id":"https:\/\/erboristeria-artemisia.ch\/de\/produkt\/tulsi-melisse-60g\/#breadcrumb"},"inLanguage":"de","potentialAction":[{"@type":"ReadAction","target":["https:\/\/erboristeria-artemisia.ch\/de\/produkt\/tulsi-melisse-60g\/"]}]},{"@type":"ImageObject","inLanguage":"de","@id":"https:\/\/erboristeria-artemisia.ch\/de\/produkt\/tulsi-melisse-60g\/#primaryimage","url":"https:\/\/erboristeria-artemisia.ch\/wp-content\/uploads\/2025\/09\/tulsi-melissa-ottimizzata.jpg","contentUrl":"https:\/\/erboristeria-artemisia.ch\/wp-content\/uploads\/2025\/09\/tulsi-melissa-ottimizzata.jpg","width":1200,"height":1200},{"@type":"BreadcrumbList","@id":"https:\/\/erboristeria-artemisia.ch\/de\/produkt\/tulsi-melisse-60g\/#breadcrumb","itemListElement":[{"@type":"ListItem","position":1,"name":"Home","item":"https:\/\/erboristeria-artemisia.ch\/de\/startseite\/"},{"@type":"ListItem","position":2,"name":"Shop4","item":"https:\/\/erboristeria-artemisia.ch\/shop4\/"},{"@type":"ListItem","position":3,"name":"Tulsi Melisse 60g"}]},{"@type":"WebSite","@id":"https:\/\/erboristeria-artemisia.ch\/de\/#website","url":"https:\/\/erboristeria-artemisia.ch\/de\/","name":"Erboristeria Artemisia","description":"Ogni sorso \u00e8 un momento per te","potentialAction":[{"@type":"SearchAction","target":{"@type":"EntryPoint","urlTemplate":"https:\/\/erboristeria-artemisia.ch\/de\/?s={search_term_string}"},"query-input":{"@type":"PropertyValueSpecification","valueRequired":true,"valueName":"search_term_string"}}],"inLanguage":"de"}]}},"_links":{"self":[{"href":"https:\/\/erboristeria-artemisia.ch\/de\/wp-json\/wp\/v2\/product\/30940","targetHints":{"allow":["GET"]}}],"collection":[{"href":"https:\/\/erboristeria-artemisia.ch\/de\/wp-json\/wp\/v2\/product"}],"about":[{"href":"https:\/\/erboristeria-artemisia.ch\/de\/wp-json\/wp\/v2\/types\/product"}],"wp:featuredmedia":[{"embeddable":true,"href":"https:\/\/erboristeria-artemisia.ch\/de\/wp-json\/wp\/v2\/media\/30938"}],"wp:attachment":[{"href":"https:\/\/erboristeria-artemisia.ch\/de\/wp-json\/wp\/v2\/media?parent=30940"}],"wp:term":[{"taxonomy":"product_brand","embeddable":true,"href":"https:\/\/erboristeria-artemisia.ch\/de\/wp-json\/wp\/v2\/product_brand?post=30940"},{"taxonomy":"product_cat","embeddable":true,"href":"https:\/\/erboristeria-artemisia.ch\/de\/wp-json\/wp\/v2\/product_cat?post=30940"},{"taxonomy":"product_tag","embeddable":true,"href":"https:\/\/erboristeria-artemisia.ch\/de\/wp-json\/wp\/v2\/product_tag?post=30940"}],"curies":[{"name":"wp","href":"https:\/\/api.w.org\/{rel}","templated":true}]}}