{"id":30944,"date":"2025-09-25T20:52:55","date_gmt":"2025-09-25T18:52:55","guid":{"rendered":"https:\/\/erboristeria-artemisia.ch\/product\/tulsi-harmonie-70g\/"},"modified":"2025-09-25T20:54:07","modified_gmt":"2025-09-25T18:54:07","slug":"tulsi-harmonie-70g","status":"publish","type":"product","link":"https:\/\/erboristeria-artemisia.ch\/de\/produkt\/tulsi-harmonie-70g\/","title":{"rendered":"Tulsi Harmonie 70g"},"content":{"rendered":"<h3 data-start=\"52\" data-end=\"86\">\ud83c\udf3f <strong data-start=\"59\" data-end=\"84\">Tulsi Harmonie &#8211; 70 g<\/strong><\/h3>\n<p data-start=\"87\" data-end=\"497\">Ein Aufguss, der die Sinne mit einer perfekten Balance aus w\u00fcrzigen und blumigen Noten umh\u00fcllt.<br data-start=\"170\" data-end=\"173\"><strong data-start=\"176\" data-end=\"185\">Tulsi<\/strong> &#8211; heiliges indisches Basilikum &#8211; vermischt sich mit der nat\u00fcrlichen S\u00fc\u00dfe von <strong data-start=\"251\" data-end=\"262\">Rooibos<\/strong>, w\u00e4hrend <strong data-start=\"271\" data-end=\"282\">Ingwer<\/strong> und <strong data-start=\"285\" data-end=\"297\">Zimt<\/strong> f\u00fcr eine warme, w\u00fcrzige Note sorgen.<br data-start=\"329\" data-end=\"332\" data-is-only-node=\"\"><strong data-start=\"335\" data-end=\"346\">Eisenkraut<\/strong>, <strong data-start=\"351\" data-end=\"364\">Kamille<\/strong> und <strong data-start=\"370\" data-end=\"381\">Lavendel<\/strong> sorgen f\u00fcr einen entspannenden Duft, der durch zarte <strong data-start=\"437\" data-end=\"457\">Rosenknospen<\/strong> und einen Hauch <strong data-start=\"476\" data-end=\"494\">nat\u00fcrlicher Aromen<\/strong> erg\u00e4nzt wird.<\/p>\n<p data-start=\"499\" data-end=\"581\"><strong data-start=\"499\" data-end=\"513\">Ideal f\u00fcr<\/strong>: eine abendliche Auszeit, die K\u00f6rper und Geist beruhigt und ins Gleichgewicht bringt.<\/p>\n","protected":false},"excerpt":{"rendered":"<p>\ud83c\udf3f Tulsi Harmonie &#8211; 70 g Ein Aufguss, der die Sinne mit einer perfekten Balance aus w\u00fcrzigen und blumigen Noten umh\u00fcllt.Tulsi &#8211; heiliges indisches Basilikum &#8211; vermischt sich mit der nat\u00fcrlichen S\u00fc\u00dfe von Rooibos, w\u00e4hrend Ingwer und Zimt f\u00fcr eine warme, w\u00fcrzige Note sorgen.Eisenkraut, Kamille und Lavendel sorgen f\u00fcr einen entspannenden Duft, der durch zarte [&hellip;]<\/p>\n","protected":false},"featured_media":30942,"template":"","meta":{"_et_pb_use_builder":"","_et_pb_old_content":"","_et_gb_content_width":""},"product_brand":[],"product_cat":[98],"product_tag":[],"class_list":{"0":"post-30944","1":"product","2":"type-product","3":"status-publish","4":"has-post-thumbnail","6":"product_cat-auf-krautern-basierend","8":"first","9":"instock","10":"shipping-taxable","11":"purchasable","12":"product-type-simple"},"yoast_head":"<!-- This site is optimized with the Yoast SEO plugin v27.4 - https:\/\/yoast.com\/product\/yoast-seo-wordpress\/ -->\n<title>Tulsi Harmonie 70g - Erboristeria Artemisia<\/title>\n<meta name=\"robots\" content=\"index, follow, max-snippet:-1, max-image-preview:large, max-video-preview:-1\" \/>\n<link rel=\"canonical\" href=\"https:\/\/erboristeria-artemisia.ch\/de\/produkt\/tulsi-harmonie-70g\/\" \/>\n<meta property=\"og:locale\" content=\"de_DE\" \/>\n<meta property=\"og:type\" content=\"article\" \/>\n<meta property=\"og:title\" content=\"Tulsi Harmonie 70g - Erboristeria Artemisia\" \/>\n<meta property=\"og:description\" content=\"\ud83c\udf3f Tulsi Harmonie &#8211; 70 g Ein Aufguss, der die Sinne mit einer perfekten Balance aus w\u00fcrzigen und blumigen Noten umh\u00fcllt.Tulsi &#8211; heiliges indisches Basilikum &#8211; vermischt sich mit der nat\u00fcrlichen S\u00fc\u00dfe von Rooibos, w\u00e4hrend Ingwer und Zimt f\u00fcr eine warme, w\u00fcrzige Note sorgen.Eisenkraut, Kamille und Lavendel sorgen f\u00fcr einen entspannenden Duft, der durch zarte [&hellip;]\" \/>\n<meta property=\"og:url\" content=\"https:\/\/erboristeria-artemisia.ch\/de\/produkt\/tulsi-harmonie-70g\/\" \/>\n<meta property=\"og:site_name\" content=\"Erboristeria Artemisia\" \/>\n<meta property=\"article:modified_time\" content=\"2025-09-25T18:54:07+00:00\" \/>\n<meta property=\"og:image\" content=\"https:\/\/erboristeria-artemisia.ch\/wp-content\/uploads\/2025\/09\/tulsi-harmonie.webp\" \/>\n\t<meta property=\"og:image:width\" content=\"1652\" \/>\n\t<meta property=\"og:image:height\" content=\"1652\" \/>\n\t<meta property=\"og:image:type\" content=\"image\/webp\" \/>\n<meta name=\"twitter:card\" content=\"summary_large_image\" \/>\n<script type=\"application\/ld+json\" class=\"yoast-schema-graph\">{\"@context\":\"https:\\\/\\\/schema.org\",\"@graph\":[{\"@type\":\"WebPage\",\"@id\":\"https:\\\/\\\/erboristeria-artemisia.ch\\\/de\\\/produkt\\\/tulsi-harmonie-70g\\\/\",\"url\":\"https:\\\/\\\/erboristeria-artemisia.ch\\\/de\\\/produkt\\\/tulsi-harmonie-70g\\\/\",\"name\":\"Tulsi Harmonie 70g - Erboristeria Artemisia\",\"isPartOf\":{\"@id\":\"https:\\\/\\\/erboristeria-artemisia.ch\\\/de\\\/#website\"},\"primaryImageOfPage\":{\"@id\":\"https:\\\/\\\/erboristeria-artemisia.ch\\\/de\\\/produkt\\\/tulsi-harmonie-70g\\\/#primaryimage\"},\"image\":{\"@id\":\"https:\\\/\\\/erboristeria-artemisia.ch\\\/de\\\/produkt\\\/tulsi-harmonie-70g\\\/#primaryimage\"},\"thumbnailUrl\":\"https:\\\/\\\/erboristeria-artemisia.ch\\\/wp-content\\\/uploads\\\/2025\\\/09\\\/tulsi-harmonie.webp\",\"datePublished\":\"2025-09-25T18:52:55+00:00\",\"dateModified\":\"2025-09-25T18:54:07+00:00\",\"breadcrumb\":{\"@id\":\"https:\\\/\\\/erboristeria-artemisia.ch\\\/de\\\/produkt\\\/tulsi-harmonie-70g\\\/#breadcrumb\"},\"inLanguage\":\"de\",\"potentialAction\":[{\"@type\":\"ReadAction\",\"target\":[\"https:\\\/\\\/erboristeria-artemisia.ch\\\/de\\\/produkt\\\/tulsi-harmonie-70g\\\/\"]}]},{\"@type\":\"ImageObject\",\"inLanguage\":\"de\",\"@id\":\"https:\\\/\\\/erboristeria-artemisia.ch\\\/de\\\/produkt\\\/tulsi-harmonie-70g\\\/#primaryimage\",\"url\":\"https:\\\/\\\/erboristeria-artemisia.ch\\\/wp-content\\\/uploads\\\/2025\\\/09\\\/tulsi-harmonie.webp\",\"contentUrl\":\"https:\\\/\\\/erboristeria-artemisia.ch\\\/wp-content\\\/uploads\\\/2025\\\/09\\\/tulsi-harmonie.webp\",\"width\":1652,\"height\":1652},{\"@type\":\"BreadcrumbList\",\"@id\":\"https:\\\/\\\/erboristeria-artemisia.ch\\\/de\\\/produkt\\\/tulsi-harmonie-70g\\\/#breadcrumb\",\"itemListElement\":[{\"@type\":\"ListItem\",\"position\":1,\"name\":\"Home\",\"item\":\"https:\\\/\\\/erboristeria-artemisia.ch\\\/de\\\/startseite\\\/\"},{\"@type\":\"ListItem\",\"position\":2,\"name\":\"Shop4\",\"item\":\"https:\\\/\\\/erboristeria-artemisia.ch\\\/shop4\\\/\"},{\"@type\":\"ListItem\",\"position\":3,\"name\":\"Tulsi Harmonie 70g\"}]},{\"@type\":\"WebSite\",\"@id\":\"https:\\\/\\\/erboristeria-artemisia.ch\\\/de\\\/#website\",\"url\":\"https:\\\/\\\/erboristeria-artemisia.ch\\\/de\\\/\",\"name\":\"Erboristeria Artemisia\",\"description\":\"Ogni sorso \u00e8 un momento per te\",\"potentialAction\":[{\"@type\":\"SearchAction\",\"target\":{\"@type\":\"EntryPoint\",\"urlTemplate\":\"https:\\\/\\\/erboristeria-artemisia.ch\\\/de\\\/?s={search_term_string}\"},\"query-input\":{\"@type\":\"PropertyValueSpecification\",\"valueRequired\":true,\"valueName\":\"search_term_string\"}}],\"inLanguage\":\"de\"}]}<\/script>\n<!-- \/ Yoast SEO plugin. -->","yoast_head_json":{"title":"Tulsi Harmonie 70g - Erboristeria Artemisia","robots":{"index":"index","follow":"follow","max-snippet":"max-snippet:-1","max-image-preview":"max-image-preview:large","max-video-preview":"max-video-preview:-1"},"canonical":"https:\/\/erboristeria-artemisia.ch\/de\/produkt\/tulsi-harmonie-70g\/","og_locale":"de_DE","og_type":"article","og_title":"Tulsi Harmonie 70g - Erboristeria Artemisia","og_description":"\ud83c\udf3f Tulsi Harmonie &#8211; 70 g Ein Aufguss, der die Sinne mit einer perfekten Balance aus w\u00fcrzigen und blumigen Noten umh\u00fcllt.Tulsi &#8211; heiliges indisches Basilikum &#8211; vermischt sich mit der nat\u00fcrlichen S\u00fc\u00dfe von Rooibos, w\u00e4hrend Ingwer und Zimt f\u00fcr eine warme, w\u00fcrzige Note sorgen.Eisenkraut, Kamille und Lavendel sorgen f\u00fcr einen entspannenden Duft, der durch zarte [&hellip;]","og_url":"https:\/\/erboristeria-artemisia.ch\/de\/produkt\/tulsi-harmonie-70g\/","og_site_name":"Erboristeria Artemisia","article_modified_time":"2025-09-25T18:54:07+00:00","og_image":[{"width":1652,"height":1652,"url":"https:\/\/erboristeria-artemisia.ch\/wp-content\/uploads\/2025\/09\/tulsi-harmonie.webp","type":"image\/webp"}],"twitter_card":"summary_large_image","schema":{"@context":"https:\/\/schema.org","@graph":[{"@type":"WebPage","@id":"https:\/\/erboristeria-artemisia.ch\/de\/produkt\/tulsi-harmonie-70g\/","url":"https:\/\/erboristeria-artemisia.ch\/de\/produkt\/tulsi-harmonie-70g\/","name":"Tulsi Harmonie 70g - Erboristeria Artemisia","isPartOf":{"@id":"https:\/\/erboristeria-artemisia.ch\/de\/#website"},"primaryImageOfPage":{"@id":"https:\/\/erboristeria-artemisia.ch\/de\/produkt\/tulsi-harmonie-70g\/#primaryimage"},"image":{"@id":"https:\/\/erboristeria-artemisia.ch\/de\/produkt\/tulsi-harmonie-70g\/#primaryimage"},"thumbnailUrl":"https:\/\/erboristeria-artemisia.ch\/wp-content\/uploads\/2025\/09\/tulsi-harmonie.webp","datePublished":"2025-09-25T18:52:55+00:00","dateModified":"2025-09-25T18:54:07+00:00","breadcrumb":{"@id":"https:\/\/erboristeria-artemisia.ch\/de\/produkt\/tulsi-harmonie-70g\/#breadcrumb"},"inLanguage":"de","potentialAction":[{"@type":"ReadAction","target":["https:\/\/erboristeria-artemisia.ch\/de\/produkt\/tulsi-harmonie-70g\/"]}]},{"@type":"ImageObject","inLanguage":"de","@id":"https:\/\/erboristeria-artemisia.ch\/de\/produkt\/tulsi-harmonie-70g\/#primaryimage","url":"https:\/\/erboristeria-artemisia.ch\/wp-content\/uploads\/2025\/09\/tulsi-harmonie.webp","contentUrl":"https:\/\/erboristeria-artemisia.ch\/wp-content\/uploads\/2025\/09\/tulsi-harmonie.webp","width":1652,"height":1652},{"@type":"BreadcrumbList","@id":"https:\/\/erboristeria-artemisia.ch\/de\/produkt\/tulsi-harmonie-70g\/#breadcrumb","itemListElement":[{"@type":"ListItem","position":1,"name":"Home","item":"https:\/\/erboristeria-artemisia.ch\/de\/startseite\/"},{"@type":"ListItem","position":2,"name":"Shop4","item":"https:\/\/erboristeria-artemisia.ch\/shop4\/"},{"@type":"ListItem","position":3,"name":"Tulsi Harmonie 70g"}]},{"@type":"WebSite","@id":"https:\/\/erboristeria-artemisia.ch\/de\/#website","url":"https:\/\/erboristeria-artemisia.ch\/de\/","name":"Erboristeria Artemisia","description":"Ogni sorso \u00e8 un momento per te","potentialAction":[{"@type":"SearchAction","target":{"@type":"EntryPoint","urlTemplate":"https:\/\/erboristeria-artemisia.ch\/de\/?s={search_term_string}"},"query-input":{"@type":"PropertyValueSpecification","valueRequired":true,"valueName":"search_term_string"}}],"inLanguage":"de"}]}},"_links":{"self":[{"href":"https:\/\/erboristeria-artemisia.ch\/de\/wp-json\/wp\/v2\/product\/30944","targetHints":{"allow":["GET"]}}],"collection":[{"href":"https:\/\/erboristeria-artemisia.ch\/de\/wp-json\/wp\/v2\/product"}],"about":[{"href":"https:\/\/erboristeria-artemisia.ch\/de\/wp-json\/wp\/v2\/types\/product"}],"wp:featuredmedia":[{"embeddable":true,"href":"https:\/\/erboristeria-artemisia.ch\/de\/wp-json\/wp\/v2\/media\/30942"}],"wp:attachment":[{"href":"https:\/\/erboristeria-artemisia.ch\/de\/wp-json\/wp\/v2\/media?parent=30944"}],"wp:term":[{"taxonomy":"product_brand","embeddable":true,"href":"https:\/\/erboristeria-artemisia.ch\/de\/wp-json\/wp\/v2\/product_brand?post=30944"},{"taxonomy":"product_cat","embeddable":true,"href":"https:\/\/erboristeria-artemisia.ch\/de\/wp-json\/wp\/v2\/product_cat?post=30944"},{"taxonomy":"product_tag","embeddable":true,"href":"https:\/\/erboristeria-artemisia.ch\/de\/wp-json\/wp\/v2\/product_tag?post=30944"}],"curies":[{"name":"wp","href":"https:\/\/api.w.org\/{rel}","templated":true}]}}