{"id":30948,"date":"2025-09-25T21:00:04","date_gmt":"2025-09-25T19:00:04","guid":{"rendered":"https:\/\/erboristeria-artemisia.ch\/product\/gluecklicher-moment-70g\/"},"modified":"2025-09-25T21:00:47","modified_gmt":"2025-09-25T19:00:47","slug":"gluecklicher-moment-70g","status":"publish","type":"product","link":"https:\/\/erboristeria-artemisia.ch\/de\/produkt\/gluecklicher-moment-70g\/","title":{"rendered":"Gl\u00fccklicher Moment 70g"},"content":{"rendered":"<h3 data-start=\"66\" data-end=\"100\">\ud83d\ude0a <strong data-start=\"73\" data-end=\"98\">Gl\u00fccklicher Moment &#8211; 70 g<\/strong><\/h3>\n<p data-start=\"101\" data-end=\"635\">Eine Symphonie aus Kr\u00e4utern, Fr\u00fcchten und Gew\u00fcrzen, die mit jedem Schluck einen Moment der puren Freude schenkt.<br data-start=\"188\" data-end=\"191\">Das s\u00fc\u00dfe Herz von <strong data-start=\"209\" data-end=\"220\">Rooibos<\/strong> und <strong data-start=\"223\" data-end=\"231\">Apfel<\/strong> trifft auf die Frische von <strong data-start=\"258\" data-end=\"272\">Zitronengras<\/strong>, <strong data-start=\"274\" data-end=\"285\">Eisenkraut<\/strong> und <strong data-start=\"288\" data-end=\"299\" data-is-only-node=\"\">Zitronenmelisse<\/strong>, w\u00e4hrend <strong data-start=\"308\" data-end=\"321\">Kamille<\/strong>, <strong data-start=\"323\" data-end=\"338\">Wei\u00dfdorn<\/strong> und <strong data-start=\"342\" data-end=\"354\">Epilobia<\/strong> eine beruhigende Umarmung bilden.    <br data-start=\"392\" data-end=\"395\">Lebendige Noten von <strong data-start=\"413\" data-end=\"424\">Orangen-<\/strong>, <strong data-start=\"426\" data-end=\"438\">Maracuja-<\/strong> und <strong data-start=\"441\" data-end=\"459\">Brombeerbl\u00e4ttern<\/strong> verflechten sich mit der w\u00fcrzigen W\u00e4rme von <strong data-start=\"501\" data-end=\"512\">Ingwer<\/strong>, <strong data-start=\"514\" data-end=\"528\">Koriander<\/strong>, <strong data-start=\"530\" data-end=\"542\">Zimt<\/strong> und <strong data-start=\"545\" data-end=\"558\">Kardamom<\/strong> und schaffen ein <strong data-start=\"616\" data-end=\"634\">nat\u00fcrliches<\/strong>, harmonisches Bouquet, das mit <strong data-start=\"616\" data-end=\"634\">nat\u00fcrlichen Aromen<\/strong> angereichert ist.    <\/p>\n<p data-start=\"637\" data-end=\"747\"><strong data-start=\"637\" data-end=\"651\">Ideal f\u00fcr<\/strong>: eine entspannende und fr\u00f6hliche Pause zu jeder Tageszeit, hei\u00df oder kalt genossen.<\/p>\n","protected":false},"excerpt":{"rendered":"<p>\ud83d\ude0a Gl\u00fccklicher Moment &#8211; 70 g Eine Symphonie aus Kr\u00e4utern, Fr\u00fcchten und Gew\u00fcrzen, die mit jedem Schluck einen Moment der puren Freude schenkt.Das s\u00fc\u00dfe Herz von Rooibos und Apfel trifft auf die Frische von Zitronengras, Eisenkraut und Zitronenmelisse, w\u00e4hrend Kamille, Wei\u00dfdorn und Epilobia eine beruhigende Umarmung bilden. Lebendige Noten von Orangen-, Maracuja- und Brombeerbl\u00e4ttern verflechten [&hellip;]<\/p>\n","protected":false},"featured_media":30946,"template":"","meta":{"_et_pb_use_builder":"","_et_pb_old_content":"","_et_gb_content_width":""},"product_brand":[],"product_cat":[99],"product_tag":[],"class_list":{"0":"post-30948","1":"product","2":"type-product","3":"status-publish","4":"has-post-thumbnail","6":"product_cat-rooibos-de","8":"first","9":"instock","10":"shipping-taxable","11":"purchasable","12":"product-type-simple"},"yoast_head":"<!-- This site is optimized with the Yoast SEO plugin v27.4 - https:\/\/yoast.com\/product\/yoast-seo-wordpress\/ -->\n<title>Gl\u00fccklicher Moment 70g - Erboristeria Artemisia<\/title>\n<meta name=\"robots\" content=\"index, follow, max-snippet:-1, max-image-preview:large, max-video-preview:-1\" \/>\n<link rel=\"canonical\" href=\"https:\/\/erboristeria-artemisia.ch\/de\/produkt\/gluecklicher-moment-70g\/\" \/>\n<meta property=\"og:locale\" content=\"de_DE\" \/>\n<meta property=\"og:type\" content=\"article\" \/>\n<meta property=\"og:title\" content=\"Gl\u00fccklicher Moment 70g - Erboristeria Artemisia\" \/>\n<meta property=\"og:description\" content=\"\ud83d\ude0a Gl\u00fccklicher Moment &#8211; 70 g Eine Symphonie aus Kr\u00e4utern, Fr\u00fcchten und Gew\u00fcrzen, die mit jedem Schluck einen Moment der puren Freude schenkt.Das s\u00fc\u00dfe Herz von Rooibos und Apfel trifft auf die Frische von Zitronengras, Eisenkraut und Zitronenmelisse, w\u00e4hrend Kamille, Wei\u00dfdorn und Epilobia eine beruhigende Umarmung bilden. Lebendige Noten von Orangen-, Maracuja- und Brombeerbl\u00e4ttern verflechten [&hellip;]\" \/>\n<meta property=\"og:url\" content=\"https:\/\/erboristeria-artemisia.ch\/de\/produkt\/gluecklicher-moment-70g\/\" \/>\n<meta property=\"og:site_name\" content=\"Erboristeria Artemisia\" \/>\n<meta property=\"article:modified_time\" content=\"2025-09-25T19:00:47+00:00\" \/>\n<meta property=\"og:image\" content=\"https:\/\/erboristeria-artemisia.ch\/wp-content\/uploads\/2025\/09\/125091_19df05447a6f0937fd7d7413763536a60c2ad9fe.jpg.webp\" \/>\n\t<meta property=\"og:image:width\" content=\"533\" \/>\n\t<meta property=\"og:image:height\" content=\"533\" \/>\n\t<meta property=\"og:image:type\" content=\"image\/webp\" \/>\n<meta name=\"twitter:card\" content=\"summary_large_image\" \/>\n<meta name=\"twitter:label1\" content=\"Gesch\u00e4tzte Lesezeit\" \/>\n\t<meta name=\"twitter:data1\" content=\"1\u00a0Minute\" \/>\n<script type=\"application\/ld+json\" class=\"yoast-schema-graph\">{\"@context\":\"https:\\\/\\\/schema.org\",\"@graph\":[{\"@type\":\"WebPage\",\"@id\":\"https:\\\/\\\/erboristeria-artemisia.ch\\\/de\\\/produkt\\\/gluecklicher-moment-70g\\\/\",\"url\":\"https:\\\/\\\/erboristeria-artemisia.ch\\\/de\\\/produkt\\\/gluecklicher-moment-70g\\\/\",\"name\":\"Gl\u00fccklicher Moment 70g - Erboristeria Artemisia\",\"isPartOf\":{\"@id\":\"https:\\\/\\\/erboristeria-artemisia.ch\\\/de\\\/#website\"},\"primaryImageOfPage\":{\"@id\":\"https:\\\/\\\/erboristeria-artemisia.ch\\\/de\\\/produkt\\\/gluecklicher-moment-70g\\\/#primaryimage\"},\"image\":{\"@id\":\"https:\\\/\\\/erboristeria-artemisia.ch\\\/de\\\/produkt\\\/gluecklicher-moment-70g\\\/#primaryimage\"},\"thumbnailUrl\":\"https:\\\/\\\/erboristeria-artemisia.ch\\\/wp-content\\\/uploads\\\/2025\\\/09\\\/125091_19df05447a6f0937fd7d7413763536a60c2ad9fe.jpg.webp\",\"datePublished\":\"2025-09-25T19:00:04+00:00\",\"dateModified\":\"2025-09-25T19:00:47+00:00\",\"breadcrumb\":{\"@id\":\"https:\\\/\\\/erboristeria-artemisia.ch\\\/de\\\/produkt\\\/gluecklicher-moment-70g\\\/#breadcrumb\"},\"inLanguage\":\"de\",\"potentialAction\":[{\"@type\":\"ReadAction\",\"target\":[\"https:\\\/\\\/erboristeria-artemisia.ch\\\/de\\\/produkt\\\/gluecklicher-moment-70g\\\/\"]}]},{\"@type\":\"ImageObject\",\"inLanguage\":\"de\",\"@id\":\"https:\\\/\\\/erboristeria-artemisia.ch\\\/de\\\/produkt\\\/gluecklicher-moment-70g\\\/#primaryimage\",\"url\":\"https:\\\/\\\/erboristeria-artemisia.ch\\\/wp-content\\\/uploads\\\/2025\\\/09\\\/125091_19df05447a6f0937fd7d7413763536a60c2ad9fe.jpg.webp\",\"contentUrl\":\"https:\\\/\\\/erboristeria-artemisia.ch\\\/wp-content\\\/uploads\\\/2025\\\/09\\\/125091_19df05447a6f0937fd7d7413763536a60c2ad9fe.jpg.webp\",\"width\":533,\"height\":533},{\"@type\":\"BreadcrumbList\",\"@id\":\"https:\\\/\\\/erboristeria-artemisia.ch\\\/de\\\/produkt\\\/gluecklicher-moment-70g\\\/#breadcrumb\",\"itemListElement\":[{\"@type\":\"ListItem\",\"position\":1,\"name\":\"Home\",\"item\":\"https:\\\/\\\/erboristeria-artemisia.ch\\\/de\\\/startseite\\\/\"},{\"@type\":\"ListItem\",\"position\":2,\"name\":\"Shop4\",\"item\":\"https:\\\/\\\/erboristeria-artemisia.ch\\\/shop4\\\/\"},{\"@type\":\"ListItem\",\"position\":3,\"name\":\"Gl\u00fccklicher Moment 70g\"}]},{\"@type\":\"WebSite\",\"@id\":\"https:\\\/\\\/erboristeria-artemisia.ch\\\/de\\\/#website\",\"url\":\"https:\\\/\\\/erboristeria-artemisia.ch\\\/de\\\/\",\"name\":\"Erboristeria Artemisia\",\"description\":\"Ogni sorso \u00e8 un momento per te\",\"potentialAction\":[{\"@type\":\"SearchAction\",\"target\":{\"@type\":\"EntryPoint\",\"urlTemplate\":\"https:\\\/\\\/erboristeria-artemisia.ch\\\/de\\\/?s={search_term_string}\"},\"query-input\":{\"@type\":\"PropertyValueSpecification\",\"valueRequired\":true,\"valueName\":\"search_term_string\"}}],\"inLanguage\":\"de\"}]}<\/script>\n<!-- \/ Yoast SEO plugin. -->","yoast_head_json":{"title":"Gl\u00fccklicher Moment 70g - Erboristeria Artemisia","robots":{"index":"index","follow":"follow","max-snippet":"max-snippet:-1","max-image-preview":"max-image-preview:large","max-video-preview":"max-video-preview:-1"},"canonical":"https:\/\/erboristeria-artemisia.ch\/de\/produkt\/gluecklicher-moment-70g\/","og_locale":"de_DE","og_type":"article","og_title":"Gl\u00fccklicher Moment 70g - Erboristeria Artemisia","og_description":"\ud83d\ude0a Gl\u00fccklicher Moment &#8211; 70 g Eine Symphonie aus Kr\u00e4utern, Fr\u00fcchten und Gew\u00fcrzen, die mit jedem Schluck einen Moment der puren Freude schenkt.Das s\u00fc\u00dfe Herz von Rooibos und Apfel trifft auf die Frische von Zitronengras, Eisenkraut und Zitronenmelisse, w\u00e4hrend Kamille, Wei\u00dfdorn und Epilobia eine beruhigende Umarmung bilden. Lebendige Noten von Orangen-, Maracuja- und Brombeerbl\u00e4ttern verflechten [&hellip;]","og_url":"https:\/\/erboristeria-artemisia.ch\/de\/produkt\/gluecklicher-moment-70g\/","og_site_name":"Erboristeria Artemisia","article_modified_time":"2025-09-25T19:00:47+00:00","og_image":[{"width":533,"height":533,"url":"https:\/\/erboristeria-artemisia.ch\/wp-content\/uploads\/2025\/09\/125091_19df05447a6f0937fd7d7413763536a60c2ad9fe.jpg.webp","type":"image\/webp"}],"twitter_card":"summary_large_image","twitter_misc":{"Gesch\u00e4tzte Lesezeit":"1\u00a0Minute"},"schema":{"@context":"https:\/\/schema.org","@graph":[{"@type":"WebPage","@id":"https:\/\/erboristeria-artemisia.ch\/de\/produkt\/gluecklicher-moment-70g\/","url":"https:\/\/erboristeria-artemisia.ch\/de\/produkt\/gluecklicher-moment-70g\/","name":"Gl\u00fccklicher Moment 70g - Erboristeria Artemisia","isPartOf":{"@id":"https:\/\/erboristeria-artemisia.ch\/de\/#website"},"primaryImageOfPage":{"@id":"https:\/\/erboristeria-artemisia.ch\/de\/produkt\/gluecklicher-moment-70g\/#primaryimage"},"image":{"@id":"https:\/\/erboristeria-artemisia.ch\/de\/produkt\/gluecklicher-moment-70g\/#primaryimage"},"thumbnailUrl":"https:\/\/erboristeria-artemisia.ch\/wp-content\/uploads\/2025\/09\/125091_19df05447a6f0937fd7d7413763536a60c2ad9fe.jpg.webp","datePublished":"2025-09-25T19:00:04+00:00","dateModified":"2025-09-25T19:00:47+00:00","breadcrumb":{"@id":"https:\/\/erboristeria-artemisia.ch\/de\/produkt\/gluecklicher-moment-70g\/#breadcrumb"},"inLanguage":"de","potentialAction":[{"@type":"ReadAction","target":["https:\/\/erboristeria-artemisia.ch\/de\/produkt\/gluecklicher-moment-70g\/"]}]},{"@type":"ImageObject","inLanguage":"de","@id":"https:\/\/erboristeria-artemisia.ch\/de\/produkt\/gluecklicher-moment-70g\/#primaryimage","url":"https:\/\/erboristeria-artemisia.ch\/wp-content\/uploads\/2025\/09\/125091_19df05447a6f0937fd7d7413763536a60c2ad9fe.jpg.webp","contentUrl":"https:\/\/erboristeria-artemisia.ch\/wp-content\/uploads\/2025\/09\/125091_19df05447a6f0937fd7d7413763536a60c2ad9fe.jpg.webp","width":533,"height":533},{"@type":"BreadcrumbList","@id":"https:\/\/erboristeria-artemisia.ch\/de\/produkt\/gluecklicher-moment-70g\/#breadcrumb","itemListElement":[{"@type":"ListItem","position":1,"name":"Home","item":"https:\/\/erboristeria-artemisia.ch\/de\/startseite\/"},{"@type":"ListItem","position":2,"name":"Shop4","item":"https:\/\/erboristeria-artemisia.ch\/shop4\/"},{"@type":"ListItem","position":3,"name":"Gl\u00fccklicher Moment 70g"}]},{"@type":"WebSite","@id":"https:\/\/erboristeria-artemisia.ch\/de\/#website","url":"https:\/\/erboristeria-artemisia.ch\/de\/","name":"Erboristeria Artemisia","description":"Ogni sorso \u00e8 un momento per te","potentialAction":[{"@type":"SearchAction","target":{"@type":"EntryPoint","urlTemplate":"https:\/\/erboristeria-artemisia.ch\/de\/?s={search_term_string}"},"query-input":{"@type":"PropertyValueSpecification","valueRequired":true,"valueName":"search_term_string"}}],"inLanguage":"de"}]}},"_links":{"self":[{"href":"https:\/\/erboristeria-artemisia.ch\/de\/wp-json\/wp\/v2\/product\/30948","targetHints":{"allow":["GET"]}}],"collection":[{"href":"https:\/\/erboristeria-artemisia.ch\/de\/wp-json\/wp\/v2\/product"}],"about":[{"href":"https:\/\/erboristeria-artemisia.ch\/de\/wp-json\/wp\/v2\/types\/product"}],"wp:featuredmedia":[{"embeddable":true,"href":"https:\/\/erboristeria-artemisia.ch\/de\/wp-json\/wp\/v2\/media\/30946"}],"wp:attachment":[{"href":"https:\/\/erboristeria-artemisia.ch\/de\/wp-json\/wp\/v2\/media?parent=30948"}],"wp:term":[{"taxonomy":"product_brand","embeddable":true,"href":"https:\/\/erboristeria-artemisia.ch\/de\/wp-json\/wp\/v2\/product_brand?post=30948"},{"taxonomy":"product_cat","embeddable":true,"href":"https:\/\/erboristeria-artemisia.ch\/de\/wp-json\/wp\/v2\/product_cat?post=30948"},{"taxonomy":"product_tag","embeddable":true,"href":"https:\/\/erboristeria-artemisia.ch\/de\/wp-json\/wp\/v2\/product_tag?post=30948"}],"curies":[{"name":"wp","href":"https:\/\/api.w.org\/{rel}","templated":true}]}}