{"id":30956,"date":"2025-09-25T21:14:38","date_gmt":"2025-09-25T19:14:38","guid":{"rendered":"https:\/\/erboristeria-artemisia.ch\/product\/wuestenblume-90g\/"},"modified":"2025-09-25T21:22:35","modified_gmt":"2025-09-25T19:22:35","slug":"wuestenblume-90g","status":"publish","type":"product","link":"https:\/\/erboristeria-artemisia.ch\/de\/produkt\/wuestenblume-90g\/","title":{"rendered":"W\u00fcstenblume 90g"},"content":{"rendered":"<h3 data-start=\"68\" data-end=\"105\"><strong data-start=\"75\" data-end=\"103\">\ud83c\udf38 W\u00fcstenblume &#8211; 90 g<\/strong><\/h3>\n<p data-start=\"106\" data-end=\"492\">Ein raffinierter und \u00fcberraschender Aufguss, der den Zauber von W\u00fcstenlandschaften in Ihre Tasse bringt.<br data-start=\"192\" data-end=\"195\">Die nat\u00fcrliche S\u00fc\u00dfe von <strong data-start=\"220\" data-end=\"237\">gr\u00fcnem Rooibos<\/strong> trifft auf die Zartheit von <strong data-start=\"266\" data-end=\"290\">Kornblumenbl\u00fcten<\/strong>, w\u00e4hrend <strong data-start=\"301\" data-end=\"320\">Kaktusbl\u00fcten<\/strong>eine einzigartige und exotische Note <strong data-start=\"301\" data-end=\"320\">hinzuf\u00fcgen<\/strong>.<br data-start=\"357\" data-end=\"360\">Ein Hauch <strong data-start=\"373\" data-end=\"391\">nat\u00fcrlicher Aromen<\/strong> vervollst\u00e4ndigt diese elegante und harmonische Mischung, perfekt f\u00fcr alle, die einen originellen und leichten Geschmack suchen.<\/p>\n<p data-start=\"494\" data-end=\"582\"><strong data-start=\"494\" data-end=\"508\">Ideal f\u00fcr<\/strong>: eine entspannende und stimmungsvolle Pause, die Sie zum Tr\u00e4umen von fernen Welten einl\u00e4dt.<\/p>\n","protected":false},"excerpt":{"rendered":"<p>\ud83c\udf38 W\u00fcstenblume &#8211; 90 g Ein raffinierter und \u00fcberraschender Aufguss, der den Zauber von W\u00fcstenlandschaften in Ihre Tasse bringt.Die nat\u00fcrliche S\u00fc\u00dfe von gr\u00fcnem Rooibos trifft auf die Zartheit von Kornblumenbl\u00fcten, w\u00e4hrend Kaktusbl\u00fcteneine einzigartige und exotische Note hinzuf\u00fcgen.Ein Hauch nat\u00fcrlicher Aromen vervollst\u00e4ndigt diese elegante und harmonische Mischung, perfekt f\u00fcr alle, die einen originellen und leichten Geschmack [&hellip;]<\/p>\n","protected":false},"featured_media":30953,"template":"","meta":{"_et_pb_use_builder":"","_et_pb_old_content":"","_et_gb_content_width":""},"product_brand":[],"product_cat":[99],"product_tag":[],"class_list":{"0":"post-30956","1":"product","2":"type-product","3":"status-publish","4":"has-post-thumbnail","6":"product_cat-rooibos-de","8":"first","9":"instock","10":"shipping-taxable","11":"purchasable","12":"product-type-simple"},"yoast_head":"<!-- This site is optimized with the Yoast SEO plugin v27.4 - https:\/\/yoast.com\/product\/yoast-seo-wordpress\/ -->\n<title>W\u00fcstenblume 90g - Erboristeria Artemisia<\/title>\n<meta name=\"robots\" content=\"index, follow, max-snippet:-1, max-image-preview:large, max-video-preview:-1\" \/>\n<link rel=\"canonical\" href=\"https:\/\/erboristeria-artemisia.ch\/de\/produkt\/wuestenblume-90g\/\" \/>\n<meta property=\"og:locale\" content=\"de_DE\" \/>\n<meta property=\"og:type\" content=\"article\" \/>\n<meta property=\"og:title\" content=\"W\u00fcstenblume 90g - Erboristeria Artemisia\" \/>\n<meta property=\"og:description\" content=\"\ud83c\udf38 W\u00fcstenblume &#8211; 90 g Ein raffinierter und \u00fcberraschender Aufguss, der den Zauber von W\u00fcstenlandschaften in Ihre Tasse bringt.Die nat\u00fcrliche S\u00fc\u00dfe von gr\u00fcnem Rooibos trifft auf die Zartheit von Kornblumenbl\u00fcten, w\u00e4hrend Kaktusbl\u00fcteneine einzigartige und exotische Note hinzuf\u00fcgen.Ein Hauch nat\u00fcrlicher Aromen vervollst\u00e4ndigt diese elegante und harmonische Mischung, perfekt f\u00fcr alle, die einen originellen und leichten Geschmack [&hellip;]\" \/>\n<meta property=\"og:url\" content=\"https:\/\/erboristeria-artemisia.ch\/de\/produkt\/wuestenblume-90g\/\" \/>\n<meta property=\"og:site_name\" content=\"Erboristeria Artemisia\" \/>\n<meta property=\"article:modified_time\" content=\"2025-09-25T19:22:35+00:00\" \/>\n<meta property=\"og:image\" content=\"https:\/\/erboristeria-artemisia.ch\/wp-content\/uploads\/2025\/09\/TisanaHerbalFoxtrot.webp.jpeg\" \/>\n\t<meta property=\"og:image:width\" content=\"1000\" \/>\n\t<meta property=\"og:image:height\" content=\"1000\" \/>\n\t<meta property=\"og:image:type\" content=\"image\/jpeg\" \/>\n<meta name=\"twitter:card\" content=\"summary_large_image\" \/>\n<script type=\"application\/ld+json\" class=\"yoast-schema-graph\">{\"@context\":\"https:\\\/\\\/schema.org\",\"@graph\":[{\"@type\":\"WebPage\",\"@id\":\"https:\\\/\\\/erboristeria-artemisia.ch\\\/de\\\/produkt\\\/wuestenblume-90g\\\/\",\"url\":\"https:\\\/\\\/erboristeria-artemisia.ch\\\/de\\\/produkt\\\/wuestenblume-90g\\\/\",\"name\":\"W\u00fcstenblume 90g - Erboristeria Artemisia\",\"isPartOf\":{\"@id\":\"https:\\\/\\\/erboristeria-artemisia.ch\\\/de\\\/#website\"},\"primaryImageOfPage\":{\"@id\":\"https:\\\/\\\/erboristeria-artemisia.ch\\\/de\\\/produkt\\\/wuestenblume-90g\\\/#primaryimage\"},\"image\":{\"@id\":\"https:\\\/\\\/erboristeria-artemisia.ch\\\/de\\\/produkt\\\/wuestenblume-90g\\\/#primaryimage\"},\"thumbnailUrl\":\"https:\\\/\\\/erboristeria-artemisia.ch\\\/wp-content\\\/uploads\\\/2025\\\/09\\\/TisanaHerbalFoxtrot.webp.jpeg\",\"datePublished\":\"2025-09-25T19:14:38+00:00\",\"dateModified\":\"2025-09-25T19:22:35+00:00\",\"breadcrumb\":{\"@id\":\"https:\\\/\\\/erboristeria-artemisia.ch\\\/de\\\/produkt\\\/wuestenblume-90g\\\/#breadcrumb\"},\"inLanguage\":\"de\",\"potentialAction\":[{\"@type\":\"ReadAction\",\"target\":[\"https:\\\/\\\/erboristeria-artemisia.ch\\\/de\\\/produkt\\\/wuestenblume-90g\\\/\"]}]},{\"@type\":\"ImageObject\",\"inLanguage\":\"de\",\"@id\":\"https:\\\/\\\/erboristeria-artemisia.ch\\\/de\\\/produkt\\\/wuestenblume-90g\\\/#primaryimage\",\"url\":\"https:\\\/\\\/erboristeria-artemisia.ch\\\/wp-content\\\/uploads\\\/2025\\\/09\\\/TisanaHerbalFoxtrot.webp.jpeg\",\"contentUrl\":\"https:\\\/\\\/erboristeria-artemisia.ch\\\/wp-content\\\/uploads\\\/2025\\\/09\\\/TisanaHerbalFoxtrot.webp.jpeg\",\"width\":1000,\"height\":1000},{\"@type\":\"BreadcrumbList\",\"@id\":\"https:\\\/\\\/erboristeria-artemisia.ch\\\/de\\\/produkt\\\/wuestenblume-90g\\\/#breadcrumb\",\"itemListElement\":[{\"@type\":\"ListItem\",\"position\":1,\"name\":\"Home\",\"item\":\"https:\\\/\\\/erboristeria-artemisia.ch\\\/de\\\/startseite\\\/\"},{\"@type\":\"ListItem\",\"position\":2,\"name\":\"Shop4\",\"item\":\"https:\\\/\\\/erboristeria-artemisia.ch\\\/shop4\\\/\"},{\"@type\":\"ListItem\",\"position\":3,\"name\":\"W\u00fcstenblume 90g\"}]},{\"@type\":\"WebSite\",\"@id\":\"https:\\\/\\\/erboristeria-artemisia.ch\\\/de\\\/#website\",\"url\":\"https:\\\/\\\/erboristeria-artemisia.ch\\\/de\\\/\",\"name\":\"Erboristeria Artemisia\",\"description\":\"Ogni sorso \u00e8 un momento per te\",\"potentialAction\":[{\"@type\":\"SearchAction\",\"target\":{\"@type\":\"EntryPoint\",\"urlTemplate\":\"https:\\\/\\\/erboristeria-artemisia.ch\\\/de\\\/?s={search_term_string}\"},\"query-input\":{\"@type\":\"PropertyValueSpecification\",\"valueRequired\":true,\"valueName\":\"search_term_string\"}}],\"inLanguage\":\"de\"}]}<\/script>\n<!-- \/ Yoast SEO plugin. -->","yoast_head_json":{"title":"W\u00fcstenblume 90g - Erboristeria Artemisia","robots":{"index":"index","follow":"follow","max-snippet":"max-snippet:-1","max-image-preview":"max-image-preview:large","max-video-preview":"max-video-preview:-1"},"canonical":"https:\/\/erboristeria-artemisia.ch\/de\/produkt\/wuestenblume-90g\/","og_locale":"de_DE","og_type":"article","og_title":"W\u00fcstenblume 90g - Erboristeria Artemisia","og_description":"\ud83c\udf38 W\u00fcstenblume &#8211; 90 g Ein raffinierter und \u00fcberraschender Aufguss, der den Zauber von W\u00fcstenlandschaften in Ihre Tasse bringt.Die nat\u00fcrliche S\u00fc\u00dfe von gr\u00fcnem Rooibos trifft auf die Zartheit von Kornblumenbl\u00fcten, w\u00e4hrend Kaktusbl\u00fcteneine einzigartige und exotische Note hinzuf\u00fcgen.Ein Hauch nat\u00fcrlicher Aromen vervollst\u00e4ndigt diese elegante und harmonische Mischung, perfekt f\u00fcr alle, die einen originellen und leichten Geschmack [&hellip;]","og_url":"https:\/\/erboristeria-artemisia.ch\/de\/produkt\/wuestenblume-90g\/","og_site_name":"Erboristeria Artemisia","article_modified_time":"2025-09-25T19:22:35+00:00","og_image":[{"width":1000,"height":1000,"url":"https:\/\/erboristeria-artemisia.ch\/wp-content\/uploads\/2025\/09\/TisanaHerbalFoxtrot.webp.jpeg","type":"image\/jpeg"}],"twitter_card":"summary_large_image","schema":{"@context":"https:\/\/schema.org","@graph":[{"@type":"WebPage","@id":"https:\/\/erboristeria-artemisia.ch\/de\/produkt\/wuestenblume-90g\/","url":"https:\/\/erboristeria-artemisia.ch\/de\/produkt\/wuestenblume-90g\/","name":"W\u00fcstenblume 90g - Erboristeria Artemisia","isPartOf":{"@id":"https:\/\/erboristeria-artemisia.ch\/de\/#website"},"primaryImageOfPage":{"@id":"https:\/\/erboristeria-artemisia.ch\/de\/produkt\/wuestenblume-90g\/#primaryimage"},"image":{"@id":"https:\/\/erboristeria-artemisia.ch\/de\/produkt\/wuestenblume-90g\/#primaryimage"},"thumbnailUrl":"https:\/\/erboristeria-artemisia.ch\/wp-content\/uploads\/2025\/09\/TisanaHerbalFoxtrot.webp.jpeg","datePublished":"2025-09-25T19:14:38+00:00","dateModified":"2025-09-25T19:22:35+00:00","breadcrumb":{"@id":"https:\/\/erboristeria-artemisia.ch\/de\/produkt\/wuestenblume-90g\/#breadcrumb"},"inLanguage":"de","potentialAction":[{"@type":"ReadAction","target":["https:\/\/erboristeria-artemisia.ch\/de\/produkt\/wuestenblume-90g\/"]}]},{"@type":"ImageObject","inLanguage":"de","@id":"https:\/\/erboristeria-artemisia.ch\/de\/produkt\/wuestenblume-90g\/#primaryimage","url":"https:\/\/erboristeria-artemisia.ch\/wp-content\/uploads\/2025\/09\/TisanaHerbalFoxtrot.webp.jpeg","contentUrl":"https:\/\/erboristeria-artemisia.ch\/wp-content\/uploads\/2025\/09\/TisanaHerbalFoxtrot.webp.jpeg","width":1000,"height":1000},{"@type":"BreadcrumbList","@id":"https:\/\/erboristeria-artemisia.ch\/de\/produkt\/wuestenblume-90g\/#breadcrumb","itemListElement":[{"@type":"ListItem","position":1,"name":"Home","item":"https:\/\/erboristeria-artemisia.ch\/de\/startseite\/"},{"@type":"ListItem","position":2,"name":"Shop4","item":"https:\/\/erboristeria-artemisia.ch\/shop4\/"},{"@type":"ListItem","position":3,"name":"W\u00fcstenblume 90g"}]},{"@type":"WebSite","@id":"https:\/\/erboristeria-artemisia.ch\/de\/#website","url":"https:\/\/erboristeria-artemisia.ch\/de\/","name":"Erboristeria Artemisia","description":"Ogni sorso \u00e8 un momento per te","potentialAction":[{"@type":"SearchAction","target":{"@type":"EntryPoint","urlTemplate":"https:\/\/erboristeria-artemisia.ch\/de\/?s={search_term_string}"},"query-input":{"@type":"PropertyValueSpecification","valueRequired":true,"valueName":"search_term_string"}}],"inLanguage":"de"}]}},"_links":{"self":[{"href":"https:\/\/erboristeria-artemisia.ch\/de\/wp-json\/wp\/v2\/product\/30956","targetHints":{"allow":["GET"]}}],"collection":[{"href":"https:\/\/erboristeria-artemisia.ch\/de\/wp-json\/wp\/v2\/product"}],"about":[{"href":"https:\/\/erboristeria-artemisia.ch\/de\/wp-json\/wp\/v2\/types\/product"}],"wp:featuredmedia":[{"embeddable":true,"href":"https:\/\/erboristeria-artemisia.ch\/de\/wp-json\/wp\/v2\/media\/30953"}],"wp:attachment":[{"href":"https:\/\/erboristeria-artemisia.ch\/de\/wp-json\/wp\/v2\/media?parent=30956"}],"wp:term":[{"taxonomy":"product_brand","embeddable":true,"href":"https:\/\/erboristeria-artemisia.ch\/de\/wp-json\/wp\/v2\/product_brand?post=30956"},{"taxonomy":"product_cat","embeddable":true,"href":"https:\/\/erboristeria-artemisia.ch\/de\/wp-json\/wp\/v2\/product_cat?post=30956"},{"taxonomy":"product_tag","embeddable":true,"href":"https:\/\/erboristeria-artemisia.ch\/de\/wp-json\/wp\/v2\/product_tag?post=30956"}],"curies":[{"name":"wp","href":"https:\/\/api.w.org\/{rel}","templated":true}]}}