{"id":30960,"date":"2025-09-25T21:40:58","date_gmt":"2025-09-25T19:40:58","guid":{"rendered":"https:\/\/erboristeria-artemisia.ch\/product\/beduinen-kraeutertee-60g\/"},"modified":"2025-09-25T21:41:29","modified_gmt":"2025-09-25T19:41:29","slug":"beduinen-kraeutertee-60g","status":"publish","type":"product","link":"https:\/\/erboristeria-artemisia.ch\/de\/produkt\/beduinen-kraeutertee-60g\/","title":{"rendered":"Beduinen-Kr\u00e4utertee 60g"},"content":{"rendered":"<h3 data-start=\"61\" data-end=\"99\">\ud83c\udf3f <strong data-start=\"68\" data-end=\"97\">Beduinen-Kr\u00e4utertee &#8211; 60 g<\/strong><\/h3>\n<p data-start=\"100\" data-end=\"515\">Ein k\u00fchner und erfrischender Aufguss, der an W\u00fcsten und \u00fcppige Oasen erinnert.<br data-start=\"183\" data-end=\"186\">Die Kombination aus <strong data-start=\"205\" data-end=\"223\">Pfefferminze<\/strong> und <strong data-start=\"226\" data-end=\"246\">marokkanischer Minze<\/strong> wirkt frisch und anregend, w\u00e4hrend <strong data-start=\"295\" data-end=\"315\">Orangenschalen<\/strong> eine sonnige Zitrusnote beisteuern.<br data-start=\"350\" data-end=\"353\"><strong data-start=\"356\" data-end=\"367\">Ingwer<\/strong> verleiht eine w\u00fcrzige und lebendige Note, <strong data-start=\"404\" data-end=\"413\">Kakao<\/strong> eine leichte, k\u00f6stliche Tiefe und <strong data-start=\"449\" data-end=\"468\">Kaktusbl\u00fcten<\/strong> schlie\u00dfen mit einem exotischen und raffinierten Akzent ab.<\/p>\n<p data-start=\"517\" data-end=\"630\"><strong data-start=\"517\" data-end=\"531\">Ideal f\u00fcr<\/strong>: alle, die sich einen belebenden und originellen Aufguss w\u00fcnschen, perfekt zum Abschluss einer Mahlzeit oder f\u00fcr eine erfrischende Pause.<\/p>\n","protected":false},"excerpt":{"rendered":"<p>\ud83c\udf3f Beduinen-Kr\u00e4utertee &#8211; 60 g Ein k\u00fchner und erfrischender Aufguss, der an W\u00fcsten und \u00fcppige Oasen erinnert.Die Kombination aus Pfefferminze und marokkanischer Minze wirkt frisch und anregend, w\u00e4hrend Orangenschalen eine sonnige Zitrusnote beisteuern.Ingwer verleiht eine w\u00fcrzige und lebendige Note, Kakao eine leichte, k\u00f6stliche Tiefe und Kaktusbl\u00fcten schlie\u00dfen mit einem exotischen und raffinierten Akzent ab. Ideal [&hellip;]<\/p>\n","protected":false},"featured_media":30959,"template":"","meta":{"_et_pb_use_builder":"","_et_pb_old_content":"","_et_gb_content_width":""},"product_brand":[],"product_cat":[98],"product_tag":[],"class_list":{"0":"post-30960","1":"product","2":"type-product","3":"status-publish","4":"has-post-thumbnail","6":"product_cat-auf-krautern-basierend","8":"first","9":"instock","10":"shipping-taxable","11":"purchasable","12":"product-type-simple"},"yoast_head":"<!-- This site is optimized with the Yoast SEO plugin v27.4 - https:\/\/yoast.com\/product\/yoast-seo-wordpress\/ -->\n<title>Beduinen-Kr\u00e4utertee 60g - Erboristeria Artemisia<\/title>\n<meta name=\"robots\" content=\"index, follow, max-snippet:-1, max-image-preview:large, max-video-preview:-1\" \/>\n<link rel=\"canonical\" href=\"https:\/\/erboristeria-artemisia.ch\/de\/produkt\/beduinen-kraeutertee-60g\/\" \/>\n<meta property=\"og:locale\" content=\"de_DE\" \/>\n<meta property=\"og:type\" content=\"article\" \/>\n<meta property=\"og:title\" content=\"Beduinen-Kr\u00e4utertee 60g - Erboristeria Artemisia\" \/>\n<meta property=\"og:description\" content=\"\ud83c\udf3f Beduinen-Kr\u00e4utertee &#8211; 60 g Ein k\u00fchner und erfrischender Aufguss, der an W\u00fcsten und \u00fcppige Oasen erinnert.Die Kombination aus Pfefferminze und marokkanischer Minze wirkt frisch und anregend, w\u00e4hrend Orangenschalen eine sonnige Zitrusnote beisteuern.Ingwer verleiht eine w\u00fcrzige und lebendige Note, Kakao eine leichte, k\u00f6stliche Tiefe und Kaktusbl\u00fcten schlie\u00dfen mit einem exotischen und raffinierten Akzent ab. Ideal [&hellip;]\" \/>\n<meta property=\"og:url\" content=\"https:\/\/erboristeria-artemisia.ch\/de\/produkt\/beduinen-kraeutertee-60g\/\" \/>\n<meta property=\"og:site_name\" content=\"Erboristeria Artemisia\" \/>\n<meta property=\"article:modified_time\" content=\"2025-09-25T19:41:29+00:00\" \/>\n<meta property=\"og:image\" content=\"https:\/\/erboristeria-artemisia.ch\/wp-content\/uploads\/2025\/09\/c_1662536005_f1_tisana-menta-zenzero.jpg\" \/>\n\t<meta property=\"og:image:width\" content=\"800\" \/>\n\t<meta property=\"og:image:height\" content=\"600\" \/>\n\t<meta property=\"og:image:type\" content=\"image\/jpeg\" \/>\n<meta name=\"twitter:card\" content=\"summary_large_image\" \/>\n<script type=\"application\/ld+json\" class=\"yoast-schema-graph\">{\"@context\":\"https:\\\/\\\/schema.org\",\"@graph\":[{\"@type\":\"WebPage\",\"@id\":\"https:\\\/\\\/erboristeria-artemisia.ch\\\/de\\\/produkt\\\/beduinen-kraeutertee-60g\\\/\",\"url\":\"https:\\\/\\\/erboristeria-artemisia.ch\\\/de\\\/produkt\\\/beduinen-kraeutertee-60g\\\/\",\"name\":\"Beduinen-Kr\u00e4utertee 60g - Erboristeria Artemisia\",\"isPartOf\":{\"@id\":\"https:\\\/\\\/erboristeria-artemisia.ch\\\/de\\\/#website\"},\"primaryImageOfPage\":{\"@id\":\"https:\\\/\\\/erboristeria-artemisia.ch\\\/de\\\/produkt\\\/beduinen-kraeutertee-60g\\\/#primaryimage\"},\"image\":{\"@id\":\"https:\\\/\\\/erboristeria-artemisia.ch\\\/de\\\/produkt\\\/beduinen-kraeutertee-60g\\\/#primaryimage\"},\"thumbnailUrl\":\"https:\\\/\\\/erboristeria-artemisia.ch\\\/wp-content\\\/uploads\\\/2025\\\/09\\\/c_1662536005_f1_tisana-menta-zenzero.jpg\",\"datePublished\":\"2025-09-25T19:40:58+00:00\",\"dateModified\":\"2025-09-25T19:41:29+00:00\",\"breadcrumb\":{\"@id\":\"https:\\\/\\\/erboristeria-artemisia.ch\\\/de\\\/produkt\\\/beduinen-kraeutertee-60g\\\/#breadcrumb\"},\"inLanguage\":\"de\",\"potentialAction\":[{\"@type\":\"ReadAction\",\"target\":[\"https:\\\/\\\/erboristeria-artemisia.ch\\\/de\\\/produkt\\\/beduinen-kraeutertee-60g\\\/\"]}]},{\"@type\":\"ImageObject\",\"inLanguage\":\"de\",\"@id\":\"https:\\\/\\\/erboristeria-artemisia.ch\\\/de\\\/produkt\\\/beduinen-kraeutertee-60g\\\/#primaryimage\",\"url\":\"https:\\\/\\\/erboristeria-artemisia.ch\\\/wp-content\\\/uploads\\\/2025\\\/09\\\/c_1662536005_f1_tisana-menta-zenzero.jpg\",\"contentUrl\":\"https:\\\/\\\/erboristeria-artemisia.ch\\\/wp-content\\\/uploads\\\/2025\\\/09\\\/c_1662536005_f1_tisana-menta-zenzero.jpg\",\"width\":800,\"height\":600},{\"@type\":\"BreadcrumbList\",\"@id\":\"https:\\\/\\\/erboristeria-artemisia.ch\\\/de\\\/produkt\\\/beduinen-kraeutertee-60g\\\/#breadcrumb\",\"itemListElement\":[{\"@type\":\"ListItem\",\"position\":1,\"name\":\"Home\",\"item\":\"https:\\\/\\\/erboristeria-artemisia.ch\\\/de\\\/startseite\\\/\"},{\"@type\":\"ListItem\",\"position\":2,\"name\":\"Shop4\",\"item\":\"https:\\\/\\\/erboristeria-artemisia.ch\\\/shop4\\\/\"},{\"@type\":\"ListItem\",\"position\":3,\"name\":\"Beduinen-Kr\u00e4utertee 60g\"}]},{\"@type\":\"WebSite\",\"@id\":\"https:\\\/\\\/erboristeria-artemisia.ch\\\/de\\\/#website\",\"url\":\"https:\\\/\\\/erboristeria-artemisia.ch\\\/de\\\/\",\"name\":\"Erboristeria Artemisia\",\"description\":\"Ogni sorso \u00e8 un momento per te\",\"potentialAction\":[{\"@type\":\"SearchAction\",\"target\":{\"@type\":\"EntryPoint\",\"urlTemplate\":\"https:\\\/\\\/erboristeria-artemisia.ch\\\/de\\\/?s={search_term_string}\"},\"query-input\":{\"@type\":\"PropertyValueSpecification\",\"valueRequired\":true,\"valueName\":\"search_term_string\"}}],\"inLanguage\":\"de\"}]}<\/script>\n<!-- \/ Yoast SEO plugin. -->","yoast_head_json":{"title":"Beduinen-Kr\u00e4utertee 60g - Erboristeria Artemisia","robots":{"index":"index","follow":"follow","max-snippet":"max-snippet:-1","max-image-preview":"max-image-preview:large","max-video-preview":"max-video-preview:-1"},"canonical":"https:\/\/erboristeria-artemisia.ch\/de\/produkt\/beduinen-kraeutertee-60g\/","og_locale":"de_DE","og_type":"article","og_title":"Beduinen-Kr\u00e4utertee 60g - Erboristeria Artemisia","og_description":"\ud83c\udf3f Beduinen-Kr\u00e4utertee &#8211; 60 g Ein k\u00fchner und erfrischender Aufguss, der an W\u00fcsten und \u00fcppige Oasen erinnert.Die Kombination aus Pfefferminze und marokkanischer Minze wirkt frisch und anregend, w\u00e4hrend Orangenschalen eine sonnige Zitrusnote beisteuern.Ingwer verleiht eine w\u00fcrzige und lebendige Note, Kakao eine leichte, k\u00f6stliche Tiefe und Kaktusbl\u00fcten schlie\u00dfen mit einem exotischen und raffinierten Akzent ab. Ideal [&hellip;]","og_url":"https:\/\/erboristeria-artemisia.ch\/de\/produkt\/beduinen-kraeutertee-60g\/","og_site_name":"Erboristeria Artemisia","article_modified_time":"2025-09-25T19:41:29+00:00","og_image":[{"width":800,"height":600,"url":"https:\/\/erboristeria-artemisia.ch\/wp-content\/uploads\/2025\/09\/c_1662536005_f1_tisana-menta-zenzero.jpg","type":"image\/jpeg"}],"twitter_card":"summary_large_image","schema":{"@context":"https:\/\/schema.org","@graph":[{"@type":"WebPage","@id":"https:\/\/erboristeria-artemisia.ch\/de\/produkt\/beduinen-kraeutertee-60g\/","url":"https:\/\/erboristeria-artemisia.ch\/de\/produkt\/beduinen-kraeutertee-60g\/","name":"Beduinen-Kr\u00e4utertee 60g - Erboristeria Artemisia","isPartOf":{"@id":"https:\/\/erboristeria-artemisia.ch\/de\/#website"},"primaryImageOfPage":{"@id":"https:\/\/erboristeria-artemisia.ch\/de\/produkt\/beduinen-kraeutertee-60g\/#primaryimage"},"image":{"@id":"https:\/\/erboristeria-artemisia.ch\/de\/produkt\/beduinen-kraeutertee-60g\/#primaryimage"},"thumbnailUrl":"https:\/\/erboristeria-artemisia.ch\/wp-content\/uploads\/2025\/09\/c_1662536005_f1_tisana-menta-zenzero.jpg","datePublished":"2025-09-25T19:40:58+00:00","dateModified":"2025-09-25T19:41:29+00:00","breadcrumb":{"@id":"https:\/\/erboristeria-artemisia.ch\/de\/produkt\/beduinen-kraeutertee-60g\/#breadcrumb"},"inLanguage":"de","potentialAction":[{"@type":"ReadAction","target":["https:\/\/erboristeria-artemisia.ch\/de\/produkt\/beduinen-kraeutertee-60g\/"]}]},{"@type":"ImageObject","inLanguage":"de","@id":"https:\/\/erboristeria-artemisia.ch\/de\/produkt\/beduinen-kraeutertee-60g\/#primaryimage","url":"https:\/\/erboristeria-artemisia.ch\/wp-content\/uploads\/2025\/09\/c_1662536005_f1_tisana-menta-zenzero.jpg","contentUrl":"https:\/\/erboristeria-artemisia.ch\/wp-content\/uploads\/2025\/09\/c_1662536005_f1_tisana-menta-zenzero.jpg","width":800,"height":600},{"@type":"BreadcrumbList","@id":"https:\/\/erboristeria-artemisia.ch\/de\/produkt\/beduinen-kraeutertee-60g\/#breadcrumb","itemListElement":[{"@type":"ListItem","position":1,"name":"Home","item":"https:\/\/erboristeria-artemisia.ch\/de\/startseite\/"},{"@type":"ListItem","position":2,"name":"Shop4","item":"https:\/\/erboristeria-artemisia.ch\/shop4\/"},{"@type":"ListItem","position":3,"name":"Beduinen-Kr\u00e4utertee 60g"}]},{"@type":"WebSite","@id":"https:\/\/erboristeria-artemisia.ch\/de\/#website","url":"https:\/\/erboristeria-artemisia.ch\/de\/","name":"Erboristeria Artemisia","description":"Ogni sorso \u00e8 un momento per te","potentialAction":[{"@type":"SearchAction","target":{"@type":"EntryPoint","urlTemplate":"https:\/\/erboristeria-artemisia.ch\/de\/?s={search_term_string}"},"query-input":{"@type":"PropertyValueSpecification","valueRequired":true,"valueName":"search_term_string"}}],"inLanguage":"de"}]}},"_links":{"self":[{"href":"https:\/\/erboristeria-artemisia.ch\/de\/wp-json\/wp\/v2\/product\/30960","targetHints":{"allow":["GET"]}}],"collection":[{"href":"https:\/\/erboristeria-artemisia.ch\/de\/wp-json\/wp\/v2\/product"}],"about":[{"href":"https:\/\/erboristeria-artemisia.ch\/de\/wp-json\/wp\/v2\/types\/product"}],"wp:featuredmedia":[{"embeddable":true,"href":"https:\/\/erboristeria-artemisia.ch\/de\/wp-json\/wp\/v2\/media\/30959"}],"wp:attachment":[{"href":"https:\/\/erboristeria-artemisia.ch\/de\/wp-json\/wp\/v2\/media?parent=30960"}],"wp:term":[{"taxonomy":"product_brand","embeddable":true,"href":"https:\/\/erboristeria-artemisia.ch\/de\/wp-json\/wp\/v2\/product_brand?post=30960"},{"taxonomy":"product_cat","embeddable":true,"href":"https:\/\/erboristeria-artemisia.ch\/de\/wp-json\/wp\/v2\/product_cat?post=30960"},{"taxonomy":"product_tag","embeddable":true,"href":"https:\/\/erboristeria-artemisia.ch\/de\/wp-json\/wp\/v2\/product_tag?post=30960"}],"curies":[{"name":"wp","href":"https:\/\/api.w.org\/{rel}","templated":true}]}}