{"id":30993,"date":"2025-09-26T20:29:56","date_gmt":"2025-09-26T18:29:56","guid":{"rendered":"https:\/\/erboristeria-artemisia.ch\/product\/gin-tonic-90g\/"},"modified":"2025-09-26T20:31:20","modified_gmt":"2025-09-26T18:31:20","slug":"gin-tonic-90g","status":"publish","type":"product","link":"https:\/\/erboristeria-artemisia.ch\/de\/produkt\/gin-tonic-90g\/","title":{"rendered":"Gin Tonic 90g"},"content":{"rendered":"<p><strong data-start=\"85\" data-end=\"105\">Gin Tonic &#8211; 90 g<\/strong><br data-start=\"105\" data-end=\"108\">Ein prickelnder, aromatischer Aufguss, der an den einzigartigen Charakter des ber\u00fchmten Cocktails erinnert.<br data-start=\"192\" data-end=\"195\">Die S\u00fc\u00dfe von <strong data-start=\"213\" data-end=\"221\">Apfel-<\/strong> und <strong data-start=\"230\" data-end=\"248\">Brombeerbl\u00e4ttern<\/strong> trifft auf die Zitrusfrische von <strong data-start=\"284\" data-end=\"298\">Zitronengras<\/strong>, <strong data-start=\"300\" data-end=\"320\">Orangenschalen<\/strong> und <strong data-start=\"323\" data-end=\"343\">Zitronenschalen<\/strong>. <br data-start=\"344\" data-end=\"347\">Die w\u00fcrzigen Noten von <strong data-start=\"367\" data-end=\"378\">Ingwer<\/strong>, <strong data-start=\"380\" data-end=\"392\">Zimt<\/strong>, <strong data-start=\"394\" data-end=\"408\">Koriander<\/strong> und <strong data-start=\"411\" data-end=\"422\">Kurkuma<\/strong> verflechten sich mit der balsamischen Note von <strong data-start=\"465\" data-end=\"476\">Wacholder<\/strong> und der Zartheit von <strong data-start=\"500\" data-end=\"511\">Eisenkraut<\/strong>, w\u00e4hrend <strong data-start=\"523\" data-end=\"535\">gr\u00fcner Tee<\/strong> eine elegante, weiche Basis bildet.   <br data-start=\"571\" data-end=\"574\">Ein lebendiger und raffinierter Schluck, ideal f\u00fcr eine Pause, die die Sinne \u00fcberrascht.<\/p>\n","protected":false},"excerpt":{"rendered":"<p>Gin Tonic &#8211; 90 gEin prickelnder, aromatischer Aufguss, der an den einzigartigen Charakter des ber\u00fchmten Cocktails erinnert.Die S\u00fc\u00dfe von Apfel- und Brombeerbl\u00e4ttern trifft auf die Zitrusfrische von Zitronengras, Orangenschalen und Zitronenschalen. Die w\u00fcrzigen Noten von Ingwer, Zimt, Koriander und Kurkuma verflechten sich mit der balsamischen Note von Wacholder und der Zartheit von Eisenkraut, w\u00e4hrend gr\u00fcner [&hellip;]<\/p>\n","protected":false},"featured_media":30991,"template":"","meta":{"_et_pb_use_builder":"","_et_pb_old_content":"","_et_gb_content_width":""},"product_brand":[],"product_cat":[98],"product_tag":[],"class_list":{"0":"post-30993","1":"product","2":"type-product","3":"status-publish","4":"has-post-thumbnail","6":"product_cat-auf-krautern-basierend","8":"first","9":"instock","10":"shipping-taxable","11":"purchasable","12":"product-type-simple"},"yoast_head":"<!-- This site is optimized with the Yoast SEO plugin v27.4 - https:\/\/yoast.com\/product\/yoast-seo-wordpress\/ -->\n<title>Gin Tonic 90g - Erboristeria Artemisia<\/title>\n<meta name=\"robots\" content=\"index, follow, max-snippet:-1, max-image-preview:large, max-video-preview:-1\" \/>\n<link rel=\"canonical\" href=\"https:\/\/erboristeria-artemisia.ch\/de\/produkt\/gin-tonic-90g\/\" \/>\n<meta property=\"og:locale\" content=\"de_DE\" \/>\n<meta property=\"og:type\" content=\"article\" \/>\n<meta property=\"og:title\" content=\"Gin Tonic 90g - Erboristeria Artemisia\" \/>\n<meta property=\"og:description\" content=\"Gin Tonic &#8211; 90 gEin prickelnder, aromatischer Aufguss, der an den einzigartigen Charakter des ber\u00fchmten Cocktails erinnert.Die S\u00fc\u00dfe von Apfel- und Brombeerbl\u00e4ttern trifft auf die Zitrusfrische von Zitronengras, Orangenschalen und Zitronenschalen. Die w\u00fcrzigen Noten von Ingwer, Zimt, Koriander und Kurkuma verflechten sich mit der balsamischen Note von Wacholder und der Zartheit von Eisenkraut, w\u00e4hrend gr\u00fcner [&hellip;]\" \/>\n<meta property=\"og:url\" content=\"https:\/\/erboristeria-artemisia.ch\/de\/produkt\/gin-tonic-90g\/\" \/>\n<meta property=\"og:site_name\" content=\"Erboristeria Artemisia\" \/>\n<meta property=\"article:modified_time\" content=\"2025-09-26T18:31:20+00:00\" \/>\n<meta property=\"og:image\" content=\"https:\/\/erboristeria-artemisia.ch\/wp-content\/uploads\/2025\/09\/df0aeb5d-ee98-4d86-9994-702253203963.png\" \/>\n\t<meta property=\"og:image:width\" content=\"1\" \/>\n\t<meta property=\"og:image:height\" content=\"1\" \/>\n\t<meta property=\"og:image:type\" content=\"image\/png\" \/>\n<meta name=\"twitter:card\" content=\"summary_large_image\" \/>\n<script type=\"application\/ld+json\" class=\"yoast-schema-graph\">{\"@context\":\"https:\\\/\\\/schema.org\",\"@graph\":[{\"@type\":\"WebPage\",\"@id\":\"https:\\\/\\\/erboristeria-artemisia.ch\\\/de\\\/produkt\\\/gin-tonic-90g\\\/\",\"url\":\"https:\\\/\\\/erboristeria-artemisia.ch\\\/de\\\/produkt\\\/gin-tonic-90g\\\/\",\"name\":\"Gin Tonic 90g - Erboristeria Artemisia\",\"isPartOf\":{\"@id\":\"https:\\\/\\\/erboristeria-artemisia.ch\\\/de\\\/#website\"},\"primaryImageOfPage\":{\"@id\":\"https:\\\/\\\/erboristeria-artemisia.ch\\\/de\\\/produkt\\\/gin-tonic-90g\\\/#primaryimage\"},\"image\":{\"@id\":\"https:\\\/\\\/erboristeria-artemisia.ch\\\/de\\\/produkt\\\/gin-tonic-90g\\\/#primaryimage\"},\"thumbnailUrl\":\"https:\\\/\\\/erboristeria-artemisia.ch\\\/wp-content\\\/uploads\\\/2025\\\/09\\\/df0aeb5d-ee98-4d86-9994-702253203963.png\",\"datePublished\":\"2025-09-26T18:29:56+00:00\",\"dateModified\":\"2025-09-26T18:31:20+00:00\",\"breadcrumb\":{\"@id\":\"https:\\\/\\\/erboristeria-artemisia.ch\\\/de\\\/produkt\\\/gin-tonic-90g\\\/#breadcrumb\"},\"inLanguage\":\"de\",\"potentialAction\":[{\"@type\":\"ReadAction\",\"target\":[\"https:\\\/\\\/erboristeria-artemisia.ch\\\/de\\\/produkt\\\/gin-tonic-90g\\\/\"]}]},{\"@type\":\"ImageObject\",\"inLanguage\":\"de\",\"@id\":\"https:\\\/\\\/erboristeria-artemisia.ch\\\/de\\\/produkt\\\/gin-tonic-90g\\\/#primaryimage\",\"url\":\"https:\\\/\\\/erboristeria-artemisia.ch\\\/wp-content\\\/uploads\\\/2025\\\/09\\\/df0aeb5d-ee98-4d86-9994-702253203963.png\",\"contentUrl\":\"https:\\\/\\\/erboristeria-artemisia.ch\\\/wp-content\\\/uploads\\\/2025\\\/09\\\/df0aeb5d-ee98-4d86-9994-702253203963.png\",\"width\":1024,\"height\":1024},{\"@type\":\"BreadcrumbList\",\"@id\":\"https:\\\/\\\/erboristeria-artemisia.ch\\\/de\\\/produkt\\\/gin-tonic-90g\\\/#breadcrumb\",\"itemListElement\":[{\"@type\":\"ListItem\",\"position\":1,\"name\":\"Home\",\"item\":\"https:\\\/\\\/erboristeria-artemisia.ch\\\/de\\\/startseite\\\/\"},{\"@type\":\"ListItem\",\"position\":2,\"name\":\"Shop4\",\"item\":\"https:\\\/\\\/erboristeria-artemisia.ch\\\/shop4\\\/\"},{\"@type\":\"ListItem\",\"position\":3,\"name\":\"Gin Tonic 90g\"}]},{\"@type\":\"WebSite\",\"@id\":\"https:\\\/\\\/erboristeria-artemisia.ch\\\/de\\\/#website\",\"url\":\"https:\\\/\\\/erboristeria-artemisia.ch\\\/de\\\/\",\"name\":\"Erboristeria Artemisia\",\"description\":\"Ogni sorso \u00e8 un momento per te\",\"potentialAction\":[{\"@type\":\"SearchAction\",\"target\":{\"@type\":\"EntryPoint\",\"urlTemplate\":\"https:\\\/\\\/erboristeria-artemisia.ch\\\/de\\\/?s={search_term_string}\"},\"query-input\":{\"@type\":\"PropertyValueSpecification\",\"valueRequired\":true,\"valueName\":\"search_term_string\"}}],\"inLanguage\":\"de\"}]}<\/script>\n<!-- \/ Yoast SEO plugin. -->","yoast_head_json":{"title":"Gin Tonic 90g - Erboristeria Artemisia","robots":{"index":"index","follow":"follow","max-snippet":"max-snippet:-1","max-image-preview":"max-image-preview:large","max-video-preview":"max-video-preview:-1"},"canonical":"https:\/\/erboristeria-artemisia.ch\/de\/produkt\/gin-tonic-90g\/","og_locale":"de_DE","og_type":"article","og_title":"Gin Tonic 90g - Erboristeria Artemisia","og_description":"Gin Tonic &#8211; 90 gEin prickelnder, aromatischer Aufguss, der an den einzigartigen Charakter des ber\u00fchmten Cocktails erinnert.Die S\u00fc\u00dfe von Apfel- und Brombeerbl\u00e4ttern trifft auf die Zitrusfrische von Zitronengras, Orangenschalen und Zitronenschalen. Die w\u00fcrzigen Noten von Ingwer, Zimt, Koriander und Kurkuma verflechten sich mit der balsamischen Note von Wacholder und der Zartheit von Eisenkraut, w\u00e4hrend gr\u00fcner [&hellip;]","og_url":"https:\/\/erboristeria-artemisia.ch\/de\/produkt\/gin-tonic-90g\/","og_site_name":"Erboristeria Artemisia","article_modified_time":"2025-09-26T18:31:20+00:00","og_image":[{"url":"https:\/\/erboristeria-artemisia.ch\/wp-content\/uploads\/2025\/09\/df0aeb5d-ee98-4d86-9994-702253203963.png","width":1,"height":1,"type":"image\/png"}],"twitter_card":"summary_large_image","schema":{"@context":"https:\/\/schema.org","@graph":[{"@type":"WebPage","@id":"https:\/\/erboristeria-artemisia.ch\/de\/produkt\/gin-tonic-90g\/","url":"https:\/\/erboristeria-artemisia.ch\/de\/produkt\/gin-tonic-90g\/","name":"Gin Tonic 90g - Erboristeria Artemisia","isPartOf":{"@id":"https:\/\/erboristeria-artemisia.ch\/de\/#website"},"primaryImageOfPage":{"@id":"https:\/\/erboristeria-artemisia.ch\/de\/produkt\/gin-tonic-90g\/#primaryimage"},"image":{"@id":"https:\/\/erboristeria-artemisia.ch\/de\/produkt\/gin-tonic-90g\/#primaryimage"},"thumbnailUrl":"https:\/\/erboristeria-artemisia.ch\/wp-content\/uploads\/2025\/09\/df0aeb5d-ee98-4d86-9994-702253203963.png","datePublished":"2025-09-26T18:29:56+00:00","dateModified":"2025-09-26T18:31:20+00:00","breadcrumb":{"@id":"https:\/\/erboristeria-artemisia.ch\/de\/produkt\/gin-tonic-90g\/#breadcrumb"},"inLanguage":"de","potentialAction":[{"@type":"ReadAction","target":["https:\/\/erboristeria-artemisia.ch\/de\/produkt\/gin-tonic-90g\/"]}]},{"@type":"ImageObject","inLanguage":"de","@id":"https:\/\/erboristeria-artemisia.ch\/de\/produkt\/gin-tonic-90g\/#primaryimage","url":"https:\/\/erboristeria-artemisia.ch\/wp-content\/uploads\/2025\/09\/df0aeb5d-ee98-4d86-9994-702253203963.png","contentUrl":"https:\/\/erboristeria-artemisia.ch\/wp-content\/uploads\/2025\/09\/df0aeb5d-ee98-4d86-9994-702253203963.png","width":1024,"height":1024},{"@type":"BreadcrumbList","@id":"https:\/\/erboristeria-artemisia.ch\/de\/produkt\/gin-tonic-90g\/#breadcrumb","itemListElement":[{"@type":"ListItem","position":1,"name":"Home","item":"https:\/\/erboristeria-artemisia.ch\/de\/startseite\/"},{"@type":"ListItem","position":2,"name":"Shop4","item":"https:\/\/erboristeria-artemisia.ch\/shop4\/"},{"@type":"ListItem","position":3,"name":"Gin Tonic 90g"}]},{"@type":"WebSite","@id":"https:\/\/erboristeria-artemisia.ch\/de\/#website","url":"https:\/\/erboristeria-artemisia.ch\/de\/","name":"Erboristeria Artemisia","description":"Ogni sorso \u00e8 un momento per te","potentialAction":[{"@type":"SearchAction","target":{"@type":"EntryPoint","urlTemplate":"https:\/\/erboristeria-artemisia.ch\/de\/?s={search_term_string}"},"query-input":{"@type":"PropertyValueSpecification","valueRequired":true,"valueName":"search_term_string"}}],"inLanguage":"de"}]}},"_links":{"self":[{"href":"https:\/\/erboristeria-artemisia.ch\/de\/wp-json\/wp\/v2\/product\/30993","targetHints":{"allow":["GET"]}}],"collection":[{"href":"https:\/\/erboristeria-artemisia.ch\/de\/wp-json\/wp\/v2\/product"}],"about":[{"href":"https:\/\/erboristeria-artemisia.ch\/de\/wp-json\/wp\/v2\/types\/product"}],"wp:featuredmedia":[{"embeddable":true,"href":"https:\/\/erboristeria-artemisia.ch\/de\/wp-json\/wp\/v2\/media\/30991"}],"wp:attachment":[{"href":"https:\/\/erboristeria-artemisia.ch\/de\/wp-json\/wp\/v2\/media?parent=30993"}],"wp:term":[{"taxonomy":"product_brand","embeddable":true,"href":"https:\/\/erboristeria-artemisia.ch\/de\/wp-json\/wp\/v2\/product_brand?post=30993"},{"taxonomy":"product_cat","embeddable":true,"href":"https:\/\/erboristeria-artemisia.ch\/de\/wp-json\/wp\/v2\/product_cat?post=30993"},{"taxonomy":"product_tag","embeddable":true,"href":"https:\/\/erboristeria-artemisia.ch\/de\/wp-json\/wp\/v2\/product_tag?post=30993"}],"curies":[{"name":"wp","href":"https:\/\/api.w.org\/{rel}","templated":true}]}}