{"id":30997,"date":"2025-09-26T20:39:38","date_gmt":"2025-09-26T18:39:38","guid":{"rendered":"https:\/\/erboristeria-artemisia.ch\/product\/waldschrat-80g\/"},"modified":"2025-09-26T20:40:02","modified_gmt":"2025-09-26T18:40:02","slug":"waldschrat-80g","status":"publish","type":"product","link":"https:\/\/erboristeria-artemisia.ch\/de\/produkt\/waldschrat-80g\/","title":{"rendered":"Waldschrat 80g"},"content":{"rendered":"<p><strong data-start=\"88\" data-end=\"117\">\ud83c\udf44 Gnome of the Woods &#8211; 80 g<\/strong><br data-start=\"117\" data-end=\"120\">Ein magischer Aufguss, der den Duft von Waldwegen in sich birgt.<br data-start=\"184\" data-end=\"187\">Die zarte Basis aus <strong data-start=\"207\" data-end=\"224\">gr\u00fcnem Rooibos<\/strong> empf\u00e4ngt die s\u00fc\u00dfen, leicht fruchtigen Noten von <strong data-start=\"276\" data-end=\"294\">Brombeerbl\u00e4ttern<\/strong> und <strong data-start=\"301\" data-end=\"312\">Himbeeren<\/strong>, w\u00e4hrend <strong data-start=\"323\" data-end=\"343\">Holunderbl\u00fcten<\/strong> einen hellen blumigen Touch verleihen.<br data-start=\"378\" data-end=\"381\"><strong data-start=\"383\" data-end=\"392\">Heidekraut<\/strong>, <strong data-start=\"397\" data-end=\"406\">Malve<\/strong> und <strong data-start=\"412\" data-end=\"426\">Kornblume<\/strong> vervollst\u00e4ndigen die Mischung mit samtigen Nuancen und bezaubernder Farbe.<br data-start=\"497\" data-end=\"500\">Ein Schluck, der an Spazierg\u00e4nge zwischen Moosen und Lichtungen erinnert, f\u00fcr einen Moment purer Gelassenheit.<\/p>\n","protected":false},"excerpt":{"rendered":"<p>\ud83c\udf44 Gnome of the Woods &#8211; 80 gEin magischer Aufguss, der den Duft von Waldwegen in sich birgt.Die zarte Basis aus gr\u00fcnem Rooibos empf\u00e4ngt die s\u00fc\u00dfen, leicht fruchtigen Noten von Brombeerbl\u00e4ttern und Himbeeren, w\u00e4hrend Holunderbl\u00fcten einen hellen blumigen Touch verleihen.Heidekraut, Malve und Kornblume vervollst\u00e4ndigen die Mischung mit samtigen Nuancen und bezaubernder Farbe.Ein Schluck, der an [&hellip;]<\/p>\n","protected":false},"featured_media":30987,"template":"","meta":{"_et_pb_use_builder":"","_et_pb_old_content":"","_et_gb_content_width":""},"product_brand":[],"product_cat":[99],"product_tag":[],"class_list":{"0":"post-30997","1":"product","2":"type-product","3":"status-publish","4":"has-post-thumbnail","6":"product_cat-rooibos-de","8":"first","9":"instock","10":"shipping-taxable","11":"purchasable","12":"product-type-variable"},"yoast_head":"<!-- This site is optimized with the Yoast SEO plugin v27.4 - https:\/\/yoast.com\/product\/yoast-seo-wordpress\/ -->\n<title>Waldschrat 80g - Erboristeria Artemisia<\/title>\n<meta name=\"robots\" content=\"index, follow, max-snippet:-1, max-image-preview:large, max-video-preview:-1\" \/>\n<link rel=\"canonical\" href=\"https:\/\/erboristeria-artemisia.ch\/de\/produkt\/waldschrat-80g\/\" \/>\n<meta property=\"og:locale\" content=\"de_DE\" \/>\n<meta property=\"og:type\" content=\"article\" \/>\n<meta property=\"og:title\" content=\"Waldschrat 80g - Erboristeria Artemisia\" \/>\n<meta property=\"og:description\" content=\"\ud83c\udf44 Gnome of the Woods &#8211; 80 gEin magischer Aufguss, der den Duft von Waldwegen in sich birgt.Die zarte Basis aus gr\u00fcnem Rooibos empf\u00e4ngt die s\u00fc\u00dfen, leicht fruchtigen Noten von Brombeerbl\u00e4ttern und Himbeeren, w\u00e4hrend Holunderbl\u00fcten einen hellen blumigen Touch verleihen.Heidekraut, Malve und Kornblume vervollst\u00e4ndigen die Mischung mit samtigen Nuancen und bezaubernder Farbe.Ein Schluck, der an [&hellip;]\" \/>\n<meta property=\"og:url\" content=\"https:\/\/erboristeria-artemisia.ch\/de\/produkt\/waldschrat-80g\/\" \/>\n<meta property=\"og:site_name\" content=\"Erboristeria Artemisia\" \/>\n<meta property=\"article:modified_time\" content=\"2025-09-26T18:40:02+00:00\" \/>\n<meta name=\"twitter:card\" content=\"summary_large_image\" \/>\n<script type=\"application\/ld+json\" class=\"yoast-schema-graph\">{\"@context\":\"https:\\\/\\\/schema.org\",\"@graph\":[{\"@type\":\"WebPage\",\"@id\":\"https:\\\/\\\/erboristeria-artemisia.ch\\\/de\\\/produkt\\\/waldschrat-80g\\\/\",\"url\":\"https:\\\/\\\/erboristeria-artemisia.ch\\\/de\\\/produkt\\\/waldschrat-80g\\\/\",\"name\":\"Waldschrat 80g - Erboristeria Artemisia\",\"isPartOf\":{\"@id\":\"https:\\\/\\\/erboristeria-artemisia.ch\\\/de\\\/#website\"},\"primaryImageOfPage\":{\"@id\":\"https:\\\/\\\/erboristeria-artemisia.ch\\\/de\\\/produkt\\\/waldschrat-80g\\\/#primaryimage\"},\"image\":{\"@id\":\"https:\\\/\\\/erboristeria-artemisia.ch\\\/de\\\/produkt\\\/waldschrat-80g\\\/#primaryimage\"},\"thumbnailUrl\":\"https:\\\/\\\/erboristeria-artemisia.ch\\\/wp-content\\\/uploads\\\/2025\\\/09\\\/ab7f7667-835f-4b5e-9fab-679c8210feda.png\",\"datePublished\":\"2025-09-26T18:39:38+00:00\",\"dateModified\":\"2025-09-26T18:40:02+00:00\",\"breadcrumb\":{\"@id\":\"https:\\\/\\\/erboristeria-artemisia.ch\\\/de\\\/produkt\\\/waldschrat-80g\\\/#breadcrumb\"},\"inLanguage\":\"de\",\"potentialAction\":[{\"@type\":\"ReadAction\",\"target\":[\"https:\\\/\\\/erboristeria-artemisia.ch\\\/de\\\/produkt\\\/waldschrat-80g\\\/\"]}]},{\"@type\":\"ImageObject\",\"inLanguage\":\"de\",\"@id\":\"https:\\\/\\\/erboristeria-artemisia.ch\\\/de\\\/produkt\\\/waldschrat-80g\\\/#primaryimage\",\"url\":\"https:\\\/\\\/erboristeria-artemisia.ch\\\/wp-content\\\/uploads\\\/2025\\\/09\\\/ab7f7667-835f-4b5e-9fab-679c8210feda.png\",\"contentUrl\":\"https:\\\/\\\/erboristeria-artemisia.ch\\\/wp-content\\\/uploads\\\/2025\\\/09\\\/ab7f7667-835f-4b5e-9fab-679c8210feda.png\",\"width\":1024,\"height\":1024},{\"@type\":\"BreadcrumbList\",\"@id\":\"https:\\\/\\\/erboristeria-artemisia.ch\\\/de\\\/produkt\\\/waldschrat-80g\\\/#breadcrumb\",\"itemListElement\":[{\"@type\":\"ListItem\",\"position\":1,\"name\":\"Home\",\"item\":\"https:\\\/\\\/erboristeria-artemisia.ch\\\/de\\\/startseite\\\/\"},{\"@type\":\"ListItem\",\"position\":2,\"name\":\"Shop4\",\"item\":\"https:\\\/\\\/erboristeria-artemisia.ch\\\/shop4\\\/\"},{\"@type\":\"ListItem\",\"position\":3,\"name\":\"Waldschrat 80g\"}]},{\"@type\":\"WebSite\",\"@id\":\"https:\\\/\\\/erboristeria-artemisia.ch\\\/de\\\/#website\",\"url\":\"https:\\\/\\\/erboristeria-artemisia.ch\\\/de\\\/\",\"name\":\"Erboristeria Artemisia\",\"description\":\"Ogni sorso \u00e8 un momento per te\",\"potentialAction\":[{\"@type\":\"SearchAction\",\"target\":{\"@type\":\"EntryPoint\",\"urlTemplate\":\"https:\\\/\\\/erboristeria-artemisia.ch\\\/de\\\/?s={search_term_string}\"},\"query-input\":{\"@type\":\"PropertyValueSpecification\",\"valueRequired\":true,\"valueName\":\"search_term_string\"}}],\"inLanguage\":\"de\"}]}<\/script>\n<!-- \/ Yoast SEO plugin. -->","yoast_head_json":{"title":"Waldschrat 80g - Erboristeria Artemisia","robots":{"index":"index","follow":"follow","max-snippet":"max-snippet:-1","max-image-preview":"max-image-preview:large","max-video-preview":"max-video-preview:-1"},"canonical":"https:\/\/erboristeria-artemisia.ch\/de\/produkt\/waldschrat-80g\/","og_locale":"de_DE","og_type":"article","og_title":"Waldschrat 80g - Erboristeria Artemisia","og_description":"\ud83c\udf44 Gnome of the Woods &#8211; 80 gEin magischer Aufguss, der den Duft von Waldwegen in sich birgt.Die zarte Basis aus gr\u00fcnem Rooibos empf\u00e4ngt die s\u00fc\u00dfen, leicht fruchtigen Noten von Brombeerbl\u00e4ttern und Himbeeren, w\u00e4hrend Holunderbl\u00fcten einen hellen blumigen Touch verleihen.Heidekraut, Malve und Kornblume vervollst\u00e4ndigen die Mischung mit samtigen Nuancen und bezaubernder Farbe.Ein Schluck, der an [&hellip;]","og_url":"https:\/\/erboristeria-artemisia.ch\/de\/produkt\/waldschrat-80g\/","og_site_name":"Erboristeria Artemisia","article_modified_time":"2025-09-26T18:40:02+00:00","twitter_card":"summary_large_image","schema":{"@context":"https:\/\/schema.org","@graph":[{"@type":"WebPage","@id":"https:\/\/erboristeria-artemisia.ch\/de\/produkt\/waldschrat-80g\/","url":"https:\/\/erboristeria-artemisia.ch\/de\/produkt\/waldschrat-80g\/","name":"Waldschrat 80g - Erboristeria Artemisia","isPartOf":{"@id":"https:\/\/erboristeria-artemisia.ch\/de\/#website"},"primaryImageOfPage":{"@id":"https:\/\/erboristeria-artemisia.ch\/de\/produkt\/waldschrat-80g\/#primaryimage"},"image":{"@id":"https:\/\/erboristeria-artemisia.ch\/de\/produkt\/waldschrat-80g\/#primaryimage"},"thumbnailUrl":"https:\/\/erboristeria-artemisia.ch\/wp-content\/uploads\/2025\/09\/ab7f7667-835f-4b5e-9fab-679c8210feda.png","datePublished":"2025-09-26T18:39:38+00:00","dateModified":"2025-09-26T18:40:02+00:00","breadcrumb":{"@id":"https:\/\/erboristeria-artemisia.ch\/de\/produkt\/waldschrat-80g\/#breadcrumb"},"inLanguage":"de","potentialAction":[{"@type":"ReadAction","target":["https:\/\/erboristeria-artemisia.ch\/de\/produkt\/waldschrat-80g\/"]}]},{"@type":"ImageObject","inLanguage":"de","@id":"https:\/\/erboristeria-artemisia.ch\/de\/produkt\/waldschrat-80g\/#primaryimage","url":"https:\/\/erboristeria-artemisia.ch\/wp-content\/uploads\/2025\/09\/ab7f7667-835f-4b5e-9fab-679c8210feda.png","contentUrl":"https:\/\/erboristeria-artemisia.ch\/wp-content\/uploads\/2025\/09\/ab7f7667-835f-4b5e-9fab-679c8210feda.png","width":1024,"height":1024},{"@type":"BreadcrumbList","@id":"https:\/\/erboristeria-artemisia.ch\/de\/produkt\/waldschrat-80g\/#breadcrumb","itemListElement":[{"@type":"ListItem","position":1,"name":"Home","item":"https:\/\/erboristeria-artemisia.ch\/de\/startseite\/"},{"@type":"ListItem","position":2,"name":"Shop4","item":"https:\/\/erboristeria-artemisia.ch\/shop4\/"},{"@type":"ListItem","position":3,"name":"Waldschrat 80g"}]},{"@type":"WebSite","@id":"https:\/\/erboristeria-artemisia.ch\/de\/#website","url":"https:\/\/erboristeria-artemisia.ch\/de\/","name":"Erboristeria Artemisia","description":"Ogni sorso \u00e8 un momento per te","potentialAction":[{"@type":"SearchAction","target":{"@type":"EntryPoint","urlTemplate":"https:\/\/erboristeria-artemisia.ch\/de\/?s={search_term_string}"},"query-input":{"@type":"PropertyValueSpecification","valueRequired":true,"valueName":"search_term_string"}}],"inLanguage":"de"}]}},"_links":{"self":[{"href":"https:\/\/erboristeria-artemisia.ch\/de\/wp-json\/wp\/v2\/product\/30997","targetHints":{"allow":["GET"]}}],"collection":[{"href":"https:\/\/erboristeria-artemisia.ch\/de\/wp-json\/wp\/v2\/product"}],"about":[{"href":"https:\/\/erboristeria-artemisia.ch\/de\/wp-json\/wp\/v2\/types\/product"}],"wp:featuredmedia":[{"embeddable":true,"href":"https:\/\/erboristeria-artemisia.ch\/de\/wp-json\/wp\/v2\/media\/30987"}],"wp:attachment":[{"href":"https:\/\/erboristeria-artemisia.ch\/de\/wp-json\/wp\/v2\/media?parent=30997"}],"wp:term":[{"taxonomy":"product_brand","embeddable":true,"href":"https:\/\/erboristeria-artemisia.ch\/de\/wp-json\/wp\/v2\/product_brand?post=30997"},{"taxonomy":"product_cat","embeddable":true,"href":"https:\/\/erboristeria-artemisia.ch\/de\/wp-json\/wp\/v2\/product_cat?post=30997"},{"taxonomy":"product_tag","embeddable":true,"href":"https:\/\/erboristeria-artemisia.ch\/de\/wp-json\/wp\/v2\/product_tag?post=30997"}],"curies":[{"name":"wp","href":"https:\/\/api.w.org\/{rel}","templated":true}]}}