{"id":30999,"date":"2025-09-26T20:41:01","date_gmt":"2025-09-26T18:41:01","guid":{"rendered":"https:\/\/erboristeria-artemisia.ch\/product\/gruener-tee-mit-rhabarber-80g\/"},"modified":"2025-09-26T20:42:13","modified_gmt":"2025-09-26T18:42:13","slug":"gruener-tee-mit-rhabarber-80g","status":"publish","type":"product","link":"https:\/\/erboristeria-artemisia.ch\/de\/produkt\/gruener-tee-mit-rhabarber-80g\/","title":{"rendered":"Gr\u00fcner Tee mit Rhabarber 80g"},"content":{"rendered":"<p data-start=\"88\" data-end=\"605\"><strong data-start=\"88\" data-end=\"123\">\ud83c\udf43 Gr\u00fcner Tee Rhabarber &#8211; 80 g<\/strong><br data-start=\"123\" data-end=\"126\">Ein raffiniertes Zusammentreffen von S\u00fc\u00dfe und leicht s\u00e4uerlichen Noten.<br data-start=\"187\" data-end=\"190\">Der <strong data-start=\"193\" data-end=\"205\">gr\u00fcne Tee<\/strong> verstr\u00f6mt ein frisches, samtiges Aroma, das durch den lebendigen Charakter von <strong data-start=\"279\" data-end=\"292\">Rhabarber<\/strong> und die Zartheit von<strong data-start=\"318\" data-end=\"335\">wei\u00dfem Hibiskus<\/strong> noch verst\u00e4rkt wird.<br data-start=\"336\" data-end=\"339\">Sanfte Akzente von <strong data-start=\"358\" data-end=\"371\">Karamell<\/strong>, <strong data-start=\"373\" data-end=\"382\">Kakao<\/strong> und ein Hauch von <strong data-start=\"397\" data-end=\"417\">Milchpulver<\/strong> umh\u00fcllen den Gaumen, w\u00e4hrend ein Hauch von <strong data-start=\"465\" data-end=\"476\">Paprika f\u00fcr<\/strong>einen \u00fcberraschenden Abgang <strong data-start=\"465\" data-end=\"476\">sorgt<\/strong>.<br data-start=\"507\" data-end=\"510\">Ein eleganter und faszinierender Aufguss, perfekt f\u00fcr alle, die gerne immer neue Geschmacksnuancen entdecken.<\/p>\n","protected":false},"excerpt":{"rendered":"<p>\ud83c\udf43 Gr\u00fcner Tee Rhabarber &#8211; 80 gEin raffiniertes Zusammentreffen von S\u00fc\u00dfe und leicht s\u00e4uerlichen Noten.Der gr\u00fcne Tee verstr\u00f6mt ein frisches, samtiges Aroma, das durch den lebendigen Charakter von Rhabarber und die Zartheit vonwei\u00dfem Hibiskus noch verst\u00e4rkt wird.Sanfte Akzente von Karamell, Kakao und ein Hauch von Milchpulver umh\u00fcllen den Gaumen, w\u00e4hrend ein Hauch von Paprika f\u00fcreinen [&hellip;]<\/p>\n","protected":false},"featured_media":31842,"template":"","meta":{"_et_pb_use_builder":"","_et_pb_old_content":"","_et_gb_content_width":""},"product_brand":[],"product_cat":[98],"product_tag":[],"class_list":{"0":"post-30999","1":"product","2":"type-product","3":"status-publish","4":"has-post-thumbnail","6":"product_cat-auf-krautern-basierend","8":"first","9":"outofstock","10":"shipping-taxable","11":"product-type-variable"},"yoast_head":"<!-- This site is optimized with the Yoast SEO plugin v27.4 - https:\/\/yoast.com\/product\/yoast-seo-wordpress\/ -->\n<title>Gr\u00fcner Tee mit Rhabarber 80g - Erboristeria Artemisia<\/title>\n<meta name=\"robots\" content=\"index, follow, max-snippet:-1, max-image-preview:large, max-video-preview:-1\" \/>\n<link rel=\"canonical\" href=\"https:\/\/erboristeria-artemisia.ch\/de\/produkt\/gruener-tee-mit-rhabarber-80g\/\" \/>\n<meta property=\"og:locale\" content=\"de_DE\" \/>\n<meta property=\"og:type\" content=\"article\" \/>\n<meta property=\"og:title\" content=\"Gr\u00fcner Tee mit Rhabarber 80g - Erboristeria Artemisia\" \/>\n<meta property=\"og:description\" content=\"\ud83c\udf43 Gr\u00fcner Tee Rhabarber &#8211; 80 gEin raffiniertes Zusammentreffen von S\u00fc\u00dfe und leicht s\u00e4uerlichen Noten.Der gr\u00fcne Tee verstr\u00f6mt ein frisches, samtiges Aroma, das durch den lebendigen Charakter von Rhabarber und die Zartheit vonwei\u00dfem Hibiskus noch verst\u00e4rkt wird.Sanfte Akzente von Karamell, Kakao und ein Hauch von Milchpulver umh\u00fcllen den Gaumen, w\u00e4hrend ein Hauch von Paprika f\u00fcreinen [&hellip;]\" \/>\n<meta property=\"og:url\" content=\"https:\/\/erboristeria-artemisia.ch\/de\/produkt\/gruener-tee-mit-rhabarber-80g\/\" \/>\n<meta property=\"og:site_name\" content=\"Erboristeria Artemisia\" \/>\n<meta property=\"article:modified_time\" content=\"2025-09-26T18:42:13+00:00\" \/>\n<meta name=\"twitter:card\" content=\"summary_large_image\" \/>\n<script type=\"application\/ld+json\" class=\"yoast-schema-graph\">{\"@context\":\"https:\\\/\\\/schema.org\",\"@graph\":[{\"@type\":\"WebPage\",\"@id\":\"https:\\\/\\\/erboristeria-artemisia.ch\\\/de\\\/produkt\\\/gruener-tee-mit-rhabarber-80g\\\/\",\"url\":\"https:\\\/\\\/erboristeria-artemisia.ch\\\/de\\\/produkt\\\/gruener-tee-mit-rhabarber-80g\\\/\",\"name\":\"Gr\u00fcner Tee mit Rhabarber 80g - Erboristeria Artemisia\",\"isPartOf\":{\"@id\":\"https:\\\/\\\/erboristeria-artemisia.ch\\\/de\\\/#website\"},\"primaryImageOfPage\":{\"@id\":\"https:\\\/\\\/erboristeria-artemisia.ch\\\/de\\\/produkt\\\/gruener-tee-mit-rhabarber-80g\\\/#primaryimage\"},\"image\":{\"@id\":\"https:\\\/\\\/erboristeria-artemisia.ch\\\/de\\\/produkt\\\/gruener-tee-mit-rhabarber-80g\\\/#primaryimage\"},\"thumbnailUrl\":\"https:\\\/\\\/erboristeria-artemisia.ch\\\/wp-content\\\/uploads\\\/2025\\\/09\\\/ChatGPT-Image-4-feb-2026-19_44_47.png\",\"datePublished\":\"2025-09-26T18:41:01+00:00\",\"dateModified\":\"2025-09-26T18:42:13+00:00\",\"breadcrumb\":{\"@id\":\"https:\\\/\\\/erboristeria-artemisia.ch\\\/de\\\/produkt\\\/gruener-tee-mit-rhabarber-80g\\\/#breadcrumb\"},\"inLanguage\":\"de\",\"potentialAction\":[{\"@type\":\"ReadAction\",\"target\":[\"https:\\\/\\\/erboristeria-artemisia.ch\\\/de\\\/produkt\\\/gruener-tee-mit-rhabarber-80g\\\/\"]}]},{\"@type\":\"ImageObject\",\"inLanguage\":\"de\",\"@id\":\"https:\\\/\\\/erboristeria-artemisia.ch\\\/de\\\/produkt\\\/gruener-tee-mit-rhabarber-80g\\\/#primaryimage\",\"url\":\"https:\\\/\\\/erboristeria-artemisia.ch\\\/wp-content\\\/uploads\\\/2025\\\/09\\\/ChatGPT-Image-4-feb-2026-19_44_47.png\",\"contentUrl\":\"https:\\\/\\\/erboristeria-artemisia.ch\\\/wp-content\\\/uploads\\\/2025\\\/09\\\/ChatGPT-Image-4-feb-2026-19_44_47.png\",\"width\":1024,\"height\":1024},{\"@type\":\"BreadcrumbList\",\"@id\":\"https:\\\/\\\/erboristeria-artemisia.ch\\\/de\\\/produkt\\\/gruener-tee-mit-rhabarber-80g\\\/#breadcrumb\",\"itemListElement\":[{\"@type\":\"ListItem\",\"position\":1,\"name\":\"Home\",\"item\":\"https:\\\/\\\/erboristeria-artemisia.ch\\\/de\\\/startseite\\\/\"},{\"@type\":\"ListItem\",\"position\":2,\"name\":\"Shop4\",\"item\":\"https:\\\/\\\/erboristeria-artemisia.ch\\\/shop4\\\/\"},{\"@type\":\"ListItem\",\"position\":3,\"name\":\"Gr\u00fcner Tee mit Rhabarber 80g\"}]},{\"@type\":\"WebSite\",\"@id\":\"https:\\\/\\\/erboristeria-artemisia.ch\\\/de\\\/#website\",\"url\":\"https:\\\/\\\/erboristeria-artemisia.ch\\\/de\\\/\",\"name\":\"Erboristeria Artemisia\",\"description\":\"Ogni sorso \u00e8 un momento per te\",\"potentialAction\":[{\"@type\":\"SearchAction\",\"target\":{\"@type\":\"EntryPoint\",\"urlTemplate\":\"https:\\\/\\\/erboristeria-artemisia.ch\\\/de\\\/?s={search_term_string}\"},\"query-input\":{\"@type\":\"PropertyValueSpecification\",\"valueRequired\":true,\"valueName\":\"search_term_string\"}}],\"inLanguage\":\"de\"}]}<\/script>\n<!-- \/ Yoast SEO plugin. -->","yoast_head_json":{"title":"Gr\u00fcner Tee mit Rhabarber 80g - Erboristeria Artemisia","robots":{"index":"index","follow":"follow","max-snippet":"max-snippet:-1","max-image-preview":"max-image-preview:large","max-video-preview":"max-video-preview:-1"},"canonical":"https:\/\/erboristeria-artemisia.ch\/de\/produkt\/gruener-tee-mit-rhabarber-80g\/","og_locale":"de_DE","og_type":"article","og_title":"Gr\u00fcner Tee mit Rhabarber 80g - Erboristeria Artemisia","og_description":"\ud83c\udf43 Gr\u00fcner Tee Rhabarber &#8211; 80 gEin raffiniertes Zusammentreffen von S\u00fc\u00dfe und leicht s\u00e4uerlichen Noten.Der gr\u00fcne Tee verstr\u00f6mt ein frisches, samtiges Aroma, das durch den lebendigen Charakter von Rhabarber und die Zartheit vonwei\u00dfem Hibiskus noch verst\u00e4rkt wird.Sanfte Akzente von Karamell, Kakao und ein Hauch von Milchpulver umh\u00fcllen den Gaumen, w\u00e4hrend ein Hauch von Paprika f\u00fcreinen [&hellip;]","og_url":"https:\/\/erboristeria-artemisia.ch\/de\/produkt\/gruener-tee-mit-rhabarber-80g\/","og_site_name":"Erboristeria Artemisia","article_modified_time":"2025-09-26T18:42:13+00:00","twitter_card":"summary_large_image","schema":{"@context":"https:\/\/schema.org","@graph":[{"@type":"WebPage","@id":"https:\/\/erboristeria-artemisia.ch\/de\/produkt\/gruener-tee-mit-rhabarber-80g\/","url":"https:\/\/erboristeria-artemisia.ch\/de\/produkt\/gruener-tee-mit-rhabarber-80g\/","name":"Gr\u00fcner Tee mit Rhabarber 80g - Erboristeria Artemisia","isPartOf":{"@id":"https:\/\/erboristeria-artemisia.ch\/de\/#website"},"primaryImageOfPage":{"@id":"https:\/\/erboristeria-artemisia.ch\/de\/produkt\/gruener-tee-mit-rhabarber-80g\/#primaryimage"},"image":{"@id":"https:\/\/erboristeria-artemisia.ch\/de\/produkt\/gruener-tee-mit-rhabarber-80g\/#primaryimage"},"thumbnailUrl":"https:\/\/erboristeria-artemisia.ch\/wp-content\/uploads\/2025\/09\/ChatGPT-Image-4-feb-2026-19_44_47.png","datePublished":"2025-09-26T18:41:01+00:00","dateModified":"2025-09-26T18:42:13+00:00","breadcrumb":{"@id":"https:\/\/erboristeria-artemisia.ch\/de\/produkt\/gruener-tee-mit-rhabarber-80g\/#breadcrumb"},"inLanguage":"de","potentialAction":[{"@type":"ReadAction","target":["https:\/\/erboristeria-artemisia.ch\/de\/produkt\/gruener-tee-mit-rhabarber-80g\/"]}]},{"@type":"ImageObject","inLanguage":"de","@id":"https:\/\/erboristeria-artemisia.ch\/de\/produkt\/gruener-tee-mit-rhabarber-80g\/#primaryimage","url":"https:\/\/erboristeria-artemisia.ch\/wp-content\/uploads\/2025\/09\/ChatGPT-Image-4-feb-2026-19_44_47.png","contentUrl":"https:\/\/erboristeria-artemisia.ch\/wp-content\/uploads\/2025\/09\/ChatGPT-Image-4-feb-2026-19_44_47.png","width":1024,"height":1024},{"@type":"BreadcrumbList","@id":"https:\/\/erboristeria-artemisia.ch\/de\/produkt\/gruener-tee-mit-rhabarber-80g\/#breadcrumb","itemListElement":[{"@type":"ListItem","position":1,"name":"Home","item":"https:\/\/erboristeria-artemisia.ch\/de\/startseite\/"},{"@type":"ListItem","position":2,"name":"Shop4","item":"https:\/\/erboristeria-artemisia.ch\/shop4\/"},{"@type":"ListItem","position":3,"name":"Gr\u00fcner Tee mit Rhabarber 80g"}]},{"@type":"WebSite","@id":"https:\/\/erboristeria-artemisia.ch\/de\/#website","url":"https:\/\/erboristeria-artemisia.ch\/de\/","name":"Erboristeria Artemisia","description":"Ogni sorso \u00e8 un momento per te","potentialAction":[{"@type":"SearchAction","target":{"@type":"EntryPoint","urlTemplate":"https:\/\/erboristeria-artemisia.ch\/de\/?s={search_term_string}"},"query-input":{"@type":"PropertyValueSpecification","valueRequired":true,"valueName":"search_term_string"}}],"inLanguage":"de"}]}},"_links":{"self":[{"href":"https:\/\/erboristeria-artemisia.ch\/de\/wp-json\/wp\/v2\/product\/30999","targetHints":{"allow":["GET"]}}],"collection":[{"href":"https:\/\/erboristeria-artemisia.ch\/de\/wp-json\/wp\/v2\/product"}],"about":[{"href":"https:\/\/erboristeria-artemisia.ch\/de\/wp-json\/wp\/v2\/types\/product"}],"wp:featuredmedia":[{"embeddable":true,"href":"https:\/\/erboristeria-artemisia.ch\/de\/wp-json\/wp\/v2\/media\/31842"}],"wp:attachment":[{"href":"https:\/\/erboristeria-artemisia.ch\/de\/wp-json\/wp\/v2\/media?parent=30999"}],"wp:term":[{"taxonomy":"product_brand","embeddable":true,"href":"https:\/\/erboristeria-artemisia.ch\/de\/wp-json\/wp\/v2\/product_brand?post=30999"},{"taxonomy":"product_cat","embeddable":true,"href":"https:\/\/erboristeria-artemisia.ch\/de\/wp-json\/wp\/v2\/product_cat?post=30999"},{"taxonomy":"product_tag","embeddable":true,"href":"https:\/\/erboristeria-artemisia.ch\/de\/wp-json\/wp\/v2\/product_tag?post=30999"}],"curies":[{"name":"wp","href":"https:\/\/api.w.org\/{rel}","templated":true}]}}